{"id":807,"date":"2019-10-10T09:43:05","date_gmt":"2019-10-10T06:43:05","guid":{"rendered":"http:\/\/hslgroup.fi\/?page_id=807"},"modified":"2022-03-18T15:05:00","modified_gmt":"2022-03-18T13:05:00","slug":"k-campus-helsinki","status":"publish","type":"page","link":"https:\/\/en.hslgroup.fi\/en\/portfolio\/k-campus-helsinki\/","title":{"rendered":"K-Kampus Helsinki"},"content":{"rendered":"\n[et_pb_section admin_label=&#8221;section&#8221;][et_pb_row admin_label=&#8221;Rivi&#8221;][et_pb_column type=&#8221;4_4&#8243;][et_pb_text admin_label=&#8221;Teksti&#8221; background_layout=&#8221;light&#8221; text_orientation=&#8221;left&#8221; use_border_color=&#8221;off&#8221; border_color=&#8221;#ffffff&#8221; border_style=&#8221;solid&#8221;]\r\n<h1>K-ryhm\u00e4n uusi p\u00e4\u00e4toimitalo K-Kampus<\/h1>\r\n[\/et_pb_text][\/et_pb_column][\/et_pb_row][et_pb_row admin_label=&#8221;Rivi&#8221;][et_pb_column type=&#8221;4_4&#8243;][et_pb_image admin_label=&#8221;Kuva&#8221; src=&#8221;https:\/\/en.hslgroup.fi\/wp-content\/uploads\/2019\/10\/K-Kampus-liukulasit-s.jpg&#8221; show_in_lightbox=&#8221;on&#8221; url_new_window=&#8221;off&#8221; use_overlay=&#8221;off&#8221; animation=&#8221;left&#8221; sticky=&#8221;off&#8221; align=&#8221;left&#8221; force_fullwidth=&#8221;off&#8221; always_center_on_mobile=&#8221;on&#8221; use_border_color=&#8221;off&#8221; border_color=&#8221;#ffffff&#8221; border_style=&#8221;solid&#8221; alt=&#8221;K-Kampus Helsinki&#8221; title_text=&#8221;HSL liukulasit K-Kampus Helsinki&#8221;] [\/et_pb_image][\/et_pb_column][\/et_pb_row][et_pb_row admin_label=&#8221;row&#8221;][et_pb_column type=&#8221;4_4&#8243;][et_pb_text admin_label=&#8221;Teksti&#8221; background_layout=&#8221;light&#8221; text_orientation=&#8221;left&#8221; use_border_color=&#8221;off&#8221; border_color=&#8221;#ffffff&#8221; border_style=&#8221;solid&#8221;]\r\n\r\nHelsingin Kalasatamaan avattiin toukokuussa 2019 K-ryhm\u00e4n uusi p\u00e4\u00e4toimitalo K-Kampus. Rakennus sijaitsee aivan Kalasataman metroaseman ja kauppakeskus Redin vieress\u00e4, mik\u00e4 mahdollistaa hyv\u00e4t kulkuyhteydet rakennuksen k\u00e4ytt\u00e4jille ja vierailijoille. Koko korttelin kokoinen talo suurine lasipintoineen on vaikuttava, ja sopii hyvin uuteen kaupunkiymp\u00e4rist\u00f6\u00f6n.\r\n\r\nKest\u00e4v\u00e4\u00e4 rakentamista ja ajatonta designia korostava rakennus k\u00e4sitt\u00e4\u00e4 37 000 neli\u00f6metri\u00e4, ja tarjoaa \u00e4lykk\u00e4\u00e4t sek\u00e4 muuntojoustavat ty\u00f6skentelytilat ja kohtaamispaikan noin 1800 K-ryhm\u00e4n ty\u00f6ntekij\u00e4lle. Talossa on edustettuna kaikki K-ryhm\u00e4n toimialat, ja kampuksen tarkoitus on yhdist\u00e4\u00e4 toimialoja sek\u00e4 luoda vuorovaikutusta eri alojen v\u00e4lille.\r\n\r\n<strong>HSL liukulasij\u00e4rjestelm\u00e4t Kampuksen hiljaisen ty\u00f6skentelyn tiloissa<\/strong>\r\n\r\nK-Kampuksen ty\u00f6tilat tukevat ty\u00f6ntekij\u00f6iden erilaisia tarpeita. Perinteisten toimistohuoneiden tai omien ty\u00f6pisteiden sijaan Kampuksella voi valita sellainen ty\u00f6skentelytilan, jossa kokee oman tekemisen sujuvan parhaiten, ja erilaisia ty\u00f6skentelyyn sopivia tiloja onkin runsaasti. Avointen tilojen kumppaniksi l\u00f6ytyy noin sata neuvottelutilaa sek\u00e4 erilliset hiljaisen ty\u00f6skentelyn tilat.\r\n\r\nKampuksen hiljaisen ty\u00f6skentelyn tilat on sijoitettu osaksi avoimia ty\u00f6tiloja. HSL Group toimitti n\u00e4ihin vet\u00e4ytymistiloihin \u00e4\u00e4nieristetyt liukulasij\u00e4rjestelm\u00e4t. Hyv\u00e4n \u00e4\u00e4nenerist\u00e4vyytens\u00e4 (37dB) ansiosta liukulasit mahdollistavat keskittymist\u00e4 ja hiljaisuutta vaativan ty\u00f6skentelyn aivan omassa rauhassa, kuitenkin keskell\u00e4 yhteisty\u00f6skentelyyn tarkoitettuja tiloja. Muuhun kokonaisuuteen yhteensopivaksi s\u00e4vytetyt liukulasien puitteet luovat vet\u00e4ytymistiloille n\u00e4ytt\u00e4v\u00e4n ilmeen ja tuovat tiloihin avaruutta p\u00e4\u00e4st\u00e4m\u00e4ll\u00e4 valon kulkemaan esteett\u00e4.\r\n\r\n[\/et_pb_text][\/et_pb_column][\/et_pb_row][et_pb_row admin_label=&#8221;Rivi&#8221;][et_pb_column type=&#8221;4_4&#8243;][et_pb_gallery admin_label=&#8221;Galleria&#8221; gallery_ids=&#8221;812,811,810,809,815,814&#8243; fullwidth=&#8221;off&#8221; show_title_and_caption=&#8221;off&#8221; show_pagination=&#8221;off&#8221; background_layout=&#8221;light&#8221; auto=&#8221;off&#8221; hover_overlay_color=&#8221;rgba(255,255,255,0.9)&#8221; caption_all_caps=&#8221;off&#8221; use_border_color=&#8221;off&#8221; border_color=&#8221;#ffffff&#8221; border_style=&#8221;solid&#8221; posts_number=&#8221;6&#8243;] [\/et_pb_gallery][\/et_pb_column][\/et_pb_row][\/et_pb_section]\n","protected":false},"excerpt":{"rendered":"<p>K-ryhm\u00e4n uusi p\u00e4\u00e4toimitalo K-Kampus Helsingin Kalasatamaan avattiin toukokuussa 2019 K-ryhm\u00e4n uusi p\u00e4\u00e4toimitalo K-Kampus. Rakennus sijaitsee aivan Kalasataman metroaseman ja kauppakeskus Redin vieress\u00e4, mik\u00e4 mahdollistaa hyv\u00e4t kulkuyhteydet rakennuksen k\u00e4ytt\u00e4jille ja vierailijoille. Koko korttelin kokoinen talo suurine lasipintoineen on vaikuttava, ja sopii hyvin uuteen kaupunkiymp\u00e4rist\u00f6\u00f6n. Kest\u00e4v\u00e4\u00e4 rakentamista ja ajatonta designia korostava rakennus k\u00e4sitt\u00e4\u00e4 37 000 neli\u00f6metri\u00e4, ja [&hellip;]<\/p>\n","protected":false},"author":1,"featured_media":0,"parent":52,"menu_order":0,"comment_status":"closed","ping_status":"closed","template":"","meta":{"_et_pb_use_builder":"on","_et_pb_old_content":"","_et_gb_content_width":"","footnotes":""},"class_list":["post-807","page","type-page","status-publish","hentry"],"yoast_head":"<!-- This site is optimized with the Yoast SEO plugin v27.4 - https:\/\/yoast.com\/product\/yoast-seo-wordpress\/ -->\n<title>K-Kampus Helsinki \u00e4\u00e4nieristetyt liukulasij\u00e4rjestelm\u00e4t - HSL Group Oy<\/title>\n<meta name=\"description\" content=\"K-ryhm\u00e4n uusi p\u00e4\u00e4toimitaloon K-kampus helsinkiin toimitettiin vet\u00e4ytymistilojen \u00e4\u00e4nieristetyt liukulasij\u00e4rjestelm\u00e4t\" \/>\n<meta name=\"robots\" content=\"index, follow, max-snippet:-1, max-image-preview:large, max-video-preview:-1\" \/>\n<link rel=\"canonical\" href=\"https:\/\/en.hslgroup.fi\/en\/portfolio\/k-campus-helsinki\/\" \/>\n<meta property=\"og:locale\" content=\"en_GB\" \/>\n<meta property=\"og:type\" content=\"article\" \/>\n<meta property=\"og:title\" content=\"K-Kampus Helsinki \u00e4\u00e4nieristetyt liukulasij\u00e4rjestelm\u00e4t - HSL Group Oy\" \/>\n<meta property=\"og:description\" content=\"K-ryhm\u00e4n uusi p\u00e4\u00e4toimitaloon K-kampus helsinkiin toimitettiin vet\u00e4ytymistilojen \u00e4\u00e4nieristetyt liukulasij\u00e4rjestelm\u00e4t\" \/>\n<meta property=\"og:url\" content=\"https:\/\/en.hslgroup.fi\/en\/portfolio\/k-campus-helsinki\/\" \/>\n<meta property=\"og:site_name\" content=\"HSL Group Oy\" \/>\n<meta property=\"article:publisher\" content=\"https:\/\/facebook.com\/hslgroupoy\" \/>\n<meta property=\"article:modified_time\" content=\"2022-03-18T13:05:00+00:00\" \/>\n<meta name=\"twitter:card\" content=\"summary_large_image\" \/>\n<meta name=\"twitter:label1\" content=\"Estimated reading time\" \/>\n\t<meta name=\"twitter:data1\" content=\"2 minutes\" \/>\n<script type=\"application\/ld+json\" class=\"yoast-schema-graph\">{\"@context\":\"https:\\\/\\\/schema.org\",\"@graph\":[{\"@type\":\"WebPage\",\"@id\":\"https:\\\/\\\/en.hslgroup.fi\\\/portfolio\\\/k-campus-helsinki\\\/\",\"url\":\"https:\\\/\\\/en.hslgroup.fi\\\/portfolio\\\/k-campus-helsinki\\\/\",\"name\":\"K-Kampus Helsinki \u00e4\u00e4nieristetyt liukulasij\u00e4rjestelm\u00e4t - HSL Group Oy\",\"isPartOf\":{\"@id\":\"https:\\\/\\\/en.hslgroup.fi\\\/en\\\/#website\"},\"datePublished\":\"2019-10-10T06:43:05+00:00\",\"dateModified\":\"2022-03-18T13:05:00+00:00\",\"description\":\"K-ryhm\u00e4n uusi p\u00e4\u00e4toimitaloon K-kampus helsinkiin toimitettiin vet\u00e4ytymistilojen \u00e4\u00e4nieristetyt liukulasij\u00e4rjestelm\u00e4t\",\"breadcrumb\":{\"@id\":\"https:\\\/\\\/en.hslgroup.fi\\\/portfolio\\\/k-campus-helsinki\\\/#breadcrumb\"},\"inLanguage\":\"en-GB\",\"potentialAction\":[{\"@type\":\"ReadAction\",\"target\":[\"https:\\\/\\\/en.hslgroup.fi\\\/portfolio\\\/k-campus-helsinki\\\/\"]}]},{\"@type\":\"BreadcrumbList\",\"@id\":\"https:\\\/\\\/en.hslgroup.fi\\\/portfolio\\\/k-campus-helsinki\\\/#breadcrumb\",\"itemListElement\":[{\"@type\":\"ListItem\",\"position\":1,\"name\":\"Etusivu\",\"item\":\"https:\\\/\\\/en.hslgroup.fi\\\/fi\\\/\"},{\"@type\":\"ListItem\",\"position\":2,\"name\":\"Referenssit\",\"item\":\"https:\\\/\\\/en.hslgroup.fi\\\/portfolio\\\/\"},{\"@type\":\"ListItem\",\"position\":3,\"name\":\"K-Kampus Helsinki\"}]},{\"@type\":\"WebSite\",\"@id\":\"https:\\\/\\\/en.hslgroup.fi\\\/en\\\/#website\",\"url\":\"https:\\\/\\\/en.hslgroup.fi\\\/en\\\/\",\"name\":\"HSL Group Oy\",\"description\":\"J\u00e4rjestelm\u00e4v\u00e4lisein\u00e4t, siirtosein\u00e4t ja minitilaratkaisut\",\"publisher\":{\"@id\":\"https:\\\/\\\/en.hslgroup.fi\\\/en\\\/#organization\"},\"potentialAction\":[{\"@type\":\"SearchAction\",\"target\":{\"@type\":\"EntryPoint\",\"urlTemplate\":\"https:\\\/\\\/en.hslgroup.fi\\\/en\\\/?s={search_term_string}\"},\"query-input\":{\"@type\":\"PropertyValueSpecification\",\"valueRequired\":true,\"valueName\":\"search_term_string\"}}],\"inLanguage\":\"en-GB\"},{\"@type\":\"Organization\",\"@id\":\"https:\\\/\\\/en.hslgroup.fi\\\/en\\\/#organization\",\"name\":\"HSL Group Oy\",\"url\":\"https:\\\/\\\/en.hslgroup.fi\\\/en\\\/\",\"logo\":{\"@type\":\"ImageObject\",\"inLanguage\":\"en-GB\",\"@id\":\"https:\\\/\\\/en.hslgroup.fi\\\/en\\\/#\\\/schema\\\/logo\\\/image\\\/\",\"url\":\"https:\\\/\\\/en.hslgroup.fi\\\/wp-content\\\/uploads\\\/2016\\\/07\\\/hsl_logo.jpg\",\"contentUrl\":\"https:\\\/\\\/en.hslgroup.fi\\\/wp-content\\\/uploads\\\/2016\\\/07\\\/hsl_logo.jpg\",\"width\":125,\"height\":60,\"caption\":\"HSL Group Oy\"},\"image\":{\"@id\":\"https:\\\/\\\/en.hslgroup.fi\\\/en\\\/#\\\/schema\\\/logo\\\/image\\\/\"},\"sameAs\":[\"https:\\\/\\\/facebook.com\\\/hslgroupoy\",\"https:\\\/\\\/linkedin.com\\\/company\\\/hsl-group\"]}]}<\/script>\n<!-- \/ Yoast SEO plugin. -->","yoast_head_json":{"title":"K-campus Helsinki sound insulated sliding glass systems - HSL Group LLC","description":"For K-group's new head office K-campus in Helsinki was delivered the retreating rooms sound insulated sliding glass systems","robots":{"index":"index","follow":"follow","max-snippet":"max-snippet:-1","max-image-preview":"max-image-preview:large","max-video-preview":"max-video-preview:-1"},"canonical":"https:\/\/en.hslgroup.fi\/en\/portfolio\/k-campus-helsinki\/","og_locale":"en_GB","og_type":"article","og_title":"K-Kampus Helsinki \u00e4\u00e4nieristetyt liukulasij\u00e4rjestelm\u00e4t - HSL Group Oy","og_description":"K-ryhm\u00e4n uusi p\u00e4\u00e4toimitaloon K-kampus helsinkiin toimitettiin vet\u00e4ytymistilojen \u00e4\u00e4nieristetyt liukulasij\u00e4rjestelm\u00e4t","og_url":"https:\/\/en.hslgroup.fi\/en\/portfolio\/k-campus-helsinki\/","og_site_name":"HSL Group Oy","article_publisher":"https:\/\/facebook.com\/hslgroupoy","article_modified_time":"2022-03-18T13:05:00+00:00","twitter_card":"summary_large_image","twitter_misc":{"Estimated reading time":"2 minutes"},"schema":{"@context":"https:\/\/schema.org","@graph":[{"@type":"WebPage","@id":"https:\/\/en.hslgroup.fi\/portfolio\/k-campus-helsinki\/","url":"https:\/\/en.hslgroup.fi\/portfolio\/k-campus-helsinki\/","name":"K-campus Helsinki sound insulated sliding glass systems - HSL Group LLC","isPartOf":{"@id":"https:\/\/en.hslgroup.fi\/en\/#website"},"datePublished":"2019-10-10T06:43:05+00:00","dateModified":"2022-03-18T13:05:00+00:00","description":"For K-group's new head office K-campus in Helsinki was delivered the retreating rooms sound insulated sliding glass systems","breadcrumb":{"@id":"https:\/\/en.hslgroup.fi\/portfolio\/k-campus-helsinki\/#breadcrumb"},"inLanguage":"en-GB","potentialAction":[{"@type":"ReadAction","target":["https:\/\/en.hslgroup.fi\/portfolio\/k-campus-helsinki\/"]}]},{"@type":"BreadcrumbList","@id":"https:\/\/en.hslgroup.fi\/portfolio\/k-campus-helsinki\/#breadcrumb","itemListElement":[{"@type":"ListItem","position":1,"name":"Etusivu","item":"https:\/\/en.hslgroup.fi\/fi\/"},{"@type":"ListItem","position":2,"name":"Referenssit","item":"https:\/\/en.hslgroup.fi\/portfolio\/"},{"@type":"ListItem","position":3,"name":"K-Kampus Helsinki"}]},{"@type":"WebSite","@id":"https:\/\/en.hslgroup.fi\/en\/#website","url":"https:\/\/en.hslgroup.fi\/en\/","name":"HSL Group LLC","description":"J\u00e4rjestelm\u00e4v\u00e4lisein\u00e4t, siirtosein\u00e4t ja minitilaratkaisut","publisher":{"@id":"https:\/\/en.hslgroup.fi\/en\/#organization"},"potentialAction":[{"@type":"SearchAction","target":{"@type":"EntryPoint","urlTemplate":"https:\/\/en.hslgroup.fi\/en\/?s={search_term_string}"},"query-input":{"@type":"PropertyValueSpecification","valueRequired":true,"valueName":"search_term_string"}}],"inLanguage":"en-GB"},{"@type":"Organization","@id":"https:\/\/en.hslgroup.fi\/en\/#organization","name":"HSL Group LLC","url":"https:\/\/en.hslgroup.fi\/en\/","logo":{"@type":"ImageObject","inLanguage":"en-GB","@id":"https:\/\/en.hslgroup.fi\/en\/#\/schema\/logo\/image\/","url":"https:\/\/en.hslgroup.fi\/wp-content\/uploads\/2016\/07\/hsl_logo.jpg","contentUrl":"https:\/\/en.hslgroup.fi\/wp-content\/uploads\/2016\/07\/hsl_logo.jpg","width":125,"height":60,"caption":"HSL Group Oy"},"image":{"@id":"https:\/\/en.hslgroup.fi\/en\/#\/schema\/logo\/image\/"},"sameAs":["https:\/\/facebook.com\/hslgroupoy","https:\/\/linkedin.com\/company\/hsl-group"]}]}},"_links":{"self":[{"href":"https:\/\/en.hslgroup.fi\/en\/wp-json\/wp\/v2\/pages\/807","targetHints":{"allow":["GET"]}}],"collection":[{"href":"https:\/\/en.hslgroup.fi\/en\/wp-json\/wp\/v2\/pages"}],"about":[{"href":"https:\/\/en.hslgroup.fi\/en\/wp-json\/wp\/v2\/types\/page"}],"author":[{"embeddable":true,"href":"https:\/\/en.hslgroup.fi\/en\/wp-json\/wp\/v2\/users\/1"}],"replies":[{"embeddable":true,"href":"https:\/\/en.hslgroup.fi\/en\/wp-json\/wp\/v2\/comments?post=807"}],"version-history":[{"count":5,"href":"https:\/\/en.hslgroup.fi\/en\/wp-json\/wp\/v2\/pages\/807\/revisions"}],"predecessor-version":[{"id":2528,"href":"https:\/\/en.hslgroup.fi\/en\/wp-json\/wp\/v2\/pages\/807\/revisions\/2528"}],"up":[{"embeddable":true,"href":"https:\/\/en.hslgroup.fi\/en\/wp-json\/wp\/v2\/pages\/52"}],"wp:attachment":[{"href":"https:\/\/en.hslgroup.fi\/en\/wp-json\/wp\/v2\/media?parent=807"}],"curies":[{"name":"wp","href":"https:\/\/api.w.org\/{rel}","templated":true}]}}