{"id":781,"date":"2019-09-25T13:38:22","date_gmt":"2019-09-25T10:38:22","guid":{"rendered":"http:\/\/hslgroup.fi\/?page_id=781"},"modified":"2022-03-29T10:09:19","modified_gmt":"2022-03-29T07:09:19","slug":"aalto-university-espoo","status":"publish","type":"page","link":"https:\/\/en.hslgroup.fi\/en\/portfolio\/aalto-university-espoo\/","title":{"rendered":"Aalto university Espoo"},"content":{"rendered":"[et_pb_section fb_built=&#8221;1&#8243; admin_label=&#8221;section&#8221; _builder_version=&#8221;4.15&#8243; global_colors_info=&#8221;{}&#8221;][et_pb_row admin_label=&#8221;Rivi&#8221; _builder_version=&#8221;4.15&#8243; background_size=&#8221;initial&#8221; background_position=&#8221;top_left&#8221; background_repeat=&#8221;repeat&#8221; global_colors_info=&#8221;{}&#8221;][et_pb_column type=&#8221;4_4&#8243; _builder_version=&#8221;4.15&#8243; custom_padding=&#8221;|||&#8221; global_colors_info=&#8221;{}&#8221; custom_padding__hover=&#8221;|||&#8221;][et_pb_text admin_label=&#8221;Teksti&#8221; _builder_version=&#8221;4.15&#8243; background_size=&#8221;initial&#8221; background_position=&#8221;top_left&#8221; background_repeat=&#8221;repeat&#8221; use_border_color=&#8221;off&#8221; border_color=&#8221;#ffffff&#8221; border_style=&#8221;solid&#8221; global_colors_info=&#8221;{}&#8221;]\n<h1>Aalto-yliopisto Espoo<\/h1>\n[\/et_pb_text][\/et_pb_column][\/et_pb_row][et_pb_row admin_label=&#8221;Rivi&#8221; _builder_version=&#8221;4.15&#8243; background_size=&#8221;initial&#8221; background_position=&#8221;top_left&#8221; background_repeat=&#8221;repeat&#8221; global_colors_info=&#8221;{}&#8221;][et_pb_column type=&#8221;4_4&#8243; _builder_version=&#8221;4.15&#8243; custom_padding=&#8221;|||&#8221; global_colors_info=&#8221;{}&#8221; custom_padding__hover=&#8221;|||&#8221;][et_pb_image src=&#8221;\/wp-content\/uploads\/2019\/09\/lasisein\u00e4j\u00e4rjestelm\u00e4t-aalto-yliopisto-3.jpg&#8221; alt=&#8221;Aalto yliopisto Espoo&#8221; title_text=&#8221;Aalto yliopisto Espoo&#8221; show_in_lightbox=&#8221;on&#8221; align_tablet=&#8221;center&#8221; align_last_edited=&#8221;on|desktop&#8221; admin_label=&#8221;Kuva&#8221; _builder_version=&#8221;4.15&#8243; animation_style=&#8221;slide&#8221; animation_direction=&#8221;left&#8221; animation_duration=&#8221;500ms&#8221; animation_intensity_slide=&#8221;10%&#8221; use_border_color=&#8221;off&#8221; border_color=&#8221;#ffffff&#8221; border_style=&#8221;solid&#8221; animation=&#8221;left&#8221; sticky=&#8221;off&#8221; always_center_on_mobile=&#8221;on&#8221; global_colors_info=&#8221;{}&#8221; align_phone=&#8221;center&#8221;] [\/et_pb_image][\/et_pb_column][\/et_pb_row][et_pb_row admin_label=&#8221;row&#8221; _builder_version=&#8221;4.15&#8243; background_size=&#8221;initial&#8221; background_position=&#8221;top_left&#8221; background_repeat=&#8221;repeat&#8221; global_colors_info=&#8221;{}&#8221;][et_pb_column type=&#8221;4_4&#8243; _builder_version=&#8221;4.15&#8243; custom_padding=&#8221;|||&#8221; global_colors_info=&#8221;{}&#8221; custom_padding__hover=&#8221;|||&#8221;][et_pb_text admin_label=&#8221;Teksti&#8221; _builder_version=&#8221;4.15.1&#8243; background_size=&#8221;initial&#8221; background_position=&#8221;top_left&#8221; background_repeat=&#8221;repeat&#8221; hover_enabled=&#8221;0&#8243; use_border_color=&#8221;off&#8221; border_color=&#8221;#ffffff&#8221; border_style=&#8221;solid&#8221; global_colors_info=&#8221;{}&#8221; sticky_enabled=&#8221;0&#8243;]\n<p>Espoon Otaniemeen valmistui hiljattain Aalto-yliopistolle uusi rakennuskokonaisuus. Taiteiden ja suunnittelun korkeakoulun k\u00e4ytt\u00f6\u00f6n toteutettiin monik\u00e4ytt\u00f6isi\u00e4 opetus- ja ty\u00f6tiloja ja rakennus k\u00e4sitt\u00e4\u00e4 kaikkiaan nelj\u00e4 kerrosta, yhteens\u00e4 33 000 neli\u00f6metri\u00e4. Uusiin tiloihin muuttavalle Kauppakorkeakoululle rakennettiin puolestaan tiloja l\u00e4hes 9 500 neli\u00f6metri\u00e4.<\/p>\n<p><strong>HSL j\u00e4rjestelm\u00e4v\u00e4liseinill\u00e4 designia ja valoisuutta<\/strong><\/p>\n<p>T\u00e4ss\u00e4 modernia suunnittelua edustavassa kohteessa lasikatosta ja ikkunoista tulviva luonnonvalo on vahvasti l\u00e4sn\u00e4. Valoisuutta on korostettu runsaalla lasiseinien k\u00e4yt\u00f6ll\u00e4, ja p\u00e4\u00e4osa k\u00e4yt\u00e4vien ja avointen yleisten tilojen vastaisista seinist\u00e4 onkin lasia.<\/p>\n<p>HSL Group toimitti kohteeseen <a href=\"\/tuotteet\/puulasiseinat\/\">puulasisein\u00e4j\u00e4rjestelm\u00e4t<\/a> ja niihin liitetyt umpiosat. Talon avoimeen keskustaan sek\u00e4 osaan ty\u00f6skentely- ja opetustiloista toteutettiin \u00e4\u00e4nt\u00e4 erist\u00e4v\u00e4t lasisein\u00e4t valkoiseksi s\u00e4vytetyill\u00e4, valoisuutta korostavilla puitteilla. Osaan tiloista toteutettiin lasisein\u00e4t tyylikk\u00e4\u00e4sti muuhun v\u00e4rimaailmaan yhteensopivilla tammiviilutetuilla lasien puitteilla ja seinien umpiosilla.<\/p>\n<p>Kaikki kohteeseen toimitetut sein\u00e4t ovat \u00e4\u00e4nt\u00e4 erist\u00e4vi\u00e4 (39-44dB) ja takaavat tarvittavan opiskelurauhan sek\u00e4 yksityisyyden tilojen k\u00e4ytt\u00e4jille. Visuaalisesti yhteensopiviksi s\u00e4vytetyill\u00e4 lasij\u00e4rjestelm\u00e4seinill\u00e4, niihin liitetyill\u00e4 umpiosilla ja ovilla toteutettiin todella n\u00e4ytt\u00e4v\u00e4t ja ajattomat tilakokonaisuudet. Moduulirakenteisten j\u00e4rjestelm\u00e4v\u00e4liseinien ansiosta tilojen muuntelu tulevaisuuden tarpeiden mukaan on helppoa ja nopeaa.<\/p>\n[\/et_pb_text][\/et_pb_column][\/et_pb_row][et_pb_row admin_label=&#8221;Rivi&#8221; _builder_version=&#8221;4.15&#8243; background_size=&#8221;initial&#8221; background_position=&#8221;top_left&#8221; background_repeat=&#8221;repeat&#8221; global_colors_info=&#8221;{}&#8221;][et_pb_column type=&#8221;4_4&#8243; _builder_version=&#8221;4.15&#8243; custom_padding=&#8221;|||&#8221; global_colors_info=&#8221;{}&#8221; custom_padding__hover=&#8221;|||&#8221;][et_pb_gallery gallery_ids=&#8221;786,785,784,783,792,791,790,787&#8243; posts_number=&#8221;8&#8243; show_title_and_caption=&#8221;off&#8221; show_pagination=&#8221;off&#8221; admin_label=&#8221;Galleria&#8221; _builder_version=&#8221;4.15&#8243; use_border_color=&#8221;off&#8221; border_color=&#8221;#ffffff&#8221; border_style=&#8221;solid&#8221; global_colors_info=&#8221;{}&#8221;] [\/et_pb_gallery][\/et_pb_column][\/et_pb_row][\/et_pb_section]\n","protected":false},"excerpt":{"rendered":"<p>Aalto-yliopisto Espoo Espoon Otaniemeen valmistui hiljattain Aalto-yliopistolle uusi rakennuskokonaisuus. Taiteiden ja suunnittelun korkeakoulun k\u00e4ytt\u00f6\u00f6n toteutettiin monik\u00e4ytt\u00f6isi\u00e4 opetus- ja ty\u00f6tiloja ja rakennus k\u00e4sitt\u00e4\u00e4 kaikkiaan nelj\u00e4 kerrosta, yhteens\u00e4 33 000 neli\u00f6metri\u00e4. Uusiin tiloihin muuttavalle Kauppakorkeakoululle rakennettiin puolestaan tiloja l\u00e4hes 9 500 neli\u00f6metri\u00e4. HSL j\u00e4rjestelm\u00e4v\u00e4liseinill\u00e4 designia ja valoisuutta T\u00e4ss\u00e4 modernia suunnittelua edustavassa kohteessa lasikatosta ja ikkunoista tulviva luonnonvalo [&hellip;]<\/p>\n","protected":false},"author":1,"featured_media":0,"parent":52,"menu_order":0,"comment_status":"closed","ping_status":"closed","template":"","meta":{"_et_pb_use_builder":"on","_et_pb_old_content":"","_et_gb_content_width":"","footnotes":""},"class_list":["post-781","page","type-page","status-publish","hentry"],"yoast_head":"<!-- This site is optimized with the Yoast SEO plugin v27.4 - https:\/\/yoast.com\/product\/yoast-seo-wordpress\/ -->\n<title>Aalto yliopisto Espoo puulasiseinill\u00e4 designia ja valoisuutta - HSL Group Oy<\/title>\n<meta name=\"description\" content=\"Aalto Yliopistolle Espooseen luotiin puulasiseinill\u00e4 designia ja valoisuutta korostavat tilat. J\u00e4rjestelm\u00e4v\u00e4liseinien ansiosta tilat ovat muunneltavissa\" \/>\n<meta name=\"robots\" content=\"index, follow, max-snippet:-1, max-image-preview:large, max-video-preview:-1\" \/>\n<link rel=\"canonical\" href=\"https:\/\/en.hslgroup.fi\/en\/portfolio\/aalto-university-espoo\/\" \/>\n<meta property=\"og:locale\" content=\"en_GB\" \/>\n<meta property=\"og:type\" content=\"article\" \/>\n<meta property=\"og:title\" content=\"Aalto yliopisto Espoo puulasiseinill\u00e4 designia ja valoisuutta - HSL Group Oy\" \/>\n<meta property=\"og:description\" content=\"Aalto Yliopistolle Espooseen luotiin puulasiseinill\u00e4 designia ja valoisuutta korostavat tilat. J\u00e4rjestelm\u00e4v\u00e4liseinien ansiosta tilat ovat muunneltavissa\" \/>\n<meta property=\"og:url\" content=\"https:\/\/en.hslgroup.fi\/en\/portfolio\/aalto-university-espoo\/\" \/>\n<meta property=\"og:site_name\" content=\"HSL Group Oy\" \/>\n<meta property=\"article:publisher\" content=\"https:\/\/facebook.com\/hslgroupoy\" \/>\n<meta property=\"article:modified_time\" content=\"2022-03-29T07:09:19+00:00\" \/>\n<meta name=\"twitter:card\" content=\"summary_large_image\" \/>\n<meta name=\"twitter:label1\" content=\"Estimated reading time\" \/>\n\t<meta name=\"twitter:data1\" content=\"2 minutes\" \/>\n<script type=\"application\/ld+json\" class=\"yoast-schema-graph\">{\"@context\":\"https:\\\/\\\/schema.org\",\"@graph\":[{\"@type\":\"WebPage\",\"@id\":\"https:\\\/\\\/en.hslgroup.fi\\\/portfolio\\\/aalto-university-espoo\\\/\",\"url\":\"https:\\\/\\\/en.hslgroup.fi\\\/portfolio\\\/aalto-university-espoo\\\/\",\"name\":\"Aalto yliopisto Espoo puulasiseinill\u00e4 designia ja valoisuutta - HSL Group Oy\",\"isPartOf\":{\"@id\":\"https:\\\/\\\/en.hslgroup.fi\\\/en\\\/#website\"},\"datePublished\":\"2019-09-25T10:38:22+00:00\",\"dateModified\":\"2022-03-29T07:09:19+00:00\",\"description\":\"Aalto Yliopistolle Espooseen luotiin puulasiseinill\u00e4 designia ja valoisuutta korostavat tilat. J\u00e4rjestelm\u00e4v\u00e4liseinien ansiosta tilat ovat muunneltavissa\",\"breadcrumb\":{\"@id\":\"https:\\\/\\\/en.hslgroup.fi\\\/portfolio\\\/aalto-university-espoo\\\/#breadcrumb\"},\"inLanguage\":\"en-GB\",\"potentialAction\":[{\"@type\":\"ReadAction\",\"target\":[\"https:\\\/\\\/en.hslgroup.fi\\\/portfolio\\\/aalto-university-espoo\\\/\"]}]},{\"@type\":\"BreadcrumbList\",\"@id\":\"https:\\\/\\\/en.hslgroup.fi\\\/portfolio\\\/aalto-university-espoo\\\/#breadcrumb\",\"itemListElement\":[{\"@type\":\"ListItem\",\"position\":1,\"name\":\"Etusivu\",\"item\":\"https:\\\/\\\/en.hslgroup.fi\\\/fi\\\/\"},{\"@type\":\"ListItem\",\"position\":2,\"name\":\"Referenssit\",\"item\":\"https:\\\/\\\/en.hslgroup.fi\\\/portfolio\\\/\"},{\"@type\":\"ListItem\",\"position\":3,\"name\":\"Aalto yliopisto Espoo\"}]},{\"@type\":\"WebSite\",\"@id\":\"https:\\\/\\\/en.hslgroup.fi\\\/en\\\/#website\",\"url\":\"https:\\\/\\\/en.hslgroup.fi\\\/en\\\/\",\"name\":\"HSL Group Oy\",\"description\":\"J\u00e4rjestelm\u00e4v\u00e4lisein\u00e4t, siirtosein\u00e4t ja minitilaratkaisut\",\"publisher\":{\"@id\":\"https:\\\/\\\/en.hslgroup.fi\\\/en\\\/#organization\"},\"potentialAction\":[{\"@type\":\"SearchAction\",\"target\":{\"@type\":\"EntryPoint\",\"urlTemplate\":\"https:\\\/\\\/en.hslgroup.fi\\\/en\\\/?s={search_term_string}\"},\"query-input\":{\"@type\":\"PropertyValueSpecification\",\"valueRequired\":true,\"valueName\":\"search_term_string\"}}],\"inLanguage\":\"en-GB\"},{\"@type\":\"Organization\",\"@id\":\"https:\\\/\\\/en.hslgroup.fi\\\/en\\\/#organization\",\"name\":\"HSL Group Oy\",\"url\":\"https:\\\/\\\/en.hslgroup.fi\\\/en\\\/\",\"logo\":{\"@type\":\"ImageObject\",\"inLanguage\":\"en-GB\",\"@id\":\"https:\\\/\\\/en.hslgroup.fi\\\/en\\\/#\\\/schema\\\/logo\\\/image\\\/\",\"url\":\"https:\\\/\\\/en.hslgroup.fi\\\/wp-content\\\/uploads\\\/2016\\\/07\\\/hsl_logo.jpg\",\"contentUrl\":\"https:\\\/\\\/en.hslgroup.fi\\\/wp-content\\\/uploads\\\/2016\\\/07\\\/hsl_logo.jpg\",\"width\":125,\"height\":60,\"caption\":\"HSL Group Oy\"},\"image\":{\"@id\":\"https:\\\/\\\/en.hslgroup.fi\\\/en\\\/#\\\/schema\\\/logo\\\/image\\\/\"},\"sameAs\":[\"https:\\\/\\\/facebook.com\\\/hslgroupoy\",\"https:\\\/\\\/linkedin.com\\\/company\\\/hsl-group\"]}]}<\/script>\n<!-- \/ Yoast SEO plugin. -->","yoast_head_json":{"title":"Design and brightness with wood framed glass walls to Aalto University Espoo - HSL Group LLC","description":"For Aalto University Espoo was created design and brightness highlighting spaces with with wood framed glass walls. Because of the partition wall systems the spaces are transformable","robots":{"index":"index","follow":"follow","max-snippet":"max-snippet:-1","max-image-preview":"max-image-preview:large","max-video-preview":"max-video-preview:-1"},"canonical":"https:\/\/en.hslgroup.fi\/en\/portfolio\/aalto-university-espoo\/","og_locale":"en_GB","og_type":"article","og_title":"Aalto yliopisto Espoo puulasiseinill\u00e4 designia ja valoisuutta - HSL Group Oy","og_description":"Aalto Yliopistolle Espooseen luotiin puulasiseinill\u00e4 designia ja valoisuutta korostavat tilat. J\u00e4rjestelm\u00e4v\u00e4liseinien ansiosta tilat ovat muunneltavissa","og_url":"https:\/\/en.hslgroup.fi\/en\/portfolio\/aalto-university-espoo\/","og_site_name":"HSL Group Oy","article_publisher":"https:\/\/facebook.com\/hslgroupoy","article_modified_time":"2022-03-29T07:09:19+00:00","twitter_card":"summary_large_image","twitter_misc":{"Estimated reading time":"2 minutes"},"schema":{"@context":"https:\/\/schema.org","@graph":[{"@type":"WebPage","@id":"https:\/\/en.hslgroup.fi\/portfolio\/aalto-university-espoo\/","url":"https:\/\/en.hslgroup.fi\/portfolio\/aalto-university-espoo\/","name":"Design and brightness with wood framed glass walls to Aalto University Espoo - HSL Group LLC","isPartOf":{"@id":"https:\/\/en.hslgroup.fi\/en\/#website"},"datePublished":"2019-09-25T10:38:22+00:00","dateModified":"2022-03-29T07:09:19+00:00","description":"For Aalto University Espoo was created design and brightness highlighting spaces with with wood framed glass walls. Because of the partition wall systems the spaces are transformable","breadcrumb":{"@id":"https:\/\/en.hslgroup.fi\/portfolio\/aalto-university-espoo\/#breadcrumb"},"inLanguage":"en-GB","potentialAction":[{"@type":"ReadAction","target":["https:\/\/en.hslgroup.fi\/portfolio\/aalto-university-espoo\/"]}]},{"@type":"BreadcrumbList","@id":"https:\/\/en.hslgroup.fi\/portfolio\/aalto-university-espoo\/#breadcrumb","itemListElement":[{"@type":"ListItem","position":1,"name":"Etusivu","item":"https:\/\/en.hslgroup.fi\/fi\/"},{"@type":"ListItem","position":2,"name":"Referenssit","item":"https:\/\/en.hslgroup.fi\/portfolio\/"},{"@type":"ListItem","position":3,"name":"Aalto yliopisto Espoo"}]},{"@type":"WebSite","@id":"https:\/\/en.hslgroup.fi\/en\/#website","url":"https:\/\/en.hslgroup.fi\/en\/","name":"HSL Group LLC","description":"J\u00e4rjestelm\u00e4v\u00e4lisein\u00e4t, siirtosein\u00e4t ja minitilaratkaisut","publisher":{"@id":"https:\/\/en.hslgroup.fi\/en\/#organization"},"potentialAction":[{"@type":"SearchAction","target":{"@type":"EntryPoint","urlTemplate":"https:\/\/en.hslgroup.fi\/en\/?s={search_term_string}"},"query-input":{"@type":"PropertyValueSpecification","valueRequired":true,"valueName":"search_term_string"}}],"inLanguage":"en-GB"},{"@type":"Organization","@id":"https:\/\/en.hslgroup.fi\/en\/#organization","name":"HSL Group LLC","url":"https:\/\/en.hslgroup.fi\/en\/","logo":{"@type":"ImageObject","inLanguage":"en-GB","@id":"https:\/\/en.hslgroup.fi\/en\/#\/schema\/logo\/image\/","url":"https:\/\/en.hslgroup.fi\/wp-content\/uploads\/2016\/07\/hsl_logo.jpg","contentUrl":"https:\/\/en.hslgroup.fi\/wp-content\/uploads\/2016\/07\/hsl_logo.jpg","width":125,"height":60,"caption":"HSL Group Oy"},"image":{"@id":"https:\/\/en.hslgroup.fi\/en\/#\/schema\/logo\/image\/"},"sameAs":["https:\/\/facebook.com\/hslgroupoy","https:\/\/linkedin.com\/company\/hsl-group"]}]}},"_links":{"self":[{"href":"https:\/\/en.hslgroup.fi\/en\/wp-json\/wp\/v2\/pages\/781","targetHints":{"allow":["GET"]}}],"collection":[{"href":"https:\/\/en.hslgroup.fi\/en\/wp-json\/wp\/v2\/pages"}],"about":[{"href":"https:\/\/en.hslgroup.fi\/en\/wp-json\/wp\/v2\/types\/page"}],"author":[{"embeddable":true,"href":"https:\/\/en.hslgroup.fi\/en\/wp-json\/wp\/v2\/users\/1"}],"replies":[{"embeddable":true,"href":"https:\/\/en.hslgroup.fi\/en\/wp-json\/wp\/v2\/comments?post=781"}],"version-history":[{"count":5,"href":"https:\/\/en.hslgroup.fi\/en\/wp-json\/wp\/v2\/pages\/781\/revisions"}],"predecessor-version":[{"id":2558,"href":"https:\/\/en.hslgroup.fi\/en\/wp-json\/wp\/v2\/pages\/781\/revisions\/2558"}],"up":[{"embeddable":true,"href":"https:\/\/en.hslgroup.fi\/en\/wp-json\/wp\/v2\/pages\/52"}],"wp:attachment":[{"href":"https:\/\/en.hslgroup.fi\/en\/wp-json\/wp\/v2\/media?parent=781"}],"curies":[{"name":"wp","href":"https:\/\/api.w.org\/{rel}","templated":true}]}}