{"id":752,"date":"2019-08-27T12:13:06","date_gmt":"2019-08-27T09:13:06","guid":{"rendered":"http:\/\/hslgroup.fi\/?page_id=752"},"modified":"2022-03-30T15:11:43","modified_gmt":"2022-03-30T12:11:43","slug":"separator-factory-helsinki","status":"publish","type":"page","link":"https:\/\/en.hslgroup.fi\/en\/portfolio\/separator-factory-helsinki\/","title":{"rendered":"Separator factory Helsinki"},"content":{"rendered":"[et_pb_section fb_built=&#8221;1&#8243; admin_label=&#8221;section&#8221; _builder_version=&#8221;4.15&#8243; global_colors_info=&#8221;{}&#8221;][et_pb_row admin_label=&#8221;Rivi&#8221; _builder_version=&#8221;4.15&#8243; background_size=&#8221;initial&#8221; background_position=&#8221;top_left&#8221; background_repeat=&#8221;repeat&#8221; global_colors_info=&#8221;{}&#8221;][et_pb_column type=&#8221;4_4&#8243; _builder_version=&#8221;4.15&#8243; custom_padding=&#8221;|||&#8221; global_colors_info=&#8221;{}&#8221; custom_padding__hover=&#8221;|||&#8221;][et_pb_text admin_label=&#8221;Teksti&#8221; _builder_version=&#8221;4.15&#8243; background_size=&#8221;initial&#8221; background_position=&#8221;top_left&#8221; background_repeat=&#8221;repeat&#8221; use_border_color=&#8221;off&#8221; border_color=&#8221;#ffffff&#8221; border_style=&#8221;solid&#8221; global_colors_info=&#8221;{}&#8221;]\n<h1>Separaattoritehdas Helsinki<\/h1>\n[\/et_pb_text][\/et_pb_column][\/et_pb_row][et_pb_row admin_label=&#8221;Rivi&#8221; _builder_version=&#8221;4.15&#8243; background_size=&#8221;initial&#8221; background_position=&#8221;top_left&#8221; background_repeat=&#8221;repeat&#8221; global_colors_info=&#8221;{}&#8221;][et_pb_column type=&#8221;4_4&#8243; _builder_version=&#8221;4.15&#8243; custom_padding=&#8221;|||&#8221; global_colors_info=&#8221;{}&#8221; custom_padding__hover=&#8221;|||&#8221;][et_pb_image src=&#8221;\/wp-content\/uploads\/2019\/08\/separaattoritehdas4.jpg&#8221; alt=&#8221;Separaattoritehdas&#8221; title_text=&#8221;Separaattoritehdas&#8221; show_in_lightbox=&#8221;on&#8221; align_tablet=&#8221;center&#8221; align_last_edited=&#8221;on|desktop&#8221; admin_label=&#8221;Kuva&#8221; _builder_version=&#8221;4.15&#8243; animation_style=&#8221;slide&#8221; animation_direction=&#8221;left&#8221; animation_duration=&#8221;500ms&#8221; animation_intensity_slide=&#8221;10%&#8221; use_border_color=&#8221;off&#8221; border_color=&#8221;#ffffff&#8221; border_style=&#8221;solid&#8221; animation=&#8221;left&#8221; sticky=&#8221;off&#8221; always_center_on_mobile=&#8221;on&#8221; global_colors_info=&#8221;{}&#8221; align_phone=&#8221;center&#8221;] [\/et_pb_image][\/et_pb_column][\/et_pb_row][et_pb_row admin_label=&#8221;row&#8221; _builder_version=&#8221;4.15&#8243; background_size=&#8221;initial&#8221; background_position=&#8221;top_left&#8221; background_repeat=&#8221;repeat&#8221; global_colors_info=&#8221;{}&#8221;][et_pb_column type=&#8221;4_4&#8243; _builder_version=&#8221;4.15&#8243; custom_padding=&#8221;|||&#8221; global_colors_info=&#8221;{}&#8221; custom_padding__hover=&#8221;|||&#8221;][et_pb_text admin_label=&#8221;Teksti&#8221; _builder_version=&#8221;4.15&#8243; background_size=&#8221;initial&#8221; background_position=&#8221;top_left&#8221; background_repeat=&#8221;repeat&#8221; use_border_color=&#8221;off&#8221; border_color=&#8221;#ffffff&#8221; border_style=&#8221;solid&#8221; global_colors_info=&#8221;{}&#8221;]Helsingin Haapaniemenkatu 5:ss\u00e4 sijaitseva, alun perin W\u00e4rtsil\u00e4n separaattoritehtaaksi rakennettu 7350 neli\u00f6metrin talo muutettiin toimisto- ja p\u00e4\u00e4konttorik\u00e4ytt\u00f6\u00f6n jo 1980-luvun alussa. Nykyisin se on S\u00f6rn\u00e4isten rantatien varrella aikoinaan sijainneen suuren tehdaskorttelin ainoa s\u00e4ilytetty rakennus. Suojellun rakennuksen tunnistettavin erityispiirre on S\u00f6rn\u00e4isten rantatien p\u00e4\u00e4dyss\u00e4 sijaitseva komea holvikaarellinen porttik\u00e4yt\u00e4v\u00e4, joka on mahdollistanut junavaunun pys\u00e4k\u00f6innin rakennuksen sis\u00e4\u00e4n.<\/p>\n<p>T\u00e4m\u00e4 historiallinen rakennus sai uuden el\u00e4m\u00e4n, kun se saneerattiin vuorovaikutusta tukevaksi, yhteis\u00f6lliseksi monitoimitilaksi, ja siit\u00e4 kuoriutui uusi luovan alan keidas. Talon saneeraus on suunniteltu tiiviiss\u00e4 yhteisty\u00f6ss\u00e4 nykyisten k\u00e4ytt\u00e4jien kanssa. Tilojen muunneltavuus erilaisiin ty\u00f6tapoihin ja ty\u00f6kulttuurin muuttuminen olivat l\u00e4ht\u00f6kohtana tilojen suunnittelulle.<\/p>\n<p><strong>HSL j\u00e4rjestelm\u00e4v\u00e4lisein\u00e4t tilojen uudistuksessa <\/strong><\/p>\n<p>Modernisoinnissa huomioitiin historiallisen talon henki ja ajan patinaa j\u00e4tettiin tarkoituksella n\u00e4kyviin. Historialliset raamit saivat sis\u00e4lleen modernia tekniikkaa ja hienosti vanhan kanssa yhteensopivia nykyaikaisia rakenteita. Erillisten ty\u00f6huoneiden ja koulutus- sek\u00e4 kokoustilojen v\u00e4lisein\u00e4t toteutettiin HSL Groupin j\u00e4rjestelm\u00e4v\u00e4liseinill\u00e4 ja niihin liitetyill\u00e4 ovien s\u00e4hk\u00f6pielill\u00e4 sek\u00e4 ovilla.<\/p>\n<p>V\u00e4lisein\u00e4t ovat p\u00e4\u00e4osin lasia jolla mahdollistettiin luonnonvalolle esteet\u00f6n kulku tilojen l\u00e4pi sek\u00e4 korostettiin tilojen yhteis\u00f6llisyytt\u00e4.\u00a0Kohteessa k\u00e4ytettiin alumiini- ja puulasiseini\u00e4, joilla toteutettiin n\u00e4ytt\u00e4vi\u00e4 ja visuaalisesti yhteensopivia tilakokonaisuuksia. Erillistilojen ovien yhteyteen toteutettiin valkolakatut kuusiviilutetut umpiosat, joihin on sijoitettu k\u00e4yt\u00e4v\u00e4lle p\u00e4in loistavat valaisimet. Oviksi valittiin puuovet yhteensopivalla kuusiviilupinnalla.<\/p>\n<p>Yli 100-vuotias teollisuustila muuntui saneerauksessa moderniksi monitilatoimistoksi, ja moduulirakenteisten j\u00e4rjestelm\u00e4v\u00e4liseinien ansiosta tiloja on helppo muunnella tulevaisuuden tarpeiden mukaan. Tilojen uudet vuokralaiset saivat tilat k\u00e4ytt\u00f6\u00f6n kes\u00e4ll\u00e4 2019.<br \/>\n[\/et_pb_text][\/et_pb_column][\/et_pb_row][et_pb_row admin_label=&#8221;Rivi&#8221; _builder_version=&#8221;4.15&#8243; background_size=&#8221;initial&#8221; background_position=&#8221;top_left&#8221; background_repeat=&#8221;repeat&#8221; global_colors_info=&#8221;{}&#8221;][et_pb_column type=&#8221;4_4&#8243; _builder_version=&#8221;4.15&#8243; custom_padding=&#8221;|||&#8221; global_colors_info=&#8221;{}&#8221; custom_padding__hover=&#8221;|||&#8221;][et_pb_gallery gallery_ids=&#8221;758,759,760,761&#8243; posts_number=&#8221;6&#8243; show_title_and_caption=&#8221;off&#8221; show_pagination=&#8221;off&#8221; admin_label=&#8221;Galleria&#8221; _builder_version=&#8221;4.15&#8243; use_border_color=&#8221;off&#8221; border_color=&#8221;#ffffff&#8221; border_style=&#8221;solid&#8221; global_colors_info=&#8221;{}&#8221;] [\/et_pb_gallery][\/et_pb_column][\/et_pb_row][\/et_pb_section]\n","protected":false},"excerpt":{"rendered":"<p>Separaattoritehdas Helsinki Helsingin Haapaniemenkatu 5:ss\u00e4 sijaitseva, alun perin W\u00e4rtsil\u00e4n separaattoritehtaaksi rakennettu 7350 neli\u00f6metrin talo muutettiin toimisto- ja p\u00e4\u00e4konttorik\u00e4ytt\u00f6\u00f6n jo 1980-luvun alussa. Nykyisin se on S\u00f6rn\u00e4isten rantatien varrella aikoinaan sijainneen suuren tehdaskorttelin ainoa s\u00e4ilytetty rakennus. Suojellun rakennuksen tunnistettavin erityispiirre on S\u00f6rn\u00e4isten rantatien p\u00e4\u00e4dyss\u00e4 sijaitseva komea holvikaarellinen porttik\u00e4yt\u00e4v\u00e4, joka on mahdollistanut junavaunun pys\u00e4k\u00f6innin rakennuksen sis\u00e4\u00e4n. T\u00e4m\u00e4 historiallinen [&hellip;]<\/p>\n","protected":false},"author":1,"featured_media":0,"parent":52,"menu_order":0,"comment_status":"closed","ping_status":"closed","template":"","meta":{"_et_pb_use_builder":"on","_et_pb_old_content":"","_et_gb_content_width":"","footnotes":""},"class_list":["post-752","page","type-page","status-publish","hentry"],"yoast_head":"<!-- This site is optimized with the Yoast SEO plugin v27.4 - https:\/\/yoast.com\/product\/yoast-seo-wordpress\/ -->\n<title>Separaattoritehdas Helsinki j\u00e4rjestelm\u00e4v\u00e4lisein\u00e4t - HSL Group Oy<\/title>\n<meta name=\"description\" content=\"Separaattoritehtaan ty\u00f6huoneiden ja koulutus- sek\u00e4 kokoustilojen v\u00e4lisein\u00e4t toteutettiin muuntojoustavilla j\u00e4rjestelm\u00e4v\u00e4liseinill\u00e4\" \/>\n<meta name=\"robots\" content=\"index, follow, max-snippet:-1, max-image-preview:large, max-video-preview:-1\" \/>\n<link rel=\"canonical\" href=\"https:\/\/en.hslgroup.fi\/en\/portfolio\/separator-factory-helsinki\/\" \/>\n<meta property=\"og:locale\" content=\"en_GB\" \/>\n<meta property=\"og:type\" content=\"article\" \/>\n<meta property=\"og:title\" content=\"Separaattoritehdas Helsinki j\u00e4rjestelm\u00e4v\u00e4lisein\u00e4t - HSL Group Oy\" \/>\n<meta property=\"og:description\" content=\"Separaattoritehtaan ty\u00f6huoneiden ja koulutus- sek\u00e4 kokoustilojen v\u00e4lisein\u00e4t toteutettiin muuntojoustavilla j\u00e4rjestelm\u00e4v\u00e4liseinill\u00e4\" \/>\n<meta property=\"og:url\" content=\"https:\/\/en.hslgroup.fi\/en\/portfolio\/separator-factory-helsinki\/\" \/>\n<meta property=\"og:site_name\" content=\"HSL Group Oy\" \/>\n<meta property=\"article:publisher\" content=\"https:\/\/facebook.com\/hslgroupoy\" \/>\n<meta property=\"article:modified_time\" content=\"2022-03-30T12:11:43+00:00\" \/>\n<meta name=\"twitter:card\" content=\"summary_large_image\" \/>\n<meta name=\"twitter:label1\" content=\"Estimated reading time\" \/>\n\t<meta name=\"twitter:data1\" content=\"2 minutes\" \/>\n<script type=\"application\/ld+json\" class=\"yoast-schema-graph\">{\"@context\":\"https:\\\/\\\/schema.org\",\"@graph\":[{\"@type\":\"WebPage\",\"@id\":\"https:\\\/\\\/en.hslgroup.fi\\\/portfolio\\\/separator-factory-helsinki\\\/\",\"url\":\"https:\\\/\\\/en.hslgroup.fi\\\/portfolio\\\/separator-factory-helsinki\\\/\",\"name\":\"Separaattoritehdas Helsinki j\u00e4rjestelm\u00e4v\u00e4lisein\u00e4t - HSL Group Oy\",\"isPartOf\":{\"@id\":\"https:\\\/\\\/en.hslgroup.fi\\\/en\\\/#website\"},\"datePublished\":\"2019-08-27T09:13:06+00:00\",\"dateModified\":\"2022-03-30T12:11:43+00:00\",\"description\":\"Separaattoritehtaan ty\u00f6huoneiden ja koulutus- sek\u00e4 kokoustilojen v\u00e4lisein\u00e4t toteutettiin muuntojoustavilla j\u00e4rjestelm\u00e4v\u00e4liseinill\u00e4\",\"breadcrumb\":{\"@id\":\"https:\\\/\\\/en.hslgroup.fi\\\/portfolio\\\/separator-factory-helsinki\\\/#breadcrumb\"},\"inLanguage\":\"en-GB\",\"potentialAction\":[{\"@type\":\"ReadAction\",\"target\":[\"https:\\\/\\\/en.hslgroup.fi\\\/portfolio\\\/separator-factory-helsinki\\\/\"]}]},{\"@type\":\"BreadcrumbList\",\"@id\":\"https:\\\/\\\/en.hslgroup.fi\\\/portfolio\\\/separator-factory-helsinki\\\/#breadcrumb\",\"itemListElement\":[{\"@type\":\"ListItem\",\"position\":1,\"name\":\"Etusivu\",\"item\":\"https:\\\/\\\/en.hslgroup.fi\\\/fi\\\/\"},{\"@type\":\"ListItem\",\"position\":2,\"name\":\"Referenssit\",\"item\":\"https:\\\/\\\/en.hslgroup.fi\\\/portfolio\\\/\"},{\"@type\":\"ListItem\",\"position\":3,\"name\":\"Separaattoritehdas Helsinki\"}]},{\"@type\":\"WebSite\",\"@id\":\"https:\\\/\\\/en.hslgroup.fi\\\/en\\\/#website\",\"url\":\"https:\\\/\\\/en.hslgroup.fi\\\/en\\\/\",\"name\":\"HSL Group Oy\",\"description\":\"J\u00e4rjestelm\u00e4v\u00e4lisein\u00e4t, siirtosein\u00e4t ja minitilaratkaisut\",\"publisher\":{\"@id\":\"https:\\\/\\\/en.hslgroup.fi\\\/en\\\/#organization\"},\"potentialAction\":[{\"@type\":\"SearchAction\",\"target\":{\"@type\":\"EntryPoint\",\"urlTemplate\":\"https:\\\/\\\/en.hslgroup.fi\\\/en\\\/?s={search_term_string}\"},\"query-input\":{\"@type\":\"PropertyValueSpecification\",\"valueRequired\":true,\"valueName\":\"search_term_string\"}}],\"inLanguage\":\"en-GB\"},{\"@type\":\"Organization\",\"@id\":\"https:\\\/\\\/en.hslgroup.fi\\\/en\\\/#organization\",\"name\":\"HSL Group Oy\",\"url\":\"https:\\\/\\\/en.hslgroup.fi\\\/en\\\/\",\"logo\":{\"@type\":\"ImageObject\",\"inLanguage\":\"en-GB\",\"@id\":\"https:\\\/\\\/en.hslgroup.fi\\\/en\\\/#\\\/schema\\\/logo\\\/image\\\/\",\"url\":\"https:\\\/\\\/en.hslgroup.fi\\\/wp-content\\\/uploads\\\/2016\\\/07\\\/hsl_logo.jpg\",\"contentUrl\":\"https:\\\/\\\/en.hslgroup.fi\\\/wp-content\\\/uploads\\\/2016\\\/07\\\/hsl_logo.jpg\",\"width\":125,\"height\":60,\"caption\":\"HSL Group Oy\"},\"image\":{\"@id\":\"https:\\\/\\\/en.hslgroup.fi\\\/en\\\/#\\\/schema\\\/logo\\\/image\\\/\"},\"sameAs\":[\"https:\\\/\\\/facebook.com\\\/hslgroupoy\",\"https:\\\/\\\/linkedin.com\\\/company\\\/hsl-group\"]}]}<\/script>\n<!-- \/ Yoast SEO plugin. -->","yoast_head_json":{"title":"Separator factory Helsinki partition wall systems - HSL Group LLC","description":"Separator factory's work rooms and education- and meeting rooms partition walls were implemented with transformation flexible partition wall systems","robots":{"index":"index","follow":"follow","max-snippet":"max-snippet:-1","max-image-preview":"max-image-preview:large","max-video-preview":"max-video-preview:-1"},"canonical":"https:\/\/en.hslgroup.fi\/en\/portfolio\/separator-factory-helsinki\/","og_locale":"en_GB","og_type":"article","og_title":"Separaattoritehdas Helsinki j\u00e4rjestelm\u00e4v\u00e4lisein\u00e4t - HSL Group Oy","og_description":"Separaattoritehtaan ty\u00f6huoneiden ja koulutus- sek\u00e4 kokoustilojen v\u00e4lisein\u00e4t toteutettiin muuntojoustavilla j\u00e4rjestelm\u00e4v\u00e4liseinill\u00e4","og_url":"https:\/\/en.hslgroup.fi\/en\/portfolio\/separator-factory-helsinki\/","og_site_name":"HSL Group Oy","article_publisher":"https:\/\/facebook.com\/hslgroupoy","article_modified_time":"2022-03-30T12:11:43+00:00","twitter_card":"summary_large_image","twitter_misc":{"Estimated reading time":"2 minutes"},"schema":{"@context":"https:\/\/schema.org","@graph":[{"@type":"WebPage","@id":"https:\/\/en.hslgroup.fi\/portfolio\/separator-factory-helsinki\/","url":"https:\/\/en.hslgroup.fi\/portfolio\/separator-factory-helsinki\/","name":"Separator factory Helsinki partition wall systems - HSL Group LLC","isPartOf":{"@id":"https:\/\/en.hslgroup.fi\/en\/#website"},"datePublished":"2019-08-27T09:13:06+00:00","dateModified":"2022-03-30T12:11:43+00:00","description":"Separator factory's work rooms and education- and meeting rooms partition walls were implemented with transformation flexible partition wall systems","breadcrumb":{"@id":"https:\/\/en.hslgroup.fi\/portfolio\/separator-factory-helsinki\/#breadcrumb"},"inLanguage":"en-GB","potentialAction":[{"@type":"ReadAction","target":["https:\/\/en.hslgroup.fi\/portfolio\/separator-factory-helsinki\/"]}]},{"@type":"BreadcrumbList","@id":"https:\/\/en.hslgroup.fi\/portfolio\/separator-factory-helsinki\/#breadcrumb","itemListElement":[{"@type":"ListItem","position":1,"name":"Etusivu","item":"https:\/\/en.hslgroup.fi\/fi\/"},{"@type":"ListItem","position":2,"name":"Referenssit","item":"https:\/\/en.hslgroup.fi\/portfolio\/"},{"@type":"ListItem","position":3,"name":"Separaattoritehdas Helsinki"}]},{"@type":"WebSite","@id":"https:\/\/en.hslgroup.fi\/en\/#website","url":"https:\/\/en.hslgroup.fi\/en\/","name":"HSL Group LLC","description":"J\u00e4rjestelm\u00e4v\u00e4lisein\u00e4t, siirtosein\u00e4t ja minitilaratkaisut","publisher":{"@id":"https:\/\/en.hslgroup.fi\/en\/#organization"},"potentialAction":[{"@type":"SearchAction","target":{"@type":"EntryPoint","urlTemplate":"https:\/\/en.hslgroup.fi\/en\/?s={search_term_string}"},"query-input":{"@type":"PropertyValueSpecification","valueRequired":true,"valueName":"search_term_string"}}],"inLanguage":"en-GB"},{"@type":"Organization","@id":"https:\/\/en.hslgroup.fi\/en\/#organization","name":"HSL Group LLC","url":"https:\/\/en.hslgroup.fi\/en\/","logo":{"@type":"ImageObject","inLanguage":"en-GB","@id":"https:\/\/en.hslgroup.fi\/en\/#\/schema\/logo\/image\/","url":"https:\/\/en.hslgroup.fi\/wp-content\/uploads\/2016\/07\/hsl_logo.jpg","contentUrl":"https:\/\/en.hslgroup.fi\/wp-content\/uploads\/2016\/07\/hsl_logo.jpg","width":125,"height":60,"caption":"HSL Group Oy"},"image":{"@id":"https:\/\/en.hslgroup.fi\/en\/#\/schema\/logo\/image\/"},"sameAs":["https:\/\/facebook.com\/hslgroupoy","https:\/\/linkedin.com\/company\/hsl-group"]}]}},"_links":{"self":[{"href":"https:\/\/en.hslgroup.fi\/en\/wp-json\/wp\/v2\/pages\/752","targetHints":{"allow":["GET"]}}],"collection":[{"href":"https:\/\/en.hslgroup.fi\/en\/wp-json\/wp\/v2\/pages"}],"about":[{"href":"https:\/\/en.hslgroup.fi\/en\/wp-json\/wp\/v2\/types\/page"}],"author":[{"embeddable":true,"href":"https:\/\/en.hslgroup.fi\/en\/wp-json\/wp\/v2\/users\/1"}],"replies":[{"embeddable":true,"href":"https:\/\/en.hslgroup.fi\/en\/wp-json\/wp\/v2\/comments?post=752"}],"version-history":[{"count":5,"href":"https:\/\/en.hslgroup.fi\/en\/wp-json\/wp\/v2\/pages\/752\/revisions"}],"predecessor-version":[{"id":2568,"href":"https:\/\/en.hslgroup.fi\/en\/wp-json\/wp\/v2\/pages\/752\/revisions\/2568"}],"up":[{"embeddable":true,"href":"https:\/\/en.hslgroup.fi\/en\/wp-json\/wp\/v2\/pages\/52"}],"wp:attachment":[{"href":"https:\/\/en.hslgroup.fi\/en\/wp-json\/wp\/v2\/media?parent=752"}],"curies":[{"name":"wp","href":"https:\/\/api.w.org\/{rel}","templated":true}]}}