{"id":718,"date":"2019-08-14T09:10:55","date_gmt":"2019-08-14T06:10:55","guid":{"rendered":"http:\/\/hslgroup.fi\/?page_id=718"},"modified":"2022-03-29T10:30:02","modified_gmt":"2022-03-29T07:30:02","slug":"lahti-city-hospital","status":"publish","type":"page","link":"https:\/\/en.hslgroup.fi\/en\/portfolio\/lahti-city-hospital\/","title":{"rendered":"Lahti city hospital"},"content":{"rendered":"[et_pb_section fb_built=&#8221;1&#8243; admin_label=&#8221;section&#8221; _builder_version=&#8221;4.15&#8243; global_colors_info=&#8221;{}&#8221;][et_pb_row admin_label=&#8221;Rivi&#8221; _builder_version=&#8221;4.15&#8243; background_size=&#8221;initial&#8221; background_position=&#8221;top_left&#8221; background_repeat=&#8221;repeat&#8221; global_colors_info=&#8221;{}&#8221;][et_pb_column type=&#8221;4_4&#8243; _builder_version=&#8221;4.15&#8243; custom_padding=&#8221;|||&#8221; global_colors_info=&#8221;{}&#8221; custom_padding__hover=&#8221;|||&#8221;][et_pb_text admin_label=&#8221;Teksti&#8221; _builder_version=&#8221;4.15&#8243; background_size=&#8221;initial&#8221; background_position=&#8221;top_left&#8221; background_repeat=&#8221;repeat&#8221; use_border_color=&#8221;off&#8221; border_color=&#8221;#ffffff&#8221; border_style=&#8221;solid&#8221; global_colors_info=&#8221;{}&#8221;]\n<h1>Lahden kaupunginsairaala<\/h1>\n[\/et_pb_text][\/et_pb_column][\/et_pb_row][et_pb_row admin_label=&#8221;Rivi&#8221; _builder_version=&#8221;4.15&#8243; background_size=&#8221;initial&#8221; background_position=&#8221;top_left&#8221; background_repeat=&#8221;repeat&#8221; global_colors_info=&#8221;{}&#8221;][et_pb_column type=&#8221;4_4&#8243; _builder_version=&#8221;4.15&#8243; custom_padding=&#8221;|||&#8221; global_colors_info=&#8221;{}&#8221; custom_padding__hover=&#8221;|||&#8221;][et_pb_image src=&#8221;https:\/\/en.hslgroup.fi\/wp-content\/uploads\/2019\/08\/lahden-kaupunginsairaala.png&#8221; alt=&#8221;Lahden kaupunginsairaala&#8221; title_text=&#8221;Liikekeskus Centre&#8221; show_in_lightbox=&#8221;on&#8221; align_tablet=&#8221;center&#8221; align_last_edited=&#8221;on|desktop&#8221; admin_label=&#8221;Kuva&#8221; _builder_version=&#8221;4.15&#8243; animation_style=&#8221;slide&#8221; animation_direction=&#8221;left&#8221; animation_duration=&#8221;500ms&#8221; animation_intensity_slide=&#8221;10%&#8221; use_border_color=&#8221;off&#8221; border_color=&#8221;#ffffff&#8221; border_style=&#8221;solid&#8221; animation=&#8221;left&#8221; sticky=&#8221;off&#8221; always_center_on_mobile=&#8221;on&#8221; global_colors_info=&#8221;{}&#8221; align_phone=&#8221;center&#8221;] [\/et_pb_image][\/et_pb_column][\/et_pb_row][et_pb_row admin_label=&#8221;row&#8221; _builder_version=&#8221;4.15&#8243; background_size=&#8221;initial&#8221; background_position=&#8221;top_left&#8221; background_repeat=&#8221;repeat&#8221; global_colors_info=&#8221;{}&#8221;][et_pb_column type=&#8221;4_4&#8243; _builder_version=&#8221;4.15&#8243; custom_padding=&#8221;|||&#8221; global_colors_info=&#8221;{}&#8221; custom_padding__hover=&#8221;|||&#8221;][et_pb_text admin_label=&#8221;Teksti&#8221; _builder_version=&#8221;4.15.1&#8243; background_size=&#8221;initial&#8221; background_position=&#8221;top_left&#8221; background_repeat=&#8221;repeat&#8221; hover_enabled=&#8221;0&#8243; use_border_color=&#8221;off&#8221; border_color=&#8221;#ffffff&#8221; border_style=&#8221;solid&#8221; global_colors_info=&#8221;{}&#8221; sticky_enabled=&#8221;0&#8243;]\n<p>Aivan Lahden keskustassa sijaitseva Lahden kaupunginsairaala on k\u00e4ynyt l\u00e4pi t\u00e4ydellisen uudistuksen. Suuri rakennus peruskorjattiin t\u00e4ysin kahdessa vaiheessa. Samalla se muuttui Lahden p\u00e4\u00e4terveysasemaksi, joka keskittyy jatkossa avovastaanottotoimintaan ja kuntoutukseen.<\/p>\n<p>Uudistuksessa rakennuksen sis\u00e4tilojen ilme muuttui t\u00e4ysin. Uudistuksessa kohteen sis\u00e4tiloista saneerattiin monik\u00e4ytt\u00f6isi\u00e4 ja suunnittelussa sek\u00e4 toteutuksessa noudatettiin erityist\u00e4 hygieniakonseptia. Antibakteerisena tunnettua kuparia ja messinki\u00e4 on hy\u00f6dynnetty laajasti kosketuspinnoilla ja esimerkiksi vastaanoton palvelutiskeiss\u00e4. Kupari tehoaa jopa antibiooteille immuuneihin sairaalabakteereihin.<\/p>\n<p><strong>HSL j\u00e4rjestelm\u00e4v\u00e4lisein\u00e4t sairaalan uudistuksessa<\/strong><\/p>\n<p>Uudistuksen yhteydess\u00e4 sis\u00e4tiloista haluttiin avarat ja valoisat. My\u00f6s henkil\u00f6kunnan viihtyvyyteen on kiinnitetty huomiota ja esimerkiksi Mastoksi nimetyn rakennuksen osan vastaanottotilojen v\u00e4liin j\u00e4\u00e4 henkil\u00f6kunnan k\u00e4ytt\u00f6\u00f6n pyhitetty tila, johon p\u00e4\u00e4see vastaanottohuoneen \u201dtakaovesta\u201d. Vastaanottohuoneisiin on siis kaksi sis\u00e4\u00e4nk\u00e4ynti\u00e4.<\/p>\n<p>Jokaisella kerroksella on my\u00f6s oma v\u00e4rimaailmansa. V\u00e4ripintojen lis\u00e4ksi lasisten v\u00e4liseinien koristeena on henkil\u00f6kunnan valitsemia valokuvia, joilla saatiin tiloihin persoonallista tunnelmaa.<\/p>\n<p>Lasiset v\u00e4lisein\u00e4t toteutettiin HSL Groupin j\u00e4rjestelm\u00e4v\u00e4liseinill\u00e4 sek\u00e4 niihin liitetyill\u00e4 ovien s\u00e4hk\u00f6pielill\u00e4. <a href=\"\/tuotteet\/puulasiseinat\/\">Puulasisein\u00e4t<\/a> ja s\u00e4hk\u00f6pielet toimitettiin kunkin kerroksen v\u00e4riteeman mukaisesti s\u00e4vytettyin\u00e4. Laseina k\u00e4ytettiin laminoitua kaksoislasia, jolla lasiseinille saavutetaan 44dB \u00e4\u00e4nenerist\u00e4vyysluokitus.<\/p>\n<p>My\u00f6s alumiinilasij\u00e4rjestelm\u00e4seinien puitteet s\u00e4vytettiin v\u00e4risuunnitelman mukaisiksi. Seiniin yhdistettiin 6mm karkaistusta lasista valmistetut liukulasiovet suunnitelmaan yhteensopivine kahvoineen ja lukituslaitteineen.<\/p>\n<p>Maalatut- ja lasipinnat soveltuvat hyvin vaativaan ymp\u00e4rist\u00f6\u00f6n, ja niiden puhtaanapito on helppoa. Laajasti hy\u00f6dynnetyill\u00e4 lasiseinill\u00e4 sairaalan uudistettuihin tiloihin saatiin avaruuden tuntua ja modernia ilmett\u00e4.<\/p>\n<p>Uudistetut valoisat tilat ovatkin jo saaneet erityist\u00e4 kiitosta sek\u00e4 henkil\u00f6kunnalta ett\u00e4 tilojen k\u00e4ytt\u00e4jilt\u00e4. Moduulirakenteisten j\u00e4rjestelm\u00e4seinien ansiosta tilojen muunneltavuus tulevaisuuden tarpeiden mukaan on helppoa ja nopeaa.<\/p>\n[\/et_pb_text][\/et_pb_column][\/et_pb_row][et_pb_row admin_label=&#8221;Rivi&#8221; _builder_version=&#8221;4.15&#8243; background_size=&#8221;initial&#8221; background_position=&#8221;top_left&#8221; background_repeat=&#8221;repeat&#8221; global_colors_info=&#8221;{}&#8221;][et_pb_column type=&#8221;4_4&#8243; _builder_version=&#8221;4.15&#8243; custom_padding=&#8221;|||&#8221; global_colors_info=&#8221;{}&#8221; custom_padding__hover=&#8221;|||&#8221;][\/et_pb_column][\/et_pb_row][\/et_pb_section]\n","protected":false},"excerpt":{"rendered":"<p>Lahden kaupunginsairaala Aivan Lahden keskustassa sijaitseva Lahden kaupunginsairaala on k\u00e4ynyt l\u00e4pi t\u00e4ydellisen uudistuksen. Suuri rakennus peruskorjattiin t\u00e4ysin kahdessa vaiheessa. Samalla se muuttui Lahden p\u00e4\u00e4terveysasemaksi, joka keskittyy jatkossa avovastaanottotoimintaan ja kuntoutukseen. Uudistuksessa rakennuksen sis\u00e4tilojen ilme muuttui t\u00e4ysin. Uudistuksessa kohteen sis\u00e4tiloista saneerattiin monik\u00e4ytt\u00f6isi\u00e4 ja suunnittelussa sek\u00e4 toteutuksessa noudatettiin erityist\u00e4 hygieniakonseptia. Antibakteerisena tunnettua kuparia ja messinki\u00e4 on hy\u00f6dynnetty [&hellip;]<\/p>\n","protected":false},"author":1,"featured_media":0,"parent":52,"menu_order":0,"comment_status":"closed","ping_status":"closed","template":"","meta":{"_et_pb_use_builder":"on","_et_pb_old_content":"","_et_gb_content_width":"","footnotes":""},"class_list":["post-718","page","type-page","status-publish","hentry"],"yoast_head":"<!-- This site is optimized with the Yoast SEO plugin v27.3 - https:\/\/yoast.com\/product\/yoast-seo-wordpress\/ -->\n<title>Lahden kaupunginsairaala puulasisein\u00e4t - HSL Group Oy<\/title>\n<meta name=\"description\" content=\"Lahden kaupunginsairaalan puulasisein\u00e4t ja s\u00e4hk\u00f6pielet toimitettiin kunkin kerroksen v\u00e4riteeman mukaisesti s\u00e4vytettyin\u00e4\" \/>\n<meta name=\"robots\" content=\"index, follow, max-snippet:-1, max-image-preview:large, max-video-preview:-1\" \/>\n<link rel=\"canonical\" href=\"https:\/\/en.hslgroup.fi\/en\/portfolio\/lahti-city-hospital\/\" \/>\n<meta property=\"og:locale\" content=\"en_GB\" \/>\n<meta property=\"og:type\" content=\"article\" \/>\n<meta property=\"og:title\" content=\"Lahden kaupunginsairaala puulasisein\u00e4t - HSL Group Oy\" \/>\n<meta property=\"og:description\" content=\"Lahden kaupunginsairaalan puulasisein\u00e4t ja s\u00e4hk\u00f6pielet toimitettiin kunkin kerroksen v\u00e4riteeman mukaisesti s\u00e4vytettyin\u00e4\" \/>\n<meta property=\"og:url\" content=\"https:\/\/en.hslgroup.fi\/en\/portfolio\/lahti-city-hospital\/\" \/>\n<meta property=\"og:site_name\" content=\"HSL Group Oy\" \/>\n<meta property=\"article:publisher\" content=\"https:\/\/facebook.com\/hslgroupoy\" \/>\n<meta property=\"article:modified_time\" content=\"2022-03-29T07:30:02+00:00\" \/>\n<meta name=\"twitter:card\" content=\"summary_large_image\" \/>\n<meta name=\"twitter:label1\" content=\"Estimated reading time\" \/>\n\t<meta name=\"twitter:data1\" content=\"2 minutes\" \/>\n<script type=\"application\/ld+json\" class=\"yoast-schema-graph\">{\"@context\":\"https:\\\/\\\/schema.org\",\"@graph\":[{\"@type\":\"WebPage\",\"@id\":\"https:\\\/\\\/en.hslgroup.fi\\\/portfolio\\\/lahti-city-hospital\\\/\",\"url\":\"https:\\\/\\\/en.hslgroup.fi\\\/portfolio\\\/lahti-city-hospital\\\/\",\"name\":\"Lahden kaupunginsairaala puulasisein\u00e4t - HSL Group Oy\",\"isPartOf\":{\"@id\":\"https:\\\/\\\/en.hslgroup.fi\\\/en\\\/#website\"},\"datePublished\":\"2019-08-14T06:10:55+00:00\",\"dateModified\":\"2022-03-29T07:30:02+00:00\",\"description\":\"Lahden kaupunginsairaalan puulasisein\u00e4t ja s\u00e4hk\u00f6pielet toimitettiin kunkin kerroksen v\u00e4riteeman mukaisesti s\u00e4vytettyin\u00e4\",\"breadcrumb\":{\"@id\":\"https:\\\/\\\/en.hslgroup.fi\\\/portfolio\\\/lahti-city-hospital\\\/#breadcrumb\"},\"inLanguage\":\"en-GB\",\"potentialAction\":[{\"@type\":\"ReadAction\",\"target\":[\"https:\\\/\\\/en.hslgroup.fi\\\/portfolio\\\/lahti-city-hospital\\\/\"]}]},{\"@type\":\"BreadcrumbList\",\"@id\":\"https:\\\/\\\/en.hslgroup.fi\\\/portfolio\\\/lahti-city-hospital\\\/#breadcrumb\",\"itemListElement\":[{\"@type\":\"ListItem\",\"position\":1,\"name\":\"Etusivu\",\"item\":\"https:\\\/\\\/en.hslgroup.fi\\\/fi\\\/\"},{\"@type\":\"ListItem\",\"position\":2,\"name\":\"Referenssit\",\"item\":\"https:\\\/\\\/en.hslgroup.fi\\\/portfolio\\\/\"},{\"@type\":\"ListItem\",\"position\":3,\"name\":\"Lahden kaupunginsairaala\"}]},{\"@type\":\"WebSite\",\"@id\":\"https:\\\/\\\/en.hslgroup.fi\\\/en\\\/#website\",\"url\":\"https:\\\/\\\/en.hslgroup.fi\\\/en\\\/\",\"name\":\"HSL Group Oy\",\"description\":\"J\u00e4rjestelm\u00e4v\u00e4lisein\u00e4t, siirtosein\u00e4t ja minitilaratkaisut\",\"publisher\":{\"@id\":\"https:\\\/\\\/en.hslgroup.fi\\\/en\\\/#organization\"},\"potentialAction\":[{\"@type\":\"SearchAction\",\"target\":{\"@type\":\"EntryPoint\",\"urlTemplate\":\"https:\\\/\\\/en.hslgroup.fi\\\/en\\\/?s={search_term_string}\"},\"query-input\":{\"@type\":\"PropertyValueSpecification\",\"valueRequired\":true,\"valueName\":\"search_term_string\"}}],\"inLanguage\":\"en-GB\"},{\"@type\":\"Organization\",\"@id\":\"https:\\\/\\\/en.hslgroup.fi\\\/en\\\/#organization\",\"name\":\"HSL Group Oy\",\"url\":\"https:\\\/\\\/en.hslgroup.fi\\\/en\\\/\",\"logo\":{\"@type\":\"ImageObject\",\"inLanguage\":\"en-GB\",\"@id\":\"https:\\\/\\\/en.hslgroup.fi\\\/en\\\/#\\\/schema\\\/logo\\\/image\\\/\",\"url\":\"https:\\\/\\\/en.hslgroup.fi\\\/wp-content\\\/uploads\\\/2016\\\/07\\\/hsl_logo.jpg\",\"contentUrl\":\"https:\\\/\\\/en.hslgroup.fi\\\/wp-content\\\/uploads\\\/2016\\\/07\\\/hsl_logo.jpg\",\"width\":125,\"height\":60,\"caption\":\"HSL Group Oy\"},\"image\":{\"@id\":\"https:\\\/\\\/en.hslgroup.fi\\\/en\\\/#\\\/schema\\\/logo\\\/image\\\/\"},\"sameAs\":[\"https:\\\/\\\/facebook.com\\\/hslgroupoy\",\"https:\\\/\\\/linkedin.com\\\/company\\\/hsl-group\"]}]}<\/script>\n<!-- \/ Yoast SEO plugin. -->","yoast_head_json":{"title":"Lahti city hospital wood framed glass walls - HSL Group LLC","description":"Lahti city hospital's wood framed glass walls and electrical switches were delivered shaded with the color theme of each floor.","robots":{"index":"index","follow":"follow","max-snippet":"max-snippet:-1","max-image-preview":"max-image-preview:large","max-video-preview":"max-video-preview:-1"},"canonical":"https:\/\/en.hslgroup.fi\/en\/portfolio\/lahti-city-hospital\/","og_locale":"en_GB","og_type":"article","og_title":"Lahden kaupunginsairaala puulasisein\u00e4t - HSL Group Oy","og_description":"Lahden kaupunginsairaalan puulasisein\u00e4t ja s\u00e4hk\u00f6pielet toimitettiin kunkin kerroksen v\u00e4riteeman mukaisesti s\u00e4vytettyin\u00e4","og_url":"https:\/\/en.hslgroup.fi\/en\/portfolio\/lahti-city-hospital\/","og_site_name":"HSL Group Oy","article_publisher":"https:\/\/facebook.com\/hslgroupoy","article_modified_time":"2022-03-29T07:30:02+00:00","twitter_card":"summary_large_image","twitter_misc":{"Estimated reading time":"2 minutes"},"schema":{"@context":"https:\/\/schema.org","@graph":[{"@type":"WebPage","@id":"https:\/\/en.hslgroup.fi\/portfolio\/lahti-city-hospital\/","url":"https:\/\/en.hslgroup.fi\/portfolio\/lahti-city-hospital\/","name":"Lahti city hospital wood framed glass walls - HSL Group LLC","isPartOf":{"@id":"https:\/\/en.hslgroup.fi\/en\/#website"},"datePublished":"2019-08-14T06:10:55+00:00","dateModified":"2022-03-29T07:30:02+00:00","description":"Lahti city hospital's wood framed glass walls and electrical switches were delivered shaded with the color theme of each floor.","breadcrumb":{"@id":"https:\/\/en.hslgroup.fi\/portfolio\/lahti-city-hospital\/#breadcrumb"},"inLanguage":"en-GB","potentialAction":[{"@type":"ReadAction","target":["https:\/\/en.hslgroup.fi\/portfolio\/lahti-city-hospital\/"]}]},{"@type":"BreadcrumbList","@id":"https:\/\/en.hslgroup.fi\/portfolio\/lahti-city-hospital\/#breadcrumb","itemListElement":[{"@type":"ListItem","position":1,"name":"Etusivu","item":"https:\/\/en.hslgroup.fi\/fi\/"},{"@type":"ListItem","position":2,"name":"Referenssit","item":"https:\/\/en.hslgroup.fi\/portfolio\/"},{"@type":"ListItem","position":3,"name":"Lahden kaupunginsairaala"}]},{"@type":"WebSite","@id":"https:\/\/en.hslgroup.fi\/en\/#website","url":"https:\/\/en.hslgroup.fi\/en\/","name":"HSL Group LLC","description":"J\u00e4rjestelm\u00e4v\u00e4lisein\u00e4t, siirtosein\u00e4t ja minitilaratkaisut","publisher":{"@id":"https:\/\/en.hslgroup.fi\/en\/#organization"},"potentialAction":[{"@type":"SearchAction","target":{"@type":"EntryPoint","urlTemplate":"https:\/\/en.hslgroup.fi\/en\/?s={search_term_string}"},"query-input":{"@type":"PropertyValueSpecification","valueRequired":true,"valueName":"search_term_string"}}],"inLanguage":"en-GB"},{"@type":"Organization","@id":"https:\/\/en.hslgroup.fi\/en\/#organization","name":"HSL Group LLC","url":"https:\/\/en.hslgroup.fi\/en\/","logo":{"@type":"ImageObject","inLanguage":"en-GB","@id":"https:\/\/en.hslgroup.fi\/en\/#\/schema\/logo\/image\/","url":"https:\/\/en.hslgroup.fi\/wp-content\/uploads\/2016\/07\/hsl_logo.jpg","contentUrl":"https:\/\/en.hslgroup.fi\/wp-content\/uploads\/2016\/07\/hsl_logo.jpg","width":125,"height":60,"caption":"HSL Group Oy"},"image":{"@id":"https:\/\/en.hslgroup.fi\/en\/#\/schema\/logo\/image\/"},"sameAs":["https:\/\/facebook.com\/hslgroupoy","https:\/\/linkedin.com\/company\/hsl-group"]}]}},"_links":{"self":[{"href":"https:\/\/en.hslgroup.fi\/en\/wp-json\/wp\/v2\/pages\/718","targetHints":{"allow":["GET"]}}],"collection":[{"href":"https:\/\/en.hslgroup.fi\/en\/wp-json\/wp\/v2\/pages"}],"about":[{"href":"https:\/\/en.hslgroup.fi\/en\/wp-json\/wp\/v2\/types\/page"}],"author":[{"embeddable":true,"href":"https:\/\/en.hslgroup.fi\/en\/wp-json\/wp\/v2\/users\/1"}],"replies":[{"embeddable":true,"href":"https:\/\/en.hslgroup.fi\/en\/wp-json\/wp\/v2\/comments?post=718"}],"version-history":[{"count":5,"href":"https:\/\/en.hslgroup.fi\/en\/wp-json\/wp\/v2\/pages\/718\/revisions"}],"predecessor-version":[{"id":2562,"href":"https:\/\/en.hslgroup.fi\/en\/wp-json\/wp\/v2\/pages\/718\/revisions\/2562"}],"up":[{"embeddable":true,"href":"https:\/\/en.hslgroup.fi\/en\/wp-json\/wp\/v2\/pages\/52"}],"wp:attachment":[{"href":"https:\/\/en.hslgroup.fi\/en\/wp-json\/wp\/v2\/media?parent=718"}],"curies":[{"name":"wp","href":"https:\/\/api.w.org\/{rel}","templated":true}]}}