{"id":590,"date":"2017-05-22T07:16:19","date_gmt":"2017-05-22T04:16:19","guid":{"rendered":"http:\/\/hslgroup.fi\/?page_id=590"},"modified":"2017-05-22T07:19:21","modified_gmt":"2017-05-22T04:19:21","slug":"centre-businesscenter-lappeenranta","status":"publish","type":"page","link":"https:\/\/en.hslgroup.fi\/en\/portfolio\/centre-businesscenter-lappeenranta\/","title":{"rendered":"Centre business center Lappeenranta"},"content":{"rendered":"[et_pb_section admin_label=&#8221;section&#8221;][et_pb_row admin_label=&#8221;Rivi&#8221;][et_pb_column type=&#8221;4_4&#8243;][et_pb_text admin_label=&#8221;Teksti&#8221; background_layout=&#8221;light&#8221; text_orientation=&#8221;left&#8221; use_border_color=&#8221;off&#8221; border_color=&#8221;#ffffff&#8221; border_style=&#8221;solid&#8221;]\n<h1>Centre liikekeskus Lappeenranta<\/h1>\n[\/et_pb_text][\/et_pb_column][\/et_pb_row][et_pb_row admin_label=&#8221;Rivi&#8221;][et_pb_column type=&#8221;4_4&#8243;][et_pb_image admin_label=&#8221;Kuva&#8221; src=&#8221;http:\/\/hslgroup.fi\/wp-content\/uploads\/2017\/05\/Liikekeskus-Centre2.jpg&#8221; show_in_lightbox=&#8221;on&#8221; url_new_window=&#8221;off&#8221; use_overlay=&#8221;off&#8221; animation=&#8221;left&#8221; sticky=&#8221;off&#8221; align=&#8221;left&#8221; force_fullwidth=&#8221;off&#8221; always_center_on_mobile=&#8221;on&#8221; use_border_color=&#8221;off&#8221; border_color=&#8221;#ffffff&#8221; border_style=&#8221;solid&#8221; alt=&#8221;Liikekeskus Centre&#8221; title_text=&#8221;Liikekeskus Centre&#8221;]\n[\/et_pb_image][\/et_pb_column][\/et_pb_row][et_pb_row admin_label=&#8221;row&#8221;][et_pb_column type=&#8221;4_4&#8243;][et_pb_text admin_label=&#8221;Teksti&#8221; background_layout=&#8221;light&#8221; text_orientation=&#8221;left&#8221; use_border_color=&#8221;off&#8221; border_color=&#8221;#ffffff&#8221; border_style=&#8221;solid&#8221;]\n<p>Liikekeskus Centre sijaitsee Lappeenrannan kaupank\u00e4ynnin keskell\u00e4. Centress\u00e4 toimivat\u00a0<a href=\"http:\/\/www.centrelappeenranta.fi\/yritykset\" target=\"_blank\">yritykset<\/a>, laadukkaat myym\u00e4l\u00e4t ja ravintola. Liikekeskus on asiakasvirtojen keskell\u00e4 palveluiden, kaupungintalon, kaupunginteatterin, kauppakeskusten, elokuvateatterin, hotellin ja paikoitusalueiden ymp\u00e4r\u00f6im\u00e4n\u00e4.<\/p>\n<p>Liikekeskuksen katutasossa sijaitsevat kivijalkamyym\u00e4l\u00e4t ja -ravintola Centre, joiden yll\u00e4 on erilaisia toimistotiloja nelj\u00e4ss\u00e4 kerroksessa. K\u00e4velykannen alla on kaksi paikoitushallikerrosta Centren toimijoille.<\/p>\n<p>HSL Group Oy toimitti kohteen toimistotiloihin j\u00e4rjestelm\u00e4v\u00e4lisein\u00e4t, alumiinisein\u00e4j\u00e4rjestelm\u00e4n liukuovilla, k\u00e4\u00e4nt\u00f6ovia s\u00e4hk\u00f6pielineen sek\u00e4 puhelinhuone ratkaisuja dB luokituksilla.<\/p>\n[\/et_pb_text][\/et_pb_column][\/et_pb_row][et_pb_row admin_label=&#8221;Rivi&#8221;][et_pb_column type=&#8221;4_4&#8243;][et_pb_gallery admin_label=&#8221;Galleria&#8221; gallery_ids=&#8221;592,591&#8243; fullwidth=&#8221;off&#8221; show_title_and_caption=&#8221;off&#8221; show_pagination=&#8221;off&#8221; background_layout=&#8221;light&#8221; auto=&#8221;off&#8221; hover_overlay_color=&#8221;rgba(255,255,255,0.9)&#8221; caption_all_caps=&#8221;off&#8221; use_border_color=&#8221;off&#8221; border_color=&#8221;#ffffff&#8221; border_style=&#8221;solid&#8221; posts_number=&#8221;6&#8243;]\n[\/et_pb_gallery][\/et_pb_column][\/et_pb_row][\/et_pb_section]\n","protected":false},"excerpt":{"rendered":"<p>Centre liikekeskus Lappeenranta Liikekeskus Centre sijaitsee Lappeenrannan kaupank\u00e4ynnin keskell\u00e4. Centress\u00e4 toimivat\u00a0yritykset, laadukkaat myym\u00e4l\u00e4t ja ravintola. Liikekeskus on asiakasvirtojen keskell\u00e4 palveluiden, kaupungintalon, kaupunginteatterin, kauppakeskusten, elokuvateatterin, hotellin ja paikoitusalueiden ymp\u00e4r\u00f6im\u00e4n\u00e4. Liikekeskuksen katutasossa sijaitsevat kivijalkamyym\u00e4l\u00e4t ja -ravintola Centre, joiden yll\u00e4 on erilaisia toimistotiloja nelj\u00e4ss\u00e4 kerroksessa. K\u00e4velykannen alla on kaksi paikoitushallikerrosta Centren toimijoille. HSL Group Oy toimitti kohteen toimistotiloihin [&hellip;]<\/p>\n","protected":false},"author":1,"featured_media":0,"parent":52,"menu_order":0,"comment_status":"closed","ping_status":"closed","template":"","meta":{"_et_pb_use_builder":"on","_et_pb_old_content":"","_et_gb_content_width":"","footnotes":""},"class_list":["post-590","page","type-page","status-publish","hentry"],"yoast_head":"<!-- This site is optimized with the Yoast SEO plugin v27.4 - https:\/\/yoast.com\/product\/yoast-seo-wordpress\/ -->\n<title>Centre liikekeskus Lappeenranta - HSL Group Oy<\/title>\n<meta name=\"robots\" content=\"index, follow, max-snippet:-1, max-image-preview:large, max-video-preview:-1\" \/>\n<link rel=\"canonical\" href=\"https:\/\/en.hslgroup.fi\/en\/portfolio\/centre-businesscenter-lappeenranta\/\" \/>\n<meta property=\"og:locale\" content=\"en_GB\" \/>\n<meta property=\"og:type\" content=\"article\" \/>\n<meta property=\"og:title\" content=\"Centre liikekeskus Lappeenranta - HSL Group Oy\" \/>\n<meta property=\"og:description\" content=\"Centre liikekeskus Lappeenranta Liikekeskus Centre sijaitsee Lappeenrannan kaupank\u00e4ynnin keskell\u00e4. Centress\u00e4 toimivat\u00a0yritykset, laadukkaat myym\u00e4l\u00e4t ja ravintola. Liikekeskus on asiakasvirtojen keskell\u00e4 palveluiden, kaupungintalon, kaupunginteatterin, kauppakeskusten, elokuvateatterin, hotellin ja paikoitusalueiden ymp\u00e4r\u00f6im\u00e4n\u00e4. Liikekeskuksen katutasossa sijaitsevat kivijalkamyym\u00e4l\u00e4t ja -ravintola Centre, joiden yll\u00e4 on erilaisia toimistotiloja nelj\u00e4ss\u00e4 kerroksessa. K\u00e4velykannen alla on kaksi paikoitushallikerrosta Centren toimijoille. HSL Group Oy toimitti kohteen toimistotiloihin [&hellip;]\" \/>\n<meta property=\"og:url\" content=\"https:\/\/en.hslgroup.fi\/en\/portfolio\/centre-businesscenter-lappeenranta\/\" \/>\n<meta property=\"og:site_name\" content=\"HSL Group Oy\" \/>\n<meta property=\"article:publisher\" content=\"https:\/\/facebook.com\/hslgroupoy\" \/>\n<meta property=\"article:modified_time\" content=\"2017-05-22T04:19:21+00:00\" \/>\n<meta name=\"twitter:card\" content=\"summary_large_image\" \/>\n<meta name=\"twitter:label1\" content=\"Estimated reading time\" \/>\n\t<meta name=\"twitter:data1\" content=\"2 minutes\" \/>\n<script type=\"application\/ld+json\" class=\"yoast-schema-graph\">{\"@context\":\"https:\\\/\\\/schema.org\",\"@graph\":[{\"@type\":\"WebPage\",\"@id\":\"https:\\\/\\\/en.hslgroup.fi\\\/portfolio\\\/centre-businesscenter-lappeenranta\\\/\",\"url\":\"https:\\\/\\\/en.hslgroup.fi\\\/portfolio\\\/centre-businesscenter-lappeenranta\\\/\",\"name\":\"Centre liikekeskus Lappeenranta - HSL Group Oy\",\"isPartOf\":{\"@id\":\"https:\\\/\\\/en.hslgroup.fi\\\/en\\\/#website\"},\"datePublished\":\"2017-05-22T04:16:19+00:00\",\"dateModified\":\"2017-05-22T04:19:21+00:00\",\"breadcrumb\":{\"@id\":\"https:\\\/\\\/en.hslgroup.fi\\\/portfolio\\\/centre-businesscenter-lappeenranta\\\/#breadcrumb\"},\"inLanguage\":\"en-GB\",\"potentialAction\":[{\"@type\":\"ReadAction\",\"target\":[\"https:\\\/\\\/en.hslgroup.fi\\\/portfolio\\\/centre-businesscenter-lappeenranta\\\/\"]}]},{\"@type\":\"BreadcrumbList\",\"@id\":\"https:\\\/\\\/en.hslgroup.fi\\\/portfolio\\\/centre-businesscenter-lappeenranta\\\/#breadcrumb\",\"itemListElement\":[{\"@type\":\"ListItem\",\"position\":1,\"name\":\"Etusivu\",\"item\":\"https:\\\/\\\/en.hslgroup.fi\\\/fi\\\/\"},{\"@type\":\"ListItem\",\"position\":2,\"name\":\"Referenssit\",\"item\":\"https:\\\/\\\/en.hslgroup.fi\\\/portfolio\\\/\"},{\"@type\":\"ListItem\",\"position\":3,\"name\":\"Centre liikekeskus Lappeenranta\"}]},{\"@type\":\"WebSite\",\"@id\":\"https:\\\/\\\/en.hslgroup.fi\\\/en\\\/#website\",\"url\":\"https:\\\/\\\/en.hslgroup.fi\\\/en\\\/\",\"name\":\"HSL Group Oy\",\"description\":\"J\u00e4rjestelm\u00e4v\u00e4lisein\u00e4t, siirtosein\u00e4t ja minitilaratkaisut\",\"publisher\":{\"@id\":\"https:\\\/\\\/en.hslgroup.fi\\\/en\\\/#organization\"},\"potentialAction\":[{\"@type\":\"SearchAction\",\"target\":{\"@type\":\"EntryPoint\",\"urlTemplate\":\"https:\\\/\\\/en.hslgroup.fi\\\/en\\\/?s={search_term_string}\"},\"query-input\":{\"@type\":\"PropertyValueSpecification\",\"valueRequired\":true,\"valueName\":\"search_term_string\"}}],\"inLanguage\":\"en-GB\"},{\"@type\":\"Organization\",\"@id\":\"https:\\\/\\\/en.hslgroup.fi\\\/en\\\/#organization\",\"name\":\"HSL Group Oy\",\"url\":\"https:\\\/\\\/en.hslgroup.fi\\\/en\\\/\",\"logo\":{\"@type\":\"ImageObject\",\"inLanguage\":\"en-GB\",\"@id\":\"https:\\\/\\\/en.hslgroup.fi\\\/en\\\/#\\\/schema\\\/logo\\\/image\\\/\",\"url\":\"https:\\\/\\\/en.hslgroup.fi\\\/wp-content\\\/uploads\\\/2016\\\/07\\\/hsl_logo.jpg\",\"contentUrl\":\"https:\\\/\\\/en.hslgroup.fi\\\/wp-content\\\/uploads\\\/2016\\\/07\\\/hsl_logo.jpg\",\"width\":125,\"height\":60,\"caption\":\"HSL Group Oy\"},\"image\":{\"@id\":\"https:\\\/\\\/en.hslgroup.fi\\\/en\\\/#\\\/schema\\\/logo\\\/image\\\/\"},\"sameAs\":[\"https:\\\/\\\/facebook.com\\\/hslgroupoy\",\"https:\\\/\\\/linkedin.com\\\/company\\\/hsl-group\"]}]}<\/script>\n<!-- \/ Yoast SEO plugin. -->","yoast_head_json":{"title":"Centre business center Lappeenranta - HSL Group LLC","robots":{"index":"index","follow":"follow","max-snippet":"max-snippet:-1","max-image-preview":"max-image-preview:large","max-video-preview":"max-video-preview:-1"},"canonical":"https:\/\/en.hslgroup.fi\/en\/portfolio\/centre-businesscenter-lappeenranta\/","og_locale":"en_GB","og_type":"article","og_title":"Centre liikekeskus Lappeenranta - HSL Group Oy","og_description":"Centre liikekeskus Lappeenranta Liikekeskus Centre sijaitsee Lappeenrannan kaupank\u00e4ynnin keskell\u00e4. Centress\u00e4 toimivat\u00a0yritykset, laadukkaat myym\u00e4l\u00e4t ja ravintola. Liikekeskus on asiakasvirtojen keskell\u00e4 palveluiden, kaupungintalon, kaupunginteatterin, kauppakeskusten, elokuvateatterin, hotellin ja paikoitusalueiden ymp\u00e4r\u00f6im\u00e4n\u00e4. Liikekeskuksen katutasossa sijaitsevat kivijalkamyym\u00e4l\u00e4t ja -ravintola Centre, joiden yll\u00e4 on erilaisia toimistotiloja nelj\u00e4ss\u00e4 kerroksessa. K\u00e4velykannen alla on kaksi paikoitushallikerrosta Centren toimijoille. HSL Group Oy toimitti kohteen toimistotiloihin [&hellip;]","og_url":"https:\/\/en.hslgroup.fi\/en\/portfolio\/centre-businesscenter-lappeenranta\/","og_site_name":"HSL Group Oy","article_publisher":"https:\/\/facebook.com\/hslgroupoy","article_modified_time":"2017-05-22T04:19:21+00:00","twitter_card":"summary_large_image","twitter_misc":{"Estimated reading time":"2 minutes"},"schema":{"@context":"https:\/\/schema.org","@graph":[{"@type":"WebPage","@id":"https:\/\/en.hslgroup.fi\/portfolio\/centre-businesscenter-lappeenranta\/","url":"https:\/\/en.hslgroup.fi\/portfolio\/centre-businesscenter-lappeenranta\/","name":"Centre business center Lappeenranta - HSL Group LLC","isPartOf":{"@id":"https:\/\/en.hslgroup.fi\/en\/#website"},"datePublished":"2017-05-22T04:16:19+00:00","dateModified":"2017-05-22T04:19:21+00:00","breadcrumb":{"@id":"https:\/\/en.hslgroup.fi\/portfolio\/centre-businesscenter-lappeenranta\/#breadcrumb"},"inLanguage":"en-GB","potentialAction":[{"@type":"ReadAction","target":["https:\/\/en.hslgroup.fi\/portfolio\/centre-businesscenter-lappeenranta\/"]}]},{"@type":"BreadcrumbList","@id":"https:\/\/en.hslgroup.fi\/portfolio\/centre-businesscenter-lappeenranta\/#breadcrumb","itemListElement":[{"@type":"ListItem","position":1,"name":"Etusivu","item":"https:\/\/en.hslgroup.fi\/fi\/"},{"@type":"ListItem","position":2,"name":"Referenssit","item":"https:\/\/en.hslgroup.fi\/portfolio\/"},{"@type":"ListItem","position":3,"name":"Centre liikekeskus Lappeenranta"}]},{"@type":"WebSite","@id":"https:\/\/en.hslgroup.fi\/en\/#website","url":"https:\/\/en.hslgroup.fi\/en\/","name":"HSL Group LLC","description":"J\u00e4rjestelm\u00e4v\u00e4lisein\u00e4t, siirtosein\u00e4t ja minitilaratkaisut","publisher":{"@id":"https:\/\/en.hslgroup.fi\/en\/#organization"},"potentialAction":[{"@type":"SearchAction","target":{"@type":"EntryPoint","urlTemplate":"https:\/\/en.hslgroup.fi\/en\/?s={search_term_string}"},"query-input":{"@type":"PropertyValueSpecification","valueRequired":true,"valueName":"search_term_string"}}],"inLanguage":"en-GB"},{"@type":"Organization","@id":"https:\/\/en.hslgroup.fi\/en\/#organization","name":"HSL Group LLC","url":"https:\/\/en.hslgroup.fi\/en\/","logo":{"@type":"ImageObject","inLanguage":"en-GB","@id":"https:\/\/en.hslgroup.fi\/en\/#\/schema\/logo\/image\/","url":"https:\/\/en.hslgroup.fi\/wp-content\/uploads\/2016\/07\/hsl_logo.jpg","contentUrl":"https:\/\/en.hslgroup.fi\/wp-content\/uploads\/2016\/07\/hsl_logo.jpg","width":125,"height":60,"caption":"HSL Group Oy"},"image":{"@id":"https:\/\/en.hslgroup.fi\/en\/#\/schema\/logo\/image\/"},"sameAs":["https:\/\/facebook.com\/hslgroupoy","https:\/\/linkedin.com\/company\/hsl-group"]}]}},"_links":{"self":[{"href":"https:\/\/en.hslgroup.fi\/en\/wp-json\/wp\/v2\/pages\/590","targetHints":{"allow":["GET"]}}],"collection":[{"href":"https:\/\/en.hslgroup.fi\/en\/wp-json\/wp\/v2\/pages"}],"about":[{"href":"https:\/\/en.hslgroup.fi\/en\/wp-json\/wp\/v2\/types\/page"}],"author":[{"embeddable":true,"href":"https:\/\/en.hslgroup.fi\/en\/wp-json\/wp\/v2\/users\/1"}],"replies":[{"embeddable":true,"href":"https:\/\/en.hslgroup.fi\/en\/wp-json\/wp\/v2\/comments?post=590"}],"version-history":[{"count":3,"href":"https:\/\/en.hslgroup.fi\/en\/wp-json\/wp\/v2\/pages\/590\/revisions"}],"predecessor-version":[{"id":597,"href":"https:\/\/en.hslgroup.fi\/en\/wp-json\/wp\/v2\/pages\/590\/revisions\/597"}],"up":[{"embeddable":true,"href":"https:\/\/en.hslgroup.fi\/en\/wp-json\/wp\/v2\/pages\/52"}],"wp:attachment":[{"href":"https:\/\/en.hslgroup.fi\/en\/wp-json\/wp\/v2\/media?parent=590"}],"curies":[{"name":"wp","href":"https:\/\/api.w.org\/{rel}","templated":true}]}}