{"id":580,"date":"2017-05-22T07:05:11","date_gmt":"2017-05-22T04:05:11","guid":{"rendered":"http:\/\/hslgroup.fi\/?page_id=580"},"modified":"2017-05-22T07:05:11","modified_gmt":"2017-05-22T04:05:11","slug":"aurinkokivis-multifunction-house","status":"publish","type":"page","link":"https:\/\/en.hslgroup.fi\/en\/portfolio\/aurinkokivis-multifunction-house\/","title":{"rendered":"Aurinkokivi multifunction house"},"content":{"rendered":"[et_pb_section admin_label=&#8221;section&#8221;][et_pb_row admin_label=&#8221;Rivi&#8221;][et_pb_column type=&#8221;4_4&#8243;][et_pb_text admin_label=&#8221;Teksti&#8221; background_layout=&#8221;light&#8221; text_orientation=&#8221;left&#8221; use_border_color=&#8221;off&#8221; border_color=&#8221;#ffffff&#8221; border_style=&#8221;solid&#8221;]\n<h1>Aurinkokiven monitoimitalo<\/h1>\n[\/et_pb_text][\/et_pb_column][\/et_pb_row][et_pb_row admin_label=&#8221;Rivi&#8221;][et_pb_column type=&#8221;4_4&#8243;][et_pb_image admin_label=&#8221;Kuva&#8221; src=&#8221;http:\/\/hslgroup.fi\/wp-content\/uploads\/2017\/05\/Aurinkokiven-monitoimitalo.jpg&#8221; show_in_lightbox=&#8221;on&#8221; url_new_window=&#8221;off&#8221; use_overlay=&#8221;off&#8221; animation=&#8221;left&#8221; sticky=&#8221;off&#8221; align=&#8221;left&#8221; force_fullwidth=&#8221;off&#8221; always_center_on_mobile=&#8221;on&#8221; use_border_color=&#8221;off&#8221; border_color=&#8221;#ffffff&#8221; border_style=&#8221;solid&#8221; alt=&#8221;Aurinkokiven monitoimitalo&#8221; title_text=&#8221;Aurinkokiven monitoimitalo&#8221;]\n[\/et_pb_image][\/et_pb_column][\/et_pb_row][et_pb_row admin_label=&#8221;row&#8221;][et_pb_column type=&#8221;4_4&#8243;][et_pb_text admin_label=&#8221;Teksti&#8221; background_layout=&#8221;light&#8221; text_orientation=&#8221;left&#8221; use_border_color=&#8221;off&#8221; border_color=&#8221;#ffffff&#8221; border_style=&#8221;solid&#8221;]\n<p>Ensimm\u00e4isess\u00e4 vaiheessa rakennettiin 500 oppilaan alakoulu, p\u00e4iv\u00e4koti, neuvola sek\u00e4 tilat musiikkiopiston ja kuvataideopiston k\u00e4ytt\u00f6\u00f6n.<br \/>\nAurinkokiven tilat on suunniteltu tukemaan uutta oppimista ja liikunnallisuutta. Rakennus on monik\u00e4ytt\u00f6inen, ja sit\u00e4 on helppo muokata tarpeiden mukaan.<\/p>\n<p>Aurinkokivi edustaa uudenlaista rakentamista monessa suhteessa. Rakennus on kokonaan tietomallinnettu kohde, ja se julkistettiin lokakuussa 2015 vuoden Tekla BIM Awards 2015 -talokategorian voittajaksi.<\/p>\n<p>HSL Group toimitti rakennukseen koivukarmisen puulasisein\u00e4j\u00e4rjestelm\u00e4n sek\u00e4 s\u00e4hk\u00f6pieli- ja ovipaketit. Kohteeseen toimitettiin eritasoisia \u00e4\u00e4neneristysratkaisuita monimuotoisen toimintaymp\u00e4rist\u00f6n ehdoilla.<\/p>\n[\/et_pb_text][\/et_pb_column][\/et_pb_row][\/et_pb_section]\n","protected":false},"excerpt":{"rendered":"<p>Aurinkokiven monitoimitalo Ensimm\u00e4isess\u00e4 vaiheessa rakennettiin 500 oppilaan alakoulu, p\u00e4iv\u00e4koti, neuvola sek\u00e4 tilat musiikkiopiston ja kuvataideopiston k\u00e4ytt\u00f6\u00f6n. Aurinkokiven tilat on suunniteltu tukemaan uutta oppimista ja liikunnallisuutta. Rakennus on monik\u00e4ytt\u00f6inen, ja sit\u00e4 on helppo muokata tarpeiden mukaan. Aurinkokivi edustaa uudenlaista rakentamista monessa suhteessa. Rakennus on kokonaan tietomallinnettu kohde, ja se julkistettiin lokakuussa 2015 vuoden Tekla BIM Awards [&hellip;]<\/p>\n","protected":false},"author":1,"featured_media":0,"parent":52,"menu_order":0,"comment_status":"closed","ping_status":"closed","template":"","meta":{"_et_pb_use_builder":"on","_et_pb_old_content":"","_et_gb_content_width":"","footnotes":""},"class_list":["post-580","page","type-page","status-publish","hentry"],"yoast_head":"<!-- This site is optimized with the Yoast SEO plugin v27.4 - https:\/\/yoast.com\/product\/yoast-seo-wordpress\/ -->\n<title>Aurinkokiven monitoimitalo - HSL Group Oy<\/title>\n<meta name=\"robots\" content=\"index, follow, max-snippet:-1, max-image-preview:large, max-video-preview:-1\" \/>\n<link rel=\"canonical\" href=\"https:\/\/en.hslgroup.fi\/en\/portfolio\/aurinkokivis-multifunction-house\/\" \/>\n<meta property=\"og:locale\" content=\"en_GB\" \/>\n<meta property=\"og:type\" content=\"article\" \/>\n<meta property=\"og:title\" content=\"Aurinkokiven monitoimitalo - HSL Group Oy\" \/>\n<meta property=\"og:description\" content=\"Aurinkokiven monitoimitalo Ensimm\u00e4isess\u00e4 vaiheessa rakennettiin 500 oppilaan alakoulu, p\u00e4iv\u00e4koti, neuvola sek\u00e4 tilat musiikkiopiston ja kuvataideopiston k\u00e4ytt\u00f6\u00f6n. Aurinkokiven tilat on suunniteltu tukemaan uutta oppimista ja liikunnallisuutta. Rakennus on monik\u00e4ytt\u00f6inen, ja sit\u00e4 on helppo muokata tarpeiden mukaan. Aurinkokivi edustaa uudenlaista rakentamista monessa suhteessa. Rakennus on kokonaan tietomallinnettu kohde, ja se julkistettiin lokakuussa 2015 vuoden Tekla BIM Awards [&hellip;]\" \/>\n<meta property=\"og:url\" content=\"https:\/\/en.hslgroup.fi\/en\/portfolio\/aurinkokivis-multifunction-house\/\" \/>\n<meta property=\"og:site_name\" content=\"HSL Group Oy\" \/>\n<meta property=\"article:publisher\" content=\"https:\/\/facebook.com\/hslgroupoy\" \/>\n<meta name=\"twitter:card\" content=\"summary_large_image\" \/>\n<meta name=\"twitter:label1\" content=\"Estimated reading time\" \/>\n\t<meta name=\"twitter:data1\" content=\"1 minute\" \/>\n<script type=\"application\/ld+json\" class=\"yoast-schema-graph\">{\"@context\":\"https:\\\/\\\/schema.org\",\"@graph\":[{\"@type\":\"WebPage\",\"@id\":\"https:\\\/\\\/en.hslgroup.fi\\\/portfolio\\\/aurinkokivis-multifunction-house\\\/\",\"url\":\"https:\\\/\\\/en.hslgroup.fi\\\/portfolio\\\/aurinkokivis-multifunction-house\\\/\",\"name\":\"Aurinkokiven monitoimitalo - HSL Group Oy\",\"isPartOf\":{\"@id\":\"https:\\\/\\\/en.hslgroup.fi\\\/en\\\/#website\"},\"datePublished\":\"2017-05-22T04:05:11+00:00\",\"breadcrumb\":{\"@id\":\"https:\\\/\\\/en.hslgroup.fi\\\/portfolio\\\/aurinkokivis-multifunction-house\\\/#breadcrumb\"},\"inLanguage\":\"en-GB\",\"potentialAction\":[{\"@type\":\"ReadAction\",\"target\":[\"https:\\\/\\\/en.hslgroup.fi\\\/portfolio\\\/aurinkokivis-multifunction-house\\\/\"]}]},{\"@type\":\"BreadcrumbList\",\"@id\":\"https:\\\/\\\/en.hslgroup.fi\\\/portfolio\\\/aurinkokivis-multifunction-house\\\/#breadcrumb\",\"itemListElement\":[{\"@type\":\"ListItem\",\"position\":1,\"name\":\"Etusivu\",\"item\":\"https:\\\/\\\/en.hslgroup.fi\\\/fi\\\/\"},{\"@type\":\"ListItem\",\"position\":2,\"name\":\"Referenssit\",\"item\":\"https:\\\/\\\/en.hslgroup.fi\\\/portfolio\\\/\"},{\"@type\":\"ListItem\",\"position\":3,\"name\":\"Aurinkokiven monitoimitalo\"}]},{\"@type\":\"WebSite\",\"@id\":\"https:\\\/\\\/en.hslgroup.fi\\\/en\\\/#website\",\"url\":\"https:\\\/\\\/en.hslgroup.fi\\\/en\\\/\",\"name\":\"HSL Group Oy\",\"description\":\"J\u00e4rjestelm\u00e4v\u00e4lisein\u00e4t, siirtosein\u00e4t ja minitilaratkaisut\",\"publisher\":{\"@id\":\"https:\\\/\\\/en.hslgroup.fi\\\/en\\\/#organization\"},\"potentialAction\":[{\"@type\":\"SearchAction\",\"target\":{\"@type\":\"EntryPoint\",\"urlTemplate\":\"https:\\\/\\\/en.hslgroup.fi\\\/en\\\/?s={search_term_string}\"},\"query-input\":{\"@type\":\"PropertyValueSpecification\",\"valueRequired\":true,\"valueName\":\"search_term_string\"}}],\"inLanguage\":\"en-GB\"},{\"@type\":\"Organization\",\"@id\":\"https:\\\/\\\/en.hslgroup.fi\\\/en\\\/#organization\",\"name\":\"HSL Group Oy\",\"url\":\"https:\\\/\\\/en.hslgroup.fi\\\/en\\\/\",\"logo\":{\"@type\":\"ImageObject\",\"inLanguage\":\"en-GB\",\"@id\":\"https:\\\/\\\/en.hslgroup.fi\\\/en\\\/#\\\/schema\\\/logo\\\/image\\\/\",\"url\":\"https:\\\/\\\/en.hslgroup.fi\\\/wp-content\\\/uploads\\\/2016\\\/07\\\/hsl_logo.jpg\",\"contentUrl\":\"https:\\\/\\\/en.hslgroup.fi\\\/wp-content\\\/uploads\\\/2016\\\/07\\\/hsl_logo.jpg\",\"width\":125,\"height\":60,\"caption\":\"HSL Group Oy\"},\"image\":{\"@id\":\"https:\\\/\\\/en.hslgroup.fi\\\/en\\\/#\\\/schema\\\/logo\\\/image\\\/\"},\"sameAs\":[\"https:\\\/\\\/facebook.com\\\/hslgroupoy\",\"https:\\\/\\\/linkedin.com\\\/company\\\/hsl-group\"]}]}<\/script>\n<!-- \/ Yoast SEO plugin. -->","yoast_head_json":{"title":"Aurinkokivi's multifunction house HSL Group LLC","robots":{"index":"index","follow":"follow","max-snippet":"max-snippet:-1","max-image-preview":"max-image-preview:large","max-video-preview":"max-video-preview:-1"},"canonical":"https:\/\/en.hslgroup.fi\/en\/portfolio\/aurinkokivis-multifunction-house\/","og_locale":"en_GB","og_type":"article","og_title":"Aurinkokiven monitoimitalo - HSL Group Oy","og_description":"Aurinkokiven monitoimitalo Ensimm\u00e4isess\u00e4 vaiheessa rakennettiin 500 oppilaan alakoulu, p\u00e4iv\u00e4koti, neuvola sek\u00e4 tilat musiikkiopiston ja kuvataideopiston k\u00e4ytt\u00f6\u00f6n. Aurinkokiven tilat on suunniteltu tukemaan uutta oppimista ja liikunnallisuutta. Rakennus on monik\u00e4ytt\u00f6inen, ja sit\u00e4 on helppo muokata tarpeiden mukaan. Aurinkokivi edustaa uudenlaista rakentamista monessa suhteessa. Rakennus on kokonaan tietomallinnettu kohde, ja se julkistettiin lokakuussa 2015 vuoden Tekla BIM Awards [&hellip;]","og_url":"https:\/\/en.hslgroup.fi\/en\/portfolio\/aurinkokivis-multifunction-house\/","og_site_name":"HSL Group Oy","article_publisher":"https:\/\/facebook.com\/hslgroupoy","twitter_card":"summary_large_image","twitter_misc":{"Estimated reading time":"1 minute"},"schema":{"@context":"https:\/\/schema.org","@graph":[{"@type":"WebPage","@id":"https:\/\/en.hslgroup.fi\/portfolio\/aurinkokivis-multifunction-house\/","url":"https:\/\/en.hslgroup.fi\/portfolio\/aurinkokivis-multifunction-house\/","name":"Aurinkokivi's multifunction house HSL Group LLC","isPartOf":{"@id":"https:\/\/en.hslgroup.fi\/en\/#website"},"datePublished":"2017-05-22T04:05:11+00:00","breadcrumb":{"@id":"https:\/\/en.hslgroup.fi\/portfolio\/aurinkokivis-multifunction-house\/#breadcrumb"},"inLanguage":"en-GB","potentialAction":[{"@type":"ReadAction","target":["https:\/\/en.hslgroup.fi\/portfolio\/aurinkokivis-multifunction-house\/"]}]},{"@type":"BreadcrumbList","@id":"https:\/\/en.hslgroup.fi\/portfolio\/aurinkokivis-multifunction-house\/#breadcrumb","itemListElement":[{"@type":"ListItem","position":1,"name":"Etusivu","item":"https:\/\/en.hslgroup.fi\/fi\/"},{"@type":"ListItem","position":2,"name":"Referenssit","item":"https:\/\/en.hslgroup.fi\/portfolio\/"},{"@type":"ListItem","position":3,"name":"Aurinkokiven monitoimitalo"}]},{"@type":"WebSite","@id":"https:\/\/en.hslgroup.fi\/en\/#website","url":"https:\/\/en.hslgroup.fi\/en\/","name":"HSL Group LLC","description":"J\u00e4rjestelm\u00e4v\u00e4lisein\u00e4t, siirtosein\u00e4t ja minitilaratkaisut","publisher":{"@id":"https:\/\/en.hslgroup.fi\/en\/#organization"},"potentialAction":[{"@type":"SearchAction","target":{"@type":"EntryPoint","urlTemplate":"https:\/\/en.hslgroup.fi\/en\/?s={search_term_string}"},"query-input":{"@type":"PropertyValueSpecification","valueRequired":true,"valueName":"search_term_string"}}],"inLanguage":"en-GB"},{"@type":"Organization","@id":"https:\/\/en.hslgroup.fi\/en\/#organization","name":"HSL Group LLC","url":"https:\/\/en.hslgroup.fi\/en\/","logo":{"@type":"ImageObject","inLanguage":"en-GB","@id":"https:\/\/en.hslgroup.fi\/en\/#\/schema\/logo\/image\/","url":"https:\/\/en.hslgroup.fi\/wp-content\/uploads\/2016\/07\/hsl_logo.jpg","contentUrl":"https:\/\/en.hslgroup.fi\/wp-content\/uploads\/2016\/07\/hsl_logo.jpg","width":125,"height":60,"caption":"HSL Group Oy"},"image":{"@id":"https:\/\/en.hslgroup.fi\/en\/#\/schema\/logo\/image\/"},"sameAs":["https:\/\/facebook.com\/hslgroupoy","https:\/\/linkedin.com\/company\/hsl-group"]}]}},"_links":{"self":[{"href":"https:\/\/en.hslgroup.fi\/en\/wp-json\/wp\/v2\/pages\/580","targetHints":{"allow":["GET"]}}],"collection":[{"href":"https:\/\/en.hslgroup.fi\/en\/wp-json\/wp\/v2\/pages"}],"about":[{"href":"https:\/\/en.hslgroup.fi\/en\/wp-json\/wp\/v2\/types\/page"}],"author":[{"embeddable":true,"href":"https:\/\/en.hslgroup.fi\/en\/wp-json\/wp\/v2\/users\/1"}],"replies":[{"embeddable":true,"href":"https:\/\/en.hslgroup.fi\/en\/wp-json\/wp\/v2\/comments?post=580"}],"version-history":[{"count":2,"href":"https:\/\/en.hslgroup.fi\/en\/wp-json\/wp\/v2\/pages\/580\/revisions"}],"predecessor-version":[{"id":583,"href":"https:\/\/en.hslgroup.fi\/en\/wp-json\/wp\/v2\/pages\/580\/revisions\/583"}],"up":[{"embeddable":true,"href":"https:\/\/en.hslgroup.fi\/en\/wp-json\/wp\/v2\/pages\/52"}],"wp:attachment":[{"href":"https:\/\/en.hslgroup.fi\/en\/wp-json\/wp\/v2\/media?parent=580"}],"curies":[{"name":"wp","href":"https:\/\/api.w.org\/{rel}","templated":true}]}}