{"id":56,"date":"2016-07-12T01:54:16","date_gmt":"2016-07-11T22:54:16","guid":{"rendered":"http:\/\/hslgroup.dev.elielviestinta.fi\/?page_id=56"},"modified":"2023-04-27T10:57:02","modified_gmt":"2023-04-27T07:57:02","slug":"contact-us","status":"publish","type":"page","link":"https:\/\/en.hslgroup.fi\/en\/contact-us\/","title":{"rendered":"CONTACT"},"content":{"rendered":"[et_pb_section fb_built=&#8221;1&#8243; specialty=&#8221;on&#8221; admin_label=&#8221;Osio&#8221; _builder_version=&#8221;4.16&#8243; global_colors_info=&#8221;{}&#8221;][et_pb_column type=&#8221;3_4&#8243; specialty_columns=&#8221;3&#8243; _builder_version=&#8221;4.16&#8243; custom_padding=&#8221;|||&#8221; global_colors_info=&#8221;{}&#8221; custom_padding__hover=&#8221;|||&#8221;][et_pb_row_inner column_structure=&#8221;1_2,1_2&#8243; admin_label=&#8221;Rivi&#8221; _builder_version=&#8221;4.16&#8243; global_colors_info=&#8221;{}&#8221;][et_pb_column_inner type=&#8221;1_2&#8243; saved_specialty_column_type=&#8221;3_4&#8243; _builder_version=&#8221;4.16&#8243; custom_padding=&#8221;|||&#8221; global_colors_info=&#8221;{}&#8221; custom_padding__hover=&#8221;|||&#8221;][et_pb_text admin_label=&#8221;Teksti&#8221; _builder_version=&#8221;4.17.4&#8243; background_size=&#8221;initial&#8221; background_position=&#8221;top_left&#8221; background_repeat=&#8221;repeat&#8221; use_border_color=&#8221;off&#8221; border_color=&#8221;#ffffff&#8221; border_style=&#8221;solid&#8221; global_colors_info=&#8221;{}&#8221;]\n<h2>HSL Group Oy<\/h2>\n<p>Showroom: Elim\u00e4enkatu 5, 00510 Helsinki<br \/>Tuotanto: Myllypurontie 11, 18600 Myllyoja<br \/>Puhelin <a href=\"tel:0102776500\">010 277 6500<\/a><br \/>asiakaspalvelu@hslgroup.fi<br \/>etunimi.sukunimi@hslgroup.fi<br \/>Y-tunnus 2811546-7<br \/>Kotipaikka Heinola<\/p>\n[\/et_pb_text][et_pb_text admin_label=&#8221;Teksti&#8221; _builder_version=&#8221;4.17.3&#8243; header_text_color=&#8221;#50af31&#8243; background_size=&#8221;initial&#8221; background_position=&#8221;top_left&#8221; background_repeat=&#8221;repeat&#8221; use_border_color=&#8221;off&#8221; border_color=&#8221;#ffffff&#8221; border_style=&#8221;solid&#8221; global_colors_info=&#8221;{}&#8221;]\n<h2>Laskutus<\/h2>\n<p>HSL Group Oy<br \/>PL 16112<br \/>00021 LASKUTUS<\/p>\n[\/et_pb_text][et_pb_text admin_label=&#8221;Teksti&#8221; _builder_version=&#8221;4.17.3&#8243; background_size=&#8221;initial&#8221; background_position=&#8221;top_left&#8221; background_repeat=&#8221;repeat&#8221; use_border_color=&#8221;off&#8221; border_color=&#8221;#ffffff&#8221; border_style=&#8221;solid&#8221; global_colors_info=&#8221;{}&#8221;]\n<h2>S\u00e4hk\u00f6isten laskujen vastaanotto<\/h2>\n<p>y-tunnus: 2811546-7<br \/>OVT-tunnus: 003728115467<br \/>V\u00e4litt\u00e4j\u00e4tunnus: 003723327487<br \/>Operaattori: Apix Messaging Oy<\/p>\n[\/et_pb_text][\/et_pb_column_inner][et_pb_column_inner type=&#8221;1_2&#8243; saved_specialty_column_type=&#8221;3_4&#8243; _builder_version=&#8221;4.16&#8243; custom_padding=&#8221;|||&#8221; global_colors_info=&#8221;{}&#8221; custom_padding__hover=&#8221;|||&#8221;][et_pb_text admin_label=&#8221;Yhteydenotto&#8221; _builder_version=&#8221;4.16&#8243; background_size=&#8221;initial&#8221; background_position=&#8221;top_left&#8221; background_repeat=&#8221;repeat&#8221; use_border_color=&#8221;off&#8221; border_color=&#8221;#ffffff&#8221; border_style=&#8221;solid&#8221; global_colors_info=&#8221;{}&#8221;]\n<h3>J\u00e4t\u00e4 yhteydenottopyynt\u00f6<\/h3>\n<div class=\"et_pb_contact\">\n<div class=\"wpcf7 no-js\" id=\"wpcf7-f46-o1\" lang=\"fi\" dir=\"ltr\" data-wpcf7-id=\"46\">\n<div class=\"screen-reader-response\"><p role=\"status\" aria-live=\"polite\" aria-atomic=\"true\"><\/p> <ul><\/ul><\/div>\n<form action=\"\/en\/wp-json\/wp\/v2\/pages\/56#wpcf7-f46-o1\" method=\"post\" class=\"wpcf7-form init\" aria-label=\"Yhteydenottolomake\" novalidate=\"novalidate\" data-status=\"init\">\n<fieldset class=\"hidden-fields-container\"><input type=\"hidden\" name=\"_wpcf7\" value=\"46\" \/><input type=\"hidden\" name=\"_wpcf7_version\" value=\"6.1.5\" \/><input type=\"hidden\" name=\"_wpcf7_locale\" value=\"fi\" \/><input type=\"hidden\" name=\"_wpcf7_unit_tag\" value=\"wpcf7-f46-o1\" \/><input type=\"hidden\" name=\"_wpcf7_container_post\" value=\"0\" \/><input type=\"hidden\" name=\"_wpcf7_posted_data_hash\" value=\"\" \/><input type=\"hidden\" name=\"_wpcf7_recaptcha_response\" value=\"\" \/>\n<\/fieldset>\n<p>Yritys\n<\/p>\n<p><span class=\"wpcf7-form-control-wrap\" data-name=\"company-name\"><input size=\"40\" maxlength=\"400\" class=\"wpcf7-form-control wpcf7-text wpcf7-validates-as-required\" aria-required=\"true\" aria-invalid=\"false\" value=\"\" type=\"text\" name=\"company-name\" \/><\/span>\n<\/p>\n<p>Yhteyshenkil\u00f6\n<\/p>\n<p><span class=\"wpcf7-form-control-wrap\" data-name=\"contact-person\"><input size=\"40\" maxlength=\"400\" class=\"wpcf7-form-control wpcf7-text wpcf7-validates-as-required\" aria-required=\"true\" aria-invalid=\"false\" value=\"\" type=\"text\" name=\"contact-person\" \/><\/span>\n<\/p>\n<p>S\u00e4hk\u00f6posti\n<\/p>\n<p><span class=\"wpcf7-form-control-wrap\" data-name=\"email\"><input size=\"40\" maxlength=\"400\" class=\"wpcf7-form-control wpcf7-email wpcf7-validates-as-required wpcf7-text wpcf7-validates-as-email\" aria-required=\"true\" aria-invalid=\"false\" value=\"\" type=\"email\" name=\"email\" \/><\/span>\n<\/p>\n<p>Puhelinnumero\n<\/p>\n<p><span class=\"wpcf7-form-control-wrap\" data-name=\"phone-number\"><input size=\"40\" maxlength=\"400\" class=\"wpcf7-form-control wpcf7-text\" aria-invalid=\"false\" value=\"\" type=\"text\" name=\"phone-number\" \/><\/span>\n<\/p>\n<p><input class=\"wpcf7-form-control wpcf7-submit has-spinner\" type=\"submit\" value=\"L\u00e4het\u00e4\" \/>\n<\/p><div class=\"wpcf7-response-output\" aria-hidden=\"true\"><\/div>\n<\/form>\n<\/div>\n<\/div>\n[\/et_pb_text][\/et_pb_column_inner][\/et_pb_row_inner][et_pb_row_inner admin_label=&#8221;Rivi&#8221; _builder_version=&#8221;4.16&#8243; global_colors_info=&#8221;{}&#8221;][et_pb_column_inner saved_specialty_column_type=&#8221;3_4&#8243; _builder_version=&#8221;4.16&#8243; custom_padding=&#8221;|||&#8221; global_colors_info=&#8221;{}&#8221; custom_padding__hover=&#8221;|||&#8221;][et_pb_text admin_label=&#8221;Teksti&#8221; _builder_version=&#8221;4.17.1&#8243; background_size=&#8221;initial&#8221; background_position=&#8221;top_left&#8221; background_repeat=&#8221;repeat&#8221; hover_enabled=&#8221;0&#8243; use_border_color=&#8221;off&#8221; border_color=&#8221;#ffffff&#8221; border_style=&#8221;solid&#8221; global_colors_info=&#8221;{}&#8221; sticky_enabled=&#8221;0&#8243;]\n<p><strong>Myyntipisteemme sijaitsee Helsingiss\u00e4 Elim\u00e4enkatu 5:ss\u00e4. Tervetuloa k\u00e4ym\u00e4\u00e4n!<\/strong><\/p>\n[\/et_pb_text][\/et_pb_column_inner][\/et_pb_row_inner][et_pb_row_inner admin_label=&#8221;Rivi&#8221; _builder_version=&#8221;4.16&#8243; global_colors_info=&#8221;{}&#8221;][et_pb_column_inner saved_specialty_column_type=&#8221;3_4&#8243; _builder_version=&#8221;4.16&#8243; custom_padding=&#8221;|||&#8221; global_colors_info=&#8221;{}&#8221; custom_padding__hover=&#8221;|||&#8221;][et_pb_text admin_label=&#8221;Teksti&#8221; _builder_version=&#8221;4.20.2&#8243; background_size=&#8221;initial&#8221; background_position=&#8221;top_left&#8221; background_repeat=&#8221;repeat&#8221; hover_enabled=&#8221;0&#8243; use_border_color=&#8221;off&#8221; border_color=&#8221;#ffffff&#8221; border_style=&#8221;solid&#8221; global_colors_info=&#8221;{}&#8221; sticky_enabled=&#8221;0&#8243;]\n<p><iframe src=\"https:\/\/www.google.com\/maps\/embed?pb=!1m18!1m12!1m3!1d1210.2818937537697!2d24.951149849991797!3d60.19367988510228!2m3!1f0!2f0!3f0!3m2!1i1024!2i768!4f13.1!3m3!1m2!1s0x4692098375484fb5%3A0x7528f69a72f00f19!2sElim%C3%A4enkatu%205%2C%2000510%20Helsinki!5e0!3m2!1sfi!2sfi!4v1650370869109!5m2!1sfi!2sfi\" style=\"border: 0;\" allowfullscreen=\"\" loading=\"lazy\" referrerpolicy=\"no-referrer-when-downgrade\" width=\"100%\" height=\"400\"><\/iframe><\/p>\n<p><img loading=\"lazy\" decoding=\"async\" src=\"https:\/\/en.hslgroup.fi\/wp-content\/uploads\/2023\/04\/LOGO_PLATINUM_STANDING_BLACK_FI_2_web-235x300.png\" width=\"235\" height=\"300\" alt=\"\" class=\"wp-image-3209 alignnone size-medium\" srcset=\"https:\/\/en.hslgroup.fi\/wp-content\/uploads\/2023\/04\/LOGO_PLATINUM_STANDING_BLACK_FI_2_web-235x300.png 235w, https:\/\/en.hslgroup.fi\/wp-content\/uploads\/2023\/04\/LOGO_PLATINUM_STANDING_BLACK_FI_2_web-9x12.png 9w, https:\/\/en.hslgroup.fi\/wp-content\/uploads\/2023\/04\/LOGO_PLATINUM_STANDING_BLACK_FI_2_web.png 346w\" sizes=\"(max-width: 235px) 100vw, 235px\" \/><img loading=\"lazy\" decoding=\"async\" class=\"alignnone wp-image-561 size-medium\" title=\"Veronumero.fi-small\" src=\"http:\/\/hslgroup.fi\/wp-content\/uploads\/2016\/07\/veronumero-300x50.png\" width=\"300\" height=\"50\" srcset=\"https:\/\/en.hslgroup.fi\/wp-content\/uploads\/2016\/07\/veronumero-300x50.png 300w, https:\/\/en.hslgroup.fi\/wp-content\/uploads\/2016\/07\/veronumero-768x129.png 768w, https:\/\/en.hslgroup.fi\/wp-content\/uploads\/2016\/07\/veronumero-1024x172.png 1024w, https:\/\/en.hslgroup.fi\/wp-content\/uploads\/2016\/07\/veronumero.png 1036w\" sizes=\"(max-width: 300px) 100vw, 300px\" \/><img loading=\"lazy\" decoding=\"async\" class=\"alignnone wp-image-564\" title=\"luotettava-kumppani-small\" src=\"http:\/\/hslgroup.fi\/wp-content\/uploads\/2016\/07\/tilaajavastuu_-300x60.png\" width=\"250\" height=\"50\" srcset=\"https:\/\/en.hslgroup.fi\/wp-content\/uploads\/2016\/07\/tilaajavastuu_-300x60.png 300w, https:\/\/en.hslgroup.fi\/wp-content\/uploads\/2016\/07\/tilaajavastuu_-768x153.png 768w, https:\/\/en.hslgroup.fi\/wp-content\/uploads\/2016\/07\/tilaajavastuu_-1024x204.png 1024w, https:\/\/en.hslgroup.fi\/wp-content\/uploads\/2016\/07\/tilaajavastuu_.png 1072w\" sizes=\"(max-width: 250px) 100vw, 250px\" \/><\/p>\n[\/et_pb_text][\/et_pb_column_inner][\/et_pb_row_inner][\/et_pb_column][et_pb_column type=&#8221;1_4&#8243; _builder_version=&#8221;4.16&#8243; custom_padding=&#8221;|||&#8221; global_colors_info=&#8221;{}&#8221; custom_padding__hover=&#8221;|||&#8221;][et_pb_text admin_label=&#8221;Teksti&#8221; _builder_version=&#8221;4.19.5&#8243; background_color=&#8221;rgba(190,219,190,0.22)&#8221; background_size=&#8221;initial&#8221; background_position=&#8221;top_left&#8221; background_repeat=&#8221;repeat&#8221; custom_padding=&#8221;20px|20px|20px|20px|false|false&#8221; use_border_color=&#8221;off&#8221; border_color=&#8221;#ffffff&#8221; border_style=&#8221;solid&#8221; global_colors_info=&#8221;{}&#8221;]\n<p><strong>Suorat numerot<\/strong><\/p>\n<p>Myynti<br \/><a href=\"mailto:myynti@hslgroup.fi\">myynti@hslgroup.fi<\/a><\/p>\n<p>\u00c4\u00e4nenhallinta<br \/><a href=\"mailto:myynti@hslgroup.fi\">aani@hslgroup.fi<\/a><\/p>\n<p>Tarjouspyynn\u00f6t<br \/><a href=\"mailto:asiakaspalvelu@hslgroup.fi\">asiakaspalvelu@hslgroup.fi<\/a><\/p>\n<p>Toimitusjohtaja<br \/>Mika Pentik\u00e4inen<br \/><a href=\"tel:+358408215434\">+358 40 821 5434<\/a><\/p>\n<p>Tuotantop\u00e4\u00e4llikk\u00f6<br \/>Marko Toijonen<br \/><a href=\"tel:+358503749591\">+358 50 374 9591<\/a><\/p>\n<p>Laskentap\u00e4\u00e4llikk\u00f6<br \/>Ari Ketom\u00e4ki<br \/><a href=\"tel:+358405009312\">+358 40 500 9312<\/a><\/p>\n<p>Laskentap\u00e4\u00e4llikk\u00f6<br \/>Aaro Nieminen<br \/><a href=\"tel:+358404172349\">+358 40 417 2349<\/a><\/p>\n<p>Myyntip\u00e4\u00e4llikk\u00f6<br \/>Jani Luukkonen<br \/><a href=\"tel:+358414383269\">+358 41 438 3269<\/a><\/p>\n<p>Projektip\u00e4\u00e4llikk\u00f6<br \/>Timo M\u00f6ls\u00e4<br \/><a href=\"tel:+358400353898\">+358 400 353 898<\/a><\/p>\n<p>Projektip\u00e4\u00e4llikk\u00f6<br \/>Matti Virtanen<br \/><a href=\"tel:+358442686833\">+358 44 268 6833<\/a><\/p>\n<p>Projektip\u00e4\u00e4llikk\u00f6<br \/>Jari Suvanto<br \/><a href=\"tel:+358408651923\">+358 40 865 1923<\/a><\/p>\n<p>Projekti-insin\u00f6\u00f6ri<br \/>Taru Ollilainen<br \/><a href=\"tel:+358405048100\">+358 40 504 8100<\/a><\/p>\n<p>Projekti-insin\u00f6\u00f6ri<br \/>Ari-Pekka Hyttinen<br \/><a href=\"tel:+358504686271\">+358 50 468 6271<\/a><\/p>\n<p>Projektip\u00e4\u00e4llikk\u00f6<br \/>Sami Pulkkinen<br \/><a href=\"tel:+358408383795\">+358\u00a040 838 3795<\/a><\/p>\n<p>Laskentainsin\u00f6\u00f6ri<br \/>Henri Rajala<br \/><a href=\"tel:+358505760978\">+358 50 5760978<\/a><\/p>\n<p>Laskutus ja henkil\u00f6st\u00f6asiat<br \/>P\u00e4ivi Myllyniemi<br \/><a href=\"tel:+358102776500\">+358 10 277 6500<\/a><\/p>\n[\/et_pb_text][\/et_pb_column][\/et_pb_section]\n","protected":false},"excerpt":{"rendered":"<p>HSL Group Oy Showroom: Elim\u00e4enkatu 5, 00510 HelsinkiTuotanto: Myllypurontie 11, 18600 MyllyojaPuhelin 010 277 6500asiakaspalvelu@hslgroup.fietunimi.sukunimi@hslgroup.fiY-tunnus 2811546-7Kotipaikka HeinolaLaskutus HSL Group OyPL 1611200021 LASKUTUSS\u00e4hk\u00f6isten laskujen vastaanotto y-tunnus: 2811546-7OVT-tunnus: 003728115467V\u00e4litt\u00e4j\u00e4tunnus: 003723327487Operaattori: Apix Messaging OyJ\u00e4t\u00e4 yhteydenottopyynt\u00f6 \n<div class=\"wpcf7 no-js\" id=\"wpcf7-f46-o2\" lang=\"fi\" dir=\"ltr\" data-wpcf7-id=\"46\">\n<div class=\"screen-reader-response\"><p role=\"status\" aria-live=\"polite\" aria-atomic=\"true\"><\/p> <ul><\/ul><\/div>\n<form action=\"\/en\/wp-json\/wp\/v2\/pages\/56#wpcf7-f46-o2\" method=\"post\" class=\"wpcf7-form init\" aria-label=\"Yhteydenottolomake\" novalidate=\"novalidate\" data-status=\"init\">\n<fieldset class=\"hidden-fields-container\"><input type=\"hidden\" name=\"_wpcf7\" value=\"46\" \/><input type=\"hidden\" name=\"_wpcf7_version\" value=\"6.1.5\" \/><input type=\"hidden\" name=\"_wpcf7_locale\" value=\"fi\" \/><input type=\"hidden\" name=\"_wpcf7_unit_tag\" value=\"wpcf7-f46-o2\" \/><input type=\"hidden\" name=\"_wpcf7_container_post\" value=\"0\" \/><input type=\"hidden\" name=\"_wpcf7_posted_data_hash\" value=\"\" \/><input type=\"hidden\" name=\"_wpcf7_recaptcha_response\" value=\"\" \/>\n<\/fieldset>\n<p>Yritys\n<\/p>\n<p><span class=\"wpcf7-form-control-wrap\" data-name=\"company-name\"><input size=\"40\" maxlength=\"400\" class=\"wpcf7-form-control wpcf7-text wpcf7-validates-as-required\" aria-required=\"true\" aria-invalid=\"false\" value=\"\" type=\"text\" name=\"company-name\" \/><\/span>\n<\/p>\n<p>Yhteyshenkil\u00f6\n<\/p>\n<p><span class=\"wpcf7-form-control-wrap\" data-name=\"contact-person\"><input size=\"40\" maxlength=\"400\" class=\"wpcf7-form-control wpcf7-text wpcf7-validates-as-required\" aria-required=\"true\" aria-invalid=\"false\" value=\"\" type=\"text\" name=\"contact-person\" \/><\/span>\n<\/p>\n<p>S\u00e4hk\u00f6posti\n<\/p>\n<p><span class=\"wpcf7-form-control-wrap\" data-name=\"email\"><input size=\"40\" maxlength=\"400\" class=\"wpcf7-form-control wpcf7-email wpcf7-validates-as-required wpcf7-text wpcf7-validates-as-email\" aria-required=\"true\" aria-invalid=\"false\" value=\"\" type=\"email\" name=\"email\" \/><\/span>\n<\/p>\n<p>Puhelinnumero\n<\/p>\n<p><span class=\"wpcf7-form-control-wrap\" data-name=\"phone-number\"><input size=\"40\" maxlength=\"400\" class=\"wpcf7-form-control wpcf7-text\" aria-invalid=\"false\" value=\"\" type=\"text\" name=\"phone-number\" \/><\/span>\n<\/p>\n<p><input class=\"wpcf7-form-control wpcf7-submit has-spinner\" type=\"submit\" value=\"L\u00e4het\u00e4\" \/>\n<\/p><div class=\"wpcf7-response-output\" aria-hidden=\"true\"><\/div>\n<\/form>\n<\/div>\n Myyntipisteemme sijaitsee Helsingiss\u00e4 Elim\u00e4enkatu 5:ss\u00e4. Tervetuloa k\u00e4ym\u00e4\u00e4n! Suorat numerot Myyntimyynti@hslgroup.fi \u00c4\u00e4nenhallintaaani@hslgroup.fi Tarjouspyynn\u00f6tasiakaspalvelu@hslgroup.fi ToimitusjohtajaMika Pentik\u00e4inen+358 40 821 5434 Tuotantop\u00e4\u00e4llikk\u00f6Marko Toijonen+358 50 [&hellip;]<\/p>\n","protected":false},"author":1,"featured_media":0,"parent":0,"menu_order":0,"comment_status":"closed","ping_status":"closed","template":"","meta":{"_et_pb_use_builder":"on","_et_pb_old_content":"","_et_gb_content_width":"","footnotes":""},"class_list":["post-56","page","type-page","status-publish","hentry"],"yoast_head":"<!-- This site is optimized with the Yoast SEO plugin v27.4 - https:\/\/yoast.com\/product\/yoast-seo-wordpress\/ -->\n<title>Yhteystiedot - HSL Group Oy<\/title>\n<meta name=\"description\" content=\"HSL Group yhteystiedot. Tuotteisiimme liittyviss\u00e4 kyselyiss\u00e4 ja tarjouspyynn\u00f6iss\u00e4 pyyd\u00e4mme ottamaan yhteytt\u00e4 asiakaspalveluun\" \/>\n<meta name=\"robots\" content=\"index, follow, max-snippet:-1, max-image-preview:large, max-video-preview:-1\" \/>\n<link rel=\"canonical\" href=\"https:\/\/en.hslgroup.fi\/en\/contact-us\/\" \/>\n<meta property=\"og:locale\" content=\"en_GB\" \/>\n<meta property=\"og:type\" content=\"article\" \/>\n<meta property=\"og:title\" content=\"Yhteystiedot - HSL Group Oy\" \/>\n<meta property=\"og:description\" content=\"HSL Group yhteystiedot. Tuotteisiimme liittyviss\u00e4 kyselyiss\u00e4 ja tarjouspyynn\u00f6iss\u00e4 pyyd\u00e4mme ottamaan yhteytt\u00e4 asiakaspalveluun\" \/>\n<meta property=\"og:url\" content=\"https:\/\/en.hslgroup.fi\/en\/contact-us\/\" \/>\n<meta property=\"og:site_name\" content=\"HSL Group Oy\" \/>\n<meta property=\"article:publisher\" content=\"https:\/\/facebook.com\/hslgroupoy\" \/>\n<meta property=\"article:modified_time\" content=\"2023-04-27T07:57:02+00:00\" \/>\n<meta property=\"og:image\" content=\"https:\/\/en.hslgroup.fi\/wp-content\/uploads\/2023\/04\/LOGO_PLATINUM_STANDING_BLACK_FI_2_web-235x300.png\" \/>\n<meta name=\"twitter:card\" content=\"summary_large_image\" \/>\n<meta name=\"twitter:label1\" content=\"Estimated reading time\" \/>\n\t<meta name=\"twitter:data1\" content=\"3 minutes\" \/>\n<script type=\"application\/ld+json\" class=\"yoast-schema-graph\">{\"@context\":\"https:\\\/\\\/schema.org\",\"@graph\":[{\"@type\":\"WebPage\",\"@id\":\"https:\\\/\\\/en.hslgroup.fi\\\/contact-us\\\/\",\"url\":\"https:\\\/\\\/en.hslgroup.fi\\\/contact-us\\\/\",\"name\":\"Yhteystiedot - HSL Group Oy\",\"isPartOf\":{\"@id\":\"https:\\\/\\\/en.hslgroup.fi\\\/en\\\/#website\"},\"primaryImageOfPage\":{\"@id\":\"https:\\\/\\\/en.hslgroup.fi\\\/contact-us\\\/#primaryimage\"},\"image\":{\"@id\":\"https:\\\/\\\/en.hslgroup.fi\\\/contact-us\\\/#primaryimage\"},\"thumbnailUrl\":\"https:\\\/\\\/en.hslgroup.fi\\\/wp-content\\\/uploads\\\/2023\\\/04\\\/LOGO_PLATINUM_STANDING_BLACK_FI_2_web-235x300.png\",\"datePublished\":\"2016-07-11T22:54:16+00:00\",\"dateModified\":\"2023-04-27T07:57:02+00:00\",\"description\":\"HSL Group yhteystiedot. Tuotteisiimme liittyviss\u00e4 kyselyiss\u00e4 ja tarjouspyynn\u00f6iss\u00e4 pyyd\u00e4mme ottamaan yhteytt\u00e4 asiakaspalveluun\",\"breadcrumb\":{\"@id\":\"https:\\\/\\\/en.hslgroup.fi\\\/contact-us\\\/#breadcrumb\"},\"inLanguage\":\"en-GB\",\"potentialAction\":[{\"@type\":\"ReadAction\",\"target\":[\"https:\\\/\\\/en.hslgroup.fi\\\/contact-us\\\/\"]}]},{\"@type\":\"ImageObject\",\"inLanguage\":\"en-GB\",\"@id\":\"https:\\\/\\\/en.hslgroup.fi\\\/contact-us\\\/#primaryimage\",\"url\":\"https:\\\/\\\/en.hslgroup.fi\\\/wp-content\\\/uploads\\\/2023\\\/04\\\/LOGO_PLATINUM_STANDING_BLACK_FI_2_web-235x300.png\",\"contentUrl\":\"https:\\\/\\\/en.hslgroup.fi\\\/wp-content\\\/uploads\\\/2023\\\/04\\\/LOGO_PLATINUM_STANDING_BLACK_FI_2_web-235x300.png\"},{\"@type\":\"BreadcrumbList\",\"@id\":\"https:\\\/\\\/en.hslgroup.fi\\\/contact-us\\\/#breadcrumb\",\"itemListElement\":[{\"@type\":\"ListItem\",\"position\":1,\"name\":\"Etusivu\",\"item\":\"https:\\\/\\\/en.hslgroup.fi\\\/fi\\\/\"},{\"@type\":\"ListItem\",\"position\":2,\"name\":\"Yhteystiedot\"}]},{\"@type\":\"WebSite\",\"@id\":\"https:\\\/\\\/en.hslgroup.fi\\\/en\\\/#website\",\"url\":\"https:\\\/\\\/en.hslgroup.fi\\\/en\\\/\",\"name\":\"HSL Group Oy\",\"description\":\"J\u00e4rjestelm\u00e4v\u00e4lisein\u00e4t, siirtosein\u00e4t ja minitilaratkaisut\",\"publisher\":{\"@id\":\"https:\\\/\\\/en.hslgroup.fi\\\/en\\\/#organization\"},\"potentialAction\":[{\"@type\":\"SearchAction\",\"target\":{\"@type\":\"EntryPoint\",\"urlTemplate\":\"https:\\\/\\\/en.hslgroup.fi\\\/en\\\/?s={search_term_string}\"},\"query-input\":{\"@type\":\"PropertyValueSpecification\",\"valueRequired\":true,\"valueName\":\"search_term_string\"}}],\"inLanguage\":\"en-GB\"},{\"@type\":\"Organization\",\"@id\":\"https:\\\/\\\/en.hslgroup.fi\\\/en\\\/#organization\",\"name\":\"HSL Group Oy\",\"url\":\"https:\\\/\\\/en.hslgroup.fi\\\/en\\\/\",\"logo\":{\"@type\":\"ImageObject\",\"inLanguage\":\"en-GB\",\"@id\":\"https:\\\/\\\/en.hslgroup.fi\\\/en\\\/#\\\/schema\\\/logo\\\/image\\\/\",\"url\":\"https:\\\/\\\/en.hslgroup.fi\\\/wp-content\\\/uploads\\\/2016\\\/07\\\/hsl_logo.jpg\",\"contentUrl\":\"https:\\\/\\\/en.hslgroup.fi\\\/wp-content\\\/uploads\\\/2016\\\/07\\\/hsl_logo.jpg\",\"width\":125,\"height\":60,\"caption\":\"HSL Group Oy\"},\"image\":{\"@id\":\"https:\\\/\\\/en.hslgroup.fi\\\/en\\\/#\\\/schema\\\/logo\\\/image\\\/\"},\"sameAs\":[\"https:\\\/\\\/facebook.com\\\/hslgroupoy\",\"https:\\\/\\\/linkedin.com\\\/company\\\/hsl-group\"]}]}<\/script>\n<!-- \/ Yoast SEO plugin. -->","yoast_head_json":{"title":"Contact-us-HSL Group LLC","description":"HSL Group contact information. In questions regarding our products and offer request we ask you to contact our customer service","robots":{"index":"index","follow":"follow","max-snippet":"max-snippet:-1","max-image-preview":"max-image-preview:large","max-video-preview":"max-video-preview:-1"},"canonical":"https:\/\/en.hslgroup.fi\/en\/contact-us\/","og_locale":"en_GB","og_type":"article","og_title":"Yhteystiedot - HSL Group Oy","og_description":"HSL Group yhteystiedot. Tuotteisiimme liittyviss\u00e4 kyselyiss\u00e4 ja tarjouspyynn\u00f6iss\u00e4 pyyd\u00e4mme ottamaan yhteytt\u00e4 asiakaspalveluun","og_url":"https:\/\/en.hslgroup.fi\/en\/contact-us\/","og_site_name":"HSL Group Oy","article_publisher":"https:\/\/facebook.com\/hslgroupoy","article_modified_time":"2023-04-27T07:57:02+00:00","og_image":[{"url":"https:\/\/en.hslgroup.fi\/wp-content\/uploads\/2023\/04\/LOGO_PLATINUM_STANDING_BLACK_FI_2_web-235x300.png","type":"","width":"","height":""}],"twitter_card":"summary_large_image","twitter_misc":{"Estimated reading time":"3 minutes"},"schema":{"@context":"https:\/\/schema.org","@graph":[{"@type":"WebPage","@id":"https:\/\/en.hslgroup.fi\/contact-us\/","url":"https:\/\/en.hslgroup.fi\/contact-us\/","name":"Contact-us-HSL Group LLC","isPartOf":{"@id":"https:\/\/en.hslgroup.fi\/en\/#website"},"primaryImageOfPage":{"@id":"https:\/\/en.hslgroup.fi\/contact-us\/#primaryimage"},"image":{"@id":"https:\/\/en.hslgroup.fi\/contact-us\/#primaryimage"},"thumbnailUrl":"https:\/\/en.hslgroup.fi\/wp-content\/uploads\/2023\/04\/LOGO_PLATINUM_STANDING_BLACK_FI_2_web-235x300.png","datePublished":"2016-07-11T22:54:16+00:00","dateModified":"2023-04-27T07:57:02+00:00","description":"HSL Group contact information. In questions regarding our products and offer request we ask you to contact our customer service","breadcrumb":{"@id":"https:\/\/en.hslgroup.fi\/contact-us\/#breadcrumb"},"inLanguage":"en-GB","potentialAction":[{"@type":"ReadAction","target":["https:\/\/en.hslgroup.fi\/contact-us\/"]}]},{"@type":"ImageObject","inLanguage":"en-GB","@id":"https:\/\/en.hslgroup.fi\/contact-us\/#primaryimage","url":"https:\/\/en.hslgroup.fi\/wp-content\/uploads\/2023\/04\/LOGO_PLATINUM_STANDING_BLACK_FI_2_web-235x300.png","contentUrl":"https:\/\/en.hslgroup.fi\/wp-content\/uploads\/2023\/04\/LOGO_PLATINUM_STANDING_BLACK_FI_2_web-235x300.png"},{"@type":"BreadcrumbList","@id":"https:\/\/en.hslgroup.fi\/contact-us\/#breadcrumb","itemListElement":[{"@type":"ListItem","position":1,"name":"Etusivu","item":"https:\/\/en.hslgroup.fi\/fi\/"},{"@type":"ListItem","position":2,"name":"Yhteystiedot"}]},{"@type":"WebSite","@id":"https:\/\/en.hslgroup.fi\/en\/#website","url":"https:\/\/en.hslgroup.fi\/en\/","name":"HSL Group LLC","description":"J\u00e4rjestelm\u00e4v\u00e4lisein\u00e4t, siirtosein\u00e4t ja minitilaratkaisut","publisher":{"@id":"https:\/\/en.hslgroup.fi\/en\/#organization"},"potentialAction":[{"@type":"SearchAction","target":{"@type":"EntryPoint","urlTemplate":"https:\/\/en.hslgroup.fi\/en\/?s={search_term_string}"},"query-input":{"@type":"PropertyValueSpecification","valueRequired":true,"valueName":"search_term_string"}}],"inLanguage":"en-GB"},{"@type":"Organization","@id":"https:\/\/en.hslgroup.fi\/en\/#organization","name":"HSL Group LLC","url":"https:\/\/en.hslgroup.fi\/en\/","logo":{"@type":"ImageObject","inLanguage":"en-GB","@id":"https:\/\/en.hslgroup.fi\/en\/#\/schema\/logo\/image\/","url":"https:\/\/en.hslgroup.fi\/wp-content\/uploads\/2016\/07\/hsl_logo.jpg","contentUrl":"https:\/\/en.hslgroup.fi\/wp-content\/uploads\/2016\/07\/hsl_logo.jpg","width":125,"height":60,"caption":"HSL Group Oy"},"image":{"@id":"https:\/\/en.hslgroup.fi\/en\/#\/schema\/logo\/image\/"},"sameAs":["https:\/\/facebook.com\/hslgroupoy","https:\/\/linkedin.com\/company\/hsl-group"]}]}},"_links":{"self":[{"href":"https:\/\/en.hslgroup.fi\/en\/wp-json\/wp\/v2\/pages\/56","targetHints":{"allow":["GET"]}}],"collection":[{"href":"https:\/\/en.hslgroup.fi\/en\/wp-json\/wp\/v2\/pages"}],"about":[{"href":"https:\/\/en.hslgroup.fi\/en\/wp-json\/wp\/v2\/types\/page"}],"author":[{"embeddable":true,"href":"https:\/\/en.hslgroup.fi\/en\/wp-json\/wp\/v2\/users\/1"}],"replies":[{"embeddable":true,"href":"https:\/\/en.hslgroup.fi\/en\/wp-json\/wp\/v2\/comments?post=56"}],"version-history":[{"count":5,"href":"https:\/\/en.hslgroup.fi\/en\/wp-json\/wp\/v2\/pages\/56\/revisions"}],"predecessor-version":[{"id":3210,"href":"https:\/\/en.hslgroup.fi\/en\/wp-json\/wp\/v2\/pages\/56\/revisions\/3210"}],"wp:attachment":[{"href":"https:\/\/en.hslgroup.fi\/en\/wp-json\/wp\/v2\/media?parent=56"}],"curies":[{"name":"wp","href":"https:\/\/api.w.org\/{rel}","templated":true}]}}