{"id":546,"date":"2016-08-11T00:15:43","date_gmt":"2016-08-10T21:15:43","guid":{"rendered":"http:\/\/hslgroup.dev.elielviestinta.fi\/?page_id=546"},"modified":"2022-04-04T10:32:52","modified_gmt":"2022-04-04T07:32:52","slug":"why-choose-hsl-group-as-a-partner","status":"publish","type":"page","link":"https:\/\/en.hslgroup.fi\/en\/why-choose-hsl-group-as-a-partner\/","title":{"rendered":"The secret to our success"},"content":{"rendered":"[et_pb_section fb_built=&#8221;1&#8243; _builder_version=&#8221;4.16&#8243; global_colors_info=&#8221;{}&#8221;][et_pb_row column_structure=&#8221;2_3,1_3&#8243; _builder_version=&#8221;4.16&#8243; background_size=&#8221;initial&#8221; background_position=&#8221;top_left&#8221; background_repeat=&#8221;repeat&#8221; global_colors_info=&#8221;{}&#8221;][et_pb_column type=&#8221;2_3&#8243; _builder_version=&#8221;4.16&#8243; custom_padding=&#8221;|||&#8221; global_colors_info=&#8221;{}&#8221; custom_padding__hover=&#8221;|||&#8221;][et_pb_text _builder_version=&#8221;4.16&#8243; global_colors_info=&#8221;{}&#8221;]\n<h2>Menestyksemme salaisuus<\/h2>\n[\/et_pb_text][et_pb_text _builder_version=&#8221;4.16&#8243; background_size=&#8221;initial&#8221; background_position=&#8221;top_left&#8221; background_repeat=&#8221;repeat&#8221; global_colors_info=&#8221;{}&#8221;]\n<p><em><strong><\/strong>HSL Group Oy on mukana sadoissa rakennuskohteissa ymp\u00e4ri Suomen. Menestyksemme salaisuus on yksinkertainen paperilla,<\/em>\u00a0<em>mutta vaativa k\u00e4yt\u00e4nn\u00f6ss\u00e4. Se rakentuu n\u00e4ist\u00e4 tekij\u00f6ist\u00e4.<\/em><\/p>\n<p><strong>Ajattelemme isommin<\/strong><br \/> Laaja j\u00e4rjestelm\u00e4v\u00e4liseinien valikoima on toimitamme selk\u00e4ranka. Kanssamme voit olla varma siit\u00e4, ett\u00e4 tuote vastaa tarvettasi. Ajattelemme asiaa kuitenkin isommin, kokonaispalveluna. Kokonaispalvelu tarkoittaa, ett\u00e4 seinien lis\u00e4ksi saat HSL Groupista kumppanin, jonka asiantuntijuus on k\u00e4ytett\u00e4viss\u00e4 niin suunnittelussa, asennuksessa, yll\u00e4pidossa kuin muutost\u00f6iss\u00e4 kohteen koko elinkaaren ajan. Vastaavaa kokonaispalvelua et saa muualta.<\/p>\n<p><strong>Heinola, Suomi \u2013 Finland<br \/> <\/strong>Kaikki HSL-j\u00e4rjestelm\u00e4v\u00e4lisein\u00e4t ovat kotimaista suunnittelua ja me my\u00f6s valmistamme sein\u00e4mme Suomessa, Heinolassa. Koko tuotantoketjuamme ohjaavat periaatteet ovat laatu, ajoitus ja t\u00e4sm\u00e4llisyys. Sein\u00e4t tuomme ty\u00f6kohteeseen, kun lattiapinnat ovat valmiita ja tilan luovutamme avaimet k\u00e4teen periaatteella asiakkaalle. Ammattiylpeyteemme kuuluu my\u00f6s ymp\u00e4rist\u00f6st\u00e4 huolehtiminen ja noudatamme kaikessa toiminnassamme kest\u00e4v\u00e4n kehityksen periaatteita.<\/p>\n<p><strong>Palvelemme paremmin?<br \/> <\/strong>Hyv\u00e4\u00e4 palvelu on vaikea kuvailla, mutta helppo tunnistaa. Vahva asemamme markkinoilla ei selity yksin erinomaisilla tuotteilla tai kovalla myyntity\u00f6ll\u00e4. Itse uskomme hyv\u00e4\u00e4n, henkil\u00f6kohtaiseen palveluun ja haluamme tarjota asiakkaillemme kumppanuuden jota ei haluta vaihtaa toiseen. Oikeat tahot kertomaan saamaastaan palvelusta ovat asiakkaamme. Lue heid\u00e4n mielipiteit\u00e4\u00e4n meist\u00e4 etusivun linkeist\u00e4.<strong><br \/> <\/strong><\/p>\n<p><strong>Tervetuloa HSL Groupin asiakkaaksi!<br \/> <\/strong><\/p>\n[\/et_pb_text][\/et_pb_column][et_pb_column type=&#8221;1_3&#8243; _builder_version=&#8221;4.16&#8243; global_colors_info=&#8221;{}&#8221;][et_pb_text _builder_version=&#8221;4.16&#8243; global_colors_info=&#8221;{}&#8221;]\n<h3>J\u00e4t\u00e4 yhteydenottopyynt\u00f6<\/h3>\n<div class=\"et_pb_contact\">\n<div class=\"wpcf7 no-js\" id=\"wpcf7-f46-o1\" lang=\"fi\" dir=\"ltr\" data-wpcf7-id=\"46\">\n<div class=\"screen-reader-response\"><p role=\"status\" aria-live=\"polite\" aria-atomic=\"true\"><\/p> <ul><\/ul><\/div>\n<form action=\"\/en\/wp-json\/wp\/v2\/pages\/546#wpcf7-f46-o1\" method=\"post\" class=\"wpcf7-form init\" aria-label=\"Yhteydenottolomake\" novalidate=\"novalidate\" data-status=\"init\">\n<fieldset class=\"hidden-fields-container\"><input type=\"hidden\" name=\"_wpcf7\" value=\"46\" \/><input type=\"hidden\" name=\"_wpcf7_version\" value=\"6.1.5\" \/><input type=\"hidden\" name=\"_wpcf7_locale\" value=\"fi\" \/><input type=\"hidden\" name=\"_wpcf7_unit_tag\" value=\"wpcf7-f46-o1\" \/><input type=\"hidden\" name=\"_wpcf7_container_post\" value=\"0\" \/><input type=\"hidden\" name=\"_wpcf7_posted_data_hash\" value=\"\" \/><input type=\"hidden\" name=\"_wpcf7_recaptcha_response\" value=\"\" \/>\n<\/fieldset>\n<p>Yritys\n<\/p>\n<p><span class=\"wpcf7-form-control-wrap\" data-name=\"company-name\"><input size=\"40\" maxlength=\"400\" class=\"wpcf7-form-control wpcf7-text wpcf7-validates-as-required\" aria-required=\"true\" aria-invalid=\"false\" value=\"\" type=\"text\" name=\"company-name\" \/><\/span>\n<\/p>\n<p>Yhteyshenkil\u00f6\n<\/p>\n<p><span class=\"wpcf7-form-control-wrap\" data-name=\"contact-person\"><input size=\"40\" maxlength=\"400\" class=\"wpcf7-form-control wpcf7-text wpcf7-validates-as-required\" aria-required=\"true\" aria-invalid=\"false\" value=\"\" type=\"text\" name=\"contact-person\" \/><\/span>\n<\/p>\n<p>S\u00e4hk\u00f6posti\n<\/p>\n<p><span class=\"wpcf7-form-control-wrap\" data-name=\"email\"><input size=\"40\" maxlength=\"400\" class=\"wpcf7-form-control wpcf7-email wpcf7-validates-as-required wpcf7-text wpcf7-validates-as-email\" aria-required=\"true\" aria-invalid=\"false\" value=\"\" type=\"email\" name=\"email\" \/><\/span>\n<\/p>\n<p>Puhelinnumero\n<\/p>\n<p><span class=\"wpcf7-form-control-wrap\" data-name=\"phone-number\"><input size=\"40\" maxlength=\"400\" class=\"wpcf7-form-control wpcf7-text\" aria-invalid=\"false\" value=\"\" type=\"text\" name=\"phone-number\" \/><\/span>\n<\/p>\n<p><input class=\"wpcf7-form-control wpcf7-submit has-spinner\" type=\"submit\" value=\"L\u00e4het\u00e4\" \/>\n<\/p><div class=\"wpcf7-response-output\" aria-hidden=\"true\"><\/div>\n<\/form>\n<\/div>\n<\/div>\n[\/et_pb_text][et_pb_cta title=&#8221;Soita meille&#8221; button_url=&#8221;tel:+358102776500&#8243; button_text=&#8221;010 277 6500&#8243; _builder_version=&#8221;4.16&#8243; _module_preset=&#8221;default&#8221; body_font=&#8221;|600|||||||&#8221; background_color=&#8221;#4c4c4c&#8221; background_image=&#8221;https:\/\/en.hslgroup.fi\/wp-content\/uploads\/2022\/01\/HSL-puulasiseina\u0308-sinila\u0308hteen-koulu.jpg&#8221; background_repeat=&#8221;repeat-x&#8221; background_blend=&#8221;overlay&#8221; custom_button=&#8221;on&#8221; button_text_size=&#8221;18px&#8221; button_bg_color=&#8221;#50af31&#8243; button_border_width=&#8221;0px&#8221; button_icon=&#8221;&#xe00b;||divi||400&#8243; saved_tabs=&#8221;all&#8221; global_colors_info=&#8221;{}&#8221; global_module=&#8221;2312&#8243; theme_builder_area=&#8221;post_content&#8221;]\n<p>Saat lis\u00e4tietoja ratkaisuistamme nopeasti ottamalla yhteytt\u00e4 asiakaspalveluumme.<\/p>\n[\/et_pb_cta][\/et_pb_column][\/et_pb_row][\/et_pb_section]\n","protected":false},"excerpt":{"rendered":"<p>Menestyksemme salaisuusHSL Group Oy on mukana sadoissa rakennuskohteissa ymp\u00e4ri Suomen. Menestyksemme salaisuus on yksinkertainen paperilla,\u00a0mutta vaativa k\u00e4yt\u00e4nn\u00f6ss\u00e4. Se rakentuu n\u00e4ist\u00e4 tekij\u00f6ist\u00e4. Ajattelemme isommin Laaja j\u00e4rjestelm\u00e4v\u00e4liseinien valikoima on toimitamme selk\u00e4ranka. Kanssamme voit olla varma siit\u00e4, ett\u00e4 tuote vastaa tarvettasi. Ajattelemme asiaa kuitenkin isommin, kokonaispalveluna. Kokonaispalvelu tarkoittaa, ett\u00e4 seinien lis\u00e4ksi saat HSL Groupista kumppanin, jonka asiantuntijuus on [&hellip;]<\/p>\n","protected":false},"author":1,"featured_media":0,"parent":0,"menu_order":0,"comment_status":"closed","ping_status":"closed","template":"","meta":{"_et_pb_use_builder":"on","_et_pb_old_content":"<em><strong><\/strong>HSL Group Oy on mukana sadoissa rakennuskohteissa ymp\u00e4ri Suomen. Menestyksemme salaisuus on yksinkertainen paperilla,<\/em>\n<em>mutta vaativa k\u00e4yt\u00e4nn\u00f6ss\u00e4. Se rakentuu n\u00e4ist\u00e4 tekij\u00f6ist\u00e4.<\/em>\n\n<strong>Ajattelemme isommin<\/strong>\nLaaja j\u00e4rjestelm\u00e4v\u00e4liseinien valikoima on toimitamme selk\u00e4ranka. Kanssamme voit olla varma siit\u00e4, ett\u00e4 tuote vastaa tarvettasi. Ajattelemme asiaa kuitenkin isommin, kokonaispalveluna. Kokonaispalvelu tarkoittaa, ett\u00e4 seinien lis\u00e4ksi saat HSL Groupista kumppanin, jonka asiantuntijuus on k\u00e4ytett\u00e4viss\u00e4 niin suunnittelussa, asennuksessa, yll\u00e4pidossa kuin muutost\u00f6iss\u00e4 kohteen koko elinkaaren ajan. Vastaavaa kokonaispalvelua et saa muualta.\n\n<strong>Heinola, Suomi \u2013 Finland\n<\/strong>Kaikki HSL-j\u00e4rjestelm\u00e4v\u00e4lisein\u00e4t ovat kotimaista suunnittelua ja me my\u00f6s valmistamme sein\u00e4mme Suomessa, Heinolassa. Koko tuotantoketjuamme ohjaavat periaatteet ovat laatu, ajoitus ja t\u00e4sm\u00e4llisyys. Sein\u00e4t tuomme ty\u00f6kohteeseen, kun lattiapinnat ovat valmiita ja tilan luovutamme avaimet k\u00e4teen periaatteella asiakkaalle. Ammattiylpeyteemme kuuluu my\u00f6s ymp\u00e4rist\u00f6st\u00e4 huolehtiminen ja noudatamme kaikessa toiminnassamme kest\u00e4v\u00e4n kehityksen periaatteita.\n\n<strong>Palvelemme paremmin?\n<\/strong>Hyv\u00e4\u00e4 palvelu on vaikea kuvailla, mutta helppo tunnistaa. Vahva asemamme markkinoilla ei selity yksin erinomaisilla tuotteilla tai kovalla myyntity\u00f6ll\u00e4. Itse uskomme hyv\u00e4\u00e4n, henkil\u00f6kohtaiseen palveluun ja haluamme tarjota asiakkaillemme kumppanuuden jota ei haluta vaihtaa toiseen. Oikeat tahot kertomaan saamaastaan palvelusta ovat asiakkaamme. Lue heid\u00e4n mielipiteit\u00e4\u00e4n meist\u00e4 etusivun linkeist\u00e4.<strong>\n<\/strong>\n\n<strong>Tervetuloa HSL Groupin asiakkaaksi!\n<\/strong>","_et_gb_content_width":"","footnotes":""},"class_list":["post-546","page","type-page","status-publish","hentry"],"yoast_head":"<!-- This site is optimized with the Yoast SEO plugin v27.3 - https:\/\/yoast.com\/product\/yoast-seo-wordpress\/ -->\n<title>Miksi valita HSL Group kumppaniksi - HSL Group Oy<\/title>\n<meta name=\"description\" content=\"Miksi valita HSL Group? Saat kumppanin, jonka asiantuntijuus on k\u00e4ytett\u00e4viss\u00e4suunnittelussa, asennuksessa, yll\u00e4pidossa ja muutost\u00f6iss\u00e4 kohteen koko elinkaaren ajan\" \/>\n<meta name=\"robots\" content=\"index, follow, max-snippet:-1, max-image-preview:large, max-video-preview:-1\" \/>\n<link rel=\"canonical\" href=\"https:\/\/en.hslgroup.fi\/en\/why-choose-hsl-group-as-a-partner\/\" \/>\n<meta property=\"og:locale\" content=\"en_GB\" \/>\n<meta property=\"og:type\" content=\"article\" \/>\n<meta property=\"og:title\" content=\"Miksi valita HSL Group kumppaniksi - HSL Group Oy\" \/>\n<meta property=\"og:description\" content=\"Miksi valita HSL Group? Saat kumppanin, jonka asiantuntijuus on k\u00e4ytett\u00e4viss\u00e4suunnittelussa, asennuksessa, yll\u00e4pidossa ja muutost\u00f6iss\u00e4 kohteen koko elinkaaren ajan\" \/>\n<meta property=\"og:url\" content=\"https:\/\/en.hslgroup.fi\/en\/why-choose-hsl-group-as-a-partner\/\" \/>\n<meta property=\"og:site_name\" content=\"HSL Group Oy\" \/>\n<meta property=\"article:publisher\" content=\"https:\/\/facebook.com\/hslgroupoy\" \/>\n<meta property=\"article:modified_time\" content=\"2022-04-04T07:32:52+00:00\" \/>\n<meta name=\"twitter:card\" content=\"summary_large_image\" \/>\n<meta name=\"twitter:label1\" content=\"Estimated reading time\" \/>\n\t<meta name=\"twitter:data1\" content=\"2 minutes\" \/>\n<script type=\"application\/ld+json\" class=\"yoast-schema-graph\">{\"@context\":\"https:\\\/\\\/schema.org\",\"@graph\":[{\"@type\":\"WebPage\",\"@id\":\"https:\\\/\\\/en.hslgroup.fi\\\/why-choose-hsl-group-as-a-partner\\\/\",\"url\":\"https:\\\/\\\/en.hslgroup.fi\\\/why-choose-hsl-group-as-a-partner\\\/\",\"name\":\"Miksi valita HSL Group kumppaniksi - HSL Group Oy\",\"isPartOf\":{\"@id\":\"https:\\\/\\\/en.hslgroup.fi\\\/en\\\/#website\"},\"datePublished\":\"2016-08-10T21:15:43+00:00\",\"dateModified\":\"2022-04-04T07:32:52+00:00\",\"description\":\"Miksi valita HSL Group? Saat kumppanin, jonka asiantuntijuus on k\u00e4ytett\u00e4viss\u00e4suunnittelussa, asennuksessa, yll\u00e4pidossa ja muutost\u00f6iss\u00e4 kohteen koko elinkaaren ajan\",\"breadcrumb\":{\"@id\":\"https:\\\/\\\/en.hslgroup.fi\\\/why-choose-hsl-group-as-a-partner\\\/#breadcrumb\"},\"inLanguage\":\"en-GB\",\"potentialAction\":[{\"@type\":\"ReadAction\",\"target\":[\"https:\\\/\\\/en.hslgroup.fi\\\/why-choose-hsl-group-as-a-partner\\\/\"]}]},{\"@type\":\"BreadcrumbList\",\"@id\":\"https:\\\/\\\/en.hslgroup.fi\\\/why-choose-hsl-group-as-a-partner\\\/#breadcrumb\",\"itemListElement\":[{\"@type\":\"ListItem\",\"position\":1,\"name\":\"Etusivu\",\"item\":\"https:\\\/\\\/en.hslgroup.fi\\\/fi\\\/\"},{\"@type\":\"ListItem\",\"position\":2,\"name\":\"Menestyksemme salaisuus\"}]},{\"@type\":\"WebSite\",\"@id\":\"https:\\\/\\\/en.hslgroup.fi\\\/en\\\/#website\",\"url\":\"https:\\\/\\\/en.hslgroup.fi\\\/en\\\/\",\"name\":\"HSL Group Oy\",\"description\":\"J\u00e4rjestelm\u00e4v\u00e4lisein\u00e4t, siirtosein\u00e4t ja minitilaratkaisut\",\"publisher\":{\"@id\":\"https:\\\/\\\/en.hslgroup.fi\\\/en\\\/#organization\"},\"potentialAction\":[{\"@type\":\"SearchAction\",\"target\":{\"@type\":\"EntryPoint\",\"urlTemplate\":\"https:\\\/\\\/en.hslgroup.fi\\\/en\\\/?s={search_term_string}\"},\"query-input\":{\"@type\":\"PropertyValueSpecification\",\"valueRequired\":true,\"valueName\":\"search_term_string\"}}],\"inLanguage\":\"en-GB\"},{\"@type\":\"Organization\",\"@id\":\"https:\\\/\\\/en.hslgroup.fi\\\/en\\\/#organization\",\"name\":\"HSL Group Oy\",\"url\":\"https:\\\/\\\/en.hslgroup.fi\\\/en\\\/\",\"logo\":{\"@type\":\"ImageObject\",\"inLanguage\":\"en-GB\",\"@id\":\"https:\\\/\\\/en.hslgroup.fi\\\/en\\\/#\\\/schema\\\/logo\\\/image\\\/\",\"url\":\"https:\\\/\\\/en.hslgroup.fi\\\/wp-content\\\/uploads\\\/2016\\\/07\\\/hsl_logo.jpg\",\"contentUrl\":\"https:\\\/\\\/en.hslgroup.fi\\\/wp-content\\\/uploads\\\/2016\\\/07\\\/hsl_logo.jpg\",\"width\":125,\"height\":60,\"caption\":\"HSL Group Oy\"},\"image\":{\"@id\":\"https:\\\/\\\/en.hslgroup.fi\\\/en\\\/#\\\/schema\\\/logo\\\/image\\\/\"},\"sameAs\":[\"https:\\\/\\\/facebook.com\\\/hslgroupoy\",\"https:\\\/\\\/linkedin.com\\\/company\\\/hsl-group\"]}]}<\/script>\n<!-- \/ Yoast SEO plugin. -->","yoast_head_json":{"title":"Why choose HSL Group as a partner - HSL Group LLC","description":"Why choose HSL Group? You will get a partner, which expertise is in your service in design, installation, maintenance and transformation works throughout the whole lifecycle of the property","robots":{"index":"index","follow":"follow","max-snippet":"max-snippet:-1","max-image-preview":"max-image-preview:large","max-video-preview":"max-video-preview:-1"},"canonical":"https:\/\/en.hslgroup.fi\/en\/why-choose-hsl-group-as-a-partner\/","og_locale":"en_GB","og_type":"article","og_title":"Miksi valita HSL Group kumppaniksi - HSL Group Oy","og_description":"Miksi valita HSL Group? Saat kumppanin, jonka asiantuntijuus on k\u00e4ytett\u00e4viss\u00e4suunnittelussa, asennuksessa, yll\u00e4pidossa ja muutost\u00f6iss\u00e4 kohteen koko elinkaaren ajan","og_url":"https:\/\/en.hslgroup.fi\/en\/why-choose-hsl-group-as-a-partner\/","og_site_name":"HSL Group Oy","article_publisher":"https:\/\/facebook.com\/hslgroupoy","article_modified_time":"2022-04-04T07:32:52+00:00","twitter_card":"summary_large_image","twitter_misc":{"Estimated reading time":"2 minutes"},"schema":{"@context":"https:\/\/schema.org","@graph":[{"@type":"WebPage","@id":"https:\/\/en.hslgroup.fi\/why-choose-hsl-group-as-a-partner\/","url":"https:\/\/en.hslgroup.fi\/why-choose-hsl-group-as-a-partner\/","name":"Why choose HSL Group as a partner - HSL Group LLC","isPartOf":{"@id":"https:\/\/en.hslgroup.fi\/en\/#website"},"datePublished":"2016-08-10T21:15:43+00:00","dateModified":"2022-04-04T07:32:52+00:00","description":"Why choose HSL Group? You will get a partner, which expertise is in your service in design, installation, maintenance and transformation works throughout the whole lifecycle of the property","breadcrumb":{"@id":"https:\/\/en.hslgroup.fi\/why-choose-hsl-group-as-a-partner\/#breadcrumb"},"inLanguage":"en-GB","potentialAction":[{"@type":"ReadAction","target":["https:\/\/en.hslgroup.fi\/why-choose-hsl-group-as-a-partner\/"]}]},{"@type":"BreadcrumbList","@id":"https:\/\/en.hslgroup.fi\/why-choose-hsl-group-as-a-partner\/#breadcrumb","itemListElement":[{"@type":"ListItem","position":1,"name":"Etusivu","item":"https:\/\/en.hslgroup.fi\/fi\/"},{"@type":"ListItem","position":2,"name":"Menestyksemme salaisuus"}]},{"@type":"WebSite","@id":"https:\/\/en.hslgroup.fi\/en\/#website","url":"https:\/\/en.hslgroup.fi\/en\/","name":"HSL Group LLC","description":"J\u00e4rjestelm\u00e4v\u00e4lisein\u00e4t, siirtosein\u00e4t ja minitilaratkaisut","publisher":{"@id":"https:\/\/en.hslgroup.fi\/en\/#organization"},"potentialAction":[{"@type":"SearchAction","target":{"@type":"EntryPoint","urlTemplate":"https:\/\/en.hslgroup.fi\/en\/?s={search_term_string}"},"query-input":{"@type":"PropertyValueSpecification","valueRequired":true,"valueName":"search_term_string"}}],"inLanguage":"en-GB"},{"@type":"Organization","@id":"https:\/\/en.hslgroup.fi\/en\/#organization","name":"HSL Group LLC","url":"https:\/\/en.hslgroup.fi\/en\/","logo":{"@type":"ImageObject","inLanguage":"en-GB","@id":"https:\/\/en.hslgroup.fi\/en\/#\/schema\/logo\/image\/","url":"https:\/\/en.hslgroup.fi\/wp-content\/uploads\/2016\/07\/hsl_logo.jpg","contentUrl":"https:\/\/en.hslgroup.fi\/wp-content\/uploads\/2016\/07\/hsl_logo.jpg","width":125,"height":60,"caption":"HSL Group Oy"},"image":{"@id":"https:\/\/en.hslgroup.fi\/en\/#\/schema\/logo\/image\/"},"sameAs":["https:\/\/facebook.com\/hslgroupoy","https:\/\/linkedin.com\/company\/hsl-group"]}]}},"_links":{"self":[{"href":"https:\/\/en.hslgroup.fi\/en\/wp-json\/wp\/v2\/pages\/546","targetHints":{"allow":["GET"]}}],"collection":[{"href":"https:\/\/en.hslgroup.fi\/en\/wp-json\/wp\/v2\/pages"}],"about":[{"href":"https:\/\/en.hslgroup.fi\/en\/wp-json\/wp\/v2\/types\/page"}],"author":[{"embeddable":true,"href":"https:\/\/en.hslgroup.fi\/en\/wp-json\/wp\/v2\/users\/1"}],"replies":[{"embeddable":true,"href":"https:\/\/en.hslgroup.fi\/en\/wp-json\/wp\/v2\/comments?post=546"}],"version-history":[{"count":5,"href":"https:\/\/en.hslgroup.fi\/en\/wp-json\/wp\/v2\/pages\/546\/revisions"}],"predecessor-version":[{"id":2579,"href":"https:\/\/en.hslgroup.fi\/en\/wp-json\/wp\/v2\/pages\/546\/revisions\/2579"}],"wp:attachment":[{"href":"https:\/\/en.hslgroup.fi\/en\/wp-json\/wp\/v2\/media?parent=546"}],"curies":[{"name":"wp","href":"https:\/\/api.w.org\/{rel}","templated":true}]}}