{"id":540,"date":"2016-08-11T00:09:44","date_gmt":"2016-08-10T21:09:44","guid":{"rendered":"http:\/\/hslgroup.dev.elielviestinta.fi\/?page_id=540"},"modified":"2022-04-04T10:32:09","modified_gmt":"2022-04-04T07:32:09","slug":"for-construction-companies","status":"publish","type":"page","link":"https:\/\/en.hslgroup.fi\/en\/for-construction-companies\/","title":{"rendered":"Constructors opinion"},"content":{"rendered":"[et_pb_section fb_built=&#8221;1&#8243; _builder_version=&#8221;4.16&#8243; global_colors_info=&#8221;{}&#8221;][et_pb_row column_structure=&#8221;2_3,1_3&#8243; _builder_version=&#8221;4.16&#8243; background_size=&#8221;initial&#8221; background_position=&#8221;top_left&#8221; background_repeat=&#8221;repeat&#8221; global_colors_info=&#8221;{}&#8221;][et_pb_column type=&#8221;2_3&#8243; _builder_version=&#8221;4.16&#8243; custom_padding=&#8221;|||&#8221; global_colors_info=&#8221;{}&#8221; custom_padding__hover=&#8221;|||&#8221;][et_pb_text _builder_version=&#8221;4.16&#8243; global_colors_info=&#8221;{}&#8221;]\n<h2>Rakennusliikkeen mielipide<\/h2>\n[\/et_pb_text][et_pb_text _builder_version=&#8221;4.16&#8243; background_size=&#8221;initial&#8221; background_position=&#8221;top_left&#8221; background_repeat=&#8221;repeat&#8221; global_colors_info=&#8221;{}&#8221;]\n<p><img loading=\"lazy\" decoding=\"async\" src=\"\/wp-content\/uploads\/2016\/08\/HSL_28-1024x435.jpg\" alt=\"HSL_28-1024x435\" width=\"1021\" height=\"435\" class=\"aligncenter size-large wp-image-544\" srcset=\"https:\/\/en.hslgroup.fi\/wp-content\/uploads\/2016\/08\/HSL_28-1024x435.jpg 1021w, https:\/\/en.hslgroup.fi\/wp-content\/uploads\/2016\/08\/HSL_28-1024x435-300x128.jpg 300w, https:\/\/en.hslgroup.fi\/wp-content\/uploads\/2016\/08\/HSL_28-1024x435-768x327.jpg 768w\" sizes=\"(max-width: 1021px) 100vw, 1021px\" \/><\/p>\n<h2><\/h2>\n<h2>Kohde Derby Business Park<\/h2>\n<p>&nbsp;<\/p>\n<p>\u201cTervetuloa Derby Business Parkiin. T\u00e4m\u00e4 kohde on erinomainen esimerkki SRV:n osaamisesta ja my\u00f6s onnistuneesta yhteisty\u00f6st\u00e4 HSL Groupin kanssa. Derby Business Park on jatkoa SRV:n HTC-konseptille, joka kokoaa korkean teknologian yrityksist\u00e4 ja tutkimusyksik\u00f6ist\u00e4 tehokkaan ty\u00f6yhteis\u00f6n.<\/p>\n<p>T\u00e4rke\u00e4 osa-alue niin uusien toimitilojen suunnittelussa kuin vanhojen kohteiden saneerauksessa on ymp\u00e4rist\u00f6n huomiointi. SRV:ss\u00e4 entist\u00e4 ekologisempi rakentaminen alkaa jo suunnittelup\u00f6yd\u00e4lt\u00e4 ja t\u00e4m\u00e4 vihre\u00e4 lanka kulkee mukana l\u00e4pi koko projektin. Tunnustuksena edistyksellisest\u00e4 suunnitteluprosessista Derby Business Park valittiin vuoden parhaaksi suomalaiseksi tietomallinnuskohteeksi Tekla BIM Awards -mallikilpailussa. T\u00e4m\u00e4n lis\u00e4ksi kohteelle ollaan hakemassa Leed Gold \u2013ymp\u00e4rist\u00f6sertifiointi. Derbyyn valitulla maal\u00e4mm\u00f6ll\u00e4 sek\u00e4 automaattihanoilla ja s\u00e4\u00e4dett\u00e4v\u00e4ll\u00e4 valaistuksella tavoittelemme 20 prosentin s\u00e4\u00e4st\u00f6\u00e4 veden- ja energiankulutuksessa verrokkikohteeseen n\u00e4hden.<\/p>\n<p>HSL Group on meille tuttu kumppani jo vuosien takaa. Keskin\u00e4inen luottamuksemme on vahvistunut yhteisten onnistumisten my\u00f6t\u00e4 ja my\u00f6s Derby Business Parkissa olen kokenut kumppanuuden rakentavana. Oleellista niin HSL:lle kuin muillekin kumppaneillemme on tarjota aktiivisesti uusia, innovatiivisia ratkaisuja. Annan kaksi esimerkki\u00e4, joissa HSL lunasti heille asetetut odotukset.<\/p>\n<blockquote class=\"pullleft\">\n<p>T\u00e4rke\u00e4 osa-alue uusien toimitilojen suunnittelussa on ymp\u00e4rist\u00f6n huomiointi.<\/p>\n<\/blockquote>\n<p>Ensimm\u00e4inen n\u00e4ist\u00e4 oli suunnitteluvaiheessa rakennettu mallihuone, jossa pystyimme arvioimaan HSL:n tuotteiden soveltuvuutta Derbyyn. Sen my\u00f6t\u00e4 huomasimme HSL:n tehdasvalmisteisten otsarakenteiden, yhdistettyn\u00e4 yhteiskannakointij\u00e4rjestelm\u00e4\u00e4n, ratkaisevan tilasuunnittelun muutamia haasteita ja nopeuttavan tilojen valmistumista. HSL:n otsarakenteiden k\u00e4ytt\u00f6 mahdollisti otsien asentamisen jo varhaisessa rakennusvaiheessa ennen kuin alapuolisia rakenteita oli suunniteltu valmiiksi. Toinen esimerkki on yhdess\u00e4 HSL:n kanssa kehitt\u00e4m\u00e4mme tilarakenne, jossa yhdistyv\u00e4t avokonttorin ja ty\u00f6huoneen perinteiset puolet. K\u00e4ytimme HSL:n sein\u00e4elementtej\u00e4 uudella tavalla ja saimme aikaiseksi kustannustehokkaan ratkaisun, johon my\u00f6s tilojen k\u00e4ytt\u00e4j\u00e4t ovat olleet tyytyv\u00e4isi\u00e4.<br \/> Vaikka jokainen kohteemme on omalla tavallaan uniikki, rakentamiskustannusten tulee pysy\u00e4 asetetuissa rajoissa. HSL-seinien t\u00e4ysin asennusvalmis elementtirakenne on osoittautunut eritt\u00e4in k\u00e4ytt\u00f6kelpoiseksi molempien vaatimusten osalta. Seinien materiaalivaihtoehdot ovat monipuoliset ja toisaalta tuotanto tehokasta ja asennus on todella nopeaa ja siisti\u00e4.\u201d<\/p>\n<p>N\u00e4hd\u00e4\u00e4n Derby Business Parkissa!<\/p>\n<p>Ossi Inkil\u00e4<br \/> SRV, suunnittelup\u00e4\u00e4llikk\u00f6<br \/> Derby Business Park<\/p>\n[\/et_pb_text][\/et_pb_column][et_pb_column type=&#8221;1_3&#8243; _builder_version=&#8221;4.16&#8243; global_colors_info=&#8221;{}&#8221;][et_pb_text _builder_version=&#8221;4.16&#8243; global_colors_info=&#8221;{}&#8221;]\n<h3>J\u00e4t\u00e4 yhteydenottopyynt\u00f6<\/h3>\n<div class=\"et_pb_contact\">\n<div class=\"wpcf7 no-js\" id=\"wpcf7-f46-o1\" lang=\"fi\" dir=\"ltr\" data-wpcf7-id=\"46\">\n<div class=\"screen-reader-response\"><p role=\"status\" aria-live=\"polite\" aria-atomic=\"true\"><\/p> <ul><\/ul><\/div>\n<form action=\"\/en\/wp-json\/wp\/v2\/pages\/540#wpcf7-f46-o1\" method=\"post\" class=\"wpcf7-form init\" aria-label=\"Yhteydenottolomake\" novalidate=\"novalidate\" data-status=\"init\">\n<fieldset class=\"hidden-fields-container\"><input type=\"hidden\" name=\"_wpcf7\" value=\"46\" \/><input type=\"hidden\" name=\"_wpcf7_version\" value=\"6.1.5\" \/><input type=\"hidden\" name=\"_wpcf7_locale\" value=\"fi\" \/><input type=\"hidden\" name=\"_wpcf7_unit_tag\" value=\"wpcf7-f46-o1\" \/><input type=\"hidden\" name=\"_wpcf7_container_post\" value=\"0\" \/><input type=\"hidden\" name=\"_wpcf7_posted_data_hash\" value=\"\" \/><input type=\"hidden\" name=\"_wpcf7_recaptcha_response\" value=\"\" \/>\n<\/fieldset>\n<p>Yritys\n<\/p>\n<p><span class=\"wpcf7-form-control-wrap\" data-name=\"company-name\"><input size=\"40\" maxlength=\"400\" class=\"wpcf7-form-control wpcf7-text wpcf7-validates-as-required\" aria-required=\"true\" aria-invalid=\"false\" value=\"\" type=\"text\" name=\"company-name\" \/><\/span>\n<\/p>\n<p>Yhteyshenkil\u00f6\n<\/p>\n<p><span class=\"wpcf7-form-control-wrap\" data-name=\"contact-person\"><input size=\"40\" maxlength=\"400\" class=\"wpcf7-form-control wpcf7-text wpcf7-validates-as-required\" aria-required=\"true\" aria-invalid=\"false\" value=\"\" type=\"text\" name=\"contact-person\" \/><\/span>\n<\/p>\n<p>S\u00e4hk\u00f6posti\n<\/p>\n<p><span class=\"wpcf7-form-control-wrap\" data-name=\"email\"><input size=\"40\" maxlength=\"400\" class=\"wpcf7-form-control wpcf7-email wpcf7-validates-as-required wpcf7-text wpcf7-validates-as-email\" aria-required=\"true\" aria-invalid=\"false\" value=\"\" type=\"email\" name=\"email\" \/><\/span>\n<\/p>\n<p>Puhelinnumero\n<\/p>\n<p><span class=\"wpcf7-form-control-wrap\" data-name=\"phone-number\"><input size=\"40\" maxlength=\"400\" class=\"wpcf7-form-control wpcf7-text\" aria-invalid=\"false\" value=\"\" type=\"text\" name=\"phone-number\" \/><\/span>\n<\/p>\n<p><input class=\"wpcf7-form-control wpcf7-submit has-spinner\" type=\"submit\" value=\"L\u00e4het\u00e4\" \/>\n<\/p><div class=\"wpcf7-response-output\" aria-hidden=\"true\"><\/div>\n<\/form>\n<\/div>\n<\/div>\n[\/et_pb_text][et_pb_cta title=&#8221;Soita meille&#8221; button_url=&#8221;tel:+358102776500&#8243; button_text=&#8221;010 277 6500&#8243; _builder_version=&#8221;4.16&#8243; _module_preset=&#8221;default&#8221; body_font=&#8221;|600|||||||&#8221; background_color=&#8221;#4c4c4c&#8221; background_image=&#8221;https:\/\/en.hslgroup.fi\/wp-content\/uploads\/2022\/01\/HSL-puulasiseina\u0308-sinila\u0308hteen-koulu.jpg&#8221; background_repeat=&#8221;repeat-x&#8221; background_blend=&#8221;overlay&#8221; custom_button=&#8221;on&#8221; button_text_size=&#8221;18px&#8221; button_bg_color=&#8221;#50af31&#8243; button_border_width=&#8221;0px&#8221; button_icon=&#8221;&#xe00b;||divi||400&#8243; saved_tabs=&#8221;all&#8221; global_colors_info=&#8221;{}&#8221; global_module=&#8221;2312&#8243; theme_builder_area=&#8221;post_content&#8221;]\n<p>Saat lis\u00e4tietoja ratkaisuistamme nopeasti ottamalla yhteytt\u00e4 asiakaspalveluumme.<\/p>\n[\/et_pb_cta][\/et_pb_column][\/et_pb_row][\/et_pb_section]\n","protected":false},"excerpt":{"rendered":"<p>Rakennusliikkeen mielipide Kohde Derby Business Park &nbsp; \u201cTervetuloa Derby Business Parkiin. T\u00e4m\u00e4 kohde on erinomainen esimerkki SRV:n osaamisesta ja my\u00f6s onnistuneesta yhteisty\u00f6st\u00e4 HSL Groupin kanssa. Derby Business Park on jatkoa SRV:n HTC-konseptille, joka kokoaa korkean teknologian yrityksist\u00e4 ja tutkimusyksik\u00f6ist\u00e4 tehokkaan ty\u00f6yhteis\u00f6n. T\u00e4rke\u00e4 osa-alue niin uusien toimitilojen suunnittelussa kuin vanhojen kohteiden saneerauksessa on ymp\u00e4rist\u00f6n huomiointi. SRV:ss\u00e4 [&hellip;]<\/p>\n","protected":false},"author":1,"featured_media":0,"parent":0,"menu_order":0,"comment_status":"closed","ping_status":"closed","template":"","meta":{"_et_pb_use_builder":"on","_et_pb_old_content":"<img src=\"http:\/\/hslgroup.dev.elielviestinta.fi\/wp-content\/uploads\/2016\/08\/HSL_28-1024x435.jpg\" alt=\"HSL_28-1024x435\" width=\"1021\" height=\"435\" class=\"aligncenter size-large wp-image-544\">\n<h2>Kohde Derby Business Park<\/h2>\n\u201cTervetuloa Derby Business Parkiin. T\u00e4m\u00e4 kohde on erinomainen esimerkki SRV:n osaamisesta ja my\u00f6s onnistuneesta yhteisty\u00f6st\u00e4 HSL Groupin kanssa. Derby Business Park on jatkoa SRV:n HTC-konseptille, joka kokoaa korkean teknologian yrityksist\u00e4 ja tutkimusyksik\u00f6ist\u00e4 tehokkaan ty\u00f6yhteis\u00f6n.\n\nT\u00e4rke\u00e4 osa-alue niin uusien toimitilojen suunnittelussa kuin vanhojen kohteiden saneerauksessa on ymp\u00e4rist\u00f6n huomiointi. SRV:ss\u00e4 entist\u00e4 ekologisempi rakentaminen alkaa jo suunnittelup\u00f6yd\u00e4lt\u00e4 ja t\u00e4m\u00e4 vihre\u00e4 lanka kulkee mukana l\u00e4pi koko projektin. Tunnustuksena edistyksellisest\u00e4 suunnitteluprosessista Derby Business Park valittiin vuoden parhaaksi suomalaiseksi tietomallinnuskohteeksi Tekla BIM Awards -mallikilpailussa. T\u00e4m\u00e4n lis\u00e4ksi kohteelle ollaan hakemassa Leed Gold \u2013ymp\u00e4rist\u00f6sertifiointi. Derbyyn valitulla maal\u00e4mm\u00f6ll\u00e4 sek\u00e4 automaattihanoilla ja s\u00e4\u00e4dett\u00e4v\u00e4ll\u00e4 valaistuksella tavoittelemme 20 prosentin s\u00e4\u00e4st\u00f6\u00e4 veden- ja energiankulutuksessa verrokkikohteeseen n\u00e4hden.\n\nHSL Group on meille tuttu kumppani jo vuosien takaa. Keskin\u00e4inen luottamuksemme on vahvistunut yhteisten onnistumisten my\u00f6t\u00e4 ja my\u00f6s Derby Business Parkissa olen kokenut kumppanuuden rakentavana. Oleellista niin HSL:lle kuin muillekin kumppaneillemme on tarjota aktiivisesti uusia, innovatiivisia ratkaisuja. Annan kaksi esimerkki\u00e4, joissa HSL lunasti heille asetetut odotukset.\n<blockquote class=\"pullleft\">T\u00e4rke\u00e4 osa-alue uusien toimitilojen suunnittelussa on ymp\u00e4rist\u00f6n huomiointi.<\/blockquote>\nEnsimm\u00e4inen n\u00e4ist\u00e4 oli suunnitteluvaiheessa rakennettu mallihuone, jossa pystyimme arvioimaan HSL:n tuotteiden soveltuvuutta Derbyyn. Sen my\u00f6t\u00e4 huomasimme HSL:n tehdasvalmisteisten otsarakenteiden, yhdistettyn\u00e4 yhteiskannakointij\u00e4rjestelm\u00e4\u00e4n, ratkaisevan tilasuunnittelun muutamia haasteita ja nopeuttavan tilojen valmistumista. HSL:n otsarakenteiden k\u00e4ytt\u00f6 mahdollisti otsien asentamisen jo varhaisessa rakennusvaiheessa ennen kuin alapuolisia rakenteita oli suunniteltu valmiiksi. Toinen esimerkki on yhdess\u00e4 HSL:n kanssa kehitt\u00e4m\u00e4mme tilarakenne, jossa yhdistyv\u00e4t avokonttorin ja ty\u00f6huoneen perinteiset puolet. K\u00e4ytimme HSL:n sein\u00e4elementtej\u00e4 uudella tavalla ja saimme aikaiseksi kustannustehokkaan ratkaisun, johon my\u00f6s tilojen k\u00e4ytt\u00e4j\u00e4t ovat olleet tyytyv\u00e4isi\u00e4.\nVaikka jokainen kohteemme on omalla tavallaan uniikki, rakentamiskustannusten tulee pysy\u00e4 asetetuissa rajoissa. HSL-seinien t\u00e4ysin asennusvalmis elementtirakenne on osoittautunut eritt\u00e4in k\u00e4ytt\u00f6kelpoiseksi molempien vaatimusten osalta. Seinien materiaalivaihtoehdot ovat monipuoliset ja toisaalta tuotanto tehokasta ja asennus on todella nopeaa ja siisti\u00e4.\u201d\n\nN\u00e4hd\u00e4\u00e4n Derby Business Parkissa!\n\nOssi Inkil\u00e4\nSRV, suunnittelup\u00e4\u00e4llikk\u00f6\nDerby Business Park","_et_gb_content_width":"","footnotes":""},"class_list":["post-540","page","type-page","status-publish","hentry"],"yoast_head":"<!-- This site is optimized with the Yoast SEO plugin v27.3 - https:\/\/yoast.com\/product\/yoast-seo-wordpress\/ -->\n<title>Rakennusliikkeen mielipide - HSL Group Oy<\/title>\n<meta name=\"description\" content=\"HSL Group on meille tuttu kumppani jo vuosien takaa. Keskin\u00e4inen luottamuksemme on vahvistunut yhteisten onnistumisten my\u00f6t\u00e4.\" \/>\n<meta name=\"robots\" content=\"index, follow, max-snippet:-1, max-image-preview:large, max-video-preview:-1\" \/>\n<link rel=\"canonical\" href=\"https:\/\/en.hslgroup.fi\/en\/for-construction-companies\/\" \/>\n<meta property=\"og:locale\" content=\"en_GB\" \/>\n<meta property=\"og:type\" content=\"article\" \/>\n<meta property=\"og:title\" content=\"Rakennusliikkeen mielipide - HSL Group Oy\" \/>\n<meta property=\"og:description\" content=\"HSL Group on meille tuttu kumppani jo vuosien takaa. Keskin\u00e4inen luottamuksemme on vahvistunut yhteisten onnistumisten my\u00f6t\u00e4.\" \/>\n<meta property=\"og:url\" content=\"https:\/\/en.hslgroup.fi\/en\/for-construction-companies\/\" \/>\n<meta property=\"og:site_name\" content=\"HSL Group Oy\" \/>\n<meta property=\"article:publisher\" content=\"https:\/\/facebook.com\/hslgroupoy\" \/>\n<meta property=\"article:modified_time\" content=\"2022-04-04T07:32:09+00:00\" \/>\n<meta name=\"twitter:card\" content=\"summary_large_image\" \/>\n<meta name=\"twitter:label1\" content=\"Estimated reading time\" \/>\n\t<meta name=\"twitter:data1\" content=\"3 minutes\" \/>\n<script type=\"application\/ld+json\" class=\"yoast-schema-graph\">{\"@context\":\"https:\\\/\\\/schema.org\",\"@graph\":[{\"@type\":\"WebPage\",\"@id\":\"https:\\\/\\\/en.hslgroup.fi\\\/for-construction-companies\\\/\",\"url\":\"https:\\\/\\\/en.hslgroup.fi\\\/for-construction-companies\\\/\",\"name\":\"Rakennusliikkeen mielipide - HSL Group Oy\",\"isPartOf\":{\"@id\":\"https:\\\/\\\/en.hslgroup.fi\\\/en\\\/#website\"},\"datePublished\":\"2016-08-10T21:09:44+00:00\",\"dateModified\":\"2022-04-04T07:32:09+00:00\",\"description\":\"HSL Group on meille tuttu kumppani jo vuosien takaa. Keskin\u00e4inen luottamuksemme on vahvistunut yhteisten onnistumisten my\u00f6t\u00e4.\",\"breadcrumb\":{\"@id\":\"https:\\\/\\\/en.hslgroup.fi\\\/for-construction-companies\\\/#breadcrumb\"},\"inLanguage\":\"en-GB\",\"potentialAction\":[{\"@type\":\"ReadAction\",\"target\":[\"https:\\\/\\\/en.hslgroup.fi\\\/for-construction-companies\\\/\"]}]},{\"@type\":\"BreadcrumbList\",\"@id\":\"https:\\\/\\\/en.hslgroup.fi\\\/for-construction-companies\\\/#breadcrumb\",\"itemListElement\":[{\"@type\":\"ListItem\",\"position\":1,\"name\":\"Etusivu\",\"item\":\"https:\\\/\\\/en.hslgroup.fi\\\/fi\\\/\"},{\"@type\":\"ListItem\",\"position\":2,\"name\":\"Rakennusliikkeen mielipide\"}]},{\"@type\":\"WebSite\",\"@id\":\"https:\\\/\\\/en.hslgroup.fi\\\/en\\\/#website\",\"url\":\"https:\\\/\\\/en.hslgroup.fi\\\/en\\\/\",\"name\":\"HSL Group Oy\",\"description\":\"J\u00e4rjestelm\u00e4v\u00e4lisein\u00e4t, siirtosein\u00e4t ja minitilaratkaisut\",\"publisher\":{\"@id\":\"https:\\\/\\\/en.hslgroup.fi\\\/en\\\/#organization\"},\"potentialAction\":[{\"@type\":\"SearchAction\",\"target\":{\"@type\":\"EntryPoint\",\"urlTemplate\":\"https:\\\/\\\/en.hslgroup.fi\\\/en\\\/?s={search_term_string}\"},\"query-input\":{\"@type\":\"PropertyValueSpecification\",\"valueRequired\":true,\"valueName\":\"search_term_string\"}}],\"inLanguage\":\"en-GB\"},{\"@type\":\"Organization\",\"@id\":\"https:\\\/\\\/en.hslgroup.fi\\\/en\\\/#organization\",\"name\":\"HSL Group Oy\",\"url\":\"https:\\\/\\\/en.hslgroup.fi\\\/en\\\/\",\"logo\":{\"@type\":\"ImageObject\",\"inLanguage\":\"en-GB\",\"@id\":\"https:\\\/\\\/en.hslgroup.fi\\\/en\\\/#\\\/schema\\\/logo\\\/image\\\/\",\"url\":\"https:\\\/\\\/en.hslgroup.fi\\\/wp-content\\\/uploads\\\/2016\\\/07\\\/hsl_logo.jpg\",\"contentUrl\":\"https:\\\/\\\/en.hslgroup.fi\\\/wp-content\\\/uploads\\\/2016\\\/07\\\/hsl_logo.jpg\",\"width\":125,\"height\":60,\"caption\":\"HSL Group Oy\"},\"image\":{\"@id\":\"https:\\\/\\\/en.hslgroup.fi\\\/en\\\/#\\\/schema\\\/logo\\\/image\\\/\"},\"sameAs\":[\"https:\\\/\\\/facebook.com\\\/hslgroupoy\",\"https:\\\/\\\/linkedin.com\\\/company\\\/hsl-group\"]}]}<\/script>\n<!-- \/ Yoast SEO plugin. -->","yoast_head_json":{"title":"The opinion of a construction company - HSL Group LLC","description":"HSL Group is a familiar partner to us for many years back. The trust between us has become stronger through mutual successes.","robots":{"index":"index","follow":"follow","max-snippet":"max-snippet:-1","max-image-preview":"max-image-preview:large","max-video-preview":"max-video-preview:-1"},"canonical":"https:\/\/en.hslgroup.fi\/en\/for-construction-companies\/","og_locale":"en_GB","og_type":"article","og_title":"Rakennusliikkeen mielipide - HSL Group Oy","og_description":"HSL Group on meille tuttu kumppani jo vuosien takaa. Keskin\u00e4inen luottamuksemme on vahvistunut yhteisten onnistumisten my\u00f6t\u00e4.","og_url":"https:\/\/en.hslgroup.fi\/en\/for-construction-companies\/","og_site_name":"HSL Group Oy","article_publisher":"https:\/\/facebook.com\/hslgroupoy","article_modified_time":"2022-04-04T07:32:09+00:00","twitter_card":"summary_large_image","twitter_misc":{"Estimated reading time":"3 minutes"},"schema":{"@context":"https:\/\/schema.org","@graph":[{"@type":"WebPage","@id":"https:\/\/en.hslgroup.fi\/for-construction-companies\/","url":"https:\/\/en.hslgroup.fi\/for-construction-companies\/","name":"The opinion of a construction company - HSL Group LLC","isPartOf":{"@id":"https:\/\/en.hslgroup.fi\/en\/#website"},"datePublished":"2016-08-10T21:09:44+00:00","dateModified":"2022-04-04T07:32:09+00:00","description":"HSL Group is a familiar partner to us for many years back. The trust between us has become stronger through mutual successes.","breadcrumb":{"@id":"https:\/\/en.hslgroup.fi\/for-construction-companies\/#breadcrumb"},"inLanguage":"en-GB","potentialAction":[{"@type":"ReadAction","target":["https:\/\/en.hslgroup.fi\/for-construction-companies\/"]}]},{"@type":"BreadcrumbList","@id":"https:\/\/en.hslgroup.fi\/for-construction-companies\/#breadcrumb","itemListElement":[{"@type":"ListItem","position":1,"name":"Etusivu","item":"https:\/\/en.hslgroup.fi\/fi\/"},{"@type":"ListItem","position":2,"name":"Rakennusliikkeen mielipide"}]},{"@type":"WebSite","@id":"https:\/\/en.hslgroup.fi\/en\/#website","url":"https:\/\/en.hslgroup.fi\/en\/","name":"HSL Group LLC","description":"J\u00e4rjestelm\u00e4v\u00e4lisein\u00e4t, siirtosein\u00e4t ja minitilaratkaisut","publisher":{"@id":"https:\/\/en.hslgroup.fi\/en\/#organization"},"potentialAction":[{"@type":"SearchAction","target":{"@type":"EntryPoint","urlTemplate":"https:\/\/en.hslgroup.fi\/en\/?s={search_term_string}"},"query-input":{"@type":"PropertyValueSpecification","valueRequired":true,"valueName":"search_term_string"}}],"inLanguage":"en-GB"},{"@type":"Organization","@id":"https:\/\/en.hslgroup.fi\/en\/#organization","name":"HSL Group LLC","url":"https:\/\/en.hslgroup.fi\/en\/","logo":{"@type":"ImageObject","inLanguage":"en-GB","@id":"https:\/\/en.hslgroup.fi\/en\/#\/schema\/logo\/image\/","url":"https:\/\/en.hslgroup.fi\/wp-content\/uploads\/2016\/07\/hsl_logo.jpg","contentUrl":"https:\/\/en.hslgroup.fi\/wp-content\/uploads\/2016\/07\/hsl_logo.jpg","width":125,"height":60,"caption":"HSL Group Oy"},"image":{"@id":"https:\/\/en.hslgroup.fi\/en\/#\/schema\/logo\/image\/"},"sameAs":["https:\/\/facebook.com\/hslgroupoy","https:\/\/linkedin.com\/company\/hsl-group"]}]}},"_links":{"self":[{"href":"https:\/\/en.hslgroup.fi\/en\/wp-json\/wp\/v2\/pages\/540","targetHints":{"allow":["GET"]}}],"collection":[{"href":"https:\/\/en.hslgroup.fi\/en\/wp-json\/wp\/v2\/pages"}],"about":[{"href":"https:\/\/en.hslgroup.fi\/en\/wp-json\/wp\/v2\/types\/page"}],"author":[{"embeddable":true,"href":"https:\/\/en.hslgroup.fi\/en\/wp-json\/wp\/v2\/users\/1"}],"replies":[{"embeddable":true,"href":"https:\/\/en.hslgroup.fi\/en\/wp-json\/wp\/v2\/comments?post=540"}],"version-history":[{"count":5,"href":"https:\/\/en.hslgroup.fi\/en\/wp-json\/wp\/v2\/pages\/540\/revisions"}],"predecessor-version":[{"id":2578,"href":"https:\/\/en.hslgroup.fi\/en\/wp-json\/wp\/v2\/pages\/540\/revisions\/2578"}],"wp:attachment":[{"href":"https:\/\/en.hslgroup.fi\/en\/wp-json\/wp\/v2\/media?parent=540"}],"curies":[{"name":"wp","href":"https:\/\/api.w.org\/{rel}","templated":true}]}}