{"id":54,"date":"2016-07-12T01:53:44","date_gmt":"2016-07-11T22:53:44","guid":{"rendered":"http:\/\/hslgroup.dev.elielviestinta.fi\/?page_id=54"},"modified":"2022-03-11T10:34:08","modified_gmt":"2022-03-11T08:34:08","slug":"environment","status":"publish","type":"page","link":"https:\/\/en.hslgroup.fi\/en\/environment\/","title":{"rendered":"ENVIRONMENT"},"content":{"rendered":"\n[et_pb_section fb_built=&#8221;1&#8243; admin_label=&#8221;section&#8221; _builder_version=&#8221;3.22&#8243; global_colors_info=&#8221;{}&#8221;][et_pb_row column_structure=&#8221;2_3,1_3&#8243; admin_label=&#8221;row&#8221; _builder_version=&#8221;3.25&#8243; background_size=&#8221;initial&#8221; background_position=&#8221;top_left&#8221; background_repeat=&#8221;repeat&#8221; global_colors_info=&#8221;{}&#8221;][et_pb_column type=&#8221;2_3&#8243; _builder_version=&#8221;3.25&#8243; custom_padding=&#8221;|||&#8221; global_colors_info=&#8221;{}&#8221; custom_padding__hover=&#8221;|||&#8221;][et_pb_text admin_label=&#8221;Teksti&#8221; _builder_version=&#8221;4.14.7&#8243; background_size=&#8221;initial&#8221; background_position=&#8221;top_left&#8221; background_repeat=&#8221;repeat&#8221; hover_enabled=&#8221;0&#8243; use_border_color=&#8221;off&#8221; border_color=&#8221;#ffffff&#8221; border_style=&#8221;solid&#8221; global_colors_info=&#8221;{}&#8221; sticky_enabled=&#8221;0&#8243;]<h2>Vastuu yhteisest\u00e4 ymp\u00e4rist\u00f6st\u00e4<\/h2>\n<p>HSL Group Oy pyrkii minimoimaan toiminnastaan aiheutuvat ymp\u00e4rist\u00f6vaikutukset ja kerromme niist\u00e4 avoimesti eri sidosryhmillemme. Teemme yhteisty\u00f6t\u00e4 eri asiantuntijatahojen kanssa, jotta koko prosessimme tuotteiden suunnittelusta aina asennukseen asti toimisi mahdollisimman tehokkaasti.<\/p>\n<p>Elinkaariajattelu on keskeinen koko palvelukonseptiamme. Valmistamme tuotteita, joiden materiaalivalinnat ja muunneltavuus edist\u00e4v\u00e4t tuotteiden pitk\u00e4\u00e4 k\u00e4ytt\u00f6ik\u00e4\u00e4.<\/p>\n<p>Huolehdimme my\u00f6s, ett\u00e4 HSL Groupin palveluksessa olevat henkil\u00f6t tiedostavat vastuunsa ymp\u00e4rist\u00f6n huomioimisesta omissa ty\u00f6teht\u00e4viss\u00e4\u00e4n.<\/p>\n<h2>HSL sein\u00e4elementin elinkaariarvio<\/h2>\n<p>Olemme teett\u00e4neet VTT:ll\u00e4 vuonna 2012 HSL umpisein\u00e4elementin elinkaariarvion joka antaa meille ja asiakkaillemme arvokasta tietoa tuotteen ymp\u00e4rist\u00f6vaikutuksista. Elinkaariarviossa verrattiin my\u00f6s elementtisein\u00e4\u00e4 paikalla rakennettuun ter\u00e4srankaiseen kipsilevysein\u00e4\u00e4n. Tulokset osoittavat ett\u00e4 HSL:n elementtisein\u00e4n ymp\u00e4rist\u00f6vaikutukset ovat huomattavasti pienemm\u00e4t jo ensimm\u00e4isest\u00e4 sein\u00e4n vaihtokerrasta l\u00e4htien.<\/p>\n<p>Lue koko arvio <a title=\"HSL elinkaariarvio\" href=\"\/wp-content\/uploads\/2016\/07\/HSL-Elementin-elinkaariarvio1.pdf\" onclick=\"javascript:_gaq.push(['_trackEvent','download','http:\/\/www.hslgroup.fi\/wp-content\/uploads\/2012\/12\/HSL-Elementin-elinkaariarvio1.pdf']);\" target=\"_blank\" rel=\"noopener noreferrer\">t\u00e4st\u00e4<\/a>.<\/p>[\/et_pb_text][\/et_pb_column][et_pb_column type=&#8221;1_3&#8243; _builder_version=&#8221;3.25&#8243; custom_padding=&#8221;|||&#8221; global_colors_info=&#8221;{}&#8221; custom_padding__hover=&#8221;|||&#8221;][et_pb_text admin_label=&#8221;Teksti&#8221; _builder_version=&#8221;3.27.4&#8243; background_size=&#8221;initial&#8221; background_position=&#8221;top_left&#8221; background_repeat=&#8221;repeat&#8221; use_border_color=&#8221;off&#8221; border_color=&#8221;#ffffff&#8221; border_style=&#8221;solid&#8221; global_colors_info=&#8221;{}&#8221;]<a title=\"Elinkaariarvio\" href=\"\/wp-content\/uploads\/2016\/07\/HSL-Elementin-elinkaariarvio1.pdf\" onclick=\"javascript:_gaq.push(['_trackEvent','download','\/wp-content\/uploads\/2016\/07\/HSL-Elementin-elinkaariarvio1.pdf']);\" rel=\"attachment wp-att-799\"><img loading=\"lazy\" decoding=\"async\" class=\"size-medium wp-image-82 alignright\" style=\"margin: 10px 20px;\" alt=\"elinkaariarvio\" src=\"http:\/\/hslgroup.dev.elielviestinta.fi\/wp-content\/uploads\/2016\/07\/elinkaariarvio-213x300.jpg\" width=\"213\" height=\"300\" srcset=\"https:\/\/en.hslgroup.fi\/wp-content\/uploads\/2016\/07\/elinkaariarvio-213x300.jpg 213w, https:\/\/en.hslgroup.fi\/wp-content\/uploads\/2016\/07\/elinkaariarvio.jpg 609w\" sizes=\"(max-width: 213px) 100vw, 213px\" \/><\/a>\r[\/et_pb_text][\/et_pb_column][\/et_pb_row][\/et_pb_section]\n","protected":false},"excerpt":{"rendered":"<p>Vastuu yhteisest\u00e4 ymp\u00e4rist\u00f6st\u00e4 HSL Group Oy pyrkii minimoimaan toiminnastaan aiheutuvat ymp\u00e4rist\u00f6vaikutukset ja kerromme niist\u00e4 avoimesti eri sidosryhmillemme. Teemme yhteisty\u00f6t\u00e4 eri asiantuntijatahojen kanssa, jotta koko prosessimme tuotteiden suunnittelusta aina asennukseen asti toimisi mahdollisimman tehokkaasti. Elinkaariajattelu on keskeinen koko palvelukonseptiamme. Valmistamme tuotteita, joiden materiaalivalinnat ja muunneltavuus edist\u00e4v\u00e4t tuotteiden pitk\u00e4\u00e4 k\u00e4ytt\u00f6ik\u00e4\u00e4. Huolehdimme my\u00f6s, ett\u00e4 HSL Groupin palveluksessa olevat [&hellip;]<\/p>\n","protected":false},"author":1,"featured_media":0,"parent":0,"menu_order":0,"comment_status":"closed","ping_status":"closed","template":"","meta":{"_et_pb_use_builder":"on","_et_pb_old_content":"","_et_gb_content_width":"","footnotes":""},"class_list":["post-54","page","type-page","status-publish","hentry"],"yoast_head":"<!-- This site is optimized with the Yoast SEO plugin v27.4 - https:\/\/yoast.com\/product\/yoast-seo-wordpress\/ -->\n<title>Vastuu yhteisest\u00e4 ymp\u00e4rist\u00f6st\u00e4 - HSL Group Oy<\/title>\n<meta name=\"description\" content=\"HSL Group Oy pyrkii minimoimaan toiminnastaan aiheutuvat ymp\u00e4rist\u00f6vaikutukset ja kerromme niist\u00e4 avoimesti eri sidosryhmillemme. Elinkaariajattelu on keskeinen osa koko palvelukonseptiamme.\" \/>\n<meta name=\"robots\" content=\"index, follow, max-snippet:-1, max-image-preview:large, max-video-preview:-1\" \/>\n<link rel=\"canonical\" href=\"https:\/\/en.hslgroup.fi\/en\/environment\/\" \/>\n<meta property=\"og:locale\" content=\"en_GB\" \/>\n<meta property=\"og:type\" content=\"article\" \/>\n<meta property=\"og:title\" content=\"Vastuu yhteisest\u00e4 ymp\u00e4rist\u00f6st\u00e4 - HSL Group Oy\" \/>\n<meta property=\"og:description\" content=\"HSL Group Oy pyrkii minimoimaan toiminnastaan aiheutuvat ymp\u00e4rist\u00f6vaikutukset ja kerromme niist\u00e4 avoimesti eri sidosryhmillemme. Elinkaariajattelu on keskeinen osa koko palvelukonseptiamme.\" \/>\n<meta property=\"og:url\" content=\"https:\/\/en.hslgroup.fi\/en\/environment\/\" \/>\n<meta property=\"og:site_name\" content=\"HSL Group Oy\" \/>\n<meta property=\"article:publisher\" content=\"https:\/\/facebook.com\/hslgroupoy\" \/>\n<meta property=\"article:modified_time\" content=\"2022-03-11T08:34:08+00:00\" \/>\n<meta property=\"og:image\" content=\"http:\/\/hslgroup.dev.elielviestinta.fi\/wp-content\/uploads\/2016\/07\/elinkaariarvio-213x300.jpg\" \/>\n<meta name=\"twitter:card\" content=\"summary_large_image\" \/>\n<meta name=\"twitter:label1\" content=\"Estimated reading time\" \/>\n\t<meta name=\"twitter:data1\" content=\"2 minutes\" \/>\n<script type=\"application\/ld+json\" class=\"yoast-schema-graph\">{\"@context\":\"https:\\\/\\\/schema.org\",\"@graph\":[{\"@type\":\"WebPage\",\"@id\":\"https:\\\/\\\/en.hslgroup.fi\\\/environment\\\/\",\"url\":\"https:\\\/\\\/en.hslgroup.fi\\\/environment\\\/\",\"name\":\"Vastuu yhteisest\u00e4 ymp\u00e4rist\u00f6st\u00e4 - HSL Group Oy\",\"isPartOf\":{\"@id\":\"https:\\\/\\\/en.hslgroup.fi\\\/en\\\/#website\"},\"primaryImageOfPage\":{\"@id\":\"https:\\\/\\\/en.hslgroup.fi\\\/environment\\\/#primaryimage\"},\"image\":{\"@id\":\"https:\\\/\\\/en.hslgroup.fi\\\/environment\\\/#primaryimage\"},\"thumbnailUrl\":\"http:\\\/\\\/hslgroup.dev.elielviestinta.fi\\\/wp-content\\\/uploads\\\/2016\\\/07\\\/elinkaariarvio-213x300.jpg\",\"datePublished\":\"2016-07-11T22:53:44+00:00\",\"dateModified\":\"2022-03-11T08:34:08+00:00\",\"description\":\"HSL Group Oy pyrkii minimoimaan toiminnastaan aiheutuvat ymp\u00e4rist\u00f6vaikutukset ja kerromme niist\u00e4 avoimesti eri sidosryhmillemme. Elinkaariajattelu on keskeinen osa koko palvelukonseptiamme.\",\"breadcrumb\":{\"@id\":\"https:\\\/\\\/en.hslgroup.fi\\\/environment\\\/#breadcrumb\"},\"inLanguage\":\"en-GB\",\"potentialAction\":[{\"@type\":\"ReadAction\",\"target\":[\"https:\\\/\\\/en.hslgroup.fi\\\/environment\\\/\"]}]},{\"@type\":\"ImageObject\",\"inLanguage\":\"en-GB\",\"@id\":\"https:\\\/\\\/en.hslgroup.fi\\\/environment\\\/#primaryimage\",\"url\":\"http:\\\/\\\/hslgroup.dev.elielviestinta.fi\\\/wp-content\\\/uploads\\\/2016\\\/07\\\/elinkaariarvio-213x300.jpg\",\"contentUrl\":\"http:\\\/\\\/hslgroup.dev.elielviestinta.fi\\\/wp-content\\\/uploads\\\/2016\\\/07\\\/elinkaariarvio-213x300.jpg\"},{\"@type\":\"BreadcrumbList\",\"@id\":\"https:\\\/\\\/en.hslgroup.fi\\\/environment\\\/#breadcrumb\",\"itemListElement\":[{\"@type\":\"ListItem\",\"position\":1,\"name\":\"Etusivu\",\"item\":\"https:\\\/\\\/en.hslgroup.fi\\\/fi\\\/\"},{\"@type\":\"ListItem\",\"position\":2,\"name\":\"Ymp\u00e4rist\u00f6\"}]},{\"@type\":\"WebSite\",\"@id\":\"https:\\\/\\\/en.hslgroup.fi\\\/en\\\/#website\",\"url\":\"https:\\\/\\\/en.hslgroup.fi\\\/en\\\/\",\"name\":\"HSL Group Oy\",\"description\":\"J\u00e4rjestelm\u00e4v\u00e4lisein\u00e4t, siirtosein\u00e4t ja minitilaratkaisut\",\"publisher\":{\"@id\":\"https:\\\/\\\/en.hslgroup.fi\\\/en\\\/#organization\"},\"potentialAction\":[{\"@type\":\"SearchAction\",\"target\":{\"@type\":\"EntryPoint\",\"urlTemplate\":\"https:\\\/\\\/en.hslgroup.fi\\\/en\\\/?s={search_term_string}\"},\"query-input\":{\"@type\":\"PropertyValueSpecification\",\"valueRequired\":true,\"valueName\":\"search_term_string\"}}],\"inLanguage\":\"en-GB\"},{\"@type\":\"Organization\",\"@id\":\"https:\\\/\\\/en.hslgroup.fi\\\/en\\\/#organization\",\"name\":\"HSL Group Oy\",\"url\":\"https:\\\/\\\/en.hslgroup.fi\\\/en\\\/\",\"logo\":{\"@type\":\"ImageObject\",\"inLanguage\":\"en-GB\",\"@id\":\"https:\\\/\\\/en.hslgroup.fi\\\/en\\\/#\\\/schema\\\/logo\\\/image\\\/\",\"url\":\"https:\\\/\\\/en.hslgroup.fi\\\/wp-content\\\/uploads\\\/2016\\\/07\\\/hsl_logo.jpg\",\"contentUrl\":\"https:\\\/\\\/en.hslgroup.fi\\\/wp-content\\\/uploads\\\/2016\\\/07\\\/hsl_logo.jpg\",\"width\":125,\"height\":60,\"caption\":\"HSL Group Oy\"},\"image\":{\"@id\":\"https:\\\/\\\/en.hslgroup.fi\\\/en\\\/#\\\/schema\\\/logo\\\/image\\\/\"},\"sameAs\":[\"https:\\\/\\\/facebook.com\\\/hslgroupoy\",\"https:\\\/\\\/linkedin.com\\\/company\\\/hsl-group\"]}]}<\/script>\n<!-- \/ Yoast SEO plugin. -->","yoast_head_json":{"title":"Responsibility for our shared environment","description":"HSL Group aims to minimize the environment factors that are caused from their operations, and we inform about them openly to our different stakeholders. Life-cycle thinking is a central part of our service concept.","robots":{"index":"index","follow":"follow","max-snippet":"max-snippet:-1","max-image-preview":"max-image-preview:large","max-video-preview":"max-video-preview:-1"},"canonical":"https:\/\/en.hslgroup.fi\/en\/environment\/","og_locale":"en_GB","og_type":"article","og_title":"Vastuu yhteisest\u00e4 ymp\u00e4rist\u00f6st\u00e4 - HSL Group Oy","og_description":"HSL Group Oy pyrkii minimoimaan toiminnastaan aiheutuvat ymp\u00e4rist\u00f6vaikutukset ja kerromme niist\u00e4 avoimesti eri sidosryhmillemme. Elinkaariajattelu on keskeinen osa koko palvelukonseptiamme.","og_url":"https:\/\/en.hslgroup.fi\/en\/environment\/","og_site_name":"HSL Group Oy","article_publisher":"https:\/\/facebook.com\/hslgroupoy","article_modified_time":"2022-03-11T08:34:08+00:00","og_image":[{"url":"http:\/\/hslgroup.dev.elielviestinta.fi\/wp-content\/uploads\/2016\/07\/elinkaariarvio-213x300.jpg","type":"","width":"","height":""}],"twitter_card":"summary_large_image","twitter_misc":{"Estimated reading time":"2 minutes"},"schema":{"@context":"https:\/\/schema.org","@graph":[{"@type":"WebPage","@id":"https:\/\/en.hslgroup.fi\/environment\/","url":"https:\/\/en.hslgroup.fi\/environment\/","name":"Responsibility for our shared environment","isPartOf":{"@id":"https:\/\/en.hslgroup.fi\/en\/#website"},"primaryImageOfPage":{"@id":"https:\/\/en.hslgroup.fi\/environment\/#primaryimage"},"image":{"@id":"https:\/\/en.hslgroup.fi\/environment\/#primaryimage"},"thumbnailUrl":"http:\/\/hslgroup.dev.elielviestinta.fi\/wp-content\/uploads\/2016\/07\/elinkaariarvio-213x300.jpg","datePublished":"2016-07-11T22:53:44+00:00","dateModified":"2022-03-11T08:34:08+00:00","description":"HSL Group aims to minimize the environment factors that are caused from their operations, and we inform about them openly to our different stakeholders. Life-cycle thinking is a central part of our service concept.","breadcrumb":{"@id":"https:\/\/en.hslgroup.fi\/environment\/#breadcrumb"},"inLanguage":"en-GB","potentialAction":[{"@type":"ReadAction","target":["https:\/\/en.hslgroup.fi\/environment\/"]}]},{"@type":"ImageObject","inLanguage":"en-GB","@id":"https:\/\/en.hslgroup.fi\/environment\/#primaryimage","url":"http:\/\/hslgroup.dev.elielviestinta.fi\/wp-content\/uploads\/2016\/07\/elinkaariarvio-213x300.jpg","contentUrl":"http:\/\/hslgroup.dev.elielviestinta.fi\/wp-content\/uploads\/2016\/07\/elinkaariarvio-213x300.jpg"},{"@type":"BreadcrumbList","@id":"https:\/\/en.hslgroup.fi\/environment\/#breadcrumb","itemListElement":[{"@type":"ListItem","position":1,"name":"Etusivu","item":"https:\/\/en.hslgroup.fi\/fi\/"},{"@type":"ListItem","position":2,"name":"Ymp\u00e4rist\u00f6"}]},{"@type":"WebSite","@id":"https:\/\/en.hslgroup.fi\/en\/#website","url":"https:\/\/en.hslgroup.fi\/en\/","name":"HSL Group LLC","description":"J\u00e4rjestelm\u00e4v\u00e4lisein\u00e4t, siirtosein\u00e4t ja minitilaratkaisut","publisher":{"@id":"https:\/\/en.hslgroup.fi\/en\/#organization"},"potentialAction":[{"@type":"SearchAction","target":{"@type":"EntryPoint","urlTemplate":"https:\/\/en.hslgroup.fi\/en\/?s={search_term_string}"},"query-input":{"@type":"PropertyValueSpecification","valueRequired":true,"valueName":"search_term_string"}}],"inLanguage":"en-GB"},{"@type":"Organization","@id":"https:\/\/en.hslgroup.fi\/en\/#organization","name":"HSL Group LLC","url":"https:\/\/en.hslgroup.fi\/en\/","logo":{"@type":"ImageObject","inLanguage":"en-GB","@id":"https:\/\/en.hslgroup.fi\/en\/#\/schema\/logo\/image\/","url":"https:\/\/en.hslgroup.fi\/wp-content\/uploads\/2016\/07\/hsl_logo.jpg","contentUrl":"https:\/\/en.hslgroup.fi\/wp-content\/uploads\/2016\/07\/hsl_logo.jpg","width":125,"height":60,"caption":"HSL Group Oy"},"image":{"@id":"https:\/\/en.hslgroup.fi\/en\/#\/schema\/logo\/image\/"},"sameAs":["https:\/\/facebook.com\/hslgroupoy","https:\/\/linkedin.com\/company\/hsl-group"]}]}},"_links":{"self":[{"href":"https:\/\/en.hslgroup.fi\/en\/wp-json\/wp\/v2\/pages\/54","targetHints":{"allow":["GET"]}}],"collection":[{"href":"https:\/\/en.hslgroup.fi\/en\/wp-json\/wp\/v2\/pages"}],"about":[{"href":"https:\/\/en.hslgroup.fi\/en\/wp-json\/wp\/v2\/types\/page"}],"author":[{"embeddable":true,"href":"https:\/\/en.hslgroup.fi\/en\/wp-json\/wp\/v2\/users\/1"}],"replies":[{"embeddable":true,"href":"https:\/\/en.hslgroup.fi\/en\/wp-json\/wp\/v2\/comments?post=54"}],"version-history":[{"count":5,"href":"https:\/\/en.hslgroup.fi\/en\/wp-json\/wp\/v2\/pages\/54\/revisions"}],"predecessor-version":[{"id":2484,"href":"https:\/\/en.hslgroup.fi\/en\/wp-json\/wp\/v2\/pages\/54\/revisions\/2484"}],"wp:attachment":[{"href":"https:\/\/en.hslgroup.fi\/en\/wp-json\/wp\/v2\/media?parent=54"}],"curies":[{"name":"wp","href":"https:\/\/api.w.org\/{rel}","templated":true}]}}