{"id":531,"date":"2016-08-10T23:59:30","date_gmt":"2016-08-10T20:59:30","guid":{"rendered":"http:\/\/hslgroup.dev.elielviestinta.fi\/?page_id=531"},"modified":"2022-04-04T10:31:24","modified_gmt":"2022-04-04T07:31:24","slug":"designers-and-architects","status":"publish","type":"page","link":"https:\/\/en.hslgroup.fi\/en\/suunnittelijat-ja-arkkitehdit\/","title":{"rendered":"Architect's evaluation of us"},"content":{"rendered":"[et_pb_section fb_built=&#8221;1&#8243; _builder_version=&#8221;4.16&#8243; global_colors_info=&#8221;{}&#8221;][et_pb_row column_structure=&#8221;2_3,1_3&#8243; _builder_version=&#8221;4.16&#8243; background_size=&#8221;initial&#8221; background_position=&#8221;top_left&#8221; background_repeat=&#8221;repeat&#8221; custom_margin=&#8221;||||false|false&#8221; global_colors_info=&#8221;{}&#8221;][et_pb_column type=&#8221;2_3&#8243; _builder_version=&#8221;4.16&#8243; custom_padding=&#8221;|||&#8221; global_colors_info=&#8221;{}&#8221; custom_padding__hover=&#8221;|||&#8221;][et_pb_text _builder_version=&#8221;4.16&#8243; global_colors_info=&#8221;{}&#8221;]\n<h2>Arkkitehdin arvio meist\u00e4<\/h2>\n[\/et_pb_text][et_pb_text _builder_version=&#8221;4.16&#8243; background_size=&#8221;initial&#8221; background_position=&#8221;top_left&#8221; background_repeat=&#8221;repeat&#8221; global_colors_info=&#8221;{}&#8221;]\n<p><img loading=\"lazy\" decoding=\"async\" src=\"\/wp-content\/uploads\/2016\/07\/Picture-2-en.jpg\" alt=\"Picture-2-en\" width=\"940\" height=\"300\" class=\"aligncenter size-full wp-image-496\" srcset=\"https:\/\/en.hslgroup.fi\/wp-content\/uploads\/2016\/07\/Picture-2-en.jpg 940w, https:\/\/en.hslgroup.fi\/wp-content\/uploads\/2016\/07\/Picture-2-en-300x96.jpg 300w, https:\/\/en.hslgroup.fi\/wp-content\/uploads\/2016\/07\/Picture-2-en-768x245.jpg 768w\" sizes=\"(max-width: 940px) 100vw, 940px\" \/><\/p>\n<h2>Helin Architects<\/h2>\n<p>&#8221;HSL on tuttu nimi minulle jo vuosikymmenien ajalta. HSL tai Heinolan Sein\u00e4linja, kuten nimi yhteisty\u00f6mme alkuaikoina kuului, on ollut mukana useissa toimistomme suunnittelemissa kohteissa. Arkkitehdin ty\u00f6 on luomista, jossa ideoiden, muotojen ja materiaalien toistettavuus reaalimaailmassa on keskeinen onnistumisen edellytys.<\/p>\n<p>Toimistomme on p\u00e4\u00e4ssyt suunnittelemaan monia p\u00e4\u00e4kaupunkiseudun tunnetuista kohteista, kuten Nokian p\u00e4\u00e4konttorin, Kampin liiketiloja ja asuntoja, Ilmarisen uuden p\u00e4\u00e4konttorin eli entisen Lepakon rakennuksen ja tuoreimpana kohteena Helsingin Kalasataman eritt\u00e4in mittavaa muutosty\u00f6t\u00e4. Kaikki kohteet ovat aina omia ainutlaatuisia tapauksiaan, joissa arkkitehdin tulee s\u00e4ilytt\u00e4\u00e4 tuntuma sek\u00e4 kohteen ymp\u00e4rist\u00f6\u00f6n ett\u00e4 tilojen k\u00e4ytt\u00e4jiin. Uskon meid\u00e4n onnistuneen t\u00e4ss\u00e4 teht\u00e4v\u00e4ss\u00e4 hyvin.<\/p>\n<p>Kun muodostan n\u00e4kemyksen yksitt\u00e4isist\u00e4 tiloista tai huoneista, eteen tulevat aina my\u00f6s konkreettiset materiaalivalinnat.<\/p>\n<blockquote class=\"pullleft\">\n<p>HSL-seinien modulirakenne on eritt\u00e4in k\u00e4tev\u00e4 tilojen muuntojoustavuuden tehostamisessa<\/p>\n<\/blockquote>\n<p>Olen vuosien saatossa huomannut HSL-j\u00e4rjestelm\u00e4v\u00e4liseinien vastanneen useimpiin tarpeisiimme. HSL-seinien modulirakenne on esimerkiksi ollut eritt\u00e4in k\u00e4tev\u00e4 tilojen muuntojoustavuuden tehostamisessa. HSL my\u00f6s kehitti yhteisen suunnitelmamme pohjalta ensimm\u00e4isen t\u00e4ysin tasaisen k\u00e4yt\u00e4v\u00e4sein\u00e4rakenteen, jossa huoneiden ovet saatiin samalle tasalle seinien kanssa. Nyky\u00e4\u00e4nh\u00e4n t\u00e4m\u00e4 on varsin paljon k\u00e4ytetty rakenne erilaisissa toimistoissa ja julkisissa tiloissa.<\/p>\n<p>Uusien kohteiden suunnittelussa edell\u00e4 mainittu muuntojoustavuus on entist\u00e4 t\u00e4rke\u00e4mpi ty\u00f6t\u00e4ni ohjaava vaatimus. Samoin tilojen akustiset ominaisuudet ovat hyvin t\u00e4rke\u00e4 tekij\u00e4 niin yleisen viihtyvyyden kuin toiminnallisuuksienkin takia. Muun muassa erilaiset hiljaiset huoneet tulevat yleistym\u00e4\u00e4n. HSL on mielest\u00e4ni onnistunut kehitt\u00e4m\u00e4\u00e4n j\u00e4rjestelm\u00e4seini\u00e4\u00e4n n\u00e4iden vaatimusten mukaisesti ja pysynyt meid\u00e4n arkkitehtien ajatusten tahdissa. Lopuksi haluan nostaa uuden <a href=\"http:\/\/www.hslgroup.fi\/portfolio\/metsatapiola\/\">Mets\u00e4tapiolan toimistotalon Espoossa<\/a> esimerkiksi todella monimuotoisesta tilasuunnittelusta. My\u00f6s t\u00e4\u00e4ll\u00e4 olemme k\u00e4ytt\u00e4neet HSL:n seini\u00e4.&#8221;<\/p>\n<p>Antti Laiho<br \/> Arkkitehti<br \/> Helin Architects<\/p>\n[\/et_pb_text][\/et_pb_column][et_pb_column type=&#8221;1_3&#8243; _builder_version=&#8221;4.16&#8243; global_colors_info=&#8221;{}&#8221;][et_pb_text admin_label=&#8221;Yhteydenotto&#8221; _builder_version=&#8221;4.16&#8243; global_colors_info=&#8221;{}&#8221;]\n<h3>J\u00e4t\u00e4 yhteydenottopyynt\u00f6<\/h3>\n<div class=\"et_pb_contact\">\n<div class=\"wpcf7 no-js\" id=\"wpcf7-f46-o1\" lang=\"fi\" dir=\"ltr\" data-wpcf7-id=\"46\">\n<div class=\"screen-reader-response\"><p role=\"status\" aria-live=\"polite\" aria-atomic=\"true\"><\/p> <ul><\/ul><\/div>\n<form action=\"\/en\/wp-json\/wp\/v2\/pages\/531#wpcf7-f46-o1\" method=\"post\" class=\"wpcf7-form init\" aria-label=\"Yhteydenottolomake\" novalidate=\"novalidate\" data-status=\"init\">\n<fieldset class=\"hidden-fields-container\"><input type=\"hidden\" name=\"_wpcf7\" value=\"46\" \/><input type=\"hidden\" name=\"_wpcf7_version\" value=\"6.1.5\" \/><input type=\"hidden\" name=\"_wpcf7_locale\" value=\"fi\" \/><input type=\"hidden\" name=\"_wpcf7_unit_tag\" value=\"wpcf7-f46-o1\" \/><input type=\"hidden\" name=\"_wpcf7_container_post\" value=\"0\" \/><input type=\"hidden\" name=\"_wpcf7_posted_data_hash\" value=\"\" \/><input type=\"hidden\" name=\"_wpcf7_recaptcha_response\" value=\"\" \/>\n<\/fieldset>\n<p>Yritys\n<\/p>\n<p><span class=\"wpcf7-form-control-wrap\" data-name=\"company-name\"><input size=\"40\" maxlength=\"400\" class=\"wpcf7-form-control wpcf7-text wpcf7-validates-as-required\" aria-required=\"true\" aria-invalid=\"false\" value=\"\" type=\"text\" name=\"company-name\" \/><\/span>\n<\/p>\n<p>Yhteyshenkil\u00f6\n<\/p>\n<p><span class=\"wpcf7-form-control-wrap\" data-name=\"contact-person\"><input size=\"40\" maxlength=\"400\" class=\"wpcf7-form-control wpcf7-text wpcf7-validates-as-required\" aria-required=\"true\" aria-invalid=\"false\" value=\"\" type=\"text\" name=\"contact-person\" \/><\/span>\n<\/p>\n<p>S\u00e4hk\u00f6posti\n<\/p>\n<p><span class=\"wpcf7-form-control-wrap\" data-name=\"email\"><input size=\"40\" maxlength=\"400\" class=\"wpcf7-form-control wpcf7-email wpcf7-validates-as-required wpcf7-text wpcf7-validates-as-email\" aria-required=\"true\" aria-invalid=\"false\" value=\"\" type=\"email\" name=\"email\" \/><\/span>\n<\/p>\n<p>Puhelinnumero\n<\/p>\n<p><span class=\"wpcf7-form-control-wrap\" data-name=\"phone-number\"><input size=\"40\" maxlength=\"400\" class=\"wpcf7-form-control wpcf7-text\" aria-invalid=\"false\" value=\"\" type=\"text\" name=\"phone-number\" \/><\/span>\n<\/p>\n<p><input class=\"wpcf7-form-control wpcf7-submit has-spinner\" type=\"submit\" value=\"L\u00e4het\u00e4\" \/>\n<\/p><div class=\"wpcf7-response-output\" aria-hidden=\"true\"><\/div>\n<\/form>\n<\/div>\n<\/div>\n[\/et_pb_text][et_pb_cta title=&#8221;Soita meille&#8221; button_url=&#8221;tel:+358102776500&#8243; button_text=&#8221;010 277 6500&#8243; _builder_version=&#8221;4.16&#8243; _module_preset=&#8221;default&#8221; body_font=&#8221;|600|||||||&#8221; background_color=&#8221;#4c4c4c&#8221; background_image=&#8221;https:\/\/en.hslgroup.fi\/wp-content\/uploads\/2022\/01\/HSL-puulasiseina\u0308-sinila\u0308hteen-koulu.jpg&#8221; background_repeat=&#8221;repeat-x&#8221; background_blend=&#8221;overlay&#8221; custom_button=&#8221;on&#8221; button_text_size=&#8221;18px&#8221; button_bg_color=&#8221;#50af31&#8243; button_border_width=&#8221;0px&#8221; button_icon=&#8221;&#xe00b;||divi||400&#8243; saved_tabs=&#8221;all&#8221; global_colors_info=&#8221;{}&#8221; global_module=&#8221;2312&#8243; theme_builder_area=&#8221;post_content&#8221;]\n<p>Saat lis\u00e4tietoja ratkaisuistamme nopeasti ottamalla yhteytt\u00e4 asiakaspalveluumme.<\/p>\n[\/et_pb_cta][\/et_pb_column][\/et_pb_row][\/et_pb_section]\n","protected":false},"excerpt":{"rendered":"<p>Arkkitehdin arvio meist\u00e4 Helin Architects &#8221;HSL on tuttu nimi minulle jo vuosikymmenien ajalta. HSL tai Heinolan Sein\u00e4linja, kuten nimi yhteisty\u00f6mme alkuaikoina kuului, on ollut mukana useissa toimistomme suunnittelemissa kohteissa. Arkkitehdin ty\u00f6 on luomista, jossa ideoiden, muotojen ja materiaalien toistettavuus reaalimaailmassa on keskeinen onnistumisen edellytys. Toimistomme on p\u00e4\u00e4ssyt suunnittelemaan monia p\u00e4\u00e4kaupunkiseudun tunnetuista kohteista, kuten Nokian p\u00e4\u00e4konttorin, [&hellip;]<\/p>\n","protected":false},"author":1,"featured_media":0,"parent":0,"menu_order":0,"comment_status":"closed","ping_status":"closed","template":"","meta":{"_et_pb_use_builder":"on","_et_pb_old_content":"<img src=\"http:\/\/hslgroup.dev.elielviestinta.fi\/wp-content\/uploads\/2016\/07\/Picture-2-en.jpg\" alt=\"Picture-2-en\" width=\"940\" height=\"300\" class=\"aligncenter size-full wp-image-496\">\n<h2>Helin Architects<\/h2>\n\"HSL on tuttu nimi minulle jo vuosikymmenien ajalta. HSL tai Heinolan Sein\u00e4linja, kuten nimi yhteisty\u00f6mme alkuaikoina kuului, on ollut mukana useissa toimistomme suunnittelemissa kohteissa. Arkkitehdin ty\u00f6 on luomista, jossa ideoiden, muotojen ja materiaalien toistettavuus reaalimaailmassa on keskeinen onnistumisen edellytys.\n\nToimistomme on p\u00e4\u00e4ssyt suunnittelemaan monia p\u00e4\u00e4kaupunkiseudun tunnetuista kohteista, kuten Nokian p\u00e4\u00e4konttorin, Kampin liiketiloja ja asuntoja, Ilmarisen uuden p\u00e4\u00e4konttorin eli entisen Lepakon rakennuksen ja tuoreimpana kohteena Helsingin Kalasataman eritt\u00e4in mittavaa muutosty\u00f6t\u00e4. Kaikki kohteet ovat aina omia ainutlaatuisia tapauksiaan, joissa arkkitehdin tulee s\u00e4ilytt\u00e4\u00e4 tuntuma sek\u00e4 kohteen ymp\u00e4rist\u00f6\u00f6n ett\u00e4 tilojen k\u00e4ytt\u00e4jiin. Uskon meid\u00e4n onnistuneen t\u00e4ss\u00e4 teht\u00e4v\u00e4ss\u00e4 hyvin.\n\nKun muodostan n\u00e4kemyksen yksitt\u00e4isist\u00e4 tiloista tai huoneista, eteen tulevat aina my\u00f6s konkreettiset materiaalivalinnat.\n<blockquote class=\"pullleft\">HSL-seinien modulirakenne on eritt\u00e4in k\u00e4tev\u00e4 tilojen muuntojoustavuuden tehostamisessa<\/blockquote>\nOlen vuosien saatossa huomannut HSL-j\u00e4rjestelm\u00e4v\u00e4liseinien vastanneen useimpiin tarpeisiimme. HSL-seinien modulirakenne on esimerkiksi ollut eritt\u00e4in k\u00e4tev\u00e4 tilojen muuntojoustavuuden tehostamisessa. HSL my\u00f6s kehitti yhteisen suunnitelmamme pohjalta ensimm\u00e4isen t\u00e4ysin tasaisen k\u00e4yt\u00e4v\u00e4sein\u00e4rakenteen, jossa huoneiden ovet saatiin samalle tasalle seinien kanssa. Nyky\u00e4\u00e4nh\u00e4n t\u00e4m\u00e4 on varsin paljon k\u00e4ytetty rakenne erilaisissa toimistoissa ja julkisissa tiloissa.\n\nUusien kohteiden suunnittelussa edell\u00e4 mainittu muuntojoustavuus on entist\u00e4 t\u00e4rke\u00e4mpi ty\u00f6t\u00e4ni ohjaava vaatimus. Samoin tilojen akustiset ominaisuudet ovat hyvin t\u00e4rke\u00e4 tekij\u00e4 niin yleisen viihtyvyyden kuin toiminnallisuuksienkin takia. Muun muassa erilaiset hiljaiset huoneet tulevat yleistym\u00e4\u00e4n. HSL on mielest\u00e4ni onnistunut kehitt\u00e4m\u00e4\u00e4n j\u00e4rjestelm\u00e4seini\u00e4\u00e4n n\u00e4iden vaatimusten mukaisesti ja pysynyt meid\u00e4n arkkitehtien ajatusten tahdissa. Lopuksi haluan nostaa uuden <a href=\"http:\/\/www.hslgroup.fi\/portfolio\/metsatapiola\/\">Mets\u00e4tapiolan toimistotalon Espoossa<\/a> esimerkiksi todella monimuotoisesta tilasuunnittelusta. My\u00f6s t\u00e4\u00e4ll\u00e4 olemme k\u00e4ytt\u00e4neet HSL:n seini\u00e4.\"\n\nAntti Laiho\nArkkitehti\nHelin Architects","_et_gb_content_width":"","footnotes":""},"class_list":["post-531","page","type-page","status-publish","hentry"],"yoast_head":"<!-- This site is optimized with the Yoast SEO plugin v27.4 - https:\/\/yoast.com\/product\/yoast-seo-wordpress\/ -->\n<title>Arkkitehdin arvio meist\u00e4 - HSL Group Oy<\/title>\n<meta name=\"description\" content=\"Arkkitehdin arvio meist\u00e4. &quot;Olen vuosien saatossa huomannut HSL-j\u00e4rjestelm\u00e4v\u00e4liseinien vastanneen useimpiin tarpeisiimme&quot;\" \/>\n<meta name=\"robots\" content=\"index, follow, max-snippet:-1, max-image-preview:large, max-video-preview:-1\" \/>\n<link rel=\"canonical\" href=\"https:\/\/en.hslgroup.fi\/en\/designers-and-architects\/\" \/>\n<meta property=\"og:locale\" content=\"en_GB\" \/>\n<meta property=\"og:type\" content=\"article\" \/>\n<meta property=\"og:title\" content=\"Arkkitehdin arvio meist\u00e4 - HSL Group Oy\" \/>\n<meta property=\"og:description\" content=\"Arkkitehdin arvio meist\u00e4. &quot;Olen vuosien saatossa huomannut HSL-j\u00e4rjestelm\u00e4v\u00e4liseinien vastanneen useimpiin tarpeisiimme&quot;\" \/>\n<meta property=\"og:url\" content=\"https:\/\/en.hslgroup.fi\/en\/designers-and-architects\/\" \/>\n<meta property=\"og:site_name\" content=\"HSL Group Oy\" \/>\n<meta property=\"article:publisher\" content=\"https:\/\/facebook.com\/hslgroupoy\" \/>\n<meta property=\"article:modified_time\" content=\"2022-04-04T07:31:24+00:00\" \/>\n<meta name=\"twitter:card\" content=\"summary_large_image\" \/>\n<meta name=\"twitter:label1\" content=\"Estimated reading time\" \/>\n\t<meta name=\"twitter:data1\" content=\"2 minutes\" \/>\n<script type=\"application\/ld+json\" class=\"yoast-schema-graph\">{\"@context\":\"https:\\\/\\\/schema.org\",\"@graph\":[{\"@type\":\"WebPage\",\"@id\":\"https:\\\/\\\/en.hslgroup.fi\\\/designers-and-architects\\\/\",\"url\":\"https:\\\/\\\/en.hslgroup.fi\\\/designers-and-architects\\\/\",\"name\":\"Arkkitehdin arvio meist\u00e4 - HSL Group Oy\",\"isPartOf\":{\"@id\":\"https:\\\/\\\/en.hslgroup.fi\\\/en\\\/#website\"},\"datePublished\":\"2016-08-10T20:59:30+00:00\",\"dateModified\":\"2022-04-04T07:31:24+00:00\",\"description\":\"Arkkitehdin arvio meist\u00e4. \\\"Olen vuosien saatossa huomannut HSL-j\u00e4rjestelm\u00e4v\u00e4liseinien vastanneen useimpiin tarpeisiimme\\\"\",\"breadcrumb\":{\"@id\":\"https:\\\/\\\/en.hslgroup.fi\\\/designers-and-architects\\\/#breadcrumb\"},\"inLanguage\":\"en-GB\",\"potentialAction\":[{\"@type\":\"ReadAction\",\"target\":[\"https:\\\/\\\/en.hslgroup.fi\\\/designers-and-architects\\\/\"]}]},{\"@type\":\"BreadcrumbList\",\"@id\":\"https:\\\/\\\/en.hslgroup.fi\\\/designers-and-architects\\\/#breadcrumb\",\"itemListElement\":[{\"@type\":\"ListItem\",\"position\":1,\"name\":\"Etusivu\",\"item\":\"https:\\\/\\\/en.hslgroup.fi\\\/fi\\\/\"},{\"@type\":\"ListItem\",\"position\":2,\"name\":\"Arkkitehdin arvio meist\u00e4\"}]},{\"@type\":\"WebSite\",\"@id\":\"https:\\\/\\\/en.hslgroup.fi\\\/en\\\/#website\",\"url\":\"https:\\\/\\\/en.hslgroup.fi\\\/en\\\/\",\"name\":\"HSL Group Oy\",\"description\":\"J\u00e4rjestelm\u00e4v\u00e4lisein\u00e4t, siirtosein\u00e4t ja minitilaratkaisut\",\"publisher\":{\"@id\":\"https:\\\/\\\/en.hslgroup.fi\\\/en\\\/#organization\"},\"potentialAction\":[{\"@type\":\"SearchAction\",\"target\":{\"@type\":\"EntryPoint\",\"urlTemplate\":\"https:\\\/\\\/en.hslgroup.fi\\\/en\\\/?s={search_term_string}\"},\"query-input\":{\"@type\":\"PropertyValueSpecification\",\"valueRequired\":true,\"valueName\":\"search_term_string\"}}],\"inLanguage\":\"en-GB\"},{\"@type\":\"Organization\",\"@id\":\"https:\\\/\\\/en.hslgroup.fi\\\/en\\\/#organization\",\"name\":\"HSL Group Oy\",\"url\":\"https:\\\/\\\/en.hslgroup.fi\\\/en\\\/\",\"logo\":{\"@type\":\"ImageObject\",\"inLanguage\":\"en-GB\",\"@id\":\"https:\\\/\\\/en.hslgroup.fi\\\/en\\\/#\\\/schema\\\/logo\\\/image\\\/\",\"url\":\"https:\\\/\\\/en.hslgroup.fi\\\/wp-content\\\/uploads\\\/2016\\\/07\\\/hsl_logo.jpg\",\"contentUrl\":\"https:\\\/\\\/en.hslgroup.fi\\\/wp-content\\\/uploads\\\/2016\\\/07\\\/hsl_logo.jpg\",\"width\":125,\"height\":60,\"caption\":\"HSL Group Oy\"},\"image\":{\"@id\":\"https:\\\/\\\/en.hslgroup.fi\\\/en\\\/#\\\/schema\\\/logo\\\/image\\\/\"},\"sameAs\":[\"https:\\\/\\\/facebook.com\\\/hslgroupoy\",\"https:\\\/\\\/linkedin.com\\\/company\\\/hsl-group\"]}]}<\/script>\n<!-- \/ Yoast SEO plugin. -->","yoast_head_json":{"title":"Architect's evaluation of us - HSL Group LLC","description":"Architects evaluation of us. \"I have noticed through the years that the HSL partition wall systems has answered most of our needs\"","robots":{"index":"index","follow":"follow","max-snippet":"max-snippet:-1","max-image-preview":"max-image-preview:large","max-video-preview":"max-video-preview:-1"},"canonical":"https:\/\/en.hslgroup.fi\/en\/designers-and-architects\/","og_locale":"en_GB","og_type":"article","og_title":"Arkkitehdin arvio meist\u00e4 - HSL Group Oy","og_description":"Arkkitehdin arvio meist\u00e4. \"Olen vuosien saatossa huomannut HSL-j\u00e4rjestelm\u00e4v\u00e4liseinien vastanneen useimpiin tarpeisiimme\"","og_url":"https:\/\/en.hslgroup.fi\/en\/designers-and-architects\/","og_site_name":"HSL Group Oy","article_publisher":"https:\/\/facebook.com\/hslgroupoy","article_modified_time":"2022-04-04T07:31:24+00:00","twitter_card":"summary_large_image","twitter_misc":{"Estimated reading time":"2 minutes"},"schema":{"@context":"https:\/\/schema.org","@graph":[{"@type":"WebPage","@id":"https:\/\/en.hslgroup.fi\/designers-and-architects\/","url":"https:\/\/en.hslgroup.fi\/designers-and-architects\/","name":"Architect's evaluation of us - HSL Group LLC","isPartOf":{"@id":"https:\/\/en.hslgroup.fi\/en\/#website"},"datePublished":"2016-08-10T20:59:30+00:00","dateModified":"2022-04-04T07:31:24+00:00","description":"Architects evaluation of us. \"I have noticed through the years that the HSL partition wall systems has answered most of our needs\"","breadcrumb":{"@id":"https:\/\/en.hslgroup.fi\/designers-and-architects\/#breadcrumb"},"inLanguage":"en-GB","potentialAction":[{"@type":"ReadAction","target":["https:\/\/en.hslgroup.fi\/designers-and-architects\/"]}]},{"@type":"BreadcrumbList","@id":"https:\/\/en.hslgroup.fi\/designers-and-architects\/#breadcrumb","itemListElement":[{"@type":"ListItem","position":1,"name":"Etusivu","item":"https:\/\/en.hslgroup.fi\/fi\/"},{"@type":"ListItem","position":2,"name":"Arkkitehdin arvio meist\u00e4"}]},{"@type":"WebSite","@id":"https:\/\/en.hslgroup.fi\/en\/#website","url":"https:\/\/en.hslgroup.fi\/en\/","name":"HSL Group LLC","description":"J\u00e4rjestelm\u00e4v\u00e4lisein\u00e4t, siirtosein\u00e4t ja minitilaratkaisut","publisher":{"@id":"https:\/\/en.hslgroup.fi\/en\/#organization"},"potentialAction":[{"@type":"SearchAction","target":{"@type":"EntryPoint","urlTemplate":"https:\/\/en.hslgroup.fi\/en\/?s={search_term_string}"},"query-input":{"@type":"PropertyValueSpecification","valueRequired":true,"valueName":"search_term_string"}}],"inLanguage":"en-GB"},{"@type":"Organization","@id":"https:\/\/en.hslgroup.fi\/en\/#organization","name":"HSL Group LLC","url":"https:\/\/en.hslgroup.fi\/en\/","logo":{"@type":"ImageObject","inLanguage":"en-GB","@id":"https:\/\/en.hslgroup.fi\/en\/#\/schema\/logo\/image\/","url":"https:\/\/en.hslgroup.fi\/wp-content\/uploads\/2016\/07\/hsl_logo.jpg","contentUrl":"https:\/\/en.hslgroup.fi\/wp-content\/uploads\/2016\/07\/hsl_logo.jpg","width":125,"height":60,"caption":"HSL Group Oy"},"image":{"@id":"https:\/\/en.hslgroup.fi\/en\/#\/schema\/logo\/image\/"},"sameAs":["https:\/\/facebook.com\/hslgroupoy","https:\/\/linkedin.com\/company\/hsl-group"]}]}},"_links":{"self":[{"href":"https:\/\/en.hslgroup.fi\/en\/wp-json\/wp\/v2\/pages\/531","targetHints":{"allow":["GET"]}}],"collection":[{"href":"https:\/\/en.hslgroup.fi\/en\/wp-json\/wp\/v2\/pages"}],"about":[{"href":"https:\/\/en.hslgroup.fi\/en\/wp-json\/wp\/v2\/types\/page"}],"author":[{"embeddable":true,"href":"https:\/\/en.hslgroup.fi\/en\/wp-json\/wp\/v2\/users\/1"}],"replies":[{"embeddable":true,"href":"https:\/\/en.hslgroup.fi\/en\/wp-json\/wp\/v2\/comments?post=531"}],"version-history":[{"count":5,"href":"https:\/\/en.hslgroup.fi\/en\/wp-json\/wp\/v2\/pages\/531\/revisions"}],"predecessor-version":[{"id":2577,"href":"https:\/\/en.hslgroup.fi\/en\/wp-json\/wp\/v2\/pages\/531\/revisions\/2577"}],"wp:attachment":[{"href":"https:\/\/en.hslgroup.fi\/en\/wp-json\/wp\/v2\/media?parent=531"}],"curies":[{"name":"wp","href":"https:\/\/api.w.org\/{rel}","templated":true}]}}