{"id":513,"date":"2016-08-02T15:21:32","date_gmt":"2016-08-02T12:21:32","guid":{"rendered":"http:\/\/hslgroup.dev.elielviestinta.fi\/?page_id=513"},"modified":"2022-10-03T14:01:29","modified_gmt":"2022-10-03T11:01:29","slug":"downloadable-materials","status":"publish","type":"page","link":"https:\/\/en.hslgroup.fi\/en\/downloadable-materials\/","title":{"rendered":"Downloadable materials"},"content":{"rendered":"[et_pb_section fb_built=&#8221;1&#8243; admin_label=&#8221;section&#8221; _builder_version=&#8221;4.16&#8243; global_colors_info=&#8221;{}&#8221;][et_pb_row column_structure=&#8221;2_3,1_3&#8243; admin_label=&#8221;Rivi&#8221; _builder_version=&#8221;4.16&#8243; background_size=&#8221;initial&#8221; background_position=&#8221;top_left&#8221; background_repeat=&#8221;repeat&#8221; global_colors_info=&#8221;{}&#8221;][et_pb_column type=&#8221;2_3&#8243; _builder_version=&#8221;4.16&#8243; custom_padding=&#8221;|||&#8221; global_colors_info=&#8221;{}&#8221; custom_padding__hover=&#8221;|||&#8221;][et_pb_text admin_label=&#8221;Teksti&#8221; _builder_version=&#8221;4.18.0&#8243; background_size=&#8221;initial&#8221; background_position=&#8221;top_left&#8221; background_repeat=&#8221;repeat&#8221; hover_enabled=&#8221;0&#8243; use_border_color=&#8221;off&#8221; border_color=&#8221;#ffffff&#8221; border_style=&#8221;solid&#8221; global_colors_info=&#8221;{}&#8221; sticky_enabled=&#8221;0&#8243;]\n<p>Ole hyv\u00e4 ja lataa itsellesi HSL-materiaaleja pdf-muodossa:<\/p>\n<p><a title=\"HSL-esite\" href=\"\/wp-content\/uploads\/2022\/05\/HSL-Group-Oy-yleisesite-FI-20220426.pdf\" target=\"_blank\" rel=\"noopener noreferrer\"><strong>HSL-esite<\/strong><\/a><\/p>\n<p><a href=\"\/wp-content\/uploads\/2020\/02\/HSL-Group-Esite-neuvottelutilat-ja-puhelinhuoneet-2020.pdf\"><strong>HSL-neuvottelutilat ja puhelinhuoneet<\/strong><strong>\u00a0esite<\/strong><\/a><\/p>\n<p><a href=\"https:\/\/en.hslgroup.fi\/wp-content\/uploads\/2020\/03\/HSL_Group_Lasiseinaesite_20200227.pdf\"><strong>HSL-lasisein\u00e4t esite<\/strong><\/a><\/p>\n<p><a href=\"https:\/\/en.hslgroup.fi\/wp-content\/uploads\/2020\/03\/HSL-Group-Esite-elements-20200227.pdf\"><strong>HSL-umpielementtisein\u00e4t<\/strong><strong>\u00a0esite<\/strong><\/a><a href=\"\/wp-content\/uploads\/2016\/08\/renz_acoustic_systems_en_lr.pdf\"><strong><\/strong><\/a><\/p>\n<p><strong><a href=\"http:\/\/hslgroup.fi\/wp-content\/uploads\/2018\/08\/Paloluokitusraportti-HSL-Element.pdf\">HSL-umpielementtisein\u00e4t paloluokitusraportti<\/a><\/strong><\/p>\n<p><a href=\"\/wp-content\/uploads\/2021\/09\/HSL-Group-Oy-detaljit-2020-pdf.7z\"><strong>HSL-j\u00e4rjestelm\u00e4v\u00e4lisein\u00e4detaljit (PDF), zip-paketti<\/strong><\/a><\/p>\n<p><a href=\"\/wp-content\/uploads\/2016\/08\/HSL-Elementin-elinkaariarvio.pdf\"><strong>HSL-umpielementtisein\u00e4n VTT elinkaariarvio<\/strong><\/a><\/p>\n<p><a href=\"\/wp-content\/uploads\/2016\/08\/Liukuovi-31-dB.pdf\"><strong>Liukuovi 31 dB<\/strong><\/a><\/p>\n<p><a href=\"http:\/\/hslgroup.fi\/wp-content\/uploads\/2018\/08\/Liukuovi-VTT-S-00829-18.pdf\"><strong>Liukuovi 37 dB<\/strong><\/a><strong><\/strong><\/p>\n<p><strong><a href=\"\/wp-content\/uploads\/2021\/04\/HSL-Alumiinilasi-Decoral-kasittelylla-Rw37dB-202005120.pdf\">HSL ALU liukuovet puun ilmeell\u00e4 37 dB<\/a><\/strong><\/p>\n<p><a href=\"\/wp-content\/uploads\/2022\/05\/HSL-ALU-P50-Alumiinilasiovi-Tuotekortti-20220222.pdf\"><strong>HSL ALU P50 alumiinilasiovi<\/strong><\/a><\/p>\n<p><strong><a href=\"\/wp-content\/uploads\/2020\/11\/HUFCOR-siirtoseinat-esite-EN.pdf\">HUFCOR siirtosein\u00e4malliston esite<\/a><\/strong><\/p>\n<p><strong><a href=\"\/wp-content\/uploads\/2020\/11\/HUFCOR-siirtoseinat-tekniset-detaljit.pdf\">HUFCOR siirtosein\u00e4t tekniset detaljit<\/a><\/strong><\/p>\n<p>CAD-piirustukset l\u00e4het\u00e4mme s\u00e4hk\u00f6postilla, ota yhteytt\u00e4 <a href=\"mailto:asiakaspalvelu@hslgroup.fi\">asiakaspalvelu@hslgroup.fi<\/a><\/p>\n[\/et_pb_text][\/et_pb_column][et_pb_column type=&#8221;1_3&#8243; _builder_version=&#8221;4.16&#8243; custom_padding=&#8221;|||&#8221; global_colors_info=&#8221;{}&#8221; custom_padding__hover=&#8221;|||&#8221;][et_pb_sidebar area=&#8221;sidebar-1&#8243; admin_label=&#8221;Sivupalkki&#8221; _builder_version=&#8221;4.16&#8243; remove_border=&#8221;off&#8221; global_colors_info=&#8221;{}&#8221;] [\/et_pb_sidebar][\/et_pb_column][\/et_pb_row][\/et_pb_section]\n","protected":false},"excerpt":{"rendered":"<p>Ole hyv\u00e4 ja lataa itsellesi HSL-materiaaleja pdf-muodossa: HSL-esite HSL-neuvottelutilat ja puhelinhuoneet\u00a0esite HSL-lasisein\u00e4t esite HSL-umpielementtisein\u00e4t\u00a0esite HSL-umpielementtisein\u00e4t paloluokitusraportti HSL-j\u00e4rjestelm\u00e4v\u00e4lisein\u00e4detaljit (PDF), zip-paketti HSL-umpielementtisein\u00e4n VTT elinkaariarvio Liukuovi 31 dB Liukuovi 37 dB HSL ALU liukuovet puun ilmeell\u00e4 37 dB HSL ALU P50 alumiinilasiovi HUFCOR siirtosein\u00e4malliston esite HUFCOR siirtosein\u00e4t tekniset detaljit CAD-piirustukset l\u00e4het\u00e4mme s\u00e4hk\u00f6postilla, ota yhteytt\u00e4 asiakaspalvelu@hslgroup.fi<\/p>","protected":false},"author":1,"featured_media":0,"parent":0,"menu_order":0,"comment_status":"closed","ping_status":"closed","template":"","meta":{"_et_pb_use_builder":"on","_et_pb_old_content":"<p>Ole hyv\u00e4 ja lataa itsellesi HSL-materiaaleja pdf-muodossa:<\/p>\r\n<p><a title=\"HSL-esite\" href=\"\/wp-content\/uploads\/2016\/08\/HSL-esite.pdf\" onclick=\"javascript:_gaq.push(['_trackEvent','download','\/wp-content\/uploads\/2016\/08\/HSL-esite.pdf']);\" target=\"_blank\"><strong>HSL-esite<\/strong><\/a><\/p>\r\n<p><a href=\"\/wp-content\/uploads\/2016\/08\/SilentRooms2013-E-opt.pdf\" onclick=\"javascript:_gaq.push(['_trackEvent','download','\/wp-content\/uploads\/2016\/08\/SilentRooms2013-E-opt.pdf']);\"><strong>Renz neuvotteluhuoneet<\/strong><\/a><\/p>\r\n<p><a href=\"\/wp-content\/uploads\/2016\/08\/renz_acoustic_systems_en_lr.pdf\" onclick=\"javascript:_gaq.push(['_trackEvent','download','\/wp-content\/uploads\/2016\/08\/renz_acoustic_systems_en_lr.pdf']);\"><strong>Renz tekninen esite<\/strong><\/a><\/p>\r\n\r\n<p><a href=\"\/wp-content\/uploads\/2016\/08\/HSL-umpielementtiseinat.pdf\" onclick=\"javascript:_gaq.push(['_trackEvent','download','\/wp-content\/uploads\/2016\/08\/HSL-umpielementtiseinat.pdf']);\"><strong>HSL-umpielementtisein\u00e4t VTT \u00e4\u00e4nenerist\u00e4vyystesti<\/strong><\/a><\/p>\r\n<p><a href=\"\/wp-content\/uploads\/2016\/08\/HSL-jarjestelmavaliseinadetaljit_pdf\" onclick=\"javascript:_gaq.push(['_trackEvent','download','\/wp-content\/uploads\/2016\/08\/HSL-j\u00e4rjestelm\u00e4v\u00e4lisein\u00e4detaljit_pdf.zip']);\"><strong>HSL-j\u00e4rjestelm\u00e4v\u00e4lisein\u00e4detaljit (PDF), zip-paketti<\/strong><\/a><\/p>\r\n<p><a href=\"\/wp-content\/uploads\/2016\/08\/HSL-Elementin-elinkaariarvio.pdf\" onclick=\"javascript:_gaq.push(['_trackEvent','download','\/wp-content\/uploads\/2016\/08\/HSL-Elementin-elinkaariarvio.pdf']);\"><strong>HSL-umpielementtisein\u00e4n VTT elinkaariarvio<\/strong><\/a><\/p>\r\n<p><a href=\"\/wp-content\/uploads\/2016\/08\/Liukuovi-31-dB.pdf\" onclick=\"javascript:_gaq.push(['_trackEvent','download','\/wp-content\/uploads\/2016\/08\/Liukuovi-31-dB.pdf']);\"><strong>Liukuovi 31 dB<\/strong><\/a><\/p>\r\n<p><a href=\"\/wp-content\/uploads\/2016\/08\/Liukuovi-36-dB.pdf\" onclick=\"javascript:_gaq.push(['_trackEvent','download','\/wp-content\/uploads\/2016\/08\/Liukuovi-36-dB.pdf']);\"><strong>Liukuovi 36 dB<\/strong><\/a><\/p>\r\n<p>CAD-piirustukset l\u00e4het\u00e4mme s\u00e4hk\u00f6postilla, ota yhteytt\u00e4 <a href=\"mailto:asiakaspalvelu@hslgroup.fi\">asiakaspalvelu@hslgroup.fi<\/a><\/p>","_et_gb_content_width":"","footnotes":""},"class_list":["post-513","page","type-page","status-publish","hentry"],"yoast_head":"<!-- This site is optimized with the Yoast SEO plugin v27.4 - https:\/\/yoast.com\/product\/yoast-seo-wordpress\/ -->\n<title>Ladattavat materiaalit - HSL Group Oy<\/title>\n<meta name=\"description\" content=\"Ladattavat materiaalit. Ole hyv\u00e4 ja lataa itsellesi HSL-materiaaleja. Saatavilla on my\u00f6s tietomallipohjaiset aineistot ja tuotedetaljit\" \/>\n<meta name=\"robots\" content=\"index, follow, max-snippet:-1, max-image-preview:large, max-video-preview:-1\" \/>\n<link rel=\"canonical\" href=\"https:\/\/en.hslgroup.fi\/en\/downloadable-materials\/\" \/>\n<meta property=\"og:locale\" content=\"en_GB\" \/>\n<meta property=\"og:type\" content=\"article\" \/>\n<meta property=\"og:title\" content=\"Ladattavat materiaalit - HSL Group Oy\" \/>\n<meta property=\"og:description\" content=\"Ladattavat materiaalit. Ole hyv\u00e4 ja lataa itsellesi HSL-materiaaleja. Saatavilla on my\u00f6s tietomallipohjaiset aineistot ja tuotedetaljit\" \/>\n<meta property=\"og:url\" content=\"https:\/\/en.hslgroup.fi\/en\/downloadable-materials\/\" \/>\n<meta property=\"og:site_name\" content=\"HSL Group Oy\" \/>\n<meta property=\"article:publisher\" content=\"https:\/\/facebook.com\/hslgroupoy\" \/>\n<meta property=\"article:modified_time\" content=\"2022-10-03T11:01:29+00:00\" \/>\n<meta name=\"twitter:card\" content=\"summary_large_image\" \/>\n<meta name=\"twitter:label1\" content=\"Estimated reading time\" \/>\n\t<meta name=\"twitter:data1\" content=\"1 minute\" \/>\n<script type=\"application\/ld+json\" class=\"yoast-schema-graph\">{\"@context\":\"https:\\\/\\\/schema.org\",\"@graph\":[{\"@type\":\"WebPage\",\"@id\":\"https:\\\/\\\/en.hslgroup.fi\\\/downloadable-materials\\\/\",\"url\":\"https:\\\/\\\/en.hslgroup.fi\\\/downloadable-materials\\\/\",\"name\":\"Ladattavat materiaalit - HSL Group Oy\",\"isPartOf\":{\"@id\":\"https:\\\/\\\/en.hslgroup.fi\\\/en\\\/#website\"},\"datePublished\":\"2016-08-02T12:21:32+00:00\",\"dateModified\":\"2022-10-03T11:01:29+00:00\",\"description\":\"Ladattavat materiaalit. Ole hyv\u00e4 ja lataa itsellesi HSL-materiaaleja. Saatavilla on my\u00f6s tietomallipohjaiset aineistot ja tuotedetaljit\",\"breadcrumb\":{\"@id\":\"https:\\\/\\\/en.hslgroup.fi\\\/downloadable-materials\\\/#breadcrumb\"},\"inLanguage\":\"en-GB\",\"potentialAction\":[{\"@type\":\"ReadAction\",\"target\":[\"https:\\\/\\\/en.hslgroup.fi\\\/downloadable-materials\\\/\"]}]},{\"@type\":\"BreadcrumbList\",\"@id\":\"https:\\\/\\\/en.hslgroup.fi\\\/downloadable-materials\\\/#breadcrumb\",\"itemListElement\":[{\"@type\":\"ListItem\",\"position\":1,\"name\":\"Etusivu\",\"item\":\"https:\\\/\\\/en.hslgroup.fi\\\/fi\\\/\"},{\"@type\":\"ListItem\",\"position\":2,\"name\":\"Ladattavat materiaalit\"}]},{\"@type\":\"WebSite\",\"@id\":\"https:\\\/\\\/en.hslgroup.fi\\\/en\\\/#website\",\"url\":\"https:\\\/\\\/en.hslgroup.fi\\\/en\\\/\",\"name\":\"HSL Group Oy\",\"description\":\"J\u00e4rjestelm\u00e4v\u00e4lisein\u00e4t, siirtosein\u00e4t ja minitilaratkaisut\",\"publisher\":{\"@id\":\"https:\\\/\\\/en.hslgroup.fi\\\/en\\\/#organization\"},\"potentialAction\":[{\"@type\":\"SearchAction\",\"target\":{\"@type\":\"EntryPoint\",\"urlTemplate\":\"https:\\\/\\\/en.hslgroup.fi\\\/en\\\/?s={search_term_string}\"},\"query-input\":{\"@type\":\"PropertyValueSpecification\",\"valueRequired\":true,\"valueName\":\"search_term_string\"}}],\"inLanguage\":\"en-GB\"},{\"@type\":\"Organization\",\"@id\":\"https:\\\/\\\/en.hslgroup.fi\\\/en\\\/#organization\",\"name\":\"HSL Group Oy\",\"url\":\"https:\\\/\\\/en.hslgroup.fi\\\/en\\\/\",\"logo\":{\"@type\":\"ImageObject\",\"inLanguage\":\"en-GB\",\"@id\":\"https:\\\/\\\/en.hslgroup.fi\\\/en\\\/#\\\/schema\\\/logo\\\/image\\\/\",\"url\":\"https:\\\/\\\/en.hslgroup.fi\\\/wp-content\\\/uploads\\\/2016\\\/07\\\/hsl_logo.jpg\",\"contentUrl\":\"https:\\\/\\\/en.hslgroup.fi\\\/wp-content\\\/uploads\\\/2016\\\/07\\\/hsl_logo.jpg\",\"width\":125,\"height\":60,\"caption\":\"HSL Group Oy\"},\"image\":{\"@id\":\"https:\\\/\\\/en.hslgroup.fi\\\/en\\\/#\\\/schema\\\/logo\\\/image\\\/\"},\"sameAs\":[\"https:\\\/\\\/facebook.com\\\/hslgroupoy\",\"https:\\\/\\\/linkedin.com\\\/company\\\/hsl-group\"]}]}<\/script>\n<!-- \/ Yoast SEO plugin. -->","yoast_head_json":{"title":"Downloadable materials - HSL Group LLC","description":"Downloadable materials. Please go ahead and download HSL materials for yourself. Also available information model based materials and product details.","robots":{"index":"index","follow":"follow","max-snippet":"max-snippet:-1","max-image-preview":"max-image-preview:large","max-video-preview":"max-video-preview:-1"},"canonical":"https:\/\/en.hslgroup.fi\/en\/downloadable-materials\/","og_locale":"en_GB","og_type":"article","og_title":"Ladattavat materiaalit - HSL Group Oy","og_description":"Ladattavat materiaalit. Ole hyv\u00e4 ja lataa itsellesi HSL-materiaaleja. Saatavilla on my\u00f6s tietomallipohjaiset aineistot ja tuotedetaljit","og_url":"https:\/\/en.hslgroup.fi\/en\/downloadable-materials\/","og_site_name":"HSL Group Oy","article_publisher":"https:\/\/facebook.com\/hslgroupoy","article_modified_time":"2022-10-03T11:01:29+00:00","twitter_card":"summary_large_image","twitter_misc":{"Estimated reading time":"1 minute"},"schema":{"@context":"https:\/\/schema.org","@graph":[{"@type":"WebPage","@id":"https:\/\/en.hslgroup.fi\/downloadable-materials\/","url":"https:\/\/en.hslgroup.fi\/downloadable-materials\/","name":"Downloadable materials - HSL Group LLC","isPartOf":{"@id":"https:\/\/en.hslgroup.fi\/en\/#website"},"datePublished":"2016-08-02T12:21:32+00:00","dateModified":"2022-10-03T11:01:29+00:00","description":"Downloadable materials. Please go ahead and download HSL materials for yourself. Also available information model based materials and product details.","breadcrumb":{"@id":"https:\/\/en.hslgroup.fi\/downloadable-materials\/#breadcrumb"},"inLanguage":"en-GB","potentialAction":[{"@type":"ReadAction","target":["https:\/\/en.hslgroup.fi\/downloadable-materials\/"]}]},{"@type":"BreadcrumbList","@id":"https:\/\/en.hslgroup.fi\/downloadable-materials\/#breadcrumb","itemListElement":[{"@type":"ListItem","position":1,"name":"Etusivu","item":"https:\/\/en.hslgroup.fi\/fi\/"},{"@type":"ListItem","position":2,"name":"Ladattavat materiaalit"}]},{"@type":"WebSite","@id":"https:\/\/en.hslgroup.fi\/en\/#website","url":"https:\/\/en.hslgroup.fi\/en\/","name":"HSL Group LLC","description":"J\u00e4rjestelm\u00e4v\u00e4lisein\u00e4t, siirtosein\u00e4t ja minitilaratkaisut","publisher":{"@id":"https:\/\/en.hslgroup.fi\/en\/#organization"},"potentialAction":[{"@type":"SearchAction","target":{"@type":"EntryPoint","urlTemplate":"https:\/\/en.hslgroup.fi\/en\/?s={search_term_string}"},"query-input":{"@type":"PropertyValueSpecification","valueRequired":true,"valueName":"search_term_string"}}],"inLanguage":"en-GB"},{"@type":"Organization","@id":"https:\/\/en.hslgroup.fi\/en\/#organization","name":"HSL Group LLC","url":"https:\/\/en.hslgroup.fi\/en\/","logo":{"@type":"ImageObject","inLanguage":"en-GB","@id":"https:\/\/en.hslgroup.fi\/en\/#\/schema\/logo\/image\/","url":"https:\/\/en.hslgroup.fi\/wp-content\/uploads\/2016\/07\/hsl_logo.jpg","contentUrl":"https:\/\/en.hslgroup.fi\/wp-content\/uploads\/2016\/07\/hsl_logo.jpg","width":125,"height":60,"caption":"HSL Group Oy"},"image":{"@id":"https:\/\/en.hslgroup.fi\/en\/#\/schema\/logo\/image\/"},"sameAs":["https:\/\/facebook.com\/hslgroupoy","https:\/\/linkedin.com\/company\/hsl-group"]}]}},"_links":{"self":[{"href":"https:\/\/en.hslgroup.fi\/en\/wp-json\/wp\/v2\/pages\/513","targetHints":{"allow":["GET"]}}],"collection":[{"href":"https:\/\/en.hslgroup.fi\/en\/wp-json\/wp\/v2\/pages"}],"about":[{"href":"https:\/\/en.hslgroup.fi\/en\/wp-json\/wp\/v2\/types\/page"}],"author":[{"embeddable":true,"href":"https:\/\/en.hslgroup.fi\/en\/wp-json\/wp\/v2\/users\/1"}],"replies":[{"embeddable":true,"href":"https:\/\/en.hslgroup.fi\/en\/wp-json\/wp\/v2\/comments?post=513"}],"version-history":[{"count":5,"href":"https:\/\/en.hslgroup.fi\/en\/wp-json\/wp\/v2\/pages\/513\/revisions"}],"predecessor-version":[{"id":2924,"href":"https:\/\/en.hslgroup.fi\/en\/wp-json\/wp\/v2\/pages\/513\/revisions\/2924"}],"wp:attachment":[{"href":"https:\/\/en.hslgroup.fi\/en\/wp-json\/wp\/v2\/media?parent=513"}],"curies":[{"name":"wp","href":"https:\/\/api.w.org\/{rel}","templated":true}]}}