{"id":47,"date":"2016-07-12T01:42:28","date_gmt":"2016-07-11T22:42:28","guid":{"rendered":"http:\/\/hslgroup.dev.elielviestinta.fi\/?page_id=47"},"modified":"2023-04-04T15:15:12","modified_gmt":"2023-04-04T12:15:12","slug":"services","status":"publish","type":"page","link":"https:\/\/en.hslgroup.fi\/en\/services\/","title":{"rendered":"Services"},"content":{"rendered":"[et_pb_section fb_built=&#8221;1&#8243; admin_label=&#8221;section&#8221; _builder_version=&#8221;4.16&#8243; global_colors_info=&#8221;{}&#8221;][et_pb_row _builder_version=&#8221;4.20.2&#8243; _module_preset=&#8221;default&#8221;][et_pb_column _builder_version=&#8221;4.20.2&#8243; _module_preset=&#8221;default&#8221; type=&#8221;4_4&#8243;][et_pb_image src=&#8221;https:\/\/en.hslgroup.fi\/wp-content\/uploads\/2023\/04\/HSL-muutospalvelu.png&#8221; _builder_version=&#8221;4.20.2&#8243; _module_preset=&#8221;default&#8221; title_text=&#8221;HSL muutospalvelu&#8221; hover_enabled=&#8221;0&#8243; sticky_enabled=&#8221;0&#8243; alt=&#8221;HSL muutospalvelu&#8221;][\/et_pb_image][\/et_pb_column][\/et_pb_row][et_pb_row column_structure=&#8221;2_3,1_3&#8243; admin_label=&#8221;Rivi&#8221; _builder_version=&#8221;4.16&#8243; background_size=&#8221;initial&#8221; background_position=&#8221;top_left&#8221; background_repeat=&#8221;repeat&#8221; global_colors_info=&#8221;{}&#8221;][et_pb_column type=&#8221;2_3&#8243; _builder_version=&#8221;4.16&#8243; custom_padding=&#8221;|||&#8221; global_colors_info=&#8221;{}&#8221; custom_padding__hover=&#8221;|||&#8221;][et_pb_text admin_label=&#8221;Teksti&#8221; _builder_version=&#8221;4.20.2&#8243; header_text_color=&#8221;#50af31&#8243; background_size=&#8221;initial&#8221; background_position=&#8221;top_left&#8221; background_repeat=&#8221;repeat&#8221; hover_enabled=&#8221;0&#8243; global_colors_info=&#8221;{}&#8221; sticky_enabled=&#8221;0&#8243;]\n<h1>HSL Muutospalvelu &#8211; koska vain muutos on pysyv\u00e4\u00e4<\/h1>\n<p>&nbsp;<\/p>\n<p>HSL Muutospalvelu on keskeinen osa asiakkaillemme tarjoamaa palvelukonseptia. Jokaisen tilan tulee vastata asiakkaamme tarpeita ja kuten hyvin tied\u00e4mme, tarpeet muuttuvat toisinaan hyvinkin nopeasti.<\/p>\n<p>HSL Muutospalvelu sis\u00e4lt\u00e4\u00e4 HSL-v\u00e4lisein\u00e4j\u00e4rjestelmien k\u00e4yt\u00f6n hallinnan kohteen koko elinkaaren ajan. Toiminnan avainsana on tehokkuus, niin ajassa kuin kustannuksissakin.<\/p>\n<p>HSL Muutospalvelu r\u00e4\u00e4t\u00e4l\u00f6id\u00e4\u00e4n toiveittesi mukaan ja saat sen niin uusiin kuin jo olemassa oleviin kohteisiin koosta riippumatta.<\/p>\n<p>Lue lis\u00e4\u00e4 HSL Muutospalvelusta oheisesta asiakasesimerkist\u00e4 ja ota yhteytt\u00e4 myyntiimme!<\/p>\n<h4>Case Ilmarinen<\/h4>\n<p>T\u00e4ll\u00e4 kokemuksella voi varmastikin jo todeta, ett\u00e4 onhan t\u00e4ss\u00e4 muutama muutosty\u00f6 tullut tehty\u00e4. Tulin Ilmariseen t\u00f6ihin yli 40 vuotta sitten ja vuosien varrelle mahtuu lukuisia eri ty\u00f6teht\u00e4vi\u00e4. Nykyisin vastaan Ilmarisen p\u00e4\u00e4konttorissa muun muassa erilaisista tilojen hallintaan ja turvallisuuteen liittyvist\u00e4 asioista.<\/p>\n<p>Toimitilat itsess\u00e4\u00e4n ovat kehittyneet ajan saatossa paljonkin, mutta yksi piirre pysyy: muutos. Kaikissa tiloissa tehd\u00e4\u00e4n ajoittain muutost\u00f6it\u00e4 ja mit\u00e4 isommasta kohteesta on kyse, sit\u00e4 useammin tilanteet muuttuvat. Tyypillinen muutosty\u00f6 voi saada alkunsa esimerkiksi organisaatimuutoksesta, yrityskaupoista tai luonnollisesti yrityksen muutosta pois tai sis\u00e4\u00e4n kiinteist\u00f6\u00f6n. T\u00e4m\u00e4 on tilanne my\u00f6s t\u00e4\u00e4ll\u00e4 Ilmarisen rakennuksessa. Hieman karrikoiden voisi sanoa, ett\u00e4 aina on joku sein\u00e4 v\u00e4\u00e4r\u00e4ss\u00e4 paikassa. Tai ehk\u00e4 paremminkin, aina ollaan etsim\u00e4ss\u00e4 tilaan toimivinta muotoa.<\/p>\n<blockquote class=\"pullleft\">\n<p>Ilman hyv\u00e4\u00e4 seinien muuntojoustavuutta tiukka aikataulu olisi muuttunut mahdottomaksi.<\/p>\n<\/blockquote>\n<p>Muistelen, ett\u00e4 jo 1970-luvun lopussa markkinoilla oli siirrett\u00e4vi\u00e4 sein\u00e4ratkaisuja ja kenties jo silloin olen ollut tekemisiss\u00e4 HSL:n kanssa. Jatkuvassa muutoksessa mukana pysyminen edellytt\u00e4\u00e4 muuntojoustavia ratkaisuja, jollaisia HSL:n tuotteet ovatkin. Siirrett\u00e4vyyden lis\u00e4ksi edellyt\u00e4n k\u00e4ytetyilt\u00e4 tuotteilta asennuksen nopeutta ja eri seinien keskin\u00e4ist\u00e4 yhteensopivuutta. Mielest\u00e4ni n\u00e4ihinkin vaatimuksiin HSL:n sein\u00e4t vastaavat varsin hyvin.<\/p>\n<p>Hyv\u00e4 esimerkki el\u00e4v\u00e4st\u00e4 el\u00e4m\u00e4st\u00e4 on kes\u00e4n ja syksyn 2012 aikana tehty muutosty\u00f6, jossa saimme Ilmariseen uuden, koko kerroksen vuokranneen yrityksen. Tilojen suunnitteluvaiheen j\u00e4lkeen muutost\u00f6ihin oli aikaa vain muutama kuukausi. Ilman hyv\u00e4\u00e4 seinien muuntojoustavuutta tiukka aikataulu olisi muuttunut mahdottomaksi. Tiivis ja toimiva yhteisty\u00f6 HSL:n kanssa oli omalta osaltaan varmistamassa aikataulussa pysymisen ja tyytyv\u00e4isen uuden vuokralaisen.<\/p>\n<p>Tuoteominaisuuksien lis\u00e4ksi HSL:n puolesta puhuu rehellinen ja sujuva toimintatapa. Kysymyksiin saa aina suoran vastauksen ja my\u00f6s palaute otetaan hyvin vastaan. Odotan, ett\u00e4 HSL:n tuotekehitys jatkuu aktiivisena my\u00f6s tulevaisuudessa esimerkiksi uusina akustisia ratkaisuina.<\/p>\n<p>Hannu Karttunen<br \/>Tekninen asiantuntija<br \/>Ilmarinen<\/p>\n[\/et_pb_text][\/et_pb_column][et_pb_column type=&#8221;1_3&#8243; _builder_version=&#8221;4.16&#8243; custom_padding=&#8221;|||&#8221; global_colors_info=&#8221;{}&#8221; custom_padding__hover=&#8221;|||&#8221;][et_pb_text admin_label=&#8221;Yhteydenotto&#8221; _builder_version=&#8221;3.27.4&#8243; background_size=&#8221;initial&#8221; background_position=&#8221;top_left&#8221; background_repeat=&#8221;repeat&#8221; use_border_color=&#8221;off&#8221; border_color=&#8221;#ffffff&#8221; border_style=&#8221;solid&#8221; global_module=&#8221;1147&#8243; global_colors_info=&#8221;{}&#8221;]\n<h3>J\u00e4t\u00e4 yhteydenottopyynt\u00f6<\/h3>\n<div class=\"et_pb_contact\">\n\n<div class=\"wpcf7 no-js\" id=\"wpcf7-f46-o1\" lang=\"fi\" dir=\"ltr\" data-wpcf7-id=\"46\">\n<div class=\"screen-reader-response\"><p role=\"status\" aria-live=\"polite\" aria-atomic=\"true\"><\/p> <ul><\/ul><\/div>\n<form action=\"\/en\/wp-json\/wp\/v2\/pages\/47#wpcf7-f46-o1\" method=\"post\" class=\"wpcf7-form init\" aria-label=\"Yhteydenottolomake\" novalidate=\"novalidate\" data-status=\"init\">\n<fieldset class=\"hidden-fields-container\"><input type=\"hidden\" name=\"_wpcf7\" value=\"46\" \/><input type=\"hidden\" name=\"_wpcf7_version\" value=\"6.1.5\" \/><input type=\"hidden\" name=\"_wpcf7_locale\" value=\"fi\" \/><input type=\"hidden\" name=\"_wpcf7_unit_tag\" value=\"wpcf7-f46-o1\" \/><input type=\"hidden\" name=\"_wpcf7_container_post\" value=\"0\" \/><input type=\"hidden\" name=\"_wpcf7_posted_data_hash\" value=\"\" \/><input type=\"hidden\" name=\"_wpcf7_recaptcha_response\" value=\"\" \/>\n<\/fieldset>\n<p>Yritys\n<\/p>\n<p><span class=\"wpcf7-form-control-wrap\" data-name=\"company-name\"><input size=\"40\" maxlength=\"400\" class=\"wpcf7-form-control wpcf7-text wpcf7-validates-as-required\" aria-required=\"true\" aria-invalid=\"false\" value=\"\" type=\"text\" name=\"company-name\" \/><\/span>\n<\/p>\n<p>Yhteyshenkil\u00f6\n<\/p>\n<p><span class=\"wpcf7-form-control-wrap\" data-name=\"contact-person\"><input size=\"40\" maxlength=\"400\" class=\"wpcf7-form-control wpcf7-text wpcf7-validates-as-required\" aria-required=\"true\" aria-invalid=\"false\" value=\"\" type=\"text\" name=\"contact-person\" \/><\/span>\n<\/p>\n<p>S\u00e4hk\u00f6posti\n<\/p>\n<p><span class=\"wpcf7-form-control-wrap\" data-name=\"email\"><input size=\"40\" maxlength=\"400\" class=\"wpcf7-form-control wpcf7-email wpcf7-validates-as-required wpcf7-text wpcf7-validates-as-email\" aria-required=\"true\" aria-invalid=\"false\" value=\"\" type=\"email\" name=\"email\" \/><\/span>\n<\/p>\n<p>Puhelinnumero\n<\/p>\n<p><span class=\"wpcf7-form-control-wrap\" data-name=\"phone-number\"><input size=\"40\" maxlength=\"400\" class=\"wpcf7-form-control wpcf7-text\" aria-invalid=\"false\" value=\"\" type=\"text\" name=\"phone-number\" \/><\/span>\n<\/p>\n<p><input class=\"wpcf7-form-control wpcf7-submit has-spinner\" type=\"submit\" value=\"L\u00e4het\u00e4\" \/>\n<\/p><div class=\"wpcf7-response-output\" aria-hidden=\"true\"><\/div>\n<\/form>\n<\/div>\n\n<\/div>\n[\/et_pb_text][et_pb_cta title=&#8221;Soita meille&#8221; button_url=&#8221;tel:+358102776500&#8243; button_text=&#8221;010 277 6500&#8243; _builder_version=&#8221;4.14.7&#8243; _module_preset=&#8221;default&#8221; body_font=&#8221;|600|||||||&#8221; background_color=&#8221;#4c4c4c&#8221; background_image=&#8221;https:\/\/en.hslgroup.fi\/wp-content\/uploads\/2022\/01\/HSL-puulasiseina\u0308-sinila\u0308hteen-koulu.jpg&#8221; background_repeat=&#8221;repeat-x&#8221; background_blend=&#8221;overlay&#8221; custom_button=&#8221;on&#8221; button_text_size=&#8221;18px&#8221; button_bg_color=&#8221;#50af31&#8243; button_border_width=&#8221;0px&#8221; button_icon=&#8221;&#xe00b;||divi||400&#8243; global_module=&#8221;2312&#8243; saved_tabs=&#8221;all&#8221; global_colors_info=&#8221;{}&#8221;]\n<p>Saat lis\u00e4tietoja ratkaisuistamme nopeasti ottamalla yhteytt\u00e4 asiakaspalveluumme.<\/p>\n[\/et_pb_cta][\/et_pb_column][\/et_pb_row][\/et_pb_section]\n","protected":false},"excerpt":{"rendered":"<p>HSL Muutospalvelu &#8211; koska vain muutos on pysyv\u00e4\u00e4 &nbsp; HSL Muutospalvelu on keskeinen osa asiakkaillemme tarjoamaa palvelukonseptia. Jokaisen tilan tulee vastata asiakkaamme tarpeita ja kuten hyvin tied\u00e4mme, tarpeet muuttuvat toisinaan hyvinkin nopeasti. HSL Muutospalvelu sis\u00e4lt\u00e4\u00e4 HSL-v\u00e4lisein\u00e4j\u00e4rjestelmien k\u00e4yt\u00f6n hallinnan kohteen koko elinkaaren ajan. Toiminnan avainsana on tehokkuus, niin ajassa kuin kustannuksissakin. HSL Muutospalvelu r\u00e4\u00e4t\u00e4l\u00f6id\u00e4\u00e4n toiveittesi mukaan [&hellip;]<\/p>\n","protected":false},"author":1,"featured_media":0,"parent":0,"menu_order":0,"comment_status":"closed","ping_status":"closed","template":"","meta":{"_et_pb_use_builder":"on","_et_pb_old_content":"<img src=\"http:\/\/hslgroup.dev.elielviestinta.fi\/wp-content\/uploads\/2016\/07\/Technopolis_fin-297x300.jpg\" alt=\"Technopolis_fin\" width=\"297\" height=\"300\" class=\"alignright size-medium wp-image-48\" \/>\r\n<h3>HSL Muutospalvelu - koska vain muutos on pysyv\u00e4\u00e4.<\/h3>\r\n<p>HSL Muutospalvelu on keskeinen osa asiakkaillemme tarjoamaa palvelukonseptia. Jokaisen tilan tulee vastata asiakkaamme tarpeita ja kuten hyvin tied\u00e4mme, tarpeet muuttuvat toisinaan hyvinkin nopeasti.<\/p>\r\n<p>HSL Muutospalvelu sis\u00e4lt\u00e4\u00e4 HSL-v\u00e4lisein\u00e4j\u00e4rjestelmien k\u00e4yt\u00f6n hallinnan kohteen koko elinkaaren ajan. Toiminnan avainsana on tehokkuus, niin ajassa kuin kustannuksissakin.<\/p>\r\n<p>HSL Muutospalvelu r\u00e4\u00e4t\u00e4l\u00f6id\u00e4\u00e4n toiveittesi mukaan ja saat sen niin uusiin kuin jo olemassa oleviin kohteisiin koosta riippumatta.<\/p>\r\n<p>Lue lis\u00e4\u00e4 HSL Muutospalvelusta oheisesta asiakasesimerkist\u00e4 ja ota yhteytt\u00e4 myyntiimme!<\/p>\r\n<h4>Case Ilmarinen<\/h4>\r\n<p>T\u00e4ll\u00e4 kokemuksella voi varmastikin jo todeta, ett\u00e4 onhan t\u00e4ss\u00e4 muutama muutosty\u00f6 tullut tehty\u00e4. Tulin Ilmariseen t\u00f6ihin yli 40 vuotta sitten ja vuosien varrelle mahtuu lukuisia eri ty\u00f6teht\u00e4vi\u00e4. Nykyisin vastaan Ilmarisen p\u00e4\u00e4konttorissa muun muassa erilaisista tilojen hallintaan ja turvallisuuteen liittyvist\u00e4 asioista.<\/p>\r\n<p>Toimitilat itsess\u00e4\u00e4n ovat kehittyneet ajan saatossa paljonkin, mutta yksi piirre pysyy: muutos. Kaikissa tiloissa tehd\u00e4\u00e4n ajoittain muutost\u00f6it\u00e4 ja mit\u00e4 isommasta kohteesta on kyse, sit\u00e4 useammin tilanteet muuttuvat. Tyypillinen muutosty\u00f6 voi saada alkunsa esimerkiksi organisaatimuutoksesta, yrityskaupoista tai luonnollisesti yrityksen muutosta pois tai sis\u00e4\u00e4n kiinteist\u00f6\u00f6n. T\u00e4m\u00e4 on tilanne my\u00f6s t\u00e4\u00e4ll\u00e4 Ilmarisen rakennuksessa. Hieman karrikoiden voisi sanoa, ett\u00e4 aina on joku sein\u00e4 v\u00e4\u00e4r\u00e4ss\u00e4 paikassa. Tai ehk\u00e4 paremminkin, aina ollaan etsim\u00e4ss\u00e4 tilaan toimivinta muotoa.<\/p>\r\n<p><blockquote class=\"pullleft\">Ilman hyv\u00e4\u00e4 seinien muuntojoustavuutta tiukka aikataulu olisi muuttunut mahdottomaksi.<\/blockquote>Muistelen, ett\u00e4 jo 1970-luvun lopussa markkinoilla oli siirrett\u00e4vi\u00e4 sein\u00e4ratkaisuja ja kenties jo silloin olen ollut tekemisiss\u00e4 HSL:n kanssa. Jatkuvassa muutoksessa mukana pysyminen edellytt\u00e4\u00e4 muuntojoustavia ratkaisuja, jollaisia HSL:n tuotteet ovatkin. Siirrett\u00e4vyyden lis\u00e4ksi edellyt\u00e4n k\u00e4ytetyilt\u00e4 tuotteilta asennuksen nopeutta ja eri seinien keskin\u00e4ist\u00e4 yhteensopivuutta. Mielest\u00e4ni n\u00e4ihinkin vaatimuksiin HSL:n sein\u00e4t vastaavat varsin hyvin.<\/p>\r\n<p>&nbsp;<\/p>\r\n<p>Hyv\u00e4 esimerkki el\u00e4v\u00e4st\u00e4 el\u00e4m\u00e4st\u00e4 on kes\u00e4n ja syksyn 2012 aikana tehty muutosty\u00f6, jossa saimme Ilmariseen uuden, koko kerroksen vuokranneen yrityksen. Tilojen suunnitteluvaiheen j\u00e4lkeen muutost\u00f6ihin oli aikaa vain muutama kuukausi. Ilman hyv\u00e4\u00e4 seinien muuntojoustavuutta tiukka aikataulu olisi muuttunut mahdottomaksi. Tiivis ja toimiva yhteisty\u00f6 HSL:n kanssa oli omalta osaltaan varmistamassa aikataulussa pysymisen ja tyytyv\u00e4isen uuden vuokralaisen.<\/p>\r\n<p>Tuoteominaisuuksien lis\u00e4ksi HSL:n puolesta puhuu rehellinen ja sujuva toimintatapa. Kysymyksiin saa aina suoran vastauksen ja my\u00f6s palaute otetaan hyvin vastaan. Odotan, ett\u00e4 HSL:n tuotekehitys jatkuu aktiivisena my\u00f6s tulevaisuudessa esimerkiksi uusina akustisia ratkaisuina.<\/p>\r\n<p>Hannu Karttunen<br \/>\r\nTekninen asiantuntija<br \/>\r\nIlmarinen<\/p>","_et_gb_content_width":"","footnotes":""},"class_list":["post-47","page","type-page","status-publish","hentry"],"yoast_head":"<!-- This site is optimized with the Yoast SEO plugin v27.4 - https:\/\/yoast.com\/product\/yoast-seo-wordpress\/ -->\n<title>Tilojen muutospalvelu - HSL Group Oy<\/title>\n<meta name=\"description\" content=\"Tilojen muutospalvelun avulla muuttuvien tarpeiden mukaisten tilamuutosten toteuttaminen on helppoa ja nopeaa. Muutosty\u00f6t toteutetaan HSL Groupin kokeneiden ammattilaisten toimesta.\" \/>\n<meta name=\"robots\" content=\"index, follow, max-snippet:-1, max-image-preview:large, max-video-preview:-1\" \/>\n<link rel=\"canonical\" href=\"https:\/\/en.hslgroup.fi\/en\/services\/\" \/>\n<meta property=\"og:locale\" content=\"en_GB\" \/>\n<meta property=\"og:type\" content=\"article\" \/>\n<meta property=\"og:title\" content=\"Tilojen muutospalvelu - HSL Group Oy\" \/>\n<meta property=\"og:description\" content=\"Tilojen muutospalvelun avulla muuttuvien tarpeiden mukaisten tilamuutosten toteuttaminen on helppoa ja nopeaa. Muutosty\u00f6t toteutetaan HSL Groupin kokeneiden ammattilaisten toimesta.\" \/>\n<meta property=\"og:url\" content=\"https:\/\/en.hslgroup.fi\/en\/services\/\" \/>\n<meta property=\"og:site_name\" content=\"HSL Group Oy\" \/>\n<meta property=\"article:publisher\" content=\"https:\/\/facebook.com\/hslgroupoy\" \/>\n<meta property=\"article:modified_time\" content=\"2023-04-04T12:15:12+00:00\" \/>\n<meta name=\"twitter:card\" content=\"summary_large_image\" \/>\n<meta name=\"twitter:label1\" content=\"Estimated reading time\" \/>\n\t<meta name=\"twitter:data1\" content=\"3 minutes\" \/>\n<script type=\"application\/ld+json\" class=\"yoast-schema-graph\">{\"@context\":\"https:\\\/\\\/schema.org\",\"@graph\":[{\"@type\":\"WebPage\",\"@id\":\"https:\\\/\\\/en.hslgroup.fi\\\/services\\\/\",\"url\":\"https:\\\/\\\/en.hslgroup.fi\\\/services\\\/\",\"name\":\"Tilojen muutospalvelu - HSL Group Oy\",\"isPartOf\":{\"@id\":\"https:\\\/\\\/en.hslgroup.fi\\\/en\\\/#website\"},\"datePublished\":\"2016-07-11T22:42:28+00:00\",\"dateModified\":\"2023-04-04T12:15:12+00:00\",\"description\":\"Tilojen muutospalvelun avulla muuttuvien tarpeiden mukaisten tilamuutosten toteuttaminen on helppoa ja nopeaa. Muutosty\u00f6t toteutetaan HSL Groupin kokeneiden ammattilaisten toimesta.\",\"breadcrumb\":{\"@id\":\"https:\\\/\\\/en.hslgroup.fi\\\/services\\\/#breadcrumb\"},\"inLanguage\":\"en-GB\",\"potentialAction\":[{\"@type\":\"ReadAction\",\"target\":[\"https:\\\/\\\/en.hslgroup.fi\\\/services\\\/\"]}]},{\"@type\":\"BreadcrumbList\",\"@id\":\"https:\\\/\\\/en.hslgroup.fi\\\/services\\\/#breadcrumb\",\"itemListElement\":[{\"@type\":\"ListItem\",\"position\":1,\"name\":\"Etusivu\",\"item\":\"https:\\\/\\\/en.hslgroup.fi\\\/fi\\\/\"},{\"@type\":\"ListItem\",\"position\":2,\"name\":\"Palvelut\"}]},{\"@type\":\"WebSite\",\"@id\":\"https:\\\/\\\/en.hslgroup.fi\\\/en\\\/#website\",\"url\":\"https:\\\/\\\/en.hslgroup.fi\\\/en\\\/\",\"name\":\"HSL Group Oy\",\"description\":\"J\u00e4rjestelm\u00e4v\u00e4lisein\u00e4t, siirtosein\u00e4t ja minitilaratkaisut\",\"publisher\":{\"@id\":\"https:\\\/\\\/en.hslgroup.fi\\\/en\\\/#organization\"},\"potentialAction\":[{\"@type\":\"SearchAction\",\"target\":{\"@type\":\"EntryPoint\",\"urlTemplate\":\"https:\\\/\\\/en.hslgroup.fi\\\/en\\\/?s={search_term_string}\"},\"query-input\":{\"@type\":\"PropertyValueSpecification\",\"valueRequired\":true,\"valueName\":\"search_term_string\"}}],\"inLanguage\":\"en-GB\"},{\"@type\":\"Organization\",\"@id\":\"https:\\\/\\\/en.hslgroup.fi\\\/en\\\/#organization\",\"name\":\"HSL Group Oy\",\"url\":\"https:\\\/\\\/en.hslgroup.fi\\\/en\\\/\",\"logo\":{\"@type\":\"ImageObject\",\"inLanguage\":\"en-GB\",\"@id\":\"https:\\\/\\\/en.hslgroup.fi\\\/en\\\/#\\\/schema\\\/logo\\\/image\\\/\",\"url\":\"https:\\\/\\\/en.hslgroup.fi\\\/wp-content\\\/uploads\\\/2016\\\/07\\\/hsl_logo.jpg\",\"contentUrl\":\"https:\\\/\\\/en.hslgroup.fi\\\/wp-content\\\/uploads\\\/2016\\\/07\\\/hsl_logo.jpg\",\"width\":125,\"height\":60,\"caption\":\"HSL Group Oy\"},\"image\":{\"@id\":\"https:\\\/\\\/en.hslgroup.fi\\\/en\\\/#\\\/schema\\\/logo\\\/image\\\/\"},\"sameAs\":[\"https:\\\/\\\/facebook.com\\\/hslgroupoy\",\"https:\\\/\\\/linkedin.com\\\/company\\\/hsl-group\"]}]}<\/script>\n<!-- \/ Yoast SEO plugin. -->","yoast_head_json":{"title":"Transformation service of the spaces - HSL Group LLC","description":"With the help of transformation service of the spaces the implementation of the required transformations is easy and quick. The transformation works will be implemented by HSL Group's experiences professionals.","robots":{"index":"index","follow":"follow","max-snippet":"max-snippet:-1","max-image-preview":"max-image-preview:large","max-video-preview":"max-video-preview:-1"},"canonical":"https:\/\/en.hslgroup.fi\/en\/services\/","og_locale":"en_GB","og_type":"article","og_title":"Tilojen muutospalvelu - HSL Group Oy","og_description":"Tilojen muutospalvelun avulla muuttuvien tarpeiden mukaisten tilamuutosten toteuttaminen on helppoa ja nopeaa. Muutosty\u00f6t toteutetaan HSL Groupin kokeneiden ammattilaisten toimesta.","og_url":"https:\/\/en.hslgroup.fi\/en\/services\/","og_site_name":"HSL Group Oy","article_publisher":"https:\/\/facebook.com\/hslgroupoy","article_modified_time":"2023-04-04T12:15:12+00:00","twitter_card":"summary_large_image","twitter_misc":{"Estimated reading time":"3 minutes"},"schema":{"@context":"https:\/\/schema.org","@graph":[{"@type":"WebPage","@id":"https:\/\/en.hslgroup.fi\/services\/","url":"https:\/\/en.hslgroup.fi\/services\/","name":"Transformation service of the spaces - HSL Group LLC","isPartOf":{"@id":"https:\/\/en.hslgroup.fi\/en\/#website"},"datePublished":"2016-07-11T22:42:28+00:00","dateModified":"2023-04-04T12:15:12+00:00","description":"With the help of transformation service of the spaces the implementation of the required transformations is easy and quick. The transformation works will be implemented by HSL Group's experiences professionals.","breadcrumb":{"@id":"https:\/\/en.hslgroup.fi\/services\/#breadcrumb"},"inLanguage":"en-GB","potentialAction":[{"@type":"ReadAction","target":["https:\/\/en.hslgroup.fi\/services\/"]}]},{"@type":"BreadcrumbList","@id":"https:\/\/en.hslgroup.fi\/services\/#breadcrumb","itemListElement":[{"@type":"ListItem","position":1,"name":"Etusivu","item":"https:\/\/en.hslgroup.fi\/fi\/"},{"@type":"ListItem","position":2,"name":"Palvelut"}]},{"@type":"WebSite","@id":"https:\/\/en.hslgroup.fi\/en\/#website","url":"https:\/\/en.hslgroup.fi\/en\/","name":"HSL Group LLC","description":"J\u00e4rjestelm\u00e4v\u00e4lisein\u00e4t, siirtosein\u00e4t ja minitilaratkaisut","publisher":{"@id":"https:\/\/en.hslgroup.fi\/en\/#organization"},"potentialAction":[{"@type":"SearchAction","target":{"@type":"EntryPoint","urlTemplate":"https:\/\/en.hslgroup.fi\/en\/?s={search_term_string}"},"query-input":{"@type":"PropertyValueSpecification","valueRequired":true,"valueName":"search_term_string"}}],"inLanguage":"en-GB"},{"@type":"Organization","@id":"https:\/\/en.hslgroup.fi\/en\/#organization","name":"HSL Group LLC","url":"https:\/\/en.hslgroup.fi\/en\/","logo":{"@type":"ImageObject","inLanguage":"en-GB","@id":"https:\/\/en.hslgroup.fi\/en\/#\/schema\/logo\/image\/","url":"https:\/\/en.hslgroup.fi\/wp-content\/uploads\/2016\/07\/hsl_logo.jpg","contentUrl":"https:\/\/en.hslgroup.fi\/wp-content\/uploads\/2016\/07\/hsl_logo.jpg","width":125,"height":60,"caption":"HSL Group Oy"},"image":{"@id":"https:\/\/en.hslgroup.fi\/en\/#\/schema\/logo\/image\/"},"sameAs":["https:\/\/facebook.com\/hslgroupoy","https:\/\/linkedin.com\/company\/hsl-group"]}]}},"_links":{"self":[{"href":"https:\/\/en.hslgroup.fi\/en\/wp-json\/wp\/v2\/pages\/47","targetHints":{"allow":["GET"]}}],"collection":[{"href":"https:\/\/en.hslgroup.fi\/en\/wp-json\/wp\/v2\/pages"}],"about":[{"href":"https:\/\/en.hslgroup.fi\/en\/wp-json\/wp\/v2\/types\/page"}],"author":[{"embeddable":true,"href":"https:\/\/en.hslgroup.fi\/en\/wp-json\/wp\/v2\/users\/1"}],"replies":[{"embeddable":true,"href":"https:\/\/en.hslgroup.fi\/en\/wp-json\/wp\/v2\/comments?post=47"}],"version-history":[{"count":5,"href":"https:\/\/en.hslgroup.fi\/en\/wp-json\/wp\/v2\/pages\/47\/revisions"}],"predecessor-version":[{"id":3160,"href":"https:\/\/en.hslgroup.fi\/en\/wp-json\/wp\/v2\/pages\/47\/revisions\/3160"}],"wp:attachment":[{"href":"https:\/\/en.hslgroup.fi\/en\/wp-json\/wp\/v2\/media?parent=47"}],"curies":[{"name":"wp","href":"https:\/\/api.w.org\/{rel}","templated":true}]}}