{"id":42,"date":"2016-07-10T15:38:33","date_gmt":"2016-07-10T12:38:33","guid":{"rendered":"http:\/\/hslgroup.dev.elielviestinta.fi\/?page_id=42"},"modified":"2023-03-17T16:05:57","modified_gmt":"2023-03-17T14:05:57","slug":"hsl-group","status":"publish","type":"page","link":"https:\/\/en.hslgroup.fi\/en\/hsl-group\/","title":{"rendered":"HSL Group"},"content":{"rendered":"[et_pb_section fb_built=&#8221;1&#8243; admin_label=&#8221;section&#8221; _builder_version=&#8221;4.16&#8243; global_colors_info=&#8221;{}&#8221;][et_pb_row column_structure=&#8221;2_3,1_3&#8243; admin_label=&#8221;Rivi&#8221; _builder_version=&#8221;4.16&#8243; background_size=&#8221;initial&#8221; background_position=&#8221;top_left&#8221; background_repeat=&#8221;repeat&#8221; global_colors_info=&#8221;{}&#8221;][et_pb_column type=&#8221;2_3&#8243; _builder_version=&#8221;4.16&#8243; custom_padding=&#8221;|||&#8221; global_colors_info=&#8221;{}&#8221; custom_padding__hover=&#8221;|||&#8221;][et_pb_text admin_label=&#8221;Teksti&#8221; _builder_version=&#8221;4.16&#8243; background_size=&#8221;initial&#8221; background_position=&#8221;top_left&#8221; background_repeat=&#8221;repeat&#8221; global_colors_info=&#8221;{}&#8221;]\n<h2>Kovassa seurassa kasvaa menestyj\u00e4ksi<\/h2>\n<p>&nbsp;<\/p>\n<p>HSL Group on erikoistunut j\u00e4rjestelm\u00e4v\u00e4liseiniin ja olemme t\u00e4m\u00e4n toimialan johtavia yrityksi\u00e4 Suomessa. Oma menestyksemme syntyy kokonaispalvelusta, joka alkaa jo rakennuskohteen suunnitteluvaiheesta ja jatkuu k\u00e4ytt\u00f6\u00f6notosta tilojen muunteluun kohteen koko elinkaaren aikana. Toimimme siis yhteisty\u00f6ss\u00e4 niin arkkitehtien, rakennuttajien, rakennusliikkeiden, kuin my\u00f6s rakennusten omistajan ja tilojen k\u00e4ytt\u00e4jien kanssa.<\/p>\n<blockquote class=\"pullright\">\n<p>Toimintamme arvoja ovat laadukkuus, kustannustehokkuus, ekologisuus ja kotimaisuus.<\/p>\n<\/blockquote>\n<p>T\u00e4rke\u00e4 osa toimintaamme on kotimainen osaaminen. Kaikki sein\u00e4mme on suunniteltu ja valmistettu Suomessa, Heinolassa. Pid\u00e4mme huolta ty\u00f6ntekij\u00f6ist\u00e4mme, joita palveluksessamme on 25. Tied\u00e4mme, ett\u00e4 hyv\u00e4 tai jopa erinomainen tuote ei yksin riit\u00e4. Siksi panostammekin jatkuvasti my\u00f6s asiakastyytyv\u00e4isyyden ja palvelukonseptien kehitykseen.<\/p>\n<p>Viimeisen\u00e4 kohtana haluamme nostaa esille ymp\u00e4rist\u00f6n kunnioittamisen. Liiketoimintaamme ohjaavat kest\u00e4v\u00e4n kehityksen mukaiset periaatteet ja haluamme huomioida kaikessa tekemisess\u00e4mme my\u00f6s tulevat sukupolvet. T\u00e4t\u00e4 edellyt\u00e4mme my\u00f6s omilta kumppaneiltamme.<\/p>\n<p>Kiitos ajastasi ja tervetuloa HSL Groupin asiakkaaksi.<\/p>\n<p>HSL Group Oy:ll\u00e4 on meneill\u00e4\u00e4n hanke HSL Group Oy Tuotekehitys. Hanke kuuluu tuettuun EU-ohjelmaan Kest\u00e4v\u00e4\u00e4 kasvua ja ty\u00f6t\u00e4 2014\u20132020 \u2013 Suomen rakennerahasto-ohjelmaan. Hankkeen tarkoituksena on parantaa kilpailukyky\u00e4 ja mahdollistaa kasvua.<\/p>\n[\/et_pb_text][\/et_pb_column][et_pb_column type=&#8221;1_3&#8243; _builder_version=&#8221;4.16&#8243; custom_padding=&#8221;|||&#8221; global_colors_info=&#8221;{}&#8221; custom_padding__hover=&#8221;|||&#8221;][et_pb_text admin_label=&#8221;Teksti&#8221; _builder_version=&#8221;4.19.5&#8243; background_color=&#8221;rgba(190,219,190,0.22)&#8221; background_size=&#8221;initial&#8221; background_position=&#8221;top_left&#8221; background_repeat=&#8221;repeat&#8221; custom_padding=&#8221;20px||20px|20px|false|false&#8221; hover_enabled=&#8221;0&#8243; use_border_color=&#8221;off&#8221; border_color=&#8221;#ffffff&#8221; border_style=&#8221;solid&#8221; global_colors_info=&#8221;{}&#8221; sticky_enabled=&#8221;0&#8243;]\n<p><strong>Suorat numerot<\/strong><\/p>\n<p>Myynti<br \/><a href=\"mailto:myynti@hslgroup.fi\">myynti@hslgroup.fi<\/a><\/p>\n<p>\u00c4\u00e4nenhallinta<br \/><a href=\"mailto:myynti@hslgroup.fi\">aani@hslgroup.fi<\/a><\/p>\n<p>Tarjouspyynn\u00f6t<br \/><a href=\"mailto:asiakaspalvelu@hslgroup.fi\">asiakaspalvelu@hslgroup.fi<\/a><\/p>\n<p>Toimitusjohtaja<br \/>Mika Pentik\u00e4inen<br \/><a href=\"tel:+358408215434\">+358 40 821 5434<\/a><\/p>\n<p>Tuotantop\u00e4\u00e4llikk\u00f6<br \/>Marko Toijonen<br \/><a href=\"tel:+358503749591\">+358 50 374 9591<\/a><\/p>\n<p>Laskentap\u00e4\u00e4llikk\u00f6<br \/>Ari Ketom\u00e4ki<br \/><a href=\"tel:+358405009312\">+358 40 500 9312<\/a><\/p>\n<p>Laskentap\u00e4\u00e4llikk\u00f6<br \/>Aaro Nieminen<br \/><a href=\"tel:+358404172349\">+358 40 417 2349<\/a><\/p>\n<p>Myyntip\u00e4\u00e4llikk\u00f6<br \/>Jani Luukkonen<br \/><a href=\"tel:+358414383269\">+358 41 438 3269<\/a><\/p>\n<p>Projektip\u00e4\u00e4llikk\u00f6<br \/>Timo M\u00f6ls\u00e4<br \/><a href=\"tel:+358400353898\">+358 400 353 898<\/a><\/p>\n<p>Projektip\u00e4\u00e4llikk\u00f6<br \/>Matti Virtanen<br \/><a href=\"tel:+358442686833\">+358 44 268 6833<\/a><\/p>\n<p>Projektip\u00e4\u00e4llikk\u00f6<br \/>Jari Suvanto<br \/><a href=\"tel:+358408651923\">+358 40 865 1923<\/a><\/p>\n<p>Projekti-insin\u00f6\u00f6ri<br \/>Taru Ollilainen<br \/><a href=\"tel:+358405048100\">+358 40 504 8100<\/a><\/p>\n<p>Projekti-insin\u00f6\u00f6ri<br \/>Ari-Pekka Hyttinen<br \/><a href=\"tel:+358504686271\">+358 50 468 6271<\/a><\/p>\n<p>Projektip\u00e4\u00e4llikk\u00f6<br \/>Sami Pulkkinen<br \/><a href=\"tel:+358408383795\">+358\u00a040 838 3795<\/a><\/p>\n<p>Laskentainsin\u00f6\u00f6ri<br \/>Henri Rajala<br \/><a href=\"tel:+358505760978\">+358 50 5760978<\/a><\/p>\n<p>Laskutus ja henkil\u00f6st\u00f6asiat<br \/>P\u00e4ivi Myllyniemi<br \/><a href=\"tel:+358102776500\">+358 10 277 6500<\/a><\/p>\n[\/et_pb_text][\/et_pb_column][\/et_pb_row][\/et_pb_section]\n","protected":false},"excerpt":{"rendered":"<p>Kovassa seurassa kasvaa menestyj\u00e4ksi &nbsp; HSL Group on erikoistunut j\u00e4rjestelm\u00e4v\u00e4liseiniin ja olemme t\u00e4m\u00e4n toimialan johtavia yrityksi\u00e4 Suomessa. Oma menestyksemme syntyy kokonaispalvelusta, joka alkaa jo rakennuskohteen suunnitteluvaiheesta ja jatkuu k\u00e4ytt\u00f6\u00f6notosta tilojen muunteluun kohteen koko elinkaaren aikana. Toimimme siis yhteisty\u00f6ss\u00e4 niin arkkitehtien, rakennuttajien, rakennusliikkeiden, kuin my\u00f6s rakennusten omistajan ja tilojen k\u00e4ytt\u00e4jien kanssa. Toimintamme arvoja ovat laadukkuus, kustannustehokkuus, [&hellip;]<\/p>\n","protected":false},"author":1,"featured_media":0,"parent":0,"menu_order":0,"comment_status":"closed","ping_status":"closed","template":"","meta":{"_et_pb_use_builder":"on","_et_pb_old_content":"<h3>Kovassa seurassa kasvaa menestyj\u00e4ksi<\/h3>\r\n<p>HSL Group on erikoistunut j\u00e4rjestelm\u00e4v\u00e4liseiniin ja olemme t\u00e4m\u00e4n toimialan johtavia yrityksi\u00e4 Suomessa. Kuulumme Harjavalta-konserniin ja kova ty\u00f6nteko on meill\u00e4 todistetusti veriss\u00e4: saman konsernin kaksi muutakin yrityst\u00e4 ovat oman alansa markkinajohtajia, Puustelli keitti\u00f6iss\u00e4 ja Kastelli valmistaloissa. Konsernin liikevaihto vuonna 2014 oli n. 240 miljoonaa euroa.<\/p>\r\n<p>Oma menestyksemme syntyy kokonaispalvelusta, joka alkaa jo rakennuskohteen suunnitteluvaiheesta ja jatkuu k\u00e4ytt\u00f6\u00f6notosta tilojen muunteluun kohteen koko elinkaaren aikana. Toimimme siis yhteisty\u00f6ss\u00e4 niin arkkitehtien, rakennuttajien, rakennusliikkeiden, kuin my\u00f6s rakennusten omistajan ja tilojen k\u00e4ytt\u00e4jien kanssa.<\/p>\r\n\r\n\r\n<blockquote class=\"pullright\">Toimintamme arvoja ovat laadukkuus, kustannustehokkuus, ekologisuus ja kotimaisuus.<\/blockquote>\r\n\r\n\r\n<p>T\u00e4rke\u00e4 osa toimintaamme on kotimainen osaaminen. Kaikki sein\u00e4mme on suunniteltu ja valmistettu Suomessa, Heinolassa. Pid\u00e4mme huolta ty\u00f6ntekij\u00f6ist\u00e4mme, joita palveluksessamme on 25. Tied\u00e4mme, ett\u00e4 hyv\u00e4 tai jopa erinomainen tuote ei yksin riit\u00e4. Siksi panostammekin jatkuvasti my\u00f6s asiakastyytyv\u00e4isyyden ja palvelukonseptien kehitykseen.<\/p>\r\n<p>Viimeisen\u00e4 kohtana haluamme nostaa esille ymp\u00e4rist\u00f6n kunnioittamisen. Liiketoimintaamme ohjaavat kest\u00e4v\u00e4n kehityksen mukaiset periaatteet ja haluamme huomioida kaikessa tekemisess\u00e4mme my\u00f6s tulevat sukupolvet. T\u00e4t\u00e4 edellyt\u00e4mme my\u00f6s omilta kumppaneiltamme.<\/p>\r\n<p>Kiitos ajastasi ja tervetuloa HSL Groupin asiakkaaksi.<\/p>","_et_gb_content_width":"","footnotes":""},"class_list":["post-42","page","type-page","status-publish","hentry"],"yoast_head":"<!-- This site is optimized with the Yoast SEO plugin v27.4 - https:\/\/yoast.com\/product\/yoast-seo-wordpress\/ -->\n<title>Kotimaiset j\u00e4rjestelm\u00e4v\u00e4lisein\u00e4t ja tilaratkaisut - HSL Group Oy<\/title>\n<meta name=\"description\" content=\"HSL Group toimittaa kotimaiset j\u00e4rjestelm\u00e4v\u00e4lisein\u00e4t ja muut muuntojoustavat tilaratkaisut kuten vet\u00e4ytymistilat toimistoihin ja julkisiin tiloihin\" \/>\n<meta name=\"robots\" content=\"index, follow, max-snippet:-1, max-image-preview:large, max-video-preview:-1\" \/>\n<link rel=\"canonical\" href=\"https:\/\/en.hslgroup.fi\/en\/hsl-group\/\" \/>\n<meta property=\"og:locale\" content=\"en_GB\" \/>\n<meta property=\"og:type\" content=\"article\" \/>\n<meta property=\"og:title\" content=\"Kotimaiset j\u00e4rjestelm\u00e4v\u00e4lisein\u00e4t ja tilaratkaisut - HSL Group Oy\" \/>\n<meta property=\"og:description\" content=\"HSL Group toimittaa kotimaiset j\u00e4rjestelm\u00e4v\u00e4lisein\u00e4t ja muut muuntojoustavat tilaratkaisut kuten vet\u00e4ytymistilat toimistoihin ja julkisiin tiloihin\" \/>\n<meta property=\"og:url\" content=\"https:\/\/en.hslgroup.fi\/en\/hsl-group\/\" \/>\n<meta property=\"og:site_name\" content=\"HSL Group Oy\" \/>\n<meta property=\"article:publisher\" content=\"https:\/\/facebook.com\/hslgroupoy\" \/>\n<meta property=\"article:modified_time\" content=\"2023-03-17T14:05:57+00:00\" \/>\n<meta name=\"twitter:card\" content=\"summary_large_image\" \/>\n<meta name=\"twitter:label1\" content=\"Estimated reading time\" \/>\n\t<meta name=\"twitter:data1\" content=\"2 minutes\" \/>\n<script type=\"application\/ld+json\" class=\"yoast-schema-graph\">{\"@context\":\"https:\\\/\\\/schema.org\",\"@graph\":[{\"@type\":\"WebPage\",\"@id\":\"https:\\\/\\\/en.hslgroup.fi\\\/hsl-group\\\/\",\"url\":\"https:\\\/\\\/en.hslgroup.fi\\\/hsl-group\\\/\",\"name\":\"Kotimaiset j\u00e4rjestelm\u00e4v\u00e4lisein\u00e4t ja tilaratkaisut - HSL Group Oy\",\"isPartOf\":{\"@id\":\"https:\\\/\\\/en.hslgroup.fi\\\/en\\\/#website\"},\"datePublished\":\"2016-07-10T12:38:33+00:00\",\"dateModified\":\"2023-03-17T14:05:57+00:00\",\"description\":\"HSL Group toimittaa kotimaiset j\u00e4rjestelm\u00e4v\u00e4lisein\u00e4t ja muut muuntojoustavat tilaratkaisut kuten vet\u00e4ytymistilat toimistoihin ja julkisiin tiloihin\",\"breadcrumb\":{\"@id\":\"https:\\\/\\\/en.hslgroup.fi\\\/hsl-group\\\/#breadcrumb\"},\"inLanguage\":\"en-GB\",\"potentialAction\":[{\"@type\":\"ReadAction\",\"target\":[\"https:\\\/\\\/en.hslgroup.fi\\\/hsl-group\\\/\"]}]},{\"@type\":\"BreadcrumbList\",\"@id\":\"https:\\\/\\\/en.hslgroup.fi\\\/hsl-group\\\/#breadcrumb\",\"itemListElement\":[{\"@type\":\"ListItem\",\"position\":1,\"name\":\"Etusivu\",\"item\":\"https:\\\/\\\/en.hslgroup.fi\\\/fi\\\/\"},{\"@type\":\"ListItem\",\"position\":2,\"name\":\"HSL Group\"}]},{\"@type\":\"WebSite\",\"@id\":\"https:\\\/\\\/en.hslgroup.fi\\\/en\\\/#website\",\"url\":\"https:\\\/\\\/en.hslgroup.fi\\\/en\\\/\",\"name\":\"HSL Group Oy\",\"description\":\"J\u00e4rjestelm\u00e4v\u00e4lisein\u00e4t, siirtosein\u00e4t ja minitilaratkaisut\",\"publisher\":{\"@id\":\"https:\\\/\\\/en.hslgroup.fi\\\/en\\\/#organization\"},\"potentialAction\":[{\"@type\":\"SearchAction\",\"target\":{\"@type\":\"EntryPoint\",\"urlTemplate\":\"https:\\\/\\\/en.hslgroup.fi\\\/en\\\/?s={search_term_string}\"},\"query-input\":{\"@type\":\"PropertyValueSpecification\",\"valueRequired\":true,\"valueName\":\"search_term_string\"}}],\"inLanguage\":\"en-GB\"},{\"@type\":\"Organization\",\"@id\":\"https:\\\/\\\/en.hslgroup.fi\\\/en\\\/#organization\",\"name\":\"HSL Group Oy\",\"url\":\"https:\\\/\\\/en.hslgroup.fi\\\/en\\\/\",\"logo\":{\"@type\":\"ImageObject\",\"inLanguage\":\"en-GB\",\"@id\":\"https:\\\/\\\/en.hslgroup.fi\\\/en\\\/#\\\/schema\\\/logo\\\/image\\\/\",\"url\":\"https:\\\/\\\/en.hslgroup.fi\\\/wp-content\\\/uploads\\\/2016\\\/07\\\/hsl_logo.jpg\",\"contentUrl\":\"https:\\\/\\\/en.hslgroup.fi\\\/wp-content\\\/uploads\\\/2016\\\/07\\\/hsl_logo.jpg\",\"width\":125,\"height\":60,\"caption\":\"HSL Group Oy\"},\"image\":{\"@id\":\"https:\\\/\\\/en.hslgroup.fi\\\/en\\\/#\\\/schema\\\/logo\\\/image\\\/\"},\"sameAs\":[\"https:\\\/\\\/facebook.com\\\/hslgroupoy\",\"https:\\\/\\\/linkedin.com\\\/company\\\/hsl-group\"]}]}<\/script>\n<!-- \/ Yoast SEO plugin. -->","yoast_head_json":{"title":"Domestic partition wall systems and other space solutions - HSL Group LLC","description":"HSL Group delivers domestic system partition walls and other transformable space solutions such as retreat spaces for offices and public spaces","robots":{"index":"index","follow":"follow","max-snippet":"max-snippet:-1","max-image-preview":"max-image-preview:large","max-video-preview":"max-video-preview:-1"},"canonical":"https:\/\/en.hslgroup.fi\/en\/hsl-group\/","og_locale":"en_GB","og_type":"article","og_title":"Kotimaiset j\u00e4rjestelm\u00e4v\u00e4lisein\u00e4t ja tilaratkaisut - HSL Group Oy","og_description":"HSL Group toimittaa kotimaiset j\u00e4rjestelm\u00e4v\u00e4lisein\u00e4t ja muut muuntojoustavat tilaratkaisut kuten vet\u00e4ytymistilat toimistoihin ja julkisiin tiloihin","og_url":"https:\/\/en.hslgroup.fi\/en\/hsl-group\/","og_site_name":"HSL Group Oy","article_publisher":"https:\/\/facebook.com\/hslgroupoy","article_modified_time":"2023-03-17T14:05:57+00:00","twitter_card":"summary_large_image","twitter_misc":{"Estimated reading time":"2 minutes"},"schema":{"@context":"https:\/\/schema.org","@graph":[{"@type":"WebPage","@id":"https:\/\/en.hslgroup.fi\/hsl-group\/","url":"https:\/\/en.hslgroup.fi\/hsl-group\/","name":"Domestic partition wall systems and other space solutions - HSL Group LLC","isPartOf":{"@id":"https:\/\/en.hslgroup.fi\/en\/#website"},"datePublished":"2016-07-10T12:38:33+00:00","dateModified":"2023-03-17T14:05:57+00:00","description":"HSL Group delivers domestic system partition walls and other transformable space solutions such as retreat spaces for offices and public spaces","breadcrumb":{"@id":"https:\/\/en.hslgroup.fi\/hsl-group\/#breadcrumb"},"inLanguage":"en-GB","potentialAction":[{"@type":"ReadAction","target":["https:\/\/en.hslgroup.fi\/hsl-group\/"]}]},{"@type":"BreadcrumbList","@id":"https:\/\/en.hslgroup.fi\/hsl-group\/#breadcrumb","itemListElement":[{"@type":"ListItem","position":1,"name":"Etusivu","item":"https:\/\/en.hslgroup.fi\/fi\/"},{"@type":"ListItem","position":2,"name":"HSL Group"}]},{"@type":"WebSite","@id":"https:\/\/en.hslgroup.fi\/en\/#website","url":"https:\/\/en.hslgroup.fi\/en\/","name":"HSL Group LLC","description":"J\u00e4rjestelm\u00e4v\u00e4lisein\u00e4t, siirtosein\u00e4t ja minitilaratkaisut","publisher":{"@id":"https:\/\/en.hslgroup.fi\/en\/#organization"},"potentialAction":[{"@type":"SearchAction","target":{"@type":"EntryPoint","urlTemplate":"https:\/\/en.hslgroup.fi\/en\/?s={search_term_string}"},"query-input":{"@type":"PropertyValueSpecification","valueRequired":true,"valueName":"search_term_string"}}],"inLanguage":"en-GB"},{"@type":"Organization","@id":"https:\/\/en.hslgroup.fi\/en\/#organization","name":"HSL Group LLC","url":"https:\/\/en.hslgroup.fi\/en\/","logo":{"@type":"ImageObject","inLanguage":"en-GB","@id":"https:\/\/en.hslgroup.fi\/en\/#\/schema\/logo\/image\/","url":"https:\/\/en.hslgroup.fi\/wp-content\/uploads\/2016\/07\/hsl_logo.jpg","contentUrl":"https:\/\/en.hslgroup.fi\/wp-content\/uploads\/2016\/07\/hsl_logo.jpg","width":125,"height":60,"caption":"HSL Group Oy"},"image":{"@id":"https:\/\/en.hslgroup.fi\/en\/#\/schema\/logo\/image\/"},"sameAs":["https:\/\/facebook.com\/hslgroupoy","https:\/\/linkedin.com\/company\/hsl-group"]}]}},"_links":{"self":[{"href":"https:\/\/en.hslgroup.fi\/en\/wp-json\/wp\/v2\/pages\/42","targetHints":{"allow":["GET"]}}],"collection":[{"href":"https:\/\/en.hslgroup.fi\/en\/wp-json\/wp\/v2\/pages"}],"about":[{"href":"https:\/\/en.hslgroup.fi\/en\/wp-json\/wp\/v2\/types\/page"}],"author":[{"embeddable":true,"href":"https:\/\/en.hslgroup.fi\/en\/wp-json\/wp\/v2\/users\/1"}],"replies":[{"embeddable":true,"href":"https:\/\/en.hslgroup.fi\/en\/wp-json\/wp\/v2\/comments?post=42"}],"version-history":[{"count":5,"href":"https:\/\/en.hslgroup.fi\/en\/wp-json\/wp\/v2\/pages\/42\/revisions"}],"predecessor-version":[{"id":3148,"href":"https:\/\/en.hslgroup.fi\/en\/wp-json\/wp\/v2\/pages\/42\/revisions\/3148"}],"wp:attachment":[{"href":"https:\/\/en.hslgroup.fi\/en\/wp-json\/wp\/v2\/media?parent=42"}],"curies":[{"name":"wp","href":"https:\/\/api.w.org\/{rel}","templated":true}]}}