{"id":357,"date":"2016-07-16T12:01:08","date_gmt":"2016-07-16T09:01:08","guid":{"rendered":"http:\/\/hslgroup.dev.elielviestinta.fi\/?page_id=357"},"modified":"2019-08-14T09:59:11","modified_gmt":"2019-08-14T06:59:11","slug":"kaisa-talo","status":"publish","type":"page","link":"https:\/\/en.hslgroup.fi\/en\/portfolio\/kaisa-talo\/","title":{"rendered":"Kaisa-talo library"},"content":{"rendered":"[et_pb_section admin_label=&#8221;section&#8221;][et_pb_row admin_label=&#8221;Rivi&#8221;][et_pb_column type=&#8221;4_4&#8243;][et_pb_text admin_label=&#8221;Teksti&#8221; background_layout=&#8221;light&#8221; text_orientation=&#8221;left&#8221; use_border_color=&#8221;off&#8221; border_color=&#8221;#ffffff&#8221; border_style=&#8221;solid&#8221;]\n<h1>Kaisa-talon kirjasto<\/h1>\n[\/et_pb_text][\/et_pb_column][\/et_pb_row][et_pb_row admin_label=&#8221;Rivi&#8221;][et_pb_column type=&#8221;4_4&#8243;][et_pb_image admin_label=&#8221;Kuva&#8221; src=&#8221;\/wp-content\/uploads\/2016\/07\/Kaisa-3-e1468659662710.jpg&#8221; show_in_lightbox=&#8221;on&#8221; url_new_window=&#8221;off&#8221; use_overlay=&#8221;off&#8221; animation=&#8221;left&#8221; sticky=&#8221;off&#8221; align=&#8221;left&#8221; force_fullwidth=&#8221;off&#8221; always_center_on_mobile=&#8221;on&#8221; use_border_color=&#8221;off&#8221; border_color=&#8221;#ffffff&#8221; border_style=&#8221;solid&#8221;] [\/et_pb_image][\/et_pb_column][\/et_pb_row][et_pb_row admin_label=&#8221;row&#8221;][et_pb_column type=&#8221;4_4&#8243;][et_pb_text admin_label=&#8221;Teksti&#8221; background_layout=&#8221;light&#8221; text_orientation=&#8221;left&#8221; use_border_color=&#8221;off&#8221; border_color=&#8221;#ffffff&#8221; border_style=&#8221;solid&#8221;]\n<h4>Helsingin yliopiston kirjasto, Helsinki<\/h4>\n<p>Kaisa-talo edustaa uutta, palkittua kirjastoarkkitehtuuria Helsingin ydinkeskustassa. Helsingin yliopiston uusi p\u00e4\u00e4kirjasto tarjoaa rakennuksessa monipuolisia palveluja opiskelijoille ja tutkijoille. Tilojen muuntojoustavuus oli rakennuksen suunnittelun keskeinen tavoite. Kirjaston rakensi SRV ja se avasi ovensa syksyll\u00e4 2012.<\/p>\n<p>HSL Group toimitti kohteeseen toimisto ja -lukuhuoneiden umpielementtisein\u00e4t ja puulasisein\u00e4t, sek\u00e4 sein\u00e4pintojen viilupintaiset verhoiluelementit.<\/p>\n[\/et_pb_text][\/et_pb_column][\/et_pb_row][et_pb_row admin_label=&#8221;Rivi&#8221;][et_pb_column type=&#8221;4_4&#8243;][et_pb_gallery admin_label=&#8221;Galleria&#8221; gallery_ids=&#8221;359,358&#8243; fullwidth=&#8221;off&#8221; show_title_and_caption=&#8221;off&#8221; show_pagination=&#8221;off&#8221; background_layout=&#8221;light&#8221; auto=&#8221;off&#8221; hover_overlay_color=&#8221;rgba(255,255,255,0.9)&#8221; caption_all_caps=&#8221;off&#8221; use_border_color=&#8221;off&#8221; border_color=&#8221;#ffffff&#8221; border_style=&#8221;solid&#8221; posts_number=&#8221;6&#8243;] [\/et_pb_gallery][\/et_pb_column][\/et_pb_row][\/et_pb_section]\n","protected":false},"excerpt":{"rendered":"<p>Kaisa-talon kirjasto Helsingin yliopiston kirjasto, Helsinki Kaisa-talo edustaa uutta, palkittua kirjastoarkkitehtuuria Helsingin ydinkeskustassa. Helsingin yliopiston uusi p\u00e4\u00e4kirjasto tarjoaa rakennuksessa monipuolisia palveluja opiskelijoille ja tutkijoille. Tilojen muuntojoustavuus oli rakennuksen suunnittelun keskeinen tavoite. Kirjaston rakensi SRV ja se avasi ovensa syksyll\u00e4 2012. HSL Group toimitti kohteeseen toimisto ja -lukuhuoneiden umpielementtisein\u00e4t ja puulasisein\u00e4t, sek\u00e4 sein\u00e4pintojen viilupintaiset verhoiluelementit.<\/p>","protected":false},"author":1,"featured_media":0,"parent":52,"menu_order":0,"comment_status":"closed","ping_status":"closed","template":"","meta":{"_et_pb_use_builder":"on","_et_pb_old_content":"","_et_gb_content_width":"","footnotes":""},"class_list":["post-357","page","type-page","status-publish","hentry"],"yoast_head":"<!-- This site is optimized with the Yoast SEO plugin v27.4 - https:\/\/yoast.com\/product\/yoast-seo-wordpress\/ -->\n<title>Kaisa-talon kirjasto - HSL Group Oy<\/title>\n<meta name=\"robots\" content=\"index, follow, max-snippet:-1, max-image-preview:large, max-video-preview:-1\" \/>\n<link rel=\"canonical\" href=\"https:\/\/en.hslgroup.fi\/en\/portfolio\/kaisa-talo\/\" \/>\n<meta property=\"og:locale\" content=\"en_GB\" \/>\n<meta property=\"og:type\" content=\"article\" \/>\n<meta property=\"og:title\" content=\"Kaisa-talon kirjasto - HSL Group Oy\" \/>\n<meta property=\"og:description\" content=\"Kaisa-talon kirjasto Helsingin yliopiston kirjasto, Helsinki Kaisa-talo edustaa uutta, palkittua kirjastoarkkitehtuuria Helsingin ydinkeskustassa. Helsingin yliopiston uusi p\u00e4\u00e4kirjasto tarjoaa rakennuksessa monipuolisia palveluja opiskelijoille ja tutkijoille. Tilojen muuntojoustavuus oli rakennuksen suunnittelun keskeinen tavoite. Kirjaston rakensi SRV ja se avasi ovensa syksyll\u00e4 2012. HSL Group toimitti kohteeseen toimisto ja -lukuhuoneiden umpielementtisein\u00e4t ja puulasisein\u00e4t, sek\u00e4 sein\u00e4pintojen viilupintaiset verhoiluelementit.\" \/>\n<meta property=\"og:url\" content=\"https:\/\/en.hslgroup.fi\/en\/portfolio\/kaisa-talo\/\" \/>\n<meta property=\"og:site_name\" content=\"HSL Group Oy\" \/>\n<meta property=\"article:publisher\" content=\"https:\/\/facebook.com\/hslgroupoy\" \/>\n<meta property=\"article:modified_time\" content=\"2019-08-14T06:59:11+00:00\" \/>\n<meta name=\"twitter:card\" content=\"summary_large_image\" \/>\n<meta name=\"twitter:label1\" content=\"Estimated reading time\" \/>\n\t<meta name=\"twitter:data1\" content=\"1 minute\" \/>\n<script type=\"application\/ld+json\" class=\"yoast-schema-graph\">{\"@context\":\"https:\\\/\\\/schema.org\",\"@graph\":[{\"@type\":\"WebPage\",\"@id\":\"https:\\\/\\\/en.hslgroup.fi\\\/portfolio\\\/kaisa-talo\\\/\",\"url\":\"https:\\\/\\\/en.hslgroup.fi\\\/portfolio\\\/kaisa-talo\\\/\",\"name\":\"Kaisa-talon kirjasto - HSL Group Oy\",\"isPartOf\":{\"@id\":\"https:\\\/\\\/en.hslgroup.fi\\\/en\\\/#website\"},\"datePublished\":\"2016-07-16T09:01:08+00:00\",\"dateModified\":\"2019-08-14T06:59:11+00:00\",\"breadcrumb\":{\"@id\":\"https:\\\/\\\/en.hslgroup.fi\\\/portfolio\\\/kaisa-talo\\\/#breadcrumb\"},\"inLanguage\":\"en-GB\",\"potentialAction\":[{\"@type\":\"ReadAction\",\"target\":[\"https:\\\/\\\/en.hslgroup.fi\\\/portfolio\\\/kaisa-talo\\\/\"]}]},{\"@type\":\"BreadcrumbList\",\"@id\":\"https:\\\/\\\/en.hslgroup.fi\\\/portfolio\\\/kaisa-talo\\\/#breadcrumb\",\"itemListElement\":[{\"@type\":\"ListItem\",\"position\":1,\"name\":\"Etusivu\",\"item\":\"https:\\\/\\\/en.hslgroup.fi\\\/fi\\\/\"},{\"@type\":\"ListItem\",\"position\":2,\"name\":\"Referenssit\",\"item\":\"https:\\\/\\\/en.hslgroup.fi\\\/portfolio\\\/\"},{\"@type\":\"ListItem\",\"position\":3,\"name\":\"Kaisa-talon kirjasto\"}]},{\"@type\":\"WebSite\",\"@id\":\"https:\\\/\\\/en.hslgroup.fi\\\/en\\\/#website\",\"url\":\"https:\\\/\\\/en.hslgroup.fi\\\/en\\\/\",\"name\":\"HSL Group Oy\",\"description\":\"J\u00e4rjestelm\u00e4v\u00e4lisein\u00e4t, siirtosein\u00e4t ja minitilaratkaisut\",\"publisher\":{\"@id\":\"https:\\\/\\\/en.hslgroup.fi\\\/en\\\/#organization\"},\"potentialAction\":[{\"@type\":\"SearchAction\",\"target\":{\"@type\":\"EntryPoint\",\"urlTemplate\":\"https:\\\/\\\/en.hslgroup.fi\\\/en\\\/?s={search_term_string}\"},\"query-input\":{\"@type\":\"PropertyValueSpecification\",\"valueRequired\":true,\"valueName\":\"search_term_string\"}}],\"inLanguage\":\"en-GB\"},{\"@type\":\"Organization\",\"@id\":\"https:\\\/\\\/en.hslgroup.fi\\\/en\\\/#organization\",\"name\":\"HSL Group Oy\",\"url\":\"https:\\\/\\\/en.hslgroup.fi\\\/en\\\/\",\"logo\":{\"@type\":\"ImageObject\",\"inLanguage\":\"en-GB\",\"@id\":\"https:\\\/\\\/en.hslgroup.fi\\\/en\\\/#\\\/schema\\\/logo\\\/image\\\/\",\"url\":\"https:\\\/\\\/en.hslgroup.fi\\\/wp-content\\\/uploads\\\/2016\\\/07\\\/hsl_logo.jpg\",\"contentUrl\":\"https:\\\/\\\/en.hslgroup.fi\\\/wp-content\\\/uploads\\\/2016\\\/07\\\/hsl_logo.jpg\",\"width\":125,\"height\":60,\"caption\":\"HSL Group Oy\"},\"image\":{\"@id\":\"https:\\\/\\\/en.hslgroup.fi\\\/en\\\/#\\\/schema\\\/logo\\\/image\\\/\"},\"sameAs\":[\"https:\\\/\\\/facebook.com\\\/hslgroupoy\",\"https:\\\/\\\/linkedin.com\\\/company\\\/hsl-group\"]}]}<\/script>\n<!-- \/ Yoast SEO plugin. -->","yoast_head_json":{"title":"Kaisa-talon kirjasto - HSL Group LLC","robots":{"index":"index","follow":"follow","max-snippet":"max-snippet:-1","max-image-preview":"max-image-preview:large","max-video-preview":"max-video-preview:-1"},"canonical":"https:\/\/en.hslgroup.fi\/en\/portfolio\/kaisa-talo\/","og_locale":"en_GB","og_type":"article","og_title":"Kaisa-talon kirjasto - HSL Group Oy","og_description":"Kaisa-talon kirjasto Helsingin yliopiston kirjasto, Helsinki Kaisa-talo edustaa uutta, palkittua kirjastoarkkitehtuuria Helsingin ydinkeskustassa. Helsingin yliopiston uusi p\u00e4\u00e4kirjasto tarjoaa rakennuksessa monipuolisia palveluja opiskelijoille ja tutkijoille. Tilojen muuntojoustavuus oli rakennuksen suunnittelun keskeinen tavoite. Kirjaston rakensi SRV ja se avasi ovensa syksyll\u00e4 2012. HSL Group toimitti kohteeseen toimisto ja -lukuhuoneiden umpielementtisein\u00e4t ja puulasisein\u00e4t, sek\u00e4 sein\u00e4pintojen viilupintaiset verhoiluelementit.","og_url":"https:\/\/en.hslgroup.fi\/en\/portfolio\/kaisa-talo\/","og_site_name":"HSL Group Oy","article_publisher":"https:\/\/facebook.com\/hslgroupoy","article_modified_time":"2019-08-14T06:59:11+00:00","twitter_card":"summary_large_image","twitter_misc":{"Estimated reading time":"1 minute"},"schema":{"@context":"https:\/\/schema.org","@graph":[{"@type":"WebPage","@id":"https:\/\/en.hslgroup.fi\/portfolio\/kaisa-talo\/","url":"https:\/\/en.hslgroup.fi\/portfolio\/kaisa-talo\/","name":"Kaisa-talon kirjasto - HSL Group LLC","isPartOf":{"@id":"https:\/\/en.hslgroup.fi\/en\/#website"},"datePublished":"2016-07-16T09:01:08+00:00","dateModified":"2019-08-14T06:59:11+00:00","breadcrumb":{"@id":"https:\/\/en.hslgroup.fi\/portfolio\/kaisa-talo\/#breadcrumb"},"inLanguage":"en-GB","potentialAction":[{"@type":"ReadAction","target":["https:\/\/en.hslgroup.fi\/portfolio\/kaisa-talo\/"]}]},{"@type":"BreadcrumbList","@id":"https:\/\/en.hslgroup.fi\/portfolio\/kaisa-talo\/#breadcrumb","itemListElement":[{"@type":"ListItem","position":1,"name":"Etusivu","item":"https:\/\/en.hslgroup.fi\/fi\/"},{"@type":"ListItem","position":2,"name":"Referenssit","item":"https:\/\/en.hslgroup.fi\/portfolio\/"},{"@type":"ListItem","position":3,"name":"Kaisa-talon kirjasto"}]},{"@type":"WebSite","@id":"https:\/\/en.hslgroup.fi\/en\/#website","url":"https:\/\/en.hslgroup.fi\/en\/","name":"HSL Group LLC","description":"J\u00e4rjestelm\u00e4v\u00e4lisein\u00e4t, siirtosein\u00e4t ja minitilaratkaisut","publisher":{"@id":"https:\/\/en.hslgroup.fi\/en\/#organization"},"potentialAction":[{"@type":"SearchAction","target":{"@type":"EntryPoint","urlTemplate":"https:\/\/en.hslgroup.fi\/en\/?s={search_term_string}"},"query-input":{"@type":"PropertyValueSpecification","valueRequired":true,"valueName":"search_term_string"}}],"inLanguage":"en-GB"},{"@type":"Organization","@id":"https:\/\/en.hslgroup.fi\/en\/#organization","name":"HSL Group LLC","url":"https:\/\/en.hslgroup.fi\/en\/","logo":{"@type":"ImageObject","inLanguage":"en-GB","@id":"https:\/\/en.hslgroup.fi\/en\/#\/schema\/logo\/image\/","url":"https:\/\/en.hslgroup.fi\/wp-content\/uploads\/2016\/07\/hsl_logo.jpg","contentUrl":"https:\/\/en.hslgroup.fi\/wp-content\/uploads\/2016\/07\/hsl_logo.jpg","width":125,"height":60,"caption":"HSL Group Oy"},"image":{"@id":"https:\/\/en.hslgroup.fi\/en\/#\/schema\/logo\/image\/"},"sameAs":["https:\/\/facebook.com\/hslgroupoy","https:\/\/linkedin.com\/company\/hsl-group"]}]}},"_links":{"self":[{"href":"https:\/\/en.hslgroup.fi\/en\/wp-json\/wp\/v2\/pages\/357","targetHints":{"allow":["GET"]}}],"collection":[{"href":"https:\/\/en.hslgroup.fi\/en\/wp-json\/wp\/v2\/pages"}],"about":[{"href":"https:\/\/en.hslgroup.fi\/en\/wp-json\/wp\/v2\/types\/page"}],"author":[{"embeddable":true,"href":"https:\/\/en.hslgroup.fi\/en\/wp-json\/wp\/v2\/users\/1"}],"replies":[{"embeddable":true,"href":"https:\/\/en.hslgroup.fi\/en\/wp-json\/wp\/v2\/comments?post=357"}],"version-history":[{"count":3,"href":"https:\/\/en.hslgroup.fi\/en\/wp-json\/wp\/v2\/pages\/357\/revisions"}],"predecessor-version":[{"id":741,"href":"https:\/\/en.hslgroup.fi\/en\/wp-json\/wp\/v2\/pages\/357\/revisions\/741"}],"up":[{"embeddable":true,"href":"https:\/\/en.hslgroup.fi\/en\/wp-json\/wp\/v2\/pages\/52"}],"wp:attachment":[{"href":"https:\/\/en.hslgroup.fi\/en\/wp-json\/wp\/v2\/media?parent=357"}],"curies":[{"name":"wp","href":"https:\/\/api.w.org\/{rel}","templated":true}]}}