{"id":3212,"date":"2023-05-12T12:21:17","date_gmt":"2023-05-12T09:21:17","guid":{"rendered":"https:\/\/en.hslgroup.fi\/?page_id=3212"},"modified":"2023-05-15T11:02:50","modified_gmt":"2023-05-15T08:02:50","slug":"kailas-house-heinola","status":"publish","type":"page","link":"https:\/\/en.hslgroup.fi\/en\/portfolio\/kailas-house-heinola\/","title":{"rendered":"Kailas-house Heinola"},"content":{"rendered":"[et_pb_section fb_built=&#8221;1&#8243; admin_label=&#8221;section&#8221; _builder_version=&#8221;4.16&#8243; global_colors_info=&#8221;{}&#8221;][et_pb_row admin_label=&#8221;Rivi&#8221; _builder_version=&#8221;4.16&#8243; background_size=&#8221;initial&#8221; background_position=&#8221;top_left&#8221; background_repeat=&#8221;repeat&#8221; global_colors_info=&#8221;{}&#8221;][et_pb_column type=&#8221;4_4&#8243; _builder_version=&#8221;4.16&#8243; custom_padding=&#8221;|||&#8221; global_colors_info=&#8221;{}&#8221; custom_padding__hover=&#8221;|||&#8221;][et_pb_text admin_label=&#8221;Teksti&#8221; _builder_version=&#8221;4.20.2&#8243; background_size=&#8221;initial&#8221; background_position=&#8221;top_left&#8221; background_repeat=&#8221;repeat&#8221; use_border_color=&#8221;off&#8221; border_color=&#8221;#ffffff&#8221; border_style=&#8221;solid&#8221; global_colors_info=&#8221;{}&#8221;]\n<h1>Kailas-talo Heinola<\/h1>\n[\/et_pb_text][\/et_pb_column][\/et_pb_row][et_pb_row admin_label=&#8221;Rivi&#8221; _builder_version=&#8221;4.16&#8243; background_size=&#8221;initial&#8221; background_position=&#8221;top_left&#8221; background_repeat=&#8221;repeat&#8221; global_colors_info=&#8221;{}&#8221;][et_pb_column type=&#8221;4_4&#8243; _builder_version=&#8221;4.16&#8243; custom_padding=&#8221;|||&#8221; global_colors_info=&#8221;{}&#8221; custom_padding__hover=&#8221;|||&#8221;][et_pb_image src=&#8221;https:\/\/en.hslgroup.fi\/wp-content\/uploads\/2023\/05\/Kailas-talo-HSL-puulasiseinat-ja-puulasiovet.jpg&#8221; alt=&#8221;Kailas-talo HSL puulasiseinat ja puulasiovet&#8221; title_text=&#8221;Kailas-talo HSL puulasiseinat ja puulasiovet&#8221; show_in_lightbox=&#8221;on&#8221; align_tablet=&#8221;center&#8221; align_phone=&#8221;&#8221; align_last_edited=&#8221;on|desktop&#8221; admin_label=&#8221;Kuva&#8221; _builder_version=&#8221;4.20.2&#8243; animation_style=&#8221;slide&#8221; animation_direction=&#8221;left&#8221; animation_duration=&#8221;500ms&#8221; animation_intensity_slide=&#8221;10%&#8221; use_border_color=&#8221;off&#8221; border_color=&#8221;#ffffff&#8221; border_style=&#8221;solid&#8221; animation=&#8221;left&#8221; sticky=&#8221;off&#8221; always_center_on_mobile=&#8221;on&#8221; global_colors_info=&#8221;{}&#8221;] [\/et_pb_image][\/et_pb_column][\/et_pb_row][et_pb_row admin_label=&#8221;row&#8221; _builder_version=&#8221;4.16&#8243; background_size=&#8221;initial&#8221; background_position=&#8221;top_left&#8221; background_repeat=&#8221;repeat&#8221; global_colors_info=&#8221;{}&#8221;][et_pb_column type=&#8221;4_4&#8243; _builder_version=&#8221;4.16&#8243; custom_padding=&#8221;|||&#8221; global_colors_info=&#8221;{}&#8221; custom_padding__hover=&#8221;|||&#8221;][et_pb_text admin_label=&#8221;Teksti&#8221; _builder_version=&#8221;4.20.2&#8243; background_size=&#8221;initial&#8221; background_position=&#8221;top_left&#8221; background_repeat=&#8221;repeat&#8221; use_border_color=&#8221;off&#8221; border_color=&#8221;#ffffff&#8221; border_style=&#8221;solid&#8221; global_colors_info=&#8221;{}&#8221;]\n<p>Heinolan uusi Kailas-talo avasi ovensa kev\u00e4\u00e4ll\u00e4 2023. Kohde tarjoaa tilat koululaisille, esiopetukselle, varhaiskasvatukselle sek\u00e4 liikuntaharrastustoiminnalle k\u00e4sitt\u00e4en Heinolan alueen suurimman liikuntahallin. Piha-alue on suunniteltu monipuoliseksi leikki- ja pelialueeksi jossa on huomioitu my\u00f6s erityislapsien tarpeet.<\/p>\n<p>Kohde on toteutettu k\u00e4ytt\u00e4j\u00e4l\u00e4ht\u00f6isesti tilojen muunneltavuus ja monik\u00e4ytt\u00f6isyys huomioiden. Osa oppimistiloista on yhdistett\u00e4viss\u00e4 siirtoseinill\u00e4 toisiinsa tai avattavissa talon keskustoriksi kutsutulle yhteisalueelle. Tilojen monik\u00e4ytt\u00f6isyyteen on kiinnitetty erityist\u00e4 huomiota, esimerkiksi siten, ett\u00e4 varhaiskasvatuksen lepotilat ovat muussa k\u00e4yt\u00f6ss\u00e4 lepoajan ulkopuolella.<\/p>\n<p>Kohteen tilaratkaisujen toteutuksessa hy\u00f6dynnettiin HSL Groupin kotimaisia puulasiseini\u00e4, jotka ovat oivallinen ratkaisu vaativaan oppilaitosymp\u00e4rist\u00f6\u00f6n. Suurempien yhten\u00e4isten tilojen jako pienempiin osiin toteutettiin korkeita koivuviilupinnoitettuja puulasiseini\u00e4 ja niihin liitettyj\u00e4 tyylikk\u00e4it\u00e4 puukarmein varustettuja liukulasiovia ja k\u00e4\u00e4nt\u00f6lasiovia k\u00e4ytt\u00e4en. N\u00e4iden yhteyteen toimitettiin my\u00f6s yhteensopivuksi pinnoitetut seinien umpiosat ja ovien s\u00e4hk\u00f6pielet. Korkeiden lasiseinien ansiosta n\u00e4kyvyys tilasta toiseen s\u00e4ilyy esteett\u00f6m\u00e4n\u00e4 joka helpottaa arjessa valvontaa ja tekee tiloista valoisia sek\u00e4 avaran tuntuisia.<\/p>\n<p>Kohteesta l\u00f6ytyy my\u00f6s hyvin persoonallisia tiloja kuten py\u00f6reit\u00e4 huoneita. Niiden ja muiden kiinteiden v\u00e4liseinien valoaukkoihin valmistettiin mittatilausty\u00f6n\u00e4 \u00e4\u00e4nt\u00e4 erist\u00e4v\u00e4t puusis\u00e4ikkunat. Ikkunoita toteutettiin sek\u00e4 koivuviilupintaisilla ja maalatuilla karmeilla kohteen suunnitelmien mukaisesti. Perinteisempien neliskulmaisten sis\u00e4ikkunoiden lis\u00e4ksi osa ikkunoista toteutettiin py\u00f6rein\u00e4. Tyylikk\u00e4\u00e4sti viimeistellyn py\u00f6re\u00e4n puukarminsa kera n\u00e4m\u00e4 ikkunat kiinnitt\u00e4v\u00e4t varmasti katsojan huomion.<\/p>\n<p>Kaikki puulasisein\u00e4t, liukulasiovet ja puusis\u00e4ikkunat valmistettiin kunkin tilan mittojen mukaan ja tilakohtaisten \u00e4\u00e4nenerist\u00e4vyysvaatimusten mukaisina (Rw 39-42dB). Osa puulasiseinist\u00e4 toteutettiin my\u00f6s paloluokiteltuina (EI30).<\/p>\n<p>Uudelleen k\u00e4ytett\u00e4v\u00e4t kotimaiset j\u00e4rjestelm\u00e4sein\u00e4t ovat ekologinen valinta v\u00e4lisein\u00e4rakenteiksi. HSL Groupin ammattilaiset vastaavat seinien ja ovien yll\u00e4pito- ja muutost\u00f6ist\u00e4, asiakkaan niin halutessa, kohteen koko elinkaaren ajan. Kaikki HSL Groupin tuotteet toimitetaan aina valmiiksi paikalleen asennettuina.<\/p>\n[\/et_pb_text][\/et_pb_column][\/et_pb_row][et_pb_row admin_label=&#8221;Rivi&#8221; _builder_version=&#8221;4.16&#8243; background_size=&#8221;initial&#8221; background_position=&#8221;top_left&#8221; background_repeat=&#8221;repeat&#8221; global_colors_info=&#8221;{}&#8221;][et_pb_column type=&#8221;4_4&#8243; _builder_version=&#8221;4.16&#8243; custom_padding=&#8221;|||&#8221; global_colors_info=&#8221;{}&#8221; custom_padding__hover=&#8221;|||&#8221;][et_pb_gallery gallery_ids=&#8221;3223,3224,3230,3227,3229,3225,3226,3228,3031,3030,3038,3029,3037,3033,3035,3034,3039,3040,3036,3032,3027,3025,3028,3022,3024,3023,3279,3278&#8243; posts_number=&#8221;32&#8243; show_title_and_caption=&#8221;off&#8221; show_pagination=&#8221;off&#8221; admin_label=&#8221;Galleria&#8221; _builder_version=&#8221;4.20.2&#8243; hover_enabled=&#8221;0&#8243; use_border_color=&#8221;off&#8221; border_color=&#8221;#ffffff&#8221; border_style=&#8221;solid&#8221; global_colors_info=&#8221;{}&#8221; sticky_enabled=&#8221;0&#8243;] [\/et_pb_gallery][\/et_pb_column][\/et_pb_row][\/et_pb_section]\n","protected":false},"excerpt":{"rendered":"<p>Kailas-talo Heinola Heinolan uusi Kailas-talo avasi ovensa kev\u00e4\u00e4ll\u00e4 2023. Kohde tarjoaa tilat koululaisille, esiopetukselle, varhaiskasvatukselle sek\u00e4 liikuntaharrastustoiminnalle k\u00e4sitt\u00e4en Heinolan alueen suurimman liikuntahallin. Piha-alue on suunniteltu monipuoliseksi leikki- ja pelialueeksi jossa on huomioitu my\u00f6s erityislapsien tarpeet. Kohde on toteutettu k\u00e4ytt\u00e4j\u00e4l\u00e4ht\u00f6isesti tilojen muunneltavuus ja monik\u00e4ytt\u00f6isyys huomioiden. Osa oppimistiloista on yhdistett\u00e4viss\u00e4 siirtoseinill\u00e4 toisiinsa tai avattavissa talon keskustoriksi kutsutulle [&hellip;]<\/p>\n","protected":false},"author":1,"featured_media":0,"parent":52,"menu_order":0,"comment_status":"closed","ping_status":"closed","template":"","meta":{"_et_pb_use_builder":"on","_et_pb_old_content":"","_et_gb_content_width":"","footnotes":""},"class_list":["post-3212","page","type-page","status-publish","hentry"],"yoast_head":"<!-- This site is optimized with the Yoast SEO plugin v27.4 - https:\/\/yoast.com\/product\/yoast-seo-wordpress\/ -->\n<title>Kailas-talo Heinola puulasisein\u00e4t ja puusis\u00e4ikkunat - HSL Group Oy<\/title>\n<meta name=\"description\" content=\"Kailas-talo Heinolaan toteutettiin muuntojoustavat puulasisein\u00e4t ja puusis\u00e4ikkunat sek\u00e4 puuliukulasiovet kohteen suunnitelmien mukaisesti\" \/>\n<meta name=\"robots\" content=\"index, follow, max-snippet:-1, max-image-preview:large, max-video-preview:-1\" \/>\n<link rel=\"canonical\" href=\"https:\/\/en.hslgroup.fi\/en\/portfolio\/kailas-house-heinola\/\" \/>\n<meta property=\"og:locale\" content=\"en_GB\" \/>\n<meta property=\"og:type\" content=\"article\" \/>\n<meta property=\"og:title\" content=\"Kailas-talo Heinola puulasisein\u00e4t ja puusis\u00e4ikkunat - HSL Group Oy\" \/>\n<meta property=\"og:description\" content=\"Kailas-talo Heinolaan toteutettiin muuntojoustavat puulasisein\u00e4t ja puusis\u00e4ikkunat sek\u00e4 puuliukulasiovet kohteen suunnitelmien mukaisesti\" \/>\n<meta property=\"og:url\" content=\"https:\/\/en.hslgroup.fi\/en\/portfolio\/kailas-house-heinola\/\" \/>\n<meta property=\"og:site_name\" content=\"HSL Group Oy\" \/>\n<meta property=\"article:publisher\" content=\"https:\/\/facebook.com\/hslgroupoy\" \/>\n<meta property=\"article:modified_time\" content=\"2023-05-15T08:02:50+00:00\" \/>\n<meta name=\"twitter:card\" content=\"summary_large_image\" \/>\n<meta name=\"twitter:label1\" content=\"Estimated reading time\" \/>\n\t<meta name=\"twitter:data1\" content=\"3 minutes\" \/>\n<script type=\"application\/ld+json\" class=\"yoast-schema-graph\">{\"@context\":\"https:\\\/\\\/schema.org\",\"@graph\":[{\"@type\":\"WebPage\",\"@id\":\"https:\\\/\\\/en.hslgroup.fi\\\/portfolio\\\/kailas-house-heinola\\\/\",\"url\":\"https:\\\/\\\/en.hslgroup.fi\\\/portfolio\\\/kailas-house-heinola\\\/\",\"name\":\"Kailas-talo Heinola puulasisein\u00e4t ja puusis\u00e4ikkunat - HSL Group Oy\",\"isPartOf\":{\"@id\":\"https:\\\/\\\/en.hslgroup.fi\\\/en\\\/#website\"},\"datePublished\":\"2023-05-12T09:21:17+00:00\",\"dateModified\":\"2023-05-15T08:02:50+00:00\",\"description\":\"Kailas-talo Heinolaan toteutettiin muuntojoustavat puulasisein\u00e4t ja puusis\u00e4ikkunat sek\u00e4 puuliukulasiovet kohteen suunnitelmien mukaisesti\",\"breadcrumb\":{\"@id\":\"https:\\\/\\\/en.hslgroup.fi\\\/portfolio\\\/kailas-house-heinola\\\/#breadcrumb\"},\"inLanguage\":\"en-GB\",\"potentialAction\":[{\"@type\":\"ReadAction\",\"target\":[\"https:\\\/\\\/en.hslgroup.fi\\\/portfolio\\\/kailas-house-heinola\\\/\"]}]},{\"@type\":\"BreadcrumbList\",\"@id\":\"https:\\\/\\\/en.hslgroup.fi\\\/portfolio\\\/kailas-house-heinola\\\/#breadcrumb\",\"itemListElement\":[{\"@type\":\"ListItem\",\"position\":1,\"name\":\"Etusivu\",\"item\":\"https:\\\/\\\/en.hslgroup.fi\\\/fi\\\/\"},{\"@type\":\"ListItem\",\"position\":2,\"name\":\"Referenssit\",\"item\":\"https:\\\/\\\/en.hslgroup.fi\\\/portfolio\\\/\"},{\"@type\":\"ListItem\",\"position\":3,\"name\":\"Kailas-talo Heinola\"}]},{\"@type\":\"WebSite\",\"@id\":\"https:\\\/\\\/en.hslgroup.fi\\\/en\\\/#website\",\"url\":\"https:\\\/\\\/en.hslgroup.fi\\\/en\\\/\",\"name\":\"HSL Group Oy\",\"description\":\"J\u00e4rjestelm\u00e4v\u00e4lisein\u00e4t, siirtosein\u00e4t ja minitilaratkaisut\",\"publisher\":{\"@id\":\"https:\\\/\\\/en.hslgroup.fi\\\/en\\\/#organization\"},\"potentialAction\":[{\"@type\":\"SearchAction\",\"target\":{\"@type\":\"EntryPoint\",\"urlTemplate\":\"https:\\\/\\\/en.hslgroup.fi\\\/en\\\/?s={search_term_string}\"},\"query-input\":{\"@type\":\"PropertyValueSpecification\",\"valueRequired\":true,\"valueName\":\"search_term_string\"}}],\"inLanguage\":\"en-GB\"},{\"@type\":\"Organization\",\"@id\":\"https:\\\/\\\/en.hslgroup.fi\\\/en\\\/#organization\",\"name\":\"HSL Group Oy\",\"url\":\"https:\\\/\\\/en.hslgroup.fi\\\/en\\\/\",\"logo\":{\"@type\":\"ImageObject\",\"inLanguage\":\"en-GB\",\"@id\":\"https:\\\/\\\/en.hslgroup.fi\\\/en\\\/#\\\/schema\\\/logo\\\/image\\\/\",\"url\":\"https:\\\/\\\/en.hslgroup.fi\\\/wp-content\\\/uploads\\\/2016\\\/07\\\/hsl_logo.jpg\",\"contentUrl\":\"https:\\\/\\\/en.hslgroup.fi\\\/wp-content\\\/uploads\\\/2016\\\/07\\\/hsl_logo.jpg\",\"width\":125,\"height\":60,\"caption\":\"HSL Group Oy\"},\"image\":{\"@id\":\"https:\\\/\\\/en.hslgroup.fi\\\/en\\\/#\\\/schema\\\/logo\\\/image\\\/\"},\"sameAs\":[\"https:\\\/\\\/facebook.com\\\/hslgroupoy\",\"https:\\\/\\\/linkedin.com\\\/company\\\/hsl-group\"]}]}<\/script>\n<!-- \/ Yoast SEO plugin. -->","yoast_head_json":{"title":"Kailas-thouse Heinola wood framed glass walls and wood framed interior windows - HSL Group LLC","description":"Flexible wood framed glass walls, wood framed interior windows and wood framed sliding doors were implemented in Kailas-house Heinola according to the site's plans","robots":{"index":"index","follow":"follow","max-snippet":"max-snippet:-1","max-image-preview":"max-image-preview:large","max-video-preview":"max-video-preview:-1"},"canonical":"https:\/\/en.hslgroup.fi\/en\/portfolio\/kailas-house-heinola\/","og_locale":"en_GB","og_type":"article","og_title":"Kailas-talo Heinola puulasisein\u00e4t ja puusis\u00e4ikkunat - HSL Group Oy","og_description":"Kailas-talo Heinolaan toteutettiin muuntojoustavat puulasisein\u00e4t ja puusis\u00e4ikkunat sek\u00e4 puuliukulasiovet kohteen suunnitelmien mukaisesti","og_url":"https:\/\/en.hslgroup.fi\/en\/portfolio\/kailas-house-heinola\/","og_site_name":"HSL Group Oy","article_publisher":"https:\/\/facebook.com\/hslgroupoy","article_modified_time":"2023-05-15T08:02:50+00:00","twitter_card":"summary_large_image","twitter_misc":{"Estimated reading time":"3 minutes"},"schema":{"@context":"https:\/\/schema.org","@graph":[{"@type":"WebPage","@id":"https:\/\/en.hslgroup.fi\/portfolio\/kailas-house-heinola\/","url":"https:\/\/en.hslgroup.fi\/portfolio\/kailas-house-heinola\/","name":"Kailas-thouse Heinola wood framed glass walls and wood framed interior windows - HSL Group LLC","isPartOf":{"@id":"https:\/\/en.hslgroup.fi\/en\/#website"},"datePublished":"2023-05-12T09:21:17+00:00","dateModified":"2023-05-15T08:02:50+00:00","description":"Flexible wood framed glass walls, wood framed interior windows and wood framed sliding doors were implemented in Kailas-house Heinola according to the site's plans","breadcrumb":{"@id":"https:\/\/en.hslgroup.fi\/portfolio\/kailas-house-heinola\/#breadcrumb"},"inLanguage":"en-GB","potentialAction":[{"@type":"ReadAction","target":["https:\/\/en.hslgroup.fi\/portfolio\/kailas-house-heinola\/"]}]},{"@type":"BreadcrumbList","@id":"https:\/\/en.hslgroup.fi\/portfolio\/kailas-house-heinola\/#breadcrumb","itemListElement":[{"@type":"ListItem","position":1,"name":"Etusivu","item":"https:\/\/en.hslgroup.fi\/fi\/"},{"@type":"ListItem","position":2,"name":"Referenssit","item":"https:\/\/en.hslgroup.fi\/portfolio\/"},{"@type":"ListItem","position":3,"name":"Kailas-talo Heinola"}]},{"@type":"WebSite","@id":"https:\/\/en.hslgroup.fi\/en\/#website","url":"https:\/\/en.hslgroup.fi\/en\/","name":"HSL Group LLC","description":"J\u00e4rjestelm\u00e4v\u00e4lisein\u00e4t, siirtosein\u00e4t ja minitilaratkaisut","publisher":{"@id":"https:\/\/en.hslgroup.fi\/en\/#organization"},"potentialAction":[{"@type":"SearchAction","target":{"@type":"EntryPoint","urlTemplate":"https:\/\/en.hslgroup.fi\/en\/?s={search_term_string}"},"query-input":{"@type":"PropertyValueSpecification","valueRequired":true,"valueName":"search_term_string"}}],"inLanguage":"en-GB"},{"@type":"Organization","@id":"https:\/\/en.hslgroup.fi\/en\/#organization","name":"HSL Group LLC","url":"https:\/\/en.hslgroup.fi\/en\/","logo":{"@type":"ImageObject","inLanguage":"en-GB","@id":"https:\/\/en.hslgroup.fi\/en\/#\/schema\/logo\/image\/","url":"https:\/\/en.hslgroup.fi\/wp-content\/uploads\/2016\/07\/hsl_logo.jpg","contentUrl":"https:\/\/en.hslgroup.fi\/wp-content\/uploads\/2016\/07\/hsl_logo.jpg","width":125,"height":60,"caption":"HSL Group Oy"},"image":{"@id":"https:\/\/en.hslgroup.fi\/en\/#\/schema\/logo\/image\/"},"sameAs":["https:\/\/facebook.com\/hslgroupoy","https:\/\/linkedin.com\/company\/hsl-group"]}]}},"_links":{"self":[{"href":"https:\/\/en.hslgroup.fi\/en\/wp-json\/wp\/v2\/pages\/3212","targetHints":{"allow":["GET"]}}],"collection":[{"href":"https:\/\/en.hslgroup.fi\/en\/wp-json\/wp\/v2\/pages"}],"about":[{"href":"https:\/\/en.hslgroup.fi\/en\/wp-json\/wp\/v2\/types\/page"}],"author":[{"embeddable":true,"href":"https:\/\/en.hslgroup.fi\/en\/wp-json\/wp\/v2\/users\/1"}],"replies":[{"embeddable":true,"href":"https:\/\/en.hslgroup.fi\/en\/wp-json\/wp\/v2\/comments?post=3212"}],"version-history":[{"count":5,"href":"https:\/\/en.hslgroup.fi\/en\/wp-json\/wp\/v2\/pages\/3212\/revisions"}],"predecessor-version":[{"id":3280,"href":"https:\/\/en.hslgroup.fi\/en\/wp-json\/wp\/v2\/pages\/3212\/revisions\/3280"}],"up":[{"embeddable":true,"href":"https:\/\/en.hslgroup.fi\/en\/wp-json\/wp\/v2\/pages\/52"}],"wp:attachment":[{"href":"https:\/\/en.hslgroup.fi\/en\/wp-json\/wp\/v2\/media?parent=3212"}],"curies":[{"name":"wp","href":"https:\/\/api.w.org\/{rel}","templated":true}]}}