{"id":3056,"date":"2023-02-09T11:44:08","date_gmt":"2023-02-09T09:44:08","guid":{"rendered":"https:\/\/en.hslgroup.fi\/?page_id=3056"},"modified":"2023-05-16T11:21:52","modified_gmt":"2023-05-16T08:21:52","slug":"palkeet-operable-partition-walls","status":"publish","type":"page","link":"https:\/\/en.hslgroup.fi\/en\/portfolio\/palkeet-operable-partition-walls\/","title":{"rendered":"Palkeet operable walls"},"content":{"rendered":"[et_pb_section fb_built=&#8221;1&#8243; admin_label=&#8221;section&#8221; _builder_version=&#8221;4.16&#8243; global_colors_info=&#8221;{}&#8221;][et_pb_row admin_label=&#8221;Rivi&#8221; _builder_version=&#8221;4.16&#8243; background_size=&#8221;initial&#8221; background_position=&#8221;top_left&#8221; background_repeat=&#8221;repeat&#8221; global_colors_info=&#8221;{}&#8221;][et_pb_column type=&#8221;4_4&#8243; _builder_version=&#8221;4.16&#8243; custom_padding=&#8221;|||&#8221; global_colors_info=&#8221;{}&#8221; custom_padding__hover=&#8221;|||&#8221;][et_pb_text admin_label=&#8221;Teksti&#8221; _builder_version=&#8221;4.18.0&#8243; background_size=&#8221;initial&#8221; background_position=&#8221;top_left&#8221; background_repeat=&#8221;repeat&#8221; use_border_color=&#8221;off&#8221; border_color=&#8221;#ffffff&#8221; border_style=&#8221;solid&#8221; global_colors_info=&#8221;{}&#8221;]\n<h1>Valtion talous- ja henkil\u00f6st\u00f6hallinnon palvelukeskus siirtosein\u00e4t<\/h1>\n[\/et_pb_text][\/et_pb_column][\/et_pb_row][et_pb_row admin_label=&#8221;Rivi&#8221; _builder_version=&#8221;4.16&#8243; background_size=&#8221;initial&#8221; background_position=&#8221;top_left&#8221; background_repeat=&#8221;repeat&#8221; global_colors_info=&#8221;{}&#8221;][et_pb_column type=&#8221;4_4&#8243; _builder_version=&#8221;4.16&#8243; custom_padding=&#8221;|||&#8221; global_colors_info=&#8221;{}&#8221; custom_padding__hover=&#8221;|||&#8221;][et_pb_image src=&#8221;https:\/\/en.hslgroup.fi\/wp-content\/uploads\/2023\/02\/HSL-Group-HUFCOR-100K-siirtoseina\u0308.jpg&#8221; alt=&#8221;HSL Group HUFCOR 100K siirtoseina\u0308&#8221; title_text=&#8221;HSL Group HUFCOR 100K siirtoseina\u0308&#8221; show_in_lightbox=&#8221;on&#8221; align_tablet=&#8221;center&#8221; align_phone=&#8221;&#8221; align_last_edited=&#8221;on|desktop&#8221; admin_label=&#8221;Kuva&#8221; _builder_version=&#8221;4.18.0&#8243; animation_style=&#8221;slide&#8221; animation_direction=&#8221;left&#8221; animation_duration=&#8221;500ms&#8221; animation_intensity_slide=&#8221;10%&#8221; use_border_color=&#8221;off&#8221; border_color=&#8221;#ffffff&#8221; border_style=&#8221;solid&#8221; animation=&#8221;left&#8221; sticky=&#8221;off&#8221; always_center_on_mobile=&#8221;on&#8221; global_colors_info=&#8221;{}&#8221;] [\/et_pb_image][\/et_pb_column][\/et_pb_row][et_pb_row admin_label=&#8221;row&#8221; _builder_version=&#8221;4.16&#8243; background_size=&#8221;initial&#8221; background_position=&#8221;top_left&#8221; background_repeat=&#8221;repeat&#8221; global_colors_info=&#8221;{}&#8221;][et_pb_column type=&#8221;4_4&#8243; _builder_version=&#8221;4.16&#8243; custom_padding=&#8221;|||&#8221; global_colors_info=&#8221;{}&#8221; custom_padding__hover=&#8221;|||&#8221;][et_pb_text admin_label=&#8221;Teksti&#8221; _builder_version=&#8221;4.20.2&#8243; background_size=&#8221;initial&#8221; background_position=&#8221;top_left&#8221; background_repeat=&#8221;repeat&#8221; use_border_color=&#8221;off&#8221; border_color=&#8221;#ffffff&#8221; border_style=&#8221;solid&#8221; global_colors_info=&#8221;{}&#8221;]\n<p>Valtion talous- ja henkil\u00f6st\u00f6hallinnon palvelukeskus (Palkeet) tuottaa talous- ja henkil\u00f6st\u00f6palveluja valtionhallinnon virastoille, laitoksille ja rahastoille sek\u00e4 n. 70 000 yksitt\u00e4iselle palkansaajalle. Helsingin Pasilassa sijaitseviin tiloihin haluttiin tilanjakoratkaisu, jolla suurempi yhten\u00e4inen tila voidaan jakaa pienempiin osiin nopeasti ja helposti.<\/p>\n<p>Toivottu tilanjakoratkaisu toteutettiin HSL Groupin toimesta umpirakenteisilla HUFCOR 100K massiivisiirtoseinill\u00e4. Tilaajan\u00a0 toiveiden mukaisesti HSL Group toteutti koko siirtosein\u00e4rakenteen lattiasta holviin saakka, sis\u00e4lt\u00e4en my\u00f6s seinien otsarakenteet k\u00e4ytt\u00f6valmiiksi viimeisteltyn\u00e4. Sein\u00e4n pintamateriaaliksi valittiin n\u00e4ytt\u00e4v\u00e4 ja ajaton tammiviilupinta. Sein\u00e4elementtej\u00e4 kiert\u00e4\u00e4 tyylik\u00e4s alumiinilista, joka suojaa sein\u00e4n pintamateriaalia iskuilta.<\/p>\n<p>Kohteeseen asennetut siirtosein\u00e4t liikkuvat otsarakenteeseen integroiduilla kiskoilla, joiden avulla sein\u00e4elementit ovat helposti ja nopeasti siirrett\u00e4viss\u00e4 tilanjakajiksi. Seinien kannakointi ei edellyt\u00e4 erillisi\u00e4 kiskoja tai muita rakenteita lattiaan jolloin lattiapinta s\u00e4ilyy yhten\u00e4isen\u00e4. Laadukkaat kuulalaakeritelat ja tyylikk\u00e4\u00e4t alumiinikiskot takaavat siirtoseinien kevyen liikuteltavuuden.<\/p>\n<h4>S\u00e4hk\u00f6isesti tiivistyv\u00e4t elementit<\/h4>\n<p>HUFCOR -siirtoseinien Quick-Set -tiivistysj\u00e4rjestelm\u00e4 on ylivoimaisesti nopein ja helpoin tapa luoda \u00e4\u00e4nt\u00e4 erist\u00e4v\u00e4 tiloja siirtoseinill\u00e4. T\u00e4h\u00e4n kohteeseen asennetut siirtosein\u00e4t tiivistyv\u00e4t paikoilleen helposti ja nopeasti vain yht\u00e4 avainta k\u00e4\u00e4nt\u00e4m\u00e4ll\u00e4. Sein\u00e4elementteihin integroitu s\u00e4hk\u00f6inen mekanismi tiivist\u00e4\u00e4 elementit tiukasti ymp\u00e4r\u00f6iviin rakenteisiin, mik\u00e4 samalla lukitsee elementin tukevasti paikalleen. Rakenteen hyv\u00e4 tiiveys takaa my\u00f6s huippuluokan \u00e4\u00e4nenerist\u00e4vyyden, joka on kohteeseen asennetuissa massiivisiirtoseiniss\u00e4 Rw51dB.<\/p>\n<p>HSL Groupin ammattiasentajat vastaavat kohteen siirtoseinien yll\u00e4pidosta ja muutost\u00f6ist\u00e4, asiakkaan niin halutessa, kohteen koko elinkaaren ajan.<\/p>\n[\/et_pb_text][et_pb_text _builder_version=&#8221;4.20.2&#8243; _module_preset=&#8221;default&#8221; hover_enabled=&#8221;0&#8243; sticky_enabled=&#8221;0&#8243;]\n<h4>Tutustu kohteen esittelyvideoon<\/h4>\n<p><span class=\"copycode\"><div class=\"epyt-video-wrapper\"><div  id=\"_ytid_37212\"  width=\"800\" height=\"425\"  data-origwidth=\"800\" data-origheight=\"425\" data-facadesrc=\"https:\/\/www.youtube.com\/embed\/TBo-Y3K-vG8?enablejsapi=1&autoplay=0&cc_load_policy=0&cc_lang_pref=&iv_load_policy=1&loop=0&rel=0&fs=1&playsinline=0&autohide=2&theme=dark&color=red&controls=1&disablekb=0&\" class=\"__youtube_prefs__ epyt-facade no-lazyload\" data-epautoplay=\"1\" ><img decoding=\"async\" data-spai-excluded=\"true\" class=\"epyt-facade-poster skip-lazy\" loading=\"lazy\"  alt=\"Pasila Palkeet HUFCOR siirtoseinat\"  src=\"https:\/\/i.ytimg.com\/vi\/TBo-Y3K-vG8\/maxresdefault.jpg\"  \/><button class=\"epyt-facade-play\" aria-label=\"Play\"><svg data-no-lazy=\"1\" height=\"100%\" version=\"1.1\" viewBox=\"0 0 68 48\" width=\"100%\"><path class=\"ytp-large-play-button-bg\" d=\"M66.52,7.74c-0.78-2.93-2.49-5.41-5.42-6.19C55.79,.13,34,0,34,0S12.21,.13,6.9,1.55 C3.97,2.33,2.27,4.81,1.48,7.74C0.06,13.05,0,24,0,24s0.06,10.95,1.48,16.26c0.78,2.93,2.49,5.41,5.42,6.19 C12.21,47.87,34,48,34,48s21.79-0.13,27.1-1.55c2.93-0.78,4.64-3.26,5.42-6.19C67.94,34.95,68,24,68,24S67.94,13.05,66.52,7.74z\" fill=\"#f00\"><\/path><path d=\"M 45,24 27,14 27,34\" fill=\"#fff\"><\/path><\/svg><\/button><\/div><\/div><\/span><\/p>\n[\/et_pb_text][\/et_pb_column][\/et_pb_row][et_pb_row admin_label=&#8221;Rivi&#8221; _builder_version=&#8221;4.16&#8243; background_size=&#8221;initial&#8221; background_position=&#8221;top_left&#8221; background_repeat=&#8221;repeat&#8221; global_colors_info=&#8221;{}&#8221;][et_pb_column type=&#8221;4_4&#8243; _builder_version=&#8221;4.16&#8243; custom_padding=&#8221;|||&#8221; global_colors_info=&#8221;{}&#8221; custom_padding__hover=&#8221;|||&#8221;][et_pb_gallery gallery_ids=&#8221;3082,3079,3081,3083,3080,3084,3085&#8243; posts_number=&#8221;8&#8243; show_title_and_caption=&#8221;off&#8221; show_pagination=&#8221;off&#8221; admin_label=&#8221;Galleria&#8221; _builder_version=&#8221;4.18.0&#8243; use_border_color=&#8221;off&#8221; border_color=&#8221;#ffffff&#8221; border_style=&#8221;solid&#8221; global_colors_info=&#8221;{}&#8221;] [\/et_pb_gallery][\/et_pb_column][\/et_pb_row][\/et_pb_section]\n","protected":false},"excerpt":{"rendered":"<p>Valtion talous- ja henkil\u00f6st\u00f6hallinnon palvelukeskus siirtosein\u00e4t Valtion talous- ja henkil\u00f6st\u00f6hallinnon palvelukeskus (Palkeet) tuottaa talous- ja henkil\u00f6st\u00f6palveluja valtionhallinnon virastoille, laitoksille ja rahastoille sek\u00e4 n. 70 000 yksitt\u00e4iselle palkansaajalle. Helsingin Pasilassa sijaitseviin tiloihin haluttiin tilanjakoratkaisu, jolla suurempi yhten\u00e4inen tila voidaan jakaa pienempiin osiin nopeasti ja helposti. Toivottu tilanjakoratkaisu toteutettiin HSL Groupin toimesta umpirakenteisilla HUFCOR 100K massiivisiirtoseinill\u00e4. Tilaajan\u00a0 [&hellip;]<\/p>\n","protected":false},"author":1,"featured_media":0,"parent":52,"menu_order":0,"comment_status":"closed","ping_status":"closed","template":"","meta":{"_et_pb_use_builder":"on","_et_pb_old_content":"","_et_gb_content_width":"","footnotes":""},"class_list":["post-3056","page","type-page","status-publish","hentry"],"yoast_head":"<!-- This site is optimized with the Yoast SEO plugin v27.4 - https:\/\/yoast.com\/product\/yoast-seo-wordpress\/ -->\n<title>Palkeet siirtosein\u00e4t - HSL Group Oy<\/title>\n<meta name=\"description\" content=\"Palkeet siirtosein\u00e4t. Valtion talous- ja henkil\u00f6st\u00f6hallinnon palvelukeskukseen toteutettiin nopeasti jaettava tila HSL Groupin siirtoseinill\u00e4\" \/>\n<meta name=\"robots\" content=\"index, follow, max-snippet:-1, max-image-preview:large, max-video-preview:-1\" \/>\n<link rel=\"canonical\" href=\"https:\/\/en.hslgroup.fi\/en\/portfolio\/palkeet-operable-partition-walls\/\" \/>\n<meta property=\"og:locale\" content=\"en_GB\" \/>\n<meta property=\"og:type\" content=\"article\" \/>\n<meta property=\"og:title\" content=\"Palkeet siirtosein\u00e4t - HSL Group Oy\" \/>\n<meta property=\"og:description\" content=\"Palkeet siirtosein\u00e4t. Valtion talous- ja henkil\u00f6st\u00f6hallinnon palvelukeskukseen toteutettiin nopeasti jaettava tila HSL Groupin siirtoseinill\u00e4\" \/>\n<meta property=\"og:url\" content=\"https:\/\/en.hslgroup.fi\/en\/portfolio\/palkeet-operable-partition-walls\/\" \/>\n<meta property=\"og:site_name\" content=\"HSL Group Oy\" \/>\n<meta property=\"article:publisher\" content=\"https:\/\/facebook.com\/hslgroupoy\" \/>\n<meta property=\"article:modified_time\" content=\"2023-05-16T08:21:52+00:00\" \/>\n<meta name=\"twitter:card\" content=\"summary_large_image\" \/>\n<meta name=\"twitter:label1\" content=\"Estimated reading time\" \/>\n\t<meta name=\"twitter:data1\" content=\"2 minutes\" \/>\n<script type=\"application\/ld+json\" class=\"yoast-schema-graph\">{\"@context\":\"https:\\\/\\\/schema.org\",\"@graph\":[{\"@type\":\"WebPage\",\"@id\":\"https:\\\/\\\/en.hslgroup.fi\\\/portfolio\\\/palkeet-operable-partition-walls\\\/\",\"url\":\"https:\\\/\\\/en.hslgroup.fi\\\/portfolio\\\/palkeet-operable-partition-walls\\\/\",\"name\":\"Palkeet siirtosein\u00e4t - HSL Group Oy\",\"isPartOf\":{\"@id\":\"https:\\\/\\\/en.hslgroup.fi\\\/en\\\/#website\"},\"datePublished\":\"2023-02-09T09:44:08+00:00\",\"dateModified\":\"2023-05-16T08:21:52+00:00\",\"description\":\"Palkeet siirtosein\u00e4t. Valtion talous- ja henkil\u00f6st\u00f6hallinnon palvelukeskukseen toteutettiin nopeasti jaettava tila HSL Groupin siirtoseinill\u00e4\",\"breadcrumb\":{\"@id\":\"https:\\\/\\\/en.hslgroup.fi\\\/portfolio\\\/palkeet-operable-partition-walls\\\/#breadcrumb\"},\"inLanguage\":\"en-GB\",\"potentialAction\":[{\"@type\":\"ReadAction\",\"target\":[\"https:\\\/\\\/en.hslgroup.fi\\\/portfolio\\\/palkeet-operable-partition-walls\\\/\"]}]},{\"@type\":\"BreadcrumbList\",\"@id\":\"https:\\\/\\\/en.hslgroup.fi\\\/portfolio\\\/palkeet-operable-partition-walls\\\/#breadcrumb\",\"itemListElement\":[{\"@type\":\"ListItem\",\"position\":1,\"name\":\"Etusivu\",\"item\":\"https:\\\/\\\/en.hslgroup.fi\\\/fi\\\/\"},{\"@type\":\"ListItem\",\"position\":2,\"name\":\"Referenssit\",\"item\":\"https:\\\/\\\/en.hslgroup.fi\\\/portfolio\\\/\"},{\"@type\":\"ListItem\",\"position\":3,\"name\":\"Palkeet siirtosein\u00e4t\"}]},{\"@type\":\"WebSite\",\"@id\":\"https:\\\/\\\/en.hslgroup.fi\\\/en\\\/#website\",\"url\":\"https:\\\/\\\/en.hslgroup.fi\\\/en\\\/\",\"name\":\"HSL Group Oy\",\"description\":\"J\u00e4rjestelm\u00e4v\u00e4lisein\u00e4t, siirtosein\u00e4t ja minitilaratkaisut\",\"publisher\":{\"@id\":\"https:\\\/\\\/en.hslgroup.fi\\\/en\\\/#organization\"},\"potentialAction\":[{\"@type\":\"SearchAction\",\"target\":{\"@type\":\"EntryPoint\",\"urlTemplate\":\"https:\\\/\\\/en.hslgroup.fi\\\/en\\\/?s={search_term_string}\"},\"query-input\":{\"@type\":\"PropertyValueSpecification\",\"valueRequired\":true,\"valueName\":\"search_term_string\"}}],\"inLanguage\":\"en-GB\"},{\"@type\":\"Organization\",\"@id\":\"https:\\\/\\\/en.hslgroup.fi\\\/en\\\/#organization\",\"name\":\"HSL Group Oy\",\"url\":\"https:\\\/\\\/en.hslgroup.fi\\\/en\\\/\",\"logo\":{\"@type\":\"ImageObject\",\"inLanguage\":\"en-GB\",\"@id\":\"https:\\\/\\\/en.hslgroup.fi\\\/en\\\/#\\\/schema\\\/logo\\\/image\\\/\",\"url\":\"https:\\\/\\\/en.hslgroup.fi\\\/wp-content\\\/uploads\\\/2016\\\/07\\\/hsl_logo.jpg\",\"contentUrl\":\"https:\\\/\\\/en.hslgroup.fi\\\/wp-content\\\/uploads\\\/2016\\\/07\\\/hsl_logo.jpg\",\"width\":125,\"height\":60,\"caption\":\"HSL Group Oy\"},\"image\":{\"@id\":\"https:\\\/\\\/en.hslgroup.fi\\\/en\\\/#\\\/schema\\\/logo\\\/image\\\/\"},\"sameAs\":[\"https:\\\/\\\/facebook.com\\\/hslgroupoy\",\"https:\\\/\\\/linkedin.com\\\/company\\\/hsl-group\"]}]}<\/script>\n<!-- \/ Yoast SEO plugin. -->","yoast_head_json":{"title":"Palkeet operable partition walls - HSL Group LLC","description":"Palkeet operable partition walls. The service center of the state's financial and personnel administration was quickly divided into a space with HSL Group's operable partition walls","robots":{"index":"index","follow":"follow","max-snippet":"max-snippet:-1","max-image-preview":"max-image-preview:large","max-video-preview":"max-video-preview:-1"},"canonical":"https:\/\/en.hslgroup.fi\/en\/portfolio\/palkeet-operable-partition-walls\/","og_locale":"en_GB","og_type":"article","og_title":"Palkeet siirtosein\u00e4t - HSL Group Oy","og_description":"Palkeet siirtosein\u00e4t. Valtion talous- ja henkil\u00f6st\u00f6hallinnon palvelukeskukseen toteutettiin nopeasti jaettava tila HSL Groupin siirtoseinill\u00e4","og_url":"https:\/\/en.hslgroup.fi\/en\/portfolio\/palkeet-operable-partition-walls\/","og_site_name":"HSL Group Oy","article_publisher":"https:\/\/facebook.com\/hslgroupoy","article_modified_time":"2023-05-16T08:21:52+00:00","twitter_card":"summary_large_image","twitter_misc":{"Estimated reading time":"2 minutes"},"schema":{"@context":"https:\/\/schema.org","@graph":[{"@type":"WebPage","@id":"https:\/\/en.hslgroup.fi\/portfolio\/palkeet-operable-partition-walls\/","url":"https:\/\/en.hslgroup.fi\/portfolio\/palkeet-operable-partition-walls\/","name":"Palkeet operable partition walls - HSL Group LLC","isPartOf":{"@id":"https:\/\/en.hslgroup.fi\/en\/#website"},"datePublished":"2023-02-09T09:44:08+00:00","dateModified":"2023-05-16T08:21:52+00:00","description":"Palkeet operable partition walls. The service center of the state's financial and personnel administration was quickly divided into a space with HSL Group's operable partition walls","breadcrumb":{"@id":"https:\/\/en.hslgroup.fi\/portfolio\/palkeet-operable-partition-walls\/#breadcrumb"},"inLanguage":"en-GB","potentialAction":[{"@type":"ReadAction","target":["https:\/\/en.hslgroup.fi\/portfolio\/palkeet-operable-partition-walls\/"]}]},{"@type":"BreadcrumbList","@id":"https:\/\/en.hslgroup.fi\/portfolio\/palkeet-operable-partition-walls\/#breadcrumb","itemListElement":[{"@type":"ListItem","position":1,"name":"Etusivu","item":"https:\/\/en.hslgroup.fi\/fi\/"},{"@type":"ListItem","position":2,"name":"Referenssit","item":"https:\/\/en.hslgroup.fi\/portfolio\/"},{"@type":"ListItem","position":3,"name":"Palkeet siirtosein\u00e4t"}]},{"@type":"WebSite","@id":"https:\/\/en.hslgroup.fi\/en\/#website","url":"https:\/\/en.hslgroup.fi\/en\/","name":"HSL Group LLC","description":"J\u00e4rjestelm\u00e4v\u00e4lisein\u00e4t, siirtosein\u00e4t ja minitilaratkaisut","publisher":{"@id":"https:\/\/en.hslgroup.fi\/en\/#organization"},"potentialAction":[{"@type":"SearchAction","target":{"@type":"EntryPoint","urlTemplate":"https:\/\/en.hslgroup.fi\/en\/?s={search_term_string}"},"query-input":{"@type":"PropertyValueSpecification","valueRequired":true,"valueName":"search_term_string"}}],"inLanguage":"en-GB"},{"@type":"Organization","@id":"https:\/\/en.hslgroup.fi\/en\/#organization","name":"HSL Group LLC","url":"https:\/\/en.hslgroup.fi\/en\/","logo":{"@type":"ImageObject","inLanguage":"en-GB","@id":"https:\/\/en.hslgroup.fi\/en\/#\/schema\/logo\/image\/","url":"https:\/\/en.hslgroup.fi\/wp-content\/uploads\/2016\/07\/hsl_logo.jpg","contentUrl":"https:\/\/en.hslgroup.fi\/wp-content\/uploads\/2016\/07\/hsl_logo.jpg","width":125,"height":60,"caption":"HSL Group Oy"},"image":{"@id":"https:\/\/en.hslgroup.fi\/en\/#\/schema\/logo\/image\/"},"sameAs":["https:\/\/facebook.com\/hslgroupoy","https:\/\/linkedin.com\/company\/hsl-group"]}]}},"_links":{"self":[{"href":"https:\/\/en.hslgroup.fi\/en\/wp-json\/wp\/v2\/pages\/3056","targetHints":{"allow":["GET"]}}],"collection":[{"href":"https:\/\/en.hslgroup.fi\/en\/wp-json\/wp\/v2\/pages"}],"about":[{"href":"https:\/\/en.hslgroup.fi\/en\/wp-json\/wp\/v2\/types\/page"}],"author":[{"embeddable":true,"href":"https:\/\/en.hslgroup.fi\/en\/wp-json\/wp\/v2\/users\/1"}],"replies":[{"embeddable":true,"href":"https:\/\/en.hslgroup.fi\/en\/wp-json\/wp\/v2\/comments?post=3056"}],"version-history":[{"count":5,"href":"https:\/\/en.hslgroup.fi\/en\/wp-json\/wp\/v2\/pages\/3056\/revisions"}],"predecessor-version":[{"id":3296,"href":"https:\/\/en.hslgroup.fi\/en\/wp-json\/wp\/v2\/pages\/3056\/revisions\/3296"}],"up":[{"embeddable":true,"href":"https:\/\/en.hslgroup.fi\/en\/wp-json\/wp\/v2\/pages\/52"}],"wp:attachment":[{"href":"https:\/\/en.hslgroup.fi\/en\/wp-json\/wp\/v2\/media?parent=3056"}],"curies":[{"name":"wp","href":"https:\/\/api.w.org\/{rel}","templated":true}]}}