{"id":3016,"date":"2023-02-06T12:18:56","date_gmt":"2023-02-06T10:18:56","guid":{"rendered":"https:\/\/en.hslgroup.fi\/?page_id=3016"},"modified":"2023-05-30T10:47:21","modified_gmt":"2023-05-30T07:47:21","slug":"wood-framed-interior-windows","status":"publish","type":"page","link":"https:\/\/en.hslgroup.fi\/en\/partition-wall-systems\/wood-framed-interior-windows\/","title":{"rendered":"Wood framed interior windows"},"content":{"rendered":"[et_pb_section fb_built=&#8221;1&#8243; admin_label=&#8221;section&#8221; _builder_version=&#8221;4.16&#8243; global_colors_info=&#8221;{}&#8221;][et_pb_row admin_label=&#8221;Rivi&#8221; _builder_version=&#8221;4.16&#8243; background_size=&#8221;initial&#8221; background_position=&#8221;top_left&#8221; background_repeat=&#8221;repeat&#8221; global_colors_info=&#8221;{}&#8221;][et_pb_column type=&#8221;4_4&#8243; _builder_version=&#8221;4.16&#8243; custom_padding=&#8221;|||&#8221; global_colors_info=&#8221;{}&#8221; custom_padding__hover=&#8221;|||&#8221;][et_pb_text admin_label=&#8221;Otsikko&#8221; _builder_version=&#8221;4.18.0&#8243; header_text_color=&#8221;#50af31&#8243; background_size=&#8221;initial&#8221; background_position=&#8221;top_left&#8221; background_repeat=&#8221;repeat&#8221; use_border_color=&#8221;off&#8221; border_color=&#8221;#ffffff&#8221; border_style=&#8221;solid&#8221; global_colors_info=&#8221;{}&#8221;]\n<h1>Puusis\u00e4ikkunat<\/h1>\n[\/et_pb_text][\/et_pb_column][\/et_pb_row][et_pb_row disabled_on=&#8221;off|off|off&#8221; admin_label=&#8221;row&#8221; _builder_version=&#8221;4.18.0&#8243; background_size=&#8221;initial&#8221; background_position=&#8221;top_left&#8221; background_repeat=&#8221;repeat&#8221; global_colors_info=&#8221;{}&#8221;][et_pb_column type=&#8221;4_4&#8243; _builder_version=&#8221;4.16&#8243; custom_padding=&#8221;|||&#8221; global_colors_info=&#8221;{}&#8221; custom_padding__hover=&#8221;|||&#8221;][et_pb_gallery gallery_ids=&#8221;3033,3038,3031,3028,3036,3302,3300,3301,3030,3039,3023,3025,3035,3034,3022,3024,3027,3026,3040,3029,3037,3032&#8243; show_title_and_caption=&#8221;off&#8221; admin_label=&#8221;Galleria&#8221; _builder_version=&#8221;4.21.0&#8243; hover_enabled=&#8221;0&#8243; use_border_color=&#8221;off&#8221; border_color=&#8221;#ffffff&#8221; border_style=&#8221;solid&#8221; global_colors_info=&#8221;{}&#8221; sticky_enabled=&#8221;0&#8243;][\/et_pb_gallery][\/et_pb_column][\/et_pb_row][et_pb_row column_structure=&#8221;2_3,1_3&#8243; admin_label=&#8221;Rivi&#8221; _builder_version=&#8221;4.16&#8243; background_size=&#8221;initial&#8221; background_position=&#8221;top_left&#8221; background_repeat=&#8221;repeat&#8221; global_colors_info=&#8221;{}&#8221;][et_pb_column type=&#8221;2_3&#8243; _builder_version=&#8221;4.16&#8243; custom_padding=&#8221;|||&#8221; global_colors_info=&#8221;{}&#8221; custom_padding__hover=&#8221;|||&#8221;][et_pb_text admin_label=&#8221;Teksti&#8221; _builder_version=&#8221;4.18.0&#8243; background_size=&#8221;initial&#8221; background_position=&#8221;top_left&#8221; background_repeat=&#8221;repeat&#8221; use_border_color=&#8221;off&#8221; border_color=&#8221;#ffffff&#8221; border_style=&#8221;solid&#8221; global_colors_info=&#8221;{}&#8221;]\n<h2>Puusis\u00e4ikkunat mittatilausty\u00f6n\u00e4<\/h2>\n<p>Toimitamme puusis\u00e4ikkunat projektikohtaisten mittojen mukaan valmistettuina. Voit valita ikkunan muodoksi perinteisen neli\u00f6n tai suorakaiteen, mutta my\u00f6s muut muodot kuten persoonalliset py\u00f6re\u00e4t sis\u00e4ikkunat ovat mahdollisia. Puusis\u00e4ikkunat voidaan toteuttaa kiintein\u00e4 tai avattavina versiona ja varustaa tarpeen mukaan esimerkiksi s\u00e4lekaihtimilla.<\/p>\n<h4>Lasit kohteen vaatimusten mukaan<\/h4>\n<p>Puusis\u00e4ikkunoiden lasit valitaan kohteen halutun \u00e4\u00e4nenerist\u00e4vyyden ja muiden vaatimusten mukaan. Voit valita esimerkiksi kirkkaan, s\u00e4vytetyn tai mattapintaisen lasin, tai n\u00e4ytt\u00e4v\u00e4n ja helppok\u00e4ytt\u00f6isen s\u00e4hk\u00f6isesti himmentyv\u00e4n \u00e4lylasin.<\/p>\n<p>Valmistamme puusis\u00e4ikkunoita my\u00f6s erityisen vaativiin kohteisiin, esimerkiksi r\u00f6ntgenlasit terveydenhuollon tutkimushuoneiden yhteyteen.<\/p>\n<h4>Mittatarkka toteutus<\/h4>\n<p>HSL puusis\u00e4ikkunoiden leveydet ja korkeudet voidaan mitoittaa tarkasti toiveesi mukaan. Puusis\u00e4ikkunoiden karmit valmistetaan tavallisesti 30\u00d792 mm kokoisesta MDF-, puu- tai vaneriprofiilista tai erikoistoiveittesi mukaan. Profiili voi olla maalattu tai esimerkiksi pinnoitettu viilulla.<\/p>\n<h4>Tekniset tiedot<\/h4>\n<p>Sis\u00e4ikkunaelementit tehd\u00e4\u00e4n aina asiakkaan suunnitelmien mukaan.<\/p>\n<p>Profiili <span lang=\"FI\">esimerkiksi 30&#215;92, 30&#215;120 ja projektikohtaiset dimensiot<\/span><br \/>Lasin asennus profiilin uraan tai puu \/ alumiinilistalla<br \/>\u00c4\u00e4nenerist\u00e4vyys\u00a0lasityypin mukaan<br \/>Mitattu \u00e4\u00e4nenerist\u00e4vyys kiinte\u00e4n ja avattavan ikkunan yhdistelm\u00e4ll\u00e4 Rw55dB<\/p>\n<h4>Asennus<\/h4>\n<p>Kuten kaikki HSL Groupin tuotteet, my\u00f6s HSL puusis\u00e4ikkunat toimitetaan juuri ajallaan ja asennetaan avaimet k\u00e4teen -periaatteella. Asennus tehd\u00e4\u00e4n valmiisiin valoaukkoihin, jolloin tila on k\u00e4ytt\u00f6valmis ja kalustettavissa heti asennuksen j\u00e4lkeen.<\/p>\n<h4>Tuotenimi ja takuu<\/h4>\n<p>HSL PLS<br \/>Takuuaika 2 vuotta<\/p>\n[\/et_pb_text][\/et_pb_column][et_pb_column type=&#8221;1_3&#8243; _builder_version=&#8221;4.16&#8243; custom_padding=&#8221;|||&#8221; global_colors_info=&#8221;{}&#8221; custom_padding__hover=&#8221;|||&#8221;][et_pb_text admin_label=&#8221;Yhteydenotto&#8221; _builder_version=&#8221;3.27.4&#8243; background_size=&#8221;initial&#8221; background_position=&#8221;top_left&#8221; background_repeat=&#8221;repeat&#8221; use_border_color=&#8221;off&#8221; border_color=&#8221;#ffffff&#8221; border_style=&#8221;solid&#8221; global_module=&#8221;1147&#8243; saved_tabs=&#8221;all&#8221; global_colors_info=&#8221;{}&#8221;]\n<h3>J\u00e4t\u00e4 yhteydenottopyynt\u00f6<\/h3>\n<div class=\"et_pb_contact\">\n\n<div class=\"wpcf7 no-js\" id=\"wpcf7-f46-o1\" lang=\"fi\" dir=\"ltr\" data-wpcf7-id=\"46\">\n<div class=\"screen-reader-response\"><p role=\"status\" aria-live=\"polite\" aria-atomic=\"true\"><\/p> <ul><\/ul><\/div>\n<form action=\"\/en\/wp-json\/wp\/v2\/pages\/3016#wpcf7-f46-o1\" method=\"post\" class=\"wpcf7-form init\" aria-label=\"Yhteydenottolomake\" novalidate=\"novalidate\" data-status=\"init\">\n<fieldset class=\"hidden-fields-container\"><input type=\"hidden\" name=\"_wpcf7\" value=\"46\" \/><input type=\"hidden\" name=\"_wpcf7_version\" value=\"6.1.5\" \/><input type=\"hidden\" name=\"_wpcf7_locale\" value=\"fi\" \/><input type=\"hidden\" name=\"_wpcf7_unit_tag\" value=\"wpcf7-f46-o1\" \/><input type=\"hidden\" name=\"_wpcf7_container_post\" value=\"0\" \/><input type=\"hidden\" name=\"_wpcf7_posted_data_hash\" value=\"\" \/><input type=\"hidden\" name=\"_wpcf7_recaptcha_response\" value=\"\" \/>\n<\/fieldset>\n<p>Yritys\n<\/p>\n<p><span class=\"wpcf7-form-control-wrap\" data-name=\"company-name\"><input size=\"40\" maxlength=\"400\" class=\"wpcf7-form-control wpcf7-text wpcf7-validates-as-required\" aria-required=\"true\" aria-invalid=\"false\" value=\"\" type=\"text\" name=\"company-name\" \/><\/span>\n<\/p>\n<p>Yhteyshenkil\u00f6\n<\/p>\n<p><span class=\"wpcf7-form-control-wrap\" data-name=\"contact-person\"><input size=\"40\" maxlength=\"400\" class=\"wpcf7-form-control wpcf7-text wpcf7-validates-as-required\" aria-required=\"true\" aria-invalid=\"false\" value=\"\" type=\"text\" name=\"contact-person\" \/><\/span>\n<\/p>\n<p>S\u00e4hk\u00f6posti\n<\/p>\n<p><span class=\"wpcf7-form-control-wrap\" data-name=\"email\"><input size=\"40\" maxlength=\"400\" class=\"wpcf7-form-control wpcf7-email wpcf7-validates-as-required wpcf7-text wpcf7-validates-as-email\" aria-required=\"true\" aria-invalid=\"false\" value=\"\" type=\"email\" name=\"email\" \/><\/span>\n<\/p>\n<p>Puhelinnumero\n<\/p>\n<p><span class=\"wpcf7-form-control-wrap\" data-name=\"phone-number\"><input size=\"40\" maxlength=\"400\" class=\"wpcf7-form-control wpcf7-text\" aria-invalid=\"false\" value=\"\" type=\"text\" name=\"phone-number\" \/><\/span>\n<\/p>\n<p><input class=\"wpcf7-form-control wpcf7-submit has-spinner\" type=\"submit\" value=\"L\u00e4het\u00e4\" \/>\n<\/p><div class=\"wpcf7-response-output\" aria-hidden=\"true\"><\/div>\n<\/form>\n<\/div>\n\n<\/div>\n[\/et_pb_text][et_pb_cta title=&#8221;Soita meille&#8221; button_url=&#8221;tel:+358102776500&#8243; button_text=&#8221;010 277 6500&#8243; _builder_version=&#8221;4.14.7&#8243; _module_preset=&#8221;default&#8221; body_font=&#8221;|600|||||||&#8221; background_color=&#8221;#4c4c4c&#8221; background_image=&#8221;https:\/\/en.hslgroup.fi\/wp-content\/uploads\/2022\/01\/HSL-puulasiseina\u0308-sinila\u0308hteen-koulu.jpg&#8221; background_repeat=&#8221;repeat-x&#8221; background_blend=&#8221;overlay&#8221; custom_button=&#8221;on&#8221; button_text_size=&#8221;18px&#8221; button_bg_color=&#8221;#50af31&#8243; button_border_width=&#8221;0px&#8221; button_icon=&#8221;&#xe00b;||divi||400&#8243; global_module=&#8221;2312&#8243; saved_tabs=&#8221;all&#8221; global_colors_info=&#8221;{}&#8221;]\n<p>Saat lis\u00e4tietoja ratkaisuistamme nopeasti ottamalla yhteytt\u00e4 asiakaspalveluumme.<\/p>\n[\/et_pb_cta][\/et_pb_column][\/et_pb_row][\/et_pb_section]\n","protected":false},"excerpt":{"rendered":"<p>Puusis\u00e4ikkunatPuusis\u00e4ikkunat mittatilausty\u00f6n\u00e4 Toimitamme puusis\u00e4ikkunat projektikohtaisten mittojen mukaan valmistettuina. Voit valita ikkunan muodoksi perinteisen neli\u00f6n tai suorakaiteen, mutta my\u00f6s muut muodot kuten persoonalliset py\u00f6re\u00e4t sis\u00e4ikkunat ovat mahdollisia. Puusis\u00e4ikkunat voidaan toteuttaa kiintein\u00e4 tai avattavina versiona ja varustaa tarpeen mukaan esimerkiksi s\u00e4lekaihtimilla. Lasit kohteen vaatimusten mukaan Puusis\u00e4ikkunoiden lasit valitaan kohteen halutun \u00e4\u00e4nenerist\u00e4vyyden ja muiden vaatimusten mukaan. Voit valita [&hellip;]<\/p>\n","protected":false},"author":1,"featured_media":0,"parent":50,"menu_order":0,"comment_status":"closed","ping_status":"closed","template":"","meta":{"_et_pb_use_builder":"on","_et_pb_old_content":"","_et_gb_content_width":"","footnotes":""},"class_list":["post-3016","page","type-page","status-publish","hentry"],"yoast_head":"<!-- This site is optimized with the Yoast SEO plugin v27.4 - https:\/\/yoast.com\/product\/yoast-seo-wordpress\/ -->\n<title>Puusis\u00e4ikkunat projektikohtaisten mittojen mukaan - HSL Group Oy<\/title>\n<meta name=\"description\" content=\"Toimitamme puusis\u00e4ikkunat projektikohtaisten mittojen, \u00e4\u00e4nenerist\u00e4vyyden ja ulkoasuvaatimusten mukaan valmistettuina, my\u00f6s py\u00f6re\u00e4t ikkunat.\" \/>\n<meta name=\"robots\" content=\"index, follow, max-snippet:-1, max-image-preview:large, max-video-preview:-1\" \/>\n<link rel=\"canonical\" href=\"https:\/\/en.hslgroup.fi\/en\/partition-wall-systems\/wood-framed-interior-windows\/\" \/>\n<meta property=\"og:locale\" content=\"en_GB\" \/>\n<meta property=\"og:type\" content=\"article\" \/>\n<meta property=\"og:title\" content=\"Puusis\u00e4ikkunat projektikohtaisten mittojen mukaan - HSL Group Oy\" \/>\n<meta property=\"og:description\" content=\"Toimitamme puusis\u00e4ikkunat projektikohtaisten mittojen, \u00e4\u00e4nenerist\u00e4vyyden ja ulkoasuvaatimusten mukaan valmistettuina, my\u00f6s py\u00f6re\u00e4t ikkunat.\" \/>\n<meta property=\"og:url\" content=\"https:\/\/en.hslgroup.fi\/en\/partition-wall-systems\/wood-framed-interior-windows\/\" \/>\n<meta property=\"og:site_name\" content=\"HSL Group Oy\" \/>\n<meta property=\"article:publisher\" content=\"https:\/\/facebook.com\/hslgroupoy\" \/>\n<meta property=\"article:modified_time\" content=\"2023-05-30T07:47:21+00:00\" \/>\n<meta name=\"twitter:card\" content=\"summary_large_image\" \/>\n<meta name=\"twitter:label1\" content=\"Estimated reading time\" \/>\n\t<meta name=\"twitter:data1\" content=\"3 minutes\" \/>\n<script type=\"application\/ld+json\" class=\"yoast-schema-graph\">{\"@context\":\"https:\\\/\\\/schema.org\",\"@graph\":[{\"@type\":\"WebPage\",\"@id\":\"https:\\\/\\\/en.hslgroup.fi\\\/partition-wall-systems\\\/wood-framed-interior-windows\\\/\",\"url\":\"https:\\\/\\\/en.hslgroup.fi\\\/partition-wall-systems\\\/wood-framed-interior-windows\\\/\",\"name\":\"Puusis\u00e4ikkunat projektikohtaisten mittojen mukaan - HSL Group Oy\",\"isPartOf\":{\"@id\":\"https:\\\/\\\/en.hslgroup.fi\\\/en\\\/#website\"},\"datePublished\":\"2023-02-06T10:18:56+00:00\",\"dateModified\":\"2023-05-30T07:47:21+00:00\",\"description\":\"Toimitamme puusis\u00e4ikkunat projektikohtaisten mittojen, \u00e4\u00e4nenerist\u00e4vyyden ja ulkoasuvaatimusten mukaan valmistettuina, my\u00f6s py\u00f6re\u00e4t ikkunat.\",\"breadcrumb\":{\"@id\":\"https:\\\/\\\/en.hslgroup.fi\\\/partition-wall-systems\\\/wood-framed-interior-windows\\\/#breadcrumb\"},\"inLanguage\":\"en-GB\",\"potentialAction\":[{\"@type\":\"ReadAction\",\"target\":[\"https:\\\/\\\/en.hslgroup.fi\\\/partition-wall-systems\\\/wood-framed-interior-windows\\\/\"]}]},{\"@type\":\"BreadcrumbList\",\"@id\":\"https:\\\/\\\/en.hslgroup.fi\\\/partition-wall-systems\\\/wood-framed-interior-windows\\\/#breadcrumb\",\"itemListElement\":[{\"@type\":\"ListItem\",\"position\":1,\"name\":\"Etusivu\",\"item\":\"https:\\\/\\\/en.hslgroup.fi\\\/fi\\\/\"},{\"@type\":\"ListItem\",\"position\":2,\"name\":\"Tuotteet\",\"item\":\"https:\\\/\\\/en.hslgroup.fi\\\/partition-wall-systems\\\/\"},{\"@type\":\"ListItem\",\"position\":3,\"name\":\"Puusis\u00e4ikkunat\"}]},{\"@type\":\"WebSite\",\"@id\":\"https:\\\/\\\/en.hslgroup.fi\\\/en\\\/#website\",\"url\":\"https:\\\/\\\/en.hslgroup.fi\\\/en\\\/\",\"name\":\"HSL Group Oy\",\"description\":\"J\u00e4rjestelm\u00e4v\u00e4lisein\u00e4t, siirtosein\u00e4t ja minitilaratkaisut\",\"publisher\":{\"@id\":\"https:\\\/\\\/en.hslgroup.fi\\\/en\\\/#organization\"},\"potentialAction\":[{\"@type\":\"SearchAction\",\"target\":{\"@type\":\"EntryPoint\",\"urlTemplate\":\"https:\\\/\\\/en.hslgroup.fi\\\/en\\\/?s={search_term_string}\"},\"query-input\":{\"@type\":\"PropertyValueSpecification\",\"valueRequired\":true,\"valueName\":\"search_term_string\"}}],\"inLanguage\":\"en-GB\"},{\"@type\":\"Organization\",\"@id\":\"https:\\\/\\\/en.hslgroup.fi\\\/en\\\/#organization\",\"name\":\"HSL Group Oy\",\"url\":\"https:\\\/\\\/en.hslgroup.fi\\\/en\\\/\",\"logo\":{\"@type\":\"ImageObject\",\"inLanguage\":\"en-GB\",\"@id\":\"https:\\\/\\\/en.hslgroup.fi\\\/en\\\/#\\\/schema\\\/logo\\\/image\\\/\",\"url\":\"https:\\\/\\\/en.hslgroup.fi\\\/wp-content\\\/uploads\\\/2016\\\/07\\\/hsl_logo.jpg\",\"contentUrl\":\"https:\\\/\\\/en.hslgroup.fi\\\/wp-content\\\/uploads\\\/2016\\\/07\\\/hsl_logo.jpg\",\"width\":125,\"height\":60,\"caption\":\"HSL Group Oy\"},\"image\":{\"@id\":\"https:\\\/\\\/en.hslgroup.fi\\\/en\\\/#\\\/schema\\\/logo\\\/image\\\/\"},\"sameAs\":[\"https:\\\/\\\/facebook.com\\\/hslgroupoy\",\"https:\\\/\\\/linkedin.com\\\/company\\\/hsl-group\"]}]}<\/script>\n<!-- \/ Yoast SEO plugin. -->","yoast_head_json":{"title":"Wood framed interior windows with project-specific dimensions - HSL Group Oy","description":"We deliver wood framed interior windows manufactured according to project-specific dimensions, sound insulation and appearance requirements, including round windows.","robots":{"index":"index","follow":"follow","max-snippet":"max-snippet:-1","max-image-preview":"max-image-preview:large","max-video-preview":"max-video-preview:-1"},"canonical":"https:\/\/en.hslgroup.fi\/en\/partition-wall-systems\/wood-framed-interior-windows\/","og_locale":"en_GB","og_type":"article","og_title":"Puusis\u00e4ikkunat projektikohtaisten mittojen mukaan - HSL Group Oy","og_description":"Toimitamme puusis\u00e4ikkunat projektikohtaisten mittojen, \u00e4\u00e4nenerist\u00e4vyyden ja ulkoasuvaatimusten mukaan valmistettuina, my\u00f6s py\u00f6re\u00e4t ikkunat.","og_url":"https:\/\/en.hslgroup.fi\/en\/partition-wall-systems\/wood-framed-interior-windows\/","og_site_name":"HSL Group Oy","article_publisher":"https:\/\/facebook.com\/hslgroupoy","article_modified_time":"2023-05-30T07:47:21+00:00","twitter_card":"summary_large_image","twitter_misc":{"Estimated reading time":"3 minutes"},"schema":{"@context":"https:\/\/schema.org","@graph":[{"@type":"WebPage","@id":"https:\/\/en.hslgroup.fi\/partition-wall-systems\/wood-framed-interior-windows\/","url":"https:\/\/en.hslgroup.fi\/partition-wall-systems\/wood-framed-interior-windows\/","name":"Wood framed interior windows with project-specific dimensions - HSL Group Oy","isPartOf":{"@id":"https:\/\/en.hslgroup.fi\/en\/#website"},"datePublished":"2023-02-06T10:18:56+00:00","dateModified":"2023-05-30T07:47:21+00:00","description":"We deliver wood framed interior windows manufactured according to project-specific dimensions, sound insulation and appearance requirements, including round windows.","breadcrumb":{"@id":"https:\/\/en.hslgroup.fi\/partition-wall-systems\/wood-framed-interior-windows\/#breadcrumb"},"inLanguage":"en-GB","potentialAction":[{"@type":"ReadAction","target":["https:\/\/en.hslgroup.fi\/partition-wall-systems\/wood-framed-interior-windows\/"]}]},{"@type":"BreadcrumbList","@id":"https:\/\/en.hslgroup.fi\/partition-wall-systems\/wood-framed-interior-windows\/#breadcrumb","itemListElement":[{"@type":"ListItem","position":1,"name":"Etusivu","item":"https:\/\/en.hslgroup.fi\/fi\/"},{"@type":"ListItem","position":2,"name":"Tuotteet","item":"https:\/\/en.hslgroup.fi\/partition-wall-systems\/"},{"@type":"ListItem","position":3,"name":"Puusis\u00e4ikkunat"}]},{"@type":"WebSite","@id":"https:\/\/en.hslgroup.fi\/en\/#website","url":"https:\/\/en.hslgroup.fi\/en\/","name":"HSL Group LLC","description":"J\u00e4rjestelm\u00e4v\u00e4lisein\u00e4t, siirtosein\u00e4t ja minitilaratkaisut","publisher":{"@id":"https:\/\/en.hslgroup.fi\/en\/#organization"},"potentialAction":[{"@type":"SearchAction","target":{"@type":"EntryPoint","urlTemplate":"https:\/\/en.hslgroup.fi\/en\/?s={search_term_string}"},"query-input":{"@type":"PropertyValueSpecification","valueRequired":true,"valueName":"search_term_string"}}],"inLanguage":"en-GB"},{"@type":"Organization","@id":"https:\/\/en.hslgroup.fi\/en\/#organization","name":"HSL Group LLC","url":"https:\/\/en.hslgroup.fi\/en\/","logo":{"@type":"ImageObject","inLanguage":"en-GB","@id":"https:\/\/en.hslgroup.fi\/en\/#\/schema\/logo\/image\/","url":"https:\/\/en.hslgroup.fi\/wp-content\/uploads\/2016\/07\/hsl_logo.jpg","contentUrl":"https:\/\/en.hslgroup.fi\/wp-content\/uploads\/2016\/07\/hsl_logo.jpg","width":125,"height":60,"caption":"HSL Group Oy"},"image":{"@id":"https:\/\/en.hslgroup.fi\/en\/#\/schema\/logo\/image\/"},"sameAs":["https:\/\/facebook.com\/hslgroupoy","https:\/\/linkedin.com\/company\/hsl-group"]}]}},"_links":{"self":[{"href":"https:\/\/en.hslgroup.fi\/en\/wp-json\/wp\/v2\/pages\/3016","targetHints":{"allow":["GET"]}}],"collection":[{"href":"https:\/\/en.hslgroup.fi\/en\/wp-json\/wp\/v2\/pages"}],"about":[{"href":"https:\/\/en.hslgroup.fi\/en\/wp-json\/wp\/v2\/types\/page"}],"author":[{"embeddable":true,"href":"https:\/\/en.hslgroup.fi\/en\/wp-json\/wp\/v2\/users\/1"}],"replies":[{"embeddable":true,"href":"https:\/\/en.hslgroup.fi\/en\/wp-json\/wp\/v2\/comments?post=3016"}],"version-history":[{"count":5,"href":"https:\/\/en.hslgroup.fi\/en\/wp-json\/wp\/v2\/pages\/3016\/revisions"}],"predecessor-version":[{"id":3304,"href":"https:\/\/en.hslgroup.fi\/en\/wp-json\/wp\/v2\/pages\/3016\/revisions\/3304"}],"up":[{"embeddable":true,"href":"https:\/\/en.hslgroup.fi\/en\/wp-json\/wp\/v2\/pages\/50"}],"wp:attachment":[{"href":"https:\/\/en.hslgroup.fi\/en\/wp-json\/wp\/v2\/media?parent=3016"}],"curies":[{"name":"wp","href":"https:\/\/api.w.org\/{rel}","templated":true}]}}