{"id":2982,"date":"2023-01-13T12:08:07","date_gmt":"2023-01-13T10:08:07","guid":{"rendered":"https:\/\/en.hslgroup.fi\/?page_id=2982"},"modified":"2023-01-17T14:34:19","modified_gmt":"2023-01-17T12:34:19","slug":"sodankyla-multi-purpose-center","status":"publish","type":"page","link":"https:\/\/en.hslgroup.fi\/en\/portfolio\/sodankyla-multi-purpose-center\/","title":{"rendered":"Sodankyl\u00e4 multi-purpose center"},"content":{"rendered":"[et_pb_section fb_built=&#8221;1&#8243; admin_label=&#8221;section&#8221; _builder_version=&#8221;4.16&#8243; global_colors_info=&#8221;{}&#8221;][et_pb_row admin_label=&#8221;Rivi&#8221; _builder_version=&#8221;4.16&#8243; background_size=&#8221;initial&#8221; background_position=&#8221;top_left&#8221; background_repeat=&#8221;repeat&#8221; global_colors_info=&#8221;{}&#8221;][et_pb_column type=&#8221;4_4&#8243; _builder_version=&#8221;4.16&#8243; custom_padding=&#8221;|||&#8221; global_colors_info=&#8221;{}&#8221; custom_padding__hover=&#8221;|||&#8221;][et_pb_text admin_label=&#8221;Teksti&#8221; _builder_version=&#8221;4.18.0&#8243; background_size=&#8221;initial&#8221; background_position=&#8221;top_left&#8221; background_repeat=&#8221;repeat&#8221; use_border_color=&#8221;off&#8221; border_color=&#8221;#ffffff&#8221; border_style=&#8221;solid&#8221; global_colors_info=&#8221;{}&#8221;]\n<h1>Sodankyl\u00e4n monitoimikeskus<\/h1>\n[\/et_pb_text][\/et_pb_column][\/et_pb_row][et_pb_row admin_label=&#8221;Rivi&#8221; _builder_version=&#8221;4.16&#8243; background_size=&#8221;initial&#8221; background_position=&#8221;top_left&#8221; background_repeat=&#8221;repeat&#8221; global_colors_info=&#8221;{}&#8221;][et_pb_column type=&#8221;4_4&#8243; _builder_version=&#8221;4.16&#8243; custom_padding=&#8221;|||&#8221; global_colors_info=&#8221;{}&#8221; custom_padding__hover=&#8221;|||&#8221;][et_pb_image src=&#8221;https:\/\/en.hslgroup.fi\/wp-content\/uploads\/2023\/01\/Ta\u0308htikunnan-koulu-Sodankyla.jpg&#8221; alt=&#8221;Sodankyl\u00e4n monitoimikeskus \/ Ta\u0308htikunnan koulu&#8221; title_text=&#8221;Sodankyl\u00e4n monitoimikeskus \/ Ta\u0308htikunnan koulu&#8221; show_in_lightbox=&#8221;on&#8221; align_tablet=&#8221;center&#8221; align_phone=&#8221;&#8221; align_last_edited=&#8221;on|desktop&#8221; admin_label=&#8221;Kuva&#8221; _builder_version=&#8221;4.18.0&#8243; animation_style=&#8221;slide&#8221; animation_direction=&#8221;left&#8221; animation_duration=&#8221;500ms&#8221; animation_intensity_slide=&#8221;10%&#8221; use_border_color=&#8221;off&#8221; border_color=&#8221;#ffffff&#8221; border_style=&#8221;solid&#8221; animation=&#8221;left&#8221; sticky=&#8221;off&#8221; always_center_on_mobile=&#8221;on&#8221; global_colors_info=&#8221;{}&#8221;] [\/et_pb_image][\/et_pb_column][\/et_pb_row][et_pb_row admin_label=&#8221;row&#8221; _builder_version=&#8221;4.16&#8243; background_size=&#8221;initial&#8221; background_position=&#8221;top_left&#8221; background_repeat=&#8221;repeat&#8221; global_colors_info=&#8221;{}&#8221;][et_pb_column type=&#8221;4_4&#8243; _builder_version=&#8221;4.16&#8243; custom_padding=&#8221;|||&#8221; global_colors_info=&#8221;{}&#8221; custom_padding__hover=&#8221;|||&#8221;][et_pb_text admin_label=&#8221;Teksti&#8221; _builder_version=&#8221;4.18.0&#8243; background_size=&#8221;initial&#8221; background_position=&#8221;top_left&#8221; background_repeat=&#8221;repeat&#8221; use_border_color=&#8221;off&#8221; border_color=&#8221;#ffffff&#8221; border_style=&#8221;solid&#8221; global_colors_info=&#8221;{}&#8221;]\n<p>Sodankyl\u00e4n uusi monitoimikeskus otettiin k\u00e4ytt\u00f6\u00f6n vuoden 2022 syksyll\u00e4. Kohde k\u00e4sitt\u00e4\u00e4 tilat 650:lle peruskoululaiselle sek\u00e4 varhaiskasvatukseen ja esiopetukseen noin 100 lapselle. Monitoimikeskuksen palveluihin kuuluvat my\u00f6s liikuntasali, auditorio, koulukirjasto ja nuorisotila sek\u00e4 muita kulttuuritoimintoja, kuten paikallisten yhdistysten ja opistojen toimintaa.<\/p>\n<p>T\u00e4htikunnan kouluksi nimetty monitoimikeskus suunniteltiin k\u00e4ytt\u00e4j\u00e4l\u00e4ht\u00f6isesti ja siit\u00e4 haluttiin moderni ja monik\u00e4ytt\u00f6inen kohde, jonka tilat ovat muunneltavia ja joustavat k\u00e4ytt\u00e4jien tarpeen mukaan. Ymp\u00e4rist\u00f6arvot on my\u00f6s huomioitu ja esimerkiksi s\u00e4hk\u00f6ntuotannosta vastaa osittain kohteen seiniin asennettu oma aurinkovoimala.<\/p>\n<p>Koska kohteen tilaratkaisuissa haluttiin huomioida tilojen muunneltavuus ja ekologisuus, olivat muuntojoustavat ja helposti uudelleen k\u00e4ytett\u00e4v\u00e4t kotimaiset j\u00e4rjestelm\u00e4sein\u00e4t luonteva ratkaisu monitoimikeskuksen v\u00e4lisein\u00e4rakenteiksi.<\/p>\n<p>HSL Group toimitti kohteeseen puulasisein\u00e4t jotka ovat oivallinen ratkaisu vaativaan oppilaitosymp\u00e4rist\u00f6\u00f6n. Lasiseinill\u00e4 toteutettiin tilojen jakaminen pienempiin osiin kuten opetustiloihin ja eteistiloihin. Lasiseinien ansiosta n\u00e4kyvyys tilasta toiseen s\u00e4ilyy esteett\u00f6m\u00e4n\u00e4 joka helpottaa valvontaa ja tekee tiloista valoisia sek\u00e4 avaran tuntuisia.<\/p>\n<p>Lasisein\u00e4t valmistettiin kunkin tilan mittojen mukaisina (Rw 37-42dB) ja tehokkaasti \u00e4\u00e4nt\u00e4 erist\u00e4vi\u00e4 (Rw 37-42dB) joka takaa h\u00e4iri\u00f6tt\u00f6m\u00e4n ymp\u00e4rist\u00f6n opetukseen ja oppimiseen. Osa seinist\u00e4 toteutettiin my\u00f6s paloluokiteltuina (EI30). Lasiseinien puitteet ja niiden yhteyteen toimitetut umpielementit ja lasiaukolliset k\u00e4\u00e4nt\u00f6-ovet s\u00e4vytettiin kunkin asennustilan suunnitelmien mukaan ymp\u00e4r\u00f6iviin rakenteisiin sopiviksi. Lopputuloksena syntyi tyylikk\u00e4\u00e4t ja k\u00e4ytt\u00e4jien tarpeet huomioivat tilat joissa on hyv\u00e4 toimia.<\/p>\n<p>Kaikki HSL Groupin tuotteet toimitetaan aina valmiiksi paikalleen asennettuina. HSL Groupin ammattilaiset vastaavat seinien ja ovien yll\u00e4pito- ja muutost\u00f6ist\u00e4, asiakkaan niin halutessa, kohteen koko elinkaaren ajan.<\/p>\n[\/et_pb_text][et_pb_text _builder_version=&#8221;4.18.0&#8243; _module_preset=&#8221;default&#8221; global_colors_info=&#8221;{}&#8221;]\n<h3>Kohteen esittelyvideo<\/h3>\n<p><span><span class=\"copycode\"><div class=\"epyt-video-wrapper\"><div  id=\"_ytid_64297\"  width=\"800\" height=\"425\"  data-origwidth=\"800\" data-origheight=\"425\" data-facadesrc=\"https:\/\/www.youtube.com\/embed\/pCGLC-BjXnQ?enablejsapi=1&autoplay=0&cc_load_policy=0&cc_lang_pref=&iv_load_policy=1&loop=0&rel=0&fs=1&playsinline=0&autohide=2&theme=dark&color=red&controls=1&disablekb=0&\" class=\"__youtube_prefs__ epyt-facade no-lazyload\" data-epautoplay=\"1\" ><img decoding=\"async\" data-spai-excluded=\"true\" class=\"epyt-facade-poster skip-lazy\" loading=\"lazy\"  alt=\"Vierailu Sodankyl\u00e4n monitoimikeskuksen ty\u00f6maalla toukokuu 2022\"  src=\"https:\/\/i.ytimg.com\/vi\/pCGLC-BjXnQ\/maxresdefault.jpg\"  \/><button class=\"epyt-facade-play\" aria-label=\"Play\"><svg data-no-lazy=\"1\" height=\"100%\" version=\"1.1\" viewBox=\"0 0 68 48\" width=\"100%\"><path class=\"ytp-large-play-button-bg\" d=\"M66.52,7.74c-0.78-2.93-2.49-5.41-5.42-6.19C55.79,.13,34,0,34,0S12.21,.13,6.9,1.55 C3.97,2.33,2.27,4.81,1.48,7.74C0.06,13.05,0,24,0,24s0.06,10.95,1.48,16.26c0.78,2.93,2.49,5.41,5.42,6.19 C12.21,47.87,34,48,34,48s21.79-0.13,27.1-1.55c2.93-0.78,4.64-3.26,5.42-6.19C67.94,34.95,68,24,68,24S67.94,13.05,66.52,7.74z\" fill=\"#f00\"><\/path><path d=\"M 45,24 27,14 27,34\" fill=\"#fff\"><\/path><\/svg><\/button><\/div><\/div><\/span><\/span><\/p>\n[\/et_pb_text][\/et_pb_column][\/et_pb_row][et_pb_row admin_label=&#8221;Rivi&#8221; _builder_version=&#8221;4.16&#8243; background_size=&#8221;initial&#8221; background_position=&#8221;top_left&#8221; background_repeat=&#8221;repeat&#8221; global_colors_info=&#8221;{}&#8221;][et_pb_column type=&#8221;4_4&#8243; _builder_version=&#8221;4.16&#8243; custom_padding=&#8221;|||&#8221; global_colors_info=&#8221;{}&#8221; custom_padding__hover=&#8221;|||&#8221;][et_pb_gallery gallery_ids=&#8221;3008,2995,2993,2996,2994&#8243; posts_number=&#8221;5&#8243; show_title_and_caption=&#8221;off&#8221; show_pagination=&#8221;off&#8221; admin_label=&#8221;Galleria&#8221; _builder_version=&#8221;4.18.0&#8243; use_border_color=&#8221;off&#8221; border_color=&#8221;#ffffff&#8221; border_style=&#8221;solid&#8221; global_colors_info=&#8221;{}&#8221;] [\/et_pb_gallery][\/et_pb_column][\/et_pb_row][\/et_pb_section]\n","protected":false},"excerpt":{"rendered":"<p>Sodankyl\u00e4n monitoimikeskus Sodankyl\u00e4n uusi monitoimikeskus otettiin k\u00e4ytt\u00f6\u00f6n vuoden 2022 syksyll\u00e4. Kohde k\u00e4sitt\u00e4\u00e4 tilat 650:lle peruskoululaiselle sek\u00e4 varhaiskasvatukseen ja esiopetukseen noin 100 lapselle. Monitoimikeskuksen palveluihin kuuluvat my\u00f6s liikuntasali, auditorio, koulukirjasto ja nuorisotila sek\u00e4 muita kulttuuritoimintoja, kuten paikallisten yhdistysten ja opistojen toimintaa. T\u00e4htikunnan kouluksi nimetty monitoimikeskus suunniteltiin k\u00e4ytt\u00e4j\u00e4l\u00e4ht\u00f6isesti ja siit\u00e4 haluttiin moderni ja monik\u00e4ytt\u00f6inen kohde, jonka tilat [&hellip;]<\/p>\n","protected":false},"author":1,"featured_media":0,"parent":52,"menu_order":0,"comment_status":"closed","ping_status":"closed","template":"","meta":{"_et_pb_use_builder":"on","_et_pb_old_content":"","_et_gb_content_width":"","footnotes":""},"class_list":["post-2982","page","type-page","status-publish","hentry"],"yoast_head":"<!-- This site is optimized with the Yoast SEO plugin v27.3 - https:\/\/yoast.com\/product\/yoast-seo-wordpress\/ -->\n<title>Sodankyl\u00e4n monitoimikeskus puulasisein\u00e4t - HSL Group Oy<\/title>\n<meta name=\"description\" content=\"Sodankyl\u00e4n monitoimikeskukseen toteutettiin muuntojoustavat puulasisein\u00e4t ja oviratkaisut mittatilausty\u00f6n\u00e4 kohteen suunnitelmien mukaisesti\" \/>\n<meta name=\"robots\" content=\"index, follow, max-snippet:-1, max-image-preview:large, max-video-preview:-1\" \/>\n<link rel=\"canonical\" href=\"https:\/\/en.hslgroup.fi\/en\/portfolio\/sodankyla-multi-purpose-center\/\" \/>\n<meta property=\"og:locale\" content=\"en_GB\" \/>\n<meta property=\"og:type\" content=\"article\" \/>\n<meta property=\"og:title\" content=\"Sodankyl\u00e4n monitoimikeskus puulasisein\u00e4t - HSL Group Oy\" \/>\n<meta property=\"og:description\" content=\"Sodankyl\u00e4n monitoimikeskukseen toteutettiin muuntojoustavat puulasisein\u00e4t ja oviratkaisut mittatilausty\u00f6n\u00e4 kohteen suunnitelmien mukaisesti\" \/>\n<meta property=\"og:url\" content=\"https:\/\/en.hslgroup.fi\/en\/portfolio\/sodankyla-multi-purpose-center\/\" \/>\n<meta property=\"og:site_name\" content=\"HSL Group Oy\" \/>\n<meta property=\"article:publisher\" content=\"https:\/\/facebook.com\/hslgroupoy\" \/>\n<meta property=\"article:modified_time\" content=\"2023-01-17T12:34:19+00:00\" \/>\n<meta name=\"twitter:card\" content=\"summary_large_image\" \/>\n<meta name=\"twitter:label1\" content=\"Estimated reading time\" \/>\n\t<meta name=\"twitter:data1\" content=\"3 minutes\" \/>\n<script type=\"application\/ld+json\" class=\"yoast-schema-graph\">{\"@context\":\"https:\\\/\\\/schema.org\",\"@graph\":[{\"@type\":\"WebPage\",\"@id\":\"https:\\\/\\\/en.hslgroup.fi\\\/portfolio\\\/sodankyla-multi-purpose-center\\\/\",\"url\":\"https:\\\/\\\/en.hslgroup.fi\\\/portfolio\\\/sodankyla-multi-purpose-center\\\/\",\"name\":\"Sodankyl\u00e4n monitoimikeskus puulasisein\u00e4t - HSL Group Oy\",\"isPartOf\":{\"@id\":\"https:\\\/\\\/en.hslgroup.fi\\\/en\\\/#website\"},\"datePublished\":\"2023-01-13T10:08:07+00:00\",\"dateModified\":\"2023-01-17T12:34:19+00:00\",\"description\":\"Sodankyl\u00e4n monitoimikeskukseen toteutettiin muuntojoustavat puulasisein\u00e4t ja oviratkaisut mittatilausty\u00f6n\u00e4 kohteen suunnitelmien mukaisesti\",\"breadcrumb\":{\"@id\":\"https:\\\/\\\/en.hslgroup.fi\\\/portfolio\\\/sodankyla-multi-purpose-center\\\/#breadcrumb\"},\"inLanguage\":\"en-GB\",\"potentialAction\":[{\"@type\":\"ReadAction\",\"target\":[\"https:\\\/\\\/en.hslgroup.fi\\\/portfolio\\\/sodankyla-multi-purpose-center\\\/\"]}]},{\"@type\":\"BreadcrumbList\",\"@id\":\"https:\\\/\\\/en.hslgroup.fi\\\/portfolio\\\/sodankyla-multi-purpose-center\\\/#breadcrumb\",\"itemListElement\":[{\"@type\":\"ListItem\",\"position\":1,\"name\":\"Etusivu\",\"item\":\"https:\\\/\\\/en.hslgroup.fi\\\/fi\\\/\"},{\"@type\":\"ListItem\",\"position\":2,\"name\":\"Referenssit\",\"item\":\"https:\\\/\\\/en.hslgroup.fi\\\/portfolio\\\/\"},{\"@type\":\"ListItem\",\"position\":3,\"name\":\"Sodankyl\u00e4n monitoimikeskus\"}]},{\"@type\":\"WebSite\",\"@id\":\"https:\\\/\\\/en.hslgroup.fi\\\/en\\\/#website\",\"url\":\"https:\\\/\\\/en.hslgroup.fi\\\/en\\\/\",\"name\":\"HSL Group Oy\",\"description\":\"J\u00e4rjestelm\u00e4v\u00e4lisein\u00e4t, siirtosein\u00e4t ja minitilaratkaisut\",\"publisher\":{\"@id\":\"https:\\\/\\\/en.hslgroup.fi\\\/en\\\/#organization\"},\"potentialAction\":[{\"@type\":\"SearchAction\",\"target\":{\"@type\":\"EntryPoint\",\"urlTemplate\":\"https:\\\/\\\/en.hslgroup.fi\\\/en\\\/?s={search_term_string}\"},\"query-input\":{\"@type\":\"PropertyValueSpecification\",\"valueRequired\":true,\"valueName\":\"search_term_string\"}}],\"inLanguage\":\"en-GB\"},{\"@type\":\"Organization\",\"@id\":\"https:\\\/\\\/en.hslgroup.fi\\\/en\\\/#organization\",\"name\":\"HSL Group Oy\",\"url\":\"https:\\\/\\\/en.hslgroup.fi\\\/en\\\/\",\"logo\":{\"@type\":\"ImageObject\",\"inLanguage\":\"en-GB\",\"@id\":\"https:\\\/\\\/en.hslgroup.fi\\\/en\\\/#\\\/schema\\\/logo\\\/image\\\/\",\"url\":\"https:\\\/\\\/en.hslgroup.fi\\\/wp-content\\\/uploads\\\/2016\\\/07\\\/hsl_logo.jpg\",\"contentUrl\":\"https:\\\/\\\/en.hslgroup.fi\\\/wp-content\\\/uploads\\\/2016\\\/07\\\/hsl_logo.jpg\",\"width\":125,\"height\":60,\"caption\":\"HSL Group Oy\"},\"image\":{\"@id\":\"https:\\\/\\\/en.hslgroup.fi\\\/en\\\/#\\\/schema\\\/logo\\\/image\\\/\"},\"sameAs\":[\"https:\\\/\\\/facebook.com\\\/hslgroupoy\",\"https:\\\/\\\/linkedin.com\\\/company\\\/hsl-group\"]}]}<\/script>\n<!-- \/ Yoast SEO plugin. -->","yoast_head_json":{"title":"Sodankyl\u00e4 multipurpose center wood framed glass walls - HSL Group LLC","description":"Custom-made flexible wood framed glass walls and door solutions were implemented for the Sodankyl\u00e4 multi-purpose center in accordance with the site's plans","robots":{"index":"index","follow":"follow","max-snippet":"max-snippet:-1","max-image-preview":"max-image-preview:large","max-video-preview":"max-video-preview:-1"},"canonical":"https:\/\/en.hslgroup.fi\/en\/portfolio\/sodankyla-multi-purpose-center\/","og_locale":"en_GB","og_type":"article","og_title":"Sodankyl\u00e4n monitoimikeskus puulasisein\u00e4t - HSL Group Oy","og_description":"Sodankyl\u00e4n monitoimikeskukseen toteutettiin muuntojoustavat puulasisein\u00e4t ja oviratkaisut mittatilausty\u00f6n\u00e4 kohteen suunnitelmien mukaisesti","og_url":"https:\/\/en.hslgroup.fi\/en\/portfolio\/sodankyla-multi-purpose-center\/","og_site_name":"HSL Group Oy","article_publisher":"https:\/\/facebook.com\/hslgroupoy","article_modified_time":"2023-01-17T12:34:19+00:00","twitter_card":"summary_large_image","twitter_misc":{"Estimated reading time":"3 minutes"},"schema":{"@context":"https:\/\/schema.org","@graph":[{"@type":"WebPage","@id":"https:\/\/en.hslgroup.fi\/portfolio\/sodankyla-multi-purpose-center\/","url":"https:\/\/en.hslgroup.fi\/portfolio\/sodankyla-multi-purpose-center\/","name":"Sodankyl\u00e4 multipurpose center wood framed glass walls - HSL Group LLC","isPartOf":{"@id":"https:\/\/en.hslgroup.fi\/en\/#website"},"datePublished":"2023-01-13T10:08:07+00:00","dateModified":"2023-01-17T12:34:19+00:00","description":"Custom-made flexible wood framed glass walls and door solutions were implemented for the Sodankyl\u00e4 multi-purpose center in accordance with the site's plans","breadcrumb":{"@id":"https:\/\/en.hslgroup.fi\/portfolio\/sodankyla-multi-purpose-center\/#breadcrumb"},"inLanguage":"en-GB","potentialAction":[{"@type":"ReadAction","target":["https:\/\/en.hslgroup.fi\/portfolio\/sodankyla-multi-purpose-center\/"]}]},{"@type":"BreadcrumbList","@id":"https:\/\/en.hslgroup.fi\/portfolio\/sodankyla-multi-purpose-center\/#breadcrumb","itemListElement":[{"@type":"ListItem","position":1,"name":"Etusivu","item":"https:\/\/en.hslgroup.fi\/fi\/"},{"@type":"ListItem","position":2,"name":"Referenssit","item":"https:\/\/en.hslgroup.fi\/portfolio\/"},{"@type":"ListItem","position":3,"name":"Sodankyl\u00e4n monitoimikeskus"}]},{"@type":"WebSite","@id":"https:\/\/en.hslgroup.fi\/en\/#website","url":"https:\/\/en.hslgroup.fi\/en\/","name":"HSL Group LLC","description":"J\u00e4rjestelm\u00e4v\u00e4lisein\u00e4t, siirtosein\u00e4t ja minitilaratkaisut","publisher":{"@id":"https:\/\/en.hslgroup.fi\/en\/#organization"},"potentialAction":[{"@type":"SearchAction","target":{"@type":"EntryPoint","urlTemplate":"https:\/\/en.hslgroup.fi\/en\/?s={search_term_string}"},"query-input":{"@type":"PropertyValueSpecification","valueRequired":true,"valueName":"search_term_string"}}],"inLanguage":"en-GB"},{"@type":"Organization","@id":"https:\/\/en.hslgroup.fi\/en\/#organization","name":"HSL Group LLC","url":"https:\/\/en.hslgroup.fi\/en\/","logo":{"@type":"ImageObject","inLanguage":"en-GB","@id":"https:\/\/en.hslgroup.fi\/en\/#\/schema\/logo\/image\/","url":"https:\/\/en.hslgroup.fi\/wp-content\/uploads\/2016\/07\/hsl_logo.jpg","contentUrl":"https:\/\/en.hslgroup.fi\/wp-content\/uploads\/2016\/07\/hsl_logo.jpg","width":125,"height":60,"caption":"HSL Group Oy"},"image":{"@id":"https:\/\/en.hslgroup.fi\/en\/#\/schema\/logo\/image\/"},"sameAs":["https:\/\/facebook.com\/hslgroupoy","https:\/\/linkedin.com\/company\/hsl-group"]}]}},"_links":{"self":[{"href":"https:\/\/en.hslgroup.fi\/en\/wp-json\/wp\/v2\/pages\/2982","targetHints":{"allow":["GET"]}}],"collection":[{"href":"https:\/\/en.hslgroup.fi\/en\/wp-json\/wp\/v2\/pages"}],"about":[{"href":"https:\/\/en.hslgroup.fi\/en\/wp-json\/wp\/v2\/types\/page"}],"author":[{"embeddable":true,"href":"https:\/\/en.hslgroup.fi\/en\/wp-json\/wp\/v2\/users\/1"}],"replies":[{"embeddable":true,"href":"https:\/\/en.hslgroup.fi\/en\/wp-json\/wp\/v2\/comments?post=2982"}],"version-history":[{"count":5,"href":"https:\/\/en.hslgroup.fi\/en\/wp-json\/wp\/v2\/pages\/2982\/revisions"}],"predecessor-version":[{"id":3011,"href":"https:\/\/en.hslgroup.fi\/en\/wp-json\/wp\/v2\/pages\/2982\/revisions\/3011"}],"up":[{"embeddable":true,"href":"https:\/\/en.hslgroup.fi\/en\/wp-json\/wp\/v2\/pages\/52"}],"wp:attachment":[{"href":"https:\/\/en.hslgroup.fi\/en\/wp-json\/wp\/v2\/media?parent=2982"}],"curies":[{"name":"wp","href":"https:\/\/api.w.org\/{rel}","templated":true}]}}