{"id":2934,"date":"2022-11-09T14:03:06","date_gmt":"2022-11-09T12:03:06","guid":{"rendered":"https:\/\/en.hslgroup.fi\/?page_id=2934"},"modified":"2022-11-09T14:40:41","modified_gmt":"2022-11-09T12:40:41","slug":"pikku-finlandia","status":"publish","type":"page","link":"https:\/\/en.hslgroup.fi\/en\/portfolio\/pikku-finlandia\/","title":{"rendered":"Little Finlandia"},"content":{"rendered":"[et_pb_section fb_built=&#8221;1&#8243; admin_label=&#8221;section&#8221; _builder_version=&#8221;4.16&#8243; global_colors_info=&#8221;{}&#8221;][et_pb_row admin_label=&#8221;Rivi&#8221; _builder_version=&#8221;4.16&#8243; background_size=&#8221;initial&#8221; background_position=&#8221;top_left&#8221; background_repeat=&#8221;repeat&#8221; global_colors_info=&#8221;{}&#8221;][et_pb_column type=&#8221;4_4&#8243; _builder_version=&#8221;4.16&#8243; custom_padding=&#8221;|||&#8221; global_colors_info=&#8221;{}&#8221; custom_padding__hover=&#8221;|||&#8221;][et_pb_text admin_label=&#8221;Teksti&#8221; _builder_version=&#8221;4.18.0&#8243; background_size=&#8221;initial&#8221; background_position=&#8221;top_left&#8221; background_repeat=&#8221;repeat&#8221; hover_enabled=&#8221;0&#8243; use_border_color=&#8221;off&#8221; border_color=&#8221;#ffffff&#8221; border_style=&#8221;solid&#8221; global_colors_info=&#8221;{}&#8221; sticky_enabled=&#8221;0&#8243;]\n<h1>Pikku Finlandia<\/h1>\n[\/et_pb_text][\/et_pb_column][\/et_pb_row][et_pb_row admin_label=&#8221;Rivi&#8221; _builder_version=&#8221;4.16&#8243; background_size=&#8221;initial&#8221; background_position=&#8221;top_left&#8221; background_repeat=&#8221;repeat&#8221; global_colors_info=&#8221;{}&#8221;][et_pb_column type=&#8221;4_4&#8243; _builder_version=&#8221;4.16&#8243; custom_padding=&#8221;|||&#8221; global_colors_info=&#8221;{}&#8221; custom_padding__hover=&#8221;|||&#8221;][et_pb_image src=&#8221;https:\/\/en.hslgroup.fi\/wp-content\/uploads\/2022\/11\/Pikku-Finlandia-HSL-Group-puulasiseinat.jpg&#8221; alt=&#8221;Pikku Finlandia HSL Group puulasiseinat&#8221; title_text=&#8221;Pikku Finlandia HSL Group puulasiseinat&#8221; show_in_lightbox=&#8221;on&#8221; align_tablet=&#8221;center&#8221; align_phone=&#8221;&#8221; align_last_edited=&#8221;on|desktop&#8221; admin_label=&#8221;Kuva&#8221; _builder_version=&#8221;4.18.0&#8243; animation_style=&#8221;slide&#8221; animation_direction=&#8221;left&#8221; animation_duration=&#8221;500ms&#8221; animation_intensity_slide=&#8221;10%&#8221; hover_enabled=&#8221;0&#8243; use_border_color=&#8221;off&#8221; border_color=&#8221;#ffffff&#8221; border_style=&#8221;solid&#8221; animation=&#8221;left&#8221; sticky=&#8221;off&#8221; always_center_on_mobile=&#8221;on&#8221; global_colors_info=&#8221;{}&#8221; sticky_enabled=&#8221;0&#8243;] [\/et_pb_image][\/et_pb_column][\/et_pb_row][et_pb_row admin_label=&#8221;row&#8221; _builder_version=&#8221;4.16&#8243; background_size=&#8221;initial&#8221; background_position=&#8221;top_left&#8221; background_repeat=&#8221;repeat&#8221; global_colors_info=&#8221;{}&#8221;][et_pb_column type=&#8221;4_4&#8243; _builder_version=&#8221;4.16&#8243; custom_padding=&#8221;|||&#8221; global_colors_info=&#8221;{}&#8221; custom_padding__hover=&#8221;|||&#8221;][et_pb_text admin_label=&#8221;Teksti&#8221; _builder_version=&#8221;4.18.0&#8243; background_size=&#8221;initial&#8221; background_position=&#8221;top_left&#8221; background_repeat=&#8221;repeat&#8221; hover_enabled=&#8221;0&#8243; use_border_color=&#8221;off&#8221; border_color=&#8221;#ffffff&#8221; border_style=&#8221;solid&#8221; global_colors_info=&#8221;{}&#8221; sticky_enabled=&#8221;0&#8243;]\n<p>Finlandia-talon peruskorjauksen ajaksi Helsingin T\u00f6\u00f6l\u00f6nlahdelle on rakennettu puurakenteinen v\u00e4ist\u00f6tila Pikku-Finlandia. Rakennus on suomalaisen puuarkkitehtuurin taidonn\u00e4yte ja se toimii puurakentamisen suunnann\u00e4ytt\u00e4j\u00e4n\u00e4. Pikku-Finlandia on toteutettu Helsingin kaupungin, Finlandia-talon, Aalto-yliopiston sek\u00e4 FM-Hausin yhteisprojektina.<\/p>\n<h4>Puusta valmistetut uudelleen k\u00e4ytett\u00e4v\u00e4t rakenteet<\/h4>\n<p>Pikku-Finlandia edustaa kest\u00e4v\u00e4n kehityksen ja kiertotalouden mukaista rakentamista, sill\u00e4 se on rakennettu siirrett\u00e4vist\u00e4 ja uudelleen k\u00e4ytett\u00e4vist\u00e4 puumoduuleista. Moduulirakentamisella on ollut my\u00f6s merkitt\u00e4v\u00e4 vaikutus rakentamisnopeuteen. Pikku-Finlandia palvelee nykyisess\u00e4 k\u00e4yt\u00f6ss\u00e4 ainakin kolme vuotta jonka j\u00e4lkeen rakennus voidaan siirt\u00e4\u00e4 uuteen paikkaan ja muuntaa esimerkiksi p\u00e4iv\u00e4koti- tai koulurakennukseksi.<\/p>\n<p>Rakennuksen sis\u00e4sein\u00e4rakenteisiin sovellettiin samaa filosofiaa kuin itse rakennukseen; ensiluokkaisia puurakenteita jotka ovat tarpeen mukaan muunneltavia ja uudelleen k\u00e4ytett\u00e4vi\u00e4. Pikku Finlandian tilaratkaisuissa hy\u00f6dynnettiin ensiluokkaisista materiaaleista rakennettuja HSL Groupin puulasiseini\u00e4 suurilla lasiaukoilla ja m\u00e4ntypintaisilla karmeilla varustettuna. Seinien yhteyteen toimitettiin m\u00e4ntyviilutetut lasipariovet, ovien yl\u00e4puoliset elementit sek\u00e4 ovien s\u00e4hk\u00f6pielet.<\/p>\n<p>Lopputuloksena syntyi tyylikk\u00e4\u00e4sti ymp\u00e4r\u00f6iviin rakenteisiin yhteensopivat ja kauniisti puurakentamista korostavat sein\u00e4ratkaisut joilla Pikku-Finlandian sis\u00e4tilat jaettiin sopivan kokoisiin lohkoihin. Sein\u00e4rakenteen hyv\u00e4 \u00e4\u00e4nenerist\u00e4vyys (Rw42dB) takaa sen ett\u00e4 kussakin tilassa voidaan j\u00e4rjest\u00e4\u00e4 tilaisuuksia omassa rauhassa. Seinien ja ovien suuret lasipinnat tuovat tilaan modernia ilmett\u00e4, valoa ja avaruuden tunnetta. Rakennuksen k\u00e4ytt\u00f6tarkoituksen muuttuessa sis\u00e4sein\u00e4rakenteet ovat helposti muunneltavissa tai siirrett\u00e4viss\u00e4 tarpeen mukaan.<\/p>\n<p>HSL Groupin ammattiasentajat vastaavat kohteen puulasiseinien ja puulasiovien yll\u00e4pidosta sek\u00e4 muutost\u00f6ist\u00e4, asiakkaan niin halutessa, rakennuksen koko elinkaaren ajan.<\/p>\n<p>Kuvat: Mika Pollari, Kimmo R\u00e4is\u00e4nen<\/p>\n[\/et_pb_text][\/et_pb_column][\/et_pb_row][et_pb_row admin_label=&#8221;Rivi&#8221; _builder_version=&#8221;4.16&#8243; background_size=&#8221;initial&#8221; background_position=&#8221;top_left&#8221; background_repeat=&#8221;repeat&#8221; global_colors_info=&#8221;{}&#8221;][et_pb_column type=&#8221;4_4&#8243; _builder_version=&#8221;4.16&#8243; custom_padding=&#8221;|||&#8221; global_colors_info=&#8221;{}&#8221; custom_padding__hover=&#8221;|||&#8221;][et_pb_gallery gallery_ids=&#8221;2942,2939,2938,2943&#8243; show_title_and_caption=&#8221;off&#8221; show_pagination=&#8221;off&#8221; admin_label=&#8221;Galleria&#8221; _builder_version=&#8221;4.18.0&#8243; hover_enabled=&#8221;0&#8243; use_border_color=&#8221;off&#8221; border_color=&#8221;#ffffff&#8221; border_style=&#8221;solid&#8221; global_colors_info=&#8221;{}&#8221; sticky_enabled=&#8221;0&#8243;] [\/et_pb_gallery][\/et_pb_column][\/et_pb_row][\/et_pb_section]\n","protected":false},"excerpt":{"rendered":"<p>Pikku Finlandia Finlandia-talon peruskorjauksen ajaksi Helsingin T\u00f6\u00f6l\u00f6nlahdelle on rakennettu puurakenteinen v\u00e4ist\u00f6tila Pikku-Finlandia. Rakennus on suomalaisen puuarkkitehtuurin taidonn\u00e4yte ja se toimii puurakentamisen suunnann\u00e4ytt\u00e4j\u00e4n\u00e4. Pikku-Finlandia on toteutettu Helsingin kaupungin, Finlandia-talon, Aalto-yliopiston sek\u00e4 FM-Hausin yhteisprojektina. Puusta valmistetut uudelleen k\u00e4ytett\u00e4v\u00e4t rakenteet Pikku-Finlandia edustaa kest\u00e4v\u00e4n kehityksen ja kiertotalouden mukaista rakentamista, sill\u00e4 se on rakennettu siirrett\u00e4vist\u00e4 ja uudelleen k\u00e4ytett\u00e4vist\u00e4 puumoduuleista. Moduulirakentamisella [&hellip;]<\/p>\n","protected":false},"author":1,"featured_media":0,"parent":52,"menu_order":0,"comment_status":"closed","ping_status":"closed","template":"","meta":{"_et_pb_use_builder":"on","_et_pb_old_content":"","_et_gb_content_width":"","footnotes":""},"class_list":["post-2934","page","type-page","status-publish","hentry"],"yoast_head":"<!-- This site is optimized with the Yoast SEO plugin v27.4 - https:\/\/yoast.com\/product\/yoast-seo-wordpress\/ -->\n<title>Pikku Finlandia puulasisein\u00e4t - HSL Group Oy<\/title>\n<meta name=\"description\" content=\"HSL Group toimitti kohteeseen muuntojoustavat kotimaiset tehokkaasti \u00e4\u00e4nt\u00e4 erist\u00e4v\u00e4t puulasisein\u00e4t sek\u00e4 puulasiovet\" \/>\n<meta name=\"robots\" content=\"index, follow, max-snippet:-1, max-image-preview:large, max-video-preview:-1\" \/>\n<link rel=\"canonical\" href=\"https:\/\/en.hslgroup.fi\/en\/portfolio\/pikku-finlandia\/\" \/>\n<meta property=\"og:locale\" content=\"en_GB\" \/>\n<meta property=\"og:type\" content=\"article\" \/>\n<meta property=\"og:title\" content=\"Pikku Finlandia puulasisein\u00e4t - HSL Group Oy\" \/>\n<meta property=\"og:description\" content=\"HSL Group toimitti kohteeseen muuntojoustavat kotimaiset tehokkaasti \u00e4\u00e4nt\u00e4 erist\u00e4v\u00e4t puulasisein\u00e4t sek\u00e4 puulasiovet\" \/>\n<meta property=\"og:url\" content=\"https:\/\/en.hslgroup.fi\/en\/portfolio\/pikku-finlandia\/\" \/>\n<meta property=\"og:site_name\" content=\"HSL Group Oy\" \/>\n<meta property=\"article:publisher\" content=\"https:\/\/facebook.com\/hslgroupoy\" \/>\n<meta property=\"article:modified_time\" content=\"2022-11-09T12:40:41+00:00\" \/>\n<meta name=\"twitter:card\" content=\"summary_large_image\" \/>\n<meta name=\"twitter:label1\" content=\"Estimated reading time\" \/>\n\t<meta name=\"twitter:data1\" content=\"3 minutes\" \/>\n<script type=\"application\/ld+json\" class=\"yoast-schema-graph\">{\"@context\":\"https:\\\/\\\/schema.org\",\"@graph\":[{\"@type\":\"WebPage\",\"@id\":\"https:\\\/\\\/en.hslgroup.fi\\\/portfolio\\\/pikku-finlandia\\\/\",\"url\":\"https:\\\/\\\/en.hslgroup.fi\\\/portfolio\\\/pikku-finlandia\\\/\",\"name\":\"Pikku Finlandia puulasisein\u00e4t - HSL Group Oy\",\"isPartOf\":{\"@id\":\"https:\\\/\\\/en.hslgroup.fi\\\/en\\\/#website\"},\"datePublished\":\"2022-11-09T12:03:06+00:00\",\"dateModified\":\"2022-11-09T12:40:41+00:00\",\"description\":\"HSL Group toimitti kohteeseen muuntojoustavat kotimaiset tehokkaasti \u00e4\u00e4nt\u00e4 erist\u00e4v\u00e4t puulasisein\u00e4t sek\u00e4 puulasiovet\",\"breadcrumb\":{\"@id\":\"https:\\\/\\\/en.hslgroup.fi\\\/portfolio\\\/pikku-finlandia\\\/#breadcrumb\"},\"inLanguage\":\"en-GB\",\"potentialAction\":[{\"@type\":\"ReadAction\",\"target\":[\"https:\\\/\\\/en.hslgroup.fi\\\/portfolio\\\/pikku-finlandia\\\/\"]}]},{\"@type\":\"BreadcrumbList\",\"@id\":\"https:\\\/\\\/en.hslgroup.fi\\\/portfolio\\\/pikku-finlandia\\\/#breadcrumb\",\"itemListElement\":[{\"@type\":\"ListItem\",\"position\":1,\"name\":\"Etusivu\",\"item\":\"https:\\\/\\\/en.hslgroup.fi\\\/fi\\\/\"},{\"@type\":\"ListItem\",\"position\":2,\"name\":\"Referenssit\",\"item\":\"https:\\\/\\\/en.hslgroup.fi\\\/portfolio\\\/\"},{\"@type\":\"ListItem\",\"position\":3,\"name\":\"Pikku Finlandia\"}]},{\"@type\":\"WebSite\",\"@id\":\"https:\\\/\\\/en.hslgroup.fi\\\/en\\\/#website\",\"url\":\"https:\\\/\\\/en.hslgroup.fi\\\/en\\\/\",\"name\":\"HSL Group Oy\",\"description\":\"J\u00e4rjestelm\u00e4v\u00e4lisein\u00e4t, siirtosein\u00e4t ja minitilaratkaisut\",\"publisher\":{\"@id\":\"https:\\\/\\\/en.hslgroup.fi\\\/en\\\/#organization\"},\"potentialAction\":[{\"@type\":\"SearchAction\",\"target\":{\"@type\":\"EntryPoint\",\"urlTemplate\":\"https:\\\/\\\/en.hslgroup.fi\\\/en\\\/?s={search_term_string}\"},\"query-input\":{\"@type\":\"PropertyValueSpecification\",\"valueRequired\":true,\"valueName\":\"search_term_string\"}}],\"inLanguage\":\"en-GB\"},{\"@type\":\"Organization\",\"@id\":\"https:\\\/\\\/en.hslgroup.fi\\\/en\\\/#organization\",\"name\":\"HSL Group Oy\",\"url\":\"https:\\\/\\\/en.hslgroup.fi\\\/en\\\/\",\"logo\":{\"@type\":\"ImageObject\",\"inLanguage\":\"en-GB\",\"@id\":\"https:\\\/\\\/en.hslgroup.fi\\\/en\\\/#\\\/schema\\\/logo\\\/image\\\/\",\"url\":\"https:\\\/\\\/en.hslgroup.fi\\\/wp-content\\\/uploads\\\/2016\\\/07\\\/hsl_logo.jpg\",\"contentUrl\":\"https:\\\/\\\/en.hslgroup.fi\\\/wp-content\\\/uploads\\\/2016\\\/07\\\/hsl_logo.jpg\",\"width\":125,\"height\":60,\"caption\":\"HSL Group Oy\"},\"image\":{\"@id\":\"https:\\\/\\\/en.hslgroup.fi\\\/en\\\/#\\\/schema\\\/logo\\\/image\\\/\"},\"sameAs\":[\"https:\\\/\\\/facebook.com\\\/hslgroupoy\",\"https:\\\/\\\/linkedin.com\\\/company\\\/hsl-group\"]}]}<\/script>\n<!-- \/ Yoast SEO plugin. -->","yoast_head_json":{"title":"Pikku Finlandia wood framed glass walls - HSL Group LLC","description":"HSL Group delivered to the site flexible, domestically built sound-insulating wood framed glass walls, as well as wooden glass doors","robots":{"index":"index","follow":"follow","max-snippet":"max-snippet:-1","max-image-preview":"max-image-preview:large","max-video-preview":"max-video-preview:-1"},"canonical":"https:\/\/en.hslgroup.fi\/en\/portfolio\/pikku-finlandia\/","og_locale":"en_GB","og_type":"article","og_title":"Pikku Finlandia puulasisein\u00e4t - HSL Group Oy","og_description":"HSL Group toimitti kohteeseen muuntojoustavat kotimaiset tehokkaasti \u00e4\u00e4nt\u00e4 erist\u00e4v\u00e4t puulasisein\u00e4t sek\u00e4 puulasiovet","og_url":"https:\/\/en.hslgroup.fi\/en\/portfolio\/pikku-finlandia\/","og_site_name":"HSL Group Oy","article_publisher":"https:\/\/facebook.com\/hslgroupoy","article_modified_time":"2022-11-09T12:40:41+00:00","twitter_card":"summary_large_image","twitter_misc":{"Estimated reading time":"3 minutes"},"schema":{"@context":"https:\/\/schema.org","@graph":[{"@type":"WebPage","@id":"https:\/\/en.hslgroup.fi\/portfolio\/pikku-finlandia\/","url":"https:\/\/en.hslgroup.fi\/portfolio\/pikku-finlandia\/","name":"Pikku Finlandia wood framed glass walls - HSL Group LLC","isPartOf":{"@id":"https:\/\/en.hslgroup.fi\/en\/#website"},"datePublished":"2022-11-09T12:03:06+00:00","dateModified":"2022-11-09T12:40:41+00:00","description":"HSL Group delivered to the site flexible, domestically built sound-insulating wood framed glass walls, as well as wooden glass doors","breadcrumb":{"@id":"https:\/\/en.hslgroup.fi\/portfolio\/pikku-finlandia\/#breadcrumb"},"inLanguage":"en-GB","potentialAction":[{"@type":"ReadAction","target":["https:\/\/en.hslgroup.fi\/portfolio\/pikku-finlandia\/"]}]},{"@type":"BreadcrumbList","@id":"https:\/\/en.hslgroup.fi\/portfolio\/pikku-finlandia\/#breadcrumb","itemListElement":[{"@type":"ListItem","position":1,"name":"Etusivu","item":"https:\/\/en.hslgroup.fi\/fi\/"},{"@type":"ListItem","position":2,"name":"Referenssit","item":"https:\/\/en.hslgroup.fi\/portfolio\/"},{"@type":"ListItem","position":3,"name":"Pikku Finlandia"}]},{"@type":"WebSite","@id":"https:\/\/en.hslgroup.fi\/en\/#website","url":"https:\/\/en.hslgroup.fi\/en\/","name":"HSL Group LLC","description":"J\u00e4rjestelm\u00e4v\u00e4lisein\u00e4t, siirtosein\u00e4t ja minitilaratkaisut","publisher":{"@id":"https:\/\/en.hslgroup.fi\/en\/#organization"},"potentialAction":[{"@type":"SearchAction","target":{"@type":"EntryPoint","urlTemplate":"https:\/\/en.hslgroup.fi\/en\/?s={search_term_string}"},"query-input":{"@type":"PropertyValueSpecification","valueRequired":true,"valueName":"search_term_string"}}],"inLanguage":"en-GB"},{"@type":"Organization","@id":"https:\/\/en.hslgroup.fi\/en\/#organization","name":"HSL Group LLC","url":"https:\/\/en.hslgroup.fi\/en\/","logo":{"@type":"ImageObject","inLanguage":"en-GB","@id":"https:\/\/en.hslgroup.fi\/en\/#\/schema\/logo\/image\/","url":"https:\/\/en.hslgroup.fi\/wp-content\/uploads\/2016\/07\/hsl_logo.jpg","contentUrl":"https:\/\/en.hslgroup.fi\/wp-content\/uploads\/2016\/07\/hsl_logo.jpg","width":125,"height":60,"caption":"HSL Group Oy"},"image":{"@id":"https:\/\/en.hslgroup.fi\/en\/#\/schema\/logo\/image\/"},"sameAs":["https:\/\/facebook.com\/hslgroupoy","https:\/\/linkedin.com\/company\/hsl-group"]}]}},"_links":{"self":[{"href":"https:\/\/en.hslgroup.fi\/en\/wp-json\/wp\/v2\/pages\/2934","targetHints":{"allow":["GET"]}}],"collection":[{"href":"https:\/\/en.hslgroup.fi\/en\/wp-json\/wp\/v2\/pages"}],"about":[{"href":"https:\/\/en.hslgroup.fi\/en\/wp-json\/wp\/v2\/types\/page"}],"author":[{"embeddable":true,"href":"https:\/\/en.hslgroup.fi\/en\/wp-json\/wp\/v2\/users\/1"}],"replies":[{"embeddable":true,"href":"https:\/\/en.hslgroup.fi\/en\/wp-json\/wp\/v2\/comments?post=2934"}],"version-history":[{"count":3,"href":"https:\/\/en.hslgroup.fi\/en\/wp-json\/wp\/v2\/pages\/2934\/revisions"}],"predecessor-version":[{"id":2944,"href":"https:\/\/en.hslgroup.fi\/en\/wp-json\/wp\/v2\/pages\/2934\/revisions\/2944"}],"up":[{"embeddable":true,"href":"https:\/\/en.hslgroup.fi\/en\/wp-json\/wp\/v2\/pages\/52"}],"wp:attachment":[{"href":"https:\/\/en.hslgroup.fi\/en\/wp-json\/wp\/v2\/media?parent=2934"}],"curies":[{"name":"wp","href":"https:\/\/api.w.org\/{rel}","templated":true}]}}