{"id":2747,"date":"2022-08-23T14:20:10","date_gmt":"2022-08-23T11:20:10","guid":{"rendered":"https:\/\/en.hslgroup.fi\/?page_id=2747"},"modified":"2022-08-26T09:22:22","modified_gmt":"2022-08-26T06:22:22","slug":"rpt-byggfakta","status":"publish","type":"page","link":"https:\/\/en.hslgroup.fi\/en\/portfolio\/rpt-byggfakta\/","title":{"rendered":"RPT byggfakta"},"content":{"rendered":"[et_pb_section fb_built=&#8221;1&#8243; admin_label=&#8221;section&#8221; _builder_version=&#8221;4.16&#8243; global_colors_info=&#8221;{}&#8221;][et_pb_row admin_label=&#8221;Rivi&#8221; _builder_version=&#8221;4.16&#8243; background_size=&#8221;initial&#8221; background_position=&#8221;top_left&#8221; background_repeat=&#8221;repeat&#8221; global_colors_info=&#8221;{}&#8221;][et_pb_column type=&#8221;4_4&#8243; _builder_version=&#8221;4.16&#8243; custom_padding=&#8221;|||&#8221; global_colors_info=&#8221;{}&#8221; custom_padding__hover=&#8221;|||&#8221;][et_pb_text admin_label=&#8221;Teksti&#8221; _builder_version=&#8221;4.17.4&#8243; background_size=&#8221;initial&#8221; background_position=&#8221;top_left&#8221; background_repeat=&#8221;repeat&#8221; use_border_color=&#8221;off&#8221; border_color=&#8221;#ffffff&#8221; border_style=&#8221;solid&#8221; global_colors_info=&#8221;{}&#8221;]\n<h1>RPT byggfakta toimitilauudistus<\/h1>\n[\/et_pb_text][\/et_pb_column][\/et_pb_row][et_pb_row admin_label=&#8221;Rivi&#8221; _builder_version=&#8221;4.16&#8243; background_size=&#8221;initial&#8221; background_position=&#8221;top_left&#8221; background_repeat=&#8221;repeat&#8221; global_colors_info=&#8221;{}&#8221;][et_pb_column type=&#8221;4_4&#8243; _builder_version=&#8221;4.16&#8243; custom_padding=&#8221;|||&#8221; global_colors_info=&#8221;{}&#8221; custom_padding__hover=&#8221;|||&#8221;][et_pb_image src=&#8221;https:\/\/en.hslgroup.fi\/wp-content\/uploads\/2022\/08\/HSL-Group-siirtoseinat-rpt.jpg&#8221; alt=&#8221;HSL Group siirtoseinat rpt&#8221; title_text=&#8221;HSL Group siirtoseinat rpt&#8221; show_in_lightbox=&#8221;on&#8221; align_tablet=&#8221;center&#8221; align_phone=&#8221;&#8221; align_last_edited=&#8221;on|desktop&#8221; admin_label=&#8221;Kuva&#8221; _builder_version=&#8221;4.17.4&#8243; animation_style=&#8221;slide&#8221; animation_direction=&#8221;left&#8221; animation_duration=&#8221;500ms&#8221; animation_intensity_slide=&#8221;10%&#8221; use_border_color=&#8221;off&#8221; border_color=&#8221;#ffffff&#8221; border_style=&#8221;solid&#8221; animation=&#8221;left&#8221; sticky=&#8221;off&#8221; always_center_on_mobile=&#8221;on&#8221; global_colors_info=&#8221;{}&#8221;] [\/et_pb_image][\/et_pb_column][\/et_pb_row][et_pb_row admin_label=&#8221;row&#8221; _builder_version=&#8221;4.16&#8243; background_size=&#8221;initial&#8221; background_position=&#8221;top_left&#8221; background_repeat=&#8221;repeat&#8221; global_colors_info=&#8221;{}&#8221;][et_pb_column type=&#8221;4_4&#8243; _builder_version=&#8221;4.16&#8243; custom_padding=&#8221;|||&#8221; global_colors_info=&#8221;{}&#8221; custom_padding__hover=&#8221;|||&#8221;][et_pb_text admin_label=&#8221;Teksti&#8221; _builder_version=&#8221;4.17.4&#8243; background_size=&#8221;initial&#8221; background_position=&#8221;top_left&#8221; background_repeat=&#8221;repeat&#8221; hover_enabled=&#8221;0&#8243; use_border_color=&#8221;off&#8221; border_color=&#8221;#ffffff&#8221; border_style=&#8221;solid&#8221; global_colors_info=&#8221;{}&#8221; sticky_enabled=&#8221;0&#8243;]\n<p>Espoossa toimivan RPT Byggfakta Oy:n toimitiloja uudistettiin vastaamaan paremmin nykyisen k\u00e4yt\u00f6n tarpeita. Toimitilojen uudistuksen yhteydess\u00e4 aiemmin avoimia tiloja jaettiin pienempiin osiin nykyaikaisilla muunneltavilla sis\u00e4sein\u00e4ratkaisuilla. Uusien tilanjakoratkaisujen toteutuksesta vastasi HSL Group.<\/p>\n<p>Osa tilaratkaisuista toteutettiin laadukkailla HUFCOR type 100\u00a0<a href=\"\/tuotteet\/siirtoseinat\/\">siirtoseinill\u00e4<\/a>. Siirtoseinien ansiosta yksi suurempi tila voidaan muutamassa minuutissa jakaa kahteen erilliseen \u00e4\u00e4nt\u00e4 erist\u00e4v\u00e4\u00e4n osaan ja taata ty\u00f6rauha sek\u00e4 keskustelujen yksityisyys sein\u00e4n molemmin puolin. Kohteeseen asennetut siirtosein\u00e4t liikkuvat otsarakenteeseen integroiduilla kiskoilla ja kuulalaakeriteloilla, joiden avulla sein\u00e4elementit siirtyv\u00e4t tilanjakajiksi kevyesti ja nopeasti.<\/p>\n<p>Siirtosein\u00e4elementit on varustettu suurilla laseilla, joten tilat tuntuvat avarilta ja valoisilta my\u00f6s niiden ollessa jaettuina. Sein\u00e4elementtien lasien ymp\u00e4rille valittiin vaaleaksi s\u00e4vytetyt pintamateriaalit joka korostaa tilojen valoisuutta. Lattiaan ja otsarakenteeseen tiivistyv\u00e4t siirtosein\u00e4t erist\u00e4v\u00e4t my\u00f6s eritt\u00e4in tehokkaasti \u00e4\u00e4nt\u00e4. T\u00e4ss\u00e4 kohteessa siirtosein\u00e4n \u00e4\u00e4nenerist\u00e4vyys on Rw53dB.<\/p>\n<p>My\u00f6s muihin jaettaviin tiloihin toivottiin l\u00e4pin\u00e4kyvyytt\u00e4 ja hyv\u00e4\u00e4 \u00e4\u00e4nenhallintaa. N\u00e4m\u00e4 tilat toteutettiin hy\u00f6dynt\u00e4m\u00e4ll\u00e4 puitteiltaan valkoiseksi s\u00e4vytettyja <a href=\"\/tuotteet\/alumiinilasiseinat\/\">alumiinilasiseini\u00e4<\/a> ja niihin yhdistettyj\u00e4 leveit\u00e4 alumiinipuitteisia <a href=\"\/tuotteet\/alumiinilasiovet\/\">liukulasiovia<\/a>. Lasisein\u00e4elementit rakennettiin pystykarmittomina HSL GLASS \/ ALU mallistostamme, jolla saatiin maksimoitua yhten\u00e4inen lasipinta ja huomattavasti keveytt\u00e4 sein\u00e4n ulkoasuun. Liukulasien suuret kulkuaukot lis\u00e4\u00e4v\u00e4t yhten\u00e4isen tilan tuntua ja tarvittaessa kevyesti liukuva lasiovi muuttaa tilan yksityiseksi hetkess\u00e4. Alumiinilasiseinien ja liukulasiovien \u00e4\u00e4nenerist\u00e4vyys on koko rakenteen osalta Rw37dB eli keskustelujen yksityisyys ja ty\u00f6rauha on taattu.<\/p>\n<p>HSL Groupin ammattiasentajat vastaavat kohteen lasiseinien, liukulasien ja siirtoseinien yll\u00e4pidosta sek\u00e4 muutost\u00f6ist\u00e4, asiakkaan niin halutessa, kohteen koko elinkaaren ajan.<\/p>\n[\/et_pb_text][\/et_pb_column][\/et_pb_row][et_pb_row admin_label=&#8221;Rivi&#8221; _builder_version=&#8221;4.16&#8243; background_size=&#8221;initial&#8221; background_position=&#8221;top_left&#8221; background_repeat=&#8221;repeat&#8221; global_colors_info=&#8221;{}&#8221;][et_pb_column type=&#8221;4_4&#8243; _builder_version=&#8221;4.16&#8243; custom_padding=&#8221;|||&#8221; global_colors_info=&#8221;{}&#8221; custom_padding__hover=&#8221;|||&#8221;][et_pb_gallery gallery_ids=&#8221;2757,2756,2755,2754,2753,2752,2751,2758,2759,2760,2761,2762,2763,2764,2766,2765,2767,2768,2769,2770,2771&#8243; posts_number=&#8221;21&#8243; show_title_and_caption=&#8221;off&#8221; show_pagination=&#8221;off&#8221; admin_label=&#8221;Galleria&#8221; _builder_version=&#8221;4.17.4&#8243; use_border_color=&#8221;off&#8221; border_color=&#8221;#ffffff&#8221; border_style=&#8221;solid&#8221; global_colors_info=&#8221;{}&#8221;] [\/et_pb_gallery][\/et_pb_column][\/et_pb_row][\/et_pb_section]\n","protected":false},"excerpt":{"rendered":"<p>RPT byggfakta toimitilauudistus Espoossa toimivan RPT Byggfakta Oy:n toimitiloja uudistettiin vastaamaan paremmin nykyisen k\u00e4yt\u00f6n tarpeita. Toimitilojen uudistuksen yhteydess\u00e4 aiemmin avoimia tiloja jaettiin pienempiin osiin nykyaikaisilla muunneltavilla sis\u00e4sein\u00e4ratkaisuilla. Uusien tilanjakoratkaisujen toteutuksesta vastasi HSL Group. Osa tilaratkaisuista toteutettiin laadukkailla HUFCOR type 100\u00a0siirtoseinill\u00e4. Siirtoseinien ansiosta yksi suurempi tila voidaan muutamassa minuutissa jakaa kahteen erilliseen \u00e4\u00e4nt\u00e4 erist\u00e4v\u00e4\u00e4n osaan ja [&hellip;]<\/p>\n","protected":false},"author":1,"featured_media":0,"parent":52,"menu_order":0,"comment_status":"closed","ping_status":"closed","template":"","meta":{"_et_pb_use_builder":"on","_et_pb_old_content":"","_et_gb_content_width":"","footnotes":""},"class_list":["post-2747","page","type-page","status-publish","hentry"],"yoast_head":"<!-- This site is optimized with the Yoast SEO plugin v27.4 - https:\/\/yoast.com\/product\/yoast-seo-wordpress\/ -->\n<title>RPT byggfakta siirtosein\u00e4t ja alumiinilasisein\u00e4t - HSL Group Oy<\/title>\n<meta name=\"description\" content=\"HSL Group toimitti kohteeseen HUFCOR siirtosein\u00e4t ja muuntojoustavat kotimaiset alumiinilasisein\u00e4t sek\u00e4 liukulasiovet\" \/>\n<meta name=\"robots\" content=\"index, follow, max-snippet:-1, max-image-preview:large, max-video-preview:-1\" \/>\n<link rel=\"canonical\" href=\"https:\/\/en.hslgroup.fi\/en\/portfolio\/rpt-byggfakta\/\" \/>\n<meta property=\"og:locale\" content=\"en_GB\" \/>\n<meta property=\"og:type\" content=\"article\" \/>\n<meta property=\"og:title\" content=\"RPT byggfakta siirtosein\u00e4t ja alumiinilasisein\u00e4t - HSL Group Oy\" \/>\n<meta property=\"og:description\" content=\"HSL Group toimitti kohteeseen HUFCOR siirtosein\u00e4t ja muuntojoustavat kotimaiset alumiinilasisein\u00e4t sek\u00e4 liukulasiovet\" \/>\n<meta property=\"og:url\" content=\"https:\/\/en.hslgroup.fi\/en\/portfolio\/rpt-byggfakta\/\" \/>\n<meta property=\"og:site_name\" content=\"HSL Group Oy\" \/>\n<meta property=\"article:publisher\" content=\"https:\/\/facebook.com\/hslgroupoy\" \/>\n<meta property=\"article:modified_time\" content=\"2022-08-26T06:22:22+00:00\" \/>\n<meta name=\"twitter:card\" content=\"summary_large_image\" \/>\n<meta name=\"twitter:label1\" content=\"Estimated reading time\" \/>\n\t<meta name=\"twitter:data1\" content=\"3 minutes\" \/>\n<script type=\"application\/ld+json\" class=\"yoast-schema-graph\">{\"@context\":\"https:\\\/\\\/schema.org\",\"@graph\":[{\"@type\":\"WebPage\",\"@id\":\"https:\\\/\\\/en.hslgroup.fi\\\/portfolio\\\/rpt-byggfakta\\\/\",\"url\":\"https:\\\/\\\/en.hslgroup.fi\\\/portfolio\\\/rpt-byggfakta\\\/\",\"name\":\"RPT byggfakta siirtosein\u00e4t ja alumiinilasisein\u00e4t - HSL Group Oy\",\"isPartOf\":{\"@id\":\"https:\\\/\\\/en.hslgroup.fi\\\/en\\\/#website\"},\"datePublished\":\"2022-08-23T11:20:10+00:00\",\"dateModified\":\"2022-08-26T06:22:22+00:00\",\"description\":\"HSL Group toimitti kohteeseen HUFCOR siirtosein\u00e4t ja muuntojoustavat kotimaiset alumiinilasisein\u00e4t sek\u00e4 liukulasiovet\",\"breadcrumb\":{\"@id\":\"https:\\\/\\\/en.hslgroup.fi\\\/portfolio\\\/rpt-byggfakta\\\/#breadcrumb\"},\"inLanguage\":\"en-GB\",\"potentialAction\":[{\"@type\":\"ReadAction\",\"target\":[\"https:\\\/\\\/en.hslgroup.fi\\\/portfolio\\\/rpt-byggfakta\\\/\"]}]},{\"@type\":\"BreadcrumbList\",\"@id\":\"https:\\\/\\\/en.hslgroup.fi\\\/portfolio\\\/rpt-byggfakta\\\/#breadcrumb\",\"itemListElement\":[{\"@type\":\"ListItem\",\"position\":1,\"name\":\"Etusivu\",\"item\":\"https:\\\/\\\/en.hslgroup.fi\\\/fi\\\/\"},{\"@type\":\"ListItem\",\"position\":2,\"name\":\"Referenssit\",\"item\":\"https:\\\/\\\/en.hslgroup.fi\\\/portfolio\\\/\"},{\"@type\":\"ListItem\",\"position\":3,\"name\":\"RPT byggfakta\"}]},{\"@type\":\"WebSite\",\"@id\":\"https:\\\/\\\/en.hslgroup.fi\\\/en\\\/#website\",\"url\":\"https:\\\/\\\/en.hslgroup.fi\\\/en\\\/\",\"name\":\"HSL Group Oy\",\"description\":\"J\u00e4rjestelm\u00e4v\u00e4lisein\u00e4t, siirtosein\u00e4t ja minitilaratkaisut\",\"publisher\":{\"@id\":\"https:\\\/\\\/en.hslgroup.fi\\\/en\\\/#organization\"},\"potentialAction\":[{\"@type\":\"SearchAction\",\"target\":{\"@type\":\"EntryPoint\",\"urlTemplate\":\"https:\\\/\\\/en.hslgroup.fi\\\/en\\\/?s={search_term_string}\"},\"query-input\":{\"@type\":\"PropertyValueSpecification\",\"valueRequired\":true,\"valueName\":\"search_term_string\"}}],\"inLanguage\":\"en-GB\"},{\"@type\":\"Organization\",\"@id\":\"https:\\\/\\\/en.hslgroup.fi\\\/en\\\/#organization\",\"name\":\"HSL Group Oy\",\"url\":\"https:\\\/\\\/en.hslgroup.fi\\\/en\\\/\",\"logo\":{\"@type\":\"ImageObject\",\"inLanguage\":\"en-GB\",\"@id\":\"https:\\\/\\\/en.hslgroup.fi\\\/en\\\/#\\\/schema\\\/logo\\\/image\\\/\",\"url\":\"https:\\\/\\\/en.hslgroup.fi\\\/wp-content\\\/uploads\\\/2016\\\/07\\\/hsl_logo.jpg\",\"contentUrl\":\"https:\\\/\\\/en.hslgroup.fi\\\/wp-content\\\/uploads\\\/2016\\\/07\\\/hsl_logo.jpg\",\"width\":125,\"height\":60,\"caption\":\"HSL Group Oy\"},\"image\":{\"@id\":\"https:\\\/\\\/en.hslgroup.fi\\\/en\\\/#\\\/schema\\\/logo\\\/image\\\/\"},\"sameAs\":[\"https:\\\/\\\/facebook.com\\\/hslgroupoy\",\"https:\\\/\\\/linkedin.com\\\/company\\\/hsl-group\"]}]}<\/script>\n<!-- \/ Yoast SEO plugin. -->","yoast_head_json":{"title":"RPT byggfaktaoperable walls and aluminum glass walls - HSL Group LLC","description":"HSL Group delivered operable HUFCOR walls and flexible domestic aluminum framed glass walls with sliding doors to the premises","robots":{"index":"index","follow":"follow","max-snippet":"max-snippet:-1","max-image-preview":"max-image-preview:large","max-video-preview":"max-video-preview:-1"},"canonical":"https:\/\/en.hslgroup.fi\/en\/portfolio\/rpt-byggfakta\/","og_locale":"en_GB","og_type":"article","og_title":"RPT byggfakta siirtosein\u00e4t ja alumiinilasisein\u00e4t - HSL Group Oy","og_description":"HSL Group toimitti kohteeseen HUFCOR siirtosein\u00e4t ja muuntojoustavat kotimaiset alumiinilasisein\u00e4t sek\u00e4 liukulasiovet","og_url":"https:\/\/en.hslgroup.fi\/en\/portfolio\/rpt-byggfakta\/","og_site_name":"HSL Group Oy","article_publisher":"https:\/\/facebook.com\/hslgroupoy","article_modified_time":"2022-08-26T06:22:22+00:00","twitter_card":"summary_large_image","twitter_misc":{"Estimated reading time":"3 minutes"},"schema":{"@context":"https:\/\/schema.org","@graph":[{"@type":"WebPage","@id":"https:\/\/en.hslgroup.fi\/portfolio\/rpt-byggfakta\/","url":"https:\/\/en.hslgroup.fi\/portfolio\/rpt-byggfakta\/","name":"RPT byggfaktaoperable walls and aluminum glass walls - HSL Group LLC","isPartOf":{"@id":"https:\/\/en.hslgroup.fi\/en\/#website"},"datePublished":"2022-08-23T11:20:10+00:00","dateModified":"2022-08-26T06:22:22+00:00","description":"HSL Group delivered operable HUFCOR walls and flexible domestic aluminum framed glass walls with sliding doors to the premises","breadcrumb":{"@id":"https:\/\/en.hslgroup.fi\/portfolio\/rpt-byggfakta\/#breadcrumb"},"inLanguage":"en-GB","potentialAction":[{"@type":"ReadAction","target":["https:\/\/en.hslgroup.fi\/portfolio\/rpt-byggfakta\/"]}]},{"@type":"BreadcrumbList","@id":"https:\/\/en.hslgroup.fi\/portfolio\/rpt-byggfakta\/#breadcrumb","itemListElement":[{"@type":"ListItem","position":1,"name":"Etusivu","item":"https:\/\/en.hslgroup.fi\/fi\/"},{"@type":"ListItem","position":2,"name":"Referenssit","item":"https:\/\/en.hslgroup.fi\/portfolio\/"},{"@type":"ListItem","position":3,"name":"RPT byggfakta"}]},{"@type":"WebSite","@id":"https:\/\/en.hslgroup.fi\/en\/#website","url":"https:\/\/en.hslgroup.fi\/en\/","name":"HSL Group LLC","description":"J\u00e4rjestelm\u00e4v\u00e4lisein\u00e4t, siirtosein\u00e4t ja minitilaratkaisut","publisher":{"@id":"https:\/\/en.hslgroup.fi\/en\/#organization"},"potentialAction":[{"@type":"SearchAction","target":{"@type":"EntryPoint","urlTemplate":"https:\/\/en.hslgroup.fi\/en\/?s={search_term_string}"},"query-input":{"@type":"PropertyValueSpecification","valueRequired":true,"valueName":"search_term_string"}}],"inLanguage":"en-GB"},{"@type":"Organization","@id":"https:\/\/en.hslgroup.fi\/en\/#organization","name":"HSL Group LLC","url":"https:\/\/en.hslgroup.fi\/en\/","logo":{"@type":"ImageObject","inLanguage":"en-GB","@id":"https:\/\/en.hslgroup.fi\/en\/#\/schema\/logo\/image\/","url":"https:\/\/en.hslgroup.fi\/wp-content\/uploads\/2016\/07\/hsl_logo.jpg","contentUrl":"https:\/\/en.hslgroup.fi\/wp-content\/uploads\/2016\/07\/hsl_logo.jpg","width":125,"height":60,"caption":"HSL Group Oy"},"image":{"@id":"https:\/\/en.hslgroup.fi\/en\/#\/schema\/logo\/image\/"},"sameAs":["https:\/\/facebook.com\/hslgroupoy","https:\/\/linkedin.com\/company\/hsl-group"]}]}},"_links":{"self":[{"href":"https:\/\/en.hslgroup.fi\/en\/wp-json\/wp\/v2\/pages\/2747","targetHints":{"allow":["GET"]}}],"collection":[{"href":"https:\/\/en.hslgroup.fi\/en\/wp-json\/wp\/v2\/pages"}],"about":[{"href":"https:\/\/en.hslgroup.fi\/en\/wp-json\/wp\/v2\/types\/page"}],"author":[{"embeddable":true,"href":"https:\/\/en.hslgroup.fi\/en\/wp-json\/wp\/v2\/users\/1"}],"replies":[{"embeddable":true,"href":"https:\/\/en.hslgroup.fi\/en\/wp-json\/wp\/v2\/comments?post=2747"}],"version-history":[{"count":5,"href":"https:\/\/en.hslgroup.fi\/en\/wp-json\/wp\/v2\/pages\/2747\/revisions"}],"predecessor-version":[{"id":2843,"href":"https:\/\/en.hslgroup.fi\/en\/wp-json\/wp\/v2\/pages\/2747\/revisions\/2843"}],"up":[{"embeddable":true,"href":"https:\/\/en.hslgroup.fi\/en\/wp-json\/wp\/v2\/pages\/52"}],"wp:attachment":[{"href":"https:\/\/en.hslgroup.fi\/en\/wp-json\/wp\/v2\/media?parent=2747"}],"curies":[{"name":"wp","href":"https:\/\/api.w.org\/{rel}","templated":true}]}}