{"id":2718,"date":"2022-08-01T12:16:41","date_gmt":"2022-08-01T09:16:41","guid":{"rendered":"https:\/\/en.hslgroup.fi\/?page_id=2718"},"modified":"2022-08-01T15:11:52","modified_gmt":"2022-08-01T12:11:52","slug":"jarvileasing-porvoo","status":"publish","type":"page","link":"https:\/\/en.hslgroup.fi\/en\/portfolio\/jarvileasing-porvoo\/","title":{"rendered":"J\u00e4rvileasing Porvoo"},"content":{"rendered":"[et_pb_section fb_built=&#8221;1&#8243; admin_label=&#8221;section&#8221; _builder_version=&#8221;4.16&#8243; global_colors_info=&#8221;{}&#8221;][et_pb_row admin_label=&#8221;Rivi&#8221; _builder_version=&#8221;4.16&#8243; background_size=&#8221;initial&#8221; background_position=&#8221;top_left&#8221; background_repeat=&#8221;repeat&#8221; global_colors_info=&#8221;{}&#8221;][et_pb_column type=&#8221;4_4&#8243; _builder_version=&#8221;4.16&#8243; custom_padding=&#8221;|||&#8221; global_colors_info=&#8221;{}&#8221; custom_padding__hover=&#8221;|||&#8221;][et_pb_text admin_label=&#8221;Teksti&#8221; _builder_version=&#8221;4.17.4&#8243; background_size=&#8221;initial&#8221; background_position=&#8221;top_left&#8221; background_repeat=&#8221;repeat&#8221; use_border_color=&#8221;off&#8221; border_color=&#8221;#ffffff&#8221; border_style=&#8221;solid&#8221; global_colors_info=&#8221;{}&#8221;]\n<h1>J\u00e4rvileasing Porvoo toimitilat<\/h1>\n[\/et_pb_text][\/et_pb_column][\/et_pb_row][et_pb_row admin_label=&#8221;Rivi&#8221; _builder_version=&#8221;4.16&#8243; background_size=&#8221;initial&#8221; background_position=&#8221;top_left&#8221; background_repeat=&#8221;repeat&#8221; global_colors_info=&#8221;{}&#8221;][et_pb_column type=&#8221;4_4&#8243; _builder_version=&#8221;4.16&#8243; custom_padding=&#8221;|||&#8221; global_colors_info=&#8221;{}&#8221; custom_padding__hover=&#8221;|||&#8221;][et_pb_image src=&#8221;https:\/\/en.hslgroup.fi\/wp-content\/uploads\/2022\/08\/Jarvileasing-porvoo-lasiseinat.jpg&#8221; alt=&#8221;Jarvileasing porvoo lasiseinat&#8221; title_text=&#8221;Jarvileasing porvoo lasiseinat&#8221; show_in_lightbox=&#8221;on&#8221; align_tablet=&#8221;center&#8221; align_phone=&#8221;&#8221; align_last_edited=&#8221;on|desktop&#8221; admin_label=&#8221;Kuva&#8221; _builder_version=&#8221;4.17.4&#8243; animation_style=&#8221;slide&#8221; animation_direction=&#8221;left&#8221; animation_duration=&#8221;500ms&#8221; animation_intensity_slide=&#8221;10%&#8221; hover_enabled=&#8221;0&#8243; use_border_color=&#8221;off&#8221; border_color=&#8221;#ffffff&#8221; border_style=&#8221;solid&#8221; animation=&#8221;left&#8221; sticky=&#8221;off&#8221; always_center_on_mobile=&#8221;on&#8221; global_colors_info=&#8221;{}&#8221; sticky_enabled=&#8221;0&#8243;] [\/et_pb_image][\/et_pb_column][\/et_pb_row][et_pb_row admin_label=&#8221;row&#8221; _builder_version=&#8221;4.16&#8243; background_size=&#8221;initial&#8221; background_position=&#8221;top_left&#8221; background_repeat=&#8221;repeat&#8221; global_colors_info=&#8221;{}&#8221;][et_pb_column type=&#8221;4_4&#8243; _builder_version=&#8221;4.16&#8243; custom_padding=&#8221;|||&#8221; global_colors_info=&#8221;{}&#8221; custom_padding__hover=&#8221;|||&#8221;][et_pb_text admin_label=&#8221;Teksti&#8221; _builder_version=&#8221;4.17.4&#8243; background_size=&#8221;initial&#8221; background_position=&#8221;top_left&#8221; background_repeat=&#8221;repeat&#8221; use_border_color=&#8221;off&#8221; border_color=&#8221;#ffffff&#8221; border_style=&#8221;solid&#8221; global_colors_info=&#8221;{}&#8221;]\n<p>Porvoon keskustaan toteutettiin uudet toimitilat leasing-palvelujen tarjoamiseen erikoistuneelle J\u00e4rvileasingille. Uudet toimitilat rakennettiin aiemmin pankin konttorina toimineeseen tyhj\u00e4\u00e4n tilaan. Tilat suunniteltiin yhteisty\u00f6ss\u00e4 sisustusarkkitehdin kanssa ja tilanjakoratkaisujen toteutuksesta vastasi HSL Group.<\/p>\n<p>Avoimeen tilaan haluttiin luoda selkeit\u00e4 ty\u00f6skentelyalueita, joista osa on osittain avoimia ja osa liukulaseilla t\u00e4ysin suljettavissa. Tilaratkaisut toteutettiin kehyksilt\u00e4\u00e4n mustiksi s\u00e4vytetyill\u00e4 alumiinilasisein\u00e4kkeill\u00e4. Tiloissa joissa kaivattiin enemm\u00e4n yksityisyytt\u00e4, lasisein\u00e4kkeet ulottuvat katon alarakenteisiin saakka. Avoimemmissa ty\u00f6skentelytiloissa sein\u00e4kkeet ovat matalampia, yl\u00e4osastaan avoimia lasiseini\u00e4 jolla saatiin avokonttorimaisempaa tunnelmaa riitt\u00e4v\u00e4 ty\u00f6rauha s\u00e4ilytt\u00e4en.<\/p>\n<p>N\u00e4iden ty\u00f6tilojen lis\u00e4ksi toteutettiin tarvittava m\u00e4\u00e4r\u00e4 neuvottelutiloja samoja alumiinilasiseini\u00e4 ja liukulaseja hy\u00f6dynt\u00e4en. Tyylikk\u00e4ill\u00e4 lasisein\u00e4kkeill\u00e4 ja niihin hyvin yhteensopivilla pintamateriaaleilla kohteeseen luotiin tyylikk\u00e4\u00e4t ja muuntojoustavat tilat. Lasisein\u00e4kkeiden asennus toteutettiin valmiin lattiarakenteen p\u00e4\u00e4lle nopeasti vain muutamassa p\u00e4iv\u00e4ss\u00e4.<\/p>\n<p>J\u00e4rvileasingin Viestint\u00e4- ja markinointip\u00e4\u00e4llikk\u00f6 Sarita Meri\u00f6n mukaan J\u00e4rvileasingilla ollaan oltu toteutettuihin tilaratkaisuihin eritt\u00e4in tyytyv\u00e4isi\u00e4. Niill\u00e4 luotiin juuri heid\u00e4n tarpeita vastaavat ja hyvin toimivat tilat.<\/p>\n<p>Kaikki asiakkaan tilaamat tuotteet toimitettiin ja asennettiin kohteeseen sovittuina ajankohtina HSL:n asennusryhm\u00e4n toimesta. HSL Groupin ammattilaiset vastaavat my\u00f6s tilojen tarvittavista muutos- ja yll\u00e4pitot\u00f6ist\u00e4, asiakkaan n\u00e4in halutessa, kohteen koko elinkaaren ajan.<\/p>\n<p>Tutustu oheiseen kohteen esittelyvideoon<\/p>\n[\/et_pb_text][et_pb_video src=&#8221;https:\/\/youtu.be\/6DxY5RmBZ1g&#8221; _builder_version=&#8221;4.17.4&#8243; _module_preset=&#8221;default&#8221; hover_enabled=&#8221;0&#8243; global_colors_info=&#8221;{}&#8221; sticky_enabled=&#8221;0&#8243;][\/et_pb_video][\/et_pb_column][\/et_pb_row][et_pb_row admin_label=&#8221;Rivi&#8221; _builder_version=&#8221;4.16&#8243; background_size=&#8221;initial&#8221; background_position=&#8221;top_left&#8221; background_repeat=&#8221;repeat&#8221; global_colors_info=&#8221;{}&#8221;][et_pb_column type=&#8221;4_4&#8243; _builder_version=&#8221;4.16&#8243; custom_padding=&#8221;|||&#8221; global_colors_info=&#8221;{}&#8221; custom_padding__hover=&#8221;|||&#8221;][et_pb_gallery gallery_ids=&#8221;2731,2734,2735,2733,2732,2730,2729,2728&#8243; posts_number=&#8221;8&#8243; show_title_and_caption=&#8221;off&#8221; show_pagination=&#8221;off&#8221; admin_label=&#8221;Galleria&#8221; _builder_version=&#8221;4.17.4&#8243; hover_enabled=&#8221;0&#8243; use_border_color=&#8221;off&#8221; border_color=&#8221;#ffffff&#8221; border_style=&#8221;solid&#8221; global_colors_info=&#8221;{}&#8221; sticky_enabled=&#8221;0&#8243;] [\/et_pb_gallery][\/et_pb_column][\/et_pb_row][\/et_pb_section]\n","protected":false},"excerpt":{"rendered":"<p>J\u00e4rvileasing Porvoo toimitilat Porvoon keskustaan toteutettiin uudet toimitilat leasing-palvelujen tarjoamiseen erikoistuneelle J\u00e4rvileasingille. Uudet toimitilat rakennettiin aiemmin pankin konttorina toimineeseen tyhj\u00e4\u00e4n tilaan. Tilat suunniteltiin yhteisty\u00f6ss\u00e4 sisustusarkkitehdin kanssa ja tilanjakoratkaisujen toteutuksesta vastasi HSL Group. Avoimeen tilaan haluttiin luoda selkeit\u00e4 ty\u00f6skentelyalueita, joista osa on osittain avoimia ja osa liukulaseilla t\u00e4ysin suljettavissa. Tilaratkaisut toteutettiin kehyksilt\u00e4\u00e4n mustiksi s\u00e4vytetyill\u00e4 alumiinilasisein\u00e4kkeill\u00e4. Tiloissa [&hellip;]<\/p>\n","protected":false},"author":1,"featured_media":0,"parent":52,"menu_order":0,"comment_status":"closed","ping_status":"closed","template":"","meta":{"_et_pb_use_builder":"on","_et_pb_old_content":"","_et_gb_content_width":"","footnotes":""},"class_list":["post-2718","page","type-page","status-publish","hentry"],"yoast_head":"<!-- This site is optimized with the Yoast SEO plugin v27.4 - https:\/\/yoast.com\/product\/yoast-seo-wordpress\/ -->\n<title>J\u00e4rvileasing Porvoo lasisein\u00e4kkeet - HSL Group Oy<\/title>\n<meta name=\"description\" content=\"Jokainen J\u00e4rvileasingin toimitiloihin asennettu lasisein\u00e4ke valmistettiin mittatilausty\u00f6n\u00e4 asiakkaan suunnitelmien mukaisesti\" \/>\n<meta name=\"robots\" content=\"index, follow, max-snippet:-1, max-image-preview:large, max-video-preview:-1\" \/>\n<link rel=\"canonical\" href=\"https:\/\/en.hslgroup.fi\/en\/portfolio\/jarvileasing-porvoo\/\" \/>\n<meta property=\"og:locale\" content=\"en_GB\" \/>\n<meta property=\"og:type\" content=\"article\" \/>\n<meta property=\"og:title\" content=\"J\u00e4rvileasing Porvoo lasisein\u00e4kkeet - HSL Group Oy\" \/>\n<meta property=\"og:description\" content=\"Jokainen J\u00e4rvileasingin toimitiloihin asennettu lasisein\u00e4ke valmistettiin mittatilausty\u00f6n\u00e4 asiakkaan suunnitelmien mukaisesti\" \/>\n<meta property=\"og:url\" content=\"https:\/\/en.hslgroup.fi\/en\/portfolio\/jarvileasing-porvoo\/\" \/>\n<meta property=\"og:site_name\" content=\"HSL Group Oy\" \/>\n<meta property=\"article:publisher\" content=\"https:\/\/facebook.com\/hslgroupoy\" \/>\n<meta property=\"article:modified_time\" content=\"2022-08-01T12:11:52+00:00\" \/>\n<meta name=\"twitter:card\" content=\"summary_large_image\" \/>\n<meta name=\"twitter:label1\" content=\"Estimated reading time\" \/>\n\t<meta name=\"twitter:data1\" content=\"2 minutes\" \/>\n<script type=\"application\/ld+json\" class=\"yoast-schema-graph\">{\"@context\":\"https:\\\/\\\/schema.org\",\"@graph\":[{\"@type\":\"WebPage\",\"@id\":\"https:\\\/\\\/en.hslgroup.fi\\\/portfolio\\\/jarvileasing-porvoo\\\/\",\"url\":\"https:\\\/\\\/en.hslgroup.fi\\\/portfolio\\\/jarvileasing-porvoo\\\/\",\"name\":\"J\u00e4rvileasing Porvoo lasisein\u00e4kkeet - HSL Group Oy\",\"isPartOf\":{\"@id\":\"https:\\\/\\\/en.hslgroup.fi\\\/en\\\/#website\"},\"datePublished\":\"2022-08-01T09:16:41+00:00\",\"dateModified\":\"2022-08-01T12:11:52+00:00\",\"description\":\"Jokainen J\u00e4rvileasingin toimitiloihin asennettu lasisein\u00e4ke valmistettiin mittatilausty\u00f6n\u00e4 asiakkaan suunnitelmien mukaisesti\",\"breadcrumb\":{\"@id\":\"https:\\\/\\\/en.hslgroup.fi\\\/portfolio\\\/jarvileasing-porvoo\\\/#breadcrumb\"},\"inLanguage\":\"en-GB\",\"potentialAction\":[{\"@type\":\"ReadAction\",\"target\":[\"https:\\\/\\\/en.hslgroup.fi\\\/portfolio\\\/jarvileasing-porvoo\\\/\"]}]},{\"@type\":\"BreadcrumbList\",\"@id\":\"https:\\\/\\\/en.hslgroup.fi\\\/portfolio\\\/jarvileasing-porvoo\\\/#breadcrumb\",\"itemListElement\":[{\"@type\":\"ListItem\",\"position\":1,\"name\":\"Etusivu\",\"item\":\"https:\\\/\\\/en.hslgroup.fi\\\/fi\\\/\"},{\"@type\":\"ListItem\",\"position\":2,\"name\":\"Referenssit\",\"item\":\"https:\\\/\\\/en.hslgroup.fi\\\/portfolio\\\/\"},{\"@type\":\"ListItem\",\"position\":3,\"name\":\"J\u00e4rvileasing Porvoo\"}]},{\"@type\":\"WebSite\",\"@id\":\"https:\\\/\\\/en.hslgroup.fi\\\/en\\\/#website\",\"url\":\"https:\\\/\\\/en.hslgroup.fi\\\/en\\\/\",\"name\":\"HSL Group Oy\",\"description\":\"J\u00e4rjestelm\u00e4v\u00e4lisein\u00e4t, siirtosein\u00e4t ja minitilaratkaisut\",\"publisher\":{\"@id\":\"https:\\\/\\\/en.hslgroup.fi\\\/en\\\/#organization\"},\"potentialAction\":[{\"@type\":\"SearchAction\",\"target\":{\"@type\":\"EntryPoint\",\"urlTemplate\":\"https:\\\/\\\/en.hslgroup.fi\\\/en\\\/?s={search_term_string}\"},\"query-input\":{\"@type\":\"PropertyValueSpecification\",\"valueRequired\":true,\"valueName\":\"search_term_string\"}}],\"inLanguage\":\"en-GB\"},{\"@type\":\"Organization\",\"@id\":\"https:\\\/\\\/en.hslgroup.fi\\\/en\\\/#organization\",\"name\":\"HSL Group Oy\",\"url\":\"https:\\\/\\\/en.hslgroup.fi\\\/en\\\/\",\"logo\":{\"@type\":\"ImageObject\",\"inLanguage\":\"en-GB\",\"@id\":\"https:\\\/\\\/en.hslgroup.fi\\\/en\\\/#\\\/schema\\\/logo\\\/image\\\/\",\"url\":\"https:\\\/\\\/en.hslgroup.fi\\\/wp-content\\\/uploads\\\/2016\\\/07\\\/hsl_logo.jpg\",\"contentUrl\":\"https:\\\/\\\/en.hslgroup.fi\\\/wp-content\\\/uploads\\\/2016\\\/07\\\/hsl_logo.jpg\",\"width\":125,\"height\":60,\"caption\":\"HSL Group Oy\"},\"image\":{\"@id\":\"https:\\\/\\\/en.hslgroup.fi\\\/en\\\/#\\\/schema\\\/logo\\\/image\\\/\"},\"sameAs\":[\"https:\\\/\\\/facebook.com\\\/hslgroupoy\",\"https:\\\/\\\/linkedin.com\\\/company\\\/hsl-group\"]}]}<\/script>\n<!-- \/ Yoast SEO plugin. -->","yoast_head_json":{"title":"J\u00e4rvileasing Porvoo glass partitions - HSL Group LLC","description":"Glass partitions installed in J\u00e4rvileasing's premises where customs mader according to the customer's plans","robots":{"index":"index","follow":"follow","max-snippet":"max-snippet:-1","max-image-preview":"max-image-preview:large","max-video-preview":"max-video-preview:-1"},"canonical":"https:\/\/en.hslgroup.fi\/en\/portfolio\/jarvileasing-porvoo\/","og_locale":"en_GB","og_type":"article","og_title":"J\u00e4rvileasing Porvoo lasisein\u00e4kkeet - HSL Group Oy","og_description":"Jokainen J\u00e4rvileasingin toimitiloihin asennettu lasisein\u00e4ke valmistettiin mittatilausty\u00f6n\u00e4 asiakkaan suunnitelmien mukaisesti","og_url":"https:\/\/en.hslgroup.fi\/en\/portfolio\/jarvileasing-porvoo\/","og_site_name":"HSL Group Oy","article_publisher":"https:\/\/facebook.com\/hslgroupoy","article_modified_time":"2022-08-01T12:11:52+00:00","twitter_card":"summary_large_image","twitter_misc":{"Estimated reading time":"2 minutes"},"schema":{"@context":"https:\/\/schema.org","@graph":[{"@type":"WebPage","@id":"https:\/\/en.hslgroup.fi\/portfolio\/jarvileasing-porvoo\/","url":"https:\/\/en.hslgroup.fi\/portfolio\/jarvileasing-porvoo\/","name":"J\u00e4rvileasing Porvoo glass partitions - HSL Group LLC","isPartOf":{"@id":"https:\/\/en.hslgroup.fi\/en\/#website"},"datePublished":"2022-08-01T09:16:41+00:00","dateModified":"2022-08-01T12:11:52+00:00","description":"Glass partitions installed in J\u00e4rvileasing's premises where customs mader according to the customer's plans","breadcrumb":{"@id":"https:\/\/en.hslgroup.fi\/portfolio\/jarvileasing-porvoo\/#breadcrumb"},"inLanguage":"en-GB","potentialAction":[{"@type":"ReadAction","target":["https:\/\/en.hslgroup.fi\/portfolio\/jarvileasing-porvoo\/"]}]},{"@type":"BreadcrumbList","@id":"https:\/\/en.hslgroup.fi\/portfolio\/jarvileasing-porvoo\/#breadcrumb","itemListElement":[{"@type":"ListItem","position":1,"name":"Etusivu","item":"https:\/\/en.hslgroup.fi\/fi\/"},{"@type":"ListItem","position":2,"name":"Referenssit","item":"https:\/\/en.hslgroup.fi\/portfolio\/"},{"@type":"ListItem","position":3,"name":"J\u00e4rvileasing Porvoo"}]},{"@type":"WebSite","@id":"https:\/\/en.hslgroup.fi\/en\/#website","url":"https:\/\/en.hslgroup.fi\/en\/","name":"HSL Group LLC","description":"J\u00e4rjestelm\u00e4v\u00e4lisein\u00e4t, siirtosein\u00e4t ja minitilaratkaisut","publisher":{"@id":"https:\/\/en.hslgroup.fi\/en\/#organization"},"potentialAction":[{"@type":"SearchAction","target":{"@type":"EntryPoint","urlTemplate":"https:\/\/en.hslgroup.fi\/en\/?s={search_term_string}"},"query-input":{"@type":"PropertyValueSpecification","valueRequired":true,"valueName":"search_term_string"}}],"inLanguage":"en-GB"},{"@type":"Organization","@id":"https:\/\/en.hslgroup.fi\/en\/#organization","name":"HSL Group LLC","url":"https:\/\/en.hslgroup.fi\/en\/","logo":{"@type":"ImageObject","inLanguage":"en-GB","@id":"https:\/\/en.hslgroup.fi\/en\/#\/schema\/logo\/image\/","url":"https:\/\/en.hslgroup.fi\/wp-content\/uploads\/2016\/07\/hsl_logo.jpg","contentUrl":"https:\/\/en.hslgroup.fi\/wp-content\/uploads\/2016\/07\/hsl_logo.jpg","width":125,"height":60,"caption":"HSL Group Oy"},"image":{"@id":"https:\/\/en.hslgroup.fi\/en\/#\/schema\/logo\/image\/"},"sameAs":["https:\/\/facebook.com\/hslgroupoy","https:\/\/linkedin.com\/company\/hsl-group"]}]}},"_links":{"self":[{"href":"https:\/\/en.hslgroup.fi\/en\/wp-json\/wp\/v2\/pages\/2718","targetHints":{"allow":["GET"]}}],"collection":[{"href":"https:\/\/en.hslgroup.fi\/en\/wp-json\/wp\/v2\/pages"}],"about":[{"href":"https:\/\/en.hslgroup.fi\/en\/wp-json\/wp\/v2\/types\/page"}],"author":[{"embeddable":true,"href":"https:\/\/en.hslgroup.fi\/en\/wp-json\/wp\/v2\/users\/1"}],"replies":[{"embeddable":true,"href":"https:\/\/en.hslgroup.fi\/en\/wp-json\/wp\/v2\/comments?post=2718"}],"version-history":[{"count":5,"href":"https:\/\/en.hslgroup.fi\/en\/wp-json\/wp\/v2\/pages\/2718\/revisions"}],"predecessor-version":[{"id":2738,"href":"https:\/\/en.hslgroup.fi\/en\/wp-json\/wp\/v2\/pages\/2718\/revisions\/2738"}],"up":[{"embeddable":true,"href":"https:\/\/en.hslgroup.fi\/en\/wp-json\/wp\/v2\/pages\/52"}],"wp:attachment":[{"href":"https:\/\/en.hslgroup.fi\/en\/wp-json\/wp\/v2\/media?parent=2718"}],"curies":[{"name":"wp","href":"https:\/\/api.w.org\/{rel}","templated":true}]}}