{"id":2396,"date":"2022-02-17T11:03:45","date_gmt":"2022-02-17T09:03:45","guid":{"rendered":"https:\/\/en.hslgroup.fi\/?page_id=2396"},"modified":"2022-03-16T14:28:36","modified_gmt":"2022-03-16T12:28:36","slug":"oops-espoo","status":"publish","type":"page","link":"https:\/\/en.hslgroup.fi\/en\/portfolio\/oops-espoo\/","title":{"rendered":"OOPS Espoo"},"content":{"rendered":"\n\n[et_pb_section fb_built=&#8221;1&#8243; admin_label=&#8221;section&#8221; _builder_version=&#8221;3.22&#8243; global_colors_info=&#8221;{}&#8221;][et_pb_row admin_label=&#8221;Rivi&#8221; _builder_version=&#8221;3.25&#8243; background_size=&#8221;initial&#8221; background_position=&#8221;top_left&#8221; background_repeat=&#8221;repeat&#8221; global_colors_info=&#8221;{}&#8221;][et_pb_column type=&#8221;4_4&#8243; _builder_version=&#8221;3.25&#8243; custom_padding=&#8221;|||&#8221; global_colors_info=&#8221;{}&#8221; custom_padding__hover=&#8221;|||&#8221;][et_pb_text admin_label=&#8221;Teksti&#8221; _builder_version=&#8221;4.14.8&#8243; background_size=&#8221;initial&#8221; background_position=&#8221;top_left&#8221; background_repeat=&#8221;repeat&#8221; hover_enabled=&#8221;0&#8243; use_border_color=&#8221;off&#8221; border_color=&#8221;#ffffff&#8221; border_style=&#8221;solid&#8221; global_colors_info=&#8221;{}&#8221; sticky_enabled=&#8221;0&#8243;]<h1>OOPS Espoo toimitilaratkaisut<\/h1>[\/et_pb_text][\/et_pb_column][\/et_pb_row][et_pb_row admin_label=&#8221;Rivi&#8221; _builder_version=&#8221;3.25&#8243; background_size=&#8221;initial&#8221; background_position=&#8221;top_left&#8221; background_repeat=&#8221;repeat&#8221; global_colors_info=&#8221;{}&#8221;][et_pb_column type=&#8221;4_4&#8243; _builder_version=&#8221;3.25&#8243; custom_padding=&#8221;|||&#8221; global_colors_info=&#8221;{}&#8221; custom_padding__hover=&#8221;|||&#8221;][et_pb_image src=&#8221;https:\/\/en.hslgroup.fi\/wp-content\/uploads\/2022\/02\/HSL-Jarjestelmavaliseinat-OOPS-Espoo-atrium.jpg&#8221; alt=&#8221;HSL J\u00e4rjestelm\u00e4v\u00e4lisein\u00e4t OOPS Espoo atrium&#8221; title_text=&#8221;HSL J\u00e4rjestelm\u00e4v\u00e4lisein\u00e4t OOPS Espoo atrium&#8221; show_in_lightbox=&#8221;on&#8221; align_tablet=&#8221;center&#8221; align_phone=&#8221;&#8221; align_last_edited=&#8221;on|desktop&#8221; admin_label=&#8221;Kuva&#8221; _builder_version=&#8221;4.14.7&#8243; animation_style=&#8221;slide&#8221; animation_direction=&#8221;left&#8221; animation_duration=&#8221;500ms&#8221; animation_intensity_slide=&#8221;10%&#8221; use_border_color=&#8221;off&#8221; border_color=&#8221;#ffffff&#8221; border_style=&#8221;solid&#8221; animation=&#8221;left&#8221; sticky=&#8221;off&#8221; always_center_on_mobile=&#8221;on&#8221; global_colors_info=&#8221;{}&#8221;] [\/et_pb_image][\/et_pb_column][\/et_pb_row][et_pb_row admin_label=&#8221;row&#8221; _builder_version=&#8221;3.25&#8243; background_size=&#8221;initial&#8221; background_position=&#8221;top_left&#8221; background_repeat=&#8221;repeat&#8221; global_colors_info=&#8221;{}&#8221;][et_pb_column type=&#8221;4_4&#8243; _builder_version=&#8221;3.25&#8243; custom_padding=&#8221;|||&#8221; global_colors_info=&#8221;{}&#8221; custom_padding__hover=&#8221;|||&#8221;][et_pb_text admin_label=&#8221;Teksti&#8221; _builder_version=&#8221;4.14.7&#8243; background_size=&#8221;initial&#8221; background_position=&#8221;top_left&#8221; background_repeat=&#8221;repeat&#8221; use_border_color=&#8221;off&#8221; border_color=&#8221;#ffffff&#8221; border_style=&#8221;solid&#8221; global_colors_info=&#8221;{}&#8221;]<p>Espooseen avattiin kokonainen uusi el\u00e4v\u00e4 kaupunginosa ty\u00f6nteolle, kaupalle, asumiselle, viihteelle ja el\u00e4myksille. OOPS rakentuu hyvinvointiarkkitehtuurin l\u00e4ht\u00f6kohdista ja luo pohjan kansainv\u00e4liselle ekosysteemille. Kohde profiloituu kohtaamisten keitaaksi jossa hyvinvointi ja luonto tukevat nykyisen liikkuvan ty\u00f6el\u00e4m\u00e4n tarpeita.<\/p>\n<p>OOPS\u00b4siin on haluttiin luoda tiloja, joissa ihmisten on helppo hakeutua toistensa pariin. Tavoite on rakentaa kansainv\u00e4list\u00e4 ammattilaisten yhteis\u00f6\u00e4, jossa suuret ja pienet yritykset voivat luontevasti tehd\u00e4 yhteisty\u00f6t\u00e4 oppilaitosten kanssa, ja houkutella edell\u00e4k\u00e4vij\u00f6it\u00e4 eri aloilta kehitt\u00e4m\u00e4\u00e4n uusia innovaatioita mm. kohteen yhteisiin Lab-tiloihin. Yrityskohtaisiin toimitilatarpeisiin OOPS tarjoaa moderneja toimistotiloja kaikilla tarvittavilla palveluilla.<\/p>\n<p>HSL Group valmisti kohteeseen muuntojoustavat kotimaiset j\u00e4rjestelm\u00e4v\u00e4lisein\u00e4t, joita hy\u00f6dynnettiin yleistiloissa ja toimistokerroksissa. Ensimm\u00e4iseen kerrokseen ja aulan atriumiin toteutettiin lasiseini\u00e4 muuhun kokonaisuuteen yhteensopivasti s\u00e4vytetyin puukarmein. Toimistokerroksissa lasiseinill\u00e4 luotiin erillisi\u00e4 valoisia ty\u00f6huoneita sek\u00e4 neuvottelutiloja.<\/p>\n<p>Toimistotiloissa lasisein\u00e4t toteutettiin <a href=\"\/tuotteet\/alumiinilasiseinat\/\">alumiinilasiseinin\u00e4<\/a> vaaleiksi s\u00e4vytettyill\u00e4 puitteilla. Seinien yhteyteen toimitettiin visuaalisesti yhteensopivat oviratkaisut ja muut rakenteet. Neuvottelutiloissa k\u00e4ytettiin <a href=\"\/tuotteet\/puulasiseinat\/\">puulasiseini\u00e4<\/a>, jotka on viimeistelty arvokkuutta tuovalla mattalakatulla tammiviilulla. N\u00e4iden kumppaniksi toimitettiin asiakkaan suunnitelmien mukaisesti pintak\u00e4sitellyt ovet, s\u00e4hk\u00f6pielet ja muut rakenteet.<\/p>\n<p>Ty\u00f6huoneiden ja neuvottelutilojen lattiasta kattoon ylt\u00e4v\u00e4t lasisein\u00e4t rakennettiin v\u00e4likarmittomina, jolla saatiin paljon yhten\u00e4ist\u00e4 ja n\u00e4ytt\u00e4v\u00e4\u00e4 lasipintaa k\u00e4yt\u00e4ville p\u00e4in. Lasisein\u00e4t ja muut toimitetut rakenteet erist\u00e4v\u00e4t \u00e4\u00e4nt\u00e4 eritt\u00e4in tehokkaasti (Rw39dB) joka takaa tilojen k\u00e4ytt\u00e4jille ty\u00f6rauhan ja neuvotteluiden yksityisyyden.<\/p>\n<p>Muuntojoustavien v\u00e4liseinien johdosta tilamuutosten toteuttaminen tulevaisuuden muuttuvien tarpeiden mukaisesti helppoa ja nopeaa. Kaikki tarvittavat tilamuutokset toteutetaan HSL Groupin kokeneiden ammattilaisten toimesta.<\/p>[\/et_pb_text][\/et_pb_column][\/et_pb_row][et_pb_row admin_label=&#8221;Rivi&#8221; _builder_version=&#8221;3.25&#8243; background_size=&#8221;initial&#8221; background_position=&#8221;top_left&#8221; background_repeat=&#8221;repeat&#8221; global_colors_info=&#8221;{}&#8221;][et_pb_column type=&#8221;4_4&#8243; _builder_version=&#8221;3.25&#8243; custom_padding=&#8221;|||&#8221; global_colors_info=&#8221;{}&#8221; custom_padding__hover=&#8221;|||&#8221;][et_pb_gallery gallery_ids=&#8221;2400,2411,2398,2412,2413,2405,2406,2407,2408,2409,2410&#8243; posts_number=&#8221;11&#8243; show_title_and_caption=&#8221;off&#8221; show_pagination=&#8221;off&#8221; admin_label=&#8221;Galleria&#8221; _builder_version=&#8221;4.14.7&#8243; use_border_color=&#8221;off&#8221; border_color=&#8221;#ffffff&#8221; border_style=&#8221;solid&#8221; global_colors_info=&#8221;{}&#8221;] [\/et_pb_gallery][\/et_pb_column][\/et_pb_row][\/et_pb_section]\n\n","protected":false},"excerpt":{"rendered":"<p>OOPS Espoo toimitilaratkaisut Espooseen avattiin kokonainen uusi el\u00e4v\u00e4 kaupunginosa ty\u00f6nteolle, kaupalle, asumiselle, viihteelle ja el\u00e4myksille. OOPS rakentuu hyvinvointiarkkitehtuurin l\u00e4ht\u00f6kohdista ja luo pohjan kansainv\u00e4liselle ekosysteemille. Kohde profiloituu kohtaamisten keitaaksi jossa hyvinvointi ja luonto tukevat nykyisen liikkuvan ty\u00f6el\u00e4m\u00e4n tarpeita. OOPS\u00b4siin on haluttiin luoda tiloja, joissa ihmisten on helppo hakeutua toistensa pariin. Tavoite on rakentaa kansainv\u00e4list\u00e4 ammattilaisten yhteis\u00f6\u00e4, [&hellip;]<\/p>\n","protected":false},"author":1,"featured_media":0,"parent":52,"menu_order":0,"comment_status":"closed","ping_status":"closed","template":"","meta":{"_et_pb_use_builder":"on","_et_pb_old_content":"","_et_gb_content_width":"","footnotes":""},"class_list":["post-2396","page","type-page","status-publish","hentry"],"yoast_head":"<!-- This site is optimized with the Yoast SEO plugin v27.4 - https:\/\/yoast.com\/product\/yoast-seo-wordpress\/ -->\n<title>OOPS Espoo j\u00e4rjestelm\u00e4v\u00e4lisein\u00e4t - HSL Group Oy<\/title>\n<meta name=\"description\" content=\"HSL Group valmisti kohteeseen muuntojoustavat kotimaiset j\u00e4rjestelm\u00e4v\u00e4lisein\u00e4t, joita hy\u00f6dynnettiin yleistiloissa ja toimistokerroksissa.\" \/>\n<meta name=\"robots\" content=\"index, follow, max-snippet:-1, max-image-preview:large, max-video-preview:-1\" \/>\n<link rel=\"canonical\" href=\"https:\/\/en.hslgroup.fi\/en\/portfolio\/oops-espoo\/\" \/>\n<meta property=\"og:locale\" content=\"en_GB\" \/>\n<meta property=\"og:type\" content=\"article\" \/>\n<meta property=\"og:title\" content=\"OOPS Espoo j\u00e4rjestelm\u00e4v\u00e4lisein\u00e4t - HSL Group Oy\" \/>\n<meta property=\"og:description\" content=\"HSL Group valmisti kohteeseen muuntojoustavat kotimaiset j\u00e4rjestelm\u00e4v\u00e4lisein\u00e4t, joita hy\u00f6dynnettiin yleistiloissa ja toimistokerroksissa.\" \/>\n<meta property=\"og:url\" content=\"https:\/\/en.hslgroup.fi\/en\/portfolio\/oops-espoo\/\" \/>\n<meta property=\"og:site_name\" content=\"HSL Group Oy\" \/>\n<meta property=\"article:publisher\" content=\"https:\/\/facebook.com\/hslgroupoy\" \/>\n<meta property=\"article:modified_time\" content=\"2022-03-16T12:28:36+00:00\" \/>\n<meta name=\"twitter:card\" content=\"summary_large_image\" \/>\n<meta name=\"twitter:label1\" content=\"Estimated reading time\" \/>\n\t<meta name=\"twitter:data1\" content=\"3 minutes\" \/>\n<script type=\"application\/ld+json\" class=\"yoast-schema-graph\">{\"@context\":\"https:\\\/\\\/schema.org\",\"@graph\":[{\"@type\":\"WebPage\",\"@id\":\"https:\\\/\\\/en.hslgroup.fi\\\/portfolio\\\/oops-espoo\\\/\",\"url\":\"https:\\\/\\\/en.hslgroup.fi\\\/portfolio\\\/oops-espoo\\\/\",\"name\":\"OOPS Espoo j\u00e4rjestelm\u00e4v\u00e4lisein\u00e4t - HSL Group Oy\",\"isPartOf\":{\"@id\":\"https:\\\/\\\/en.hslgroup.fi\\\/en\\\/#website\"},\"datePublished\":\"2022-02-17T09:03:45+00:00\",\"dateModified\":\"2022-03-16T12:28:36+00:00\",\"description\":\"HSL Group valmisti kohteeseen muuntojoustavat kotimaiset j\u00e4rjestelm\u00e4v\u00e4lisein\u00e4t, joita hy\u00f6dynnettiin yleistiloissa ja toimistokerroksissa.\",\"breadcrumb\":{\"@id\":\"https:\\\/\\\/en.hslgroup.fi\\\/portfolio\\\/oops-espoo\\\/#breadcrumb\"},\"inLanguage\":\"en-GB\",\"potentialAction\":[{\"@type\":\"ReadAction\",\"target\":[\"https:\\\/\\\/en.hslgroup.fi\\\/portfolio\\\/oops-espoo\\\/\"]}]},{\"@type\":\"BreadcrumbList\",\"@id\":\"https:\\\/\\\/en.hslgroup.fi\\\/portfolio\\\/oops-espoo\\\/#breadcrumb\",\"itemListElement\":[{\"@type\":\"ListItem\",\"position\":1,\"name\":\"Etusivu\",\"item\":\"https:\\\/\\\/en.hslgroup.fi\\\/fi\\\/\"},{\"@type\":\"ListItem\",\"position\":2,\"name\":\"Referenssit\",\"item\":\"https:\\\/\\\/en.hslgroup.fi\\\/portfolio\\\/\"},{\"@type\":\"ListItem\",\"position\":3,\"name\":\"OOPS Espoo\"}]},{\"@type\":\"WebSite\",\"@id\":\"https:\\\/\\\/en.hslgroup.fi\\\/en\\\/#website\",\"url\":\"https:\\\/\\\/en.hslgroup.fi\\\/en\\\/\",\"name\":\"HSL Group Oy\",\"description\":\"J\u00e4rjestelm\u00e4v\u00e4lisein\u00e4t, siirtosein\u00e4t ja minitilaratkaisut\",\"publisher\":{\"@id\":\"https:\\\/\\\/en.hslgroup.fi\\\/en\\\/#organization\"},\"potentialAction\":[{\"@type\":\"SearchAction\",\"target\":{\"@type\":\"EntryPoint\",\"urlTemplate\":\"https:\\\/\\\/en.hslgroup.fi\\\/en\\\/?s={search_term_string}\"},\"query-input\":{\"@type\":\"PropertyValueSpecification\",\"valueRequired\":true,\"valueName\":\"search_term_string\"}}],\"inLanguage\":\"en-GB\"},{\"@type\":\"Organization\",\"@id\":\"https:\\\/\\\/en.hslgroup.fi\\\/en\\\/#organization\",\"name\":\"HSL Group Oy\",\"url\":\"https:\\\/\\\/en.hslgroup.fi\\\/en\\\/\",\"logo\":{\"@type\":\"ImageObject\",\"inLanguage\":\"en-GB\",\"@id\":\"https:\\\/\\\/en.hslgroup.fi\\\/en\\\/#\\\/schema\\\/logo\\\/image\\\/\",\"url\":\"https:\\\/\\\/en.hslgroup.fi\\\/wp-content\\\/uploads\\\/2016\\\/07\\\/hsl_logo.jpg\",\"contentUrl\":\"https:\\\/\\\/en.hslgroup.fi\\\/wp-content\\\/uploads\\\/2016\\\/07\\\/hsl_logo.jpg\",\"width\":125,\"height\":60,\"caption\":\"HSL Group Oy\"},\"image\":{\"@id\":\"https:\\\/\\\/en.hslgroup.fi\\\/en\\\/#\\\/schema\\\/logo\\\/image\\\/\"},\"sameAs\":[\"https:\\\/\\\/facebook.com\\\/hslgroupoy\",\"https:\\\/\\\/linkedin.com\\\/company\\\/hsl-group\"]}]}<\/script>\n<!-- \/ Yoast SEO plugin. -->","yoast_head_json":{"title":"OOPS Espoo partition wall systems - HSL Group LLC","description":"HSL Group created domestic transformation flexible partition wall systems for the property, which were used in the common spaces and in the office floors.","robots":{"index":"index","follow":"follow","max-snippet":"max-snippet:-1","max-image-preview":"max-image-preview:large","max-video-preview":"max-video-preview:-1"},"canonical":"https:\/\/en.hslgroup.fi\/en\/portfolio\/oops-espoo\/","og_locale":"en_GB","og_type":"article","og_title":"OOPS Espoo j\u00e4rjestelm\u00e4v\u00e4lisein\u00e4t - HSL Group Oy","og_description":"HSL Group valmisti kohteeseen muuntojoustavat kotimaiset j\u00e4rjestelm\u00e4v\u00e4lisein\u00e4t, joita hy\u00f6dynnettiin yleistiloissa ja toimistokerroksissa.","og_url":"https:\/\/en.hslgroup.fi\/en\/portfolio\/oops-espoo\/","og_site_name":"HSL Group Oy","article_publisher":"https:\/\/facebook.com\/hslgroupoy","article_modified_time":"2022-03-16T12:28:36+00:00","twitter_card":"summary_large_image","twitter_misc":{"Estimated reading time":"3 minutes"},"schema":{"@context":"https:\/\/schema.org","@graph":[{"@type":"WebPage","@id":"https:\/\/en.hslgroup.fi\/portfolio\/oops-espoo\/","url":"https:\/\/en.hslgroup.fi\/portfolio\/oops-espoo\/","name":"OOPS Espoo partition wall systems - HSL Group LLC","isPartOf":{"@id":"https:\/\/en.hslgroup.fi\/en\/#website"},"datePublished":"2022-02-17T09:03:45+00:00","dateModified":"2022-03-16T12:28:36+00:00","description":"HSL Group created domestic transformation flexible partition wall systems for the property, which were used in the common spaces and in the office floors.","breadcrumb":{"@id":"https:\/\/en.hslgroup.fi\/portfolio\/oops-espoo\/#breadcrumb"},"inLanguage":"en-GB","potentialAction":[{"@type":"ReadAction","target":["https:\/\/en.hslgroup.fi\/portfolio\/oops-espoo\/"]}]},{"@type":"BreadcrumbList","@id":"https:\/\/en.hslgroup.fi\/portfolio\/oops-espoo\/#breadcrumb","itemListElement":[{"@type":"ListItem","position":1,"name":"Etusivu","item":"https:\/\/en.hslgroup.fi\/fi\/"},{"@type":"ListItem","position":2,"name":"Referenssit","item":"https:\/\/en.hslgroup.fi\/portfolio\/"},{"@type":"ListItem","position":3,"name":"OOPS Espoo"}]},{"@type":"WebSite","@id":"https:\/\/en.hslgroup.fi\/en\/#website","url":"https:\/\/en.hslgroup.fi\/en\/","name":"HSL Group LLC","description":"J\u00e4rjestelm\u00e4v\u00e4lisein\u00e4t, siirtosein\u00e4t ja minitilaratkaisut","publisher":{"@id":"https:\/\/en.hslgroup.fi\/en\/#organization"},"potentialAction":[{"@type":"SearchAction","target":{"@type":"EntryPoint","urlTemplate":"https:\/\/en.hslgroup.fi\/en\/?s={search_term_string}"},"query-input":{"@type":"PropertyValueSpecification","valueRequired":true,"valueName":"search_term_string"}}],"inLanguage":"en-GB"},{"@type":"Organization","@id":"https:\/\/en.hslgroup.fi\/en\/#organization","name":"HSL Group LLC","url":"https:\/\/en.hslgroup.fi\/en\/","logo":{"@type":"ImageObject","inLanguage":"en-GB","@id":"https:\/\/en.hslgroup.fi\/en\/#\/schema\/logo\/image\/","url":"https:\/\/en.hslgroup.fi\/wp-content\/uploads\/2016\/07\/hsl_logo.jpg","contentUrl":"https:\/\/en.hslgroup.fi\/wp-content\/uploads\/2016\/07\/hsl_logo.jpg","width":125,"height":60,"caption":"HSL Group Oy"},"image":{"@id":"https:\/\/en.hslgroup.fi\/en\/#\/schema\/logo\/image\/"},"sameAs":["https:\/\/facebook.com\/hslgroupoy","https:\/\/linkedin.com\/company\/hsl-group"]}]}},"_links":{"self":[{"href":"https:\/\/en.hslgroup.fi\/en\/wp-json\/wp\/v2\/pages\/2396","targetHints":{"allow":["GET"]}}],"collection":[{"href":"https:\/\/en.hslgroup.fi\/en\/wp-json\/wp\/v2\/pages"}],"about":[{"href":"https:\/\/en.hslgroup.fi\/en\/wp-json\/wp\/v2\/types\/page"}],"author":[{"embeddable":true,"href":"https:\/\/en.hslgroup.fi\/en\/wp-json\/wp\/v2\/users\/1"}],"replies":[{"embeddable":true,"href":"https:\/\/en.hslgroup.fi\/en\/wp-json\/wp\/v2\/comments?post=2396"}],"version-history":[{"count":5,"href":"https:\/\/en.hslgroup.fi\/en\/wp-json\/wp\/v2\/pages\/2396\/revisions"}],"predecessor-version":[{"id":2507,"href":"https:\/\/en.hslgroup.fi\/en\/wp-json\/wp\/v2\/pages\/2396\/revisions\/2507"}],"up":[{"embeddable":true,"href":"https:\/\/en.hslgroup.fi\/en\/wp-json\/wp\/v2\/pages\/52"}],"wp:attachment":[{"href":"https:\/\/en.hslgroup.fi\/en\/wp-json\/wp\/v2\/media?parent=2396"}],"curies":[{"name":"wp","href":"https:\/\/api.w.org\/{rel}","templated":true}]}}