{"id":2273,"date":"2022-01-31T10:49:37","date_gmt":"2022-01-31T08:49:37","guid":{"rendered":"https:\/\/en.hslgroup.fi\/?page_id=2273"},"modified":"2022-03-16T14:11:48","modified_gmt":"2022-03-16T12:11:48","slug":"sinilahde-talo","status":"publish","type":"page","link":"https:\/\/en.hslgroup.fi\/en\/portfolio\/sinilahde-talo\/","title":{"rendered":"Sinil\u00e4hde talo"},"content":{"rendered":"\n\n[et_pb_section fb_built=&#8221;1&#8243; admin_label=&#8221;section&#8221; _builder_version=&#8221;3.22&#8243; global_colors_info=&#8221;{}&#8221;][et_pb_row admin_label=&#8221;Rivi&#8221; _builder_version=&#8221;3.25&#8243; background_size=&#8221;initial&#8221; background_position=&#8221;top_left&#8221; background_repeat=&#8221;repeat&#8221; global_colors_info=&#8221;{}&#8221;][et_pb_column type=&#8221;4_4&#8243; _builder_version=&#8221;3.25&#8243; custom_padding=&#8221;|||&#8221; global_colors_info=&#8221;{}&#8221; custom_padding__hover=&#8221;|||&#8221;][et_pb_text admin_label=&#8221;Teksti&#8221; _builder_version=&#8221;4.14.7&#8243; background_size=&#8221;initial&#8221; background_position=&#8221;top_left&#8221; background_repeat=&#8221;repeat&#8221; hover_enabled=&#8221;0&#8243; use_border_color=&#8221;off&#8221; border_color=&#8221;#ffffff&#8221; border_style=&#8221;solid&#8221; global_colors_info=&#8221;{}&#8221; sticky_enabled=&#8221;0&#8243;]<h1>Sinil\u00e4hde-talo Heinola<\/h1>[\/et_pb_text][\/et_pb_column][\/et_pb_row][et_pb_row admin_label=&#8221;Rivi&#8221; _builder_version=&#8221;3.25&#8243; background_size=&#8221;initial&#8221; background_position=&#8221;top_left&#8221; background_repeat=&#8221;repeat&#8221; global_colors_info=&#8221;{}&#8221;][et_pb_column type=&#8221;4_4&#8243; _builder_version=&#8221;3.25&#8243; custom_padding=&#8221;|||&#8221; global_colors_info=&#8221;{}&#8221; custom_padding__hover=&#8221;|||&#8221;][et_pb_image src=&#8221;https:\/\/en.hslgroup.fi\/wp-content\/uploads\/2022\/01\/HSL-puulasiseina\u0308t-sinila\u0308hteen-koulu.jpg&#8221; alt=&#8221;HSL puulasiseina\u0308t sinila\u0308hteen koulu&#8221; title_text=&#8221;HSL puulasiseina\u0308t sinila\u0308hteen koulu&#8221; show_in_lightbox=&#8221;on&#8221; align_tablet=&#8221;center&#8221; align_phone=&#8221;&#8221; align_last_edited=&#8221;on|desktop&#8221; admin_label=&#8221;Kuva&#8221; _builder_version=&#8221;4.14.7&#8243; animation_style=&#8221;slide&#8221; animation_direction=&#8221;left&#8221; animation_duration=&#8221;500ms&#8221; animation_intensity_slide=&#8221;10%&#8221; hover_enabled=&#8221;0&#8243; use_border_color=&#8221;off&#8221; border_color=&#8221;#ffffff&#8221; border_style=&#8221;solid&#8221; animation=&#8221;left&#8221; sticky=&#8221;off&#8221; always_center_on_mobile=&#8221;on&#8221; global_colors_info=&#8221;{}&#8221; sticky_enabled=&#8221;0&#8243;] [\/et_pb_image][\/et_pb_column][\/et_pb_row][et_pb_row admin_label=&#8221;row&#8221; _builder_version=&#8221;3.25&#8243; background_size=&#8221;initial&#8221; background_position=&#8221;top_left&#8221; background_repeat=&#8221;repeat&#8221; global_colors_info=&#8221;{}&#8221;][et_pb_column type=&#8221;4_4&#8243; _builder_version=&#8221;3.25&#8243; custom_padding=&#8221;|||&#8221; global_colors_info=&#8221;{}&#8221; custom_padding__hover=&#8221;|||&#8221;][et_pb_text admin_label=&#8221;Teksti&#8221; _builder_version=&#8221;4.14.7&#8243; background_size=&#8221;initial&#8221; background_position=&#8221;top_left&#8221; background_repeat=&#8221;repeat&#8221; hover_enabled=&#8221;0&#8243; use_border_color=&#8221;off&#8221; border_color=&#8221;#ffffff&#8221; border_style=&#8221;solid&#8221; global_colors_info=&#8221;{}&#8221; sticky_enabled=&#8221;0&#8243;]<p>Heinolassa otettiin k\u00e4ytt\u00f6\u00f6n uusi tyylik\u00e4s oppilaitos, joka on nimetty sijaintinsa mukaan Sinil\u00e4hde-taloksi. Uudiskohde tarjoaa tilat 84 p\u00e4iv\u00e4kotilaiselle ja 150 koululaiselle liikuntapaikkoineen ja erikoisluokkineen. Useat talon tiloista ovat my\u00f6s kaupunkilaisten vuokrattavissa liikunta-, juhla- ja kokoontumistiloiksi ja luonnonl\u00e4heinen piha-alue toimii monipuolisena liikuntapaikkana kaiken ik\u00e4isille kaupunkilaisille.<\/p>\n<h4>J\u00e4rjestelm\u00e4seinill\u00e4 luotiin monipuoliset ja joustavat tilat<\/h4>\n<p>Kohteen suunnittelussa huomioitiin monik\u00e4ytt\u00f6isyys, joustavuus ja tilojen helppo muunneltavuus. Lopputuloksena syntyi uuden opetussuunnitelman mukainen yhteis\u00f6llisyytt\u00e4 tukeva, joustava ja viihtyis\u00e4 oppimisymp\u00e4rist\u00f6.<\/p>\n<p>Tiloja jaettiin pienempiin osiin HSL Groupin toimittamilla kotimaisilla j\u00e4rjestelm\u00e4v\u00e4liseinill\u00e4. Seinien suuret lasipinnat tuovat jaettuihin tiloihin valoa ja tammiviilutetut puitteet antavat seinille ajattoman tyylikk\u00e4\u00e4n ulkoasun. Seinien \u00e4\u00e4nenerist\u00e4vyys toteutettiin kunkin tilan vaatimustason mukaisesti ja se on lasityypist\u00e4 riippuen Rw32-49dB. Kokonaisuus viimeisteltiin tammiviilutetuilla \u00e4\u00e4nt\u00e4 erist\u00e4vill\u00e4 k\u00e4\u00e4nt\u00f6ovilla.<\/p>\n<p>Muuhun rakennuskokonaisuuteen visuaalisesti yhteensopivilla puulasiseinill\u00e4 luotiin mm. ty\u00f6huoneita, neuvottelutiloja, opetustiloja ja p\u00e4iv\u00e4kodin tarpeisiin suunniteltuja tiloja. Esteet\u00f6n n\u00e4kym\u00e4 tilasta toiseen tukee yhteis\u00f6llisyytt\u00e4, helpottaa havainnointia ja tuo tiloihin avaruuden tuntua.<\/p>\n<p>Muuntojoustavat j\u00e4rjestelm\u00e4v\u00e4lisein\u00e4t soveltuvat ominaisuuksiensa puolesta hyvin vaativaan oppilaitosymp\u00e4rist\u00f6\u00f6n ja niill\u00e4 toteutetut tilat on tarpeen mukaan muunneltavissa nopeasti ja p\u00f6lytt\u00f6m\u00e4sti. HSL Groupin ammattilaiset vastaavat seinien ja ovien yll\u00e4pito- ja muutost\u00f6ist\u00e4, asiakkaan niin halutessa, kohteen koko elinkaaren ajan.<\/p>[\/et_pb_text][\/et_pb_column][\/et_pb_row][et_pb_row admin_label=&#8221;Rivi&#8221; _builder_version=&#8221;3.25&#8243; background_size=&#8221;initial&#8221; background_position=&#8221;top_left&#8221; background_repeat=&#8221;repeat&#8221; global_colors_info=&#8221;{}&#8221;][et_pb_column type=&#8221;4_4&#8243; _builder_version=&#8221;3.25&#8243; custom_padding=&#8221;|||&#8221; global_colors_info=&#8221;{}&#8221; custom_padding__hover=&#8221;|||&#8221;][et_pb_gallery gallery_ids=&#8221;2284,2285,2286,2282,2281,2280,2279&#8243; posts_number=&#8221;7&#8243; show_title_and_caption=&#8221;off&#8221; show_pagination=&#8221;off&#8221; admin_label=&#8221;Galleria&#8221; _builder_version=&#8221;4.14.7&#8243; hover_enabled=&#8221;0&#8243; use_border_color=&#8221;off&#8221; border_color=&#8221;#ffffff&#8221; border_style=&#8221;solid&#8221; global_colors_info=&#8221;{}&#8221; sticky_enabled=&#8221;0&#8243;] [\/et_pb_gallery][\/et_pb_column][\/et_pb_row][\/et_pb_section]\n\n","protected":false},"excerpt":{"rendered":"<p>Sinil\u00e4hde-talo Heinola Heinolassa otettiin k\u00e4ytt\u00f6\u00f6n uusi tyylik\u00e4s oppilaitos, joka on nimetty sijaintinsa mukaan Sinil\u00e4hde-taloksi. Uudiskohde tarjoaa tilat 84 p\u00e4iv\u00e4kotilaiselle ja 150 koululaiselle liikuntapaikkoineen ja erikoisluokkineen. Useat talon tiloista ovat my\u00f6s kaupunkilaisten vuokrattavissa liikunta-, juhla- ja kokoontumistiloiksi ja luonnonl\u00e4heinen piha-alue toimii monipuolisena liikuntapaikkana kaiken ik\u00e4isille kaupunkilaisille. J\u00e4rjestelm\u00e4seinill\u00e4 luotiin monipuoliset ja joustavat tilat Kohteen suunnittelussa huomioitiin monik\u00e4ytt\u00f6isyys, [&hellip;]<\/p>\n","protected":false},"author":1,"featured_media":0,"parent":52,"menu_order":0,"comment_status":"closed","ping_status":"closed","template":"","meta":{"_et_pb_use_builder":"on","_et_pb_old_content":"","_et_gb_content_width":"","footnotes":""},"class_list":["post-2273","page","type-page","status-publish","hentry"],"yoast_head":"<!-- This site is optimized with the Yoast SEO plugin v27.4 - https:\/\/yoast.com\/product\/yoast-seo-wordpress\/ -->\n<title>Sinil\u00e4hde talon monipuoliset ja joustavat tilat - HSL Group Oy<\/title>\n<meta name=\"description\" content=\"Sinil\u00e4hteen kouluun luotiin monipuoliset ja joustavat tilat HSL Groupin toimittamilla kotimaisilla j\u00e4rjestelm\u00e4v\u00e4liseinill\u00e4\" \/>\n<meta name=\"robots\" content=\"index, follow, max-snippet:-1, max-image-preview:large, max-video-preview:-1\" \/>\n<link rel=\"canonical\" href=\"https:\/\/en.hslgroup.fi\/en\/portfolio\/sinilahde-talo\/\" \/>\n<meta property=\"og:locale\" content=\"en_GB\" \/>\n<meta property=\"og:type\" content=\"article\" \/>\n<meta property=\"og:title\" content=\"Sinil\u00e4hde talon monipuoliset ja joustavat tilat - HSL Group Oy\" \/>\n<meta property=\"og:description\" content=\"Sinil\u00e4hteen kouluun luotiin monipuoliset ja joustavat tilat HSL Groupin toimittamilla kotimaisilla j\u00e4rjestelm\u00e4v\u00e4liseinill\u00e4\" \/>\n<meta property=\"og:url\" content=\"https:\/\/en.hslgroup.fi\/en\/portfolio\/sinilahde-talo\/\" \/>\n<meta property=\"og:site_name\" content=\"HSL Group Oy\" \/>\n<meta property=\"article:publisher\" content=\"https:\/\/facebook.com\/hslgroupoy\" \/>\n<meta property=\"article:modified_time\" content=\"2022-03-16T12:11:48+00:00\" \/>\n<meta name=\"twitter:card\" content=\"summary_large_image\" \/>\n<meta name=\"twitter:label1\" content=\"Estimated reading time\" \/>\n\t<meta name=\"twitter:data1\" content=\"2 minutes\" \/>\n<script type=\"application\/ld+json\" class=\"yoast-schema-graph\">{\"@context\":\"https:\\\/\\\/schema.org\",\"@graph\":[{\"@type\":\"WebPage\",\"@id\":\"https:\\\/\\\/en.hslgroup.fi\\\/portfolio\\\/sinilahde-talo\\\/\",\"url\":\"https:\\\/\\\/en.hslgroup.fi\\\/portfolio\\\/sinilahde-talo\\\/\",\"name\":\"Sinil\u00e4hde talon monipuoliset ja joustavat tilat - HSL Group Oy\",\"isPartOf\":{\"@id\":\"https:\\\/\\\/en.hslgroup.fi\\\/en\\\/#website\"},\"datePublished\":\"2022-01-31T08:49:37+00:00\",\"dateModified\":\"2022-03-16T12:11:48+00:00\",\"description\":\"Sinil\u00e4hteen kouluun luotiin monipuoliset ja joustavat tilat HSL Groupin toimittamilla kotimaisilla j\u00e4rjestelm\u00e4v\u00e4liseinill\u00e4\",\"breadcrumb\":{\"@id\":\"https:\\\/\\\/en.hslgroup.fi\\\/portfolio\\\/sinilahde-talo\\\/#breadcrumb\"},\"inLanguage\":\"en-GB\",\"potentialAction\":[{\"@type\":\"ReadAction\",\"target\":[\"https:\\\/\\\/en.hslgroup.fi\\\/portfolio\\\/sinilahde-talo\\\/\"]}]},{\"@type\":\"BreadcrumbList\",\"@id\":\"https:\\\/\\\/en.hslgroup.fi\\\/portfolio\\\/sinilahde-talo\\\/#breadcrumb\",\"itemListElement\":[{\"@type\":\"ListItem\",\"position\":1,\"name\":\"Etusivu\",\"item\":\"https:\\\/\\\/en.hslgroup.fi\\\/fi\\\/\"},{\"@type\":\"ListItem\",\"position\":2,\"name\":\"Referenssit\",\"item\":\"https:\\\/\\\/en.hslgroup.fi\\\/portfolio\\\/\"},{\"@type\":\"ListItem\",\"position\":3,\"name\":\"Sinil\u00e4hde talo\"}]},{\"@type\":\"WebSite\",\"@id\":\"https:\\\/\\\/en.hslgroup.fi\\\/en\\\/#website\",\"url\":\"https:\\\/\\\/en.hslgroup.fi\\\/en\\\/\",\"name\":\"HSL Group Oy\",\"description\":\"J\u00e4rjestelm\u00e4v\u00e4lisein\u00e4t, siirtosein\u00e4t ja minitilaratkaisut\",\"publisher\":{\"@id\":\"https:\\\/\\\/en.hslgroup.fi\\\/en\\\/#organization\"},\"potentialAction\":[{\"@type\":\"SearchAction\",\"target\":{\"@type\":\"EntryPoint\",\"urlTemplate\":\"https:\\\/\\\/en.hslgroup.fi\\\/en\\\/?s={search_term_string}\"},\"query-input\":{\"@type\":\"PropertyValueSpecification\",\"valueRequired\":true,\"valueName\":\"search_term_string\"}}],\"inLanguage\":\"en-GB\"},{\"@type\":\"Organization\",\"@id\":\"https:\\\/\\\/en.hslgroup.fi\\\/en\\\/#organization\",\"name\":\"HSL Group Oy\",\"url\":\"https:\\\/\\\/en.hslgroup.fi\\\/en\\\/\",\"logo\":{\"@type\":\"ImageObject\",\"inLanguage\":\"en-GB\",\"@id\":\"https:\\\/\\\/en.hslgroup.fi\\\/en\\\/#\\\/schema\\\/logo\\\/image\\\/\",\"url\":\"https:\\\/\\\/en.hslgroup.fi\\\/wp-content\\\/uploads\\\/2016\\\/07\\\/hsl_logo.jpg\",\"contentUrl\":\"https:\\\/\\\/en.hslgroup.fi\\\/wp-content\\\/uploads\\\/2016\\\/07\\\/hsl_logo.jpg\",\"width\":125,\"height\":60,\"caption\":\"HSL Group Oy\"},\"image\":{\"@id\":\"https:\\\/\\\/en.hslgroup.fi\\\/en\\\/#\\\/schema\\\/logo\\\/image\\\/\"},\"sameAs\":[\"https:\\\/\\\/facebook.com\\\/hslgroupoy\",\"https:\\\/\\\/linkedin.com\\\/company\\\/hsl-group\"]}]}<\/script>\n<!-- \/ Yoast SEO plugin. -->","yoast_head_json":{"title":"Sinil\u00e4hde talo's versatile and flexible spaces - HSL Group LLC","description":"versatile and flexible spaces were created for sinil\u00e4hde koulu with HSL Group's domestic partition wall systems","robots":{"index":"index","follow":"follow","max-snippet":"max-snippet:-1","max-image-preview":"max-image-preview:large","max-video-preview":"max-video-preview:-1"},"canonical":"https:\/\/en.hslgroup.fi\/en\/portfolio\/sinilahde-talo\/","og_locale":"en_GB","og_type":"article","og_title":"Sinil\u00e4hde talon monipuoliset ja joustavat tilat - HSL Group Oy","og_description":"Sinil\u00e4hteen kouluun luotiin monipuoliset ja joustavat tilat HSL Groupin toimittamilla kotimaisilla j\u00e4rjestelm\u00e4v\u00e4liseinill\u00e4","og_url":"https:\/\/en.hslgroup.fi\/en\/portfolio\/sinilahde-talo\/","og_site_name":"HSL Group Oy","article_publisher":"https:\/\/facebook.com\/hslgroupoy","article_modified_time":"2022-03-16T12:11:48+00:00","twitter_card":"summary_large_image","twitter_misc":{"Estimated reading time":"2 minutes"},"schema":{"@context":"https:\/\/schema.org","@graph":[{"@type":"WebPage","@id":"https:\/\/en.hslgroup.fi\/portfolio\/sinilahde-talo\/","url":"https:\/\/en.hslgroup.fi\/portfolio\/sinilahde-talo\/","name":"Sinil\u00e4hde talo's versatile and flexible spaces - HSL Group LLC","isPartOf":{"@id":"https:\/\/en.hslgroup.fi\/en\/#website"},"datePublished":"2022-01-31T08:49:37+00:00","dateModified":"2022-03-16T12:11:48+00:00","description":"versatile and flexible spaces were created for sinil\u00e4hde koulu with HSL Group's domestic partition wall systems","breadcrumb":{"@id":"https:\/\/en.hslgroup.fi\/portfolio\/sinilahde-talo\/#breadcrumb"},"inLanguage":"en-GB","potentialAction":[{"@type":"ReadAction","target":["https:\/\/en.hslgroup.fi\/portfolio\/sinilahde-talo\/"]}]},{"@type":"BreadcrumbList","@id":"https:\/\/en.hslgroup.fi\/portfolio\/sinilahde-talo\/#breadcrumb","itemListElement":[{"@type":"ListItem","position":1,"name":"Etusivu","item":"https:\/\/en.hslgroup.fi\/fi\/"},{"@type":"ListItem","position":2,"name":"Referenssit","item":"https:\/\/en.hslgroup.fi\/portfolio\/"},{"@type":"ListItem","position":3,"name":"Sinil\u00e4hde talo"}]},{"@type":"WebSite","@id":"https:\/\/en.hslgroup.fi\/en\/#website","url":"https:\/\/en.hslgroup.fi\/en\/","name":"HSL Group LLC","description":"J\u00e4rjestelm\u00e4v\u00e4lisein\u00e4t, siirtosein\u00e4t ja minitilaratkaisut","publisher":{"@id":"https:\/\/en.hslgroup.fi\/en\/#organization"},"potentialAction":[{"@type":"SearchAction","target":{"@type":"EntryPoint","urlTemplate":"https:\/\/en.hslgroup.fi\/en\/?s={search_term_string}"},"query-input":{"@type":"PropertyValueSpecification","valueRequired":true,"valueName":"search_term_string"}}],"inLanguage":"en-GB"},{"@type":"Organization","@id":"https:\/\/en.hslgroup.fi\/en\/#organization","name":"HSL Group LLC","url":"https:\/\/en.hslgroup.fi\/en\/","logo":{"@type":"ImageObject","inLanguage":"en-GB","@id":"https:\/\/en.hslgroup.fi\/en\/#\/schema\/logo\/image\/","url":"https:\/\/en.hslgroup.fi\/wp-content\/uploads\/2016\/07\/hsl_logo.jpg","contentUrl":"https:\/\/en.hslgroup.fi\/wp-content\/uploads\/2016\/07\/hsl_logo.jpg","width":125,"height":60,"caption":"HSL Group Oy"},"image":{"@id":"https:\/\/en.hslgroup.fi\/en\/#\/schema\/logo\/image\/"},"sameAs":["https:\/\/facebook.com\/hslgroupoy","https:\/\/linkedin.com\/company\/hsl-group"]}]}},"_links":{"self":[{"href":"https:\/\/en.hslgroup.fi\/en\/wp-json\/wp\/v2\/pages\/2273","targetHints":{"allow":["GET"]}}],"collection":[{"href":"https:\/\/en.hslgroup.fi\/en\/wp-json\/wp\/v2\/pages"}],"about":[{"href":"https:\/\/en.hslgroup.fi\/en\/wp-json\/wp\/v2\/types\/page"}],"author":[{"embeddable":true,"href":"https:\/\/en.hslgroup.fi\/en\/wp-json\/wp\/v2\/users\/1"}],"replies":[{"embeddable":true,"href":"https:\/\/en.hslgroup.fi\/en\/wp-json\/wp\/v2\/comments?post=2273"}],"version-history":[{"count":5,"href":"https:\/\/en.hslgroup.fi\/en\/wp-json\/wp\/v2\/pages\/2273\/revisions"}],"predecessor-version":[{"id":2509,"href":"https:\/\/en.hslgroup.fi\/en\/wp-json\/wp\/v2\/pages\/2273\/revisions\/2509"}],"up":[{"embeddable":true,"href":"https:\/\/en.hslgroup.fi\/en\/wp-json\/wp\/v2\/pages\/52"}],"wp:attachment":[{"href":"https:\/\/en.hslgroup.fi\/en\/wp-json\/wp\/v2\/media?parent=2273"}],"curies":[{"name":"wp","href":"https:\/\/api.w.org\/{rel}","templated":true}]}}