{"id":2222,"date":"2021-12-08T13:49:05","date_gmt":"2021-12-08T11:49:05","guid":{"rendered":"https:\/\/en.hslgroup.fi\/?page_id=2222"},"modified":"2022-03-16T14:02:26","modified_gmt":"2022-03-16T12:02:26","slug":"kyocera-espoo","status":"publish","type":"page","link":"https:\/\/en.hslgroup.fi\/en\/portfolio\/kyocera-espoo\/","title":{"rendered":"Kyocera Espoo"},"content":{"rendered":"\n[et_pb_section fb_built=&#8221;1&#8243; admin_label=&#8221;section&#8221; _builder_version=&#8221;3.22&#8243; global_colors_info=&#8221;{}&#8221;][et_pb_row admin_label=&#8221;Rivi&#8221; _builder_version=&#8221;3.25&#8243; background_size=&#8221;initial&#8221; background_position=&#8221;top_left&#8221; background_repeat=&#8221;repeat&#8221; global_colors_info=&#8221;{}&#8221;][et_pb_column type=&#8221;4_4&#8243; _builder_version=&#8221;3.25&#8243; custom_padding=&#8221;|||&#8221; global_colors_info=&#8221;{}&#8221; custom_padding__hover=&#8221;|||&#8221;][et_pb_text admin_label=&#8221;Teksti&#8221; _builder_version=&#8221;4.14.2&#8243; background_size=&#8221;initial&#8221; background_position=&#8221;top_left&#8221; background_repeat=&#8221;repeat&#8221; hover_enabled=&#8221;0&#8243; use_border_color=&#8221;off&#8221; border_color=&#8221;#ffffff&#8221; border_style=&#8221;solid&#8221; global_colors_info=&#8221;{}&#8221; sticky_enabled=&#8221;0&#8243;]<h1>Kyocera Espoo neuvottelutila<\/h1>[\/et_pb_text][\/et_pb_column][\/et_pb_row][et_pb_row admin_label=&#8221;Rivi&#8221; _builder_version=&#8221;3.25&#8243; background_size=&#8221;initial&#8221; background_position=&#8221;top_left&#8221; background_repeat=&#8221;repeat&#8221; global_colors_info=&#8221;{}&#8221;][et_pb_column type=&#8221;4_4&#8243; _builder_version=&#8221;3.25&#8243; custom_padding=&#8221;|||&#8221; global_colors_info=&#8221;{}&#8221; custom_padding__hover=&#8221;|||&#8221;][et_pb_image src=&#8221;https:\/\/en.hslgroup.fi\/wp-content\/uploads\/2021\/12\/HSL_Group_neuvottelutila_kyocera_Espoo.jpg&#8221; alt=&#8221;HSL_Group_neuvottelutila_kyocera_Espoo&#8221; title_text=&#8221;HSL_Group_neuvottelutila_kyocera_Espoo&#8221; show_in_lightbox=&#8221;on&#8221; align_tablet=&#8221;center&#8221; align_phone=&#8221;&#8221; align_last_edited=&#8221;on|desktop&#8221; admin_label=&#8221;Kuva&#8221; _builder_version=&#8221;4.14.2&#8243; animation_style=&#8221;slide&#8221; animation_direction=&#8221;left&#8221; animation_duration=&#8221;500ms&#8221; animation_intensity_slide=&#8221;10%&#8221; hover_enabled=&#8221;0&#8243; use_border_color=&#8221;off&#8221; border_color=&#8221;#ffffff&#8221; border_style=&#8221;solid&#8221; animation=&#8221;left&#8221; sticky=&#8221;off&#8221; always_center_on_mobile=&#8221;on&#8221; global_colors_info=&#8221;{}&#8221; sticky_enabled=&#8221;0&#8243;] [\/et_pb_image][\/et_pb_column][\/et_pb_row][et_pb_row admin_label=&#8221;row&#8221; _builder_version=&#8221;3.25&#8243; background_size=&#8221;initial&#8221; background_position=&#8221;top_left&#8221; background_repeat=&#8221;repeat&#8221; global_colors_info=&#8221;{}&#8221;][et_pb_column type=&#8221;4_4&#8243; _builder_version=&#8221;3.25&#8243; custom_padding=&#8221;|||&#8221; global_colors_info=&#8221;{}&#8221; custom_padding__hover=&#8221;|||&#8221;][et_pb_text admin_label=&#8221;Teksti&#8221; _builder_version=&#8221;4.14.2&#8243; background_size=&#8221;initial&#8221; background_position=&#8221;top_left&#8221; background_repeat=&#8221;repeat&#8221; hover_enabled=&#8221;0&#8243; use_border_color=&#8221;off&#8221; border_color=&#8221;#ffffff&#8221; border_style=&#8221;solid&#8221; global_colors_info=&#8221;{}&#8221; sticky_enabled=&#8221;0&#8243;]<p>Kun yrityksen nykyisiin toimitiloihin halutaan luoda uusia rauhallisia ty\u00f6tiloja yksil\u00f6- ja ryhm\u00e4ty\u00f6skentelyn tarpeisiin, modulirakenteiset minitilat ovat t\u00e4h\u00e4n oivallinen ratkaisu. Toimiston olemassa olevat rakenteet ja talotekniikka voidaan j\u00e4tt\u00e4\u00e4 ennalleen, jolloin toteutus on nopea ja p\u00f6lyt\u00f6n. Ja tarvittaessa tila voidaan my\u00f6hemmin my\u00f6s siirt\u00e4\u00e4 toiseen paikkaan.<\/p>\n<h4>Moderni neuvottelutila perinteiseen avokonttoriin<\/h4>\n<p>Espoon Tietotiell\u00e4 sijaitsevaan Kyoceran avotoimistoon luotiin tyylik\u00e4s ja nykyaikainen neuvottelutila HSL Groupin minitilaratkaisuilla. Moduulirakenteisessa tilassa yksi seinist\u00e4 on kokonaan lasia ja loput kolme on umpirakenteisia. Lasisein\u00e4 tuo tilaan avaruutta ja luonnonvaloa, ja muut sein\u00e4t mahdollistavat kiinnityspisteet mm. valaistukselle ja suurelle esitys- ja videoneuvottelun\u00e4yt\u00f6lle.<\/p>\n<p>Tila toteutettiin asiakkaan toivomilla ominaisuuksilla ja asiakkaan antamien mittojen mukaan. Kokousp\u00f6yd\u00e4n \u00e4\u00e4rest\u00e4 l\u00f6ytyykin nyt tilaa jopa 7 henkil\u00f6lle. Tilasta l\u00f6ytyy luonnollisesti data ja s\u00e4hk\u00f6nsy\u00f6tt\u00f6 sek\u00e4 itsen\u00e4inen valaistus ja ilmanvaihto.<\/p>\n<p>Neuvottelutilan kaikki rakenteet on \u00e4\u00e4nieristettyj\u00e4, joten ty\u00f6rauha sek\u00e4 tilassa k\u00e4ytyjen keskusteluiden yksityisyys on taattu. Tilan asianmukaisesta akustiikasta huolehdittiin jo toteutusvaiheessa katon ja seinien akustiikkalevyill\u00e4 sek\u00e4 lattiamatolla. Hyv\u00e4n akustiikan, valaistuksen ja ilmanvaihdon ansiosta tilassa ty\u00f6skentely on miellytt\u00e4v\u00e4\u00e4 useankin henkil\u00f6n ryhmiss\u00e4.<\/p>\n<p>Neuvottelutila toimitettiin asiakkaalle \u201cavaimet k\u00e4teen\u201d pakettina lopulliseen asennukseen asti. HSL Groupin ammattiasentajat vastaavat minitilan rakenteiden yll\u00e4pidosta ja muutost\u00f6ist\u00e4, asiakkaan niin halutessa, kohteen koko elinkaaren ajan.<\/p>[\/et_pb_text][\/et_pb_column][\/et_pb_row][et_pb_row admin_label=&#8221;Rivi&#8221; _builder_version=&#8221;3.25&#8243; background_size=&#8221;initial&#8221; background_position=&#8221;top_left&#8221; background_repeat=&#8221;repeat&#8221; global_colors_info=&#8221;{}&#8221;][et_pb_column type=&#8221;4_4&#8243; _builder_version=&#8221;3.25&#8243; custom_padding=&#8221;|||&#8221; global_colors_info=&#8221;{}&#8221; custom_padding__hover=&#8221;|||&#8221;][et_pb_gallery gallery_ids=&#8221;2227,2230,2231,2229&#8243; show_title_and_caption=&#8221;off&#8221; show_pagination=&#8221;off&#8221; admin_label=&#8221;Galleria&#8221; _builder_version=&#8221;4.14.2&#8243; hover_enabled=&#8221;0&#8243; use_border_color=&#8221;off&#8221; border_color=&#8221;#ffffff&#8221; border_style=&#8221;solid&#8221; global_colors_info=&#8221;{}&#8221; sticky_enabled=&#8221;0&#8243;] [\/et_pb_gallery][\/et_pb_column][\/et_pb_row][\/et_pb_section]\n","protected":false},"excerpt":{"rendered":"<p>Kyocera Espoo neuvottelutila Kun yrityksen nykyisiin toimitiloihin halutaan luoda uusia rauhallisia ty\u00f6tiloja yksil\u00f6- ja ryhm\u00e4ty\u00f6skentelyn tarpeisiin, modulirakenteiset minitilat ovat t\u00e4h\u00e4n oivallinen ratkaisu. Toimiston olemassa olevat rakenteet ja talotekniikka voidaan j\u00e4tt\u00e4\u00e4 ennalleen, jolloin toteutus on nopea ja p\u00f6lyt\u00f6n. Ja tarvittaessa tila voidaan my\u00f6hemmin my\u00f6s siirt\u00e4\u00e4 toiseen paikkaan. Moderni neuvottelutila perinteiseen avokonttoriin Espoon Tietotiell\u00e4 sijaitsevaan Kyoceran avotoimistoon [&hellip;]<\/p>\n","protected":false},"author":1,"featured_media":0,"parent":52,"menu_order":0,"comment_status":"closed","ping_status":"closed","template":"","meta":{"_et_pb_use_builder":"on","_et_pb_old_content":"","_et_gb_content_width":"","footnotes":""},"class_list":["post-2222","page","type-page","status-publish","hentry"],"yoast_head":"<!-- This site is optimized with the Yoast SEO plugin v27.4 - https:\/\/yoast.com\/product\/yoast-seo-wordpress\/ -->\n<title>Kyocera Espoo neuvottelutilat - HSL Group Oy<\/title>\n<meta name=\"description\" content=\"Espoon Tietotiell\u00e4 sijaitsevaan Kyoceran avotoimistoon luotiin tyylik\u00e4s ja nykyaikainen neuvottelutila HSL Groupin minitilaratkaisuilla\" \/>\n<meta name=\"robots\" content=\"index, follow, max-snippet:-1, max-image-preview:large, max-video-preview:-1\" \/>\n<link rel=\"canonical\" href=\"https:\/\/en.hslgroup.fi\/en\/portfolio\/kyocera-espoo\/\" \/>\n<meta property=\"og:locale\" content=\"en_GB\" \/>\n<meta property=\"og:type\" content=\"article\" \/>\n<meta property=\"og:title\" content=\"Kyocera Espoo neuvottelutilat - HSL Group Oy\" \/>\n<meta property=\"og:description\" content=\"Espoon Tietotiell\u00e4 sijaitsevaan Kyoceran avotoimistoon luotiin tyylik\u00e4s ja nykyaikainen neuvottelutila HSL Groupin minitilaratkaisuilla\" \/>\n<meta property=\"og:url\" content=\"https:\/\/en.hslgroup.fi\/en\/portfolio\/kyocera-espoo\/\" \/>\n<meta property=\"og:site_name\" content=\"HSL Group Oy\" \/>\n<meta property=\"article:publisher\" content=\"https:\/\/facebook.com\/hslgroupoy\" \/>\n<meta property=\"article:modified_time\" content=\"2022-03-16T12:02:26+00:00\" \/>\n<meta name=\"twitter:card\" content=\"summary_large_image\" \/>\n<meta name=\"twitter:label1\" content=\"Estimated reading time\" \/>\n\t<meta name=\"twitter:data1\" content=\"2 minutes\" \/>\n<script type=\"application\/ld+json\" class=\"yoast-schema-graph\">{\"@context\":\"https:\\\/\\\/schema.org\",\"@graph\":[{\"@type\":\"WebPage\",\"@id\":\"https:\\\/\\\/en.hslgroup.fi\\\/portfolio\\\/kyocera-espoo\\\/\",\"url\":\"https:\\\/\\\/en.hslgroup.fi\\\/portfolio\\\/kyocera-espoo\\\/\",\"name\":\"Kyocera Espoo neuvottelutilat - HSL Group Oy\",\"isPartOf\":{\"@id\":\"https:\\\/\\\/en.hslgroup.fi\\\/en\\\/#website\"},\"datePublished\":\"2021-12-08T11:49:05+00:00\",\"dateModified\":\"2022-03-16T12:02:26+00:00\",\"description\":\"Espoon Tietotiell\u00e4 sijaitsevaan Kyoceran avotoimistoon luotiin tyylik\u00e4s ja nykyaikainen neuvottelutila HSL Groupin minitilaratkaisuilla\",\"breadcrumb\":{\"@id\":\"https:\\\/\\\/en.hslgroup.fi\\\/portfolio\\\/kyocera-espoo\\\/#breadcrumb\"},\"inLanguage\":\"en-GB\",\"potentialAction\":[{\"@type\":\"ReadAction\",\"target\":[\"https:\\\/\\\/en.hslgroup.fi\\\/portfolio\\\/kyocera-espoo\\\/\"]}]},{\"@type\":\"BreadcrumbList\",\"@id\":\"https:\\\/\\\/en.hslgroup.fi\\\/portfolio\\\/kyocera-espoo\\\/#breadcrumb\",\"itemListElement\":[{\"@type\":\"ListItem\",\"position\":1,\"name\":\"Etusivu\",\"item\":\"https:\\\/\\\/en.hslgroup.fi\\\/fi\\\/\"},{\"@type\":\"ListItem\",\"position\":2,\"name\":\"Referenssit\",\"item\":\"https:\\\/\\\/en.hslgroup.fi\\\/portfolio\\\/\"},{\"@type\":\"ListItem\",\"position\":3,\"name\":\"Kyocera Espoo\"}]},{\"@type\":\"WebSite\",\"@id\":\"https:\\\/\\\/en.hslgroup.fi\\\/en\\\/#website\",\"url\":\"https:\\\/\\\/en.hslgroup.fi\\\/en\\\/\",\"name\":\"HSL Group Oy\",\"description\":\"J\u00e4rjestelm\u00e4v\u00e4lisein\u00e4t, siirtosein\u00e4t ja minitilaratkaisut\",\"publisher\":{\"@id\":\"https:\\\/\\\/en.hslgroup.fi\\\/en\\\/#organization\"},\"potentialAction\":[{\"@type\":\"SearchAction\",\"target\":{\"@type\":\"EntryPoint\",\"urlTemplate\":\"https:\\\/\\\/en.hslgroup.fi\\\/en\\\/?s={search_term_string}\"},\"query-input\":{\"@type\":\"PropertyValueSpecification\",\"valueRequired\":true,\"valueName\":\"search_term_string\"}}],\"inLanguage\":\"en-GB\"},{\"@type\":\"Organization\",\"@id\":\"https:\\\/\\\/en.hslgroup.fi\\\/en\\\/#organization\",\"name\":\"HSL Group Oy\",\"url\":\"https:\\\/\\\/en.hslgroup.fi\\\/en\\\/\",\"logo\":{\"@type\":\"ImageObject\",\"inLanguage\":\"en-GB\",\"@id\":\"https:\\\/\\\/en.hslgroup.fi\\\/en\\\/#\\\/schema\\\/logo\\\/image\\\/\",\"url\":\"https:\\\/\\\/en.hslgroup.fi\\\/wp-content\\\/uploads\\\/2016\\\/07\\\/hsl_logo.jpg\",\"contentUrl\":\"https:\\\/\\\/en.hslgroup.fi\\\/wp-content\\\/uploads\\\/2016\\\/07\\\/hsl_logo.jpg\",\"width\":125,\"height\":60,\"caption\":\"HSL Group Oy\"},\"image\":{\"@id\":\"https:\\\/\\\/en.hslgroup.fi\\\/en\\\/#\\\/schema\\\/logo\\\/image\\\/\"},\"sameAs\":[\"https:\\\/\\\/facebook.com\\\/hslgroupoy\",\"https:\\\/\\\/linkedin.com\\\/company\\\/hsl-group\"]}]}<\/script>\n<!-- \/ Yoast SEO plugin. -->","yoast_head_json":{"title":"Kyocera Espoo office meeting pods - HSL Group LLC","description":"In an open office Located in Espoo's Tietotie, was created a stylish and a modern office meeting pod with HSL Group's mini solutions.","robots":{"index":"index","follow":"follow","max-snippet":"max-snippet:-1","max-image-preview":"max-image-preview:large","max-video-preview":"max-video-preview:-1"},"canonical":"https:\/\/en.hslgroup.fi\/en\/portfolio\/kyocera-espoo\/","og_locale":"en_GB","og_type":"article","og_title":"Kyocera Espoo neuvottelutilat - HSL Group Oy","og_description":"Espoon Tietotiell\u00e4 sijaitsevaan Kyoceran avotoimistoon luotiin tyylik\u00e4s ja nykyaikainen neuvottelutila HSL Groupin minitilaratkaisuilla","og_url":"https:\/\/en.hslgroup.fi\/en\/portfolio\/kyocera-espoo\/","og_site_name":"HSL Group Oy","article_publisher":"https:\/\/facebook.com\/hslgroupoy","article_modified_time":"2022-03-16T12:02:26+00:00","twitter_card":"summary_large_image","twitter_misc":{"Estimated reading time":"2 minutes"},"schema":{"@context":"https:\/\/schema.org","@graph":[{"@type":"WebPage","@id":"https:\/\/en.hslgroup.fi\/portfolio\/kyocera-espoo\/","url":"https:\/\/en.hslgroup.fi\/portfolio\/kyocera-espoo\/","name":"Kyocera Espoo office meeting pods - HSL Group LLC","isPartOf":{"@id":"https:\/\/en.hslgroup.fi\/en\/#website"},"datePublished":"2021-12-08T11:49:05+00:00","dateModified":"2022-03-16T12:02:26+00:00","description":"In an open office Located in Espoo's Tietotie, was created a stylish and a modern office meeting pod with HSL Group's mini solutions.","breadcrumb":{"@id":"https:\/\/en.hslgroup.fi\/portfolio\/kyocera-espoo\/#breadcrumb"},"inLanguage":"en-GB","potentialAction":[{"@type":"ReadAction","target":["https:\/\/en.hslgroup.fi\/portfolio\/kyocera-espoo\/"]}]},{"@type":"BreadcrumbList","@id":"https:\/\/en.hslgroup.fi\/portfolio\/kyocera-espoo\/#breadcrumb","itemListElement":[{"@type":"ListItem","position":1,"name":"Etusivu","item":"https:\/\/en.hslgroup.fi\/fi\/"},{"@type":"ListItem","position":2,"name":"Referenssit","item":"https:\/\/en.hslgroup.fi\/portfolio\/"},{"@type":"ListItem","position":3,"name":"Kyocera Espoo"}]},{"@type":"WebSite","@id":"https:\/\/en.hslgroup.fi\/en\/#website","url":"https:\/\/en.hslgroup.fi\/en\/","name":"HSL Group LLC","description":"J\u00e4rjestelm\u00e4v\u00e4lisein\u00e4t, siirtosein\u00e4t ja minitilaratkaisut","publisher":{"@id":"https:\/\/en.hslgroup.fi\/en\/#organization"},"potentialAction":[{"@type":"SearchAction","target":{"@type":"EntryPoint","urlTemplate":"https:\/\/en.hslgroup.fi\/en\/?s={search_term_string}"},"query-input":{"@type":"PropertyValueSpecification","valueRequired":true,"valueName":"search_term_string"}}],"inLanguage":"en-GB"},{"@type":"Organization","@id":"https:\/\/en.hslgroup.fi\/en\/#organization","name":"HSL Group LLC","url":"https:\/\/en.hslgroup.fi\/en\/","logo":{"@type":"ImageObject","inLanguage":"en-GB","@id":"https:\/\/en.hslgroup.fi\/en\/#\/schema\/logo\/image\/","url":"https:\/\/en.hslgroup.fi\/wp-content\/uploads\/2016\/07\/hsl_logo.jpg","contentUrl":"https:\/\/en.hslgroup.fi\/wp-content\/uploads\/2016\/07\/hsl_logo.jpg","width":125,"height":60,"caption":"HSL Group Oy"},"image":{"@id":"https:\/\/en.hslgroup.fi\/en\/#\/schema\/logo\/image\/"},"sameAs":["https:\/\/facebook.com\/hslgroupoy","https:\/\/linkedin.com\/company\/hsl-group"]}]}},"_links":{"self":[{"href":"https:\/\/en.hslgroup.fi\/en\/wp-json\/wp\/v2\/pages\/2222","targetHints":{"allow":["GET"]}}],"collection":[{"href":"https:\/\/en.hslgroup.fi\/en\/wp-json\/wp\/v2\/pages"}],"about":[{"href":"https:\/\/en.hslgroup.fi\/en\/wp-json\/wp\/v2\/types\/page"}],"author":[{"embeddable":true,"href":"https:\/\/en.hslgroup.fi\/en\/wp-json\/wp\/v2\/users\/1"}],"replies":[{"embeddable":true,"href":"https:\/\/en.hslgroup.fi\/en\/wp-json\/wp\/v2\/comments?post=2222"}],"version-history":[{"count":4,"href":"https:\/\/en.hslgroup.fi\/en\/wp-json\/wp\/v2\/pages\/2222\/revisions"}],"predecessor-version":[{"id":2508,"href":"https:\/\/en.hslgroup.fi\/en\/wp-json\/wp\/v2\/pages\/2222\/revisions\/2508"}],"up":[{"embeddable":true,"href":"https:\/\/en.hslgroup.fi\/en\/wp-json\/wp\/v2\/pages\/52"}],"wp:attachment":[{"href":"https:\/\/en.hslgroup.fi\/en\/wp-json\/wp\/v2\/media?parent=2222"}],"curies":[{"name":"wp","href":"https:\/\/api.w.org\/{rel}","templated":true}]}}