{"id":2094,"date":"2021-10-01T09:27:13","date_gmt":"2021-10-01T06:27:13","guid":{"rendered":"https:\/\/en.hslgroup.fi\/?page_id=2094"},"modified":"2022-03-17T10:37:19","modified_gmt":"2022-03-17T08:37:19","slug":"kpy-novapolis-kuopio","status":"publish","type":"page","link":"https:\/\/en.hslgroup.fi\/en\/portfolio\/kpy-novapolis-kuopio\/","title":{"rendered":"KPY Novapolis Kuopio"},"content":{"rendered":"\n[et_pb_section fb_built=&#8221;1&#8243; admin_label=&#8221;section&#8221; _builder_version=&#8221;3.22&#8243; global_colors_info=&#8221;{}&#8221;][et_pb_row admin_label=&#8221;Rivi&#8221; _builder_version=&#8221;3.25&#8243; background_size=&#8221;initial&#8221; background_position=&#8221;top_left&#8221; background_repeat=&#8221;repeat&#8221; global_colors_info=&#8221;{}&#8221;][et_pb_column type=&#8221;4_4&#8243; _builder_version=&#8221;3.25&#8243; custom_padding=&#8221;|||&#8221; global_colors_info=&#8221;{}&#8221; custom_padding__hover=&#8221;|||&#8221;][et_pb_text admin_label=&#8221;Teksti&#8221; _builder_version=&#8221;4.11.0&#8243; background_size=&#8221;initial&#8221; background_position=&#8221;top_left&#8221; background_repeat=&#8221;repeat&#8221; use_border_color=&#8221;off&#8221; border_color=&#8221;#ffffff&#8221; border_style=&#8221;solid&#8221; global_colors_info=&#8221;{}&#8221;]<h1>KPY Novapolis Kuopio<\/h1>[\/et_pb_text][\/et_pb_column][\/et_pb_row][et_pb_row admin_label=&#8221;Rivi&#8221; _builder_version=&#8221;3.25&#8243; background_size=&#8221;initial&#8221; background_position=&#8221;top_left&#8221; background_repeat=&#8221;repeat&#8221; global_colors_info=&#8221;{}&#8221;][et_pb_column type=&#8221;4_4&#8243; _builder_version=&#8221;3.25&#8243; custom_padding=&#8221;|||&#8221; global_colors_info=&#8221;{}&#8221; custom_padding__hover=&#8221;|||&#8221;][et_pb_image src=&#8221;https:\/\/en.hslgroup.fi\/wp-content\/uploads\/2021\/10\/HSL-puulasiseinat-parikaantoovilla-Novapolis-e1633069854298.png&#8221; alt=&#8221;HSL puulasisein\u00e4t parik\u00e4\u00e4nt\u00f6ovilla Novapolis&#8221; title_text=&#8221;HSL puulasisein\u00e4t parik\u00e4\u00e4nt\u00f6ovilla Novapolis&#8221; show_in_lightbox=&#8221;on&#8221; align_tablet=&#8221;center&#8221; align_phone=&#8221;&#8221; align_last_edited=&#8221;on|desktop&#8221; admin_label=&#8221;Kuva&#8221; _builder_version=&#8221;4.11.0&#8243; animation_style=&#8221;slide&#8221; animation_direction=&#8221;left&#8221; animation_duration=&#8221;500ms&#8221; animation_intensity_slide=&#8221;10%&#8221; use_border_color=&#8221;off&#8221; border_color=&#8221;#ffffff&#8221; border_style=&#8221;solid&#8221; animation=&#8221;left&#8221; sticky=&#8221;off&#8221; always_center_on_mobile=&#8221;on&#8221; global_colors_info=&#8221;{}&#8221;] [\/et_pb_image][\/et_pb_column][\/et_pb_row][et_pb_row admin_label=&#8221;row&#8221; _builder_version=&#8221;3.25&#8243; background_size=&#8221;initial&#8221; background_position=&#8221;top_left&#8221; background_repeat=&#8221;repeat&#8221; global_colors_info=&#8221;{}&#8221;][et_pb_column type=&#8221;4_4&#8243; _builder_version=&#8221;3.25&#8243; custom_padding=&#8221;|||&#8221; global_colors_info=&#8221;{}&#8221; custom_padding__hover=&#8221;|||&#8221;][et_pb_text admin_label=&#8221;Teksti&#8221; _builder_version=&#8221;4.11.1&#8243; background_size=&#8221;initial&#8221; background_position=&#8221;top_left&#8221; background_repeat=&#8221;repeat&#8221; hover_enabled=&#8221;0&#8243; use_border_color=&#8221;off&#8221; border_color=&#8221;#ffffff&#8221; border_style=&#8221;solid&#8221; global_colors_info=&#8221;{}&#8221; sticky_enabled=&#8221;0&#8243;]<p>Novapolis toimii Kuopion alueen osaamisen, kehitt\u00e4misen ja kansainv\u00e4listymisen solmukohtana, jossa ihmiset ja yritykset kohtaavat. Sen tiloissa toimii noin 200 asiakasyrityst\u00e4 ja -yhteis\u00f6\u00e4. Osaajien kaupungiksi kutsuttu Novapolis tarjoaa asiakasyrityksilleen modernit toimitilat, kokoustilat, edustustilat, koulutustilat sek\u00e4 muut toiminnan tukipalvelut.<\/p>\n<p><strong>Monipuoliset ja nykyaikaiset tilaratkaisut j\u00e4rjestelm\u00e4v\u00e4liseinill\u00e4<\/strong><\/p>\n<p>Novapoliksesta l\u00f6ytyy suuri m\u00e4\u00e4r\u00e4 erilaisia tiloja joiden helppo muunneltavuus asiakkaiden tarpeiden mukaan on ensisijaisen t\u00e4rke\u00e4\u00e4. Muutosten t\u00e4ytyy tapahtua tiukassa aikataulussa ja h\u00e4irit\u00e4 mahdollisimman v\u00e4h\u00e4n. tilojen k\u00e4ytt\u00f6\u00e4. Siksi tilojen toteutuksessa k\u00e4ytettiin HSL Groupin kotimaisia j\u00e4rjestelm\u00e4v\u00e4liseini\u00e4, joiden ansiosta tilojen muuntelu on nopeaa ja p\u00f6lyt\u00f6nt\u00e4.<\/p>\n<p>Jokainen kohteeseen toimitettu j\u00e4rjestelm\u00e4v\u00e4lisein\u00e4 valmistettiin mittatilausty\u00f6n\u00e4 asiakkaan suunnitelmien mukaisesti materiaaleja ja pintak\u00e4sittely\u00e4 my\u00f6den. N\u00e4in luotiin visuaalisesti ymp\u00e4rist\u00f6n kanssa yhteensopivia ja juuri k\u00e4ytt\u00f6tarpeen mukaisia tilakokonaisuuksia.<\/p>\n<p>Kohteeseen toimitettiin umpiv\u00e4liseini\u00e4, puulasiseini\u00e4, alumiinilasiseini\u00e4, \u00e4lylasiseini\u00e4 sek\u00e4 niihin liitettyj\u00e4 ovikokonaisuuksia liukulasiovilla ja k\u00e4\u00e4nt\u00f6ovilla. Oviymp\u00e4rist\u00f6jen yhteyteen toimitettiin asiakkaan suunnitelmien mukaiset s\u00e4hk\u00f6pielet ja ovien yl\u00e4elementit.<\/p>\n<p>Toimitettujen seinien ja ovien \u00e4\u00e4nenerist\u00e4vyys toteutettiin vastaamaan asiakkaan tilakohtaisia vaatimuksia. Kukin tila takaa k\u00e4ytt\u00e4jilleen ty\u00f6rauhan ja toisaalta tiloissa k\u00e4yt\u00e4vien keskustelujen yksityisyyden. \u00c4lylaseilla varustetut ty\u00f6tilat muuntuvat my\u00f6s n\u00e4kyvyyden osalta yksityisiksi helposti vain nappia painamalla.<\/p>\n<p>T\u00e4ss\u00e4kin kohteessa toimitusvarmuus ja aikatauluissa pysyminen on asiakkaan toiminnan kannalta keskeist\u00e4. Kaikki asiakkaan tilaamat tuotteet toimitettiin ja asennettiin kohteeseen sovittuina ajankohtina omien ammattiasentajiemme toimesta. HSL Group vastaa my\u00f6s toimitettujen tuotteiden yll\u00e4pito ja muutost\u00f6ist\u00e4 asiakkaan kanssa sovitun mukaisesti.<\/p>\n<p>Tutustu oheiseen kohteen esittelyvideoon<\/p>[\/et_pb_text][et_pb_video src=&#8221;https:\/\/youtu.be\/_0kg2iUEM1Q&#8221; _builder_version=&#8221;4.11.0&#8243; _module_preset=&#8221;default&#8221; global_colors_info=&#8221;{}&#8221;][\/et_pb_video][\/et_pb_column][\/et_pb_row][et_pb_row admin_label=&#8221;Rivi&#8221; _builder_version=&#8221;3.25&#8243; background_size=&#8221;initial&#8221; background_position=&#8221;top_left&#8221; background_repeat=&#8221;repeat&#8221; global_colors_info=&#8221;{}&#8221;][et_pb_column type=&#8221;4_4&#8243; _builder_version=&#8221;3.25&#8243; custom_padding=&#8221;|||&#8221; global_colors_info=&#8221;{}&#8221; custom_padding__hover=&#8221;|||&#8221;][et_pb_gallery gallery_ids=&#8221;2102,2100,2101,2103,2104,2097&#8243; posts_number=&#8221;6&#8243; show_title_and_caption=&#8221;off&#8221; show_pagination=&#8221;off&#8221; admin_label=&#8221;Galleria&#8221; _builder_version=&#8221;4.11.0&#8243; use_border_color=&#8221;off&#8221; border_color=&#8221;#ffffff&#8221; border_style=&#8221;solid&#8221; global_colors_info=&#8221;{}&#8221;] [\/et_pb_gallery][\/et_pb_column][\/et_pb_row][\/et_pb_section]\n","protected":false},"excerpt":{"rendered":"<p>KPY Novapolis Kuopio Novapolis toimii Kuopion alueen osaamisen, kehitt\u00e4misen ja kansainv\u00e4listymisen solmukohtana, jossa ihmiset ja yritykset kohtaavat. Sen tiloissa toimii noin 200 asiakasyrityst\u00e4 ja -yhteis\u00f6\u00e4. Osaajien kaupungiksi kutsuttu Novapolis tarjoaa asiakasyrityksilleen modernit toimitilat, kokoustilat, edustustilat, koulutustilat sek\u00e4 muut toiminnan tukipalvelut. Monipuoliset ja nykyaikaiset tilaratkaisut j\u00e4rjestelm\u00e4v\u00e4liseinill\u00e4 Novapoliksesta l\u00f6ytyy suuri m\u00e4\u00e4r\u00e4 erilaisia tiloja joiden helppo muunneltavuus asiakkaiden [&hellip;]<\/p>\n","protected":false},"author":1,"featured_media":0,"parent":52,"menu_order":0,"comment_status":"closed","ping_status":"closed","template":"","meta":{"_et_pb_use_builder":"on","_et_pb_old_content":"","_et_gb_content_width":"","footnotes":""},"class_list":["post-2094","page","type-page","status-publish","hentry"],"yoast_head":"<!-- This site is optimized with the Yoast SEO plugin v27.3 - https:\/\/yoast.com\/product\/yoast-seo-wordpress\/ -->\n<title>KPY Novapolis Kuopio j\u00e4rjestelm\u00e4v\u00e4lisein\u00e4t - HSL Group Oy<\/title>\n<meta name=\"description\" content=\"Jokainen Novapolis Kuopioon toimitettu j\u00e4rjestelm\u00e4v\u00e4lisein\u00e4 valmistettiin mittatilausty\u00f6n\u00e4 asiakkaan suunnitelmien mukaisesti\" \/>\n<meta name=\"robots\" content=\"index, follow, max-snippet:-1, max-image-preview:large, max-video-preview:-1\" \/>\n<link rel=\"canonical\" href=\"https:\/\/en.hslgroup.fi\/en\/portfolio\/kpy-novapolis-kuopio\/\" \/>\n<meta property=\"og:locale\" content=\"en_GB\" \/>\n<meta property=\"og:type\" content=\"article\" \/>\n<meta property=\"og:title\" content=\"KPY Novapolis Kuopio j\u00e4rjestelm\u00e4v\u00e4lisein\u00e4t - HSL Group Oy\" \/>\n<meta property=\"og:description\" content=\"Jokainen Novapolis Kuopioon toimitettu j\u00e4rjestelm\u00e4v\u00e4lisein\u00e4 valmistettiin mittatilausty\u00f6n\u00e4 asiakkaan suunnitelmien mukaisesti\" \/>\n<meta property=\"og:url\" content=\"https:\/\/en.hslgroup.fi\/en\/portfolio\/kpy-novapolis-kuopio\/\" \/>\n<meta property=\"og:site_name\" content=\"HSL Group Oy\" \/>\n<meta property=\"article:publisher\" content=\"https:\/\/facebook.com\/hslgroupoy\" \/>\n<meta property=\"article:modified_time\" content=\"2022-03-17T08:37:19+00:00\" \/>\n<meta name=\"twitter:card\" content=\"summary_large_image\" \/>\n<meta name=\"twitter:label1\" content=\"Estimated reading time\" \/>\n\t<meta name=\"twitter:data1\" content=\"2 minutes\" \/>\n<script type=\"application\/ld+json\" class=\"yoast-schema-graph\">{\"@context\":\"https:\\\/\\\/schema.org\",\"@graph\":[{\"@type\":\"WebPage\",\"@id\":\"https:\\\/\\\/en.hslgroup.fi\\\/portfolio\\\/kpy-novapolis-kuopio\\\/\",\"url\":\"https:\\\/\\\/en.hslgroup.fi\\\/portfolio\\\/kpy-novapolis-kuopio\\\/\",\"name\":\"KPY Novapolis Kuopio j\u00e4rjestelm\u00e4v\u00e4lisein\u00e4t - HSL Group Oy\",\"isPartOf\":{\"@id\":\"https:\\\/\\\/en.hslgroup.fi\\\/en\\\/#website\"},\"datePublished\":\"2021-10-01T06:27:13+00:00\",\"dateModified\":\"2022-03-17T08:37:19+00:00\",\"description\":\"Jokainen Novapolis Kuopioon toimitettu j\u00e4rjestelm\u00e4v\u00e4lisein\u00e4 valmistettiin mittatilausty\u00f6n\u00e4 asiakkaan suunnitelmien mukaisesti\",\"breadcrumb\":{\"@id\":\"https:\\\/\\\/en.hslgroup.fi\\\/portfolio\\\/kpy-novapolis-kuopio\\\/#breadcrumb\"},\"inLanguage\":\"en-GB\",\"potentialAction\":[{\"@type\":\"ReadAction\",\"target\":[\"https:\\\/\\\/en.hslgroup.fi\\\/portfolio\\\/kpy-novapolis-kuopio\\\/\"]}]},{\"@type\":\"BreadcrumbList\",\"@id\":\"https:\\\/\\\/en.hslgroup.fi\\\/portfolio\\\/kpy-novapolis-kuopio\\\/#breadcrumb\",\"itemListElement\":[{\"@type\":\"ListItem\",\"position\":1,\"name\":\"Etusivu\",\"item\":\"https:\\\/\\\/en.hslgroup.fi\\\/fi\\\/\"},{\"@type\":\"ListItem\",\"position\":2,\"name\":\"Referenssit\",\"item\":\"https:\\\/\\\/en.hslgroup.fi\\\/portfolio\\\/\"},{\"@type\":\"ListItem\",\"position\":3,\"name\":\"KPY Novapolis Kuopio\"}]},{\"@type\":\"WebSite\",\"@id\":\"https:\\\/\\\/en.hslgroup.fi\\\/en\\\/#website\",\"url\":\"https:\\\/\\\/en.hslgroup.fi\\\/en\\\/\",\"name\":\"HSL Group Oy\",\"description\":\"J\u00e4rjestelm\u00e4v\u00e4lisein\u00e4t, siirtosein\u00e4t ja minitilaratkaisut\",\"publisher\":{\"@id\":\"https:\\\/\\\/en.hslgroup.fi\\\/en\\\/#organization\"},\"potentialAction\":[{\"@type\":\"SearchAction\",\"target\":{\"@type\":\"EntryPoint\",\"urlTemplate\":\"https:\\\/\\\/en.hslgroup.fi\\\/en\\\/?s={search_term_string}\"},\"query-input\":{\"@type\":\"PropertyValueSpecification\",\"valueRequired\":true,\"valueName\":\"search_term_string\"}}],\"inLanguage\":\"en-GB\"},{\"@type\":\"Organization\",\"@id\":\"https:\\\/\\\/en.hslgroup.fi\\\/en\\\/#organization\",\"name\":\"HSL Group Oy\",\"url\":\"https:\\\/\\\/en.hslgroup.fi\\\/en\\\/\",\"logo\":{\"@type\":\"ImageObject\",\"inLanguage\":\"en-GB\",\"@id\":\"https:\\\/\\\/en.hslgroup.fi\\\/en\\\/#\\\/schema\\\/logo\\\/image\\\/\",\"url\":\"https:\\\/\\\/en.hslgroup.fi\\\/wp-content\\\/uploads\\\/2016\\\/07\\\/hsl_logo.jpg\",\"contentUrl\":\"https:\\\/\\\/en.hslgroup.fi\\\/wp-content\\\/uploads\\\/2016\\\/07\\\/hsl_logo.jpg\",\"width\":125,\"height\":60,\"caption\":\"HSL Group Oy\"},\"image\":{\"@id\":\"https:\\\/\\\/en.hslgroup.fi\\\/en\\\/#\\\/schema\\\/logo\\\/image\\\/\"},\"sameAs\":[\"https:\\\/\\\/facebook.com\\\/hslgroupoy\",\"https:\\\/\\\/linkedin.com\\\/company\\\/hsl-group\"]}]}<\/script>\n<!-- \/ Yoast SEO plugin. -->","yoast_head_json":{"title":"KPY Novapolis Kuopio partition wall systems - HSL Group LLC","description":"Each partition wall system delivered to Novapolis Kuopio was custom-made according to the design of the client","robots":{"index":"index","follow":"follow","max-snippet":"max-snippet:-1","max-image-preview":"max-image-preview:large","max-video-preview":"max-video-preview:-1"},"canonical":"https:\/\/en.hslgroup.fi\/en\/portfolio\/kpy-novapolis-kuopio\/","og_locale":"en_GB","og_type":"article","og_title":"KPY Novapolis Kuopio j\u00e4rjestelm\u00e4v\u00e4lisein\u00e4t - HSL Group Oy","og_description":"Jokainen Novapolis Kuopioon toimitettu j\u00e4rjestelm\u00e4v\u00e4lisein\u00e4 valmistettiin mittatilausty\u00f6n\u00e4 asiakkaan suunnitelmien mukaisesti","og_url":"https:\/\/en.hslgroup.fi\/en\/portfolio\/kpy-novapolis-kuopio\/","og_site_name":"HSL Group Oy","article_publisher":"https:\/\/facebook.com\/hslgroupoy","article_modified_time":"2022-03-17T08:37:19+00:00","twitter_card":"summary_large_image","twitter_misc":{"Estimated reading time":"2 minutes"},"schema":{"@context":"https:\/\/schema.org","@graph":[{"@type":"WebPage","@id":"https:\/\/en.hslgroup.fi\/portfolio\/kpy-novapolis-kuopio\/","url":"https:\/\/en.hslgroup.fi\/portfolio\/kpy-novapolis-kuopio\/","name":"KPY Novapolis Kuopio partition wall systems - HSL Group LLC","isPartOf":{"@id":"https:\/\/en.hslgroup.fi\/en\/#website"},"datePublished":"2021-10-01T06:27:13+00:00","dateModified":"2022-03-17T08:37:19+00:00","description":"Each partition wall system delivered to Novapolis Kuopio was custom-made according to the design of the client","breadcrumb":{"@id":"https:\/\/en.hslgroup.fi\/portfolio\/kpy-novapolis-kuopio\/#breadcrumb"},"inLanguage":"en-GB","potentialAction":[{"@type":"ReadAction","target":["https:\/\/en.hslgroup.fi\/portfolio\/kpy-novapolis-kuopio\/"]}]},{"@type":"BreadcrumbList","@id":"https:\/\/en.hslgroup.fi\/portfolio\/kpy-novapolis-kuopio\/#breadcrumb","itemListElement":[{"@type":"ListItem","position":1,"name":"Etusivu","item":"https:\/\/en.hslgroup.fi\/fi\/"},{"@type":"ListItem","position":2,"name":"Referenssit","item":"https:\/\/en.hslgroup.fi\/portfolio\/"},{"@type":"ListItem","position":3,"name":"KPY Novapolis Kuopio"}]},{"@type":"WebSite","@id":"https:\/\/en.hslgroup.fi\/en\/#website","url":"https:\/\/en.hslgroup.fi\/en\/","name":"HSL Group LLC","description":"J\u00e4rjestelm\u00e4v\u00e4lisein\u00e4t, siirtosein\u00e4t ja minitilaratkaisut","publisher":{"@id":"https:\/\/en.hslgroup.fi\/en\/#organization"},"potentialAction":[{"@type":"SearchAction","target":{"@type":"EntryPoint","urlTemplate":"https:\/\/en.hslgroup.fi\/en\/?s={search_term_string}"},"query-input":{"@type":"PropertyValueSpecification","valueRequired":true,"valueName":"search_term_string"}}],"inLanguage":"en-GB"},{"@type":"Organization","@id":"https:\/\/en.hslgroup.fi\/en\/#organization","name":"HSL Group LLC","url":"https:\/\/en.hslgroup.fi\/en\/","logo":{"@type":"ImageObject","inLanguage":"en-GB","@id":"https:\/\/en.hslgroup.fi\/en\/#\/schema\/logo\/image\/","url":"https:\/\/en.hslgroup.fi\/wp-content\/uploads\/2016\/07\/hsl_logo.jpg","contentUrl":"https:\/\/en.hslgroup.fi\/wp-content\/uploads\/2016\/07\/hsl_logo.jpg","width":125,"height":60,"caption":"HSL Group Oy"},"image":{"@id":"https:\/\/en.hslgroup.fi\/en\/#\/schema\/logo\/image\/"},"sameAs":["https:\/\/facebook.com\/hslgroupoy","https:\/\/linkedin.com\/company\/hsl-group"]}]}},"_links":{"self":[{"href":"https:\/\/en.hslgroup.fi\/en\/wp-json\/wp\/v2\/pages\/2094","targetHints":{"allow":["GET"]}}],"collection":[{"href":"https:\/\/en.hslgroup.fi\/en\/wp-json\/wp\/v2\/pages"}],"about":[{"href":"https:\/\/en.hslgroup.fi\/en\/wp-json\/wp\/v2\/types\/page"}],"author":[{"embeddable":true,"href":"https:\/\/en.hslgroup.fi\/en\/wp-json\/wp\/v2\/users\/1"}],"replies":[{"embeddable":true,"href":"https:\/\/en.hslgroup.fi\/en\/wp-json\/wp\/v2\/comments?post=2094"}],"version-history":[{"count":5,"href":"https:\/\/en.hslgroup.fi\/en\/wp-json\/wp\/v2\/pages\/2094\/revisions"}],"predecessor-version":[{"id":2512,"href":"https:\/\/en.hslgroup.fi\/en\/wp-json\/wp\/v2\/pages\/2094\/revisions\/2512"}],"up":[{"embeddable":true,"href":"https:\/\/en.hslgroup.fi\/en\/wp-json\/wp\/v2\/pages\/52"}],"wp:attachment":[{"href":"https:\/\/en.hslgroup.fi\/en\/wp-json\/wp\/v2\/media?parent=2094"}],"curies":[{"name":"wp","href":"https:\/\/api.w.org\/{rel}","templated":true}]}}