{"id":1999,"date":"2021-08-18T11:11:59","date_gmt":"2021-08-18T08:11:59","guid":{"rendered":"https:\/\/en.hslgroup.fi\/?page_id=1999"},"modified":"2022-03-16T14:29:28","modified_gmt":"2022-03-16T12:29:28","slug":"lahitapiola-tampere","status":"publish","type":"page","link":"https:\/\/en.hslgroup.fi\/en\/portfolio\/lahitapiola-tampere\/","title":{"rendered":"L\u00e4hiTapiola Tampere"},"content":{"rendered":"\n\n[et_pb_section fb_built=&#8221;1&#8243; admin_label=&#8221;section&#8221; _builder_version=&#8221;3.22&#8243; global_colors_info=&#8221;{}&#8221;][et_pb_row admin_label=&#8221;Rivi&#8221; _builder_version=&#8221;3.25&#8243; background_size=&#8221;initial&#8221; background_position=&#8221;top_left&#8221; background_repeat=&#8221;repeat&#8221; global_colors_info=&#8221;{}&#8221;][et_pb_column type=&#8221;4_4&#8243; _builder_version=&#8221;3.25&#8243; custom_padding=&#8221;|||&#8221; global_colors_info=&#8221;{}&#8221; custom_padding__hover=&#8221;|||&#8221;][et_pb_text admin_label=&#8221;Teksti&#8221; _builder_version=&#8221;4.9.11&#8243; background_size=&#8221;initial&#8221; background_position=&#8221;top_left&#8221; background_repeat=&#8221;repeat&#8221; use_border_color=&#8221;off&#8221; border_color=&#8221;#ffffff&#8221; border_style=&#8221;solid&#8221; global_colors_info=&#8221;{}&#8221;]<h1>L\u00e4hiTapiola el\u00e4m\u00e4nturvatoimisto Tampere<\/h1>[\/et_pb_text][\/et_pb_column][\/et_pb_row][et_pb_row admin_label=&#8221;Rivi&#8221; _builder_version=&#8221;3.25&#8243; background_size=&#8221;initial&#8221; background_position=&#8221;top_left&#8221; background_repeat=&#8221;repeat&#8221; global_colors_info=&#8221;{}&#8221;][et_pb_column type=&#8221;4_4&#8243; _builder_version=&#8221;3.25&#8243; custom_padding=&#8221;|||&#8221; global_colors_info=&#8221;{}&#8221; custom_padding__hover=&#8221;|||&#8221;][et_pb_image src=&#8221;https:\/\/en.hslgroup.fi\/wp-content\/uploads\/2021\/08\/HSL-Group-liukulasiovet.jpg&#8221; alt=&#8221;HSL Group liukulasiovet&#8221; title_text=&#8221;HSL Group liukulasiovet&#8221; show_in_lightbox=&#8221;on&#8221; align_tablet=&#8221;center&#8221; align_phone=&#8221;&#8221; align_last_edited=&#8221;on|desktop&#8221; admin_label=&#8221;Kuva&#8221; _builder_version=&#8221;4.9.11&#8243; animation_style=&#8221;slide&#8221; animation_direction=&#8221;left&#8221; animation_duration=&#8221;500ms&#8221; animation_intensity_slide=&#8221;10%&#8221; use_border_color=&#8221;off&#8221; border_color=&#8221;#ffffff&#8221; border_style=&#8221;solid&#8221; animation=&#8221;left&#8221; sticky=&#8221;off&#8221; always_center_on_mobile=&#8221;on&#8221; global_colors_info=&#8221;{}&#8221;] [\/et_pb_image][\/et_pb_column][\/et_pb_row][et_pb_row admin_label=&#8221;row&#8221; _builder_version=&#8221;3.25&#8243; background_size=&#8221;initial&#8221; background_position=&#8221;top_left&#8221; background_repeat=&#8221;repeat&#8221; global_colors_info=&#8221;{}&#8221;][et_pb_column type=&#8221;4_4&#8243; _builder_version=&#8221;3.25&#8243; custom_padding=&#8221;|||&#8221; global_colors_info=&#8221;{}&#8221; custom_padding__hover=&#8221;|||&#8221;][et_pb_text admin_label=&#8221;Teksti&#8221; _builder_version=&#8221;4.9.11&#8243; background_size=&#8221;initial&#8221; background_position=&#8221;top_left&#8221; background_repeat=&#8221;repeat&#8221; hover_enabled=&#8221;0&#8243; use_border_color=&#8221;off&#8221; border_color=&#8221;#ffffff&#8221; border_style=&#8221;solid&#8221; global_colors_info=&#8221;{}&#8221; sticky_enabled=&#8221;0&#8243;]<p>L\u00e4hiTapiola muuntuu vakuutusyhti\u00f6st\u00e4 el\u00e4m\u00e4nturvayhti\u00f6ksi, jonka tavoitteena on pysy\u00e4 ihmisen mukana syntym\u00e4tt\u00f6m\u00e4st\u00e4 lapsesta aina ihmisi\u00e4n loppuun saakka. Strategiauudistuksen my\u00f6t\u00e4 uudistettiin my\u00f6s Tampereella toimivan L\u00e4hiTapiola Vellamon p\u00e4\u00e4konttori ja uusi el\u00e4m\u00e4nturvatoimisto avattiin osoitteeseen Aleksanterinkatu 10.<\/p>\n<p>El\u00e4m\u00e4nturvatoimisto tarjoaa yhden katon alta erilaisia ennakointi-, turvallisuus- sek\u00e4 hyvinvointiratkaisuja, joiden avulla suomalaisten arjesta tulee entist\u00e4 turvallisempaa, taloudellisesti menestyksekk\u00e4\u00e4mp\u00e4\u00e4 ja terveemp\u00e4\u00e4. Uusien tilojen suunnittelussa on kiinnitetty erityist\u00e4 huomiota asiakaskokemukseen ja ty\u00f6hyvinvointiin. Lopputuloksena syntyiv\u00e4t modernit ja eritt\u00e4in tyylikk\u00e4\u00e4t tilat. Kohteen sis\u00e4rakenteissa k\u00e4ytettiin paljon j\u00e4rjestelm\u00e4v\u00e4liseini\u00e4 muuntojoustavuuden takaamiseksi.<\/p>\n<p>HSL Group toimitti el\u00e4m\u00e4nturvatoimistoon kotimaiset alumiinilasisein\u00e4j\u00e4rjestelm\u00e4t s\u00e4hk\u00f6pielineen ja liukulasiovineen. Kaikki j\u00e4rjestelm\u00e4sein\u00e4t ja liukulasit valmistettiin Suomessa asiakkaan tiloihin r\u00e4\u00e4t\u00e4l\u00f6ityn\u00e4 kokonaisuutena. Alumiinilasiseini\u00e4 hy\u00f6dynnettiin toimistotiloissa, neuvottelutiloissa sek\u00e4 asiakaskohtaamisiin varatuissa tiloissa.<\/p>\n<p>Tyylikk\u00e4ill\u00e4 tummaksi s\u00e4vytetyill\u00e4 alumiinilasiseinilla ja niihin liitetyill\u00e4 liukulasiovilla tiloihin saatiin modernia design-ilmett\u00e4 ja esteet\u00f6n valon kulku tilasta toiseen. Lasiseinien ja liukulasiovien hyv\u00e4 \u00e4\u00e4nenerist\u00e4vyys takaa ty\u00f6rauhan ja asiakasneuvotteluiden yksityisyyden. HSL Groupin ammattilaiset vastaavat seinien ja ovien yll\u00e4pito- ja muutost\u00f6ist\u00e4, asiakkaan niin halutessa, kohteen koko elinkaaren ajan.<\/p>[\/et_pb_text][\/et_pb_column][\/et_pb_row][et_pb_row admin_label=&#8221;Rivi&#8221; _builder_version=&#8221;3.25&#8243; background_size=&#8221;initial&#8221; background_position=&#8221;top_left&#8221; background_repeat=&#8221;repeat&#8221; global_colors_info=&#8221;{}&#8221;][et_pb_column type=&#8221;4_4&#8243; _builder_version=&#8221;3.25&#8243; custom_padding=&#8221;|||&#8221; global_colors_info=&#8221;{}&#8221; custom_padding__hover=&#8221;|||&#8221;][et_pb_gallery gallery_ids=&#8221;2009,2008,2005,2007,2006,2004,2003&#8243; posts_number=&#8221;7&#8243; show_title_and_caption=&#8221;off&#8221; show_pagination=&#8221;off&#8221; admin_label=&#8221;Galleria&#8221; _builder_version=&#8221;4.9.11&#8243; use_border_color=&#8221;off&#8221; border_color=&#8221;#ffffff&#8221; border_style=&#8221;solid&#8221; global_colors_info=&#8221;{}&#8221;] [\/et_pb_gallery][\/et_pb_column][\/et_pb_row][\/et_pb_section]\n\n","protected":false},"excerpt":{"rendered":"<p>L\u00e4hiTapiola el\u00e4m\u00e4nturvatoimisto Tampere L\u00e4hiTapiola muuntuu vakuutusyhti\u00f6st\u00e4 el\u00e4m\u00e4nturvayhti\u00f6ksi, jonka tavoitteena on pysy\u00e4 ihmisen mukana syntym\u00e4tt\u00f6m\u00e4st\u00e4 lapsesta aina ihmisi\u00e4n loppuun saakka. Strategiauudistuksen my\u00f6t\u00e4 uudistettiin my\u00f6s Tampereella toimivan L\u00e4hiTapiola Vellamon p\u00e4\u00e4konttori ja uusi el\u00e4m\u00e4nturvatoimisto avattiin osoitteeseen Aleksanterinkatu 10. El\u00e4m\u00e4nturvatoimisto tarjoaa yhden katon alta erilaisia ennakointi-, turvallisuus- sek\u00e4 hyvinvointiratkaisuja, joiden avulla suomalaisten arjesta tulee entist\u00e4 turvallisempaa, taloudellisesti menestyksekk\u00e4\u00e4mp\u00e4\u00e4 ja [&hellip;]<\/p>\n","protected":false},"author":1,"featured_media":0,"parent":52,"menu_order":0,"comment_status":"closed","ping_status":"closed","template":"","meta":{"_et_pb_use_builder":"on","_et_pb_old_content":"","_et_gb_content_width":"","footnotes":""},"class_list":["post-1999","page","type-page","status-publish","hentry"],"yoast_head":"<!-- This site is optimized with the Yoast SEO plugin v27.4 - https:\/\/yoast.com\/product\/yoast-seo-wordpress\/ -->\n<title>L\u00e4hiTapiola Tampere alumiinilasisein\u00e4t ja liukulasiovet - HSL Group Oy<\/title>\n<meta name=\"description\" content=\"HSL Group toimitti L\u00e4hiTapiolan Tampereen el\u00e4m\u00e4nturvatoimistoon kotimaiset alumiinilasisein\u00e4t ja liukulasiovet s\u00e4hk\u00f6pielineen.\" \/>\n<meta name=\"robots\" content=\"index, follow, max-snippet:-1, max-image-preview:large, max-video-preview:-1\" \/>\n<link rel=\"canonical\" href=\"https:\/\/en.hslgroup.fi\/en\/portfolio\/lahitapiola-tampere\/\" \/>\n<meta property=\"og:locale\" content=\"en_GB\" \/>\n<meta property=\"og:type\" content=\"article\" \/>\n<meta property=\"og:title\" content=\"L\u00e4hiTapiola Tampere alumiinilasisein\u00e4t ja liukulasiovet - HSL Group Oy\" \/>\n<meta property=\"og:description\" content=\"HSL Group toimitti L\u00e4hiTapiolan Tampereen el\u00e4m\u00e4nturvatoimistoon kotimaiset alumiinilasisein\u00e4t ja liukulasiovet s\u00e4hk\u00f6pielineen.\" \/>\n<meta property=\"og:url\" content=\"https:\/\/en.hslgroup.fi\/en\/portfolio\/lahitapiola-tampere\/\" \/>\n<meta property=\"og:site_name\" content=\"HSL Group Oy\" \/>\n<meta property=\"article:publisher\" content=\"https:\/\/facebook.com\/hslgroupoy\" \/>\n<meta property=\"article:modified_time\" content=\"2022-03-16T12:29:28+00:00\" \/>\n<meta name=\"twitter:card\" content=\"summary_large_image\" \/>\n<meta name=\"twitter:label1\" content=\"Estimated reading time\" \/>\n\t<meta name=\"twitter:data1\" content=\"2 minutes\" \/>\n<script type=\"application\/ld+json\" class=\"yoast-schema-graph\">{\"@context\":\"https:\\\/\\\/schema.org\",\"@graph\":[{\"@type\":\"WebPage\",\"@id\":\"https:\\\/\\\/en.hslgroup.fi\\\/portfolio\\\/lahitapiola-tampere\\\/\",\"url\":\"https:\\\/\\\/en.hslgroup.fi\\\/portfolio\\\/lahitapiola-tampere\\\/\",\"name\":\"L\u00e4hiTapiola Tampere alumiinilasisein\u00e4t ja liukulasiovet - HSL Group Oy\",\"isPartOf\":{\"@id\":\"https:\\\/\\\/en.hslgroup.fi\\\/en\\\/#website\"},\"datePublished\":\"2021-08-18T08:11:59+00:00\",\"dateModified\":\"2022-03-16T12:29:28+00:00\",\"description\":\"HSL Group toimitti L\u00e4hiTapiolan Tampereen el\u00e4m\u00e4nturvatoimistoon kotimaiset alumiinilasisein\u00e4t ja liukulasiovet s\u00e4hk\u00f6pielineen.\",\"breadcrumb\":{\"@id\":\"https:\\\/\\\/en.hslgroup.fi\\\/portfolio\\\/lahitapiola-tampere\\\/#breadcrumb\"},\"inLanguage\":\"en-GB\",\"potentialAction\":[{\"@type\":\"ReadAction\",\"target\":[\"https:\\\/\\\/en.hslgroup.fi\\\/portfolio\\\/lahitapiola-tampere\\\/\"]}]},{\"@type\":\"BreadcrumbList\",\"@id\":\"https:\\\/\\\/en.hslgroup.fi\\\/portfolio\\\/lahitapiola-tampere\\\/#breadcrumb\",\"itemListElement\":[{\"@type\":\"ListItem\",\"position\":1,\"name\":\"Etusivu\",\"item\":\"https:\\\/\\\/en.hslgroup.fi\\\/fi\\\/\"},{\"@type\":\"ListItem\",\"position\":2,\"name\":\"Referenssit\",\"item\":\"https:\\\/\\\/en.hslgroup.fi\\\/portfolio\\\/\"},{\"@type\":\"ListItem\",\"position\":3,\"name\":\"L\u00e4hiTapiola Tampere\"}]},{\"@type\":\"WebSite\",\"@id\":\"https:\\\/\\\/en.hslgroup.fi\\\/en\\\/#website\",\"url\":\"https:\\\/\\\/en.hslgroup.fi\\\/en\\\/\",\"name\":\"HSL Group Oy\",\"description\":\"J\u00e4rjestelm\u00e4v\u00e4lisein\u00e4t, siirtosein\u00e4t ja minitilaratkaisut\",\"publisher\":{\"@id\":\"https:\\\/\\\/en.hslgroup.fi\\\/en\\\/#organization\"},\"potentialAction\":[{\"@type\":\"SearchAction\",\"target\":{\"@type\":\"EntryPoint\",\"urlTemplate\":\"https:\\\/\\\/en.hslgroup.fi\\\/en\\\/?s={search_term_string}\"},\"query-input\":{\"@type\":\"PropertyValueSpecification\",\"valueRequired\":true,\"valueName\":\"search_term_string\"}}],\"inLanguage\":\"en-GB\"},{\"@type\":\"Organization\",\"@id\":\"https:\\\/\\\/en.hslgroup.fi\\\/en\\\/#organization\",\"name\":\"HSL Group Oy\",\"url\":\"https:\\\/\\\/en.hslgroup.fi\\\/en\\\/\",\"logo\":{\"@type\":\"ImageObject\",\"inLanguage\":\"en-GB\",\"@id\":\"https:\\\/\\\/en.hslgroup.fi\\\/en\\\/#\\\/schema\\\/logo\\\/image\\\/\",\"url\":\"https:\\\/\\\/en.hslgroup.fi\\\/wp-content\\\/uploads\\\/2016\\\/07\\\/hsl_logo.jpg\",\"contentUrl\":\"https:\\\/\\\/en.hslgroup.fi\\\/wp-content\\\/uploads\\\/2016\\\/07\\\/hsl_logo.jpg\",\"width\":125,\"height\":60,\"caption\":\"HSL Group Oy\"},\"image\":{\"@id\":\"https:\\\/\\\/en.hslgroup.fi\\\/en\\\/#\\\/schema\\\/logo\\\/image\\\/\"},\"sameAs\":[\"https:\\\/\\\/facebook.com\\\/hslgroupoy\",\"https:\\\/\\\/linkedin.com\\\/company\\\/hsl-group\"]}]}<\/script>\n<!-- \/ Yoast SEO plugin. -->","yoast_head_json":{"title":"L\u00e4hiTapiola Tampere aluminum framed glass walls and sliding glass doors - HSL Group LLC","description":"HSL Group delivered domestic aluminum framed glass wall systems, including electric shutters and sliding glass doors to the life security office.","robots":{"index":"index","follow":"follow","max-snippet":"max-snippet:-1","max-image-preview":"max-image-preview:large","max-video-preview":"max-video-preview:-1"},"canonical":"https:\/\/en.hslgroup.fi\/en\/portfolio\/lahitapiola-tampere\/","og_locale":"en_GB","og_type":"article","og_title":"L\u00e4hiTapiola Tampere alumiinilasisein\u00e4t ja liukulasiovet - HSL Group Oy","og_description":"HSL Group toimitti L\u00e4hiTapiolan Tampereen el\u00e4m\u00e4nturvatoimistoon kotimaiset alumiinilasisein\u00e4t ja liukulasiovet s\u00e4hk\u00f6pielineen.","og_url":"https:\/\/en.hslgroup.fi\/en\/portfolio\/lahitapiola-tampere\/","og_site_name":"HSL Group Oy","article_publisher":"https:\/\/facebook.com\/hslgroupoy","article_modified_time":"2022-03-16T12:29:28+00:00","twitter_card":"summary_large_image","twitter_misc":{"Estimated reading time":"2 minutes"},"schema":{"@context":"https:\/\/schema.org","@graph":[{"@type":"WebPage","@id":"https:\/\/en.hslgroup.fi\/portfolio\/lahitapiola-tampere\/","url":"https:\/\/en.hslgroup.fi\/portfolio\/lahitapiola-tampere\/","name":"L\u00e4hiTapiola Tampere aluminum framed glass walls and sliding glass doors - HSL Group LLC","isPartOf":{"@id":"https:\/\/en.hslgroup.fi\/en\/#website"},"datePublished":"2021-08-18T08:11:59+00:00","dateModified":"2022-03-16T12:29:28+00:00","description":"HSL Group delivered domestic aluminum framed glass wall systems, including electric shutters and sliding glass doors to the life security office.","breadcrumb":{"@id":"https:\/\/en.hslgroup.fi\/portfolio\/lahitapiola-tampere\/#breadcrumb"},"inLanguage":"en-GB","potentialAction":[{"@type":"ReadAction","target":["https:\/\/en.hslgroup.fi\/portfolio\/lahitapiola-tampere\/"]}]},{"@type":"BreadcrumbList","@id":"https:\/\/en.hslgroup.fi\/portfolio\/lahitapiola-tampere\/#breadcrumb","itemListElement":[{"@type":"ListItem","position":1,"name":"Etusivu","item":"https:\/\/en.hslgroup.fi\/fi\/"},{"@type":"ListItem","position":2,"name":"Referenssit","item":"https:\/\/en.hslgroup.fi\/portfolio\/"},{"@type":"ListItem","position":3,"name":"L\u00e4hiTapiola Tampere"}]},{"@type":"WebSite","@id":"https:\/\/en.hslgroup.fi\/en\/#website","url":"https:\/\/en.hslgroup.fi\/en\/","name":"HSL Group LLC","description":"J\u00e4rjestelm\u00e4v\u00e4lisein\u00e4t, siirtosein\u00e4t ja minitilaratkaisut","publisher":{"@id":"https:\/\/en.hslgroup.fi\/en\/#organization"},"potentialAction":[{"@type":"SearchAction","target":{"@type":"EntryPoint","urlTemplate":"https:\/\/en.hslgroup.fi\/en\/?s={search_term_string}"},"query-input":{"@type":"PropertyValueSpecification","valueRequired":true,"valueName":"search_term_string"}}],"inLanguage":"en-GB"},{"@type":"Organization","@id":"https:\/\/en.hslgroup.fi\/en\/#organization","name":"HSL Group LLC","url":"https:\/\/en.hslgroup.fi\/en\/","logo":{"@type":"ImageObject","inLanguage":"en-GB","@id":"https:\/\/en.hslgroup.fi\/en\/#\/schema\/logo\/image\/","url":"https:\/\/en.hslgroup.fi\/wp-content\/uploads\/2016\/07\/hsl_logo.jpg","contentUrl":"https:\/\/en.hslgroup.fi\/wp-content\/uploads\/2016\/07\/hsl_logo.jpg","width":125,"height":60,"caption":"HSL Group Oy"},"image":{"@id":"https:\/\/en.hslgroup.fi\/en\/#\/schema\/logo\/image\/"},"sameAs":["https:\/\/facebook.com\/hslgroupoy","https:\/\/linkedin.com\/company\/hsl-group"]}]}},"_links":{"self":[{"href":"https:\/\/en.hslgroup.fi\/en\/wp-json\/wp\/v2\/pages\/1999","targetHints":{"allow":["GET"]}}],"collection":[{"href":"https:\/\/en.hslgroup.fi\/en\/wp-json\/wp\/v2\/pages"}],"about":[{"href":"https:\/\/en.hslgroup.fi\/en\/wp-json\/wp\/v2\/types\/page"}],"author":[{"embeddable":true,"href":"https:\/\/en.hslgroup.fi\/en\/wp-json\/wp\/v2\/users\/1"}],"replies":[{"embeddable":true,"href":"https:\/\/en.hslgroup.fi\/en\/wp-json\/wp\/v2\/comments?post=1999"}],"version-history":[{"count":5,"href":"https:\/\/en.hslgroup.fi\/en\/wp-json\/wp\/v2\/pages\/1999\/revisions"}],"predecessor-version":[{"id":2510,"href":"https:\/\/en.hslgroup.fi\/en\/wp-json\/wp\/v2\/pages\/1999\/revisions\/2510"}],"up":[{"embeddable":true,"href":"https:\/\/en.hslgroup.fi\/en\/wp-json\/wp\/v2\/pages\/52"}],"wp:attachment":[{"href":"https:\/\/en.hslgroup.fi\/en\/wp-json\/wp\/v2\/media?parent=1999"}],"curies":[{"name":"wp","href":"https:\/\/api.w.org\/{rel}","templated":true}]}}