{"id":1983,"date":"2021-06-10T13:40:24","date_gmt":"2021-06-10T10:40:24","guid":{"rendered":"https:\/\/en.hslgroup.fi\/?page_id=1983"},"modified":"2022-03-17T10:52:16","modified_gmt":"2022-03-17T08:52:16","slug":"viria-lahti","status":"publish","type":"page","link":"https:\/\/en.hslgroup.fi\/en\/portfolio\/viria-lahti\/","title":{"rendered":"Viria Lahti"},"content":{"rendered":"\n\n[et_pb_section fb_built=&#8221;1&#8243; admin_label=&#8221;section&#8221; _builder_version=&#8221;3.22&#8243;][et_pb_row admin_label=&#8221;Rivi&#8221; _builder_version=&#8221;3.25&#8243; background_size=&#8221;initial&#8221; background_position=&#8221;top_left&#8221; background_repeat=&#8221;repeat&#8221;][et_pb_column type=&#8221;4_4&#8243; _builder_version=&#8221;3.25&#8243; custom_padding=&#8221;|||&#8221; custom_padding__hover=&#8221;|||&#8221;][et_pb_text admin_label=&#8221;Teksti&#8221; _builder_version=&#8221;4.9.5&#8243; background_size=&#8221;initial&#8221; background_position=&#8221;top_left&#8221; background_repeat=&#8221;repeat&#8221; hover_enabled=&#8221;0&#8243; use_border_color=&#8221;off&#8221; border_color=&#8221;#ffffff&#8221; border_style=&#8221;solid&#8221; sticky_enabled=&#8221;0&#8243;]<h1>Viria Lahti<\/h1>[\/et_pb_text][\/et_pb_column][\/et_pb_row][et_pb_row admin_label=&#8221;Rivi&#8221; _builder_version=&#8221;3.25&#8243; background_size=&#8221;initial&#8221; background_position=&#8221;top_left&#8221; background_repeat=&#8221;repeat&#8221;][et_pb_column type=&#8221;4_4&#8243; _builder_version=&#8221;3.25&#8243; custom_padding=&#8221;|||&#8221; custom_padding__hover=&#8221;|||&#8221;][et_pb_image src=&#8221;https:\/\/en.hslgroup.fi\/wp-content\/uploads\/2021\/06\/Viria-Hsl-alumiinilasiseina\u0308t.jpg&#8221; alt=&#8221;Viria Lahti Hsl alumiinilasiseina\u0308t&#8221; title_text=&#8221;Viria Lahti Hsl alumiinilasiseina\u0308t&#8221; show_in_lightbox=&#8221;on&#8221; align_tablet=&#8221;center&#8221; align_phone=&#8221;&#8221; align_last_edited=&#8221;on|desktop&#8221; admin_label=&#8221;Kuva&#8221; _builder_version=&#8221;4.9.5&#8243; animation_style=&#8221;slide&#8221; animation_direction=&#8221;left&#8221; animation_duration=&#8221;500ms&#8221; animation_intensity_slide=&#8221;10%&#8221; hover_enabled=&#8221;0&#8243; use_border_color=&#8221;off&#8221; border_color=&#8221;#ffffff&#8221; border_style=&#8221;solid&#8221; animation=&#8221;left&#8221; sticky=&#8221;off&#8221; always_center_on_mobile=&#8221;on&#8221; sticky_enabled=&#8221;0&#8243;] [\/et_pb_image][\/et_pb_column][\/et_pb_row][et_pb_row admin_label=&#8221;row&#8221; _builder_version=&#8221;3.25&#8243; background_size=&#8221;initial&#8221; background_position=&#8221;top_left&#8221; background_repeat=&#8221;repeat&#8221;][et_pb_column type=&#8221;4_4&#8243; _builder_version=&#8221;3.25&#8243; custom_padding=&#8221;|||&#8221; custom_padding__hover=&#8221;|||&#8221;][et_pb_text admin_label=&#8221;Teksti&#8221; _builder_version=&#8221;4.9.5&#8243; background_size=&#8221;initial&#8221; background_position=&#8221;top_left&#8221; background_repeat=&#8221;repeat&#8221; hover_enabled=&#8221;0&#8243; use_border_color=&#8221;off&#8221; border_color=&#8221;#ffffff&#8221; border_style=&#8221;solid&#8221; sticky_enabled=&#8221;0&#8243;]<h3>Virian Lahden toimipisteen uudistus<\/h3>\n<p>&nbsp;<\/p>\n<p>Yritysturvallisuuden palveluihin erikoistuneen Virian Lahden toimipisteeseen haluttiin luoda uusia tyylikk\u00e4it\u00e4 ty\u00f6pisteit\u00e4, jotka mahdollistavat tarvittaessa keskittymisen vaativaan ty\u00f6skentelyyn. L\u00e4ht\u00f6kohta muutosty\u00f6lle oli korkea ja t\u00e4ysin avonainen tila, jossa luonnonvaloa oli tarjolla rajoitetusti.<\/p>\n<p>Uudet ty\u00f6pisteet toteutettiin rivimuotoisina kokonaisuuksina HSL Groupin \u00e4\u00e4nt\u00e4 erist\u00e4vill\u00e4 j\u00e4rjestelm\u00e4v\u00e4liseinill\u00e4. Ty\u00f6pisteiden v\u00e4liset sein\u00e4t ovat umpirakenteisia joka tuo yksil\u00f6ty\u00f6skentelyyn sopivasti yksityisyytt\u00e4. Yleisiin tiloihin p\u00e4in olevat sein\u00e4t taas ovat kokonaan lasia ja tuovat mukavasti avoimuutta ja valoa ty\u00f6pisteisiin.<\/p>\n<p>Lasiseiniksi valittiin karmeiltaan mustaksi pinnoitetut alumiinilasisein\u00e4t ja niihin liitettiin visuaalisesti yhteensopivat liukulasiovet. Leve\u00e4t liukulasit mahdollistavat laajat oviaukot ja siten yhtein\u00e4isen tilan tunnetta ovien ollessa avoinna. Kaikki j\u00e4rjestelm\u00e4sein\u00e4t ja liukulasit valmistettiin Suomessa asiakkaan tiloihin r\u00e4\u00e4t\u00e4l\u00f6ityn\u00e4 kokonaisuutena.<\/p>\n<p>Muuntojoustavien ratkaisujen johdosta tilojen muuntelu tulevaisuuden tarpeiden mukaan on helppoa ja p\u00f6lyt\u00f6nt\u00e4. HSL Groupin ammattilaiset vastaavat seinien ja ovien yll\u00e4pito- ja muutost\u00f6ist\u00e4, asiakkaan niin halutessa, kohteen koko elinkaaren ajan.<\/p>[\/et_pb_text][\/et_pb_column][\/et_pb_row][et_pb_row admin_label=&#8221;Rivi&#8221; _builder_version=&#8221;3.25&#8243; background_size=&#8221;initial&#8221; background_position=&#8221;top_left&#8221; background_repeat=&#8221;repeat&#8221;][et_pb_column type=&#8221;4_4&#8243; _builder_version=&#8221;3.25&#8243; custom_padding=&#8221;|||&#8221; custom_padding__hover=&#8221;|||&#8221;][et_pb_gallery gallery_ids=&#8221;1986,1987,1988&#8243; posts_number=&#8221;3&#8243; show_title_and_caption=&#8221;off&#8221; show_pagination=&#8221;off&#8221; admin_label=&#8221;Galleria&#8221; _builder_version=&#8221;4.9.5&#8243; hover_enabled=&#8221;0&#8243; use_border_color=&#8221;off&#8221; border_color=&#8221;#ffffff&#8221; border_style=&#8221;solid&#8221; sticky_enabled=&#8221;0&#8243;] [\/et_pb_gallery][\/et_pb_column][\/et_pb_row][\/et_pb_section]\n\n","protected":false},"excerpt":{"rendered":"<p>Viria Lahti Virian Lahden toimipisteen uudistus &nbsp; Yritysturvallisuuden palveluihin erikoistuneen Virian Lahden toimipisteeseen haluttiin luoda uusia tyylikk\u00e4it\u00e4 ty\u00f6pisteit\u00e4, jotka mahdollistavat tarvittaessa keskittymisen vaativaan ty\u00f6skentelyyn. L\u00e4ht\u00f6kohta muutosty\u00f6lle oli korkea ja t\u00e4ysin avonainen tila, jossa luonnonvaloa oli tarjolla rajoitetusti. Uudet ty\u00f6pisteet toteutettiin rivimuotoisina kokonaisuuksina HSL Groupin \u00e4\u00e4nt\u00e4 erist\u00e4vill\u00e4 j\u00e4rjestelm\u00e4v\u00e4liseinill\u00e4. Ty\u00f6pisteiden v\u00e4liset sein\u00e4t ovat umpirakenteisia joka tuo yksil\u00f6ty\u00f6skentelyyn [&hellip;]<\/p>\n","protected":false},"author":1,"featured_media":0,"parent":52,"menu_order":0,"comment_status":"closed","ping_status":"closed","template":"","meta":{"_et_pb_use_builder":"on","_et_pb_old_content":"","_et_gb_content_width":"","footnotes":""},"class_list":["post-1983","page","type-page","status-publish","hentry"],"yoast_head":"<!-- This site is optimized with the Yoast SEO plugin v27.4 - https:\/\/yoast.com\/product\/yoast-seo-wordpress\/ -->\n<title>Viria Lahti uudet ty\u00f6pisteet j\u00e4rjestelm\u00e4v\u00e4liseinill\u00e4 - HSL Group Oy<\/title>\n<meta name=\"description\" content=\"Virian Lahden toimipisteen uudet ty\u00f6pisteet toteutettiin rivimuotoisina kokonaisuuksina \u00e4\u00e4nt\u00e4 erist\u00e4vill\u00e4 j\u00e4rjestelm\u00e4v\u00e4liseinill\u00e4.\" \/>\n<meta name=\"robots\" content=\"index, follow, max-snippet:-1, max-image-preview:large, max-video-preview:-1\" \/>\n<link rel=\"canonical\" href=\"https:\/\/en.hslgroup.fi\/en\/portfolio\/viria-lahti\/\" \/>\n<meta property=\"og:locale\" content=\"en_GB\" \/>\n<meta property=\"og:type\" content=\"article\" \/>\n<meta property=\"og:title\" content=\"Viria Lahti uudet ty\u00f6pisteet j\u00e4rjestelm\u00e4v\u00e4liseinill\u00e4 - HSL Group Oy\" \/>\n<meta property=\"og:description\" content=\"Virian Lahden toimipisteen uudet ty\u00f6pisteet toteutettiin rivimuotoisina kokonaisuuksina \u00e4\u00e4nt\u00e4 erist\u00e4vill\u00e4 j\u00e4rjestelm\u00e4v\u00e4liseinill\u00e4.\" \/>\n<meta property=\"og:url\" content=\"https:\/\/en.hslgroup.fi\/en\/portfolio\/viria-lahti\/\" \/>\n<meta property=\"og:site_name\" content=\"HSL Group Oy\" \/>\n<meta property=\"article:publisher\" content=\"https:\/\/facebook.com\/hslgroupoy\" \/>\n<meta property=\"article:modified_time\" content=\"2022-03-17T08:52:16+00:00\" \/>\n<meta name=\"twitter:card\" content=\"summary_large_image\" \/>\n<meta name=\"twitter:label1\" content=\"Estimated reading time\" \/>\n\t<meta name=\"twitter:data1\" content=\"2 minutes\" \/>\n<script type=\"application\/ld+json\" class=\"yoast-schema-graph\">{\"@context\":\"https:\\\/\\\/schema.org\",\"@graph\":[{\"@type\":\"WebPage\",\"@id\":\"https:\\\/\\\/en.hslgroup.fi\\\/portfolio\\\/viria-lahti\\\/\",\"url\":\"https:\\\/\\\/en.hslgroup.fi\\\/portfolio\\\/viria-lahti\\\/\",\"name\":\"Viria Lahti uudet ty\u00f6pisteet j\u00e4rjestelm\u00e4v\u00e4liseinill\u00e4 - HSL Group Oy\",\"isPartOf\":{\"@id\":\"https:\\\/\\\/en.hslgroup.fi\\\/en\\\/#website\"},\"datePublished\":\"2021-06-10T10:40:24+00:00\",\"dateModified\":\"2022-03-17T08:52:16+00:00\",\"description\":\"Virian Lahden toimipisteen uudet ty\u00f6pisteet toteutettiin rivimuotoisina kokonaisuuksina \u00e4\u00e4nt\u00e4 erist\u00e4vill\u00e4 j\u00e4rjestelm\u00e4v\u00e4liseinill\u00e4.\",\"breadcrumb\":{\"@id\":\"https:\\\/\\\/en.hslgroup.fi\\\/portfolio\\\/viria-lahti\\\/#breadcrumb\"},\"inLanguage\":\"en-GB\",\"potentialAction\":[{\"@type\":\"ReadAction\",\"target\":[\"https:\\\/\\\/en.hslgroup.fi\\\/portfolio\\\/viria-lahti\\\/\"]}]},{\"@type\":\"BreadcrumbList\",\"@id\":\"https:\\\/\\\/en.hslgroup.fi\\\/portfolio\\\/viria-lahti\\\/#breadcrumb\",\"itemListElement\":[{\"@type\":\"ListItem\",\"position\":1,\"name\":\"Etusivu\",\"item\":\"https:\\\/\\\/en.hslgroup.fi\\\/fi\\\/\"},{\"@type\":\"ListItem\",\"position\":2,\"name\":\"Referenssit\",\"item\":\"https:\\\/\\\/en.hslgroup.fi\\\/portfolio\\\/\"},{\"@type\":\"ListItem\",\"position\":3,\"name\":\"Viria Lahti\"}]},{\"@type\":\"WebSite\",\"@id\":\"https:\\\/\\\/en.hslgroup.fi\\\/en\\\/#website\",\"url\":\"https:\\\/\\\/en.hslgroup.fi\\\/en\\\/\",\"name\":\"HSL Group Oy\",\"description\":\"J\u00e4rjestelm\u00e4v\u00e4lisein\u00e4t, siirtosein\u00e4t ja minitilaratkaisut\",\"publisher\":{\"@id\":\"https:\\\/\\\/en.hslgroup.fi\\\/en\\\/#organization\"},\"potentialAction\":[{\"@type\":\"SearchAction\",\"target\":{\"@type\":\"EntryPoint\",\"urlTemplate\":\"https:\\\/\\\/en.hslgroup.fi\\\/en\\\/?s={search_term_string}\"},\"query-input\":{\"@type\":\"PropertyValueSpecification\",\"valueRequired\":true,\"valueName\":\"search_term_string\"}}],\"inLanguage\":\"en-GB\"},{\"@type\":\"Organization\",\"@id\":\"https:\\\/\\\/en.hslgroup.fi\\\/en\\\/#organization\",\"name\":\"HSL Group Oy\",\"url\":\"https:\\\/\\\/en.hslgroup.fi\\\/en\\\/\",\"logo\":{\"@type\":\"ImageObject\",\"inLanguage\":\"en-GB\",\"@id\":\"https:\\\/\\\/en.hslgroup.fi\\\/en\\\/#\\\/schema\\\/logo\\\/image\\\/\",\"url\":\"https:\\\/\\\/en.hslgroup.fi\\\/wp-content\\\/uploads\\\/2016\\\/07\\\/hsl_logo.jpg\",\"contentUrl\":\"https:\\\/\\\/en.hslgroup.fi\\\/wp-content\\\/uploads\\\/2016\\\/07\\\/hsl_logo.jpg\",\"width\":125,\"height\":60,\"caption\":\"HSL Group Oy\"},\"image\":{\"@id\":\"https:\\\/\\\/en.hslgroup.fi\\\/en\\\/#\\\/schema\\\/logo\\\/image\\\/\"},\"sameAs\":[\"https:\\\/\\\/facebook.com\\\/hslgroupoy\",\"https:\\\/\\\/linkedin.com\\\/company\\\/hsl-group\"]}]}<\/script>\n<!-- \/ Yoast SEO plugin. -->","yoast_head_json":{"title":"Viria lahti new workstations with partition wall systems - HSL Group LLC","description":"The Viria Lahti's new workstations were implemeted as row entireties with sound insulating partition wall systems.","robots":{"index":"index","follow":"follow","max-snippet":"max-snippet:-1","max-image-preview":"max-image-preview:large","max-video-preview":"max-video-preview:-1"},"canonical":"https:\/\/en.hslgroup.fi\/en\/portfolio\/viria-lahti\/","og_locale":"en_GB","og_type":"article","og_title":"Viria Lahti uudet ty\u00f6pisteet j\u00e4rjestelm\u00e4v\u00e4liseinill\u00e4 - HSL Group Oy","og_description":"Virian Lahden toimipisteen uudet ty\u00f6pisteet toteutettiin rivimuotoisina kokonaisuuksina \u00e4\u00e4nt\u00e4 erist\u00e4vill\u00e4 j\u00e4rjestelm\u00e4v\u00e4liseinill\u00e4.","og_url":"https:\/\/en.hslgroup.fi\/en\/portfolio\/viria-lahti\/","og_site_name":"HSL Group Oy","article_publisher":"https:\/\/facebook.com\/hslgroupoy","article_modified_time":"2022-03-17T08:52:16+00:00","twitter_card":"summary_large_image","twitter_misc":{"Estimated reading time":"2 minutes"},"schema":{"@context":"https:\/\/schema.org","@graph":[{"@type":"WebPage","@id":"https:\/\/en.hslgroup.fi\/portfolio\/viria-lahti\/","url":"https:\/\/en.hslgroup.fi\/portfolio\/viria-lahti\/","name":"Viria lahti new workstations with partition wall systems - HSL Group LLC","isPartOf":{"@id":"https:\/\/en.hslgroup.fi\/en\/#website"},"datePublished":"2021-06-10T10:40:24+00:00","dateModified":"2022-03-17T08:52:16+00:00","description":"The Viria Lahti's new workstations were implemeted as row entireties with sound insulating partition wall systems.","breadcrumb":{"@id":"https:\/\/en.hslgroup.fi\/portfolio\/viria-lahti\/#breadcrumb"},"inLanguage":"en-GB","potentialAction":[{"@type":"ReadAction","target":["https:\/\/en.hslgroup.fi\/portfolio\/viria-lahti\/"]}]},{"@type":"BreadcrumbList","@id":"https:\/\/en.hslgroup.fi\/portfolio\/viria-lahti\/#breadcrumb","itemListElement":[{"@type":"ListItem","position":1,"name":"Etusivu","item":"https:\/\/en.hslgroup.fi\/fi\/"},{"@type":"ListItem","position":2,"name":"Referenssit","item":"https:\/\/en.hslgroup.fi\/portfolio\/"},{"@type":"ListItem","position":3,"name":"Viria Lahti"}]},{"@type":"WebSite","@id":"https:\/\/en.hslgroup.fi\/en\/#website","url":"https:\/\/en.hslgroup.fi\/en\/","name":"HSL Group LLC","description":"J\u00e4rjestelm\u00e4v\u00e4lisein\u00e4t, siirtosein\u00e4t ja minitilaratkaisut","publisher":{"@id":"https:\/\/en.hslgroup.fi\/en\/#organization"},"potentialAction":[{"@type":"SearchAction","target":{"@type":"EntryPoint","urlTemplate":"https:\/\/en.hslgroup.fi\/en\/?s={search_term_string}"},"query-input":{"@type":"PropertyValueSpecification","valueRequired":true,"valueName":"search_term_string"}}],"inLanguage":"en-GB"},{"@type":"Organization","@id":"https:\/\/en.hslgroup.fi\/en\/#organization","name":"HSL Group LLC","url":"https:\/\/en.hslgroup.fi\/en\/","logo":{"@type":"ImageObject","inLanguage":"en-GB","@id":"https:\/\/en.hslgroup.fi\/en\/#\/schema\/logo\/image\/","url":"https:\/\/en.hslgroup.fi\/wp-content\/uploads\/2016\/07\/hsl_logo.jpg","contentUrl":"https:\/\/en.hslgroup.fi\/wp-content\/uploads\/2016\/07\/hsl_logo.jpg","width":125,"height":60,"caption":"HSL Group Oy"},"image":{"@id":"https:\/\/en.hslgroup.fi\/en\/#\/schema\/logo\/image\/"},"sameAs":["https:\/\/facebook.com\/hslgroupoy","https:\/\/linkedin.com\/company\/hsl-group"]}]}},"_links":{"self":[{"href":"https:\/\/en.hslgroup.fi\/en\/wp-json\/wp\/v2\/pages\/1983","targetHints":{"allow":["GET"]}}],"collection":[{"href":"https:\/\/en.hslgroup.fi\/en\/wp-json\/wp\/v2\/pages"}],"about":[{"href":"https:\/\/en.hslgroup.fi\/en\/wp-json\/wp\/v2\/types\/page"}],"author":[{"embeddable":true,"href":"https:\/\/en.hslgroup.fi\/en\/wp-json\/wp\/v2\/users\/1"}],"replies":[{"embeddable":true,"href":"https:\/\/en.hslgroup.fi\/en\/wp-json\/wp\/v2\/comments?post=1983"}],"version-history":[{"count":4,"href":"https:\/\/en.hslgroup.fi\/en\/wp-json\/wp\/v2\/pages\/1983\/revisions"}],"predecessor-version":[{"id":2506,"href":"https:\/\/en.hslgroup.fi\/en\/wp-json\/wp\/v2\/pages\/1983\/revisions\/2506"}],"up":[{"embeddable":true,"href":"https:\/\/en.hslgroup.fi\/en\/wp-json\/wp\/v2\/pages\/52"}],"wp:attachment":[{"href":"https:\/\/en.hslgroup.fi\/en\/wp-json\/wp\/v2\/media?parent=1983"}],"curies":[{"name":"wp","href":"https:\/\/api.w.org\/{rel}","templated":true}]}}