{"id":196,"date":"2016-07-14T01:30:44","date_gmt":"2016-07-13T22:30:44","guid":{"rendered":"http:\/\/hslgroup.dev.elielviestinta.fi\/?page_id=196"},"modified":"2022-03-11T13:31:41","modified_gmt":"2022-03-11T11:31:41","slug":"bulk-head-elements","status":"publish","type":"page","link":"https:\/\/en.hslgroup.fi\/en\/tuotteet\/otsaelementit\/","title":{"rendered":"Bulk head elements"},"content":{"rendered":"\n[et_pb_section fb_built=&#8221;1&#8243; admin_label=&#8221;section&#8221; _builder_version=&#8221;3.22&#8243; global_colors_info=&#8221;{}&#8221;][et_pb_row admin_label=&#8221;Rivi&#8221; _builder_version=&#8221;3.25&#8243; background_size=&#8221;initial&#8221; background_position=&#8221;top_left&#8221; background_repeat=&#8221;repeat&#8221; global_colors_info=&#8221;{}&#8221;][et_pb_column type=&#8221;4_4&#8243; _builder_version=&#8221;3.25&#8243; custom_padding=&#8221;|||&#8221; global_colors_info=&#8221;{}&#8221; custom_padding__hover=&#8221;|||&#8221;][et_pb_text admin_label=&#8221;Otsikko&#8221; _builder_version=&#8221;4.0.9&#8243; header_text_color=&#8221;#50af31&#8243; background_size=&#8221;initial&#8221; background_position=&#8221;top_left&#8221; background_repeat=&#8221;repeat&#8221; use_border_color=&#8221;off&#8221; border_color=&#8221;#ffffff&#8221; border_style=&#8221;solid&#8221; global_colors_info=&#8221;{}&#8221;]<h1>Otsaelementit<\/h1>\r[\/et_pb_text][\/et_pb_column][\/et_pb_row][et_pb_row admin_label=&#8221;row&#8221; _builder_version=&#8221;3.25&#8243; background_size=&#8221;initial&#8221; background_position=&#8221;top_left&#8221; background_repeat=&#8221;repeat&#8221; global_colors_info=&#8221;{}&#8221;][et_pb_column type=&#8221;4_4&#8243; _builder_version=&#8221;3.25&#8243; custom_padding=&#8221;|||&#8221; global_colors_info=&#8221;{}&#8221; custom_padding__hover=&#8221;|||&#8221;][et_pb_gallery gallery_ids=&#8221;199,198,197&#8243; show_title_and_caption=&#8221;off&#8221; admin_label=&#8221;Galleria&#8221; _builder_version=&#8221;3.0.87&#8243; use_border_color=&#8221;off&#8221; border_color=&#8221;#ffffff&#8221; border_style=&#8221;solid&#8221; global_colors_info=&#8221;{}&#8221;][\/et_pb_gallery][\/et_pb_column][\/et_pb_row][et_pb_row column_structure=&#8221;2_3,1_3&#8243; admin_label=&#8221;Rivi&#8221; _builder_version=&#8221;3.25&#8243; background_size=&#8221;initial&#8221; background_position=&#8221;top_left&#8221; background_repeat=&#8221;repeat&#8221; global_colors_info=&#8221;{}&#8221;][et_pb_column type=&#8221;2_3&#8243; _builder_version=&#8221;3.25&#8243; custom_padding=&#8221;|||&#8221; global_colors_info=&#8221;{}&#8221; custom_padding__hover=&#8221;|||&#8221;][et_pb_text admin_label=&#8221;Teksti&#8221; _builder_version=&#8221;4.0.9&#8243; background_size=&#8221;initial&#8221; background_position=&#8221;top_left&#8221; background_repeat=&#8221;repeat&#8221; use_border_color=&#8221;off&#8221; border_color=&#8221;#ffffff&#8221; border_style=&#8221;solid&#8221; global_colors_info=&#8221;{}&#8221;]<h2>Merkitt\u00e4v\u00e4 etu arkkitehdeille ja rakentajille<\/h2>\n<p>HSL-otsaelementit nopeuttavat merkitt\u00e4v\u00e4sti sek\u00e4 suunnitteluty\u00f6t\u00e4 ett\u00e4 kohteen rakentamista. Asennusvalmiisiin otsaelementteihin voidaan kiinnitt\u00e4\u00e4 alapuoliset sein\u00e4rakenteet kuten umpisein\u00e4t, lasisein\u00e4t, ovet ja s\u00e4hk\u00f6pielet.<\/p>\n<p>Merkitt\u00e4v\u00e4 etu on my\u00f6s LVI- ja s\u00e4hk\u00f6l\u00e4pivientien tehtaalla tehdyt mittatarkat rei\u00b4itykset. T\u00e4m\u00e4 paitsi nopeuttaa LVIS t\u00f6it\u00e4, my\u00f6s v\u00e4hent\u00e4\u00e4 siivoustarvetta kohteessa. Otsaelementit on helppo integroida osaksi LVIS \u2013yhteiskannakointij\u00e4rjestelm\u00e4\u00e4.<\/p>\n<h4>Tekniset tiedot<\/h4>\n<p>HSL otsaelementtien rakenne on sama kuin HSL umpielementtiseiniss\u00e4: runko on kertopuuta jonka sis\u00e4ll\u00e4 on vuorivillaeriste, ja rakenteen p\u00e4\u00e4ll\u00e4 on rakennuslevy molemmin puolin. Elementtien tarkat detaljit l\u00f6yd\u00e4t osasta Ladattavat materiaalit.<\/p>\n<p>Vakio-otsan leveys 92 mm<br \/> Holkkiotsan leveys 117 mm<br \/> Tuplasein\u00e4n otsan leveys 142 mm<\/p>\n<h4>Asennus<\/h4>\n<p>Kuten kaikki HSL-j\u00e4rjestelm\u00e4v\u00e4lisein\u00e4t, my\u00f6s HSL-otsaelementit toimitetaan juuri ajallaan ja asennetaan avaimet k\u00e4teen -periaatteella. Asennus tapahtuu laittamalla kattoon ensin juoksut oikeille kohdille, mink\u00e4 j\u00e4lkeen otsaelementit nostetaan paikalleen ja kiinnitet\u00e4\u00e4n. Jos kohteessa on k\u00e4yt\u00f6ss\u00e4 LVIS yhteiskannakointij\u00e4rjestelm\u00e4, se asennetaan yleens\u00e4 ennen otsia.<\/p>\n<h4>Tuotenimi ja takuu<\/h4>\n<p>HSL Otsa<br \/> Takuuaika 2 vuotta<\/p>[\/et_pb_text][\/et_pb_column][et_pb_column type=&#8221;1_3&#8243; _builder_version=&#8221;3.25&#8243; custom_padding=&#8221;|||&#8221; global_colors_info=&#8221;{}&#8221; custom_padding__hover=&#8221;|||&#8221;][et_pb_text admin_label=&#8221;Yhteydenotto&#8221; _builder_version=&#8221;3.27.4&#8243; background_size=&#8221;initial&#8221; background_position=&#8221;top_left&#8221; background_repeat=&#8221;repeat&#8221; use_border_color=&#8221;off&#8221; border_color=&#8221;#ffffff&#8221; border_style=&#8221;solid&#8221; global_colors_info=&#8221;{}&#8221;]<h3>J\u00e4t\u00e4 yhteydenottopyynt\u00f6<\/h3>\r\n<div class=\"et_pb_contact\">\r\n\n<div class=\"wpcf7 no-js\" id=\"wpcf7-f46-o1\" lang=\"fi\" dir=\"ltr\" data-wpcf7-id=\"46\">\n<div class=\"screen-reader-response\"><p role=\"status\" aria-live=\"polite\" aria-atomic=\"true\"><\/p> <ul><\/ul><\/div>\n<form action=\"\/en\/wp-json\/wp\/v2\/pages\/196#wpcf7-f46-o1\" method=\"post\" class=\"wpcf7-form init\" aria-label=\"Yhteydenottolomake\" novalidate=\"novalidate\" data-status=\"init\">\n<fieldset class=\"hidden-fields-container\"><input type=\"hidden\" name=\"_wpcf7\" value=\"46\" \/><input type=\"hidden\" name=\"_wpcf7_version\" value=\"6.1.5\" \/><input type=\"hidden\" name=\"_wpcf7_locale\" value=\"fi\" \/><input type=\"hidden\" name=\"_wpcf7_unit_tag\" value=\"wpcf7-f46-o1\" \/><input type=\"hidden\" name=\"_wpcf7_container_post\" value=\"0\" \/><input type=\"hidden\" name=\"_wpcf7_posted_data_hash\" value=\"\" \/><input type=\"hidden\" name=\"_wpcf7_recaptcha_response\" value=\"\" \/>\n<\/fieldset>\n<p>Yritys\n<\/p>\n<p><span class=\"wpcf7-form-control-wrap\" data-name=\"company-name\"><input size=\"40\" maxlength=\"400\" class=\"wpcf7-form-control wpcf7-text wpcf7-validates-as-required\" aria-required=\"true\" aria-invalid=\"false\" value=\"\" type=\"text\" name=\"company-name\" \/><\/span>\n<\/p>\n<p>Yhteyshenkil\u00f6\n<\/p>\n<p><span class=\"wpcf7-form-control-wrap\" data-name=\"contact-person\"><input size=\"40\" maxlength=\"400\" class=\"wpcf7-form-control wpcf7-text wpcf7-validates-as-required\" aria-required=\"true\" aria-invalid=\"false\" value=\"\" type=\"text\" name=\"contact-person\" \/><\/span>\n<\/p>\n<p>S\u00e4hk\u00f6posti\n<\/p>\n<p><span class=\"wpcf7-form-control-wrap\" data-name=\"email\"><input size=\"40\" maxlength=\"400\" class=\"wpcf7-form-control wpcf7-email wpcf7-validates-as-required wpcf7-text wpcf7-validates-as-email\" aria-required=\"true\" aria-invalid=\"false\" value=\"\" type=\"email\" name=\"email\" \/><\/span>\n<\/p>\n<p>Puhelinnumero\n<\/p>\n<p><span class=\"wpcf7-form-control-wrap\" data-name=\"phone-number\"><input size=\"40\" maxlength=\"400\" class=\"wpcf7-form-control wpcf7-text\" aria-invalid=\"false\" value=\"\" type=\"text\" name=\"phone-number\" \/><\/span>\n<\/p>\n<p><input class=\"wpcf7-form-control wpcf7-submit has-spinner\" type=\"submit\" value=\"L\u00e4het\u00e4\" \/>\n<\/p><div class=\"wpcf7-response-output\" aria-hidden=\"true\"><\/div>\n<\/form>\n<\/div>\n\r\n<\/div>\r[\/et_pb_text][et_pb_cta title=&#8221;Soita meille&#8221; button_url=&#8221;tel:+358102776500&#8243; button_text=&#8221;010 277 6500&#8243; _builder_version=&#8221;4.14.7&#8243; _module_preset=&#8221;default&#8221; body_font=&#8221;|600|||||||&#8221; background_color=&#8221;#4c4c4c&#8221; background_image=&#8221;https:\/\/en.hslgroup.fi\/wp-content\/uploads\/2022\/01\/HSL-puulasiseina\u0308-sinila\u0308hteen-koulu.jpg&#8221; background_repeat=&#8221;repeat-x&#8221; background_blend=&#8221;overlay&#8221; custom_button=&#8221;on&#8221; button_text_size=&#8221;18px&#8221; button_bg_color=&#8221;#50af31&#8243; button_border_width=&#8221;0px&#8221; button_icon=&#8221;&#xe00b;||divi||400&#8243; saved_tabs=&#8221;all&#8221; global_colors_info=&#8221;{}&#8221; global_module=&#8221;2312&#8243; theme_builder_area=&#8221;post_content&#8221;]<p>Saat lis\u00e4tietoja ratkaisuistamme nopeasti ottamalla yhteytt\u00e4 asiakaspalveluumme.<\/p>[\/et_pb_cta][\/et_pb_column][\/et_pb_row][\/et_pb_section]\n","protected":false},"excerpt":{"rendered":"<p>Otsaelementit Merkitt\u00e4v\u00e4 etu arkkitehdeille ja rakentajille HSL-otsaelementit nopeuttavat merkitt\u00e4v\u00e4sti sek\u00e4 suunnitteluty\u00f6t\u00e4 ett\u00e4 kohteen rakentamista. Asennusvalmiisiin otsaelementteihin voidaan kiinnitt\u00e4\u00e4 alapuoliset sein\u00e4rakenteet kuten umpisein\u00e4t, lasisein\u00e4t, ovet ja s\u00e4hk\u00f6pielet. Merkitt\u00e4v\u00e4 etu on my\u00f6s LVI- ja s\u00e4hk\u00f6l\u00e4pivientien tehtaalla tehdyt mittatarkat rei\u00b4itykset. T\u00e4m\u00e4 paitsi nopeuttaa LVIS t\u00f6it\u00e4, my\u00f6s v\u00e4hent\u00e4\u00e4 siivoustarvetta kohteessa. Otsaelementit on helppo integroida osaksi LVIS \u2013yhteiskannakointij\u00e4rjestelm\u00e4\u00e4. Tekniset tiedot [&hellip;]<\/p>\n","protected":false},"author":1,"featured_media":0,"parent":50,"menu_order":0,"comment_status":"closed","ping_status":"closed","template":"","meta":{"_et_pb_use_builder":"on","_et_pb_old_content":"","_et_gb_content_width":"","footnotes":""},"class_list":["post-196","page","type-page","status-publish","hentry"],"yoast_head":"<!-- This site is optimized with the Yoast SEO plugin v27.5 - https:\/\/yoast.com\/product\/yoast-seo-wordpress\/ -->\n<title>J\u00e4rjestelm\u00e4v\u00e4liseinien otsaelementit - HSL Group Oy<\/title>\n<meta name=\"description\" content=\"J\u00e4rjestelm\u00e4v\u00e4liseinien otsaelementit tuovat merkitt\u00e4v\u00e4\u00e4 etua arkkitehdeille ja rakentajille. Otsaelementteihin voi kiinnitt\u00e4\u00e4 kaikki alapuoliset sein\u00e4rakenteet\" \/>\n<meta name=\"robots\" content=\"index, follow, max-snippet:-1, max-image-preview:large, max-video-preview:-1\" \/>\n<link rel=\"canonical\" href=\"https:\/\/en.hslgroup.fi\/en\/partition-wall-systems\/bulk-head-elements\/\" \/>\n<meta property=\"og:locale\" content=\"en_GB\" \/>\n<meta property=\"og:type\" content=\"article\" \/>\n<meta property=\"og:title\" content=\"J\u00e4rjestelm\u00e4v\u00e4liseinien otsaelementit - HSL Group Oy\" \/>\n<meta property=\"og:description\" content=\"J\u00e4rjestelm\u00e4v\u00e4liseinien otsaelementit tuovat merkitt\u00e4v\u00e4\u00e4 etua arkkitehdeille ja rakentajille. Otsaelementteihin voi kiinnitt\u00e4\u00e4 kaikki alapuoliset sein\u00e4rakenteet\" \/>\n<meta property=\"og:url\" content=\"https:\/\/en.hslgroup.fi\/en\/partition-wall-systems\/bulk-head-elements\/\" \/>\n<meta property=\"og:site_name\" content=\"HSL Group Oy\" \/>\n<meta property=\"article:publisher\" content=\"https:\/\/facebook.com\/hslgroupoy\" \/>\n<meta property=\"article:modified_time\" content=\"2022-03-11T11:31:41+00:00\" \/>\n<meta name=\"twitter:card\" content=\"summary_large_image\" \/>\n<meta name=\"twitter:label1\" content=\"Estimated reading time\" \/>\n\t<meta name=\"twitter:data1\" content=\"2 minutes\" \/>\n<script type=\"application\/ld+json\" class=\"yoast-schema-graph\">{\"@context\":\"https:\\\/\\\/schema.org\",\"@graph\":[{\"@type\":\"WebPage\",\"@id\":\"https:\\\/\\\/en.hslgroup.fi\\\/partition-wall-systems\\\/bulk-head-elements\\\/\",\"url\":\"https:\\\/\\\/en.hslgroup.fi\\\/partition-wall-systems\\\/bulk-head-elements\\\/\",\"name\":\"J\u00e4rjestelm\u00e4v\u00e4liseinien otsaelementit - HSL Group Oy\",\"isPartOf\":{\"@id\":\"https:\\\/\\\/en.hslgroup.fi\\\/en\\\/#website\"},\"datePublished\":\"2016-07-13T22:30:44+00:00\",\"dateModified\":\"2022-03-11T11:31:41+00:00\",\"description\":\"J\u00e4rjestelm\u00e4v\u00e4liseinien otsaelementit tuovat merkitt\u00e4v\u00e4\u00e4 etua arkkitehdeille ja rakentajille. Otsaelementteihin voi kiinnitt\u00e4\u00e4 kaikki alapuoliset sein\u00e4rakenteet\",\"breadcrumb\":{\"@id\":\"https:\\\/\\\/en.hslgroup.fi\\\/partition-wall-systems\\\/bulk-head-elements\\\/#breadcrumb\"},\"inLanguage\":\"en-GB\",\"potentialAction\":[{\"@type\":\"ReadAction\",\"target\":[\"https:\\\/\\\/en.hslgroup.fi\\\/partition-wall-systems\\\/bulk-head-elements\\\/\"]}]},{\"@type\":\"BreadcrumbList\",\"@id\":\"https:\\\/\\\/en.hslgroup.fi\\\/partition-wall-systems\\\/bulk-head-elements\\\/#breadcrumb\",\"itemListElement\":[{\"@type\":\"ListItem\",\"position\":1,\"name\":\"Etusivu\",\"item\":\"https:\\\/\\\/en.hslgroup.fi\\\/fi\\\/\"},{\"@type\":\"ListItem\",\"position\":2,\"name\":\"Tuotteet\",\"item\":\"https:\\\/\\\/en.hslgroup.fi\\\/partition-wall-systems\\\/\"},{\"@type\":\"ListItem\",\"position\":3,\"name\":\"Otsaelementit\"}]},{\"@type\":\"WebSite\",\"@id\":\"https:\\\/\\\/en.hslgroup.fi\\\/en\\\/#website\",\"url\":\"https:\\\/\\\/en.hslgroup.fi\\\/en\\\/\",\"name\":\"HSL Group Oy\",\"description\":\"J\u00e4rjestelm\u00e4v\u00e4lisein\u00e4t, siirtosein\u00e4t ja minitilaratkaisut\",\"publisher\":{\"@id\":\"https:\\\/\\\/en.hslgroup.fi\\\/en\\\/#organization\"},\"potentialAction\":[{\"@type\":\"SearchAction\",\"target\":{\"@type\":\"EntryPoint\",\"urlTemplate\":\"https:\\\/\\\/en.hslgroup.fi\\\/en\\\/?s={search_term_string}\"},\"query-input\":{\"@type\":\"PropertyValueSpecification\",\"valueRequired\":true,\"valueName\":\"search_term_string\"}}],\"inLanguage\":\"en-GB\"},{\"@type\":\"Organization\",\"@id\":\"https:\\\/\\\/en.hslgroup.fi\\\/en\\\/#organization\",\"name\":\"HSL Group Oy\",\"url\":\"https:\\\/\\\/en.hslgroup.fi\\\/en\\\/\",\"logo\":{\"@type\":\"ImageObject\",\"inLanguage\":\"en-GB\",\"@id\":\"https:\\\/\\\/en.hslgroup.fi\\\/en\\\/#\\\/schema\\\/logo\\\/image\\\/\",\"url\":\"https:\\\/\\\/en.hslgroup.fi\\\/wp-content\\\/uploads\\\/2016\\\/07\\\/hsl_logo.jpg\",\"contentUrl\":\"https:\\\/\\\/en.hslgroup.fi\\\/wp-content\\\/uploads\\\/2016\\\/07\\\/hsl_logo.jpg\",\"width\":125,\"height\":60,\"caption\":\"HSL Group Oy\"},\"image\":{\"@id\":\"https:\\\/\\\/en.hslgroup.fi\\\/en\\\/#\\\/schema\\\/logo\\\/image\\\/\"},\"sameAs\":[\"https:\\\/\\\/facebook.com\\\/hslgroupoy\",\"https:\\\/\\\/linkedin.com\\\/company\\\/hsl-group\"]}]}<\/script>\n<!-- \/ Yoast SEO plugin. -->","yoast_head_json":{"title":"Partition wall systems bulk head elements - HSL Group LLC","description":"Partition wall systems bulk head elements bring significant benefits for architects and developers. All of the lower wall structures can be attached to bulk head elements","robots":{"index":"index","follow":"follow","max-snippet":"max-snippet:-1","max-image-preview":"max-image-preview:large","max-video-preview":"max-video-preview:-1"},"canonical":"https:\/\/en.hslgroup.fi\/en\/partition-wall-systems\/bulk-head-elements\/","og_locale":"en_GB","og_type":"article","og_title":"J\u00e4rjestelm\u00e4v\u00e4liseinien otsaelementit - HSL Group Oy","og_description":"J\u00e4rjestelm\u00e4v\u00e4liseinien otsaelementit tuovat merkitt\u00e4v\u00e4\u00e4 etua arkkitehdeille ja rakentajille. Otsaelementteihin voi kiinnitt\u00e4\u00e4 kaikki alapuoliset sein\u00e4rakenteet","og_url":"https:\/\/en.hslgroup.fi\/en\/partition-wall-systems\/bulk-head-elements\/","og_site_name":"HSL Group Oy","article_publisher":"https:\/\/facebook.com\/hslgroupoy","article_modified_time":"2022-03-11T11:31:41+00:00","twitter_card":"summary_large_image","twitter_misc":{"Estimated reading time":"2 minutes"},"schema":{"@context":"https:\/\/schema.org","@graph":[{"@type":"WebPage","@id":"https:\/\/en.hslgroup.fi\/partition-wall-systems\/bulk-head-elements\/","url":"https:\/\/en.hslgroup.fi\/partition-wall-systems\/bulk-head-elements\/","name":"Partition wall systems bulk head elements - HSL Group LLC","isPartOf":{"@id":"https:\/\/en.hslgroup.fi\/en\/#website"},"datePublished":"2016-07-13T22:30:44+00:00","dateModified":"2022-03-11T11:31:41+00:00","description":"Partition wall systems bulk head elements bring significant benefits for architects and developers. All of the lower wall structures can be attached to bulk head elements","breadcrumb":{"@id":"https:\/\/en.hslgroup.fi\/partition-wall-systems\/bulk-head-elements\/#breadcrumb"},"inLanguage":"en-GB","potentialAction":[{"@type":"ReadAction","target":["https:\/\/en.hslgroup.fi\/partition-wall-systems\/bulk-head-elements\/"]}]},{"@type":"BreadcrumbList","@id":"https:\/\/en.hslgroup.fi\/partition-wall-systems\/bulk-head-elements\/#breadcrumb","itemListElement":[{"@type":"ListItem","position":1,"name":"Etusivu","item":"https:\/\/en.hslgroup.fi\/fi\/"},{"@type":"ListItem","position":2,"name":"Tuotteet","item":"https:\/\/en.hslgroup.fi\/partition-wall-systems\/"},{"@type":"ListItem","position":3,"name":"Otsaelementit"}]},{"@type":"WebSite","@id":"https:\/\/en.hslgroup.fi\/en\/#website","url":"https:\/\/en.hslgroup.fi\/en\/","name":"HSL Group LLC","description":"J\u00e4rjestelm\u00e4v\u00e4lisein\u00e4t, siirtosein\u00e4t ja minitilaratkaisut","publisher":{"@id":"https:\/\/en.hslgroup.fi\/en\/#organization"},"potentialAction":[{"@type":"SearchAction","target":{"@type":"EntryPoint","urlTemplate":"https:\/\/en.hslgroup.fi\/en\/?s={search_term_string}"},"query-input":{"@type":"PropertyValueSpecification","valueRequired":true,"valueName":"search_term_string"}}],"inLanguage":"en-GB"},{"@type":"Organization","@id":"https:\/\/en.hslgroup.fi\/en\/#organization","name":"HSL Group LLC","url":"https:\/\/en.hslgroup.fi\/en\/","logo":{"@type":"ImageObject","inLanguage":"en-GB","@id":"https:\/\/en.hslgroup.fi\/en\/#\/schema\/logo\/image\/","url":"https:\/\/en.hslgroup.fi\/wp-content\/uploads\/2016\/07\/hsl_logo.jpg","contentUrl":"https:\/\/en.hslgroup.fi\/wp-content\/uploads\/2016\/07\/hsl_logo.jpg","width":125,"height":60,"caption":"HSL Group Oy"},"image":{"@id":"https:\/\/en.hslgroup.fi\/en\/#\/schema\/logo\/image\/"},"sameAs":["https:\/\/facebook.com\/hslgroupoy","https:\/\/linkedin.com\/company\/hsl-group"]}]}},"_links":{"self":[{"href":"https:\/\/en.hslgroup.fi\/en\/wp-json\/wp\/v2\/pages\/196","targetHints":{"allow":["GET"]}}],"collection":[{"href":"https:\/\/en.hslgroup.fi\/en\/wp-json\/wp\/v2\/pages"}],"about":[{"href":"https:\/\/en.hslgroup.fi\/en\/wp-json\/wp\/v2\/types\/page"}],"author":[{"embeddable":true,"href":"https:\/\/en.hslgroup.fi\/en\/wp-json\/wp\/v2\/users\/1"}],"replies":[{"embeddable":true,"href":"https:\/\/en.hslgroup.fi\/en\/wp-json\/wp\/v2\/comments?post=196"}],"version-history":[{"count":4,"href":"https:\/\/en.hslgroup.fi\/en\/wp-json\/wp\/v2\/pages\/196\/revisions"}],"predecessor-version":[{"id":2497,"href":"https:\/\/en.hslgroup.fi\/en\/wp-json\/wp\/v2\/pages\/196\/revisions\/2497"}],"up":[{"embeddable":true,"href":"https:\/\/en.hslgroup.fi\/en\/wp-json\/wp\/v2\/pages\/50"}],"wp:attachment":[{"href":"https:\/\/en.hslgroup.fi\/en\/wp-json\/wp\/v2\/media?parent=196"}],"curies":[{"name":"wp","href":"https:\/\/api.w.org\/{rel}","templated":true}]}}