{"id":1891,"date":"2021-04-30T10:36:59","date_gmt":"2021-04-30T07:36:59","guid":{"rendered":"https:\/\/en.hslgroup.fi\/?page_id=1891"},"modified":"2022-03-29T10:32:54","modified_gmt":"2022-03-29T07:32:54","slug":"coopers-kindergarten","status":"publish","type":"page","link":"https:\/\/en.hslgroup.fi\/en\/portfolio\/coopers-kindergarten\/","title":{"rendered":"Cooper's kindergarten"},"content":{"rendered":"[et_pb_section fb_built=&#8221;1&#8243; admin_label=&#8221;section&#8221; _builder_version=&#8221;4.15&#8243; global_colors_info=&#8221;{}&#8221;][et_pb_row admin_label=&#8221;Rivi&#8221; _builder_version=&#8221;4.15&#8243; background_size=&#8221;initial&#8221; background_position=&#8221;top_left&#8221; background_repeat=&#8221;repeat&#8221; global_colors_info=&#8221;{}&#8221;][et_pb_column type=&#8221;4_4&#8243; _builder_version=&#8221;4.15&#8243; custom_padding=&#8221;|||&#8221; global_colors_info=&#8221;{}&#8221; custom_padding__hover=&#8221;|||&#8221;][et_pb_text admin_label=&#8221;Teksti&#8221; _builder_version=&#8221;4.15&#8243; background_size=&#8221;initial&#8221; background_position=&#8221;top_left&#8221; background_repeat=&#8221;repeat&#8221; use_border_color=&#8221;off&#8221; border_color=&#8221;#ffffff&#8221; border_style=&#8221;solid&#8221; global_colors_info=&#8221;{}&#8221;]\n<h1>Cooperin p\u00e4iv\u00e4koti<\/h1>\n[\/et_pb_text][\/et_pb_column][\/et_pb_row][et_pb_row admin_label=&#8221;Rivi&#8221; _builder_version=&#8221;4.15&#8243; background_size=&#8221;initial&#8221; background_position=&#8221;top_left&#8221; background_repeat=&#8221;repeat&#8221; global_colors_info=&#8221;{}&#8221;][et_pb_column type=&#8221;4_4&#8243; _builder_version=&#8221;4.15&#8243; custom_padding=&#8221;|||&#8221; global_colors_info=&#8221;{}&#8221; custom_padding__hover=&#8221;|||&#8221;][et_pb_image src=&#8221;https:\/\/en.hslgroup.fi\/wp-content\/uploads\/2021\/04\/Cooperin_paivakoti-HSL-alumiinilasiseinat.jpg&#8221; alt=&#8221;Cooperin p\u00e4iv\u00e4koti&#8221; title_text=&#8221;HSL liukulasit Cooperin p\u00e4iv\u00e4koti&#8221; show_in_lightbox=&#8221;on&#8221; align_tablet=&#8221;center&#8221; align_phone=&#8221;&#8221; align_last_edited=&#8221;on|desktop&#8221; admin_label=&#8221;Kuva&#8221; _builder_version=&#8221;4.15&#8243; animation_style=&#8221;slide&#8221; animation_direction=&#8221;left&#8221; animation_duration=&#8221;500ms&#8221; animation_intensity_slide=&#8221;10%&#8221; use_border_color=&#8221;off&#8221; border_color=&#8221;#ffffff&#8221; border_style=&#8221;solid&#8221; animation=&#8221;left&#8221; sticky=&#8221;off&#8221; always_center_on_mobile=&#8221;on&#8221; global_colors_info=&#8221;{}&#8221;] [\/et_pb_image][\/et_pb_column][\/et_pb_row][et_pb_row admin_label=&#8221;row&#8221; _builder_version=&#8221;4.15&#8243; background_size=&#8221;initial&#8221; background_position=&#8221;top_left&#8221; background_repeat=&#8221;repeat&#8221; global_colors_info=&#8221;{}&#8221;][et_pb_column type=&#8221;4_4&#8243; _builder_version=&#8221;4.15&#8243; custom_padding=&#8221;|||&#8221; global_colors_info=&#8221;{}&#8221; custom_padding__hover=&#8221;|||&#8221;][et_pb_text admin_label=&#8221;Teksti&#8221; _builder_version=&#8221;4.15.1&#8243; background_size=&#8221;initial&#8221; background_position=&#8221;top_left&#8221; background_repeat=&#8221;repeat&#8221; hover_enabled=&#8221;0&#8243; use_border_color=&#8221;off&#8221; border_color=&#8221;#ffffff&#8221; border_style=&#8221;solid&#8221; global_colors_info=&#8221;{}&#8221; sticky_enabled=&#8221;0&#8243;]\n<h3>Tyylikk\u00e4\u00e4t muunneltavat tilat p\u00e4iv\u00e4kotiin<\/h3>\n<p>&nbsp;<\/p>\n<p>J\u00e4rvenp\u00e4\u00e4ss\u00e4 otettiin vuoden alussa k\u00e4ytt\u00f6\u00f6n uusi Cooperin p\u00e4iv\u00e4koti. Se tarjoaa tilat noin 200:lle p\u00e4iv\u00e4kotilaiselle ja 40:lle varhaiskasvatuksen ja siihen liittyv\u00e4n toiminnan ammattilaiselle. Tilaratkaisuiltaan ainutlaatuinen p\u00e4iv\u00e4koti sijaitsee hyvinvointikampuksella, jossa asuu paljon ik\u00e4ihmisi\u00e4. P\u00e4iv\u00e4kotiin on luotu tiloja, joissa eri ik\u00e4ryhmien kohtaaminen on luontevaa. Tavoitteena on, ett\u00e4 vanhempi v\u00e4est\u00f6 p\u00e4\u00e4see osalliseksi p\u00e4iv\u00e4kotitoimintaan.<\/p>\n<p><strong>Muunneltavuutta, n\u00e4kyvyytt\u00e4 ja \u00e4\u00e4nenhallintaa<\/strong><\/p>\n<p>Osa p\u00e4iv\u00e4kodin tiloista on suunniteltu siten, ett\u00e4 tilat voidaan helposti yhdist\u00e4\u00e4 tai jakaa pienempiin ryhm\u00e4tiloihin. Tilanjakoratkaisut toteutettiin HSL Groupin kotimaisilla <a href=\"\/tuotteet\/alumiinilasiseinat\/\">alumiinilasiseinill\u00e4<\/a> ja niihin liitetyill\u00e4 alumiinipuitteisilla liukulasiovilla. Leve\u00e4t liukulasiovet mahdollistavat sen, ett\u00e4 jopa puolet sein\u00e4st\u00e4 aukeaa tilat yhdist\u00e4v\u00e4ksi aukoksi nopeasti ja helposti.<\/p>\n<p>Sirot alumiinipuitteet antavat seinille ja liukulaseille modernin ja tyylikk\u00e4\u00e4n ilmeen. Lasiseinien ja liukulasien alumiinipuitteet sek\u00e4 liukuovien alumiiniset lattiakiskot ovat Decoral-pinnoitettuja. <a href=\"\/wp-content\/uploads\/2021\/04\/HSL-Alumiinilasi-Decoral-kasittelylla-Rw37dB-202005120.pdf\">Decoral-menetelm\u00e4ll\u00e4<\/a> alumiiniprofiilille pystyt\u00e4\u00e4n tekem\u00e4\u00e4n halutun puun tai kiven n\u00e4k\u00f6inen pinta asiakkaan toivomalla s\u00e4vyll\u00e4. Pinnoite on eritt\u00e4in kest\u00e4v\u00e4 ja sopii siksi hyvin vaativiin kohteisiin.<\/p>\n<p>Lasisein\u00e4t ja ovet tekev\u00e4t tiloista avaran tuntuisia, ja mahdollistavat tapahtumien seurannan my\u00f6s eri tilojen v\u00e4lill\u00e4. Seurannan lis\u00e4ksi l\u00e4hes kahden sadan p\u00e4iv\u00e4kotilaisen kanssa toimittaessa tarvitaan v\u00e4lill\u00e4 my\u00f6s \u00e4\u00e4nenhallintaa. Lasiseinien ja liukulasiovien testattu \u00e4\u00e4nenerist\u00e4vyys on 33 dB joka mahdollistaa rauhalliset ja meluttomat tilat kulloisenkin tarpeen mukaan.<\/p>\n<p>Muuntojoustavien j\u00e4rjestelm\u00e4seinien johdosta tilojen muuntelu tulevaisuuden tarpeiden mukaan on helppoa ja p\u00f6lyt\u00f6nt\u00e4. HSL Groupin ammattilaiset vastaavat seinien ja ovien yll\u00e4pito- ja muutost\u00f6ist\u00e4 kohteen koko elinkaaren ajan.<\/p>\n[\/et_pb_text][\/et_pb_column][\/et_pb_row][et_pb_row admin_label=&#8221;Rivi&#8221; _builder_version=&#8221;4.15&#8243; background_size=&#8221;initial&#8221; background_position=&#8221;top_left&#8221; background_repeat=&#8221;repeat&#8221; global_colors_info=&#8221;{}&#8221;][et_pb_column type=&#8221;4_4&#8243; _builder_version=&#8221;4.15&#8243; custom_padding=&#8221;|||&#8221; global_colors_info=&#8221;{}&#8221; custom_padding__hover=&#8221;|||&#8221;][et_pb_gallery gallery_ids=&#8221;1908,1907,1906,1905,1904,1900,1899,1902,1901,1894,1898,1897&#8243; posts_number=&#8221;12&#8243; show_title_and_caption=&#8221;off&#8221; show_pagination=&#8221;off&#8221; admin_label=&#8221;Galleria&#8221; _builder_version=&#8221;4.15&#8243; use_border_color=&#8221;off&#8221; border_color=&#8221;#ffffff&#8221; border_style=&#8221;solid&#8221; global_colors_info=&#8221;{}&#8221;] [\/et_pb_gallery][\/et_pb_column][\/et_pb_row][\/et_pb_section]\n","protected":false},"excerpt":{"rendered":"<p>Cooperin p\u00e4iv\u00e4koti Tyylikk\u00e4\u00e4t muunneltavat tilat p\u00e4iv\u00e4kotiin &nbsp; J\u00e4rvenp\u00e4\u00e4ss\u00e4 otettiin vuoden alussa k\u00e4ytt\u00f6\u00f6n uusi Cooperin p\u00e4iv\u00e4koti. Se tarjoaa tilat noin 200:lle p\u00e4iv\u00e4kotilaiselle ja 40:lle varhaiskasvatuksen ja siihen liittyv\u00e4n toiminnan ammattilaiselle. Tilaratkaisuiltaan ainutlaatuinen p\u00e4iv\u00e4koti sijaitsee hyvinvointikampuksella, jossa asuu paljon ik\u00e4ihmisi\u00e4. P\u00e4iv\u00e4kotiin on luotu tiloja, joissa eri ik\u00e4ryhmien kohtaaminen on luontevaa. Tavoitteena on, ett\u00e4 vanhempi v\u00e4est\u00f6 p\u00e4\u00e4see osalliseksi [&hellip;]<\/p>\n","protected":false},"author":1,"featured_media":0,"parent":52,"menu_order":0,"comment_status":"closed","ping_status":"closed","template":"","meta":{"_et_pb_use_builder":"on","_et_pb_old_content":"","_et_gb_content_width":"","footnotes":""},"class_list":["post-1891","page","type-page","status-publish","hentry"],"yoast_head":"<!-- This site is optimized with the Yoast SEO plugin v27.3 - https:\/\/yoast.com\/product\/yoast-seo-wordpress\/ -->\n<title>Cooperin p\u00e4iv\u00e4koti alumiinilasisein\u00e4t ja liukulasiovet - HSL Group Oy<\/title>\n<meta name=\"description\" content=\"Cooperin p\u00e4iv\u00e4kodin tilanjakoratkaisut toteutettiin HSL Groupin kotimaisilla alumiinilasiseinill\u00e4 ja alumiinipuitteisilla liukulasiovilla\" \/>\n<meta name=\"robots\" content=\"index, follow, max-snippet:-1, max-image-preview:large, max-video-preview:-1\" \/>\n<link rel=\"canonical\" href=\"https:\/\/en.hslgroup.fi\/en\/portfolio\/coopers-kindergarten\/\" \/>\n<meta property=\"og:locale\" content=\"en_GB\" \/>\n<meta property=\"og:type\" content=\"article\" \/>\n<meta property=\"og:title\" content=\"Cooperin p\u00e4iv\u00e4koti alumiinilasisein\u00e4t ja liukulasiovet - HSL Group Oy\" \/>\n<meta property=\"og:description\" content=\"Cooperin p\u00e4iv\u00e4kodin tilanjakoratkaisut toteutettiin HSL Groupin kotimaisilla alumiinilasiseinill\u00e4 ja alumiinipuitteisilla liukulasiovilla\" \/>\n<meta property=\"og:url\" content=\"https:\/\/en.hslgroup.fi\/en\/portfolio\/coopers-kindergarten\/\" \/>\n<meta property=\"og:site_name\" content=\"HSL Group Oy\" \/>\n<meta property=\"article:publisher\" content=\"https:\/\/facebook.com\/hslgroupoy\" \/>\n<meta property=\"article:modified_time\" content=\"2022-03-29T07:32:54+00:00\" \/>\n<meta name=\"twitter:card\" content=\"summary_large_image\" \/>\n<meta name=\"twitter:label1\" content=\"Estimated reading time\" \/>\n\t<meta name=\"twitter:data1\" content=\"2 minutes\" \/>\n<script type=\"application\/ld+json\" class=\"yoast-schema-graph\">{\"@context\":\"https:\\\/\\\/schema.org\",\"@graph\":[{\"@type\":\"WebPage\",\"@id\":\"https:\\\/\\\/en.hslgroup.fi\\\/portfolio\\\/coopers-kindergarten\\\/\",\"url\":\"https:\\\/\\\/en.hslgroup.fi\\\/portfolio\\\/coopers-kindergarten\\\/\",\"name\":\"Cooperin p\u00e4iv\u00e4koti alumiinilasisein\u00e4t ja liukulasiovet - HSL Group Oy\",\"isPartOf\":{\"@id\":\"https:\\\/\\\/en.hslgroup.fi\\\/en\\\/#website\"},\"datePublished\":\"2021-04-30T07:36:59+00:00\",\"dateModified\":\"2022-03-29T07:32:54+00:00\",\"description\":\"Cooperin p\u00e4iv\u00e4kodin tilanjakoratkaisut toteutettiin HSL Groupin kotimaisilla alumiinilasiseinill\u00e4 ja alumiinipuitteisilla liukulasiovilla\",\"breadcrumb\":{\"@id\":\"https:\\\/\\\/en.hslgroup.fi\\\/portfolio\\\/coopers-kindergarten\\\/#breadcrumb\"},\"inLanguage\":\"en-GB\",\"potentialAction\":[{\"@type\":\"ReadAction\",\"target\":[\"https:\\\/\\\/en.hslgroup.fi\\\/portfolio\\\/coopers-kindergarten\\\/\"]}]},{\"@type\":\"BreadcrumbList\",\"@id\":\"https:\\\/\\\/en.hslgroup.fi\\\/portfolio\\\/coopers-kindergarten\\\/#breadcrumb\",\"itemListElement\":[{\"@type\":\"ListItem\",\"position\":1,\"name\":\"Etusivu\",\"item\":\"https:\\\/\\\/en.hslgroup.fi\\\/fi\\\/\"},{\"@type\":\"ListItem\",\"position\":2,\"name\":\"Referenssit\",\"item\":\"https:\\\/\\\/en.hslgroup.fi\\\/portfolio\\\/\"},{\"@type\":\"ListItem\",\"position\":3,\"name\":\"Cooperin p\u00e4iv\u00e4koti\"}]},{\"@type\":\"WebSite\",\"@id\":\"https:\\\/\\\/en.hslgroup.fi\\\/en\\\/#website\",\"url\":\"https:\\\/\\\/en.hslgroup.fi\\\/en\\\/\",\"name\":\"HSL Group Oy\",\"description\":\"J\u00e4rjestelm\u00e4v\u00e4lisein\u00e4t, siirtosein\u00e4t ja minitilaratkaisut\",\"publisher\":{\"@id\":\"https:\\\/\\\/en.hslgroup.fi\\\/en\\\/#organization\"},\"potentialAction\":[{\"@type\":\"SearchAction\",\"target\":{\"@type\":\"EntryPoint\",\"urlTemplate\":\"https:\\\/\\\/en.hslgroup.fi\\\/en\\\/?s={search_term_string}\"},\"query-input\":{\"@type\":\"PropertyValueSpecification\",\"valueRequired\":true,\"valueName\":\"search_term_string\"}}],\"inLanguage\":\"en-GB\"},{\"@type\":\"Organization\",\"@id\":\"https:\\\/\\\/en.hslgroup.fi\\\/en\\\/#organization\",\"name\":\"HSL Group Oy\",\"url\":\"https:\\\/\\\/en.hslgroup.fi\\\/en\\\/\",\"logo\":{\"@type\":\"ImageObject\",\"inLanguage\":\"en-GB\",\"@id\":\"https:\\\/\\\/en.hslgroup.fi\\\/en\\\/#\\\/schema\\\/logo\\\/image\\\/\",\"url\":\"https:\\\/\\\/en.hslgroup.fi\\\/wp-content\\\/uploads\\\/2016\\\/07\\\/hsl_logo.jpg\",\"contentUrl\":\"https:\\\/\\\/en.hslgroup.fi\\\/wp-content\\\/uploads\\\/2016\\\/07\\\/hsl_logo.jpg\",\"width\":125,\"height\":60,\"caption\":\"HSL Group Oy\"},\"image\":{\"@id\":\"https:\\\/\\\/en.hslgroup.fi\\\/en\\\/#\\\/schema\\\/logo\\\/image\\\/\"},\"sameAs\":[\"https:\\\/\\\/facebook.com\\\/hslgroupoy\",\"https:\\\/\\\/linkedin.com\\\/company\\\/hsl-group\"]}]}<\/script>\n<!-- \/ Yoast SEO plugin. -->","yoast_head_json":{"title":"Cooper's kindergarten aluminum framed glass walls and sliding glass doors - HSL Group LLC","description":"Cooper's kindergarten's space division solutions were implemented with HSL Group's domestic aluminum framed glass walls and with aluminum framed sliding glass walls","robots":{"index":"index","follow":"follow","max-snippet":"max-snippet:-1","max-image-preview":"max-image-preview:large","max-video-preview":"max-video-preview:-1"},"canonical":"https:\/\/en.hslgroup.fi\/en\/portfolio\/coopers-kindergarten\/","og_locale":"en_GB","og_type":"article","og_title":"Cooperin p\u00e4iv\u00e4koti alumiinilasisein\u00e4t ja liukulasiovet - HSL Group Oy","og_description":"Cooperin p\u00e4iv\u00e4kodin tilanjakoratkaisut toteutettiin HSL Groupin kotimaisilla alumiinilasiseinill\u00e4 ja alumiinipuitteisilla liukulasiovilla","og_url":"https:\/\/en.hslgroup.fi\/en\/portfolio\/coopers-kindergarten\/","og_site_name":"HSL Group Oy","article_publisher":"https:\/\/facebook.com\/hslgroupoy","article_modified_time":"2022-03-29T07:32:54+00:00","twitter_card":"summary_large_image","twitter_misc":{"Estimated reading time":"2 minutes"},"schema":{"@context":"https:\/\/schema.org","@graph":[{"@type":"WebPage","@id":"https:\/\/en.hslgroup.fi\/portfolio\/coopers-kindergarten\/","url":"https:\/\/en.hslgroup.fi\/portfolio\/coopers-kindergarten\/","name":"Cooper's kindergarten aluminum framed glass walls and sliding glass doors - HSL Group LLC","isPartOf":{"@id":"https:\/\/en.hslgroup.fi\/en\/#website"},"datePublished":"2021-04-30T07:36:59+00:00","dateModified":"2022-03-29T07:32:54+00:00","description":"Cooper's kindergarten's space division solutions were implemented with HSL Group's domestic aluminum framed glass walls and with aluminum framed sliding glass walls","breadcrumb":{"@id":"https:\/\/en.hslgroup.fi\/portfolio\/coopers-kindergarten\/#breadcrumb"},"inLanguage":"en-GB","potentialAction":[{"@type":"ReadAction","target":["https:\/\/en.hslgroup.fi\/portfolio\/coopers-kindergarten\/"]}]},{"@type":"BreadcrumbList","@id":"https:\/\/en.hslgroup.fi\/portfolio\/coopers-kindergarten\/#breadcrumb","itemListElement":[{"@type":"ListItem","position":1,"name":"Etusivu","item":"https:\/\/en.hslgroup.fi\/fi\/"},{"@type":"ListItem","position":2,"name":"Referenssit","item":"https:\/\/en.hslgroup.fi\/portfolio\/"},{"@type":"ListItem","position":3,"name":"Cooperin p\u00e4iv\u00e4koti"}]},{"@type":"WebSite","@id":"https:\/\/en.hslgroup.fi\/en\/#website","url":"https:\/\/en.hslgroup.fi\/en\/","name":"HSL Group LLC","description":"J\u00e4rjestelm\u00e4v\u00e4lisein\u00e4t, siirtosein\u00e4t ja minitilaratkaisut","publisher":{"@id":"https:\/\/en.hslgroup.fi\/en\/#organization"},"potentialAction":[{"@type":"SearchAction","target":{"@type":"EntryPoint","urlTemplate":"https:\/\/en.hslgroup.fi\/en\/?s={search_term_string}"},"query-input":{"@type":"PropertyValueSpecification","valueRequired":true,"valueName":"search_term_string"}}],"inLanguage":"en-GB"},{"@type":"Organization","@id":"https:\/\/en.hslgroup.fi\/en\/#organization","name":"HSL Group LLC","url":"https:\/\/en.hslgroup.fi\/en\/","logo":{"@type":"ImageObject","inLanguage":"en-GB","@id":"https:\/\/en.hslgroup.fi\/en\/#\/schema\/logo\/image\/","url":"https:\/\/en.hslgroup.fi\/wp-content\/uploads\/2016\/07\/hsl_logo.jpg","contentUrl":"https:\/\/en.hslgroup.fi\/wp-content\/uploads\/2016\/07\/hsl_logo.jpg","width":125,"height":60,"caption":"HSL Group Oy"},"image":{"@id":"https:\/\/en.hslgroup.fi\/en\/#\/schema\/logo\/image\/"},"sameAs":["https:\/\/facebook.com\/hslgroupoy","https:\/\/linkedin.com\/company\/hsl-group"]}]}},"_links":{"self":[{"href":"https:\/\/en.hslgroup.fi\/en\/wp-json\/wp\/v2\/pages\/1891","targetHints":{"allow":["GET"]}}],"collection":[{"href":"https:\/\/en.hslgroup.fi\/en\/wp-json\/wp\/v2\/pages"}],"about":[{"href":"https:\/\/en.hslgroup.fi\/en\/wp-json\/wp\/v2\/types\/page"}],"author":[{"embeddable":true,"href":"https:\/\/en.hslgroup.fi\/en\/wp-json\/wp\/v2\/users\/1"}],"replies":[{"embeddable":true,"href":"https:\/\/en.hslgroup.fi\/en\/wp-json\/wp\/v2\/comments?post=1891"}],"version-history":[{"count":5,"href":"https:\/\/en.hslgroup.fi\/en\/wp-json\/wp\/v2\/pages\/1891\/revisions"}],"predecessor-version":[{"id":2564,"href":"https:\/\/en.hslgroup.fi\/en\/wp-json\/wp\/v2\/pages\/1891\/revisions\/2564"}],"up":[{"embeddable":true,"href":"https:\/\/en.hslgroup.fi\/en\/wp-json\/wp\/v2\/pages\/52"}],"wp:attachment":[{"href":"https:\/\/en.hslgroup.fi\/en\/wp-json\/wp\/v2\/media?parent=1891"}],"curies":[{"name":"wp","href":"https:\/\/api.w.org\/{rel}","templated":true}]}}