{"id":1818,"date":"2021-03-19T10:13:56","date_gmt":"2021-03-19T08:13:56","guid":{"rendered":"https:\/\/en.hslgroup.fi\/?page_id=1818"},"modified":"2022-03-17T10:43:45","modified_gmt":"2022-03-17T08:43:45","slug":"lahti-aqua","status":"publish","type":"page","link":"https:\/\/en.hslgroup.fi\/en\/portfolio\/lahti-aqua\/","title":{"rendered":"Lahti Aqua"},"content":{"rendered":"\n[et_pb_section fb_built=&#8221;1&#8243; admin_label=&#8221;section&#8221; _builder_version=&#8221;3.22&#8243;][et_pb_row admin_label=&#8221;Rivi&#8221; _builder_version=&#8221;3.25&#8243; background_size=&#8221;initial&#8221; background_position=&#8221;top_left&#8221; background_repeat=&#8221;repeat&#8221;][et_pb_column type=&#8221;4_4&#8243; _builder_version=&#8221;3.25&#8243; custom_padding=&#8221;|||&#8221; custom_padding__hover=&#8221;|||&#8221;][et_pb_text admin_label=&#8221;Teksti&#8221; _builder_version=&#8221;4.0.9&#8243; background_size=&#8221;initial&#8221; background_position=&#8221;top_left&#8221; background_repeat=&#8221;repeat&#8221; use_border_color=&#8221;off&#8221; border_color=&#8221;#ffffff&#8221; border_style=&#8221;solid&#8221;]<h1>Lahti Aqua uusi p\u00e4\u00e4konttori<\/h1>[\/et_pb_text][\/et_pb_column][\/et_pb_row][et_pb_row admin_label=&#8221;Rivi&#8221; _builder_version=&#8221;3.25&#8243; background_size=&#8221;initial&#8221; background_position=&#8221;top_left&#8221; background_repeat=&#8221;repeat&#8221;][et_pb_column type=&#8221;4_4&#8243; _builder_version=&#8221;3.25&#8243; custom_padding=&#8221;|||&#8221; custom_padding__hover=&#8221;|||&#8221;][et_pb_image src=&#8221;https:\/\/en.hslgroup.fi\/wp-content\/uploads\/2021\/03\/Lahti-aqua-jarjestelmavaliseinat.jpg&#8221; alt=&#8221;K-Kampus Helsinki&#8221; title_text=&#8221;HSL liukulasit K-Kampus Helsinki&#8221; show_in_lightbox=&#8221;on&#8221; align_tablet=&#8221;center&#8221; align_phone=&#8221;&#8221; align_last_edited=&#8221;on|desktop&#8221; admin_label=&#8221;Kuva&#8221; _builder_version=&#8221;4.0.9&#8243; animation_style=&#8221;slide&#8221; animation_direction=&#8221;left&#8221; animation_duration=&#8221;500ms&#8221; animation_intensity_slide=&#8221;10%&#8221; use_border_color=&#8221;off&#8221; border_color=&#8221;#ffffff&#8221; border_style=&#8221;solid&#8221; animation=&#8221;left&#8221; sticky=&#8221;off&#8221; always_center_on_mobile=&#8221;on&#8221;] [\/et_pb_image][\/et_pb_column][\/et_pb_row][et_pb_row admin_label=&#8221;row&#8221; _builder_version=&#8221;3.25&#8243; background_size=&#8221;initial&#8221; background_position=&#8221;top_left&#8221; background_repeat=&#8221;repeat&#8221;][et_pb_column type=&#8221;4_4&#8243; _builder_version=&#8221;3.25&#8243; custom_padding=&#8221;|||&#8221; custom_padding__hover=&#8221;|||&#8221;][et_pb_text admin_label=&#8221;Teksti&#8221; _builder_version=&#8221;4.0.9&#8243; background_size=&#8221;initial&#8221; background_position=&#8221;top_left&#8221; background_repeat=&#8221;repeat&#8221; hover_enabled=&#8221;0&#8243; use_border_color=&#8221;off&#8221; border_color=&#8221;#ffffff&#8221; border_style=&#8221;solid&#8221;]<h3>Avokonttori vaihtui ty\u00f6rauhaa tuoviin lasiseiniin<\/h3>\n<p>&nbsp;<\/p>\n<p>Lahti Aquan p\u00e4\u00e4konttori muutti uudistettuihin toimitiloihin ja samalla uudistui my\u00f6s ty\u00f6tilojen j\u00e4rjestely. Aiempi avokonttori vaihtui tyylikk\u00e4ill\u00e4 kotimaisilla lasiseinill\u00e4 varustettuun toimistoon, jossa avoin ja valoisa tunnelma tarjoaa my\u00f6s mahdollisuuden rauhaa ja yksityisyytt\u00e4 vaativaan ty\u00f6skentelyyn.<\/p>\n<p>Uudet tilaratkaisut toteutettiin HSL Groupin \u00e4\u00e4nt\u00e4 erist\u00e4vill\u00e4 puulasiseinill\u00e4 sek\u00e4 niihin liitetyill\u00e4 puukarmein varustetuilla liukulasiovilla. Sein\u00e4t ja liukulasiovet valmistettiin Suomessa asiakkaan tiloihin r\u00e4\u00e4t\u00e4l\u00f6ityn\u00e4 kokonaisuutena. Pintamateriaaliksi valikoitui asiakkaan suunnitelmien mukainen ajaton koivuviilu.<\/p>\n<p>Leve\u00e4t yl\u00e4py\u00f6r\u00e4st\u00f6ll\u00e4 varustetut liukulasiovet mahdollistavat kynnyksett\u00f6m\u00e4t avarat kulkuaukot ja yhten\u00e4isen tilan tuntua kokonaisuuteen, mutta tarvittaessa yksitt\u00e4iset tilat saa kuitenkin nopeasti suljettua. Lasiseinien \u00e4\u00e4nenerist\u00e4vyys on valitusta lasista riippuen Rw31-39dB ja liukulasiovissa Rw31dB. T\u00e4m\u00e4 takaa tarvittavan ty\u00f6rauhan ja neuvotteluiden yksityisyyden.<\/p>\n<p>Asiakas oli lopputulokseen tyytyv\u00e4inen. Muuntojoustavien ratkaisujen johdosta tilojen muuntelu tulevaisuuden tarpeiden mukaan on helppoa ja p\u00f6lyt\u00f6nt\u00e4. HSL Groupin ammattilaiset vastaavat seinien ja ovien yll\u00e4pito- ja muutost\u00f6ist\u00e4 kohteen koko elinkaaren ajan.<\/p>\n<p>Katso kohteen esittelyvideo alta.<\/p>\n[\/et_pb_text][et_pb_video src=&#8221;https:\/\/youtu.be\/VnahdkMo9fU&#8221; _builder_version=&#8221;4.0.9&#8243;][\/et_pb_video][\/et_pb_column][\/et_pb_row][et_pb_row admin_label=&#8221;Rivi&#8221; _builder_version=&#8221;3.25&#8243; background_size=&#8221;initial&#8221; background_position=&#8221;top_left&#8221; background_repeat=&#8221;repeat&#8221;][et_pb_column type=&#8221;4_4&#8243; _builder_version=&#8221;3.25&#8243; custom_padding=&#8221;|||&#8221; custom_padding__hover=&#8221;|||&#8221;][et_pb_gallery gallery_ids=&#8221;1833,1834,1829,1832,1831,1830&#8243; posts_number=&#8221;6&#8243; show_title_and_caption=&#8221;off&#8221; show_pagination=&#8221;off&#8221; admin_label=&#8221;Galleria&#8221; _builder_version=&#8221;4.0.9&#8243; use_border_color=&#8221;off&#8221; border_color=&#8221;#ffffff&#8221; border_style=&#8221;solid&#8221;] [\/et_pb_gallery][\/et_pb_column][\/et_pb_row][\/et_pb_section]\n","protected":false},"excerpt":{"rendered":"<p>Lahti Aqua uusi p\u00e4\u00e4konttori Avokonttori vaihtui ty\u00f6rauhaa tuoviin lasiseiniin &nbsp; Lahti Aquan p\u00e4\u00e4konttori muutti uudistettuihin toimitiloihin ja samalla uudistui my\u00f6s ty\u00f6tilojen j\u00e4rjestely. Aiempi avokonttori vaihtui tyylikk\u00e4ill\u00e4 kotimaisilla lasiseinill\u00e4 varustettuun toimistoon, jossa avoin ja valoisa tunnelma tarjoaa my\u00f6s mahdollisuuden rauhaa ja yksityisyytt\u00e4 vaativaan ty\u00f6skentelyyn. Uudet tilaratkaisut toteutettiin HSL Groupin \u00e4\u00e4nt\u00e4 erist\u00e4vill\u00e4 puulasiseinill\u00e4 sek\u00e4 niihin liitetyill\u00e4 puukarmein [&hellip;]<\/p>\n","protected":false},"author":1,"featured_media":0,"parent":52,"menu_order":0,"comment_status":"closed","ping_status":"closed","template":"","meta":{"_et_pb_use_builder":"on","_et_pb_old_content":"","_et_gb_content_width":"","footnotes":""},"class_list":["post-1818","page","type-page","status-publish","hentry"],"yoast_head":"<!-- This site is optimized with the Yoast SEO plugin v27.4 - https:\/\/yoast.com\/product\/yoast-seo-wordpress\/ -->\n<title>Lahti Aqua puulasisein\u00e4t ja liukulasiovet - HSL Group Oy<\/title>\n<meta name=\"description\" content=\"Lahti Aquan uudet tilaratkaisut toteutettiin HSL Groupin \u00e4\u00e4nt\u00e4 erist\u00e4vill\u00e4 puulasiseinill\u00e4 sek\u00e4 puukarmein varustetuilla liukulasiovilla\" \/>\n<meta name=\"robots\" content=\"index, follow, max-snippet:-1, max-image-preview:large, max-video-preview:-1\" \/>\n<link rel=\"canonical\" href=\"https:\/\/en.hslgroup.fi\/en\/portfolio\/lahti-aqua\/\" \/>\n<meta property=\"og:locale\" content=\"en_GB\" \/>\n<meta property=\"og:type\" content=\"article\" \/>\n<meta property=\"og:title\" content=\"Lahti Aqua puulasisein\u00e4t ja liukulasiovet - HSL Group Oy\" \/>\n<meta property=\"og:description\" content=\"Lahti Aquan uudet tilaratkaisut toteutettiin HSL Groupin \u00e4\u00e4nt\u00e4 erist\u00e4vill\u00e4 puulasiseinill\u00e4 sek\u00e4 puukarmein varustetuilla liukulasiovilla\" \/>\n<meta property=\"og:url\" content=\"https:\/\/en.hslgroup.fi\/en\/portfolio\/lahti-aqua\/\" \/>\n<meta property=\"og:site_name\" content=\"HSL Group Oy\" \/>\n<meta property=\"article:publisher\" content=\"https:\/\/facebook.com\/hslgroupoy\" \/>\n<meta property=\"article:modified_time\" content=\"2022-03-17T08:43:45+00:00\" \/>\n<meta name=\"twitter:card\" content=\"summary_large_image\" \/>\n<meta name=\"twitter:label1\" content=\"Estimated reading time\" \/>\n\t<meta name=\"twitter:data1\" content=\"2 minutes\" \/>\n<script type=\"application\/ld+json\" class=\"yoast-schema-graph\">{\"@context\":\"https:\\\/\\\/schema.org\",\"@graph\":[{\"@type\":\"WebPage\",\"@id\":\"https:\\\/\\\/en.hslgroup.fi\\\/portfolio\\\/lahti-aqua\\\/\",\"url\":\"https:\\\/\\\/en.hslgroup.fi\\\/portfolio\\\/lahti-aqua\\\/\",\"name\":\"Lahti Aqua puulasisein\u00e4t ja liukulasiovet - HSL Group Oy\",\"isPartOf\":{\"@id\":\"https:\\\/\\\/en.hslgroup.fi\\\/en\\\/#website\"},\"datePublished\":\"2021-03-19T08:13:56+00:00\",\"dateModified\":\"2022-03-17T08:43:45+00:00\",\"description\":\"Lahti Aquan uudet tilaratkaisut toteutettiin HSL Groupin \u00e4\u00e4nt\u00e4 erist\u00e4vill\u00e4 puulasiseinill\u00e4 sek\u00e4 puukarmein varustetuilla liukulasiovilla\",\"breadcrumb\":{\"@id\":\"https:\\\/\\\/en.hslgroup.fi\\\/portfolio\\\/lahti-aqua\\\/#breadcrumb\"},\"inLanguage\":\"en-GB\",\"potentialAction\":[{\"@type\":\"ReadAction\",\"target\":[\"https:\\\/\\\/en.hslgroup.fi\\\/portfolio\\\/lahti-aqua\\\/\"]}]},{\"@type\":\"BreadcrumbList\",\"@id\":\"https:\\\/\\\/en.hslgroup.fi\\\/portfolio\\\/lahti-aqua\\\/#breadcrumb\",\"itemListElement\":[{\"@type\":\"ListItem\",\"position\":1,\"name\":\"Etusivu\",\"item\":\"https:\\\/\\\/en.hslgroup.fi\\\/fi\\\/\"},{\"@type\":\"ListItem\",\"position\":2,\"name\":\"Referenssit\",\"item\":\"https:\\\/\\\/en.hslgroup.fi\\\/portfolio\\\/\"},{\"@type\":\"ListItem\",\"position\":3,\"name\":\"Lahti Aqua\"}]},{\"@type\":\"WebSite\",\"@id\":\"https:\\\/\\\/en.hslgroup.fi\\\/en\\\/#website\",\"url\":\"https:\\\/\\\/en.hslgroup.fi\\\/en\\\/\",\"name\":\"HSL Group Oy\",\"description\":\"J\u00e4rjestelm\u00e4v\u00e4lisein\u00e4t, siirtosein\u00e4t ja minitilaratkaisut\",\"publisher\":{\"@id\":\"https:\\\/\\\/en.hslgroup.fi\\\/en\\\/#organization\"},\"potentialAction\":[{\"@type\":\"SearchAction\",\"target\":{\"@type\":\"EntryPoint\",\"urlTemplate\":\"https:\\\/\\\/en.hslgroup.fi\\\/en\\\/?s={search_term_string}\"},\"query-input\":{\"@type\":\"PropertyValueSpecification\",\"valueRequired\":true,\"valueName\":\"search_term_string\"}}],\"inLanguage\":\"en-GB\"},{\"@type\":\"Organization\",\"@id\":\"https:\\\/\\\/en.hslgroup.fi\\\/en\\\/#organization\",\"name\":\"HSL Group Oy\",\"url\":\"https:\\\/\\\/en.hslgroup.fi\\\/en\\\/\",\"logo\":{\"@type\":\"ImageObject\",\"inLanguage\":\"en-GB\",\"@id\":\"https:\\\/\\\/en.hslgroup.fi\\\/en\\\/#\\\/schema\\\/logo\\\/image\\\/\",\"url\":\"https:\\\/\\\/en.hslgroup.fi\\\/wp-content\\\/uploads\\\/2016\\\/07\\\/hsl_logo.jpg\",\"contentUrl\":\"https:\\\/\\\/en.hslgroup.fi\\\/wp-content\\\/uploads\\\/2016\\\/07\\\/hsl_logo.jpg\",\"width\":125,\"height\":60,\"caption\":\"HSL Group Oy\"},\"image\":{\"@id\":\"https:\\\/\\\/en.hslgroup.fi\\\/en\\\/#\\\/schema\\\/logo\\\/image\\\/\"},\"sameAs\":[\"https:\\\/\\\/facebook.com\\\/hslgroupoy\",\"https:\\\/\\\/linkedin.com\\\/company\\\/hsl-group\"]}]}<\/script>\n<!-- \/ Yoast SEO plugin. -->","yoast_head_json":{"title":"Lahti Aqua wood framed glass walls and sliding glass doors - HSL Group LLC","description":"Lahti Aqua's new premise solutions were implemented with HSL Group's sound insulating wood framed glass walls and wood framed sliding glass doors","robots":{"index":"index","follow":"follow","max-snippet":"max-snippet:-1","max-image-preview":"max-image-preview:large","max-video-preview":"max-video-preview:-1"},"canonical":"https:\/\/en.hslgroup.fi\/en\/portfolio\/lahti-aqua\/","og_locale":"en_GB","og_type":"article","og_title":"Lahti Aqua puulasisein\u00e4t ja liukulasiovet - HSL Group Oy","og_description":"Lahti Aquan uudet tilaratkaisut toteutettiin HSL Groupin \u00e4\u00e4nt\u00e4 erist\u00e4vill\u00e4 puulasiseinill\u00e4 sek\u00e4 puukarmein varustetuilla liukulasiovilla","og_url":"https:\/\/en.hslgroup.fi\/en\/portfolio\/lahti-aqua\/","og_site_name":"HSL Group Oy","article_publisher":"https:\/\/facebook.com\/hslgroupoy","article_modified_time":"2022-03-17T08:43:45+00:00","twitter_card":"summary_large_image","twitter_misc":{"Estimated reading time":"2 minutes"},"schema":{"@context":"https:\/\/schema.org","@graph":[{"@type":"WebPage","@id":"https:\/\/en.hslgroup.fi\/portfolio\/lahti-aqua\/","url":"https:\/\/en.hslgroup.fi\/portfolio\/lahti-aqua\/","name":"Lahti Aqua wood framed glass walls and sliding glass doors - HSL Group LLC","isPartOf":{"@id":"https:\/\/en.hslgroup.fi\/en\/#website"},"datePublished":"2021-03-19T08:13:56+00:00","dateModified":"2022-03-17T08:43:45+00:00","description":"Lahti Aqua's new premise solutions were implemented with HSL Group's sound insulating wood framed glass walls and wood framed sliding glass doors","breadcrumb":{"@id":"https:\/\/en.hslgroup.fi\/portfolio\/lahti-aqua\/#breadcrumb"},"inLanguage":"en-GB","potentialAction":[{"@type":"ReadAction","target":["https:\/\/en.hslgroup.fi\/portfolio\/lahti-aqua\/"]}]},{"@type":"BreadcrumbList","@id":"https:\/\/en.hslgroup.fi\/portfolio\/lahti-aqua\/#breadcrumb","itemListElement":[{"@type":"ListItem","position":1,"name":"Etusivu","item":"https:\/\/en.hslgroup.fi\/fi\/"},{"@type":"ListItem","position":2,"name":"Referenssit","item":"https:\/\/en.hslgroup.fi\/portfolio\/"},{"@type":"ListItem","position":3,"name":"Lahti Aqua"}]},{"@type":"WebSite","@id":"https:\/\/en.hslgroup.fi\/en\/#website","url":"https:\/\/en.hslgroup.fi\/en\/","name":"HSL Group LLC","description":"J\u00e4rjestelm\u00e4v\u00e4lisein\u00e4t, siirtosein\u00e4t ja minitilaratkaisut","publisher":{"@id":"https:\/\/en.hslgroup.fi\/en\/#organization"},"potentialAction":[{"@type":"SearchAction","target":{"@type":"EntryPoint","urlTemplate":"https:\/\/en.hslgroup.fi\/en\/?s={search_term_string}"},"query-input":{"@type":"PropertyValueSpecification","valueRequired":true,"valueName":"search_term_string"}}],"inLanguage":"en-GB"},{"@type":"Organization","@id":"https:\/\/en.hslgroup.fi\/en\/#organization","name":"HSL Group LLC","url":"https:\/\/en.hslgroup.fi\/en\/","logo":{"@type":"ImageObject","inLanguage":"en-GB","@id":"https:\/\/en.hslgroup.fi\/en\/#\/schema\/logo\/image\/","url":"https:\/\/en.hslgroup.fi\/wp-content\/uploads\/2016\/07\/hsl_logo.jpg","contentUrl":"https:\/\/en.hslgroup.fi\/wp-content\/uploads\/2016\/07\/hsl_logo.jpg","width":125,"height":60,"caption":"HSL Group Oy"},"image":{"@id":"https:\/\/en.hslgroup.fi\/en\/#\/schema\/logo\/image\/"},"sameAs":["https:\/\/facebook.com\/hslgroupoy","https:\/\/linkedin.com\/company\/hsl-group"]}]}},"_links":{"self":[{"href":"https:\/\/en.hslgroup.fi\/en\/wp-json\/wp\/v2\/pages\/1818","targetHints":{"allow":["GET"]}}],"collection":[{"href":"https:\/\/en.hslgroup.fi\/en\/wp-json\/wp\/v2\/pages"}],"about":[{"href":"https:\/\/en.hslgroup.fi\/en\/wp-json\/wp\/v2\/types\/page"}],"author":[{"embeddable":true,"href":"https:\/\/en.hslgroup.fi\/en\/wp-json\/wp\/v2\/users\/1"}],"replies":[{"embeddable":true,"href":"https:\/\/en.hslgroup.fi\/en\/wp-json\/wp\/v2\/comments?post=1818"}],"version-history":[{"count":5,"href":"https:\/\/en.hslgroup.fi\/en\/wp-json\/wp\/v2\/pages\/1818\/revisions"}],"predecessor-version":[{"id":2513,"href":"https:\/\/en.hslgroup.fi\/en\/wp-json\/wp\/v2\/pages\/1818\/revisions\/2513"}],"up":[{"embeddable":true,"href":"https:\/\/en.hslgroup.fi\/en\/wp-json\/wp\/v2\/pages\/52"}],"wp:attachment":[{"href":"https:\/\/en.hslgroup.fi\/en\/wp-json\/wp\/v2\/media?parent=1818"}],"curies":[{"name":"wp","href":"https:\/\/api.w.org\/{rel}","templated":true}]}}