{"id":1747,"date":"2021-02-18T12:56:36","date_gmt":"2021-02-18T10:56:36","guid":{"rendered":"https:\/\/en.hslgroup.fi\/?page_id=1747"},"modified":"2022-03-18T12:16:26","modified_gmt":"2022-03-18T10:16:26","slug":"lappeentantas-court-house","status":"publish","type":"page","link":"https:\/\/en.hslgroup.fi\/en\/portfolio\/lappeentantas-court-house\/","title":{"rendered":"Lappeenrannan Oikeustalo"},"content":{"rendered":"\n[et_pb_section fb_built=&#8221;1&#8243; admin_label=&#8221;section&#8221; _builder_version=&#8221;3.22&#8243;][et_pb_row admin_label=&#8221;Rivi&#8221; _builder_version=&#8221;3.25&#8243; background_size=&#8221;initial&#8221; background_position=&#8221;top_left&#8221; background_repeat=&#8221;repeat&#8221;][et_pb_column type=&#8221;4_4&#8243; _builder_version=&#8221;3.25&#8243; custom_padding=&#8221;|||&#8221; custom_padding__hover=&#8221;|||&#8221;][et_pb_text admin_label=&#8221;Teksti&#8221; _builder_version=&#8221;4.0.9&#8243; background_size=&#8221;initial&#8221; background_position=&#8221;top_left&#8221; background_repeat=&#8221;repeat&#8221; use_border_color=&#8221;off&#8221; border_color=&#8221;#ffffff&#8221; border_style=&#8221;solid&#8221;]<h1>Lappeenrannan uusi oikeustalo<\/h1>[\/et_pb_text][\/et_pb_column][\/et_pb_row][et_pb_row admin_label=&#8221;Rivi&#8221; _builder_version=&#8221;3.25&#8243; background_size=&#8221;initial&#8221; background_position=&#8221;top_left&#8221; background_repeat=&#8221;repeat&#8221;][et_pb_column type=&#8221;4_4&#8243; _builder_version=&#8221;3.25&#8243; custom_padding=&#8221;|||&#8221; custom_padding__hover=&#8221;|||&#8221;][et_pb_image src=&#8221;https:\/\/en.hslgroup.fi\/wp-content\/uploads\/2021\/02\/lappeenrannan-oikeustalo-hsl-alumiinilasiseina.jpg&#8221; alt=&#8221;ECHA HSL j\u00e4rjestelm\u00e4v\u00e4lisein\u00e4t&#8221; title_text=&#8221;ECHA HSL j\u00e4rjestelm\u00e4v\u00e4lisein\u00e4t&#8221; align_tablet=&#8221;center&#8221; align_phone=&#8221;&#8221; align_last_edited=&#8221;on|desktop&#8221; admin_label=&#8221;Kuva&#8221; _builder_version=&#8221;4.0.9&#8243; animation_style=&#8221;slide&#8221; animation_direction=&#8221;left&#8221; animation_duration=&#8221;500ms&#8221; animation_intensity_slide=&#8221;10%&#8221; use_border_color=&#8221;off&#8221; border_color=&#8221;#ffffff&#8221; border_style=&#8221;solid&#8221; animation=&#8221;left&#8221; sticky=&#8221;off&#8221; always_center_on_mobile=&#8221;on&#8221;] [\/et_pb_image][\/et_pb_column][\/et_pb_row][et_pb_row admin_label=&#8221;row&#8221; _builder_version=&#8221;3.25&#8243; background_size=&#8221;initial&#8221; background_position=&#8221;top_left&#8221; background_repeat=&#8221;repeat&#8221;][et_pb_column type=&#8221;4_4&#8243; _builder_version=&#8221;3.25&#8243; custom_padding=&#8221;|||&#8221; custom_padding__hover=&#8221;|||&#8221;][et_pb_text admin_label=&#8221;Teksti&#8221; _builder_version=&#8221;4.0.9&#8243; background_size=&#8221;initial&#8221; background_position=&#8221;top_left&#8221; background_repeat=&#8221;repeat&#8221; hover_enabled=&#8221;0&#8243; use_border_color=&#8221;off&#8221; border_color=&#8221;#ffffff&#8221; border_style=&#8221;solid&#8221;]<h3>Uuteen oikeustaloon modernit ja valoisat ty\u00f6tilat<\/h3>\n<p>&nbsp;<\/p>\n<p>Lappeenrannassa otettiin viime vuonna k\u00e4ytt\u00f6\u00f6n uusi oikeustalo. Bruttoalaltaan 2450 neli\u00f6n uudisrakennus tarjoaa modernit ja k\u00e4yt\u00e4nn\u00f6lliset tilat k\u00e4r\u00e4j\u00e4oikeuden ja syytt\u00e4j\u00e4nviraston k\u00e4ytt\u00f6\u00f6n. Rakennuksen ensimm\u00e4isest\u00e4 kerroksesta l\u00f6ytyv\u00e4t s\u00e4hk\u00f6isen oikeudenk\u00e4ynnin tarpeiden mukaisesti varustellut istuntosalit, monitoimisali, valmistelu\u00adsalit, neuvottelu- ja asiakaspalvelutiloja sek\u00e4 video\u00adkuulemistiloja. Ylemmiss\u00e4 kerroksissa on nykyaikaiset toimistotilat- ja koulutustilat k\u00e4r\u00e4j\u00e4oikeuden ja syytt\u00e4j\u00e4nviraston henkil\u00f6st\u00f6lle. Rakentamisen ykk\u00f6stavoitteita olivat toimi\u00adtilojen turvallisuus, terveellisyys, hyv\u00e4 toiminnallisuus, tilatehokkuus ja tilojen k\u00e4ytt\u00f6asteen parantaminen.<\/p>\n<p><strong>Muuntojoustavuutta ja \u00e4\u00e4nenhallintaa<\/strong><\/p>\n<p>Toimistokerroksissa on sovellettu monitila\u00adtoimiston periaatetta. Yksil\u00f6ty\u00f6skentelyyn, neuvotteluihin ja koulutuksiin tarkoitetut tilat toteutettiin HSL Groupin Suomessa valmistetuilla muuntojoustavilla j\u00e4rjestelm\u00e4v\u00e4liseinill\u00e4. N\u00e4in tilojen sein\u00e4jakoa voidaan tulevien tarpeiden mukaan muuttaa nopeasti ja ratkaisu on ekologinen, sill\u00e4 samoja rakenteita voidaan hy\u00f6dynt\u00e4\u00e4 yh\u00e4 uudelleen.<\/p>\n<p>Rakennuksen k\u00e4ytt\u00f6tarkoituksen johdosta tilojen \u00e4\u00e4nenhallinta on keskeisess\u00e4 roolissa, joten v\u00e4lisein\u00e4t toteutettiin tehokkaasti \u00e4\u00e4nt\u00e4 erist\u00e4vin\u00e4 rakenteina, jotka takaavat sek\u00e4 ty\u00f6rauhan ett\u00e4 keskustelujen yksityisyyden. Toimistokerrosten korkeista ikkunoista tuleva luonnonvalo haluttiin hy\u00f6dynt\u00e4\u00e4 tehokkaasti, joten j\u00e4rjestelm\u00e4v\u00e4liseiniksi valittiin tehokkaasti \u00e4\u00e4nt\u00e4 erist\u00e4v\u00e4t alumiinilasi- ja puulasisein\u00e4t. Valtaosa k\u00e4yt\u00e4v\u00e4lle antavista sein\u00e4rakenteista onkin lasia, ja valo kulkee upeasti koko tilan l\u00e4pi.<\/p>\n<p>Alumiinilasiseinien puitteet s\u00e4vytettiin asiakkaan toivomaan vaaleaan s\u00e4vyyn ja oviksi asennettiin suuren kulkuaukon mahdollistavat leve\u00e4t liukulasiovet. Puulasiseinien karmit on pinnoitettiin asiakkaan suunnitelman mukaisesti tammiviilulla ja ne sopivat tyylikk\u00e4\u00e4sti yhteen tammipintaisten k\u00e4\u00e4nt\u00f6-ovien kanssa. Korkeissa tiloissa my\u00f6s ovien yl\u00e4puolelle on sijoitettu valoa lis\u00e4\u00e4v\u00e4t lasielementit.<\/p>\n<p>Muuntojoustavien j\u00e4rjestelm\u00e4v\u00e4liseinien ansiosta tilojen muuntelu on tulevaisuuden tarpeiden mukaan helppoa. HSL Groupin ammattilaiset toteuttavat seinien yll\u00e4pito- ja muutosty\u00f6t kohteen koko elinkaaren ajan.<\/p>\n[\/et_pb_text][\/et_pb_column][\/et_pb_row][et_pb_row admin_label=&#8221;Rivi&#8221; _builder_version=&#8221;3.25&#8243; background_size=&#8221;initial&#8221; background_position=&#8221;top_left&#8221; background_repeat=&#8221;repeat&#8221;][et_pb_column type=&#8221;4_4&#8243; _builder_version=&#8221;3.25&#8243; custom_padding=&#8221;|||&#8221; custom_padding__hover=&#8221;|||&#8221;][et_pb_gallery gallery_ids=&#8221;1751,1750,1754,1753,1752&#8243; posts_number=&#8221;5&#8243; show_title_and_caption=&#8221;off&#8221; show_pagination=&#8221;off&#8221; admin_label=&#8221;Galleria&#8221; _builder_version=&#8221;4.0.9&#8243; use_border_color=&#8221;off&#8221; border_color=&#8221;#ffffff&#8221; border_style=&#8221;solid&#8221;] [\/et_pb_gallery][\/et_pb_column][\/et_pb_row][\/et_pb_section]\n","protected":false},"excerpt":{"rendered":"<p>Lappeenrannan uusi oikeustalo Uuteen oikeustaloon modernit ja valoisat ty\u00f6tilat &nbsp; Lappeenrannassa otettiin viime vuonna k\u00e4ytt\u00f6\u00f6n uusi oikeustalo. Bruttoalaltaan 2450 neli\u00f6n uudisrakennus tarjoaa modernit ja k\u00e4yt\u00e4nn\u00f6lliset tilat k\u00e4r\u00e4j\u00e4oikeuden ja syytt\u00e4j\u00e4nviraston k\u00e4ytt\u00f6\u00f6n. Rakennuksen ensimm\u00e4isest\u00e4 kerroksesta l\u00f6ytyv\u00e4t s\u00e4hk\u00f6isen oikeudenk\u00e4ynnin tarpeiden mukaisesti varustellut istuntosalit, monitoimisali, valmistelu\u00adsalit, neuvottelu- ja asiakaspalvelutiloja sek\u00e4 video\u00adkuulemistiloja. Ylemmiss\u00e4 kerroksissa on nykyaikaiset toimistotilat- ja koulutustilat k\u00e4r\u00e4j\u00e4oikeuden [&hellip;]<\/p>\n","protected":false},"author":1,"featured_media":0,"parent":52,"menu_order":0,"comment_status":"closed","ping_status":"closed","template":"","meta":{"_et_pb_use_builder":"on","_et_pb_old_content":"","_et_gb_content_width":"","footnotes":""},"class_list":["post-1747","page","type-page","status-publish","hentry"],"yoast_head":"<!-- This site is optimized with the Yoast SEO plugin v27.4 - https:\/\/yoast.com\/product\/yoast-seo-wordpress\/ -->\n<title>Lappeenrannan Oikeustalo j\u00e4rjestelm\u00e4v\u00e4lisein\u00e4t - HSL Group Oy<\/title>\n<meta name=\"description\" content=\"Lappeenrannan uuteen oikeustaloon toteutettiin modernit ja valoisat ty\u00f6tilat kotimaisilla muuntojoustavilla j\u00e4rjestelm\u00e4v\u00e4liseinill\u00e4.\" \/>\n<meta name=\"robots\" content=\"index, follow, max-snippet:-1, max-image-preview:large, max-video-preview:-1\" \/>\n<link rel=\"canonical\" href=\"https:\/\/en.hslgroup.fi\/en\/portfolio\/lappeentantas-court-house\/\" \/>\n<meta property=\"og:locale\" content=\"en_GB\" \/>\n<meta property=\"og:type\" content=\"article\" \/>\n<meta property=\"og:title\" content=\"Lappeenrannan Oikeustalo j\u00e4rjestelm\u00e4v\u00e4lisein\u00e4t - HSL Group Oy\" \/>\n<meta property=\"og:description\" content=\"Lappeenrannan uuteen oikeustaloon toteutettiin modernit ja valoisat ty\u00f6tilat kotimaisilla muuntojoustavilla j\u00e4rjestelm\u00e4v\u00e4liseinill\u00e4.\" \/>\n<meta property=\"og:url\" content=\"https:\/\/en.hslgroup.fi\/en\/portfolio\/lappeentantas-court-house\/\" \/>\n<meta property=\"og:site_name\" content=\"HSL Group Oy\" \/>\n<meta property=\"article:publisher\" content=\"https:\/\/facebook.com\/hslgroupoy\" \/>\n<meta property=\"article:modified_time\" content=\"2022-03-18T10:16:26+00:00\" \/>\n<meta name=\"twitter:card\" content=\"summary_large_image\" \/>\n<meta name=\"twitter:label1\" content=\"Estimated reading time\" \/>\n\t<meta name=\"twitter:data1\" content=\"2 minutes\" \/>\n<script type=\"application\/ld+json\" class=\"yoast-schema-graph\">{\"@context\":\"https:\\\/\\\/schema.org\",\"@graph\":[{\"@type\":\"WebPage\",\"@id\":\"https:\\\/\\\/en.hslgroup.fi\\\/portfolio\\\/lappeentantas-court-house\\\/\",\"url\":\"https:\\\/\\\/en.hslgroup.fi\\\/portfolio\\\/lappeentantas-court-house\\\/\",\"name\":\"Lappeenrannan Oikeustalo j\u00e4rjestelm\u00e4v\u00e4lisein\u00e4t - HSL Group Oy\",\"isPartOf\":{\"@id\":\"https:\\\/\\\/en.hslgroup.fi\\\/en\\\/#website\"},\"datePublished\":\"2021-02-18T10:56:36+00:00\",\"dateModified\":\"2022-03-18T10:16:26+00:00\",\"description\":\"Lappeenrannan uuteen oikeustaloon toteutettiin modernit ja valoisat ty\u00f6tilat kotimaisilla muuntojoustavilla j\u00e4rjestelm\u00e4v\u00e4liseinill\u00e4.\",\"breadcrumb\":{\"@id\":\"https:\\\/\\\/en.hslgroup.fi\\\/portfolio\\\/lappeentantas-court-house\\\/#breadcrumb\"},\"inLanguage\":\"en-GB\",\"potentialAction\":[{\"@type\":\"ReadAction\",\"target\":[\"https:\\\/\\\/en.hslgroup.fi\\\/portfolio\\\/lappeentantas-court-house\\\/\"]}]},{\"@type\":\"BreadcrumbList\",\"@id\":\"https:\\\/\\\/en.hslgroup.fi\\\/portfolio\\\/lappeentantas-court-house\\\/#breadcrumb\",\"itemListElement\":[{\"@type\":\"ListItem\",\"position\":1,\"name\":\"Etusivu\",\"item\":\"https:\\\/\\\/en.hslgroup.fi\\\/fi\\\/\"},{\"@type\":\"ListItem\",\"position\":2,\"name\":\"Referenssit\",\"item\":\"https:\\\/\\\/en.hslgroup.fi\\\/portfolio\\\/\"},{\"@type\":\"ListItem\",\"position\":3,\"name\":\"Lappeenrannan Oikeustalo\"}]},{\"@type\":\"WebSite\",\"@id\":\"https:\\\/\\\/en.hslgroup.fi\\\/en\\\/#website\",\"url\":\"https:\\\/\\\/en.hslgroup.fi\\\/en\\\/\",\"name\":\"HSL Group Oy\",\"description\":\"J\u00e4rjestelm\u00e4v\u00e4lisein\u00e4t, siirtosein\u00e4t ja minitilaratkaisut\",\"publisher\":{\"@id\":\"https:\\\/\\\/en.hslgroup.fi\\\/en\\\/#organization\"},\"potentialAction\":[{\"@type\":\"SearchAction\",\"target\":{\"@type\":\"EntryPoint\",\"urlTemplate\":\"https:\\\/\\\/en.hslgroup.fi\\\/en\\\/?s={search_term_string}\"},\"query-input\":{\"@type\":\"PropertyValueSpecification\",\"valueRequired\":true,\"valueName\":\"search_term_string\"}}],\"inLanguage\":\"en-GB\"},{\"@type\":\"Organization\",\"@id\":\"https:\\\/\\\/en.hslgroup.fi\\\/en\\\/#organization\",\"name\":\"HSL Group Oy\",\"url\":\"https:\\\/\\\/en.hslgroup.fi\\\/en\\\/\",\"logo\":{\"@type\":\"ImageObject\",\"inLanguage\":\"en-GB\",\"@id\":\"https:\\\/\\\/en.hslgroup.fi\\\/en\\\/#\\\/schema\\\/logo\\\/image\\\/\",\"url\":\"https:\\\/\\\/en.hslgroup.fi\\\/wp-content\\\/uploads\\\/2016\\\/07\\\/hsl_logo.jpg\",\"contentUrl\":\"https:\\\/\\\/en.hslgroup.fi\\\/wp-content\\\/uploads\\\/2016\\\/07\\\/hsl_logo.jpg\",\"width\":125,\"height\":60,\"caption\":\"HSL Group Oy\"},\"image\":{\"@id\":\"https:\\\/\\\/en.hslgroup.fi\\\/en\\\/#\\\/schema\\\/logo\\\/image\\\/\"},\"sameAs\":[\"https:\\\/\\\/facebook.com\\\/hslgroupoy\",\"https:\\\/\\\/linkedin.com\\\/company\\\/hsl-group\"]}]}<\/script>\n<!-- \/ Yoast SEO plugin. -->","yoast_head_json":{"title":"Lappeenranta's court house partition wall systems - HSL Group LLC","description":"For Lappeenranta's new courthouse was implemented modern and bright work spaces with domestic transformation flexible partition wall systems.","robots":{"index":"index","follow":"follow","max-snippet":"max-snippet:-1","max-image-preview":"max-image-preview:large","max-video-preview":"max-video-preview:-1"},"canonical":"https:\/\/en.hslgroup.fi\/en\/portfolio\/lappeentantas-court-house\/","og_locale":"en_GB","og_type":"article","og_title":"Lappeenrannan Oikeustalo j\u00e4rjestelm\u00e4v\u00e4lisein\u00e4t - HSL Group Oy","og_description":"Lappeenrannan uuteen oikeustaloon toteutettiin modernit ja valoisat ty\u00f6tilat kotimaisilla muuntojoustavilla j\u00e4rjestelm\u00e4v\u00e4liseinill\u00e4.","og_url":"https:\/\/en.hslgroup.fi\/en\/portfolio\/lappeentantas-court-house\/","og_site_name":"HSL Group Oy","article_publisher":"https:\/\/facebook.com\/hslgroupoy","article_modified_time":"2022-03-18T10:16:26+00:00","twitter_card":"summary_large_image","twitter_misc":{"Estimated reading time":"2 minutes"},"schema":{"@context":"https:\/\/schema.org","@graph":[{"@type":"WebPage","@id":"https:\/\/en.hslgroup.fi\/portfolio\/lappeentantas-court-house\/","url":"https:\/\/en.hslgroup.fi\/portfolio\/lappeentantas-court-house\/","name":"Lappeenranta's court house partition wall systems - HSL Group LLC","isPartOf":{"@id":"https:\/\/en.hslgroup.fi\/en\/#website"},"datePublished":"2021-02-18T10:56:36+00:00","dateModified":"2022-03-18T10:16:26+00:00","description":"For Lappeenranta's new courthouse was implemented modern and bright work spaces with domestic transformation flexible partition wall systems.","breadcrumb":{"@id":"https:\/\/en.hslgroup.fi\/portfolio\/lappeentantas-court-house\/#breadcrumb"},"inLanguage":"en-GB","potentialAction":[{"@type":"ReadAction","target":["https:\/\/en.hslgroup.fi\/portfolio\/lappeentantas-court-house\/"]}]},{"@type":"BreadcrumbList","@id":"https:\/\/en.hslgroup.fi\/portfolio\/lappeentantas-court-house\/#breadcrumb","itemListElement":[{"@type":"ListItem","position":1,"name":"Etusivu","item":"https:\/\/en.hslgroup.fi\/fi\/"},{"@type":"ListItem","position":2,"name":"Referenssit","item":"https:\/\/en.hslgroup.fi\/portfolio\/"},{"@type":"ListItem","position":3,"name":"Lappeenrannan Oikeustalo"}]},{"@type":"WebSite","@id":"https:\/\/en.hslgroup.fi\/en\/#website","url":"https:\/\/en.hslgroup.fi\/en\/","name":"HSL Group LLC","description":"J\u00e4rjestelm\u00e4v\u00e4lisein\u00e4t, siirtosein\u00e4t ja minitilaratkaisut","publisher":{"@id":"https:\/\/en.hslgroup.fi\/en\/#organization"},"potentialAction":[{"@type":"SearchAction","target":{"@type":"EntryPoint","urlTemplate":"https:\/\/en.hslgroup.fi\/en\/?s={search_term_string}"},"query-input":{"@type":"PropertyValueSpecification","valueRequired":true,"valueName":"search_term_string"}}],"inLanguage":"en-GB"},{"@type":"Organization","@id":"https:\/\/en.hslgroup.fi\/en\/#organization","name":"HSL Group LLC","url":"https:\/\/en.hslgroup.fi\/en\/","logo":{"@type":"ImageObject","inLanguage":"en-GB","@id":"https:\/\/en.hslgroup.fi\/en\/#\/schema\/logo\/image\/","url":"https:\/\/en.hslgroup.fi\/wp-content\/uploads\/2016\/07\/hsl_logo.jpg","contentUrl":"https:\/\/en.hslgroup.fi\/wp-content\/uploads\/2016\/07\/hsl_logo.jpg","width":125,"height":60,"caption":"HSL Group Oy"},"image":{"@id":"https:\/\/en.hslgroup.fi\/en\/#\/schema\/logo\/image\/"},"sameAs":["https:\/\/facebook.com\/hslgroupoy","https:\/\/linkedin.com\/company\/hsl-group"]}]}},"_links":{"self":[{"href":"https:\/\/en.hslgroup.fi\/en\/wp-json\/wp\/v2\/pages\/1747","targetHints":{"allow":["GET"]}}],"collection":[{"href":"https:\/\/en.hslgroup.fi\/en\/wp-json\/wp\/v2\/pages"}],"about":[{"href":"https:\/\/en.hslgroup.fi\/en\/wp-json\/wp\/v2\/types\/page"}],"author":[{"embeddable":true,"href":"https:\/\/en.hslgroup.fi\/en\/wp-json\/wp\/v2\/users\/1"}],"replies":[{"embeddable":true,"href":"https:\/\/en.hslgroup.fi\/en\/wp-json\/wp\/v2\/comments?post=1747"}],"version-history":[{"count":4,"href":"https:\/\/en.hslgroup.fi\/en\/wp-json\/wp\/v2\/pages\/1747\/revisions"}],"predecessor-version":[{"id":2518,"href":"https:\/\/en.hslgroup.fi\/en\/wp-json\/wp\/v2\/pages\/1747\/revisions\/2518"}],"up":[{"embeddable":true,"href":"https:\/\/en.hslgroup.fi\/en\/wp-json\/wp\/v2\/pages\/52"}],"wp:attachment":[{"href":"https:\/\/en.hslgroup.fi\/en\/wp-json\/wp\/v2\/media?parent=1747"}],"curies":[{"name":"wp","href":"https:\/\/api.w.org\/{rel}","templated":true}]}}