{"id":1697,"date":"2021-01-18T12:07:13","date_gmt":"2021-01-18T10:07:13","guid":{"rendered":"https:\/\/en.hslgroup.fi\/?page_id=1697"},"modified":"2022-03-24T08:51:44","modified_gmt":"2022-03-24T06:51:44","slug":"smart-glass-walls","status":"publish","type":"page","link":"https:\/\/en.hslgroup.fi\/en\/partition-wall-systems\/smart-glass-walls\/","title":{"rendered":"Smart glass walls"},"content":{"rendered":"[et_pb_section fb_built=&#8221;1&#8243; admin_label=&#8221;section&#8221; _builder_version=&#8221;4.15&#8243; global_colors_info=&#8221;{}&#8221;][et_pb_row admin_label=&#8221;Rivi&#8221; _builder_version=&#8221;4.15&#8243; background_size=&#8221;initial&#8221; background_position=&#8221;top_left&#8221; background_repeat=&#8221;repeat&#8221; global_colors_info=&#8221;{}&#8221;][et_pb_column type=&#8221;4_4&#8243; _builder_version=&#8221;4.15&#8243; custom_padding=&#8221;|||&#8221; global_colors_info=&#8221;{}&#8221; custom_padding__hover=&#8221;|||&#8221;][et_pb_text admin_label=&#8221;Otsikko&#8221; _builder_version=&#8221;4.15&#8243; header_text_color=&#8221;#50af31&#8243; background_size=&#8221;initial&#8221; background_position=&#8221;top_left&#8221; background_repeat=&#8221;repeat&#8221; use_border_color=&#8221;off&#8221; border_color=&#8221;#ffffff&#8221; border_style=&#8221;solid&#8221; global_colors_info=&#8221;{}&#8221;]\n<h1>\u00c4lylasisein\u00e4t<\/h1>\n[\/et_pb_text][\/et_pb_column][\/et_pb_row][et_pb_row admin_label=&#8221;row&#8221; _builder_version=&#8221;4.15&#8243; background_size=&#8221;initial&#8221; background_position=&#8221;top_left&#8221; background_repeat=&#8221;repeat&#8221; global_colors_info=&#8221;{}&#8221;][et_pb_column type=&#8221;4_4&#8243; _builder_version=&#8221;4.15&#8243; custom_padding=&#8221;|||&#8221; global_colors_info=&#8221;{}&#8221; custom_padding__hover=&#8221;|||&#8221;][et_pb_gallery gallery_ids=&#8221;1701,1702,1703,1704,1705,1706,2042,2043&#8243; show_title_and_caption=&#8221;off&#8221; admin_label=&#8221;Galleria&#8221; _builder_version=&#8221;4.15&#8243; use_border_color=&#8221;off&#8221; border_color=&#8221;#ffffff&#8221; border_style=&#8221;solid&#8221; global_colors_info=&#8221;{}&#8221;] [\/et_pb_gallery][\/et_pb_column][\/et_pb_row][et_pb_row column_structure=&#8221;2_3,1_3&#8243; admin_label=&#8221;Rivi&#8221; _builder_version=&#8221;4.15&#8243; background_size=&#8221;initial&#8221; background_position=&#8221;top_left&#8221; background_repeat=&#8221;repeat&#8221; global_colors_info=&#8221;{}&#8221;][et_pb_column type=&#8221;2_3&#8243; _builder_version=&#8221;4.15&#8243; custom_padding=&#8221;|||&#8221; global_colors_info=&#8221;{}&#8221; custom_padding__hover=&#8221;|||&#8221;][et_pb_text admin_label=&#8221;Teksti&#8221; _builder_version=&#8221;4.15&#8243; background_size=&#8221;initial&#8221; background_position=&#8221;top_left&#8221; background_repeat=&#8221;repeat&#8221; use_border_color=&#8221;off&#8221; border_color=&#8221;#ffffff&#8221; border_style=&#8221;solid&#8221; global_colors_info=&#8221;{}&#8221;]\n<h2>Vaikuttava ja k\u00e4yt\u00e4nn\u00f6llinen \u00e4lylasi<\/h2>\n<p>Varustamalla tilasi HSL \u00e4lylasiseinill\u00e4 luot valoisia ja k\u00e4yt\u00e4nn\u00f6llisi\u00e4 tiloja, joiden kaikki lasisein\u00e4t voit tarpeen mukaan himment\u00e4\u00e4 tai kirkastaa yhdell\u00e4 napin painalluksella. S\u00e4hk\u00f6isesti himmentyv\u00e4 \u00e4lylasi on huomattavasti tyylikk\u00e4\u00e4mpi, k\u00e4yt\u00e4nn\u00f6llisempi ja my\u00f6s edullisempi kuin perinteinen kahden lasin v\u00e4liin integroitu s\u00e4lekaihdin. Vaikuttava ratkaisu j\u00e4\u00e4 my\u00f6s tilassa vierailleen mieleen.<\/p>\n<p>\u00c4lylasein\u00e4 pys\u00e4ytt\u00e4\u00e4 tehokkaasti auringon s\u00e4teily\u00e4 ja takaa halutut sis\u00e4olosuhteet vuodenajasta riippumatta. Laminoitu lasi lis\u00e4\u00e4 my\u00f6s turvallisuutta iskunkest\u00e4v\u00e4n rakenteensa johdosta.<\/p>\n<h4>Elementit mittojen mukaan<\/h4>\n<p>\u00c4lylasisein\u00e4t valmistetaan toiveittesi kokoisina ja muotoisina j\u00e4rjestelm\u00e4sein\u00e4elementtein\u00e4. My\u00f6s jaotukset saat juuri sellaisena kuin tarvitset \u00e4lylasin maksimimitat (1800mm x 4000mm) huomioiden. Elementit on helppo asentaa ja vaivaton siirt\u00e4\u00e4 tilatarpeiden muuttuessa.<\/p>\n<h4>Puu tai alumiiniprofiilit<\/h4>\n<p>\u00c4lylasit toimitetaan asiakkaan toiveen mukaan joko puu tai alumiiniprofiileilla. Lasielementtien v\u00e4liset pystysaumat voidaan toteutaa my\u00f6s ilman pystyprofiileja, jolloin voit luoda pitki\u00e4 yhten\u00e4isi\u00e4 lasipintoja.<\/p>\n<p>Puuprofiilit voidaan pintak\u00e4sitell\u00e4 viilulla, maalaamalla, lakalla tai petsaamalla asiakkaan suunnitelmien mukaan.\u00a0Alumiiniprofiili on saatavana luonnonv\u00e4riin anodisoituna tai jauhepolttomaalattuna RAL-v\u00e4rikartan mukaisesti. Yhteensopivalla pintak\u00e4sittelyll\u00e4 \u00e4lylasisein\u00e4t saadaan sovitettua saumattomasti tilan muuhun visuaaliseen ilmeeseen.<\/p>\n<h4>Ovet<\/h4>\n<p>\u00c4lylasiseinien yhteyteen asennetaan tarpeen mukaan joko liukuovet tai k\u00e4\u00e4nt\u00f6ovet. My\u00f6s ovet ja ovien s\u00e4hk\u00f6pielet pintak\u00e4sitell\u00e4\u00e4n kokonaisuuteen sopivaksi.<\/p>\n<h4>\u00c4\u00e4nenerist\u00e4vyys<\/h4>\n<p>\u00c4lylasiseinien \u00e4\u00e4nenerist\u00e4vyyskyky r\u00e4\u00e4t\u00e4l\u00f6id\u00e4\u00e4n aina kohteen vaatimusten mukaan. Esimerkiksi 14mm kokonaislasivahvuudella saavutettaan useimpiin kohteisiin riitt\u00e4v\u00e4 Rw38dB \u00e4\u00e4nenerist\u00e4vyys.<\/p>\n<h4>Virrankulutus<\/h4>\n<p>Turvallinen 48 voltin s\u00e4hk\u00f6j\u00e4rjestelm\u00e4, virrankulutus lasin toiminta aktivoituna 5w \/ m2.<\/p>\n<h4>Asennus<\/h4>\n<p>Kuten kaikki HSL-j\u00e4rjestelm\u00e4v\u00e4lisein\u00e4t, my\u00f6s HSL-\u00e4lylasisein\u00e4t toimitetaan juuri ajallaan ja asennetaan avaimet k\u00e4teen -periaatteella. Asennus tehd\u00e4\u00e4n valmiin lattian p\u00e4\u00e4lle tehtaalla valmiiksi kootuista elementeist\u00e4. Asennus voidaan tehd\u00e4 my\u00f6s sein\u00e4keratkaisuna, jolloin sein\u00e4t j\u00e4\u00e4v\u00e4t ylh\u00e4\u00e4lt\u00e4 avonaisiksi.<\/p>\n<h4>Tuotenimi ja takuu<\/h4>\n<p>HSL DIM<br \/> Takuuaika 2 vuotta<\/p>\n[\/et_pb_text][et_pb_text _builder_version=&#8221;4.15.1&#8243; _module_preset=&#8221;default&#8221; hover_enabled=&#8221;0&#8243; sticky_enabled=&#8221;0&#8243;]\n<p><span><div class=\"epyt-video-wrapper\"><div  id=\"_ytid_95213\"  width=\"800\" height=\"425\"  data-origwidth=\"800\" data-origheight=\"425\" data-facadesrc=\"https:\/\/www.youtube.com\/embed\/26-CW_Qwerg?enablejsapi=1&autoplay=0&cc_load_policy=0&cc_lang_pref=&iv_load_policy=1&loop=0&rel=0&fs=1&playsinline=0&autohide=2&theme=dark&color=red&controls=1&disablekb=0&\" class=\"__youtube_prefs__ epyt-facade no-lazyload\" data-epautoplay=\"1\" ><img decoding=\"async\" data-spai-excluded=\"true\" class=\"epyt-facade-poster skip-lazy\" loading=\"lazy\"  alt=\"HSL Group a\u0308lylasiseina\u0308t\"  src=\"https:\/\/i.ytimg.com\/vi\/26-CW_Qwerg\/maxresdefault.jpg\"  \/><button class=\"epyt-facade-play\" aria-label=\"Play\"><svg data-no-lazy=\"1\" height=\"100%\" version=\"1.1\" viewBox=\"0 0 68 48\" width=\"100%\"><path class=\"ytp-large-play-button-bg\" d=\"M66.52,7.74c-0.78-2.93-2.49-5.41-5.42-6.19C55.79,.13,34,0,34,0S12.21,.13,6.9,1.55 C3.97,2.33,2.27,4.81,1.48,7.74C0.06,13.05,0,24,0,24s0.06,10.95,1.48,16.26c0.78,2.93,2.49,5.41,5.42,6.19 C12.21,47.87,34,48,34,48s21.79-0.13,27.1-1.55c2.93-0.78,4.64-3.26,5.42-6.19C67.94,34.95,68,24,68,24S67.94,13.05,66.52,7.74z\" fill=\"#f00\"><\/path><path d=\"M 45,24 27,14 27,34\" fill=\"#fff\"><\/path><\/svg><\/button><\/div><\/div><\/span><\/p>\n[\/et_pb_text][et_pb_text _builder_version=&#8221;4.15.1&#8243; _module_preset=&#8221;default&#8221; hover_enabled=&#8221;0&#8243; sticky_enabled=&#8221;0&#8243;]\n<p><span><div class=\"epyt-video-wrapper\"><div  id=\"_ytid_43767\"  width=\"800\" height=\"425\"  data-origwidth=\"800\" data-origheight=\"425\" data-facadesrc=\"https:\/\/www.youtube.com\/embed\/GlHsxh47Sks?enablejsapi=1&autoplay=0&cc_load_policy=0&cc_lang_pref=&iv_load_policy=1&loop=0&rel=0&fs=1&playsinline=0&autohide=2&theme=dark&color=red&controls=1&disablekb=0&\" class=\"__youtube_prefs__ epyt-facade no-lazyload\" data-epautoplay=\"1\" ><img decoding=\"async\" data-spai-excluded=\"true\" class=\"epyt-facade-poster skip-lazy\" loading=\"lazy\"  alt=\"HSL Group \u00e4lylasiratkaisut\"  src=\"https:\/\/i.ytimg.com\/vi\/GlHsxh47Sks\/maxresdefault.jpg\"  \/><button class=\"epyt-facade-play\" aria-label=\"Play\"><svg data-no-lazy=\"1\" height=\"100%\" version=\"1.1\" viewBox=\"0 0 68 48\" width=\"100%\"><path class=\"ytp-large-play-button-bg\" d=\"M66.52,7.74c-0.78-2.93-2.49-5.41-5.42-6.19C55.79,.13,34,0,34,0S12.21,.13,6.9,1.55 C3.97,2.33,2.27,4.81,1.48,7.74C0.06,13.05,0,24,0,24s0.06,10.95,1.48,16.26c0.78,2.93,2.49,5.41,5.42,6.19 C12.21,47.87,34,48,34,48s21.79-0.13,27.1-1.55c2.93-0.78,4.64-3.26,5.42-6.19C67.94,34.95,68,24,68,24S67.94,13.05,66.52,7.74z\" fill=\"#f00\"><\/path><path d=\"M 45,24 27,14 27,34\" fill=\"#fff\"><\/path><\/svg><\/button><\/div><\/div><\/span><\/p>\n[\/et_pb_text][\/et_pb_column][et_pb_column type=&#8221;1_3&#8243; _builder_version=&#8221;4.15&#8243; custom_padding=&#8221;|||&#8221; global_colors_info=&#8221;{}&#8221; custom_padding__hover=&#8221;|||&#8221;][et_pb_text admin_label=&#8221;Yhteydenotto&#8221; _builder_version=&#8221;4.15&#8243; background_size=&#8221;initial&#8221; background_position=&#8221;top_left&#8221; background_repeat=&#8221;repeat&#8221; use_border_color=&#8221;off&#8221; border_color=&#8221;#ffffff&#8221; border_style=&#8221;solid&#8221; global_colors_info=&#8221;{}&#8221;]\n<h3>J\u00e4t\u00e4 yhteydenottopyynt\u00f6<\/h3>\n<div class=\"et_pb_contact\">\n<div class=\"wpcf7 no-js\" id=\"wpcf7-f46-o1\" lang=\"fi\" dir=\"ltr\" data-wpcf7-id=\"46\">\n<div class=\"screen-reader-response\"><p role=\"status\" aria-live=\"polite\" aria-atomic=\"true\"><\/p> <ul><\/ul><\/div>\n<form action=\"\/en\/wp-json\/wp\/v2\/pages\/1697#wpcf7-f46-o1\" method=\"post\" class=\"wpcf7-form init\" aria-label=\"Yhteydenottolomake\" novalidate=\"novalidate\" data-status=\"init\">\n<fieldset class=\"hidden-fields-container\"><input type=\"hidden\" name=\"_wpcf7\" value=\"46\" \/><input type=\"hidden\" name=\"_wpcf7_version\" value=\"6.1.5\" \/><input type=\"hidden\" name=\"_wpcf7_locale\" value=\"fi\" \/><input type=\"hidden\" name=\"_wpcf7_unit_tag\" value=\"wpcf7-f46-o1\" \/><input type=\"hidden\" name=\"_wpcf7_container_post\" value=\"0\" \/><input type=\"hidden\" name=\"_wpcf7_posted_data_hash\" value=\"\" \/><input type=\"hidden\" name=\"_wpcf7_recaptcha_response\" value=\"\" \/>\n<\/fieldset>\n<p>Yritys\n<\/p>\n<p><span class=\"wpcf7-form-control-wrap\" data-name=\"company-name\"><input size=\"40\" maxlength=\"400\" class=\"wpcf7-form-control wpcf7-text wpcf7-validates-as-required\" aria-required=\"true\" aria-invalid=\"false\" value=\"\" type=\"text\" name=\"company-name\" \/><\/span>\n<\/p>\n<p>Yhteyshenkil\u00f6\n<\/p>\n<p><span class=\"wpcf7-form-control-wrap\" data-name=\"contact-person\"><input size=\"40\" maxlength=\"400\" class=\"wpcf7-form-control wpcf7-text wpcf7-validates-as-required\" aria-required=\"true\" aria-invalid=\"false\" value=\"\" type=\"text\" name=\"contact-person\" \/><\/span>\n<\/p>\n<p>S\u00e4hk\u00f6posti\n<\/p>\n<p><span class=\"wpcf7-form-control-wrap\" data-name=\"email\"><input size=\"40\" maxlength=\"400\" class=\"wpcf7-form-control wpcf7-email wpcf7-validates-as-required wpcf7-text wpcf7-validates-as-email\" aria-required=\"true\" aria-invalid=\"false\" value=\"\" type=\"email\" name=\"email\" \/><\/span>\n<\/p>\n<p>Puhelinnumero\n<\/p>\n<p><span class=\"wpcf7-form-control-wrap\" data-name=\"phone-number\"><input size=\"40\" maxlength=\"400\" class=\"wpcf7-form-control wpcf7-text\" aria-invalid=\"false\" value=\"\" type=\"text\" name=\"phone-number\" \/><\/span>\n<\/p>\n<p><input class=\"wpcf7-form-control wpcf7-submit has-spinner\" type=\"submit\" value=\"L\u00e4het\u00e4\" \/>\n<\/p><div class=\"wpcf7-response-output\" aria-hidden=\"true\"><\/div>\n<\/form>\n<\/div>\n<\/div>\n[\/et_pb_text][et_pb_cta title=&#8221;Soita meille&#8221; button_url=&#8221;tel:+358102776500&#8243; button_text=&#8221;010 277 6500&#8243; _builder_version=&#8221;4.14.7&#8243; _module_preset=&#8221;default&#8221; body_font=&#8221;|600|||||||&#8221; background_color=&#8221;#4c4c4c&#8221; background_image=&#8221;https:\/\/en.hslgroup.fi\/wp-content\/uploads\/2022\/01\/HSL-puulasiseina\u0308-sinila\u0308hteen-koulu.jpg&#8221; background_repeat=&#8221;repeat-x&#8221; background_blend=&#8221;overlay&#8221; custom_button=&#8221;on&#8221; button_text_size=&#8221;18px&#8221; button_bg_color=&#8221;#50af31&#8243; button_border_width=&#8221;0px&#8221; button_icon=&#8221;&#xe00b;||divi||400&#8243; global_module=&#8221;2312&#8243; saved_tabs=&#8221;all&#8221; global_colors_info=&#8221;{}&#8221;]\n<p>Saat lis\u00e4tietoja ratkaisuistamme nopeasti ottamalla yhteytt\u00e4 asiakaspalveluumme.<\/p>\n[\/et_pb_cta][\/et_pb_column][\/et_pb_row][\/et_pb_section]\n","protected":false},"excerpt":{"rendered":"<p>\u00c4lylasisein\u00e4t Vaikuttava ja k\u00e4yt\u00e4nn\u00f6llinen \u00e4lylasi Varustamalla tilasi HSL \u00e4lylasiseinill\u00e4 luot valoisia ja k\u00e4yt\u00e4nn\u00f6llisi\u00e4 tiloja, joiden kaikki lasisein\u00e4t voit tarpeen mukaan himment\u00e4\u00e4 tai kirkastaa yhdell\u00e4 napin painalluksella. S\u00e4hk\u00f6isesti himmentyv\u00e4 \u00e4lylasi on huomattavasti tyylikk\u00e4\u00e4mpi, k\u00e4yt\u00e4nn\u00f6llisempi ja my\u00f6s edullisempi kuin perinteinen kahden lasin v\u00e4liin integroitu s\u00e4lekaihdin. Vaikuttava ratkaisu j\u00e4\u00e4 my\u00f6s tilassa vierailleen mieleen. \u00c4lylasein\u00e4 pys\u00e4ytt\u00e4\u00e4 tehokkaasti auringon s\u00e4teily\u00e4 [&hellip;]<\/p>\n","protected":false},"author":1,"featured_media":0,"parent":50,"menu_order":0,"comment_status":"closed","ping_status":"closed","template":"","meta":{"_et_pb_use_builder":"on","_et_pb_old_content":"","_et_gb_content_width":"","footnotes":""},"class_list":["post-1697","page","type-page","status-publish","hentry"],"yoast_head":"<!-- This site is optimized with the Yoast SEO plugin v27.4 - https:\/\/yoast.com\/product\/yoast-seo-wordpress\/ -->\n<title>Vaikuttava ja k\u00e4yt\u00e4nn\u00f6llinen \u00e4lylasisein\u00e4 - HSL Group Oy<\/title>\n<meta name=\"description\" content=\"Vaikuttava ja k\u00e4yt\u00e4nn\u00f6llinen HSL \u00e4lylasisein\u00e4 mahdollistaa valoisan tilan, jonka lasisein\u00e4t voit himment\u00e4\u00e4 tai kirkastaa yhdell\u00e4 napin painalluksella.\" \/>\n<meta name=\"robots\" content=\"index, follow, max-snippet:-1, max-image-preview:large, max-video-preview:-1\" \/>\n<link rel=\"canonical\" href=\"https:\/\/en.hslgroup.fi\/en\/partition-wall-systems\/smart-glass-walls\/\" \/>\n<meta property=\"og:locale\" content=\"en_GB\" \/>\n<meta property=\"og:type\" content=\"article\" \/>\n<meta property=\"og:title\" content=\"Vaikuttava ja k\u00e4yt\u00e4nn\u00f6llinen \u00e4lylasisein\u00e4 - HSL Group Oy\" \/>\n<meta property=\"og:description\" content=\"Vaikuttava ja k\u00e4yt\u00e4nn\u00f6llinen HSL \u00e4lylasisein\u00e4 mahdollistaa valoisan tilan, jonka lasisein\u00e4t voit himment\u00e4\u00e4 tai kirkastaa yhdell\u00e4 napin painalluksella.\" \/>\n<meta property=\"og:url\" content=\"https:\/\/en.hslgroup.fi\/en\/partition-wall-systems\/smart-glass-walls\/\" \/>\n<meta property=\"og:site_name\" content=\"HSL Group Oy\" \/>\n<meta property=\"article:publisher\" content=\"https:\/\/facebook.com\/hslgroupoy\" \/>\n<meta property=\"article:modified_time\" content=\"2022-03-24T06:51:44+00:00\" \/>\n<meta name=\"twitter:card\" content=\"summary_large_image\" \/>\n<meta name=\"twitter:label1\" content=\"Estimated reading time\" \/>\n\t<meta name=\"twitter:data1\" content=\"3 minutes\" \/>\n<script type=\"application\/ld+json\" class=\"yoast-schema-graph\">{\"@context\":\"https:\\\/\\\/schema.org\",\"@graph\":[{\"@type\":\"WebPage\",\"@id\":\"https:\\\/\\\/en.hslgroup.fi\\\/partition-wall-systems\\\/smart-glass-walls\\\/\",\"url\":\"https:\\\/\\\/en.hslgroup.fi\\\/partition-wall-systems\\\/smart-glass-walls\\\/\",\"name\":\"Vaikuttava ja k\u00e4yt\u00e4nn\u00f6llinen \u00e4lylasisein\u00e4 - HSL Group Oy\",\"isPartOf\":{\"@id\":\"https:\\\/\\\/en.hslgroup.fi\\\/en\\\/#website\"},\"datePublished\":\"2021-01-18T10:07:13+00:00\",\"dateModified\":\"2022-03-24T06:51:44+00:00\",\"description\":\"Vaikuttava ja k\u00e4yt\u00e4nn\u00f6llinen HSL \u00e4lylasisein\u00e4 mahdollistaa valoisan tilan, jonka lasisein\u00e4t voit himment\u00e4\u00e4 tai kirkastaa yhdell\u00e4 napin painalluksella.\",\"breadcrumb\":{\"@id\":\"https:\\\/\\\/en.hslgroup.fi\\\/partition-wall-systems\\\/smart-glass-walls\\\/#breadcrumb\"},\"inLanguage\":\"en-GB\",\"potentialAction\":[{\"@type\":\"ReadAction\",\"target\":[\"https:\\\/\\\/en.hslgroup.fi\\\/partition-wall-systems\\\/smart-glass-walls\\\/\"]}]},{\"@type\":\"BreadcrumbList\",\"@id\":\"https:\\\/\\\/en.hslgroup.fi\\\/partition-wall-systems\\\/smart-glass-walls\\\/#breadcrumb\",\"itemListElement\":[{\"@type\":\"ListItem\",\"position\":1,\"name\":\"Etusivu\",\"item\":\"https:\\\/\\\/en.hslgroup.fi\\\/fi\\\/\"},{\"@type\":\"ListItem\",\"position\":2,\"name\":\"Tuotteet\",\"item\":\"https:\\\/\\\/en.hslgroup.fi\\\/partition-wall-systems\\\/\"},{\"@type\":\"ListItem\",\"position\":3,\"name\":\"\u00c4lylasisein\u00e4t\"}]},{\"@type\":\"WebSite\",\"@id\":\"https:\\\/\\\/en.hslgroup.fi\\\/en\\\/#website\",\"url\":\"https:\\\/\\\/en.hslgroup.fi\\\/en\\\/\",\"name\":\"HSL Group Oy\",\"description\":\"J\u00e4rjestelm\u00e4v\u00e4lisein\u00e4t, siirtosein\u00e4t ja minitilaratkaisut\",\"publisher\":{\"@id\":\"https:\\\/\\\/en.hslgroup.fi\\\/en\\\/#organization\"},\"potentialAction\":[{\"@type\":\"SearchAction\",\"target\":{\"@type\":\"EntryPoint\",\"urlTemplate\":\"https:\\\/\\\/en.hslgroup.fi\\\/en\\\/?s={search_term_string}\"},\"query-input\":{\"@type\":\"PropertyValueSpecification\",\"valueRequired\":true,\"valueName\":\"search_term_string\"}}],\"inLanguage\":\"en-GB\"},{\"@type\":\"Organization\",\"@id\":\"https:\\\/\\\/en.hslgroup.fi\\\/en\\\/#organization\",\"name\":\"HSL Group Oy\",\"url\":\"https:\\\/\\\/en.hslgroup.fi\\\/en\\\/\",\"logo\":{\"@type\":\"ImageObject\",\"inLanguage\":\"en-GB\",\"@id\":\"https:\\\/\\\/en.hslgroup.fi\\\/en\\\/#\\\/schema\\\/logo\\\/image\\\/\",\"url\":\"https:\\\/\\\/en.hslgroup.fi\\\/wp-content\\\/uploads\\\/2016\\\/07\\\/hsl_logo.jpg\",\"contentUrl\":\"https:\\\/\\\/en.hslgroup.fi\\\/wp-content\\\/uploads\\\/2016\\\/07\\\/hsl_logo.jpg\",\"width\":125,\"height\":60,\"caption\":\"HSL Group Oy\"},\"image\":{\"@id\":\"https:\\\/\\\/en.hslgroup.fi\\\/en\\\/#\\\/schema\\\/logo\\\/image\\\/\"},\"sameAs\":[\"https:\\\/\\\/facebook.com\\\/hslgroupoy\",\"https:\\\/\\\/linkedin.com\\\/company\\\/hsl-group\"]}]}<\/script>\n<!-- \/ Yoast SEO plugin. -->","yoast_head_json":{"title":"Impressive and practical smart glass - HSL Group LLC","description":"Impressive and practical HSL smart glass wall makes possible a bright space, which glass walls you can dim or brighten with one push of a button.","robots":{"index":"index","follow":"follow","max-snippet":"max-snippet:-1","max-image-preview":"max-image-preview:large","max-video-preview":"max-video-preview:-1"},"canonical":"https:\/\/en.hslgroup.fi\/en\/partition-wall-systems\/smart-glass-walls\/","og_locale":"en_GB","og_type":"article","og_title":"Vaikuttava ja k\u00e4yt\u00e4nn\u00f6llinen \u00e4lylasisein\u00e4 - HSL Group Oy","og_description":"Vaikuttava ja k\u00e4yt\u00e4nn\u00f6llinen HSL \u00e4lylasisein\u00e4 mahdollistaa valoisan tilan, jonka lasisein\u00e4t voit himment\u00e4\u00e4 tai kirkastaa yhdell\u00e4 napin painalluksella.","og_url":"https:\/\/en.hslgroup.fi\/en\/partition-wall-systems\/smart-glass-walls\/","og_site_name":"HSL Group Oy","article_publisher":"https:\/\/facebook.com\/hslgroupoy","article_modified_time":"2022-03-24T06:51:44+00:00","twitter_card":"summary_large_image","twitter_misc":{"Estimated reading time":"3 minutes"},"schema":{"@context":"https:\/\/schema.org","@graph":[{"@type":"WebPage","@id":"https:\/\/en.hslgroup.fi\/partition-wall-systems\/smart-glass-walls\/","url":"https:\/\/en.hslgroup.fi\/partition-wall-systems\/smart-glass-walls\/","name":"Impressive and practical smart glass - HSL Group LLC","isPartOf":{"@id":"https:\/\/en.hslgroup.fi\/en\/#website"},"datePublished":"2021-01-18T10:07:13+00:00","dateModified":"2022-03-24T06:51:44+00:00","description":"Impressive and practical HSL smart glass wall makes possible a bright space, which glass walls you can dim or brighten with one push of a button.","breadcrumb":{"@id":"https:\/\/en.hslgroup.fi\/partition-wall-systems\/smart-glass-walls\/#breadcrumb"},"inLanguage":"en-GB","potentialAction":[{"@type":"ReadAction","target":["https:\/\/en.hslgroup.fi\/partition-wall-systems\/smart-glass-walls\/"]}]},{"@type":"BreadcrumbList","@id":"https:\/\/en.hslgroup.fi\/partition-wall-systems\/smart-glass-walls\/#breadcrumb","itemListElement":[{"@type":"ListItem","position":1,"name":"Etusivu","item":"https:\/\/en.hslgroup.fi\/fi\/"},{"@type":"ListItem","position":2,"name":"Tuotteet","item":"https:\/\/en.hslgroup.fi\/partition-wall-systems\/"},{"@type":"ListItem","position":3,"name":"\u00c4lylasisein\u00e4t"}]},{"@type":"WebSite","@id":"https:\/\/en.hslgroup.fi\/en\/#website","url":"https:\/\/en.hslgroup.fi\/en\/","name":"HSL Group LLC","description":"J\u00e4rjestelm\u00e4v\u00e4lisein\u00e4t, siirtosein\u00e4t ja minitilaratkaisut","publisher":{"@id":"https:\/\/en.hslgroup.fi\/en\/#organization"},"potentialAction":[{"@type":"SearchAction","target":{"@type":"EntryPoint","urlTemplate":"https:\/\/en.hslgroup.fi\/en\/?s={search_term_string}"},"query-input":{"@type":"PropertyValueSpecification","valueRequired":true,"valueName":"search_term_string"}}],"inLanguage":"en-GB"},{"@type":"Organization","@id":"https:\/\/en.hslgroup.fi\/en\/#organization","name":"HSL Group LLC","url":"https:\/\/en.hslgroup.fi\/en\/","logo":{"@type":"ImageObject","inLanguage":"en-GB","@id":"https:\/\/en.hslgroup.fi\/en\/#\/schema\/logo\/image\/","url":"https:\/\/en.hslgroup.fi\/wp-content\/uploads\/2016\/07\/hsl_logo.jpg","contentUrl":"https:\/\/en.hslgroup.fi\/wp-content\/uploads\/2016\/07\/hsl_logo.jpg","width":125,"height":60,"caption":"HSL Group Oy"},"image":{"@id":"https:\/\/en.hslgroup.fi\/en\/#\/schema\/logo\/image\/"},"sameAs":["https:\/\/facebook.com\/hslgroupoy","https:\/\/linkedin.com\/company\/hsl-group"]}]}},"_links":{"self":[{"href":"https:\/\/en.hslgroup.fi\/en\/wp-json\/wp\/v2\/pages\/1697","targetHints":{"allow":["GET"]}}],"collection":[{"href":"https:\/\/en.hslgroup.fi\/en\/wp-json\/wp\/v2\/pages"}],"about":[{"href":"https:\/\/en.hslgroup.fi\/en\/wp-json\/wp\/v2\/types\/page"}],"author":[{"embeddable":true,"href":"https:\/\/en.hslgroup.fi\/en\/wp-json\/wp\/v2\/users\/1"}],"replies":[{"embeddable":true,"href":"https:\/\/en.hslgroup.fi\/en\/wp-json\/wp\/v2\/comments?post=1697"}],"version-history":[{"count":5,"href":"https:\/\/en.hslgroup.fi\/en\/wp-json\/wp\/v2\/pages\/1697\/revisions"}],"predecessor-version":[{"id":2540,"href":"https:\/\/en.hslgroup.fi\/en\/wp-json\/wp\/v2\/pages\/1697\/revisions\/2540"}],"up":[{"embeddable":true,"href":"https:\/\/en.hslgroup.fi\/en\/wp-json\/wp\/v2\/pages\/50"}],"wp:attachment":[{"href":"https:\/\/en.hslgroup.fi\/en\/wp-json\/wp\/v2\/media?parent=1697"}],"curies":[{"name":"wp","href":"https:\/\/api.w.org\/{rel}","templated":true}]}}