{"id":1521,"date":"2020-10-23T10:54:01","date_gmt":"2020-10-23T07:54:01","guid":{"rendered":"https:\/\/en.hslgroup.fi\/?page_id=1521"},"modified":"2022-03-17T11:01:30","modified_gmt":"2022-03-17T09:01:30","slug":"kouvolan-karhut","status":"publish","type":"page","link":"https:\/\/en.hslgroup.fi\/en\/portfolio\/kouvolan-karhut\/","title":{"rendered":"Kouvolan Karhut"},"content":{"rendered":"\n[et_pb_section fb_built=&#8221;1&#8243; admin_label=&#8221;section&#8221; _builder_version=&#8221;3.22&#8243;][et_pb_row admin_label=&#8221;Rivi&#8221; _builder_version=&#8221;3.25&#8243; background_size=&#8221;initial&#8221; background_position=&#8221;top_left&#8221; background_repeat=&#8221;repeat&#8221;][et_pb_column type=&#8221;4_4&#8243; _builder_version=&#8221;3.25&#8243; custom_padding=&#8221;|||&#8221; custom_padding__hover=&#8221;|||&#8221;][et_pb_text admin_label=&#8221;Teksti&#8221; _builder_version=&#8221;4.0.9&#8243; background_size=&#8221;initial&#8221; background_position=&#8221;top_left&#8221; background_repeat=&#8221;repeat&#8221; use_border_color=&#8221;off&#8221; border_color=&#8221;#ffffff&#8221; border_style=&#8221;solid&#8221;]<h1>Kouvolan Karhut<\/h1>[\/et_pb_text][\/et_pb_column][\/et_pb_row][et_pb_row admin_label=&#8221;Rivi&#8221; _builder_version=&#8221;3.25&#8243; background_size=&#8221;initial&#8221; background_position=&#8221;top_left&#8221; background_repeat=&#8221;repeat&#8221;][et_pb_column type=&#8221;4_4&#8243; _builder_version=&#8221;3.25&#8243; custom_padding=&#8221;|||&#8221; custom_padding__hover=&#8221;|||&#8221;][et_pb_image src=&#8221;https:\/\/en.hslgroup.fi\/wp-content\/uploads\/2020\/10\/HSL-alumiinilasiseinat-pariovilla.jpg&#8221; alt=&#8221;Aalto yliopisto Espoo&#8221; title_text=&#8221;Aalto yliopisto Espoo&#8221; show_in_lightbox=&#8221;on&#8221; align_tablet=&#8221;center&#8221; align_phone=&#8221;&#8221; align_last_edited=&#8221;on|desktop&#8221; admin_label=&#8221;Kuva&#8221; _builder_version=&#8221;4.0.9&#8243; animation_style=&#8221;slide&#8221; animation_direction=&#8221;left&#8221; animation_duration=&#8221;500ms&#8221; animation_intensity_slide=&#8221;10%&#8221; use_border_color=&#8221;off&#8221; border_color=&#8221;#ffffff&#8221; border_style=&#8221;solid&#8221; animation=&#8221;left&#8221; sticky=&#8221;off&#8221; always_center_on_mobile=&#8221;on&#8221;] [\/et_pb_image][\/et_pb_column][\/et_pb_row][et_pb_row admin_label=&#8221;row&#8221; _builder_version=&#8221;3.25&#8243; background_size=&#8221;initial&#8221; background_position=&#8221;top_left&#8221; background_repeat=&#8221;repeat&#8221;][et_pb_column type=&#8221;4_4&#8243; _builder_version=&#8221;3.25&#8243; custom_padding=&#8221;|||&#8221; custom_padding__hover=&#8221;|||&#8221;][et_pb_text admin_label=&#8221;Teksti&#8221; _builder_version=&#8221;4.0.9&#8243; background_size=&#8221;initial&#8221; background_position=&#8221;top_left&#8221; background_repeat=&#8221;repeat&#8221; hover_enabled=&#8221;0&#8243; use_border_color=&#8221;off&#8221; border_color=&#8221;#ffffff&#8221; border_style=&#8221;solid&#8221;]<p>Kouvolan Karhut on Kouvolassa sijaitseva toimistokiinteist\u00f6, johon saneerattiin nykyaikaiset ja tyylikk\u00e4\u00e4t ty\u00f6tilat. Tavoitteena oli luoda ty\u00f6ntekij\u00f6ille viihtyis\u00e4 ja avaran tuntuinen ty\u00f6ymp\u00e4rist\u00f6, josta l\u00f6ytyy erillisi\u00e4 rauhalliseen yksil\u00f6ty\u00f6skentelyyn soveltuvia tiloja sek\u00e4 neuvotteluhuoneita.<\/p>\n<p><strong>HSL lasiseinill\u00e4 valoa ja ty\u00f6rauhaa<\/strong><\/p>\n<p>Luonnonvalo haluttiin hy\u00f6dynt\u00e4\u00e4 ty\u00f6tilojen lis\u00e4ksi my\u00f6s rakennuksen pitkill\u00e4 k\u00e4yt\u00e4vill\u00e4 ja mahdolliset tilojen muutostarpeet haluttiin huomioida ennakkoon. Valon m\u00e4\u00e4r\u00e4 maksimoitiin runsaalla lasien k\u00e4yt\u00f6ll\u00e4, ja ty\u00f6huoneet sek\u00e4 neuvottelutilat rakennettiin j\u00e4rjestelm\u00e4v\u00e4liseinill\u00e4 tulevan muuntojoustavuuden varmistamiseksi.<\/p>\n<p>Seinien materiaaleiksi valikoituivat HSL alumiinilasisein\u00e4t, joissa tilasta riippuen k\u00e4ytettiin kirkkaita karkaistuja- ja laminoituja \u00e4\u00e4nt\u00e4 erist\u00e4vi\u00e4 laseja. Riitt\u00e4v\u00e4 yksityisyys ja ty\u00f6rauha taattiin asianmukaisella \u00e4\u00e4nenhallinnalla. \u00c4\u00e4nt\u00e4 erist\u00e4vill\u00e4 liukuovilla varustettujen ty\u00f6tilojen \u00e4\u00e4nenerist\u00e4vyys on Rw33dB ja k\u00e4\u00e4nt\u00f6ovilla varustetuissa neuvottelutiloissa rakenteen \u00e4\u00e4nenerist\u00e4vyys on Rw37dB.<\/p>\n<p>Lasiseinien puitteet, ovet ja ovien s\u00e4hk\u00f6pielet maalattiin asiakkaan toivomiin s\u00e4vyihin. Lopputuloksena saavutettiin tyylikk\u00e4\u00e4t ja valoisat tilat visuaalisesti yhteensopivalla yleisilmeell\u00e4.<\/p>\n[\/et_pb_text][\/et_pb_column][\/et_pb_row][et_pb_row admin_label=&#8221;Rivi&#8221; _builder_version=&#8221;3.25&#8243; background_size=&#8221;initial&#8221; background_position=&#8221;top_left&#8221; background_repeat=&#8221;repeat&#8221;][et_pb_column type=&#8221;4_4&#8243; _builder_version=&#8221;3.25&#8243; custom_padding=&#8221;|||&#8221; custom_padding__hover=&#8221;|||&#8221;][et_pb_gallery gallery_ids=&#8221;1526,1531,1530,1533,1532,1525,1524,1529,1528,1527&#8243; posts_number=&#8221;10&#8243; show_title_and_caption=&#8221;off&#8221; show_pagination=&#8221;off&#8221; admin_label=&#8221;Galleria&#8221; _builder_version=&#8221;4.0.9&#8243; use_border_color=&#8221;off&#8221; border_color=&#8221;#ffffff&#8221; border_style=&#8221;solid&#8221;] [\/et_pb_gallery][\/et_pb_column][\/et_pb_row][\/et_pb_section]\n","protected":false},"excerpt":{"rendered":"<p>Kouvolan Karhut Kouvolan Karhut on Kouvolassa sijaitseva toimistokiinteist\u00f6, johon saneerattiin nykyaikaiset ja tyylikk\u00e4\u00e4t ty\u00f6tilat. Tavoitteena oli luoda ty\u00f6ntekij\u00f6ille viihtyis\u00e4 ja avaran tuntuinen ty\u00f6ymp\u00e4rist\u00f6, josta l\u00f6ytyy erillisi\u00e4 rauhalliseen yksil\u00f6ty\u00f6skentelyyn soveltuvia tiloja sek\u00e4 neuvotteluhuoneita. HSL lasiseinill\u00e4 valoa ja ty\u00f6rauhaa Luonnonvalo haluttiin hy\u00f6dynt\u00e4\u00e4 ty\u00f6tilojen lis\u00e4ksi my\u00f6s rakennuksen pitkill\u00e4 k\u00e4yt\u00e4vill\u00e4 ja mahdolliset tilojen muutostarpeet haluttiin huomioida ennakkoon. Valon m\u00e4\u00e4r\u00e4 [&hellip;]<\/p>\n","protected":false},"author":1,"featured_media":0,"parent":52,"menu_order":0,"comment_status":"closed","ping_status":"closed","template":"","meta":{"_et_pb_use_builder":"on","_et_pb_old_content":"","_et_gb_content_width":"","footnotes":""},"class_list":["post-1521","page","type-page","status-publish","hentry"],"yoast_head":"<!-- This site is optimized with the Yoast SEO plugin v27.4 - https:\/\/yoast.com\/product\/yoast-seo-wordpress\/ -->\n<title>Kouvolan Karhut valoa ja ty\u00f6rauhaa lasiseinill\u00e4 - HSL Group Oy<\/title>\n<meta name=\"description\" content=\"Kouvolan Karhut toimistokiinteist\u00f6\u00f6n saneerattiin uudet ty\u00f6tilat ja neuvotteluhuoneet valoa ja ty\u00f6rauhaa tuovilla kotimaisilla lasiseinill\u00e4\" \/>\n<meta name=\"robots\" content=\"index, follow, max-snippet:-1, max-image-preview:large, max-video-preview:-1\" \/>\n<link rel=\"canonical\" href=\"https:\/\/en.hslgroup.fi\/en\/portfolio\/kouvolan-karhut\/\" \/>\n<meta property=\"og:locale\" content=\"en_GB\" \/>\n<meta property=\"og:type\" content=\"article\" \/>\n<meta property=\"og:title\" content=\"Kouvolan Karhut valoa ja ty\u00f6rauhaa lasiseinill\u00e4 - HSL Group Oy\" \/>\n<meta property=\"og:description\" content=\"Kouvolan Karhut toimistokiinteist\u00f6\u00f6n saneerattiin uudet ty\u00f6tilat ja neuvotteluhuoneet valoa ja ty\u00f6rauhaa tuovilla kotimaisilla lasiseinill\u00e4\" \/>\n<meta property=\"og:url\" content=\"https:\/\/en.hslgroup.fi\/en\/portfolio\/kouvolan-karhut\/\" \/>\n<meta property=\"og:site_name\" content=\"HSL Group Oy\" \/>\n<meta property=\"article:publisher\" content=\"https:\/\/facebook.com\/hslgroupoy\" \/>\n<meta property=\"article:modified_time\" content=\"2022-03-17T09:01:30+00:00\" \/>\n<meta name=\"twitter:card\" content=\"summary_large_image\" \/>\n<meta name=\"twitter:label1\" content=\"Estimated reading time\" \/>\n\t<meta name=\"twitter:data1\" content=\"2 minutes\" \/>\n<script type=\"application\/ld+json\" class=\"yoast-schema-graph\">{\"@context\":\"https:\\\/\\\/schema.org\",\"@graph\":[{\"@type\":\"WebPage\",\"@id\":\"https:\\\/\\\/en.hslgroup.fi\\\/portfolio\\\/kouvolan-karhut\\\/\",\"url\":\"https:\\\/\\\/en.hslgroup.fi\\\/portfolio\\\/kouvolan-karhut\\\/\",\"name\":\"Kouvolan Karhut valoa ja ty\u00f6rauhaa lasiseinill\u00e4 - HSL Group Oy\",\"isPartOf\":{\"@id\":\"https:\\\/\\\/en.hslgroup.fi\\\/en\\\/#website\"},\"datePublished\":\"2020-10-23T07:54:01+00:00\",\"dateModified\":\"2022-03-17T09:01:30+00:00\",\"description\":\"Kouvolan Karhut toimistokiinteist\u00f6\u00f6n saneerattiin uudet ty\u00f6tilat ja neuvotteluhuoneet valoa ja ty\u00f6rauhaa tuovilla kotimaisilla lasiseinill\u00e4\",\"breadcrumb\":{\"@id\":\"https:\\\/\\\/en.hslgroup.fi\\\/portfolio\\\/kouvolan-karhut\\\/#breadcrumb\"},\"inLanguage\":\"en-GB\",\"potentialAction\":[{\"@type\":\"ReadAction\",\"target\":[\"https:\\\/\\\/en.hslgroup.fi\\\/portfolio\\\/kouvolan-karhut\\\/\"]}]},{\"@type\":\"BreadcrumbList\",\"@id\":\"https:\\\/\\\/en.hslgroup.fi\\\/portfolio\\\/kouvolan-karhut\\\/#breadcrumb\",\"itemListElement\":[{\"@type\":\"ListItem\",\"position\":1,\"name\":\"Etusivu\",\"item\":\"https:\\\/\\\/en.hslgroup.fi\\\/fi\\\/\"},{\"@type\":\"ListItem\",\"position\":2,\"name\":\"Referenssit\",\"item\":\"https:\\\/\\\/en.hslgroup.fi\\\/portfolio\\\/\"},{\"@type\":\"ListItem\",\"position\":3,\"name\":\"Kouvolan Karhut\"}]},{\"@type\":\"WebSite\",\"@id\":\"https:\\\/\\\/en.hslgroup.fi\\\/en\\\/#website\",\"url\":\"https:\\\/\\\/en.hslgroup.fi\\\/en\\\/\",\"name\":\"HSL Group Oy\",\"description\":\"J\u00e4rjestelm\u00e4v\u00e4lisein\u00e4t, siirtosein\u00e4t ja minitilaratkaisut\",\"publisher\":{\"@id\":\"https:\\\/\\\/en.hslgroup.fi\\\/en\\\/#organization\"},\"potentialAction\":[{\"@type\":\"SearchAction\",\"target\":{\"@type\":\"EntryPoint\",\"urlTemplate\":\"https:\\\/\\\/en.hslgroup.fi\\\/en\\\/?s={search_term_string}\"},\"query-input\":{\"@type\":\"PropertyValueSpecification\",\"valueRequired\":true,\"valueName\":\"search_term_string\"}}],\"inLanguage\":\"en-GB\"},{\"@type\":\"Organization\",\"@id\":\"https:\\\/\\\/en.hslgroup.fi\\\/en\\\/#organization\",\"name\":\"HSL Group Oy\",\"url\":\"https:\\\/\\\/en.hslgroup.fi\\\/en\\\/\",\"logo\":{\"@type\":\"ImageObject\",\"inLanguage\":\"en-GB\",\"@id\":\"https:\\\/\\\/en.hslgroup.fi\\\/en\\\/#\\\/schema\\\/logo\\\/image\\\/\",\"url\":\"https:\\\/\\\/en.hslgroup.fi\\\/wp-content\\\/uploads\\\/2016\\\/07\\\/hsl_logo.jpg\",\"contentUrl\":\"https:\\\/\\\/en.hslgroup.fi\\\/wp-content\\\/uploads\\\/2016\\\/07\\\/hsl_logo.jpg\",\"width\":125,\"height\":60,\"caption\":\"HSL Group Oy\"},\"image\":{\"@id\":\"https:\\\/\\\/en.hslgroup.fi\\\/en\\\/#\\\/schema\\\/logo\\\/image\\\/\"},\"sameAs\":[\"https:\\\/\\\/facebook.com\\\/hslgroupoy\",\"https:\\\/\\\/linkedin.com\\\/company\\\/hsl-group\"]}]}<\/script>\n<!-- \/ Yoast SEO plugin. -->","yoast_head_json":{"title":"Kouvolan Karhut light and work peace with glass walls - HSL Group LLC","description":"Kouvolan Karhut office property work spaces were renovated with light and work peace bringing domestic glass walls","robots":{"index":"index","follow":"follow","max-snippet":"max-snippet:-1","max-image-preview":"max-image-preview:large","max-video-preview":"max-video-preview:-1"},"canonical":"https:\/\/en.hslgroup.fi\/en\/portfolio\/kouvolan-karhut\/","og_locale":"en_GB","og_type":"article","og_title":"Kouvolan Karhut valoa ja ty\u00f6rauhaa lasiseinill\u00e4 - HSL Group Oy","og_description":"Kouvolan Karhut toimistokiinteist\u00f6\u00f6n saneerattiin uudet ty\u00f6tilat ja neuvotteluhuoneet valoa ja ty\u00f6rauhaa tuovilla kotimaisilla lasiseinill\u00e4","og_url":"https:\/\/en.hslgroup.fi\/en\/portfolio\/kouvolan-karhut\/","og_site_name":"HSL Group Oy","article_publisher":"https:\/\/facebook.com\/hslgroupoy","article_modified_time":"2022-03-17T09:01:30+00:00","twitter_card":"summary_large_image","twitter_misc":{"Estimated reading time":"2 minutes"},"schema":{"@context":"https:\/\/schema.org","@graph":[{"@type":"WebPage","@id":"https:\/\/en.hslgroup.fi\/portfolio\/kouvolan-karhut\/","url":"https:\/\/en.hslgroup.fi\/portfolio\/kouvolan-karhut\/","name":"Kouvolan Karhut light and work peace with glass walls - HSL Group LLC","isPartOf":{"@id":"https:\/\/en.hslgroup.fi\/en\/#website"},"datePublished":"2020-10-23T07:54:01+00:00","dateModified":"2022-03-17T09:01:30+00:00","description":"Kouvolan Karhut office property work spaces were renovated with light and work peace bringing domestic glass walls","breadcrumb":{"@id":"https:\/\/en.hslgroup.fi\/portfolio\/kouvolan-karhut\/#breadcrumb"},"inLanguage":"en-GB","potentialAction":[{"@type":"ReadAction","target":["https:\/\/en.hslgroup.fi\/portfolio\/kouvolan-karhut\/"]}]},{"@type":"BreadcrumbList","@id":"https:\/\/en.hslgroup.fi\/portfolio\/kouvolan-karhut\/#breadcrumb","itemListElement":[{"@type":"ListItem","position":1,"name":"Etusivu","item":"https:\/\/en.hslgroup.fi\/fi\/"},{"@type":"ListItem","position":2,"name":"Referenssit","item":"https:\/\/en.hslgroup.fi\/portfolio\/"},{"@type":"ListItem","position":3,"name":"Kouvolan Karhut"}]},{"@type":"WebSite","@id":"https:\/\/en.hslgroup.fi\/en\/#website","url":"https:\/\/en.hslgroup.fi\/en\/","name":"HSL Group LLC","description":"J\u00e4rjestelm\u00e4v\u00e4lisein\u00e4t, siirtosein\u00e4t ja minitilaratkaisut","publisher":{"@id":"https:\/\/en.hslgroup.fi\/en\/#organization"},"potentialAction":[{"@type":"SearchAction","target":{"@type":"EntryPoint","urlTemplate":"https:\/\/en.hslgroup.fi\/en\/?s={search_term_string}"},"query-input":{"@type":"PropertyValueSpecification","valueRequired":true,"valueName":"search_term_string"}}],"inLanguage":"en-GB"},{"@type":"Organization","@id":"https:\/\/en.hslgroup.fi\/en\/#organization","name":"HSL Group LLC","url":"https:\/\/en.hslgroup.fi\/en\/","logo":{"@type":"ImageObject","inLanguage":"en-GB","@id":"https:\/\/en.hslgroup.fi\/en\/#\/schema\/logo\/image\/","url":"https:\/\/en.hslgroup.fi\/wp-content\/uploads\/2016\/07\/hsl_logo.jpg","contentUrl":"https:\/\/en.hslgroup.fi\/wp-content\/uploads\/2016\/07\/hsl_logo.jpg","width":125,"height":60,"caption":"HSL Group Oy"},"image":{"@id":"https:\/\/en.hslgroup.fi\/en\/#\/schema\/logo\/image\/"},"sameAs":["https:\/\/facebook.com\/hslgroupoy","https:\/\/linkedin.com\/company\/hsl-group"]}]}},"_links":{"self":[{"href":"https:\/\/en.hslgroup.fi\/en\/wp-json\/wp\/v2\/pages\/1521","targetHints":{"allow":["GET"]}}],"collection":[{"href":"https:\/\/en.hslgroup.fi\/en\/wp-json\/wp\/v2\/pages"}],"about":[{"href":"https:\/\/en.hslgroup.fi\/en\/wp-json\/wp\/v2\/types\/page"}],"author":[{"embeddable":true,"href":"https:\/\/en.hslgroup.fi\/en\/wp-json\/wp\/v2\/users\/1"}],"replies":[{"embeddable":true,"href":"https:\/\/en.hslgroup.fi\/en\/wp-json\/wp\/v2\/comments?post=1521"}],"version-history":[{"count":5,"href":"https:\/\/en.hslgroup.fi\/en\/wp-json\/wp\/v2\/pages\/1521\/revisions"}],"predecessor-version":[{"id":2516,"href":"https:\/\/en.hslgroup.fi\/en\/wp-json\/wp\/v2\/pages\/1521\/revisions\/2516"}],"up":[{"embeddable":true,"href":"https:\/\/en.hslgroup.fi\/en\/wp-json\/wp\/v2\/pages\/52"}],"wp:attachment":[{"href":"https:\/\/en.hslgroup.fi\/en\/wp-json\/wp\/v2\/media?parent=1521"}],"curies":[{"name":"wp","href":"https:\/\/api.w.org\/{rel}","templated":true}]}}