{"id":1482,"date":"2020-09-07T15:10:28","date_gmt":"2020-09-07T12:10:28","guid":{"rendered":"https:\/\/en.hslgroup.fi\/?page_id=1482"},"modified":"2022-03-17T10:56:22","modified_gmt":"2022-03-17T08:56:22","slug":"op-loviisa","status":"publish","type":"page","link":"https:\/\/en.hslgroup.fi\/en\/portfolio\/op-loviisa\/","title":{"rendered":"OP Loviisa"},"content":{"rendered":"\n[et_pb_section fb_built=&#8221;1&#8243; admin_label=&#8221;section&#8221; _builder_version=&#8221;3.22&#8243;][et_pb_row admin_label=&#8221;Rivi&#8221; _builder_version=&#8221;3.25&#8243; background_size=&#8221;initial&#8221; background_position=&#8221;top_left&#8221; background_repeat=&#8221;repeat&#8221;][et_pb_column type=&#8221;4_4&#8243; _builder_version=&#8221;3.25&#8243; custom_padding=&#8221;|||&#8221; custom_padding__hover=&#8221;|||&#8221;][et_pb_text admin_label=&#8221;Teksti&#8221; _builder_version=&#8221;4.0.9&#8243; background_size=&#8221;initial&#8221; background_position=&#8221;top_left&#8221; background_repeat=&#8221;repeat&#8221; use_border_color=&#8221;off&#8221; border_color=&#8221;#ffffff&#8221; border_style=&#8221;solid&#8221;]<h1>OP Loviisa konttoriuudistus<\/h1>[\/et_pb_text][\/et_pb_column][\/et_pb_row][et_pb_row admin_label=&#8221;Rivi&#8221; _builder_version=&#8221;3.25&#8243; background_size=&#8221;initial&#8221; background_position=&#8221;top_left&#8221; background_repeat=&#8221;repeat&#8221;][et_pb_column type=&#8221;4_4&#8243; _builder_version=&#8221;3.25&#8243; custom_padding=&#8221;|||&#8221; custom_padding__hover=&#8221;|||&#8221;][et_pb_image src=&#8221;https:\/\/en.hslgroup.fi\/wp-content\/uploads\/2020\/09\/op-loviisa-alumiinilasiseinat.jpg&#8221; alt=&#8221;K-Kampus Helsinki&#8221; title_text=&#8221;HSL liukulasit K-Kampus Helsinki&#8221; show_in_lightbox=&#8221;on&#8221; align_tablet=&#8221;center&#8221; align_phone=&#8221;&#8221; align_last_edited=&#8221;on|desktop&#8221; admin_label=&#8221;Kuva&#8221; _builder_version=&#8221;4.0.9&#8243; animation_style=&#8221;slide&#8221; animation_direction=&#8221;left&#8221; animation_duration=&#8221;500ms&#8221; animation_intensity_slide=&#8221;10%&#8221; use_border_color=&#8221;off&#8221; border_color=&#8221;#ffffff&#8221; border_style=&#8221;solid&#8221; animation=&#8221;left&#8221; sticky=&#8221;off&#8221; always_center_on_mobile=&#8221;on&#8221;] [\/et_pb_image][\/et_pb_column][\/et_pb_row][et_pb_row admin_label=&#8221;row&#8221; _builder_version=&#8221;3.25&#8243; background_size=&#8221;initial&#8221; background_position=&#8221;top_left&#8221; background_repeat=&#8221;repeat&#8221;][et_pb_column type=&#8221;4_4&#8243; _builder_version=&#8221;3.25&#8243; custom_padding=&#8221;|||&#8221; custom_padding__hover=&#8221;|||&#8221;][et_pb_text admin_label=&#8221;Teksti&#8221; _builder_version=&#8221;4.0.9&#8243; background_size=&#8221;initial&#8221; background_position=&#8221;top_left&#8221; background_repeat=&#8221;repeat&#8221; use_border_color=&#8221;off&#8221; border_color=&#8221;#ffffff&#8221; border_style=&#8221;solid&#8221;]<h3>Tila muuntautui viihtyis\u00e4ksi pankkikonttoriksi alumiinilasiseinien avulla<\/h3>\n<p>&nbsp;<\/p>\n<p>L\u00e4ht\u00f6tilanne oli haastava: Loviisassa oltiin yhdist\u00e4m\u00e4ss\u00e4 kahta pankkikonttoria yhdeksi. Uusi yhdistetty konttori remontoitaisiin laajentamalla tilaa purkaen aluksi kaikki vanha pois.\u00a0Arkkitehti oli tehnyt piirustukset tyhj\u00e4n tilan muokkaamiseksi. Tilaan tarvittiin v\u00e4liseini\u00e4, jotka muodostaisivat jokaiselle toimihenkil\u00f6lle oman loossin.<\/p>\n<p>\u201cKoska toimimme pankkialalla, tarvitsimme sein\u00e4ratkaisuja, jotka suojaavat asiakasta ja asiakastapaamista. Finanssitavaratalona toimiamme ohjaa pankkisalaisuus ja vakuutussalaisuus\u201d, kertoo Saila Rosas, L\u00e4nsi-Kymen Osuuspankin toimitusjohtaja.<\/p>\n<p>Sein\u00e4ratkaisujen toimittamisessa arkkitehti vinkkasi Rosasta k\u00e4\u00e4ntym\u00e4\u00e4n HSL Groupin puoleen.<\/p>\n<p>\u201cJo ensi yhteydenotto teki minuun vaikutuksen. Puhelimeen vastaava henkil\u00f6 otti asian heti hoitaakseen. HSL Group oli joustava ja asiantunteva. Koimme jo alusta, ett\u00e4 t\u00e4llaisen yhti\u00f6n kanssa on hyv\u00e4 tehd\u00e4 t\u00f6it\u00e4!\u201d<\/p>\n<p>Konttorin remontilla oli kiire ja sitten viel\u00e4 koronakriisi puhkesi.<\/p>\n<p>\u201cOlimme huolissamme, miten saamme sellaiset tilaratkaisut, mitk\u00e4 palvelevat meid\u00e4n erityistarpeita ja ylip\u00e4\u00e4t\u00e4\u00e4n valmistuuko tila ajoissa. HSL Groupilta tuli rauhoittavaa viesti\u00e4, ett\u00e4 asiat j\u00e4rjestyv\u00e4t. Sein\u00e4t tulivat sin\u00e4 p\u00e4iv\u00e4n\u00e4, kun oli sovittu. Ty\u00f6t alkoivat ja joutuivat mallikaaasti. Olin aina h\u00e4mm\u00e4stynyt tullessani ty\u00f6maalle, ett\u00e4 asiat olivat edenneet niin joutuisasti\u201d, kertoo Saila Rosas.<\/p>\n<p>Tilaratkaisussa k\u00e4ytettiin HSL ALU 92 alumiinilasiseini\u00e4, sek\u00e4 HSL ELEMENT umpiseini\u00e4, jotka pehmensiv\u00e4t my\u00f6s desibelej\u00e4. Konttorilla pystyttiin seinien avulla jaksottamaan toimintoja ja osastoimaan akustisesti tiloja.<\/p>\n<p>\u201cP\u00e4ivitt\u00e4inen ty\u00f6skentelymme on muuttunut verrattuna entiseen, saimme sein\u00e4kkeiden avulla uusia huoneita, siis jokaiselle toimihenkil\u00f6lle omat tilat. H\u00e4iri\u00f6it\u00e4 ei kuulu seinien l\u00e4pi. Mik\u00e4 parasta, sein\u00e4kkeet ovat varsin keveit\u00e4 ja ovet liikkuvat pehme\u00e4sti\u201d, kehuu Saila Rosas.<\/p>\n<p>Saimme sellaiset tilat tai oikeastaan paremmat tilat kuin olimme osanneet kuvitella. Urakka toteutui todella nopeasti, ehk\u00e4 jopa nopeammin kuin olimme suunnitelleet\u201d, sanoo Saila Rosas ja jatkaa:<\/p>\n<p>\u201cHSL Groupin henkil\u00f6kunta oli todella sitoutunutta ja ilmiselv\u00e4sti asiantuntijoita omalla alallaan, palvelu oli hurjan sutjakkaa, eik\u00e4 tarvinnut odottaa, ett\u00e4 hypytet\u00e4\u00e4n paikasta toiseen ja henkil\u00f6lt\u00e4 toiselle, vaan asiat hoituivat. Tykk\u00e4sin, ett\u00e4 saimme asiantuntija-apua, juuri sellaista, mit\u00e4 me tarvittiin.\u201d<\/p>\n<p>Lopputuloksesta sek\u00e4 asiakkaat ja henkil\u00f6kunta ovat antaneet todella hyv\u00e4\u00e4 palautetta. Tilan ilme on raikas, ratkaisut ovat hyvi\u00e4. Tilassa on valoisaa ja avaraa, sill\u00e4 lasisein\u00e4kkeet antavat ilmavuutta.<\/p>\n<p>\u201cNyt kun meill\u00e4 on muissa konttoreissa remontteja, samoja ratkaisuja toivotaan niihinkin. Meid\u00e4n Loviisan konttorille ollaan siis kateellisia\u201d, kertoo Saila Rosas, L\u00e4nsi-Kymen Osuuspankin toimitusjohtaja.<\/p>\n<p>Katso kohteen esittelyvideo alta.<\/p>[\/et_pb_text][et_pb_video src=&#8221;https:\/\/youtu.be\/73gx1wa3p1Y&#8221; _builder_version=&#8221;4.0.9&#8243;][\/et_pb_video][\/et_pb_column][\/et_pb_row][et_pb_row admin_label=&#8221;Rivi&#8221; _builder_version=&#8221;3.25&#8243; background_size=&#8221;initial&#8221; background_position=&#8221;top_left&#8221; background_repeat=&#8221;repeat&#8221;][et_pb_column type=&#8221;4_4&#8243; _builder_version=&#8221;3.25&#8243; custom_padding=&#8221;|||&#8221; custom_padding__hover=&#8221;|||&#8221;][et_pb_gallery gallery_ids=&#8221;1492,1501,1496,1493,1494,1495,1497,1498,1499&#8243; posts_number=&#8221;9&#8243; show_title_and_caption=&#8221;off&#8221; show_pagination=&#8221;off&#8221; admin_label=&#8221;Galleria&#8221; _builder_version=&#8221;4.0.9&#8243; use_border_color=&#8221;off&#8221; border_color=&#8221;#ffffff&#8221; border_style=&#8221;solid&#8221;] [\/et_pb_gallery][\/et_pb_column][\/et_pb_row][\/et_pb_section]\n","protected":false},"excerpt":{"rendered":"<p>OP Loviisa konttoriuudistus Tila muuntautui viihtyis\u00e4ksi pankkikonttoriksi alumiinilasiseinien avulla &nbsp; L\u00e4ht\u00f6tilanne oli haastava: Loviisassa oltiin yhdist\u00e4m\u00e4ss\u00e4 kahta pankkikonttoria yhdeksi. Uusi yhdistetty konttori remontoitaisiin laajentamalla tilaa purkaen aluksi kaikki vanha pois.\u00a0Arkkitehti oli tehnyt piirustukset tyhj\u00e4n tilan muokkaamiseksi. Tilaan tarvittiin v\u00e4liseini\u00e4, jotka muodostaisivat jokaiselle toimihenkil\u00f6lle oman loossin. \u201cKoska toimimme pankkialalla, tarvitsimme sein\u00e4ratkaisuja, jotka suojaavat asiakasta ja asiakastapaamista. [&hellip;]<\/p>\n","protected":false},"author":1,"featured_media":0,"parent":52,"menu_order":0,"comment_status":"closed","ping_status":"closed","template":"","meta":{"_et_pb_use_builder":"on","_et_pb_old_content":"","_et_gb_content_width":"","footnotes":""},"class_list":["post-1482","page","type-page","status-publish","hentry"],"yoast_head":"<!-- This site is optimized with the Yoast SEO plugin v27.4 - https:\/\/yoast.com\/product\/yoast-seo-wordpress\/ -->\n<title>OP Loviisa viihtyis\u00e4 pankkikonttori alumiinilasiseinill\u00e4 - HSL Group Oy<\/title>\n<meta name=\"description\" content=\"OP Loviisan konttoriuudistuksessa aiempi tila muuntautui viihtyis\u00e4ksi pankkikonttoriksi alumiinilasiseinien ja liukulasiovien avulla\" \/>\n<meta name=\"robots\" content=\"index, follow, max-snippet:-1, max-image-preview:large, max-video-preview:-1\" \/>\n<link rel=\"canonical\" href=\"https:\/\/en.hslgroup.fi\/en\/portfolio\/op-loviisa\/\" \/>\n<meta property=\"og:locale\" content=\"en_GB\" \/>\n<meta property=\"og:type\" content=\"article\" \/>\n<meta property=\"og:title\" content=\"OP Loviisa viihtyis\u00e4 pankkikonttori alumiinilasiseinill\u00e4 - HSL Group Oy\" \/>\n<meta property=\"og:description\" content=\"OP Loviisan konttoriuudistuksessa aiempi tila muuntautui viihtyis\u00e4ksi pankkikonttoriksi alumiinilasiseinien ja liukulasiovien avulla\" \/>\n<meta property=\"og:url\" content=\"https:\/\/en.hslgroup.fi\/en\/portfolio\/op-loviisa\/\" \/>\n<meta property=\"og:site_name\" content=\"HSL Group Oy\" \/>\n<meta property=\"article:publisher\" content=\"https:\/\/facebook.com\/hslgroupoy\" \/>\n<meta property=\"article:modified_time\" content=\"2022-03-17T08:56:22+00:00\" \/>\n<meta name=\"twitter:card\" content=\"summary_large_image\" \/>\n<meta name=\"twitter:label1\" content=\"Estimated reading time\" \/>\n\t<meta name=\"twitter:data1\" content=\"3 minutes\" \/>\n<script type=\"application\/ld+json\" class=\"yoast-schema-graph\">{\"@context\":\"https:\\\/\\\/schema.org\",\"@graph\":[{\"@type\":\"WebPage\",\"@id\":\"https:\\\/\\\/en.hslgroup.fi\\\/portfolio\\\/op-loviisa\\\/\",\"url\":\"https:\\\/\\\/en.hslgroup.fi\\\/portfolio\\\/op-loviisa\\\/\",\"name\":\"OP Loviisa viihtyis\u00e4 pankkikonttori alumiinilasiseinill\u00e4 - HSL Group Oy\",\"isPartOf\":{\"@id\":\"https:\\\/\\\/en.hslgroup.fi\\\/en\\\/#website\"},\"datePublished\":\"2020-09-07T12:10:28+00:00\",\"dateModified\":\"2022-03-17T08:56:22+00:00\",\"description\":\"OP Loviisan konttoriuudistuksessa aiempi tila muuntautui viihtyis\u00e4ksi pankkikonttoriksi alumiinilasiseinien ja liukulasiovien avulla\",\"breadcrumb\":{\"@id\":\"https:\\\/\\\/en.hslgroup.fi\\\/portfolio\\\/op-loviisa\\\/#breadcrumb\"},\"inLanguage\":\"en-GB\",\"potentialAction\":[{\"@type\":\"ReadAction\",\"target\":[\"https:\\\/\\\/en.hslgroup.fi\\\/portfolio\\\/op-loviisa\\\/\"]}]},{\"@type\":\"BreadcrumbList\",\"@id\":\"https:\\\/\\\/en.hslgroup.fi\\\/portfolio\\\/op-loviisa\\\/#breadcrumb\",\"itemListElement\":[{\"@type\":\"ListItem\",\"position\":1,\"name\":\"Etusivu\",\"item\":\"https:\\\/\\\/en.hslgroup.fi\\\/fi\\\/\"},{\"@type\":\"ListItem\",\"position\":2,\"name\":\"Referenssit\",\"item\":\"https:\\\/\\\/en.hslgroup.fi\\\/portfolio\\\/\"},{\"@type\":\"ListItem\",\"position\":3,\"name\":\"OP Loviisa\"}]},{\"@type\":\"WebSite\",\"@id\":\"https:\\\/\\\/en.hslgroup.fi\\\/en\\\/#website\",\"url\":\"https:\\\/\\\/en.hslgroup.fi\\\/en\\\/\",\"name\":\"HSL Group Oy\",\"description\":\"J\u00e4rjestelm\u00e4v\u00e4lisein\u00e4t, siirtosein\u00e4t ja minitilaratkaisut\",\"publisher\":{\"@id\":\"https:\\\/\\\/en.hslgroup.fi\\\/en\\\/#organization\"},\"potentialAction\":[{\"@type\":\"SearchAction\",\"target\":{\"@type\":\"EntryPoint\",\"urlTemplate\":\"https:\\\/\\\/en.hslgroup.fi\\\/en\\\/?s={search_term_string}\"},\"query-input\":{\"@type\":\"PropertyValueSpecification\",\"valueRequired\":true,\"valueName\":\"search_term_string\"}}],\"inLanguage\":\"en-GB\"},{\"@type\":\"Organization\",\"@id\":\"https:\\\/\\\/en.hslgroup.fi\\\/en\\\/#organization\",\"name\":\"HSL Group Oy\",\"url\":\"https:\\\/\\\/en.hslgroup.fi\\\/en\\\/\",\"logo\":{\"@type\":\"ImageObject\",\"inLanguage\":\"en-GB\",\"@id\":\"https:\\\/\\\/en.hslgroup.fi\\\/en\\\/#\\\/schema\\\/logo\\\/image\\\/\",\"url\":\"https:\\\/\\\/en.hslgroup.fi\\\/wp-content\\\/uploads\\\/2016\\\/07\\\/hsl_logo.jpg\",\"contentUrl\":\"https:\\\/\\\/en.hslgroup.fi\\\/wp-content\\\/uploads\\\/2016\\\/07\\\/hsl_logo.jpg\",\"width\":125,\"height\":60,\"caption\":\"HSL Group Oy\"},\"image\":{\"@id\":\"https:\\\/\\\/en.hslgroup.fi\\\/en\\\/#\\\/schema\\\/logo\\\/image\\\/\"},\"sameAs\":[\"https:\\\/\\\/facebook.com\\\/hslgroupoy\",\"https:\\\/\\\/linkedin.com\\\/company\\\/hsl-group\"]}]}<\/script>\n<!-- \/ Yoast SEO plugin. -->","yoast_head_json":{"title":"OP Loviisa pleasant bank office with aluminum framed glass walls - HSL Group LLC","description":"In OP Loviisa's office renovation, an earlier space was renovated into a pleasant bank office with aluminum framed glass walls and sliding glass doors.","robots":{"index":"index","follow":"follow","max-snippet":"max-snippet:-1","max-image-preview":"max-image-preview:large","max-video-preview":"max-video-preview:-1"},"canonical":"https:\/\/en.hslgroup.fi\/en\/portfolio\/op-loviisa\/","og_locale":"en_GB","og_type":"article","og_title":"OP Loviisa viihtyis\u00e4 pankkikonttori alumiinilasiseinill\u00e4 - HSL Group Oy","og_description":"OP Loviisan konttoriuudistuksessa aiempi tila muuntautui viihtyis\u00e4ksi pankkikonttoriksi alumiinilasiseinien ja liukulasiovien avulla","og_url":"https:\/\/en.hslgroup.fi\/en\/portfolio\/op-loviisa\/","og_site_name":"HSL Group Oy","article_publisher":"https:\/\/facebook.com\/hslgroupoy","article_modified_time":"2022-03-17T08:56:22+00:00","twitter_card":"summary_large_image","twitter_misc":{"Estimated reading time":"3 minutes"},"schema":{"@context":"https:\/\/schema.org","@graph":[{"@type":"WebPage","@id":"https:\/\/en.hslgroup.fi\/portfolio\/op-loviisa\/","url":"https:\/\/en.hslgroup.fi\/portfolio\/op-loviisa\/","name":"OP Loviisa pleasant bank office with aluminum framed glass walls - HSL Group LLC","isPartOf":{"@id":"https:\/\/en.hslgroup.fi\/en\/#website"},"datePublished":"2020-09-07T12:10:28+00:00","dateModified":"2022-03-17T08:56:22+00:00","description":"In OP Loviisa's office renovation, an earlier space was renovated into a pleasant bank office with aluminum framed glass walls and sliding glass doors.","breadcrumb":{"@id":"https:\/\/en.hslgroup.fi\/portfolio\/op-loviisa\/#breadcrumb"},"inLanguage":"en-GB","potentialAction":[{"@type":"ReadAction","target":["https:\/\/en.hslgroup.fi\/portfolio\/op-loviisa\/"]}]},{"@type":"BreadcrumbList","@id":"https:\/\/en.hslgroup.fi\/portfolio\/op-loviisa\/#breadcrumb","itemListElement":[{"@type":"ListItem","position":1,"name":"Etusivu","item":"https:\/\/en.hslgroup.fi\/fi\/"},{"@type":"ListItem","position":2,"name":"Referenssit","item":"https:\/\/en.hslgroup.fi\/portfolio\/"},{"@type":"ListItem","position":3,"name":"OP Loviisa"}]},{"@type":"WebSite","@id":"https:\/\/en.hslgroup.fi\/en\/#website","url":"https:\/\/en.hslgroup.fi\/en\/","name":"HSL Group LLC","description":"J\u00e4rjestelm\u00e4v\u00e4lisein\u00e4t, siirtosein\u00e4t ja minitilaratkaisut","publisher":{"@id":"https:\/\/en.hslgroup.fi\/en\/#organization"},"potentialAction":[{"@type":"SearchAction","target":{"@type":"EntryPoint","urlTemplate":"https:\/\/en.hslgroup.fi\/en\/?s={search_term_string}"},"query-input":{"@type":"PropertyValueSpecification","valueRequired":true,"valueName":"search_term_string"}}],"inLanguage":"en-GB"},{"@type":"Organization","@id":"https:\/\/en.hslgroup.fi\/en\/#organization","name":"HSL Group LLC","url":"https:\/\/en.hslgroup.fi\/en\/","logo":{"@type":"ImageObject","inLanguage":"en-GB","@id":"https:\/\/en.hslgroup.fi\/en\/#\/schema\/logo\/image\/","url":"https:\/\/en.hslgroup.fi\/wp-content\/uploads\/2016\/07\/hsl_logo.jpg","contentUrl":"https:\/\/en.hslgroup.fi\/wp-content\/uploads\/2016\/07\/hsl_logo.jpg","width":125,"height":60,"caption":"HSL Group Oy"},"image":{"@id":"https:\/\/en.hslgroup.fi\/en\/#\/schema\/logo\/image\/"},"sameAs":["https:\/\/facebook.com\/hslgroupoy","https:\/\/linkedin.com\/company\/hsl-group"]}]}},"_links":{"self":[{"href":"https:\/\/en.hslgroup.fi\/en\/wp-json\/wp\/v2\/pages\/1482","targetHints":{"allow":["GET"]}}],"collection":[{"href":"https:\/\/en.hslgroup.fi\/en\/wp-json\/wp\/v2\/pages"}],"about":[{"href":"https:\/\/en.hslgroup.fi\/en\/wp-json\/wp\/v2\/types\/page"}],"author":[{"embeddable":true,"href":"https:\/\/en.hslgroup.fi\/en\/wp-json\/wp\/v2\/users\/1"}],"replies":[{"embeddable":true,"href":"https:\/\/en.hslgroup.fi\/en\/wp-json\/wp\/v2\/comments?post=1482"}],"version-history":[{"count":5,"href":"https:\/\/en.hslgroup.fi\/en\/wp-json\/wp\/v2\/pages\/1482\/revisions"}],"predecessor-version":[{"id":2515,"href":"https:\/\/en.hslgroup.fi\/en\/wp-json\/wp\/v2\/pages\/1482\/revisions\/2515"}],"up":[{"embeddable":true,"href":"https:\/\/en.hslgroup.fi\/en\/wp-json\/wp\/v2\/pages\/52"}],"wp:attachment":[{"href":"https:\/\/en.hslgroup.fi\/en\/wp-json\/wp\/v2\/media?parent=1482"}],"curies":[{"name":"wp","href":"https:\/\/api.w.org\/{rel}","templated":true}]}}