{"id":1454,"date":"2020-06-08T15:43:05","date_gmt":"2020-06-08T12:43:05","guid":{"rendered":"https:\/\/en.hslgroup.fi\/?page_id=1454"},"modified":"2022-10-03T14:23:50","modified_gmt":"2022-10-03T11:23:50","slug":"designers","status":"publish","type":"page","link":"https:\/\/en.hslgroup.fi\/en\/designers\/","title":{"rendered":"Designers"},"content":{"rendered":"[et_pb_section fb_built=&#8221;1&#8243; admin_label=&#8221;section&#8221; _builder_version=&#8221;4.16&#8243; global_colors_info=&#8221;{}&#8221;][et_pb_row column_structure=&#8221;2_3,1_3&#8243; admin_label=&#8221;Rivi&#8221; _builder_version=&#8221;4.16&#8243; background_size=&#8221;initial&#8221; background_position=&#8221;top_left&#8221; background_repeat=&#8221;repeat&#8221; global_colors_info=&#8221;{}&#8221;][et_pb_column type=&#8221;2_3&#8243; _builder_version=&#8221;4.16&#8243; custom_padding=&#8221;|||&#8221; global_colors_info=&#8221;{}&#8221; custom_padding__hover=&#8221;|||&#8221;][et_pb_text admin_label=&#8221;Teksti&#8221; _builder_version=&#8221;4.18.0&#8243; background_size=&#8221;initial&#8221; background_position=&#8221;top_left&#8221; background_repeat=&#8221;repeat&#8221; hover_enabled=&#8221;0&#8243; use_border_color=&#8221;off&#8221; border_color=&#8221;#ffffff&#8221; border_style=&#8221;solid&#8221; global_colors_info=&#8221;{}&#8221; sticky_enabled=&#8221;0&#8243;]\n<h2>Materiaalipankki suunnittelijoille<\/h2>\n<p>HSL Groupin tuotteiden rakennedetaljit l\u00f6ytyv\u00e4t ProdLib-palvelusta, josta suunnittelijat voivat ladata tuotevalikoimamme ArchiCAD- ja Revit -ohjelmiin.<\/p>\n<p>ProdLibin k\u00e4ytt\u00e4j\u00e4n\u00e4 p\u00e4\u00e4set tutustumaan tuotteisiimme ja lis\u00e4\u00e4m\u00e4\u00e4n niit\u00e4 suoraan projekteihisi. Tuotekirjasto sis\u00e4lt\u00e4\u00e4 tiedostoja sein\u00e4elementeist\u00e4, neuvottelutiloista ja puhelinhuoneista.<\/p>\n<p>ProdLib-kirjastoa voi k\u00e4ytt\u00e4\u00e4 erillisen\u00e4 ohjelmana tai integroituna suunnitteluohjelmistoon. ProdLibin lataaminen ja k\u00e4ytt\u00f6 on maksutonta.<\/p>\n<p>HSL Groupin tuotemalleja voi selata ja ladata my\u00f6s <a href=\"https:\/\/www.prodlib.com\/library\/suppliers\/Supplier_HSL\/\">ProdLibin nettiversiosta<\/a>.<\/p>\n<p>N\u00e4in otat ProdLib-palvelun k\u00e4ytt\u00f6\u00f6si:<\/p>\n<p>1. <a href=\"https:\/\/www.prodlib.com\/hsl\">Lataa ja asenna ProdLib<\/a><br \/>2. Lataa HSL Groupin tuotekirjasto<br \/>3. Selaa tuotekirjastoa ja lis\u00e4\u00e4 tuotteita projektiisi<\/p>\n<ul>\n<li>Lue tuotetietoja ja tutustu HSL Groupin tuotteisiin<\/li>\n<li>Muokkaa tuotteiden ominaisuuksia suunnitelmiisi sopiviksi<\/li>\n<li>Lis\u00e4\u00e4 sinulle sopivat tuotteet suoraan projektiisi<\/li>\n<li>Voit k\u00e4ytt\u00e4\u00e4 ProdLibi\u00e4 omassa suunnitteluohjelmassasi tai erillisen\u00e4 ty\u00f6p\u00f6yt\u00e4sovelluksena<\/li>\n<\/ul>\n<p><a href=\"http:\/\/www.prodlib.com\/downloads\/ProdLib_usersmanual.pdf\">Prodlib asennusohje<br \/><\/a><\/p>\n<h2><\/h2>\n<h2>Ladattavat esitemateriaalit ja tuotedetaljit<\/h2>\n<p>Ohesta l\u00f6yd\u00e4t tuotekohtaiset esitemateriaalit, testausraportit ja pdf-muodossa:<\/p>\n<p><a title=\"HSL-esite\" href=\"\/wp-content\/uploads\/2022\/05\/HSL-Group-Oy-yleisesite-FI-20220426.pdf\" target=\"_blank\" rel=\"noopener noreferrer\">HSL-esite<\/a><\/p>\n<p><a href=\"\/wp-content\/uploads\/2020\/02\/HSL-Group-Esite-neuvottelutilat-ja-puhelinhuoneet-2020.pdf\">HSL-neuvottelutilat ja puhelinhuoneet\u00a0esite<\/a><\/p>\n<p><a href=\"https:\/\/en.hslgroup.fi\/wp-content\/uploads\/2020\/03\/HSL_Group_Lasiseinaesite_20200227.pdf\">HSL-lasisein\u00e4t esite<\/a><\/p>\n<p><a href=\"https:\/\/en.hslgroup.fi\/wp-content\/uploads\/2020\/03\/HSL-Group-Esite-elements-20200227.pdf\">HSL-umpielementtisein\u00e4t\u00a0esite<\/a><a href=\"\/wp-content\/uploads\/2016\/08\/renz_acoustic_systems_en_lr.pdf\"><strong><\/strong><\/a><\/p>\n<p><a href=\"http:\/\/hslgroup.fi\/wp-content\/uploads\/2018\/08\/Paloluokitusraportti-HSL-Element.pdf\">HSL-umpielementtisein\u00e4t paloluokitusraportti<\/a><\/p>\n<p><a href=\"\/wp-content\/uploads\/2021\/09\/HSL-Group-Oy-detaljit-2020-pdf.7z\">HSL-j\u00e4rjestelm\u00e4v\u00e4lisein\u00e4detaljit (PDF), zip-paketti<strong><\/strong><\/a><\/p>\n<p><a href=\"\/wp-content\/uploads\/2016\/08\/HSL-Elementin-elinkaariarvio.pdf\">HSL-umpielementtisein\u00e4n VTT elinkaariarvio<\/a><\/p>\n<p><a href=\"\/wp-content\/uploads\/2016\/08\/Liukuovi-31-dB.pdf\">Liukuovi 31 dB<strong><\/strong><\/a><\/p>\n<p><a href=\"http:\/\/hslgroup.fi\/wp-content\/uploads\/2018\/08\/Liukuovi-VTT-S-00829-18.pdf\">Liukuovi 37 dB<strong><\/strong><\/a><\/p>\n<p><a href=\"https:\/\/en.hslgroup.fi\/wp-content\/uploads\/2021\/04\/HSL-Alumiinilasi-Decoral-kasittelylla-Rw37dB-202005120.pdf\">HSL ALU liukuovet puun ilmeell\u00e4 37 dB<\/a><\/p>\n<p><a href=\"https:\/\/en.hslgroup.fi\/wp-content\/uploads\/2022\/05\/HSL-ALU-P50-Alumiinilasiovi-Tuotekortti-20220222.pdf\">HSL ALU P50 alumiinilasiovi<\/a><\/p>\n<p><a href=\"https:\/\/en.hslgroup.fi\/wp-content\/uploads\/2020\/11\/HUFCOR-siirtoseinat-esite-EN.pdf\">HUFCOR siirtosein\u00e4malliston esite<\/a><\/p>\n<p><a href=\"https:\/\/en.hslgroup.fi\/wp-content\/uploads\/2020\/11\/HUFCOR-siirtoseinat-tekniset-detaljit.pdf\">HUFCOR siirtosein\u00e4t tekniset detaljit<\/a><\/p>\n<p>CAD-piirustukset l\u00e4het\u00e4mme s\u00e4hk\u00f6postilla, ota yhteytt\u00e4 <a href=\"mailto:asiakaspalvelu@hslgroup.fi\">asiakaspalvelu@hslgroup.fi<\/a><\/p>\n[\/et_pb_text][\/et_pb_column][et_pb_column type=&#8221;1_3&#8243; _builder_version=&#8221;4.16&#8243; custom_padding=&#8221;|||&#8221; global_colors_info=&#8221;{}&#8221; custom_padding__hover=&#8221;|||&#8221;][et_pb_text admin_label=&#8221;Yhteydenotto&#8221; _builder_version=&#8221;3.27.4&#8243; background_size=&#8221;initial&#8221; background_position=&#8221;top_left&#8221; background_repeat=&#8221;repeat&#8221; use_border_color=&#8221;off&#8221; border_color=&#8221;#ffffff&#8221; border_style=&#8221;solid&#8221; global_module=&#8221;1147&#8243; global_colors_info=&#8221;{}&#8221;]\n<h3>J\u00e4t\u00e4 yhteydenottopyynt\u00f6<\/h3>\n<div class=\"et_pb_contact\">\n\n<div class=\"wpcf7 no-js\" id=\"wpcf7-f46-o1\" lang=\"fi\" dir=\"ltr\" data-wpcf7-id=\"46\">\n<div class=\"screen-reader-response\"><p role=\"status\" aria-live=\"polite\" aria-atomic=\"true\"><\/p> <ul><\/ul><\/div>\n<form action=\"\/en\/wp-json\/wp\/v2\/pages\/1454#wpcf7-f46-o1\" method=\"post\" class=\"wpcf7-form init\" aria-label=\"Yhteydenottolomake\" novalidate=\"novalidate\" data-status=\"init\">\n<fieldset class=\"hidden-fields-container\"><input type=\"hidden\" name=\"_wpcf7\" value=\"46\" \/><input type=\"hidden\" name=\"_wpcf7_version\" value=\"6.1.5\" \/><input type=\"hidden\" name=\"_wpcf7_locale\" value=\"fi\" \/><input type=\"hidden\" name=\"_wpcf7_unit_tag\" value=\"wpcf7-f46-o1\" \/><input type=\"hidden\" name=\"_wpcf7_container_post\" value=\"0\" \/><input type=\"hidden\" name=\"_wpcf7_posted_data_hash\" value=\"\" \/><input type=\"hidden\" name=\"_wpcf7_recaptcha_response\" value=\"\" \/>\n<\/fieldset>\n<p>Yritys\n<\/p>\n<p><span class=\"wpcf7-form-control-wrap\" data-name=\"company-name\"><input size=\"40\" maxlength=\"400\" class=\"wpcf7-form-control wpcf7-text wpcf7-validates-as-required\" aria-required=\"true\" aria-invalid=\"false\" value=\"\" type=\"text\" name=\"company-name\" \/><\/span>\n<\/p>\n<p>Yhteyshenkil\u00f6\n<\/p>\n<p><span class=\"wpcf7-form-control-wrap\" data-name=\"contact-person\"><input size=\"40\" maxlength=\"400\" class=\"wpcf7-form-control wpcf7-text wpcf7-validates-as-required\" aria-required=\"true\" aria-invalid=\"false\" value=\"\" type=\"text\" name=\"contact-person\" \/><\/span>\n<\/p>\n<p>S\u00e4hk\u00f6posti\n<\/p>\n<p><span class=\"wpcf7-form-control-wrap\" data-name=\"email\"><input size=\"40\" maxlength=\"400\" class=\"wpcf7-form-control wpcf7-email wpcf7-validates-as-required wpcf7-text wpcf7-validates-as-email\" aria-required=\"true\" aria-invalid=\"false\" value=\"\" type=\"email\" name=\"email\" \/><\/span>\n<\/p>\n<p>Puhelinnumero\n<\/p>\n<p><span class=\"wpcf7-form-control-wrap\" data-name=\"phone-number\"><input size=\"40\" maxlength=\"400\" class=\"wpcf7-form-control wpcf7-text\" aria-invalid=\"false\" value=\"\" type=\"text\" name=\"phone-number\" \/><\/span>\n<\/p>\n<p><input class=\"wpcf7-form-control wpcf7-submit has-spinner\" type=\"submit\" value=\"L\u00e4het\u00e4\" \/>\n<\/p><div class=\"wpcf7-response-output\" aria-hidden=\"true\"><\/div>\n<\/form>\n<\/div>\n\n<\/div>\n[\/et_pb_text][et_pb_cta title=&#8221;Soita meille&#8221; button_url=&#8221;tel:+358102776500&#8243; button_text=&#8221;010 277 6500&#8243; _builder_version=&#8221;4.14.7&#8243; _module_preset=&#8221;default&#8221; body_font=&#8221;|600|||||||&#8221; background_color=&#8221;#4c4c4c&#8221; background_image=&#8221;https:\/\/en.hslgroup.fi\/wp-content\/uploads\/2022\/01\/HSL-puulasiseina\u0308-sinila\u0308hteen-koulu.jpg&#8221; background_repeat=&#8221;repeat-x&#8221; background_blend=&#8221;overlay&#8221; custom_button=&#8221;on&#8221; button_text_size=&#8221;18px&#8221; button_bg_color=&#8221;#50af31&#8243; button_border_width=&#8221;0px&#8221; button_icon=&#8221;&#xe00b;||divi||400&#8243; global_module=&#8221;2312&#8243; saved_tabs=&#8221;all&#8221; global_colors_info=&#8221;{}&#8221;]\n<p>Saat lis\u00e4tietoja ratkaisuistamme nopeasti ottamalla yhteytt\u00e4 asiakaspalveluumme.<\/p>\n[\/et_pb_cta][\/et_pb_column][\/et_pb_row][\/et_pb_section]\n","protected":false},"excerpt":{"rendered":"<p>Materiaalipankki suunnittelijoille HSL Groupin tuotteiden rakennedetaljit l\u00f6ytyv\u00e4t ProdLib-palvelusta, josta suunnittelijat voivat ladata tuotevalikoimamme ArchiCAD- ja Revit -ohjelmiin. ProdLibin k\u00e4ytt\u00e4j\u00e4n\u00e4 p\u00e4\u00e4set tutustumaan tuotteisiimme ja lis\u00e4\u00e4m\u00e4\u00e4n niit\u00e4 suoraan projekteihisi. Tuotekirjasto sis\u00e4lt\u00e4\u00e4 tiedostoja sein\u00e4elementeist\u00e4, neuvottelutiloista ja puhelinhuoneista. ProdLib-kirjastoa voi k\u00e4ytt\u00e4\u00e4 erillisen\u00e4 ohjelmana tai integroituna suunnitteluohjelmistoon. ProdLibin lataaminen ja k\u00e4ytt\u00f6 on maksutonta. HSL Groupin tuotemalleja voi selata ja ladata [&hellip;]<\/p>\n","protected":false},"author":1,"featured_media":0,"parent":0,"menu_order":0,"comment_status":"closed","ping_status":"closed","template":"","meta":{"_et_pb_use_builder":"on","_et_pb_old_content":"<p>Ole hyv\u00e4 ja lataa itsellesi HSL-materiaaleja pdf-muodossa:<\/p>\r\n<p><a title=\"HSL-esite\" href=\"\/wp-content\/uploads\/2016\/08\/HSL-esite.pdf\" onclick=\"javascript:_gaq.push(['_trackEvent','download','\/wp-content\/uploads\/2016\/08\/HSL-esite.pdf']);\" target=\"_blank\"><strong>HSL-esite<\/strong><\/a><\/p>\r\n<p><a href=\"\/wp-content\/uploads\/2016\/08\/SilentRooms2013-E-opt.pdf\" onclick=\"javascript:_gaq.push(['_trackEvent','download','\/wp-content\/uploads\/2016\/08\/SilentRooms2013-E-opt.pdf']);\"><strong>Renz neuvotteluhuoneet<\/strong><\/a><\/p>\r\n<p><a href=\"\/wp-content\/uploads\/2016\/08\/renz_acoustic_systems_en_lr.pdf\" onclick=\"javascript:_gaq.push(['_trackEvent','download','\/wp-content\/uploads\/2016\/08\/renz_acoustic_systems_en_lr.pdf']);\"><strong>Renz tekninen esite<\/strong><\/a><\/p>\r\n\r\n<p><a href=\"\/wp-content\/uploads\/2016\/08\/HSL-umpielementtiseinat.pdf\" onclick=\"javascript:_gaq.push(['_trackEvent','download','\/wp-content\/uploads\/2016\/08\/HSL-umpielementtiseinat.pdf']);\"><strong>HSL-umpielementtisein\u00e4t VTT \u00e4\u00e4nenerist\u00e4vyystesti<\/strong><\/a><\/p>\r\n<p><a href=\"\/wp-content\/uploads\/2016\/08\/HSL-jarjestelmavaliseinadetaljit_pdf\" onclick=\"javascript:_gaq.push(['_trackEvent','download','\/wp-content\/uploads\/2016\/08\/HSL-j\u00e4rjestelm\u00e4v\u00e4lisein\u00e4detaljit_pdf.zip']);\"><strong>HSL-j\u00e4rjestelm\u00e4v\u00e4lisein\u00e4detaljit (PDF), zip-paketti<\/strong><\/a><\/p>\r\n<p><a href=\"\/wp-content\/uploads\/2016\/08\/HSL-Elementin-elinkaariarvio.pdf\" onclick=\"javascript:_gaq.push(['_trackEvent','download','\/wp-content\/uploads\/2016\/08\/HSL-Elementin-elinkaariarvio.pdf']);\"><strong>HSL-umpielementtisein\u00e4n VTT elinkaariarvio<\/strong><\/a><\/p>\r\n<p><a href=\"\/wp-content\/uploads\/2016\/08\/Liukuovi-31-dB.pdf\" onclick=\"javascript:_gaq.push(['_trackEvent','download','\/wp-content\/uploads\/2016\/08\/Liukuovi-31-dB.pdf']);\"><strong>Liukuovi 31 dB<\/strong><\/a><\/p>\r\n<p><a href=\"\/wp-content\/uploads\/2016\/08\/Liukuovi-36-dB.pdf\" onclick=\"javascript:_gaq.push(['_trackEvent','download','\/wp-content\/uploads\/2016\/08\/Liukuovi-36-dB.pdf']);\"><strong>Liukuovi 36 dB<\/strong><\/a><\/p>\r\n<p>CAD-piirustukset l\u00e4het\u00e4mme s\u00e4hk\u00f6postilla, ota yhteytt\u00e4 <a href=\"mailto:asiakaspalvelu@hslgroup.fi\">asiakaspalvelu@hslgroup.fi<\/a><\/p>","_et_gb_content_width":"","footnotes":""},"class_list":["post-1454","page","type-page","status-publish","hentry"],"yoast_head":"<!-- This site is optimized with the Yoast SEO plugin v27.3 - https:\/\/yoast.com\/product\/yoast-seo-wordpress\/ -->\n<title>Materiaalipankki suunnittelijoille - HSL Group Oy<\/title>\n<meta name=\"description\" content=\"HSL Groupin tuotteiden rakennedetaljit l\u00f6ytyv\u00e4t ProdLib-palvelusta, josta suunnittelijat voivat ladata tuotevalikoimamme ArchiCAD- ja Revit -ohjelmiin.\" \/>\n<meta name=\"robots\" content=\"index, follow, max-snippet:-1, max-image-preview:large, max-video-preview:-1\" \/>\n<link rel=\"canonical\" href=\"https:\/\/en.hslgroup.fi\/en\/designers\/\" \/>\n<meta property=\"og:locale\" content=\"en_GB\" \/>\n<meta property=\"og:type\" content=\"article\" \/>\n<meta property=\"og:title\" content=\"Materiaalipankki suunnittelijoille - HSL Group Oy\" \/>\n<meta property=\"og:description\" content=\"HSL Groupin tuotteiden rakennedetaljit l\u00f6ytyv\u00e4t ProdLib-palvelusta, josta suunnittelijat voivat ladata tuotevalikoimamme ArchiCAD- ja Revit -ohjelmiin.\" \/>\n<meta property=\"og:url\" content=\"https:\/\/en.hslgroup.fi\/en\/designers\/\" \/>\n<meta property=\"og:site_name\" content=\"HSL Group Oy\" \/>\n<meta property=\"article:publisher\" content=\"https:\/\/facebook.com\/hslgroupoy\" \/>\n<meta property=\"article:modified_time\" content=\"2022-10-03T11:23:50+00:00\" \/>\n<meta name=\"twitter:card\" content=\"summary_large_image\" \/>\n<meta name=\"twitter:label1\" content=\"Estimated reading time\" \/>\n\t<meta name=\"twitter:data1\" content=\"2 minutes\" \/>\n<script type=\"application\/ld+json\" class=\"yoast-schema-graph\">{\"@context\":\"https:\\\/\\\/schema.org\",\"@graph\":[{\"@type\":\"WebPage\",\"@id\":\"https:\\\/\\\/en.hslgroup.fi\\\/designers\\\/\",\"url\":\"https:\\\/\\\/en.hslgroup.fi\\\/designers\\\/\",\"name\":\"Materiaalipankki suunnittelijoille - HSL Group Oy\",\"isPartOf\":{\"@id\":\"https:\\\/\\\/en.hslgroup.fi\\\/en\\\/#website\"},\"datePublished\":\"2020-06-08T12:43:05+00:00\",\"dateModified\":\"2022-10-03T11:23:50+00:00\",\"description\":\"HSL Groupin tuotteiden rakennedetaljit l\u00f6ytyv\u00e4t ProdLib-palvelusta, josta suunnittelijat voivat ladata tuotevalikoimamme ArchiCAD- ja Revit -ohjelmiin.\",\"breadcrumb\":{\"@id\":\"https:\\\/\\\/en.hslgroup.fi\\\/designers\\\/#breadcrumb\"},\"inLanguage\":\"en-GB\",\"potentialAction\":[{\"@type\":\"ReadAction\",\"target\":[\"https:\\\/\\\/en.hslgroup.fi\\\/designers\\\/\"]}]},{\"@type\":\"BreadcrumbList\",\"@id\":\"https:\\\/\\\/en.hslgroup.fi\\\/designers\\\/#breadcrumb\",\"itemListElement\":[{\"@type\":\"ListItem\",\"position\":1,\"name\":\"Etusivu\",\"item\":\"https:\\\/\\\/en.hslgroup.fi\\\/fi\\\/\"},{\"@type\":\"ListItem\",\"position\":2,\"name\":\"Suunnittelijoille\"}]},{\"@type\":\"WebSite\",\"@id\":\"https:\\\/\\\/en.hslgroup.fi\\\/en\\\/#website\",\"url\":\"https:\\\/\\\/en.hslgroup.fi\\\/en\\\/\",\"name\":\"HSL Group Oy\",\"description\":\"J\u00e4rjestelm\u00e4v\u00e4lisein\u00e4t, siirtosein\u00e4t ja minitilaratkaisut\",\"publisher\":{\"@id\":\"https:\\\/\\\/en.hslgroup.fi\\\/en\\\/#organization\"},\"potentialAction\":[{\"@type\":\"SearchAction\",\"target\":{\"@type\":\"EntryPoint\",\"urlTemplate\":\"https:\\\/\\\/en.hslgroup.fi\\\/en\\\/?s={search_term_string}\"},\"query-input\":{\"@type\":\"PropertyValueSpecification\",\"valueRequired\":true,\"valueName\":\"search_term_string\"}}],\"inLanguage\":\"en-GB\"},{\"@type\":\"Organization\",\"@id\":\"https:\\\/\\\/en.hslgroup.fi\\\/en\\\/#organization\",\"name\":\"HSL Group Oy\",\"url\":\"https:\\\/\\\/en.hslgroup.fi\\\/en\\\/\",\"logo\":{\"@type\":\"ImageObject\",\"inLanguage\":\"en-GB\",\"@id\":\"https:\\\/\\\/en.hslgroup.fi\\\/en\\\/#\\\/schema\\\/logo\\\/image\\\/\",\"url\":\"https:\\\/\\\/en.hslgroup.fi\\\/wp-content\\\/uploads\\\/2016\\\/07\\\/hsl_logo.jpg\",\"contentUrl\":\"https:\\\/\\\/en.hslgroup.fi\\\/wp-content\\\/uploads\\\/2016\\\/07\\\/hsl_logo.jpg\",\"width\":125,\"height\":60,\"caption\":\"HSL Group Oy\"},\"image\":{\"@id\":\"https:\\\/\\\/en.hslgroup.fi\\\/en\\\/#\\\/schema\\\/logo\\\/image\\\/\"},\"sameAs\":[\"https:\\\/\\\/facebook.com\\\/hslgroupoy\",\"https:\\\/\\\/linkedin.com\\\/company\\\/hsl-group\"]}]}<\/script>\n<!-- \/ Yoast SEO plugin. -->","yoast_head_json":{"title":"Material bank for designers - HSL Group LLC","description":"HSL Group's products structure details can be now found from the ProdLib-service, from there designers can download our product selection for ArchiCAD- and Revit -softwares.","robots":{"index":"index","follow":"follow","max-snippet":"max-snippet:-1","max-image-preview":"max-image-preview:large","max-video-preview":"max-video-preview:-1"},"canonical":"https:\/\/en.hslgroup.fi\/en\/designers\/","og_locale":"en_GB","og_type":"article","og_title":"Materiaalipankki suunnittelijoille - HSL Group Oy","og_description":"HSL Groupin tuotteiden rakennedetaljit l\u00f6ytyv\u00e4t ProdLib-palvelusta, josta suunnittelijat voivat ladata tuotevalikoimamme ArchiCAD- ja Revit -ohjelmiin.","og_url":"https:\/\/en.hslgroup.fi\/en\/designers\/","og_site_name":"HSL Group Oy","article_publisher":"https:\/\/facebook.com\/hslgroupoy","article_modified_time":"2022-10-03T11:23:50+00:00","twitter_card":"summary_large_image","twitter_misc":{"Estimated reading time":"2 minutes"},"schema":{"@context":"https:\/\/schema.org","@graph":[{"@type":"WebPage","@id":"https:\/\/en.hslgroup.fi\/designers\/","url":"https:\/\/en.hslgroup.fi\/designers\/","name":"Material bank for designers - HSL Group LLC","isPartOf":{"@id":"https:\/\/en.hslgroup.fi\/en\/#website"},"datePublished":"2020-06-08T12:43:05+00:00","dateModified":"2022-10-03T11:23:50+00:00","description":"HSL Group's products structure details can be now found from the ProdLib-service, from there designers can download our product selection for ArchiCAD- and Revit -softwares.","breadcrumb":{"@id":"https:\/\/en.hslgroup.fi\/designers\/#breadcrumb"},"inLanguage":"en-GB","potentialAction":[{"@type":"ReadAction","target":["https:\/\/en.hslgroup.fi\/designers\/"]}]},{"@type":"BreadcrumbList","@id":"https:\/\/en.hslgroup.fi\/designers\/#breadcrumb","itemListElement":[{"@type":"ListItem","position":1,"name":"Etusivu","item":"https:\/\/en.hslgroup.fi\/fi\/"},{"@type":"ListItem","position":2,"name":"Suunnittelijoille"}]},{"@type":"WebSite","@id":"https:\/\/en.hslgroup.fi\/en\/#website","url":"https:\/\/en.hslgroup.fi\/en\/","name":"HSL Group LLC","description":"J\u00e4rjestelm\u00e4v\u00e4lisein\u00e4t, siirtosein\u00e4t ja minitilaratkaisut","publisher":{"@id":"https:\/\/en.hslgroup.fi\/en\/#organization"},"potentialAction":[{"@type":"SearchAction","target":{"@type":"EntryPoint","urlTemplate":"https:\/\/en.hslgroup.fi\/en\/?s={search_term_string}"},"query-input":{"@type":"PropertyValueSpecification","valueRequired":true,"valueName":"search_term_string"}}],"inLanguage":"en-GB"},{"@type":"Organization","@id":"https:\/\/en.hslgroup.fi\/en\/#organization","name":"HSL Group LLC","url":"https:\/\/en.hslgroup.fi\/en\/","logo":{"@type":"ImageObject","inLanguage":"en-GB","@id":"https:\/\/en.hslgroup.fi\/en\/#\/schema\/logo\/image\/","url":"https:\/\/en.hslgroup.fi\/wp-content\/uploads\/2016\/07\/hsl_logo.jpg","contentUrl":"https:\/\/en.hslgroup.fi\/wp-content\/uploads\/2016\/07\/hsl_logo.jpg","width":125,"height":60,"caption":"HSL Group Oy"},"image":{"@id":"https:\/\/en.hslgroup.fi\/en\/#\/schema\/logo\/image\/"},"sameAs":["https:\/\/facebook.com\/hslgroupoy","https:\/\/linkedin.com\/company\/hsl-group"]}]}},"_links":{"self":[{"href":"https:\/\/en.hslgroup.fi\/en\/wp-json\/wp\/v2\/pages\/1454","targetHints":{"allow":["GET"]}}],"collection":[{"href":"https:\/\/en.hslgroup.fi\/en\/wp-json\/wp\/v2\/pages"}],"about":[{"href":"https:\/\/en.hslgroup.fi\/en\/wp-json\/wp\/v2\/types\/page"}],"author":[{"embeddable":true,"href":"https:\/\/en.hslgroup.fi\/en\/wp-json\/wp\/v2\/users\/1"}],"replies":[{"embeddable":true,"href":"https:\/\/en.hslgroup.fi\/en\/wp-json\/wp\/v2\/comments?post=1454"}],"version-history":[{"count":5,"href":"https:\/\/en.hslgroup.fi\/en\/wp-json\/wp\/v2\/pages\/1454\/revisions"}],"predecessor-version":[{"id":2930,"href":"https:\/\/en.hslgroup.fi\/en\/wp-json\/wp\/v2\/pages\/1454\/revisions\/2930"}],"wp:attachment":[{"href":"https:\/\/en.hslgroup.fi\/en\/wp-json\/wp\/v2\/media?parent=1454"}],"curies":[{"name":"wp","href":"https:\/\/api.w.org\/{rel}","templated":true}]}}