{"id":1431,"date":"2020-06-02T09:32:13","date_gmt":"2020-06-02T06:32:13","guid":{"rendered":"https:\/\/en.hslgroup.fi\/?page_id=1431"},"modified":"2022-03-18T12:23:11","modified_gmt":"2022-03-18T10:23:11","slug":"tietotie-6-espoo","status":"publish","type":"page","link":"https:\/\/en.hslgroup.fi\/en\/portfolio\/tietotie-6-espoo\/","title":{"rendered":"Tietotie 6 Espoo"},"content":{"rendered":"\n[et_pb_section fb_built=&#8221;1&#8243; admin_label=&#8221;section&#8221; _builder_version=&#8221;3.22&#8243;][et_pb_row admin_label=&#8221;Rivi&#8221; _builder_version=&#8221;3.25&#8243; background_size=&#8221;initial&#8221; background_position=&#8221;top_left&#8221; background_repeat=&#8221;repeat&#8221;][et_pb_column type=&#8221;4_4&#8243; _builder_version=&#8221;3.25&#8243; custom_padding=&#8221;|||&#8221; custom_padding__hover=&#8221;|||&#8221;][et_pb_text admin_label=&#8221;Teksti&#8221; _builder_version=&#8221;4.0.9&#8243; background_size=&#8221;initial&#8221; background_position=&#8221;top_left&#8221; background_repeat=&#8221;repeat&#8221; use_border_color=&#8221;off&#8221; border_color=&#8221;#ffffff&#8221; border_style=&#8221;solid&#8221;]<h1>Tietotie 6 Espoo<\/h1>[\/et_pb_text][\/et_pb_column][\/et_pb_row][et_pb_row admin_label=&#8221;Rivi&#8221; _builder_version=&#8221;3.25&#8243; background_size=&#8221;initial&#8221; background_position=&#8221;top_left&#8221; background_repeat=&#8221;repeat&#8221;][et_pb_column type=&#8221;4_4&#8243; _builder_version=&#8221;3.25&#8243; custom_padding=&#8221;|||&#8221; custom_padding__hover=&#8221;|||&#8221;][et_pb_image src=&#8221;https:\/\/en.hslgroup.fi\/wp-content\/uploads\/2020\/06\/Tietotie-6-j\u00e4rjestelm\u00e4lasisein\u00e4t.jpg&#8221; alt=&#8221;ECHA HSL j\u00e4rjestelm\u00e4v\u00e4lisein\u00e4t&#8221; title_text=&#8221;ECHA HSL j\u00e4rjestelm\u00e4v\u00e4lisein\u00e4t&#8221; align_tablet=&#8221;center&#8221; align_phone=&#8221;&#8221; align_last_edited=&#8221;on|desktop&#8221; admin_label=&#8221;Kuva&#8221; _builder_version=&#8221;4.0.9&#8243; animation_style=&#8221;slide&#8221; animation_direction=&#8221;left&#8221; animation_duration=&#8221;500ms&#8221; animation_intensity_slide=&#8221;10%&#8221; use_border_color=&#8221;off&#8221; border_color=&#8221;#ffffff&#8221; border_style=&#8221;solid&#8221; animation=&#8221;left&#8221; sticky=&#8221;off&#8221; always_center_on_mobile=&#8221;on&#8221;] [\/et_pb_image][\/et_pb_column][\/et_pb_row][et_pb_row admin_label=&#8221;row&#8221; _builder_version=&#8221;3.25&#8243; background_size=&#8221;initial&#8221; background_position=&#8221;top_left&#8221; background_repeat=&#8221;repeat&#8221;][et_pb_column type=&#8221;4_4&#8243; _builder_version=&#8221;3.25&#8243; custom_padding=&#8221;|||&#8221; custom_padding__hover=&#8221;|||&#8221;][et_pb_text admin_label=&#8221;Teksti&#8221; _builder_version=&#8221;4.0.9&#8243; background_size=&#8221;initial&#8221; background_position=&#8221;top_left&#8221; background_repeat=&#8221;repeat&#8221; use_border_color=&#8221;off&#8221; border_color=&#8221;#ffffff&#8221; border_style=&#8221;solid&#8221;]<p>Tietotie 6:ssa sijaitseva entinen toimistokiinteist\u00f6 peruskorjattiin Espoon kaupungille moderneiksi ty\u00f6tiloiksi ja oppilaitosk\u00e4ytt\u00f6\u00f6n. K\u00e4ytt\u00f6tarkoituksen muutoksen my\u00f6t\u00e4 kohde tarjoaa kaupungin eri yksik\u00f6iden k\u00e4ytt\u00f6\u00f6n 26 000 uudistettua neli\u00f6t\u00e4. Hanke vahvistaa Otaniemen asemaa Espoon koulutuskeskittym\u00e4n\u00e4.<\/p>\n<p>Kiinteist\u00f6ss\u00e4 toimii nyt mm. Otaniemen lukio, joka syntyi Pohjois-Tapiolan ja Olarin lukioiden yhdistyess\u00e4. Uusi oppilaitos tarjoaa modernit ty\u00f6- ja opetustilat, auditoriot ja liikuntasalit ja kokoaa yhteen noin 800 opiskelijaa.<\/p>\n<p><strong>Modernit ja muunneltavat tilat<\/strong><\/p>\n<p>Sis\u00e4tilojen suunnittelun tavoitteena oli modernit ja valoisat tilat. T\u00e4m\u00e4 ratkaistiin erillisten ty\u00f6tilojen osalta toteuttamalla tilojen k\u00e4yt\u00e4v\u00e4n puoleiset sein\u00e4t HSL Groupin lattiasta kattoon ulottuvilla puulasiseinill\u00e4. \u00c4\u00e4nieristetyt lasisein\u00e4t toteutettiin v\u00e4likarmittomina, jolla korostetaan sein\u00e4n keveytt\u00e4 ja modernia ilmett\u00e4. Korkeiden lasiseinien ansiosta k\u00e4yt\u00e4vien valo kulkee tehokkaasti tilaan saaden sen tuntumaan kokoistaankin suuremmalta.<\/p>\n<p>Lasisein\u00e4t varustettiin tilaajan toiveiden mukaan vaaleiksi s\u00e4vytetyill\u00e4 umpielementeill\u00e4, ovien s\u00e4hk\u00f6pielill\u00e4 ja ovilla. Tilojen jakamisessa hy\u00f6dynnettiin my\u00f6s HSL:n \u00e4\u00e4nieristettyj\u00e4 valkoisella PP-pinnoitteella p\u00e4\u00e4llystettyj\u00e4 umpiv\u00e4liseini\u00e4. Seinien ja ovien hyv\u00e4 \u00e4\u00e4nenerist\u00e4vyys takaa tilojen k\u00e4ytt\u00e4jille ty\u00f6skentely- ja opiskelurauhan.<\/p>\n<p>HSL Groupin modulaariset j\u00e4rjestelm\u00e4v\u00e4lisein\u00e4t soveltuvat ominaisuuksiensa puolesta hyvin vaativaan oppilaitosymp\u00e4rist\u00f6\u00f6n. Mik\u00e4li tiloja halutaan tulevaisuudessa j\u00e4rjestell\u00e4 uudelleen, se tapahtuu nopeasti ja p\u00f6lytt\u00f6m\u00e4sti. J\u00e4rjestelm\u00e4sein\u00e4t ja muut tilaratkaisut toimitetaan elinkaarimallilla, eli HSL:n kokeneet ammattilaiset vastaavat tarvittaessa tilojen tulevien muutost\u00f6iden toteutuksesta koko niiden elinkaaren ajan.<\/p>[\/et_pb_text][\/et_pb_column][\/et_pb_row][et_pb_row admin_label=&#8221;Rivi&#8221; _builder_version=&#8221;3.25&#8243; background_size=&#8221;initial&#8221; background_position=&#8221;top_left&#8221; background_repeat=&#8221;repeat&#8221;][et_pb_column type=&#8221;4_4&#8243; _builder_version=&#8221;3.25&#8243; custom_padding=&#8221;|||&#8221; custom_padding__hover=&#8221;|||&#8221;][et_pb_gallery gallery_ids=&#8221;1438,1436,1435,1440&#8243; show_title_and_caption=&#8221;off&#8221; show_pagination=&#8221;off&#8221; admin_label=&#8221;Galleria&#8221; _builder_version=&#8221;4.0.9&#8243; use_border_color=&#8221;off&#8221; border_color=&#8221;#ffffff&#8221; border_style=&#8221;solid&#8221;] [\/et_pb_gallery][\/et_pb_column][\/et_pb_row][\/et_pb_section]\n","protected":false},"excerpt":{"rendered":"<p>Tietotie 6 Espoo Tietotie 6:ssa sijaitseva entinen toimistokiinteist\u00f6 peruskorjattiin Espoon kaupungille moderneiksi ty\u00f6tiloiksi ja oppilaitosk\u00e4ytt\u00f6\u00f6n. K\u00e4ytt\u00f6tarkoituksen muutoksen my\u00f6t\u00e4 kohde tarjoaa kaupungin eri yksik\u00f6iden k\u00e4ytt\u00f6\u00f6n 26 000 uudistettua neli\u00f6t\u00e4. Hanke vahvistaa Otaniemen asemaa Espoon koulutuskeskittym\u00e4n\u00e4. Kiinteist\u00f6ss\u00e4 toimii nyt mm. Otaniemen lukio, joka syntyi Pohjois-Tapiolan ja Olarin lukioiden yhdistyess\u00e4. Uusi oppilaitos tarjoaa modernit ty\u00f6- ja opetustilat, auditoriot [&hellip;]<\/p>\n","protected":false},"author":1,"featured_media":0,"parent":52,"menu_order":0,"comment_status":"closed","ping_status":"closed","template":"","meta":{"_et_pb_use_builder":"on","_et_pb_old_content":"","_et_gb_content_width":"","footnotes":""},"class_list":["post-1431","page","type-page","status-publish","hentry"],"yoast_head":"<!-- This site is optimized with the Yoast SEO plugin v27.3 - https:\/\/yoast.com\/product\/yoast-seo-wordpress\/ -->\n<title>Tietotie 6 Espoo muuntojoustavat puulasisein\u00e4t - HSL Group Oy<\/title>\n<meta name=\"description\" content=\"Tietotielle Espooseen toteutettiin modernit ja muuntojoustavat tilat lattiasta kattoon ulottuvilla, \u00e4\u00e4nt\u00e4 hyvin erist\u00e4vill\u00e4 puulasiseinill\u00e4.\" \/>\n<meta name=\"robots\" content=\"index, follow, max-snippet:-1, max-image-preview:large, max-video-preview:-1\" \/>\n<link rel=\"canonical\" href=\"https:\/\/en.hslgroup.fi\/en\/portfolio\/tietotie-6-espoo\/\" \/>\n<meta property=\"og:locale\" content=\"en_GB\" \/>\n<meta property=\"og:type\" content=\"article\" \/>\n<meta property=\"og:title\" content=\"Tietotie 6 Espoo muuntojoustavat puulasisein\u00e4t - HSL Group Oy\" \/>\n<meta property=\"og:description\" content=\"Tietotielle Espooseen toteutettiin modernit ja muuntojoustavat tilat lattiasta kattoon ulottuvilla, \u00e4\u00e4nt\u00e4 hyvin erist\u00e4vill\u00e4 puulasiseinill\u00e4.\" \/>\n<meta property=\"og:url\" content=\"https:\/\/en.hslgroup.fi\/en\/portfolio\/tietotie-6-espoo\/\" \/>\n<meta property=\"og:site_name\" content=\"HSL Group Oy\" \/>\n<meta property=\"article:publisher\" content=\"https:\/\/facebook.com\/hslgroupoy\" \/>\n<meta property=\"article:modified_time\" content=\"2022-03-18T10:23:11+00:00\" \/>\n<meta name=\"twitter:card\" content=\"summary_large_image\" \/>\n<meta name=\"twitter:label1\" content=\"Estimated reading time\" \/>\n\t<meta name=\"twitter:data1\" content=\"2 minutes\" \/>\n<script type=\"application\/ld+json\" class=\"yoast-schema-graph\">{\"@context\":\"https:\\\/\\\/schema.org\",\"@graph\":[{\"@type\":\"WebPage\",\"@id\":\"https:\\\/\\\/en.hslgroup.fi\\\/portfolio\\\/tietotie-6-espoo\\\/\",\"url\":\"https:\\\/\\\/en.hslgroup.fi\\\/portfolio\\\/tietotie-6-espoo\\\/\",\"name\":\"Tietotie 6 Espoo muuntojoustavat puulasisein\u00e4t - HSL Group Oy\",\"isPartOf\":{\"@id\":\"https:\\\/\\\/en.hslgroup.fi\\\/en\\\/#website\"},\"datePublished\":\"2020-06-02T06:32:13+00:00\",\"dateModified\":\"2022-03-18T10:23:11+00:00\",\"description\":\"Tietotielle Espooseen toteutettiin modernit ja muuntojoustavat tilat lattiasta kattoon ulottuvilla, \u00e4\u00e4nt\u00e4 hyvin erist\u00e4vill\u00e4 puulasiseinill\u00e4.\",\"breadcrumb\":{\"@id\":\"https:\\\/\\\/en.hslgroup.fi\\\/portfolio\\\/tietotie-6-espoo\\\/#breadcrumb\"},\"inLanguage\":\"en-GB\",\"potentialAction\":[{\"@type\":\"ReadAction\",\"target\":[\"https:\\\/\\\/en.hslgroup.fi\\\/portfolio\\\/tietotie-6-espoo\\\/\"]}]},{\"@type\":\"BreadcrumbList\",\"@id\":\"https:\\\/\\\/en.hslgroup.fi\\\/portfolio\\\/tietotie-6-espoo\\\/#breadcrumb\",\"itemListElement\":[{\"@type\":\"ListItem\",\"position\":1,\"name\":\"Etusivu\",\"item\":\"https:\\\/\\\/en.hslgroup.fi\\\/fi\\\/\"},{\"@type\":\"ListItem\",\"position\":2,\"name\":\"Referenssit\",\"item\":\"https:\\\/\\\/en.hslgroup.fi\\\/portfolio\\\/\"},{\"@type\":\"ListItem\",\"position\":3,\"name\":\"Tietotie 6 Espoo\"}]},{\"@type\":\"WebSite\",\"@id\":\"https:\\\/\\\/en.hslgroup.fi\\\/en\\\/#website\",\"url\":\"https:\\\/\\\/en.hslgroup.fi\\\/en\\\/\",\"name\":\"HSL Group Oy\",\"description\":\"J\u00e4rjestelm\u00e4v\u00e4lisein\u00e4t, siirtosein\u00e4t ja minitilaratkaisut\",\"publisher\":{\"@id\":\"https:\\\/\\\/en.hslgroup.fi\\\/en\\\/#organization\"},\"potentialAction\":[{\"@type\":\"SearchAction\",\"target\":{\"@type\":\"EntryPoint\",\"urlTemplate\":\"https:\\\/\\\/en.hslgroup.fi\\\/en\\\/?s={search_term_string}\"},\"query-input\":{\"@type\":\"PropertyValueSpecification\",\"valueRequired\":true,\"valueName\":\"search_term_string\"}}],\"inLanguage\":\"en-GB\"},{\"@type\":\"Organization\",\"@id\":\"https:\\\/\\\/en.hslgroup.fi\\\/en\\\/#organization\",\"name\":\"HSL Group Oy\",\"url\":\"https:\\\/\\\/en.hslgroup.fi\\\/en\\\/\",\"logo\":{\"@type\":\"ImageObject\",\"inLanguage\":\"en-GB\",\"@id\":\"https:\\\/\\\/en.hslgroup.fi\\\/en\\\/#\\\/schema\\\/logo\\\/image\\\/\",\"url\":\"https:\\\/\\\/en.hslgroup.fi\\\/wp-content\\\/uploads\\\/2016\\\/07\\\/hsl_logo.jpg\",\"contentUrl\":\"https:\\\/\\\/en.hslgroup.fi\\\/wp-content\\\/uploads\\\/2016\\\/07\\\/hsl_logo.jpg\",\"width\":125,\"height\":60,\"caption\":\"HSL Group Oy\"},\"image\":{\"@id\":\"https:\\\/\\\/en.hslgroup.fi\\\/en\\\/#\\\/schema\\\/logo\\\/image\\\/\"},\"sameAs\":[\"https:\\\/\\\/facebook.com\\\/hslgroupoy\",\"https:\\\/\\\/linkedin.com\\\/company\\\/hsl-group\"]}]}<\/script>\n<!-- \/ Yoast SEO plugin. -->","yoast_head_json":{"title":"Tietotie 6 Espoo transformation flexible wood framed glass walls - HSL Group LLC","description":"For Tietotie in Espoo was implemented modern and transformation flexible spaces with sound well insulating wood framed glass walls that go from the floor to the ceiling.","robots":{"index":"index","follow":"follow","max-snippet":"max-snippet:-1","max-image-preview":"max-image-preview:large","max-video-preview":"max-video-preview:-1"},"canonical":"https:\/\/en.hslgroup.fi\/en\/portfolio\/tietotie-6-espoo\/","og_locale":"en_GB","og_type":"article","og_title":"Tietotie 6 Espoo muuntojoustavat puulasisein\u00e4t - HSL Group Oy","og_description":"Tietotielle Espooseen toteutettiin modernit ja muuntojoustavat tilat lattiasta kattoon ulottuvilla, \u00e4\u00e4nt\u00e4 hyvin erist\u00e4vill\u00e4 puulasiseinill\u00e4.","og_url":"https:\/\/en.hslgroup.fi\/en\/portfolio\/tietotie-6-espoo\/","og_site_name":"HSL Group Oy","article_publisher":"https:\/\/facebook.com\/hslgroupoy","article_modified_time":"2022-03-18T10:23:11+00:00","twitter_card":"summary_large_image","twitter_misc":{"Estimated reading time":"2 minutes"},"schema":{"@context":"https:\/\/schema.org","@graph":[{"@type":"WebPage","@id":"https:\/\/en.hslgroup.fi\/portfolio\/tietotie-6-espoo\/","url":"https:\/\/en.hslgroup.fi\/portfolio\/tietotie-6-espoo\/","name":"Tietotie 6 Espoo transformation flexible wood framed glass walls - HSL Group LLC","isPartOf":{"@id":"https:\/\/en.hslgroup.fi\/en\/#website"},"datePublished":"2020-06-02T06:32:13+00:00","dateModified":"2022-03-18T10:23:11+00:00","description":"For Tietotie in Espoo was implemented modern and transformation flexible spaces with sound well insulating wood framed glass walls that go from the floor to the ceiling.","breadcrumb":{"@id":"https:\/\/en.hslgroup.fi\/portfolio\/tietotie-6-espoo\/#breadcrumb"},"inLanguage":"en-GB","potentialAction":[{"@type":"ReadAction","target":["https:\/\/en.hslgroup.fi\/portfolio\/tietotie-6-espoo\/"]}]},{"@type":"BreadcrumbList","@id":"https:\/\/en.hslgroup.fi\/portfolio\/tietotie-6-espoo\/#breadcrumb","itemListElement":[{"@type":"ListItem","position":1,"name":"Etusivu","item":"https:\/\/en.hslgroup.fi\/fi\/"},{"@type":"ListItem","position":2,"name":"Referenssit","item":"https:\/\/en.hslgroup.fi\/portfolio\/"},{"@type":"ListItem","position":3,"name":"Tietotie 6 Espoo"}]},{"@type":"WebSite","@id":"https:\/\/en.hslgroup.fi\/en\/#website","url":"https:\/\/en.hslgroup.fi\/en\/","name":"HSL Group LLC","description":"J\u00e4rjestelm\u00e4v\u00e4lisein\u00e4t, siirtosein\u00e4t ja minitilaratkaisut","publisher":{"@id":"https:\/\/en.hslgroup.fi\/en\/#organization"},"potentialAction":[{"@type":"SearchAction","target":{"@type":"EntryPoint","urlTemplate":"https:\/\/en.hslgroup.fi\/en\/?s={search_term_string}"},"query-input":{"@type":"PropertyValueSpecification","valueRequired":true,"valueName":"search_term_string"}}],"inLanguage":"en-GB"},{"@type":"Organization","@id":"https:\/\/en.hslgroup.fi\/en\/#organization","name":"HSL Group LLC","url":"https:\/\/en.hslgroup.fi\/en\/","logo":{"@type":"ImageObject","inLanguage":"en-GB","@id":"https:\/\/en.hslgroup.fi\/en\/#\/schema\/logo\/image\/","url":"https:\/\/en.hslgroup.fi\/wp-content\/uploads\/2016\/07\/hsl_logo.jpg","contentUrl":"https:\/\/en.hslgroup.fi\/wp-content\/uploads\/2016\/07\/hsl_logo.jpg","width":125,"height":60,"caption":"HSL Group Oy"},"image":{"@id":"https:\/\/en.hslgroup.fi\/en\/#\/schema\/logo\/image\/"},"sameAs":["https:\/\/facebook.com\/hslgroupoy","https:\/\/linkedin.com\/company\/hsl-group"]}]}},"_links":{"self":[{"href":"https:\/\/en.hslgroup.fi\/en\/wp-json\/wp\/v2\/pages\/1431","targetHints":{"allow":["GET"]}}],"collection":[{"href":"https:\/\/en.hslgroup.fi\/en\/wp-json\/wp\/v2\/pages"}],"about":[{"href":"https:\/\/en.hslgroup.fi\/en\/wp-json\/wp\/v2\/types\/page"}],"author":[{"embeddable":true,"href":"https:\/\/en.hslgroup.fi\/en\/wp-json\/wp\/v2\/users\/1"}],"replies":[{"embeddable":true,"href":"https:\/\/en.hslgroup.fi\/en\/wp-json\/wp\/v2\/comments?post=1431"}],"version-history":[{"count":5,"href":"https:\/\/en.hslgroup.fi\/en\/wp-json\/wp\/v2\/pages\/1431\/revisions"}],"predecessor-version":[{"id":2519,"href":"https:\/\/en.hslgroup.fi\/en\/wp-json\/wp\/v2\/pages\/1431\/revisions\/2519"}],"up":[{"embeddable":true,"href":"https:\/\/en.hslgroup.fi\/en\/wp-json\/wp\/v2\/pages\/52"}],"wp:attachment":[{"href":"https:\/\/en.hslgroup.fi\/en\/wp-json\/wp\/v2\/media?parent=1431"}],"curies":[{"name":"wp","href":"https:\/\/api.w.org\/{rel}","templated":true}]}}