{"id":1384,"date":"2020-04-24T12:44:43","date_gmt":"2020-04-24T09:44:43","guid":{"rendered":"https:\/\/en.hslgroup.fi\/?page_id=1384"},"modified":"2022-03-18T12:27:04","modified_gmt":"2022-03-18T10:27:04","slug":"myllypuros-campus","status":"publish","type":"page","link":"https:\/\/en.hslgroup.fi\/en\/portfolio\/myllypuros-campus\/","title":{"rendered":"Myllypuro\u00b4s campus"},"content":{"rendered":"\n[et_pb_section fb_built=&#8221;1&#8243; admin_label=&#8221;section&#8221; _builder_version=&#8221;3.22&#8243;][et_pb_row admin_label=&#8221;Rivi&#8221; _builder_version=&#8221;3.25&#8243; background_size=&#8221;initial&#8221; background_position=&#8221;top_left&#8221; background_repeat=&#8221;repeat&#8221;][et_pb_column type=&#8221;4_4&#8243; _builder_version=&#8221;3.25&#8243; custom_padding=&#8221;|||&#8221; custom_padding__hover=&#8221;|||&#8221;][et_pb_text admin_label=&#8221;Teksti&#8221; _builder_version=&#8221;3.27.4&#8243; background_size=&#8221;initial&#8221; background_position=&#8221;top_left&#8221; background_repeat=&#8221;repeat&#8221; use_border_color=&#8221;off&#8221; border_color=&#8221;#ffffff&#8221; border_style=&#8221;solid&#8221;]<h1>Myllypuron Kampus Helsinki<\/h1>[\/et_pb_text][\/et_pb_column][\/et_pb_row][et_pb_row admin_label=&#8221;Rivi&#8221; _builder_version=&#8221;3.25&#8243; background_size=&#8221;initial&#8221; background_position=&#8221;top_left&#8221; background_repeat=&#8221;repeat&#8221;][et_pb_column type=&#8221;4_4&#8243; _builder_version=&#8221;3.25&#8243; custom_padding=&#8221;|||&#8221; custom_padding__hover=&#8221;|||&#8221;][et_pb_image src=&#8221;https:\/\/en.hslgroup.fi\/wp-content\/uploads\/2020\/04\/metropolia_myllypuro_campus_j\u00e4rjestelm\u00e4v\u00e4lisein\u00e4t.jpg&#8221; alt=&#8221;ECHA HSL j\u00e4rjestelm\u00e4v\u00e4lisein\u00e4t&#8221; title_text=&#8221;ECHA HSL j\u00e4rjestelm\u00e4v\u00e4lisein\u00e4t&#8221; align_tablet=&#8221;center&#8221; align_phone=&#8221;&#8221; align_last_edited=&#8221;on|desktop&#8221; admin_label=&#8221;Kuva&#8221; _builder_version=&#8221;4.0.9&#8243; animation_style=&#8221;slide&#8221; animation_direction=&#8221;left&#8221; animation_duration=&#8221;500ms&#8221; animation_intensity_slide=&#8221;10%&#8221; hover_enabled=&#8221;0&#8243; use_border_color=&#8221;off&#8221; border_color=&#8221;#ffffff&#8221; border_style=&#8221;solid&#8221; animation=&#8221;left&#8221; sticky=&#8221;off&#8221; always_center_on_mobile=&#8221;on&#8221;] [\/et_pb_image][\/et_pb_column][\/et_pb_row][et_pb_row admin_label=&#8221;row&#8221; _builder_version=&#8221;3.25&#8243; background_size=&#8221;initial&#8221; background_position=&#8221;top_left&#8221; background_repeat=&#8221;repeat&#8221;][et_pb_column type=&#8221;4_4&#8243; _builder_version=&#8221;3.25&#8243; custom_padding=&#8221;|||&#8221; custom_padding__hover=&#8221;|||&#8221;][et_pb_text admin_label=&#8221;Teksti&#8221; _builder_version=&#8221;4.0.9&#8243; background_size=&#8221;initial&#8221; background_position=&#8221;top_left&#8221; background_repeat=&#8221;repeat&#8221; hover_enabled=&#8221;0&#8243; use_border_color=&#8221;off&#8221; border_color=&#8221;#ffffff&#8221; border_style=&#8221;solid&#8221;]<p>Uusi Myllypuron kampus on Metropolia ammattikorkeakoulun suurin oppilaitos. Se koostuu nelj\u00e4st\u00e4 U:n mallisesta, n\u00e4ytt\u00e4vill\u00e4 lasisilloilla toisiinsa kytkeytyv\u00e4st\u00e4 uudisrakennuksesta, joiden koko on yhteens\u00e4 56 000 bruttoneli\u00f6metri\u00e4. Suuret kaarevilla ulkopinnoilla toteutetut rakennukset kohoavat aina 48 metrin korkeuteen saakka, joten kokonaisuus on vaikuttava.<\/p>\n<p>Kampuksella opiskellaan sosiaali- ja terveysalaa sek\u00e4 kiinteist\u00f6- ja rakennusalaa. Kampus kokoaa yhteen noin 500 ty\u00f6ntekij\u00e4\u00e4 ja 6000 opiskelijaa.<\/p>\n<p><strong>Tavoitteena muunneltavat ja monik\u00e4ytt\u00f6iset tilat<\/strong><\/p>\n<p>Kohteen suunnittelun tavoitteena oli tilojen monik\u00e4ytt\u00f6isyys ja se, ett\u00e4 tilaratkaisut joustavat my\u00f6s tulevaisuudessa. Kampuksella on paljon avoimia oppimisymp\u00e4rist\u00f6j\u00e4, mutta my\u00f6s eri tarkoituksiin r\u00e4\u00e4t\u00e4l\u00f6ityj\u00e4 erikoistiloja. Esimerkiksi sosiaali- ja terveysalan oppimisymp\u00e4rist\u00f6iss\u00e4 sijaitsee kaikki terveydenhuollon tasot ja niist\u00e4 muodostui Euroopan suurin simulaatiosairaala. Osassa terveydenhuollon tiloissa vastaanotetaan ihan oikeita asiakkaita.<\/p>\n<p>Rakennusten luonnonvaloa tulvivalle ulkokeh\u00e4lle sijoitettiin muuntojoustavat huonerivit, joiden v\u00e4lisein\u00e4-elementtej\u00e4 voidaan tarpeen mukaan lis\u00e4t\u00e4 tai poistaa. Rakennusten keskell\u00e4 on lasiseinill\u00e4 varustettuja opetustiloja sek\u00e4 niihin liitettyj\u00e4 ikkunattomia aputiloja.<\/p>\n<p>Kampuksen muuntojoustavat huone- ja opetustilat toteutettiin HSL Groupin modulaarisilla puulasij\u00e4rjestelm\u00e4seinill\u00e4 ja niihin liitetyill\u00e4 s\u00e4hk\u00f6pielill\u00e4 ja ovilla. \u00c4\u00e4nt\u00e4 erist\u00e4v\u00e4t lasisein\u00e4t soveltuvat ominaisuuksiensa puolesta hyvin vaativaan ymp\u00e4rist\u00f6\u00f6n. Seinien puitteet s\u00e4vytettiin v\u00e4risuunnitelman mukaisesti muuhun ymp\u00e4rist\u00f6\u00f6n sopiviksi.<\/p>\n<p>Moduulirakenteen ansiosta tilojen muuntelu on tulevaisuuden tarpeiden mukaan nopeaa ja p\u00f6lyt\u00f6nt\u00e4, jolloin siit\u00e4 aiheutuu mahdollisimman v\u00e4h\u00e4n rajoitteita tilojen normaalille k\u00e4yt\u00f6lle. HSL Group toimittaa j\u00e4rjestelm\u00e4sein\u00e4t ja muut tilaratkaisut elinkaarimallilla, eli HSL:n kokeneet ammattilaiset vastaavat tarvittaessa esimerkiksi tilojen tulevien muutost\u00f6iden toteutuksesta koko niiden elinkaaren ajan.<\/p>\n[\/et_pb_text][\/et_pb_column][\/et_pb_row][et_pb_row admin_label=&#8221;Rivi&#8221; _builder_version=&#8221;3.25&#8243; background_size=&#8221;initial&#8221; background_position=&#8221;top_left&#8221; background_repeat=&#8221;repeat&#8221; hover_enabled=&#8221;0&#8243;][et_pb_column type=&#8221;4_4&#8243; _builder_version=&#8221;3.25&#8243; custom_padding=&#8221;|||&#8221; custom_padding__hover=&#8221;|||&#8221;][et_pb_gallery gallery_ids=&#8221;1391,1392,1401,1400,1397,1393,1396,1395,1394,1399,1398&#8243; posts_number=&#8221;11&#8243; show_title_and_caption=&#8221;off&#8221; show_pagination=&#8221;off&#8221; admin_label=&#8221;Galleria&#8221; _builder_version=&#8221;4.0.9&#8243; hover_enabled=&#8221;0&#8243; use_border_color=&#8221;off&#8221; border_color=&#8221;#ffffff&#8221; border_style=&#8221;solid&#8221;] [\/et_pb_gallery][\/et_pb_column][\/et_pb_row][\/et_pb_section]\n","protected":false},"excerpt":{"rendered":"<p>Myllypuron Kampus Helsinki Uusi Myllypuron kampus on Metropolia ammattikorkeakoulun suurin oppilaitos. Se koostuu nelj\u00e4st\u00e4 U:n mallisesta, n\u00e4ytt\u00e4vill\u00e4 lasisilloilla toisiinsa kytkeytyv\u00e4st\u00e4 uudisrakennuksesta, joiden koko on yhteens\u00e4 56 000 bruttoneli\u00f6metri\u00e4. Suuret kaarevilla ulkopinnoilla toteutetut rakennukset kohoavat aina 48 metrin korkeuteen saakka, joten kokonaisuus on vaikuttava. Kampuksella opiskellaan sosiaali- ja terveysalaa sek\u00e4 kiinteist\u00f6- ja rakennusalaa. Kampus kokoaa yhteen [&hellip;]<\/p>\n","protected":false},"author":1,"featured_media":0,"parent":52,"menu_order":0,"comment_status":"closed","ping_status":"closed","template":"","meta":{"_et_pb_use_builder":"on","_et_pb_old_content":"","_et_gb_content_width":"","footnotes":""},"class_list":["post-1384","page","type-page","status-publish","hentry"],"yoast_head":"<!-- This site is optimized with the Yoast SEO plugin v27.3 - https:\/\/yoast.com\/product\/yoast-seo-wordpress\/ -->\n<title>Myllypuron kampus muuntojoustavat huone- ja opetustilat - HSL Group Oy<\/title>\n<meta name=\"description\" content=\"Myllypuron Kampuksen muuntojoustavat huone- ja opetustilat toteutettiin \u00e4\u00e4nt\u00e4 tehokkaasti erist\u00e4vill\u00e4 puulasij\u00e4rjestelm\u00e4seinill\u00e4\" \/>\n<meta name=\"robots\" content=\"index, follow, max-snippet:-1, max-image-preview:large, max-video-preview:-1\" \/>\n<link rel=\"canonical\" href=\"https:\/\/en.hslgroup.fi\/en\/portfolio\/myllypuros-campus\/\" \/>\n<meta property=\"og:locale\" content=\"en_GB\" \/>\n<meta property=\"og:type\" content=\"article\" \/>\n<meta property=\"og:title\" content=\"Myllypuron kampus muuntojoustavat huone- ja opetustilat - HSL Group Oy\" \/>\n<meta property=\"og:description\" content=\"Myllypuron Kampuksen muuntojoustavat huone- ja opetustilat toteutettiin \u00e4\u00e4nt\u00e4 tehokkaasti erist\u00e4vill\u00e4 puulasij\u00e4rjestelm\u00e4seinill\u00e4\" \/>\n<meta property=\"og:url\" content=\"https:\/\/en.hslgroup.fi\/en\/portfolio\/myllypuros-campus\/\" \/>\n<meta property=\"og:site_name\" content=\"HSL Group Oy\" \/>\n<meta property=\"article:publisher\" content=\"https:\/\/facebook.com\/hslgroupoy\" \/>\n<meta property=\"article:modified_time\" content=\"2022-03-18T10:27:04+00:00\" \/>\n<meta name=\"twitter:card\" content=\"summary_large_image\" \/>\n<meta name=\"twitter:label1\" content=\"Estimated reading time\" \/>\n\t<meta name=\"twitter:data1\" content=\"2 minutes\" \/>\n<script type=\"application\/ld+json\" class=\"yoast-schema-graph\">{\"@context\":\"https:\\\/\\\/schema.org\",\"@graph\":[{\"@type\":\"WebPage\",\"@id\":\"https:\\\/\\\/en.hslgroup.fi\\\/portfolio\\\/myllypuros-campus\\\/\",\"url\":\"https:\\\/\\\/en.hslgroup.fi\\\/portfolio\\\/myllypuros-campus\\\/\",\"name\":\"Myllypuron kampus muuntojoustavat huone- ja opetustilat - HSL Group Oy\",\"isPartOf\":{\"@id\":\"https:\\\/\\\/en.hslgroup.fi\\\/en\\\/#website\"},\"datePublished\":\"2020-04-24T09:44:43+00:00\",\"dateModified\":\"2022-03-18T10:27:04+00:00\",\"description\":\"Myllypuron Kampuksen muuntojoustavat huone- ja opetustilat toteutettiin \u00e4\u00e4nt\u00e4 tehokkaasti erist\u00e4vill\u00e4 puulasij\u00e4rjestelm\u00e4seinill\u00e4\",\"breadcrumb\":{\"@id\":\"https:\\\/\\\/en.hslgroup.fi\\\/portfolio\\\/myllypuros-campus\\\/#breadcrumb\"},\"inLanguage\":\"en-GB\",\"potentialAction\":[{\"@type\":\"ReadAction\",\"target\":[\"https:\\\/\\\/en.hslgroup.fi\\\/portfolio\\\/myllypuros-campus\\\/\"]}]},{\"@type\":\"BreadcrumbList\",\"@id\":\"https:\\\/\\\/en.hslgroup.fi\\\/portfolio\\\/myllypuros-campus\\\/#breadcrumb\",\"itemListElement\":[{\"@type\":\"ListItem\",\"position\":1,\"name\":\"Etusivu\",\"item\":\"https:\\\/\\\/en.hslgroup.fi\\\/fi\\\/\"},{\"@type\":\"ListItem\",\"position\":2,\"name\":\"Referenssit\",\"item\":\"https:\\\/\\\/en.hslgroup.fi\\\/portfolio\\\/\"},{\"@type\":\"ListItem\",\"position\":3,\"name\":\"Myllypuron kampus\"}]},{\"@type\":\"WebSite\",\"@id\":\"https:\\\/\\\/en.hslgroup.fi\\\/en\\\/#website\",\"url\":\"https:\\\/\\\/en.hslgroup.fi\\\/en\\\/\",\"name\":\"HSL Group Oy\",\"description\":\"J\u00e4rjestelm\u00e4v\u00e4lisein\u00e4t, siirtosein\u00e4t ja minitilaratkaisut\",\"publisher\":{\"@id\":\"https:\\\/\\\/en.hslgroup.fi\\\/en\\\/#organization\"},\"potentialAction\":[{\"@type\":\"SearchAction\",\"target\":{\"@type\":\"EntryPoint\",\"urlTemplate\":\"https:\\\/\\\/en.hslgroup.fi\\\/en\\\/?s={search_term_string}\"},\"query-input\":{\"@type\":\"PropertyValueSpecification\",\"valueRequired\":true,\"valueName\":\"search_term_string\"}}],\"inLanguage\":\"en-GB\"},{\"@type\":\"Organization\",\"@id\":\"https:\\\/\\\/en.hslgroup.fi\\\/en\\\/#organization\",\"name\":\"HSL Group Oy\",\"url\":\"https:\\\/\\\/en.hslgroup.fi\\\/en\\\/\",\"logo\":{\"@type\":\"ImageObject\",\"inLanguage\":\"en-GB\",\"@id\":\"https:\\\/\\\/en.hslgroup.fi\\\/en\\\/#\\\/schema\\\/logo\\\/image\\\/\",\"url\":\"https:\\\/\\\/en.hslgroup.fi\\\/wp-content\\\/uploads\\\/2016\\\/07\\\/hsl_logo.jpg\",\"contentUrl\":\"https:\\\/\\\/en.hslgroup.fi\\\/wp-content\\\/uploads\\\/2016\\\/07\\\/hsl_logo.jpg\",\"width\":125,\"height\":60,\"caption\":\"HSL Group Oy\"},\"image\":{\"@id\":\"https:\\\/\\\/en.hslgroup.fi\\\/en\\\/#\\\/schema\\\/logo\\\/image\\\/\"},\"sameAs\":[\"https:\\\/\\\/facebook.com\\\/hslgroupoy\",\"https:\\\/\\\/linkedin.com\\\/company\\\/hsl-group\"]}]}<\/script>\n<!-- \/ Yoast SEO plugin. -->","yoast_head_json":{"title":"Myllypuro's campus transformation flexible room- and teaching spaces - HSL Group LLC","description":"Myllypuro's Campus transformation flexible room- and teaching spaces were implemented with effectively sound insulating wood framed glass partition wall systems.","robots":{"index":"index","follow":"follow","max-snippet":"max-snippet:-1","max-image-preview":"max-image-preview:large","max-video-preview":"max-video-preview:-1"},"canonical":"https:\/\/en.hslgroup.fi\/en\/portfolio\/myllypuros-campus\/","og_locale":"en_GB","og_type":"article","og_title":"Myllypuron kampus muuntojoustavat huone- ja opetustilat - HSL Group Oy","og_description":"Myllypuron Kampuksen muuntojoustavat huone- ja opetustilat toteutettiin \u00e4\u00e4nt\u00e4 tehokkaasti erist\u00e4vill\u00e4 puulasij\u00e4rjestelm\u00e4seinill\u00e4","og_url":"https:\/\/en.hslgroup.fi\/en\/portfolio\/myllypuros-campus\/","og_site_name":"HSL Group Oy","article_publisher":"https:\/\/facebook.com\/hslgroupoy","article_modified_time":"2022-03-18T10:27:04+00:00","twitter_card":"summary_large_image","twitter_misc":{"Estimated reading time":"2 minutes"},"schema":{"@context":"https:\/\/schema.org","@graph":[{"@type":"WebPage","@id":"https:\/\/en.hslgroup.fi\/portfolio\/myllypuros-campus\/","url":"https:\/\/en.hslgroup.fi\/portfolio\/myllypuros-campus\/","name":"Myllypuro's campus transformation flexible room- and teaching spaces - HSL Group LLC","isPartOf":{"@id":"https:\/\/en.hslgroup.fi\/en\/#website"},"datePublished":"2020-04-24T09:44:43+00:00","dateModified":"2022-03-18T10:27:04+00:00","description":"Myllypuro's Campus transformation flexible room- and teaching spaces were implemented with effectively sound insulating wood framed glass partition wall systems.","breadcrumb":{"@id":"https:\/\/en.hslgroup.fi\/portfolio\/myllypuros-campus\/#breadcrumb"},"inLanguage":"en-GB","potentialAction":[{"@type":"ReadAction","target":["https:\/\/en.hslgroup.fi\/portfolio\/myllypuros-campus\/"]}]},{"@type":"BreadcrumbList","@id":"https:\/\/en.hslgroup.fi\/portfolio\/myllypuros-campus\/#breadcrumb","itemListElement":[{"@type":"ListItem","position":1,"name":"Etusivu","item":"https:\/\/en.hslgroup.fi\/fi\/"},{"@type":"ListItem","position":2,"name":"Referenssit","item":"https:\/\/en.hslgroup.fi\/portfolio\/"},{"@type":"ListItem","position":3,"name":"Myllypuron kampus"}]},{"@type":"WebSite","@id":"https:\/\/en.hslgroup.fi\/en\/#website","url":"https:\/\/en.hslgroup.fi\/en\/","name":"HSL Group LLC","description":"J\u00e4rjestelm\u00e4v\u00e4lisein\u00e4t, siirtosein\u00e4t ja minitilaratkaisut","publisher":{"@id":"https:\/\/en.hslgroup.fi\/en\/#organization"},"potentialAction":[{"@type":"SearchAction","target":{"@type":"EntryPoint","urlTemplate":"https:\/\/en.hslgroup.fi\/en\/?s={search_term_string}"},"query-input":{"@type":"PropertyValueSpecification","valueRequired":true,"valueName":"search_term_string"}}],"inLanguage":"en-GB"},{"@type":"Organization","@id":"https:\/\/en.hslgroup.fi\/en\/#organization","name":"HSL Group LLC","url":"https:\/\/en.hslgroup.fi\/en\/","logo":{"@type":"ImageObject","inLanguage":"en-GB","@id":"https:\/\/en.hslgroup.fi\/en\/#\/schema\/logo\/image\/","url":"https:\/\/en.hslgroup.fi\/wp-content\/uploads\/2016\/07\/hsl_logo.jpg","contentUrl":"https:\/\/en.hslgroup.fi\/wp-content\/uploads\/2016\/07\/hsl_logo.jpg","width":125,"height":60,"caption":"HSL Group Oy"},"image":{"@id":"https:\/\/en.hslgroup.fi\/en\/#\/schema\/logo\/image\/"},"sameAs":["https:\/\/facebook.com\/hslgroupoy","https:\/\/linkedin.com\/company\/hsl-group"]}]}},"_links":{"self":[{"href":"https:\/\/en.hslgroup.fi\/en\/wp-json\/wp\/v2\/pages\/1384","targetHints":{"allow":["GET"]}}],"collection":[{"href":"https:\/\/en.hslgroup.fi\/en\/wp-json\/wp\/v2\/pages"}],"about":[{"href":"https:\/\/en.hslgroup.fi\/en\/wp-json\/wp\/v2\/types\/page"}],"author":[{"embeddable":true,"href":"https:\/\/en.hslgroup.fi\/en\/wp-json\/wp\/v2\/users\/1"}],"replies":[{"embeddable":true,"href":"https:\/\/en.hslgroup.fi\/en\/wp-json\/wp\/v2\/comments?post=1384"}],"version-history":[{"count":4,"href":"https:\/\/en.hslgroup.fi\/en\/wp-json\/wp\/v2\/pages\/1384\/revisions"}],"predecessor-version":[{"id":2520,"href":"https:\/\/en.hslgroup.fi\/en\/wp-json\/wp\/v2\/pages\/1384\/revisions\/2520"}],"up":[{"embeddable":true,"href":"https:\/\/en.hslgroup.fi\/en\/wp-json\/wp\/v2\/pages\/52"}],"wp:attachment":[{"href":"https:\/\/en.hslgroup.fi\/en\/wp-json\/wp\/v2\/media?parent=1384"}],"curies":[{"name":"wp","href":"https:\/\/api.w.org\/{rel}","templated":true}]}}