{"id":1334,"date":"2020-03-18T14:18:12","date_gmt":"2020-03-18T12:18:12","guid":{"rendered":"https:\/\/en.hslgroup.fi\/?page_id=1334"},"modified":"2022-03-18T12:44:00","modified_gmt":"2022-03-18T10:44:00","slug":"european-chemicals-agencys-echa","status":"publish","type":"page","link":"https:\/\/en.hslgroup.fi\/en\/portfolio\/european-chemicals-agencys-echa\/","title":{"rendered":"European Chemicals Agency"},"content":{"rendered":"[et_pb_section fb_built=&#8221;1&#8243; admin_label=&#8221;section&#8221; _builder_version=&#8221;4.15&#8243; global_colors_info=&#8221;{}&#8221;][et_pb_row admin_label=&#8221;Rivi&#8221; _builder_version=&#8221;4.15&#8243; background_size=&#8221;initial&#8221; background_position=&#8221;top_left&#8221; background_repeat=&#8221;repeat&#8221; global_colors_info=&#8221;{}&#8221;][et_pb_column type=&#8221;4_4&#8243; _builder_version=&#8221;4.15&#8243; custom_padding=&#8221;|||&#8221; global_colors_info=&#8221;{}&#8221; custom_padding__hover=&#8221;|||&#8221;][et_pb_text admin_label=&#8221;Teksti&#8221; _builder_version=&#8221;4.15&#8243; background_size=&#8221;initial&#8221; background_position=&#8221;top_left&#8221; background_repeat=&#8221;repeat&#8221; use_border_color=&#8221;off&#8221; border_color=&#8221;#ffffff&#8221; border_style=&#8221;solid&#8221; global_colors_info=&#8221;{}&#8221;]\n<h1>Euroopan kemikaalivirasto ECHA Telakkaranta<\/h1>\n[\/et_pb_text][\/et_pb_column][\/et_pb_row][et_pb_row admin_label=&#8221;Rivi&#8221; _builder_version=&#8221;4.15&#8243; background_size=&#8221;initial&#8221; background_position=&#8221;top_left&#8221; background_repeat=&#8221;repeat&#8221; global_colors_info=&#8221;{}&#8221;][et_pb_column type=&#8221;4_4&#8243; _builder_version=&#8221;4.15&#8243; custom_padding=&#8221;|||&#8221; global_colors_info=&#8221;{}&#8221; custom_padding__hover=&#8221;|||&#8221;][et_pb_image src=&#8221;https:\/\/en.hslgroup.fi\/wp-content\/uploads\/2020\/03\/Echa-HSL-j\u00e4rjestelm\u00e4v\u00e4lisein\u00e4t.jpg&#8221; alt=&#8221;ECHA HSL j\u00e4rjestelm\u00e4v\u00e4lisein\u00e4t&#8221; title_text=&#8221;ECHA HSL j\u00e4rjestelm\u00e4v\u00e4lisein\u00e4t&#8221; align_tablet=&#8221;center&#8221; align_phone=&#8221;&#8221; align_last_edited=&#8221;on|desktop&#8221; admin_label=&#8221;Kuva&#8221; _builder_version=&#8221;4.15&#8243; animation_style=&#8221;slide&#8221; animation_direction=&#8221;left&#8221; animation_duration=&#8221;500ms&#8221; animation_intensity_slide=&#8221;10%&#8221; use_border_color=&#8221;off&#8221; border_color=&#8221;#ffffff&#8221; border_style=&#8221;solid&#8221; animation=&#8221;left&#8221; sticky=&#8221;off&#8221; always_center_on_mobile=&#8221;on&#8221; global_colors_info=&#8221;{}&#8221;] [\/et_pb_image][\/et_pb_column][\/et_pb_row][et_pb_row admin_label=&#8221;row&#8221; _builder_version=&#8221;4.15&#8243; background_size=&#8221;initial&#8221; background_position=&#8221;top_left&#8221; background_repeat=&#8221;repeat&#8221; global_colors_info=&#8221;{}&#8221;][et_pb_column type=&#8221;4_4&#8243; _builder_version=&#8221;4.15&#8243; custom_padding=&#8221;|||&#8221; global_colors_info=&#8221;{}&#8221; custom_padding__hover=&#8221;|||&#8221;][et_pb_text admin_label=&#8221;Teksti&#8221; _builder_version=&#8221;4.15.0&#8243; background_size=&#8221;initial&#8221; background_position=&#8221;top_left&#8221; background_repeat=&#8221;repeat&#8221; hover_enabled=&#8221;0&#8243; use_border_color=&#8221;off&#8221; border_color=&#8221;#ffffff&#8221; border_style=&#8221;solid&#8221; global_colors_info=&#8221;{}&#8221; sticky_enabled=&#8221;0&#8243;]\n<p>Helsingin telakkarantaan valmistui viime vuoden lopulla ainutlaatuinen toimistohanke Euroopan kemikaalivirasto ECHA:n k\u00e4ytt\u00f6\u00f6n. Kohteessa yhdistyy hienolla tavalla alueen vanhat suojellut rakennukset sek\u00e4 n\u00e4ihin saumattomasti liittyv\u00e4 moderni uudisrakennusosa. Kohteen julkisivun haluttiin istuvan alueen teollisuusmilj\u00f6\u00f6seen ja siin\u00e4 onkin k\u00e4ytetty paljon ter\u00e4st\u00e4. Vanhojen rakennusten suojeltu punatiilirunko on yh\u00e4 esill\u00e4 rakennuksen julkisivussa sek\u00e4 rakennuksen sis\u00e4ll\u00e4.<\/p>\n<p><strong>Toimistotilojen muuntojoustavuus ja \u00e4\u00e4nenhallinta keskeisess\u00e4 roolissa<\/strong><\/p>\n<p>Sis\u00e4ll\u00e4 rakennuksen keskell\u00e4 oleva lasikattoinen Atrium on koko rakennuksen korkuinen. Sen ymp\u00e4rille rakentui modernit toimistotilat, joiden suunnittelussa keskeisi\u00e4 kriteereit\u00e4 olivat tilojen \u00e4\u00e4nenhallinta, muunneltavuus ja mahdollisuus hy\u00f6dynt\u00e4\u00e4 erilaisia kalusteratkaisuja.<\/p>\n<p>Toimistotilojen \u00e4\u00e4nenhallinnassa hy\u00f6dynnet\u00e4\u00e4n katon villalevyj\u00e4 ja lattioiden tekstiilimattoja. Toimistotilojen muunneltavuus avokonttorista pienempiin tiloihin ratkaistiin HSL Groupin j\u00e4rjestelm\u00e4v\u00e4liseinill\u00e4. Ty\u00f6rauha ja yksityisyys taataan vaatimusten mukaan \u00e4\u00e4nieristysluokitelluilla seinill\u00e4 ja niihin liitetyill\u00e4 desibeliovilla.<\/p>\n<p>Kohteen j\u00e4rjestelm\u00e4lisein\u00e4t ovat puitteiltaan tummiksi s\u00e4vytettyj\u00e4 <a href=\"\/tuotteet\/puulasiseinat\/\">puulasiseini\u00e4<\/a>, valkoisia umpiseini\u00e4 sek\u00e4 vaalealla puuviilulla pinnoitettuja ovia s\u00e4hk\u00f6pielineen. Atriumin valo kulkee ty\u00f6huoneisiin esteett\u00e4 laajojen lasipintojen ansiosta. Toimitetut rakenteet toistavat muiden sis\u00e4tilojen v\u00e4rimaailmaa ja istuvat hienosti yhteen sek\u00e4 modernin uudisosan ja ajan patinoiman tiilisein\u00e4n kanssa.<\/p>\n<p>Moduulirakenteen ansiosta ty\u00f6tilojen muuntelu on tulevaisuuden tarpeiden mukaan helppoa. Tarvittavat muutosty\u00f6t toteutetaan nopeasti ja p\u00f6lytt\u00f6m\u00e4sti HSL Groupin ammattilaisten toimesta.<\/p>\n[\/et_pb_text][\/et_pb_column][\/et_pb_row][et_pb_row admin_label=&#8221;Rivi&#8221; _builder_version=&#8221;4.15&#8243; background_size=&#8221;initial&#8221; background_position=&#8221;top_left&#8221; background_repeat=&#8221;repeat&#8221; global_colors_info=&#8221;{}&#8221;][et_pb_column type=&#8221;4_4&#8243; _builder_version=&#8221;4.15&#8243; custom_padding=&#8221;|||&#8221; global_colors_info=&#8221;{}&#8221; custom_padding__hover=&#8221;|||&#8221;][et_pb_gallery gallery_ids=&#8221;1341,1338,1358,1339,1340&#8243; posts_number=&#8221;5&#8243; show_title_and_caption=&#8221;off&#8221; show_pagination=&#8221;off&#8221; admin_label=&#8221;Galleria&#8221; _builder_version=&#8221;4.15&#8243; use_border_color=&#8221;off&#8221; border_color=&#8221;#ffffff&#8221; border_style=&#8221;solid&#8221; global_colors_info=&#8221;{}&#8221;] [\/et_pb_gallery][\/et_pb_column][\/et_pb_row][\/et_pb_section]\n","protected":false},"excerpt":{"rendered":"<p>Euroopan kemikaalivirasto ECHA Telakkaranta Helsingin telakkarantaan valmistui viime vuoden lopulla ainutlaatuinen toimistohanke Euroopan kemikaalivirasto ECHA:n k\u00e4ytt\u00f6\u00f6n. Kohteessa yhdistyy hienolla tavalla alueen vanhat suojellut rakennukset sek\u00e4 n\u00e4ihin saumattomasti liittyv\u00e4 moderni uudisrakennusosa. Kohteen julkisivun haluttiin istuvan alueen teollisuusmilj\u00f6\u00f6seen ja siin\u00e4 onkin k\u00e4ytetty paljon ter\u00e4st\u00e4. Vanhojen rakennusten suojeltu punatiilirunko on yh\u00e4 esill\u00e4 rakennuksen julkisivussa sek\u00e4 rakennuksen sis\u00e4ll\u00e4. Toimistotilojen [&hellip;]<\/p>\n","protected":false},"author":1,"featured_media":0,"parent":52,"menu_order":0,"comment_status":"closed","ping_status":"closed","template":"","meta":{"_et_pb_use_builder":"on","_et_pb_old_content":"","_et_gb_content_width":"","footnotes":""},"class_list":["post-1334","page","type-page","status-publish","hentry"],"yoast_head":"<!-- This site is optimized with the Yoast SEO plugin v27.3 - https:\/\/yoast.com\/product\/yoast-seo-wordpress\/ -->\n<title>Euroopan kemikaalivirasto modernit j\u00e4rjestelm\u00e4v\u00e4lisein\u00e4t - HSL Group Oy<\/title>\n<meta name=\"description\" content=\"Euroopan kemikaaliviraston telakkarannan toimistotiloihin valittiin HSL Groupin kotimaiset ja modernit j\u00e4rjestelm\u00e4v\u00e4lisein\u00e4t\" \/>\n<meta name=\"robots\" content=\"index, follow, max-snippet:-1, max-image-preview:large, max-video-preview:-1\" \/>\n<link rel=\"canonical\" href=\"https:\/\/en.hslgroup.fi\/en\/portfolio\/european-chemicals-agencys-echa\/\" \/>\n<meta property=\"og:locale\" content=\"en_GB\" \/>\n<meta property=\"og:type\" content=\"article\" \/>\n<meta property=\"og:title\" content=\"Euroopan kemikaalivirasto modernit j\u00e4rjestelm\u00e4v\u00e4lisein\u00e4t - HSL Group Oy\" \/>\n<meta property=\"og:description\" content=\"Euroopan kemikaaliviraston telakkarannan toimistotiloihin valittiin HSL Groupin kotimaiset ja modernit j\u00e4rjestelm\u00e4v\u00e4lisein\u00e4t\" \/>\n<meta property=\"og:url\" content=\"https:\/\/en.hslgroup.fi\/en\/portfolio\/european-chemicals-agencys-echa\/\" \/>\n<meta property=\"og:site_name\" content=\"HSL Group Oy\" \/>\n<meta property=\"article:publisher\" content=\"https:\/\/facebook.com\/hslgroupoy\" \/>\n<meta property=\"article:modified_time\" content=\"2022-03-18T10:44:00+00:00\" \/>\n<meta name=\"twitter:card\" content=\"summary_large_image\" \/>\n<meta name=\"twitter:label1\" content=\"Estimated reading time\" \/>\n\t<meta name=\"twitter:data1\" content=\"2 minutes\" \/>\n<script type=\"application\/ld+json\" class=\"yoast-schema-graph\">{\"@context\":\"https:\\\/\\\/schema.org\",\"@graph\":[{\"@type\":\"WebPage\",\"@id\":\"https:\\\/\\\/en.hslgroup.fi\\\/portfolio\\\/european-chemicals-agencys-echa\\\/\",\"url\":\"https:\\\/\\\/en.hslgroup.fi\\\/portfolio\\\/european-chemicals-agencys-echa\\\/\",\"name\":\"Euroopan kemikaalivirasto modernit j\u00e4rjestelm\u00e4v\u00e4lisein\u00e4t - HSL Group Oy\",\"isPartOf\":{\"@id\":\"https:\\\/\\\/en.hslgroup.fi\\\/en\\\/#website\"},\"datePublished\":\"2020-03-18T12:18:12+00:00\",\"dateModified\":\"2022-03-18T10:44:00+00:00\",\"description\":\"Euroopan kemikaaliviraston telakkarannan toimistotiloihin valittiin HSL Groupin kotimaiset ja modernit j\u00e4rjestelm\u00e4v\u00e4lisein\u00e4t\",\"breadcrumb\":{\"@id\":\"https:\\\/\\\/en.hslgroup.fi\\\/portfolio\\\/european-chemicals-agencys-echa\\\/#breadcrumb\"},\"inLanguage\":\"en-GB\",\"potentialAction\":[{\"@type\":\"ReadAction\",\"target\":[\"https:\\\/\\\/en.hslgroup.fi\\\/portfolio\\\/european-chemicals-agencys-echa\\\/\"]}]},{\"@type\":\"BreadcrumbList\",\"@id\":\"https:\\\/\\\/en.hslgroup.fi\\\/portfolio\\\/european-chemicals-agencys-echa\\\/#breadcrumb\",\"itemListElement\":[{\"@type\":\"ListItem\",\"position\":1,\"name\":\"Etusivu\",\"item\":\"https:\\\/\\\/en.hslgroup.fi\\\/fi\\\/\"},{\"@type\":\"ListItem\",\"position\":2,\"name\":\"Referenssit\",\"item\":\"https:\\\/\\\/en.hslgroup.fi\\\/portfolio\\\/\"},{\"@type\":\"ListItem\",\"position\":3,\"name\":\"Euroopan kemikaalivirasto\"}]},{\"@type\":\"WebSite\",\"@id\":\"https:\\\/\\\/en.hslgroup.fi\\\/en\\\/#website\",\"url\":\"https:\\\/\\\/en.hslgroup.fi\\\/en\\\/\",\"name\":\"HSL Group Oy\",\"description\":\"J\u00e4rjestelm\u00e4v\u00e4lisein\u00e4t, siirtosein\u00e4t ja minitilaratkaisut\",\"publisher\":{\"@id\":\"https:\\\/\\\/en.hslgroup.fi\\\/en\\\/#organization\"},\"potentialAction\":[{\"@type\":\"SearchAction\",\"target\":{\"@type\":\"EntryPoint\",\"urlTemplate\":\"https:\\\/\\\/en.hslgroup.fi\\\/en\\\/?s={search_term_string}\"},\"query-input\":{\"@type\":\"PropertyValueSpecification\",\"valueRequired\":true,\"valueName\":\"search_term_string\"}}],\"inLanguage\":\"en-GB\"},{\"@type\":\"Organization\",\"@id\":\"https:\\\/\\\/en.hslgroup.fi\\\/en\\\/#organization\",\"name\":\"HSL Group Oy\",\"url\":\"https:\\\/\\\/en.hslgroup.fi\\\/en\\\/\",\"logo\":{\"@type\":\"ImageObject\",\"inLanguage\":\"en-GB\",\"@id\":\"https:\\\/\\\/en.hslgroup.fi\\\/en\\\/#\\\/schema\\\/logo\\\/image\\\/\",\"url\":\"https:\\\/\\\/en.hslgroup.fi\\\/wp-content\\\/uploads\\\/2016\\\/07\\\/hsl_logo.jpg\",\"contentUrl\":\"https:\\\/\\\/en.hslgroup.fi\\\/wp-content\\\/uploads\\\/2016\\\/07\\\/hsl_logo.jpg\",\"width\":125,\"height\":60,\"caption\":\"HSL Group Oy\"},\"image\":{\"@id\":\"https:\\\/\\\/en.hslgroup.fi\\\/en\\\/#\\\/schema\\\/logo\\\/image\\\/\"},\"sameAs\":[\"https:\\\/\\\/facebook.com\\\/hslgroupoy\",\"https:\\\/\\\/linkedin.com\\\/company\\\/hsl-group\"]}]}<\/script>\n<!-- \/ Yoast SEO plugin. -->","yoast_head_json":{"title":"European Chemicals Agency modern partition wall systems - HSL Group LLC","description":"European Chemicals Agency's Telakkaranta's premises was chosen HSL Groups domestic and modern partition wall systems","robots":{"index":"index","follow":"follow","max-snippet":"max-snippet:-1","max-image-preview":"max-image-preview:large","max-video-preview":"max-video-preview:-1"},"canonical":"https:\/\/en.hslgroup.fi\/en\/portfolio\/european-chemicals-agencys-echa\/","og_locale":"en_GB","og_type":"article","og_title":"Euroopan kemikaalivirasto modernit j\u00e4rjestelm\u00e4v\u00e4lisein\u00e4t - HSL Group Oy","og_description":"Euroopan kemikaaliviraston telakkarannan toimistotiloihin valittiin HSL Groupin kotimaiset ja modernit j\u00e4rjestelm\u00e4v\u00e4lisein\u00e4t","og_url":"https:\/\/en.hslgroup.fi\/en\/portfolio\/european-chemicals-agencys-echa\/","og_site_name":"HSL Group Oy","article_publisher":"https:\/\/facebook.com\/hslgroupoy","article_modified_time":"2022-03-18T10:44:00+00:00","twitter_card":"summary_large_image","twitter_misc":{"Estimated reading time":"2 minutes"},"schema":{"@context":"https:\/\/schema.org","@graph":[{"@type":"WebPage","@id":"https:\/\/en.hslgroup.fi\/portfolio\/european-chemicals-agencys-echa\/","url":"https:\/\/en.hslgroup.fi\/portfolio\/european-chemicals-agencys-echa\/","name":"European Chemicals Agency modern partition wall systems - HSL Group LLC","isPartOf":{"@id":"https:\/\/en.hslgroup.fi\/en\/#website"},"datePublished":"2020-03-18T12:18:12+00:00","dateModified":"2022-03-18T10:44:00+00:00","description":"European Chemicals Agency's Telakkaranta's premises was chosen HSL Groups domestic and modern partition wall systems","breadcrumb":{"@id":"https:\/\/en.hslgroup.fi\/portfolio\/european-chemicals-agencys-echa\/#breadcrumb"},"inLanguage":"en-GB","potentialAction":[{"@type":"ReadAction","target":["https:\/\/en.hslgroup.fi\/portfolio\/european-chemicals-agencys-echa\/"]}]},{"@type":"BreadcrumbList","@id":"https:\/\/en.hslgroup.fi\/portfolio\/european-chemicals-agencys-echa\/#breadcrumb","itemListElement":[{"@type":"ListItem","position":1,"name":"Etusivu","item":"https:\/\/en.hslgroup.fi\/fi\/"},{"@type":"ListItem","position":2,"name":"Referenssit","item":"https:\/\/en.hslgroup.fi\/portfolio\/"},{"@type":"ListItem","position":3,"name":"Euroopan kemikaalivirasto"}]},{"@type":"WebSite","@id":"https:\/\/en.hslgroup.fi\/en\/#website","url":"https:\/\/en.hslgroup.fi\/en\/","name":"HSL Group LLC","description":"J\u00e4rjestelm\u00e4v\u00e4lisein\u00e4t, siirtosein\u00e4t ja minitilaratkaisut","publisher":{"@id":"https:\/\/en.hslgroup.fi\/en\/#organization"},"potentialAction":[{"@type":"SearchAction","target":{"@type":"EntryPoint","urlTemplate":"https:\/\/en.hslgroup.fi\/en\/?s={search_term_string}"},"query-input":{"@type":"PropertyValueSpecification","valueRequired":true,"valueName":"search_term_string"}}],"inLanguage":"en-GB"},{"@type":"Organization","@id":"https:\/\/en.hslgroup.fi\/en\/#organization","name":"HSL Group LLC","url":"https:\/\/en.hslgroup.fi\/en\/","logo":{"@type":"ImageObject","inLanguage":"en-GB","@id":"https:\/\/en.hslgroup.fi\/en\/#\/schema\/logo\/image\/","url":"https:\/\/en.hslgroup.fi\/wp-content\/uploads\/2016\/07\/hsl_logo.jpg","contentUrl":"https:\/\/en.hslgroup.fi\/wp-content\/uploads\/2016\/07\/hsl_logo.jpg","width":125,"height":60,"caption":"HSL Group Oy"},"image":{"@id":"https:\/\/en.hslgroup.fi\/en\/#\/schema\/logo\/image\/"},"sameAs":["https:\/\/facebook.com\/hslgroupoy","https:\/\/linkedin.com\/company\/hsl-group"]}]}},"_links":{"self":[{"href":"https:\/\/en.hslgroup.fi\/en\/wp-json\/wp\/v2\/pages\/1334","targetHints":{"allow":["GET"]}}],"collection":[{"href":"https:\/\/en.hslgroup.fi\/en\/wp-json\/wp\/v2\/pages"}],"about":[{"href":"https:\/\/en.hslgroup.fi\/en\/wp-json\/wp\/v2\/types\/page"}],"author":[{"embeddable":true,"href":"https:\/\/en.hslgroup.fi\/en\/wp-json\/wp\/v2\/users\/1"}],"replies":[{"embeddable":true,"href":"https:\/\/en.hslgroup.fi\/en\/wp-json\/wp\/v2\/comments?post=1334"}],"version-history":[{"count":5,"href":"https:\/\/en.hslgroup.fi\/en\/wp-json\/wp\/v2\/pages\/1334\/revisions"}],"predecessor-version":[{"id":2523,"href":"https:\/\/en.hslgroup.fi\/en\/wp-json\/wp\/v2\/pages\/1334\/revisions\/2523"}],"up":[{"embeddable":true,"href":"https:\/\/en.hslgroup.fi\/en\/wp-json\/wp\/v2\/pages\/52"}],"wp:attachment":[{"href":"https:\/\/en.hslgroup.fi\/en\/wp-json\/wp\/v2\/media?parent=1334"}],"curies":[{"name":"wp","href":"https:\/\/api.w.org\/{rel}","templated":true}]}}