{"id":1232,"date":"2020-01-27T13:15:24","date_gmt":"2020-01-27T11:15:24","guid":{"rendered":"https:\/\/en.hslgroup.fi\/?page_id=1232"},"modified":"2022-03-18T12:52:17","modified_gmt":"2022-03-18T10:52:17","slug":"ahlsell-stores-work-spaces-lahti","status":"publish","type":"page","link":"https:\/\/en.hslgroup.fi\/en\/portfolio\/ahlsell-stores-work-spaces-lahti\/","title":{"rendered":"ahlsell store's work spaces Lahti"},"content":{"rendered":"\n[et_pb_section fb_built=&#8221;1&#8243; admin_label=&#8221;section&#8221; _builder_version=&#8221;3.22&#8243; hover_enabled=&#8221;0&#8243;][et_pb_row admin_label=&#8221;Rivi&#8221; _builder_version=&#8221;3.25&#8243; background_size=&#8221;initial&#8221; background_position=&#8221;top_left&#8221; background_repeat=&#8221;repeat&#8221;][et_pb_column type=&#8221;4_4&#8243; _builder_version=&#8221;3.25&#8243; custom_padding=&#8221;|||&#8221; custom_padding__hover=&#8221;|||&#8221;][et_pb_text admin_label=&#8221;Teksti&#8221; _builder_version=&#8221;4.0.9&#8243; background_size=&#8221;initial&#8221; background_position=&#8221;top_left&#8221; background_repeat=&#8221;repeat&#8221; use_border_color=&#8221;off&#8221; border_color=&#8221;#ffffff&#8221; border_style=&#8221;solid&#8221;]<h1>Ahlsell myym\u00e4l\u00e4n ty\u00f6tilat Lahti<\/h1>[\/et_pb_text][\/et_pb_column][\/et_pb_row][et_pb_row admin_label=&#8221;Rivi&#8221; _builder_version=&#8221;3.25&#8243; background_size=&#8221;initial&#8221; background_position=&#8221;top_left&#8221; background_repeat=&#8221;repeat&#8221;][et_pb_column type=&#8221;4_4&#8243; _builder_version=&#8221;3.25&#8243; custom_padding=&#8221;|||&#8221; custom_padding__hover=&#8221;|||&#8221;][et_pb_image src=&#8221;https:\/\/en.hslgroup.fi\/wp-content\/uploads\/2020\/01\/Ahlsell-edited-full-850&#215;670-1.jpg&#8221; title_text=&#8221;Ahlsell myym\u00e4l\u00e4n ty\u00f6tilat&#8221; align_tablet=&#8221;center&#8221; align_phone=&#8221;&#8221; align_last_edited=&#8221;on|desktop&#8221; admin_label=&#8221;Kuva&#8221; _builder_version=&#8221;4.0.9&#8243; animation_style=&#8221;slide&#8221; animation_direction=&#8221;left&#8221; animation_duration=&#8221;500ms&#8221; animation_intensity_slide=&#8221;10%&#8221; hover_enabled=&#8221;0&#8243; use_border_color=&#8221;off&#8221; border_color=&#8221;#ffffff&#8221; border_style=&#8221;solid&#8221; animation=&#8221;left&#8221; sticky=&#8221;off&#8221; always_center_on_mobile=&#8221;on&#8221;] [\/et_pb_image][\/et_pb_column][\/et_pb_row][et_pb_row admin_label=&#8221;row&#8221; _builder_version=&#8221;3.25&#8243; background_size=&#8221;initial&#8221; background_position=&#8221;top_left&#8221; background_repeat=&#8221;repeat&#8221;][et_pb_column type=&#8221;4_4&#8243; _builder_version=&#8221;3.25&#8243; custom_padding=&#8221;|||&#8221; custom_padding__hover=&#8221;|||&#8221;][et_pb_text admin_label=&#8221;Teksti&#8221; _builder_version=&#8221;4.0.9&#8243; background_size=&#8221;initial&#8221; background_position=&#8221;top_left&#8221; background_repeat=&#8221;repeat&#8221; use_border_color=&#8221;off&#8221; border_color=&#8221;#ffffff&#8221; border_style=&#8221;solid&#8221;]<p>Ahlsell on johtava teknisen tukkukaupan ammattilainen Pohjoismaissa. Se tarjoaa alan ammattilaisille LVI-, s\u00e4hk\u00f6-, teollisuus-, kylm\u00e4- ja paloturvatuotteita. Suomessa ammattilaisia palvellaan yli 30 myym\u00e4l\u00e4ss\u00e4.<\/p>\n<p>Lahden myym\u00e4l\u00e4tilan yhteyteen haluttiin luoda myyjille omat rauhalliset ty\u00f6tilat, joissa keskittymist\u00e4 vaativat teht\u00e4v\u00e4t, sek\u00e4 asiakkaiden kanssa k\u00e4yt\u00e4v\u00e4t neuvottelut voi tarvittaessa hoitaa omassa rauhassa.\u00a0Myym\u00e4l\u00e4tila on korkeaa ja avointa tilaa, joten myyjien ty\u00f6huoneet toteutettiin HSL Groupin j\u00e4rjestelm\u00e4sein\u00e4tuotteista rakentuvina itsen\u00e4isin\u00e4 ty\u00f6huone-moduleina.<\/p>\n<p><strong>\u00c4\u00e4nt\u00e4 erist\u00e4v\u00e4 modulirakenne<\/strong><\/p>\n<p>Ty\u00f6huoneiden taka- ja sivusein\u00e4t toteutettiin vaaleaksi pinnoitetuilla \u00e4\u00e4nieristysluokitelluilla (Rw42dB) umpisein\u00e4elementeill\u00e4. Takasein\u00e4\u00e4n ja kattoon lis\u00e4ttiin viel\u00e4 akustiikkalevyt tilan k\u00e4ytett\u00e4vyyden optimoimiseksi. Tila varustettiin itsen\u00e4isell\u00e4 valaistuksella ja s\u00e4hk\u00f6varauksilla.<\/p>\n<p>Myym\u00e4l\u00e4\u00e4n p\u00e4in oleva etusein\u00e4 toteutettiin lattiasta kattoon ylt\u00e4v\u00e4ll\u00e4, \u00e4\u00e4nt\u00e4 erist\u00e4v\u00e4ll\u00e4 alumiinilasisein\u00e4ll\u00e4 ja liukulasiovella (VTT testattu, Rw33dB koko rakenteelle). Lasiseinien puitteet s\u00e4vytettiin tilaajan toiveiden mukaiseen s\u00e4vyyn. Liukulasin avaamalla tila on luontevasti yhteydess\u00e4 muuhun myym\u00e4l\u00e4\u00e4n, ja lasisein\u00e4 tuo tekee ty\u00f6huoneesta avaran ja miellytt\u00e4v\u00e4n k\u00e4ytt\u00e4\u00e4.<\/p>\n<p>T\u00e4ll\u00e4 toteutuksella syntyi avoimeen myym\u00e4l\u00e4\u00e4n todella tyylikk\u00e4\u00e4t itsen\u00e4iset ty\u00f6tilat nopeasti ja p\u00f6lytt\u00f6m\u00e4sti, ilman haittaa myym\u00e4l\u00e4n normaalille k\u00e4yt\u00f6lle. Moduulirakenteen ansiosta ty\u00f6tilojen muuntelu on tulevaisuuden tarpeiden mukaan helppoa ja nopeaa.<\/p>[\/et_pb_text][\/et_pb_column][\/et_pb_row][et_pb_row admin_label=&#8221;Rivi&#8221; _builder_version=&#8221;3.25&#8243; background_size=&#8221;initial&#8221; background_position=&#8221;top_left&#8221; background_repeat=&#8221;repeat&#8221;][et_pb_column type=&#8221;4_4&#8243; _builder_version=&#8221;3.25&#8243; custom_padding=&#8221;|||&#8221; custom_padding__hover=&#8221;|||&#8221;][et_pb_gallery gallery_ids=&#8221;1237,1238&#8243; posts_number=&#8221;2&#8243; show_title_and_caption=&#8221;off&#8221; show_pagination=&#8221;off&#8221; admin_label=&#8221;Galleria&#8221; _builder_version=&#8221;4.0.9&#8243; use_border_color=&#8221;off&#8221; border_color=&#8221;#ffffff&#8221; border_style=&#8221;solid&#8221;] [\/et_pb_gallery][\/et_pb_column][\/et_pb_row][\/et_pb_section]\n","protected":false},"excerpt":{"rendered":"<p>Ahlsell myym\u00e4l\u00e4n ty\u00f6tilat Lahti Ahlsell on johtava teknisen tukkukaupan ammattilainen Pohjoismaissa. Se tarjoaa alan ammattilaisille LVI-, s\u00e4hk\u00f6-, teollisuus-, kylm\u00e4- ja paloturvatuotteita. Suomessa ammattilaisia palvellaan yli 30 myym\u00e4l\u00e4ss\u00e4. Lahden myym\u00e4l\u00e4tilan yhteyteen haluttiin luoda myyjille omat rauhalliset ty\u00f6tilat, joissa keskittymist\u00e4 vaativat teht\u00e4v\u00e4t, sek\u00e4 asiakkaiden kanssa k\u00e4yt\u00e4v\u00e4t neuvottelut voi tarvittaessa hoitaa omassa rauhassa.\u00a0Myym\u00e4l\u00e4tila on korkeaa ja avointa tilaa, [&hellip;]<\/p>\n","protected":false},"author":1,"featured_media":0,"parent":52,"menu_order":0,"comment_status":"closed","ping_status":"closed","template":"","meta":{"_et_pb_use_builder":"on","_et_pb_old_content":"","_et_gb_content_width":"","footnotes":""},"class_list":["post-1232","page","type-page","status-publish","hentry"],"yoast_head":"<!-- This site is optimized with the Yoast SEO plugin v27.3 - https:\/\/yoast.com\/product\/yoast-seo-wordpress\/ -->\n<title>Ahlsell myym\u00e4l\u00e4n ty\u00f6tilat Lahti - HSL Group Oy<\/title>\n<meta name=\"description\" content=\"Ahlsell myym\u00e4l\u00e4n ty\u00f6tilat Lahdessa toteutettiin HSL Groupin j\u00e4rjestelm\u00e4sein\u00e4tuotteista rakentuvina itsen\u00e4isin\u00e4 ty\u00f6huone-moduleina.\" \/>\n<meta name=\"robots\" content=\"index, follow, max-snippet:-1, max-image-preview:large, max-video-preview:-1\" \/>\n<link rel=\"canonical\" href=\"https:\/\/en.hslgroup.fi\/en\/portfolio\/ahlsell-stores-work-spaces-lahti\/\" \/>\n<meta property=\"og:locale\" content=\"en_GB\" \/>\n<meta property=\"og:type\" content=\"article\" \/>\n<meta property=\"og:title\" content=\"Ahlsell myym\u00e4l\u00e4n ty\u00f6tilat Lahti - HSL Group Oy\" \/>\n<meta property=\"og:description\" content=\"Ahlsell myym\u00e4l\u00e4n ty\u00f6tilat Lahdessa toteutettiin HSL Groupin j\u00e4rjestelm\u00e4sein\u00e4tuotteista rakentuvina itsen\u00e4isin\u00e4 ty\u00f6huone-moduleina.\" \/>\n<meta property=\"og:url\" content=\"https:\/\/en.hslgroup.fi\/en\/portfolio\/ahlsell-stores-work-spaces-lahti\/\" \/>\n<meta property=\"og:site_name\" content=\"HSL Group Oy\" \/>\n<meta property=\"article:publisher\" content=\"https:\/\/facebook.com\/hslgroupoy\" \/>\n<meta property=\"article:modified_time\" content=\"2022-03-18T10:52:17+00:00\" \/>\n<meta name=\"twitter:card\" content=\"summary_large_image\" \/>\n<meta name=\"twitter:label1\" content=\"Estimated reading time\" \/>\n\t<meta name=\"twitter:data1\" content=\"2 minutes\" \/>\n<script type=\"application\/ld+json\" class=\"yoast-schema-graph\">{\"@context\":\"https:\\\/\\\/schema.org\",\"@graph\":[{\"@type\":\"WebPage\",\"@id\":\"https:\\\/\\\/en.hslgroup.fi\\\/portfolio\\\/ahlsell-stores-work-spaces-lahti\\\/\",\"url\":\"https:\\\/\\\/en.hslgroup.fi\\\/portfolio\\\/ahlsell-stores-work-spaces-lahti\\\/\",\"name\":\"Ahlsell myym\u00e4l\u00e4n ty\u00f6tilat Lahti - HSL Group Oy\",\"isPartOf\":{\"@id\":\"https:\\\/\\\/en.hslgroup.fi\\\/en\\\/#website\"},\"datePublished\":\"2020-01-27T11:15:24+00:00\",\"dateModified\":\"2022-03-18T10:52:17+00:00\",\"description\":\"Ahlsell myym\u00e4l\u00e4n ty\u00f6tilat Lahdessa toteutettiin HSL Groupin j\u00e4rjestelm\u00e4sein\u00e4tuotteista rakentuvina itsen\u00e4isin\u00e4 ty\u00f6huone-moduleina.\",\"breadcrumb\":{\"@id\":\"https:\\\/\\\/en.hslgroup.fi\\\/portfolio\\\/ahlsell-stores-work-spaces-lahti\\\/#breadcrumb\"},\"inLanguage\":\"en-GB\",\"potentialAction\":[{\"@type\":\"ReadAction\",\"target\":[\"https:\\\/\\\/en.hslgroup.fi\\\/portfolio\\\/ahlsell-stores-work-spaces-lahti\\\/\"]}]},{\"@type\":\"BreadcrumbList\",\"@id\":\"https:\\\/\\\/en.hslgroup.fi\\\/portfolio\\\/ahlsell-stores-work-spaces-lahti\\\/#breadcrumb\",\"itemListElement\":[{\"@type\":\"ListItem\",\"position\":1,\"name\":\"Etusivu\",\"item\":\"https:\\\/\\\/en.hslgroup.fi\\\/fi\\\/\"},{\"@type\":\"ListItem\",\"position\":2,\"name\":\"Referenssit\",\"item\":\"https:\\\/\\\/en.hslgroup.fi\\\/portfolio\\\/\"},{\"@type\":\"ListItem\",\"position\":3,\"name\":\"Ahlsell myym\u00e4l\u00e4n ty\u00f6tilat Lahti\"}]},{\"@type\":\"WebSite\",\"@id\":\"https:\\\/\\\/en.hslgroup.fi\\\/en\\\/#website\",\"url\":\"https:\\\/\\\/en.hslgroup.fi\\\/en\\\/\",\"name\":\"HSL Group Oy\",\"description\":\"J\u00e4rjestelm\u00e4v\u00e4lisein\u00e4t, siirtosein\u00e4t ja minitilaratkaisut\",\"publisher\":{\"@id\":\"https:\\\/\\\/en.hslgroup.fi\\\/en\\\/#organization\"},\"potentialAction\":[{\"@type\":\"SearchAction\",\"target\":{\"@type\":\"EntryPoint\",\"urlTemplate\":\"https:\\\/\\\/en.hslgroup.fi\\\/en\\\/?s={search_term_string}\"},\"query-input\":{\"@type\":\"PropertyValueSpecification\",\"valueRequired\":true,\"valueName\":\"search_term_string\"}}],\"inLanguage\":\"en-GB\"},{\"@type\":\"Organization\",\"@id\":\"https:\\\/\\\/en.hslgroup.fi\\\/en\\\/#organization\",\"name\":\"HSL Group Oy\",\"url\":\"https:\\\/\\\/en.hslgroup.fi\\\/en\\\/\",\"logo\":{\"@type\":\"ImageObject\",\"inLanguage\":\"en-GB\",\"@id\":\"https:\\\/\\\/en.hslgroup.fi\\\/en\\\/#\\\/schema\\\/logo\\\/image\\\/\",\"url\":\"https:\\\/\\\/en.hslgroup.fi\\\/wp-content\\\/uploads\\\/2016\\\/07\\\/hsl_logo.jpg\",\"contentUrl\":\"https:\\\/\\\/en.hslgroup.fi\\\/wp-content\\\/uploads\\\/2016\\\/07\\\/hsl_logo.jpg\",\"width\":125,\"height\":60,\"caption\":\"HSL Group Oy\"},\"image\":{\"@id\":\"https:\\\/\\\/en.hslgroup.fi\\\/en\\\/#\\\/schema\\\/logo\\\/image\\\/\"},\"sameAs\":[\"https:\\\/\\\/facebook.com\\\/hslgroupoy\",\"https:\\\/\\\/linkedin.com\\\/company\\\/hsl-group\"]}]}<\/script>\n<!-- \/ Yoast SEO plugin. -->","yoast_head_json":{"title":"Ahlsell store's work spaces Lahti - HSL Group LLC","description":"Ahlsell store's work spaces in Lahti was implemented as independent work room modules made with HSL Group's partition wall systems.","robots":{"index":"index","follow":"follow","max-snippet":"max-snippet:-1","max-image-preview":"max-image-preview:large","max-video-preview":"max-video-preview:-1"},"canonical":"https:\/\/en.hslgroup.fi\/en\/portfolio\/ahlsell-stores-work-spaces-lahti\/","og_locale":"en_GB","og_type":"article","og_title":"Ahlsell myym\u00e4l\u00e4n ty\u00f6tilat Lahti - HSL Group Oy","og_description":"Ahlsell myym\u00e4l\u00e4n ty\u00f6tilat Lahdessa toteutettiin HSL Groupin j\u00e4rjestelm\u00e4sein\u00e4tuotteista rakentuvina itsen\u00e4isin\u00e4 ty\u00f6huone-moduleina.","og_url":"https:\/\/en.hslgroup.fi\/en\/portfolio\/ahlsell-stores-work-spaces-lahti\/","og_site_name":"HSL Group Oy","article_publisher":"https:\/\/facebook.com\/hslgroupoy","article_modified_time":"2022-03-18T10:52:17+00:00","twitter_card":"summary_large_image","twitter_misc":{"Estimated reading time":"2 minutes"},"schema":{"@context":"https:\/\/schema.org","@graph":[{"@type":"WebPage","@id":"https:\/\/en.hslgroup.fi\/portfolio\/ahlsell-stores-work-spaces-lahti\/","url":"https:\/\/en.hslgroup.fi\/portfolio\/ahlsell-stores-work-spaces-lahti\/","name":"Ahlsell store's work spaces Lahti - HSL Group LLC","isPartOf":{"@id":"https:\/\/en.hslgroup.fi\/en\/#website"},"datePublished":"2020-01-27T11:15:24+00:00","dateModified":"2022-03-18T10:52:17+00:00","description":"Ahlsell store's work spaces in Lahti was implemented as independent work room modules made with HSL Group's partition wall systems.","breadcrumb":{"@id":"https:\/\/en.hslgroup.fi\/portfolio\/ahlsell-stores-work-spaces-lahti\/#breadcrumb"},"inLanguage":"en-GB","potentialAction":[{"@type":"ReadAction","target":["https:\/\/en.hslgroup.fi\/portfolio\/ahlsell-stores-work-spaces-lahti\/"]}]},{"@type":"BreadcrumbList","@id":"https:\/\/en.hslgroup.fi\/portfolio\/ahlsell-stores-work-spaces-lahti\/#breadcrumb","itemListElement":[{"@type":"ListItem","position":1,"name":"Etusivu","item":"https:\/\/en.hslgroup.fi\/fi\/"},{"@type":"ListItem","position":2,"name":"Referenssit","item":"https:\/\/en.hslgroup.fi\/portfolio\/"},{"@type":"ListItem","position":3,"name":"Ahlsell myym\u00e4l\u00e4n ty\u00f6tilat Lahti"}]},{"@type":"WebSite","@id":"https:\/\/en.hslgroup.fi\/en\/#website","url":"https:\/\/en.hslgroup.fi\/en\/","name":"HSL Group LLC","description":"J\u00e4rjestelm\u00e4v\u00e4lisein\u00e4t, siirtosein\u00e4t ja minitilaratkaisut","publisher":{"@id":"https:\/\/en.hslgroup.fi\/en\/#organization"},"potentialAction":[{"@type":"SearchAction","target":{"@type":"EntryPoint","urlTemplate":"https:\/\/en.hslgroup.fi\/en\/?s={search_term_string}"},"query-input":{"@type":"PropertyValueSpecification","valueRequired":true,"valueName":"search_term_string"}}],"inLanguage":"en-GB"},{"@type":"Organization","@id":"https:\/\/en.hslgroup.fi\/en\/#organization","name":"HSL Group LLC","url":"https:\/\/en.hslgroup.fi\/en\/","logo":{"@type":"ImageObject","inLanguage":"en-GB","@id":"https:\/\/en.hslgroup.fi\/en\/#\/schema\/logo\/image\/","url":"https:\/\/en.hslgroup.fi\/wp-content\/uploads\/2016\/07\/hsl_logo.jpg","contentUrl":"https:\/\/en.hslgroup.fi\/wp-content\/uploads\/2016\/07\/hsl_logo.jpg","width":125,"height":60,"caption":"HSL Group Oy"},"image":{"@id":"https:\/\/en.hslgroup.fi\/en\/#\/schema\/logo\/image\/"},"sameAs":["https:\/\/facebook.com\/hslgroupoy","https:\/\/linkedin.com\/company\/hsl-group"]}]}},"_links":{"self":[{"href":"https:\/\/en.hslgroup.fi\/en\/wp-json\/wp\/v2\/pages\/1232","targetHints":{"allow":["GET"]}}],"collection":[{"href":"https:\/\/en.hslgroup.fi\/en\/wp-json\/wp\/v2\/pages"}],"about":[{"href":"https:\/\/en.hslgroup.fi\/en\/wp-json\/wp\/v2\/types\/page"}],"author":[{"embeddable":true,"href":"https:\/\/en.hslgroup.fi\/en\/wp-json\/wp\/v2\/users\/1"}],"replies":[{"embeddable":true,"href":"https:\/\/en.hslgroup.fi\/en\/wp-json\/wp\/v2\/comments?post=1232"}],"version-history":[{"count":5,"href":"https:\/\/en.hslgroup.fi\/en\/wp-json\/wp\/v2\/pages\/1232\/revisions"}],"predecessor-version":[{"id":2525,"href":"https:\/\/en.hslgroup.fi\/en\/wp-json\/wp\/v2\/pages\/1232\/revisions\/2525"}],"up":[{"embeddable":true,"href":"https:\/\/en.hslgroup.fi\/en\/wp-json\/wp\/v2\/pages\/52"}],"wp:attachment":[{"href":"https:\/\/en.hslgroup.fi\/en\/wp-json\/wp\/v2\/media?parent=1232"}],"curies":[{"name":"wp","href":"https:\/\/api.w.org\/{rel}","templated":true}]}}