{"id":1109,"date":"2019-12-12T13:36:52","date_gmt":"2019-12-12T11:36:52","guid":{"rendered":"https:\/\/hsl.dev.srv2.nodewebs.com\/?page_id=1109"},"modified":"2022-04-04T11:19:20","modified_gmt":"2022-04-04T08:19:20","slug":"valmotie-17-19-premises","status":"publish","type":"page","link":"https:\/\/en.hslgroup.fi\/en\/portfolio\/valmotie-17-19-premises\/","title":{"rendered":"Valimotie 17-19 premises Helsinki"},"content":{"rendered":"[et_pb_section fb_built=&#8221;1&#8243; _builder_version=&#8221;4.15&#8243; global_colors_info=&#8221;{}&#8221;][et_pb_row _builder_version=&#8221;4.15&#8243; global_colors_info=&#8221;{}&#8221;][et_pb_column type=&#8221;4_4&#8243; _builder_version=&#8221;4.15&#8243; global_colors_info=&#8221;{}&#8221;][et_pb_text _builder_version=&#8221;4.15&#8243; global_colors_info=&#8221;{}&#8221;]\n<h1>Valimotie 17-19 toimitilat Helsinki<\/h1>\n[\/et_pb_text][\/et_pb_column][\/et_pb_row][et_pb_row _builder_version=&#8221;4.15&#8243; global_colors_info=&#8221;{}&#8221;][et_pb_column type=&#8221;4_4&#8243; _builder_version=&#8221;4.15&#8243; global_colors_info=&#8221;{}&#8221;][et_pb_image src=&#8221;https:\/\/en.hslgroup.fi\/wp-content\/uploads\/2019\/12\/Apotti-HSL-puulasisein\u00e4t.jpg&#8221; _builder_version=&#8221;4.15&#8243; global_colors_info=&#8221;{}&#8221;][\/et_pb_image][\/et_pb_column][\/et_pb_row][et_pb_row _builder_version=&#8221;4.15&#8243; global_colors_info=&#8221;{}&#8221;][et_pb_column type=&#8221;4_4&#8243; _builder_version=&#8221;4.15&#8243; global_colors_info=&#8221;{}&#8221;][et_pb_text _builder_version=&#8221;4.15.1&#8243; hover_enabled=&#8221;0&#8243; global_colors_info=&#8221;{}&#8221; sticky_enabled=&#8221;0&#8243;]\n<p><strong>Valimotie 17-19 toimitilat Helsinki<\/strong><\/p>\n<p>Helsinkiin valimotielle valmistui hiljattain uudet toimitilat. Tavoitteena oli luoda ty\u00f6ntekij\u00f6ille viihtyis\u00e4 ty\u00f6ymp\u00e4rist\u00f6, josta l\u00f6ytyy avoimia yhteisi\u00e4 ty\u00f6tiloja, erillisi\u00e4 rauhalliseen yksil\u00f6ty\u00f6skentelyyn soveltuvia tiloja sek\u00e4 erikokoisia neuvotteluhuoneita. Tilojen tuli olla ilmeelt\u00e4\u00e4n rauhallisen tyylikk\u00e4\u00e4t ja mahdollisimman valoisat.<\/p>\n<p><span>HSL Group toteutti tiloihin toivotun mukaiset tilaratkaisut. Ty\u00f6huoneet ja neuvottelutilat rakennettiin j\u00e4rjestelm\u00e4v\u00e4liseinill\u00e4 tulevan muuntojoustavuuden varmistamiseksi. Valon m\u00e4\u00e4r\u00e4 maksimoitiin runsaalla lasien k\u00e4yt\u00f6ll\u00e4. Seinien materiaaleiksi valikoituivat HSL:n <a href=\"\/tuotteet\/puulasiseinat\/\">puulasisein\u00e4t<\/a>, joiden puitteet pinnoitettiin valkolakatulla tammiviilulla. My\u00f6s ovien s\u00e4hk\u00f6pielet, k\u00e4yt\u00e4vien umpielementit, ovet ja listoitukset ovat pinnaltaan valkolakattua tammiviilua. N\u00e4in tiloille saavutettiin visuaalisesti yhteensopiva ja harmoninen yleisilme.<\/span><\/p>\n<p>Riitt\u00e4v\u00e4n yksityisyyden takaamiseksi j\u00e4rjestelm\u00e4sein\u00e4t toimitettiin laseilla, joiden \u00e4\u00e4nenerist\u00e4vyys on 40 dB Rw. Yksityisyys ja ty\u00f6rauha viimeisteltiin ovilla, joiden \u00e4\u00e4nenerist\u00e4vyys on 42 dB Rw. Osaan tiloista asennettiin my\u00f6s laminoituja murtosuojalaseja.<\/p>\n<p>Tilojen muuntelu on tarpeen mukaan helppoa moduulirakenteisten j\u00e4rjestelm\u00e4v\u00e4liseinien ansiosta.<\/p>\n[\/et_pb_text][\/et_pb_column][\/et_pb_row][et_pb_row _builder_version=&#8221;4.15&#8243; global_colors_info=&#8221;{}&#8221;][et_pb_column type=&#8221;4_4&#8243; _builder_version=&#8221;4.15&#8243; global_colors_info=&#8221;{}&#8221;][et_pb_gallery gallery_ids=&#8221;1113,1117,1112,1115,1114,1116,1118&#8243; posts_number=&#8221;7&#8243; show_title_and_caption=&#8221;off&#8221; _builder_version=&#8221;4.15&#8243; global_colors_info=&#8221;{}&#8221;][\/et_pb_gallery][\/et_pb_column][\/et_pb_row][\/et_pb_section]\n","protected":false},"excerpt":{"rendered":"<p>Valimotie 17-19 toimitilat HelsinkiValimotie 17-19 toimitilat Helsinki Helsinkiin valimotielle valmistui hiljattain uudet toimitilat. Tavoitteena oli luoda ty\u00f6ntekij\u00f6ille viihtyis\u00e4 ty\u00f6ymp\u00e4rist\u00f6, josta l\u00f6ytyy avoimia yhteisi\u00e4 ty\u00f6tiloja, erillisi\u00e4 rauhalliseen yksil\u00f6ty\u00f6skentelyyn soveltuvia tiloja sek\u00e4 erikokoisia neuvotteluhuoneita. Tilojen tuli olla ilmeelt\u00e4\u00e4n rauhallisen tyylikk\u00e4\u00e4t ja mahdollisimman valoisat. HSL Group toteutti tiloihin toivotun mukaiset tilaratkaisut. Ty\u00f6huoneet ja neuvottelutilat rakennettiin j\u00e4rjestelm\u00e4v\u00e4liseinill\u00e4 tulevan muuntojoustavuuden [&hellip;]<\/p>\n","protected":false},"author":1,"featured_media":0,"parent":52,"menu_order":0,"comment_status":"closed","ping_status":"closed","template":"","meta":{"_et_pb_use_builder":"on","_et_pb_old_content":"","_et_gb_content_width":"","footnotes":""},"class_list":["post-1109","page","type-page","status-publish","hentry"],"yoast_head":"<!-- This site is optimized with the Yoast SEO plugin v27.3 - https:\/\/yoast.com\/product\/yoast-seo-wordpress\/ -->\n<title>Valimotie 17-19 toimitilat Helsinki - HSL Group Oy<\/title>\n<meta name=\"description\" content=\"Valimotie 17-19 toimitilojen ty\u00f6huoneet ja neuvottelutilat toteutettiin j\u00e4rjestelm\u00e4v\u00e4liseinill\u00e4 tilojen muuntojoustavuuden varmistamiseksi\" \/>\n<meta name=\"robots\" content=\"index, follow, max-snippet:-1, max-image-preview:large, max-video-preview:-1\" \/>\n<link rel=\"canonical\" href=\"https:\/\/en.hslgroup.fi\/en\/portfolio\/valmotie-17-19-premises\/\" \/>\n<meta property=\"og:locale\" content=\"en_GB\" \/>\n<meta property=\"og:type\" content=\"article\" \/>\n<meta property=\"og:title\" content=\"Valimotie 17-19 toimitilat Helsinki - HSL Group Oy\" \/>\n<meta property=\"og:description\" content=\"Valimotie 17-19 toimitilojen ty\u00f6huoneet ja neuvottelutilat toteutettiin j\u00e4rjestelm\u00e4v\u00e4liseinill\u00e4 tilojen muuntojoustavuuden varmistamiseksi\" \/>\n<meta property=\"og:url\" content=\"https:\/\/en.hslgroup.fi\/en\/portfolio\/valmotie-17-19-premises\/\" \/>\n<meta property=\"og:site_name\" content=\"HSL Group Oy\" \/>\n<meta property=\"article:publisher\" content=\"https:\/\/facebook.com\/hslgroupoy\" \/>\n<meta property=\"article:modified_time\" content=\"2022-04-04T08:19:20+00:00\" \/>\n<meta name=\"twitter:card\" content=\"summary_large_image\" \/>\n<meta name=\"twitter:label1\" content=\"Estimated reading time\" \/>\n\t<meta name=\"twitter:data1\" content=\"1 minute\" \/>\n<script type=\"application\/ld+json\" class=\"yoast-schema-graph\">{\"@context\":\"https:\\\/\\\/schema.org\",\"@graph\":[{\"@type\":\"WebPage\",\"@id\":\"https:\\\/\\\/en.hslgroup.fi\\\/portfolio\\\/valmotie-17-19-premises\\\/\",\"url\":\"https:\\\/\\\/en.hslgroup.fi\\\/portfolio\\\/valmotie-17-19-premises\\\/\",\"name\":\"Valimotie 17-19 toimitilat Helsinki - HSL Group Oy\",\"isPartOf\":{\"@id\":\"https:\\\/\\\/en.hslgroup.fi\\\/en\\\/#website\"},\"datePublished\":\"2019-12-12T11:36:52+00:00\",\"dateModified\":\"2022-04-04T08:19:20+00:00\",\"description\":\"Valimotie 17-19 toimitilojen ty\u00f6huoneet ja neuvottelutilat toteutettiin j\u00e4rjestelm\u00e4v\u00e4liseinill\u00e4 tilojen muuntojoustavuuden varmistamiseksi\",\"breadcrumb\":{\"@id\":\"https:\\\/\\\/en.hslgroup.fi\\\/portfolio\\\/valmotie-17-19-premises\\\/#breadcrumb\"},\"inLanguage\":\"en-GB\",\"potentialAction\":[{\"@type\":\"ReadAction\",\"target\":[\"https:\\\/\\\/en.hslgroup.fi\\\/portfolio\\\/valmotie-17-19-premises\\\/\"]}]},{\"@type\":\"BreadcrumbList\",\"@id\":\"https:\\\/\\\/en.hslgroup.fi\\\/portfolio\\\/valmotie-17-19-premises\\\/#breadcrumb\",\"itemListElement\":[{\"@type\":\"ListItem\",\"position\":1,\"name\":\"Etusivu\",\"item\":\"https:\\\/\\\/en.hslgroup.fi\\\/fi\\\/\"},{\"@type\":\"ListItem\",\"position\":2,\"name\":\"Referenssit\",\"item\":\"https:\\\/\\\/en.hslgroup.fi\\\/portfolio\\\/\"},{\"@type\":\"ListItem\",\"position\":3,\"name\":\"Valimotie 17-19 toimitilat Helsinki\"}]},{\"@type\":\"WebSite\",\"@id\":\"https:\\\/\\\/en.hslgroup.fi\\\/en\\\/#website\",\"url\":\"https:\\\/\\\/en.hslgroup.fi\\\/en\\\/\",\"name\":\"HSL Group Oy\",\"description\":\"J\u00e4rjestelm\u00e4v\u00e4lisein\u00e4t, siirtosein\u00e4t ja minitilaratkaisut\",\"publisher\":{\"@id\":\"https:\\\/\\\/en.hslgroup.fi\\\/en\\\/#organization\"},\"potentialAction\":[{\"@type\":\"SearchAction\",\"target\":{\"@type\":\"EntryPoint\",\"urlTemplate\":\"https:\\\/\\\/en.hslgroup.fi\\\/en\\\/?s={search_term_string}\"},\"query-input\":{\"@type\":\"PropertyValueSpecification\",\"valueRequired\":true,\"valueName\":\"search_term_string\"}}],\"inLanguage\":\"en-GB\"},{\"@type\":\"Organization\",\"@id\":\"https:\\\/\\\/en.hslgroup.fi\\\/en\\\/#organization\",\"name\":\"HSL Group Oy\",\"url\":\"https:\\\/\\\/en.hslgroup.fi\\\/en\\\/\",\"logo\":{\"@type\":\"ImageObject\",\"inLanguage\":\"en-GB\",\"@id\":\"https:\\\/\\\/en.hslgroup.fi\\\/en\\\/#\\\/schema\\\/logo\\\/image\\\/\",\"url\":\"https:\\\/\\\/en.hslgroup.fi\\\/wp-content\\\/uploads\\\/2016\\\/07\\\/hsl_logo.jpg\",\"contentUrl\":\"https:\\\/\\\/en.hslgroup.fi\\\/wp-content\\\/uploads\\\/2016\\\/07\\\/hsl_logo.jpg\",\"width\":125,\"height\":60,\"caption\":\"HSL Group Oy\"},\"image\":{\"@id\":\"https:\\\/\\\/en.hslgroup.fi\\\/en\\\/#\\\/schema\\\/logo\\\/image\\\/\"},\"sameAs\":[\"https:\\\/\\\/facebook.com\\\/hslgroupoy\",\"https:\\\/\\\/linkedin.com\\\/company\\\/hsl-group\"]}]}<\/script>\n<!-- \/ Yoast SEO plugin. -->","yoast_head_json":{"title":"Valimotie 17-19 premises Helsinki - HSL Group LLC","description":"Valimotie 17-19 premises work rooms and office meeting pods were implemented with partition wall systems to guarantee the transformation flexibility of the spaces","robots":{"index":"index","follow":"follow","max-snippet":"max-snippet:-1","max-image-preview":"max-image-preview:large","max-video-preview":"max-video-preview:-1"},"canonical":"https:\/\/en.hslgroup.fi\/en\/portfolio\/valmotie-17-19-premises\/","og_locale":"en_GB","og_type":"article","og_title":"Valimotie 17-19 toimitilat Helsinki - HSL Group Oy","og_description":"Valimotie 17-19 toimitilojen ty\u00f6huoneet ja neuvottelutilat toteutettiin j\u00e4rjestelm\u00e4v\u00e4liseinill\u00e4 tilojen muuntojoustavuuden varmistamiseksi","og_url":"https:\/\/en.hslgroup.fi\/en\/portfolio\/valmotie-17-19-premises\/","og_site_name":"HSL Group Oy","article_publisher":"https:\/\/facebook.com\/hslgroupoy","article_modified_time":"2022-04-04T08:19:20+00:00","twitter_card":"summary_large_image","twitter_misc":{"Estimated reading time":"1 minute"},"schema":{"@context":"https:\/\/schema.org","@graph":[{"@type":"WebPage","@id":"https:\/\/en.hslgroup.fi\/portfolio\/valmotie-17-19-premises\/","url":"https:\/\/en.hslgroup.fi\/portfolio\/valmotie-17-19-premises\/","name":"Valimotie 17-19 premises Helsinki - HSL Group LLC","isPartOf":{"@id":"https:\/\/en.hslgroup.fi\/en\/#website"},"datePublished":"2019-12-12T11:36:52+00:00","dateModified":"2022-04-04T08:19:20+00:00","description":"Valimotie 17-19 premises work rooms and office meeting pods were implemented with partition wall systems to guarantee the transformation flexibility of the spaces","breadcrumb":{"@id":"https:\/\/en.hslgroup.fi\/portfolio\/valmotie-17-19-premises\/#breadcrumb"},"inLanguage":"en-GB","potentialAction":[{"@type":"ReadAction","target":["https:\/\/en.hslgroup.fi\/portfolio\/valmotie-17-19-premises\/"]}]},{"@type":"BreadcrumbList","@id":"https:\/\/en.hslgroup.fi\/portfolio\/valmotie-17-19-premises\/#breadcrumb","itemListElement":[{"@type":"ListItem","position":1,"name":"Etusivu","item":"https:\/\/en.hslgroup.fi\/fi\/"},{"@type":"ListItem","position":2,"name":"Referenssit","item":"https:\/\/en.hslgroup.fi\/portfolio\/"},{"@type":"ListItem","position":3,"name":"Valimotie 17-19 toimitilat Helsinki"}]},{"@type":"WebSite","@id":"https:\/\/en.hslgroup.fi\/en\/#website","url":"https:\/\/en.hslgroup.fi\/en\/","name":"HSL Group LLC","description":"J\u00e4rjestelm\u00e4v\u00e4lisein\u00e4t, siirtosein\u00e4t ja minitilaratkaisut","publisher":{"@id":"https:\/\/en.hslgroup.fi\/en\/#organization"},"potentialAction":[{"@type":"SearchAction","target":{"@type":"EntryPoint","urlTemplate":"https:\/\/en.hslgroup.fi\/en\/?s={search_term_string}"},"query-input":{"@type":"PropertyValueSpecification","valueRequired":true,"valueName":"search_term_string"}}],"inLanguage":"en-GB"},{"@type":"Organization","@id":"https:\/\/en.hslgroup.fi\/en\/#organization","name":"HSL Group LLC","url":"https:\/\/en.hslgroup.fi\/en\/","logo":{"@type":"ImageObject","inLanguage":"en-GB","@id":"https:\/\/en.hslgroup.fi\/en\/#\/schema\/logo\/image\/","url":"https:\/\/en.hslgroup.fi\/wp-content\/uploads\/2016\/07\/hsl_logo.jpg","contentUrl":"https:\/\/en.hslgroup.fi\/wp-content\/uploads\/2016\/07\/hsl_logo.jpg","width":125,"height":60,"caption":"HSL Group Oy"},"image":{"@id":"https:\/\/en.hslgroup.fi\/en\/#\/schema\/logo\/image\/"},"sameAs":["https:\/\/facebook.com\/hslgroupoy","https:\/\/linkedin.com\/company\/hsl-group"]}]}},"_links":{"self":[{"href":"https:\/\/en.hslgroup.fi\/en\/wp-json\/wp\/v2\/pages\/1109","targetHints":{"allow":["GET"]}}],"collection":[{"href":"https:\/\/en.hslgroup.fi\/en\/wp-json\/wp\/v2\/pages"}],"about":[{"href":"https:\/\/en.hslgroup.fi\/en\/wp-json\/wp\/v2\/types\/page"}],"author":[{"embeddable":true,"href":"https:\/\/en.hslgroup.fi\/en\/wp-json\/wp\/v2\/users\/1"}],"replies":[{"embeddable":true,"href":"https:\/\/en.hslgroup.fi\/en\/wp-json\/wp\/v2\/comments?post=1109"}],"version-history":[{"count":5,"href":"https:\/\/en.hslgroup.fi\/en\/wp-json\/wp\/v2\/pages\/1109\/revisions"}],"predecessor-version":[{"id":2565,"href":"https:\/\/en.hslgroup.fi\/en\/wp-json\/wp\/v2\/pages\/1109\/revisions\/2565"}],"up":[{"embeddable":true,"href":"https:\/\/en.hslgroup.fi\/en\/wp-json\/wp\/v2\/pages\/52"}],"wp:attachment":[{"href":"https:\/\/en.hslgroup.fi\/en\/wp-json\/wp\/v2\/media?parent=1109"}],"curies":[{"name":"wp","href":"https:\/\/api.w.org\/{rel}","templated":true}]}}