{"id":1065,"date":"2019-12-11T15:07:02","date_gmt":"2019-12-11T13:07:02","guid":{"rendered":"https:\/\/hsl.dev.srv2.nodewebs.com\/?page_id=1065"},"modified":"2022-03-18T12:48:27","modified_gmt":"2022-03-18T10:48:27","slug":"ramboll-village-espoo","status":"publish","type":"page","link":"https:\/\/en.hslgroup.fi\/en\/portfolio\/ramboll-village-espoo\/","title":{"rendered":"Ramboll Village Espoo"},"content":{"rendered":"\n[et_pb_section fb_built=&#8221;1&#8243; _builder_version=&#8221;4.0.7&#8243;][et_pb_row _builder_version=&#8221;4.0.7&#8243;][et_pb_column type=&#8221;4_4&#8243; _builder_version=&#8221;4.0.7&#8243;][et_pb_text _builder_version=&#8221;4.0.7&#8243;]<h1>Ramboll Village Espoo<\/h1>[\/et_pb_text][\/et_pb_column][\/et_pb_row][et_pb_row _builder_version=&#8221;4.0.7&#8243;][et_pb_column type=&#8221;4_4&#8243; _builder_version=&#8221;4.0.7&#8243;][et_pb_image src=&#8221;https:\/\/en.hslgroup.fi\/wp-content\/uploads\/2019\/12\/hsl-lasisein\u00e4j\u00e4rjestelm\u00e4-ramboll-village.png&#8221; _builder_version=&#8221;4.0.7&#8243; hover_enabled=&#8221;0&#8243;][\/et_pb_image][\/et_pb_column][\/et_pb_row][et_pb_row _builder_version=&#8221;4.0.7&#8243;][et_pb_column type=&#8221;4_4&#8243; _builder_version=&#8221;4.0.7&#8243;][et_pb_text _builder_version=&#8221;4.0.7&#8243;]<p>Espooseen Turunv\u00e4yl\u00e4n ja Keh\u00e4 l:n kupeeseen valmistui Ramboll Finland Oy:n uusi energiatehokas 19 000 neli\u00f6metrin kokoinen p\u00e4\u00e4toimitalo. Tavoite oli yhdist\u00e4\u00e4 Rambollin p\u00e4\u00e4kaupunkiseudun eri toimipisteet yhden katon alle. Uusi p\u00e4\u00e4toimitalo palveleekin nyt yli tuhatta ty\u00f6ntekij\u00e4\u00e4.<\/p>\n<p>Ramboll Village on korkealaatuinen, ymp\u00e4rist\u00f6yst\u00e4v\u00e4llinen ja inspiroiva ty\u00f6ymp\u00e4rist\u00f6. Rakennuksen julkisivu on hyvin persoonallinen py\u00f6reine kulmineen ja ekologisuutta korostavine tehostev\u00e4reineen. Kest\u00e4v\u00e4 kehitys, ymp\u00e4rist\u00f6yst\u00e4v\u00e4llisyys ja energiatehokkuus olivat t\u00e4rke\u00e4ss\u00e4 roolissa Ramboll Villagea suunniteltaessa.<\/p>\n<p><strong>Luonnollisia kohtaamisia ja rauhallisia ty\u00f6tiloja<\/strong><\/p>\n<p>Rakennuksen sis\u00e4tilojen suunnittelussa haluttiin korostaa henkil\u00f6kunnan luonnollisia kohtaamisia. Keskelt\u00e4 rakennusta l\u00f6ytyy avara atrium-piha, joka toimii yhteis\u00f6llisen\u00e4 kohtaamispaikkana. Jokaisesta kerroksesta l\u00f6ytyy my\u00f6s kohtaamispaikkana toimiva kahvila ja taukotilat. N\u00e4m\u00e4 sijaitsevat kerroksittain hisseille ja portaisiin viev\u00e4n k\u00e4velyreitin varrella, joka osaltaan edist\u00e4\u00e4 ty\u00f6ntekij\u00f6iden luonnollista kohtaamista.<\/p>\n<p>Avointen ty\u00f6skentelyalueiden yhteyteen toteutetut hiljaiset vet\u00e4ytymistilat sek\u00e4 projektity\u00f6skentely- ja neuvotteluhuoneet taas takaavat rauhallisen ymp\u00e4rist\u00f6n palavereihin ja keskittymist\u00e4 vaativaan ty\u00f6skentelyyn.<\/p>\n<p>Yksil\u00f6ty\u00f6skentelyyn suunniteltujen tilojen lasisein\u00e4t toteutettiin HSL Groupin \u00e4\u00e4nt\u00e4 erist\u00e4vill\u00e4 alumiinilasiseinill\u00e4 ja liukulasiovilla, joilla tehokkaista neli\u00f6ist\u00e4 saatiin hiljaisia, avaria ja valoisia. Tiimi- ja neuvottelutilojen sein\u00e4t taas toteutettiin HSL Groupin \u00e4\u00e4nt\u00e4 erist\u00e4vill\u00e4 pystykarmittomilla t\u00e4yslasiseinill\u00e4. Lasiseinien yksil\u00f6llisill\u00e4 teippauksilla luotiin tiloihin tyylik\u00e4st\u00e4 design-ilmett\u00e4. Kokonaisuus t\u00e4ydennettiin sisustuksen s\u00e4vyihin sovitetuilla umpi-ovilla ja s\u00e4hk\u00f6pielill\u00e4.<\/p>\n<p>Mik\u00e4li n\u00e4iden tilojen muuntelu on tulevaisuudessa ajankohtaista, onnistuu se helposti moduulirakenteisten j\u00e4rjestelm\u00e4v\u00e4liseinien ansiosta.<\/p>[\/et_pb_text][\/et_pb_column][\/et_pb_row][et_pb_row _builder_version=&#8221;4.0.7&#8243;][et_pb_column type=&#8221;4_4&#8243; _builder_version=&#8221;4.0.7&#8243;][et_pb_gallery gallery_ids=&#8221;1070,1072,1080&#8243; posts_number=&#8221;3&#8243; show_title_and_caption=&#8221;off&#8221; _builder_version=&#8221;4.0.7&#8243;][\/et_pb_gallery][\/et_pb_column][\/et_pb_row][\/et_pb_section]\n","protected":false},"excerpt":{"rendered":"<p>Ramboll Village EspooEspooseen Turunv\u00e4yl\u00e4n ja Keh\u00e4 l:n kupeeseen valmistui Ramboll Finland Oy:n uusi energiatehokas 19 000 neli\u00f6metrin kokoinen p\u00e4\u00e4toimitalo. Tavoite oli yhdist\u00e4\u00e4 Rambollin p\u00e4\u00e4kaupunkiseudun eri toimipisteet yhden katon alle. Uusi p\u00e4\u00e4toimitalo palveleekin nyt yli tuhatta ty\u00f6ntekij\u00e4\u00e4. Ramboll Village on korkealaatuinen, ymp\u00e4rist\u00f6yst\u00e4v\u00e4llinen ja inspiroiva ty\u00f6ymp\u00e4rist\u00f6. Rakennuksen julkisivu on hyvin persoonallinen py\u00f6reine kulmineen ja ekologisuutta korostavine tehostev\u00e4reineen. [&hellip;]<\/p>\n","protected":false},"author":1,"featured_media":0,"parent":52,"menu_order":0,"comment_status":"closed","ping_status":"closed","template":"","meta":{"_et_pb_use_builder":"on","_et_pb_old_content":"","_et_gb_content_width":"","footnotes":""},"class_list":["post-1065","page","type-page","status-publish","hentry"],"yoast_head":"<!-- This site is optimized with the Yoast SEO plugin v27.4 - https:\/\/yoast.com\/product\/yoast-seo-wordpress\/ -->\n<title>Ramboll Village Espoo lasisein\u00e4t ja liukulasiovet - HSL Group Oy<\/title>\n<meta name=\"description\" content=\"Ramboll Villageen Espooseen toteutettiin upeat ty\u00f6skentely-, vet\u00e4ytymis - ja neuvottelutilat kotimaisilla lasiseinill\u00e4 ja liukulasiovilla\" \/>\n<meta name=\"robots\" content=\"index, follow, max-snippet:-1, max-image-preview:large, max-video-preview:-1\" \/>\n<link rel=\"canonical\" href=\"https:\/\/en.hslgroup.fi\/en\/portfolio\/ramboll-village-espoo\/\" \/>\n<meta property=\"og:locale\" content=\"en_GB\" \/>\n<meta property=\"og:type\" content=\"article\" \/>\n<meta property=\"og:title\" content=\"Ramboll Village Espoo lasisein\u00e4t ja liukulasiovet - HSL Group Oy\" \/>\n<meta property=\"og:description\" content=\"Ramboll Villageen Espooseen toteutettiin upeat ty\u00f6skentely-, vet\u00e4ytymis - ja neuvottelutilat kotimaisilla lasiseinill\u00e4 ja liukulasiovilla\" \/>\n<meta property=\"og:url\" content=\"https:\/\/en.hslgroup.fi\/en\/portfolio\/ramboll-village-espoo\/\" \/>\n<meta property=\"og:site_name\" content=\"HSL Group Oy\" \/>\n<meta property=\"article:publisher\" content=\"https:\/\/facebook.com\/hslgroupoy\" \/>\n<meta property=\"article:modified_time\" content=\"2022-03-18T10:48:27+00:00\" \/>\n<meta name=\"twitter:card\" content=\"summary_large_image\" \/>\n<meta name=\"twitter:label1\" content=\"Estimated reading time\" \/>\n\t<meta name=\"twitter:data1\" content=\"2 minutes\" \/>\n<script type=\"application\/ld+json\" class=\"yoast-schema-graph\">{\"@context\":\"https:\\\/\\\/schema.org\",\"@graph\":[{\"@type\":\"WebPage\",\"@id\":\"https:\\\/\\\/en.hslgroup.fi\\\/portfolio\\\/ramboll-village-espoo\\\/\",\"url\":\"https:\\\/\\\/en.hslgroup.fi\\\/portfolio\\\/ramboll-village-espoo\\\/\",\"name\":\"Ramboll Village Espoo lasisein\u00e4t ja liukulasiovet - HSL Group Oy\",\"isPartOf\":{\"@id\":\"https:\\\/\\\/en.hslgroup.fi\\\/en\\\/#website\"},\"datePublished\":\"2019-12-11T13:07:02+00:00\",\"dateModified\":\"2022-03-18T10:48:27+00:00\",\"description\":\"Ramboll Villageen Espooseen toteutettiin upeat ty\u00f6skentely-, vet\u00e4ytymis - ja neuvottelutilat kotimaisilla lasiseinill\u00e4 ja liukulasiovilla\",\"breadcrumb\":{\"@id\":\"https:\\\/\\\/en.hslgroup.fi\\\/portfolio\\\/ramboll-village-espoo\\\/#breadcrumb\"},\"inLanguage\":\"en-GB\",\"potentialAction\":[{\"@type\":\"ReadAction\",\"target\":[\"https:\\\/\\\/en.hslgroup.fi\\\/portfolio\\\/ramboll-village-espoo\\\/\"]}]},{\"@type\":\"BreadcrumbList\",\"@id\":\"https:\\\/\\\/en.hslgroup.fi\\\/portfolio\\\/ramboll-village-espoo\\\/#breadcrumb\",\"itemListElement\":[{\"@type\":\"ListItem\",\"position\":1,\"name\":\"Etusivu\",\"item\":\"https:\\\/\\\/en.hslgroup.fi\\\/fi\\\/\"},{\"@type\":\"ListItem\",\"position\":2,\"name\":\"Referenssit\",\"item\":\"https:\\\/\\\/en.hslgroup.fi\\\/portfolio\\\/\"},{\"@type\":\"ListItem\",\"position\":3,\"name\":\"Ramboll Village Espoo\"}]},{\"@type\":\"WebSite\",\"@id\":\"https:\\\/\\\/en.hslgroup.fi\\\/en\\\/#website\",\"url\":\"https:\\\/\\\/en.hslgroup.fi\\\/en\\\/\",\"name\":\"HSL Group Oy\",\"description\":\"J\u00e4rjestelm\u00e4v\u00e4lisein\u00e4t, siirtosein\u00e4t ja minitilaratkaisut\",\"publisher\":{\"@id\":\"https:\\\/\\\/en.hslgroup.fi\\\/en\\\/#organization\"},\"potentialAction\":[{\"@type\":\"SearchAction\",\"target\":{\"@type\":\"EntryPoint\",\"urlTemplate\":\"https:\\\/\\\/en.hslgroup.fi\\\/en\\\/?s={search_term_string}\"},\"query-input\":{\"@type\":\"PropertyValueSpecification\",\"valueRequired\":true,\"valueName\":\"search_term_string\"}}],\"inLanguage\":\"en-GB\"},{\"@type\":\"Organization\",\"@id\":\"https:\\\/\\\/en.hslgroup.fi\\\/en\\\/#organization\",\"name\":\"HSL Group Oy\",\"url\":\"https:\\\/\\\/en.hslgroup.fi\\\/en\\\/\",\"logo\":{\"@type\":\"ImageObject\",\"inLanguage\":\"en-GB\",\"@id\":\"https:\\\/\\\/en.hslgroup.fi\\\/en\\\/#\\\/schema\\\/logo\\\/image\\\/\",\"url\":\"https:\\\/\\\/en.hslgroup.fi\\\/wp-content\\\/uploads\\\/2016\\\/07\\\/hsl_logo.jpg\",\"contentUrl\":\"https:\\\/\\\/en.hslgroup.fi\\\/wp-content\\\/uploads\\\/2016\\\/07\\\/hsl_logo.jpg\",\"width\":125,\"height\":60,\"caption\":\"HSL Group Oy\"},\"image\":{\"@id\":\"https:\\\/\\\/en.hslgroup.fi\\\/en\\\/#\\\/schema\\\/logo\\\/image\\\/\"},\"sameAs\":[\"https:\\\/\\\/facebook.com\\\/hslgroupoy\",\"https:\\\/\\\/linkedin.com\\\/company\\\/hsl-group\"]}]}<\/script>\n<!-- \/ Yoast SEO plugin. -->","yoast_head_json":{"title":"Ramboll Village Espoo glass walls and sliding glass doors - HSL Group LLC","description":"For Ramboll Village Espoo was implemented beautiful working-, retreating - and meeting rooms with domestic glass walls and sliding glass doors","robots":{"index":"index","follow":"follow","max-snippet":"max-snippet:-1","max-image-preview":"max-image-preview:large","max-video-preview":"max-video-preview:-1"},"canonical":"https:\/\/en.hslgroup.fi\/en\/portfolio\/ramboll-village-espoo\/","og_locale":"en_GB","og_type":"article","og_title":"Ramboll Village Espoo lasisein\u00e4t ja liukulasiovet - HSL Group Oy","og_description":"Ramboll Villageen Espooseen toteutettiin upeat ty\u00f6skentely-, vet\u00e4ytymis - ja neuvottelutilat kotimaisilla lasiseinill\u00e4 ja liukulasiovilla","og_url":"https:\/\/en.hslgroup.fi\/en\/portfolio\/ramboll-village-espoo\/","og_site_name":"HSL Group Oy","article_publisher":"https:\/\/facebook.com\/hslgroupoy","article_modified_time":"2022-03-18T10:48:27+00:00","twitter_card":"summary_large_image","twitter_misc":{"Estimated reading time":"2 minutes"},"schema":{"@context":"https:\/\/schema.org","@graph":[{"@type":"WebPage","@id":"https:\/\/en.hslgroup.fi\/portfolio\/ramboll-village-espoo\/","url":"https:\/\/en.hslgroup.fi\/portfolio\/ramboll-village-espoo\/","name":"Ramboll Village Espoo glass walls and sliding glass doors - HSL Group LLC","isPartOf":{"@id":"https:\/\/en.hslgroup.fi\/en\/#website"},"datePublished":"2019-12-11T13:07:02+00:00","dateModified":"2022-03-18T10:48:27+00:00","description":"For Ramboll Village Espoo was implemented beautiful working-, retreating - and meeting rooms with domestic glass walls and sliding glass doors","breadcrumb":{"@id":"https:\/\/en.hslgroup.fi\/portfolio\/ramboll-village-espoo\/#breadcrumb"},"inLanguage":"en-GB","potentialAction":[{"@type":"ReadAction","target":["https:\/\/en.hslgroup.fi\/portfolio\/ramboll-village-espoo\/"]}]},{"@type":"BreadcrumbList","@id":"https:\/\/en.hslgroup.fi\/portfolio\/ramboll-village-espoo\/#breadcrumb","itemListElement":[{"@type":"ListItem","position":1,"name":"Etusivu","item":"https:\/\/en.hslgroup.fi\/fi\/"},{"@type":"ListItem","position":2,"name":"Referenssit","item":"https:\/\/en.hslgroup.fi\/portfolio\/"},{"@type":"ListItem","position":3,"name":"Ramboll Village Espoo"}]},{"@type":"WebSite","@id":"https:\/\/en.hslgroup.fi\/en\/#website","url":"https:\/\/en.hslgroup.fi\/en\/","name":"HSL Group LLC","description":"J\u00e4rjestelm\u00e4v\u00e4lisein\u00e4t, siirtosein\u00e4t ja minitilaratkaisut","publisher":{"@id":"https:\/\/en.hslgroup.fi\/en\/#organization"},"potentialAction":[{"@type":"SearchAction","target":{"@type":"EntryPoint","urlTemplate":"https:\/\/en.hslgroup.fi\/en\/?s={search_term_string}"},"query-input":{"@type":"PropertyValueSpecification","valueRequired":true,"valueName":"search_term_string"}}],"inLanguage":"en-GB"},{"@type":"Organization","@id":"https:\/\/en.hslgroup.fi\/en\/#organization","name":"HSL Group LLC","url":"https:\/\/en.hslgroup.fi\/en\/","logo":{"@type":"ImageObject","inLanguage":"en-GB","@id":"https:\/\/en.hslgroup.fi\/en\/#\/schema\/logo\/image\/","url":"https:\/\/en.hslgroup.fi\/wp-content\/uploads\/2016\/07\/hsl_logo.jpg","contentUrl":"https:\/\/en.hslgroup.fi\/wp-content\/uploads\/2016\/07\/hsl_logo.jpg","width":125,"height":60,"caption":"HSL Group Oy"},"image":{"@id":"https:\/\/en.hslgroup.fi\/en\/#\/schema\/logo\/image\/"},"sameAs":["https:\/\/facebook.com\/hslgroupoy","https:\/\/linkedin.com\/company\/hsl-group"]}]}},"_links":{"self":[{"href":"https:\/\/en.hslgroup.fi\/en\/wp-json\/wp\/v2\/pages\/1065","targetHints":{"allow":["GET"]}}],"collection":[{"href":"https:\/\/en.hslgroup.fi\/en\/wp-json\/wp\/v2\/pages"}],"about":[{"href":"https:\/\/en.hslgroup.fi\/en\/wp-json\/wp\/v2\/types\/page"}],"author":[{"embeddable":true,"href":"https:\/\/en.hslgroup.fi\/en\/wp-json\/wp\/v2\/users\/1"}],"replies":[{"embeddable":true,"href":"https:\/\/en.hslgroup.fi\/en\/wp-json\/wp\/v2\/comments?post=1065"}],"version-history":[{"count":5,"href":"https:\/\/en.hslgroup.fi\/en\/wp-json\/wp\/v2\/pages\/1065\/revisions"}],"predecessor-version":[{"id":2524,"href":"https:\/\/en.hslgroup.fi\/en\/wp-json\/wp\/v2\/pages\/1065\/revisions\/2524"}],"up":[{"embeddable":true,"href":"https:\/\/en.hslgroup.fi\/en\/wp-json\/wp\/v2\/pages\/52"}],"wp:attachment":[{"href":"https:\/\/en.hslgroup.fi\/en\/wp-json\/wp\/v2\/media?parent=1065"}],"curies":[{"name":"wp","href":"https:\/\/api.w.org\/{rel}","templated":true}]}}